{"id":9877,"date":"2023-07-05T05:03:11","date_gmt":"2023-07-04T23:33:11","guid":{"rendered":"https:\/\/conexmetals.com\/profil\/"},"modified":"2024-09-27T12:21:45","modified_gmt":"2024-09-27T06:51:45","slug":"profil","status":"publish","type":"page","link":"https:\/\/conexmetals.com\/de\/profil\/","title":{"rendered":"Profil"},"content":{"rendered":"\t\t<div data-elementor-type=\"wp-page\" data-elementor-id=\"9877\" class=\"elementor elementor-9877 elementor-116\" data-elementor-post-type=\"page\">\n\t\t\t\t\t\t<section class=\"elementor-section elementor-top-section elementor-element elementor-element-c6e2df4 elementor-section-full_width elementor-section-height-default elementor-section-height-default\" data-id=\"c6e2df4\" data-element_type=\"section\" data-e-type=\"section\" data-settings=\"{&quot;background_background&quot;:&quot;classic&quot;}\">\n\t\t\t\t\t\t<div class=\"elementor-container elementor-column-gap-no\">\n\t\t\t\t\t<div class=\"elementor-column elementor-col-100 elementor-top-column elementor-element elementor-element-71b558d\" data-id=\"71b558d\" data-element_type=\"column\" data-e-type=\"column\">\n\t\t\t<div class=\"elementor-widget-wrap elementor-element-populated\">\n\t\t\t\t\t\t<div class=\"elementor-element elementor-element-079b978 elementor-widget-divider--view-line elementor-widget elementor-widget-divider\" data-id=\"079b978\" data-element_type=\"widget\" data-e-type=\"widget\" data-widget_type=\"divider.default\">\n\t\t\t\t<div class=\"elementor-widget-container\">\n\t\t\t\t\t\t\t<div class=\"elementor-divider\">\n\t\t\t<span class=\"elementor-divider-separator\">\n\t\t\t\t\t\t<\/span>\n\t\t<\/div>\n\t\t\t\t\t\t<\/div>\n\t\t\t\t<\/div>\n\t\t\t\t\t<\/div>\n\t\t<\/div>\n\t\t\t\t\t<\/div>\n\t\t<\/section>\n\t\t\t\t<section class=\"elementor-section elementor-top-section elementor-element elementor-element-8c04d12 elementor-section-content-middle elementor-section-boxed elementor-section-height-default elementor-section-height-default\" data-id=\"8c04d12\" data-element_type=\"section\" data-e-type=\"section\">\n\t\t\t\t\t\t<div class=\"elementor-container elementor-column-gap-default\">\n\t\t\t\t\t<div class=\"elementor-column elementor-col-100 elementor-top-column elementor-element elementor-element-0807cf0\" data-id=\"0807cf0\" data-element_type=\"column\" data-e-type=\"column\">\n\t\t\t<div class=\"elementor-widget-wrap elementor-element-populated\">\n\t\t\t\t\t\t<div class=\"elementor-element elementor-element-8c811eb elementor-widget elementor-widget-woocommerce-breadcrumb\" data-id=\"8c811eb\" data-element_type=\"widget\" data-e-type=\"widget\" data-widget_type=\"woocommerce-breadcrumb.default\">\n\t\t\t\t<div class=\"elementor-widget-container\">\n\t\t\t\t\t<nav class=\"woocommerce-breadcrumb\" aria-label=\"Breadcrumb\">Start<\/nav>\t\t\t\t<\/div>\n\t\t\t\t<\/div>\n\t\t\t\t\t<\/div>\n\t\t<\/div>\n\t\t\t\t\t<\/div>\n\t\t<\/section>\n\t\t\t\t<section class=\"elementor-section elementor-top-section elementor-element elementor-element-2f1fba3 elementor-section-content-middle elementor-section-boxed elementor-section-height-default elementor-section-height-default\" data-id=\"2f1fba3\" data-element_type=\"section\" data-e-type=\"section\" data-settings=\"{&quot;background_background&quot;:&quot;classic&quot;}\">\n\t\t\t\t\t\t<div class=\"elementor-container elementor-column-gap-default\">\n\t\t\t\t\t<div class=\"elementor-column elementor-col-50 elementor-top-column elementor-element elementor-element-170392a\" data-id=\"170392a\" data-element_type=\"column\" data-e-type=\"column\">\n\t\t\t<div class=\"elementor-widget-wrap elementor-element-populated\">\n\t\t\t\t\t\t<div class=\"elementor-element elementor-element-15f0dc5 elementor-widget elementor-widget-heading\" data-id=\"15f0dc5\" data-element_type=\"widget\" data-e-type=\"widget\" data-widget_type=\"heading.default\">\n\t\t\t\t<div class=\"elementor-widget-container\">\n\t\t\t\t\t<h1 class=\"elementor-heading-title elementor-size-default\">Conex Metals: ein \u00dcberblick<\/h1>\t\t\t\t<\/div>\n\t\t\t\t<\/div>\n\t\t\t\t<div class=\"elementor-element elementor-element-e043a3c elementor-widget-divider--view-line elementor-widget elementor-widget-divider\" data-id=\"e043a3c\" data-element_type=\"widget\" data-e-type=\"widget\" data-widget_type=\"divider.default\">\n\t\t\t\t<div class=\"elementor-widget-container\">\n\t\t\t\t\t\t\t<div class=\"elementor-divider\">\n\t\t\t<span class=\"elementor-divider-separator\">\n\t\t\t\t\t\t<\/span>\n\t\t<\/div>\n\t\t\t\t\t\t<\/div>\n\t\t\t\t<\/div>\n\t\t\t\t<div class=\"elementor-element elementor-element-d3176a4 elementor-widget elementor-widget-text-editor\" data-id=\"d3176a4\" data-element_type=\"widget\" data-e-type=\"widget\" data-widget_type=\"text-editor.default\">\n\t\t\t\t<div class=\"elementor-widget-container\">\n\t\t\t\t\t\t\t\t\t<p>Conex Metals ist das Flaggschiff der CMI-Gruppe und besch\u00e4ftigt sich mit der Herstellung und dem Export hochwertiger Nichteisenmetallkomponenten und Verdrahtungszubeh\u00f6r. Die Herstellung kosteng\u00fcnstiger, aber pr\u00e4ziser Metallkomponenten an den drei Produktionsstandorten des Unternehmens ist seit Jahrzehnten eine Kunst. <\/p>\n\t\t\t\t\t\t\t\t<\/div>\n\t\t\t\t<\/div>\n\t\t\t\t<div class=\"elementor-element elementor-element-f7a3fb8 elementor-widget elementor-widget-text-editor\" data-id=\"f7a3fb8\" data-element_type=\"widget\" data-e-type=\"widget\" data-widget_type=\"text-editor.default\">\n\t\t\t\t<div class=\"elementor-widget-container\">\n\t\t\t\t\t\t\t\t\t<p>Der Wunsch nach Spezialisierung und das absolute Bekenntnis zur Qualit\u00e4t haben der Gruppe auf den ausl\u00e4ndischen M\u00e4rkten zum Erfolg verholfen. Professionelles Ingenieurswissen in Kombination mit wettbewerbsf\u00e4higen, aber qualifizierten indischen Arbeitskr\u00e4ften hat ihr geholfen, die qualit\u00e4tsbewussten M\u00e4rkte Westeuropas und der USA zu erobern. Wir sind stolz darauf, kosteng\u00fcnstige L\u00f6sungen f\u00fcr die anspruchsvollen Bed\u00fcrfnisse unserer Kunden anzubieten. Die hauseigene Gie\u00dferei und das innovative Konzept des einteiligen Druckgusses\/der maschinellen Bearbeitung verschaffen dem Unternehmen einen deutlichen Wettbewerbsvorteil gegen\u00fcber unseren Mitbewerbern. In den verschiedenen Phasen der Herstellung werden strenge Qualit\u00e4tskontrollen durchgef\u00fchrt, und nur das Material, das strenge Normen erf\u00fcllt, findet seinen Weg auf den Markt.    <\/p>\n\t\t\t\t\t\t\t\t<\/div>\n\t\t\t\t<\/div>\n\t\t\t\t<div class=\"elementor-element elementor-element-7add50b elementor-widget elementor-widget-text-editor\" data-id=\"7add50b\" data-element_type=\"widget\" data-e-type=\"widget\" data-widget_type=\"text-editor.default\">\n\t\t\t\t<div class=\"elementor-widget-container\">\n\t\t\t\t\t\t\t\t\t<p><b>Die Produktliste<\/b> ist keineswegs vollst\u00e4ndig und da wir eine dynamische Gruppe sind, sind wir immer daran interessiert, unser Sortiment um neue Produkte zu erweitern.<\/p>\n\t\t\t\t\t\t\t\t<\/div>\n\t\t\t\t<\/div>\n\t\t\t\t\t<\/div>\n\t\t<\/div>\n\t\t\t\t<div class=\"elementor-column elementor-col-50 elementor-top-column elementor-element elementor-element-c7a4873\" data-id=\"c7a4873\" data-element_type=\"column\" data-e-type=\"column\" data-settings=\"{&quot;background_background&quot;:&quot;classic&quot;}\">\n\t\t\t<div class=\"elementor-widget-wrap elementor-element-populated\">\n\t\t\t\t\t\t<div class=\"elementor-element elementor-element-e316ddd elementor-widget elementor-widget-image\" data-id=\"e316ddd\" data-element_type=\"widget\" data-e-type=\"widget\" data-widget_type=\"image.default\">\n\t\t\t\t<div class=\"elementor-widget-container\">\n\t\t\t\t\t\t\t\t\t\t\t\t\t\t\t<img fetchpriority=\"high\" decoding=\"async\" width=\"499\" height=\"459\" src=\"https:\/\/conexmetals.com\/wp-content\/uploads\/2024\/03\/aboutImg.webp\" class=\"attachment-large size-large wp-image-4584\" alt=\"about image\" srcset=\"https:\/\/conexmetals.com\/wp-content\/uploads\/2024\/03\/aboutImg.webp 499w, https:\/\/conexmetals.com\/wp-content\/uploads\/2024\/03\/aboutImg-300x276.webp 300w\" sizes=\"(max-width: 499px) 100vw, 499px\" \/>\t\t\t\t\t\t\t\t\t\t\t\t\t\t\t<\/div>\n\t\t\t\t<\/div>\n\t\t\t\t\t<\/div>\n\t\t<\/div>\n\t\t\t\t\t<\/div>\n\t\t<\/section>\n\t\t\t\t<\/div>\n\t\t","protected":false},"excerpt":{"rendered":"<p>Conex Metals: ein \u00dcberblick Conex Metals ist das Flaggschiff der CMI-Gruppe und besch\u00e4ftigt sich mit der Herstellung und dem Export hochwertiger Nichteisenmetallkomponenten und Verdrahtungszubeh\u00f6r. Die Herstellung kosteng\u00fcnstiger, aber pr\u00e4ziser Metallkomponenten an den drei Produktionsstandorten des Unternehmens ist seit Jahrzehnten eine Kunst. Der Wunsch nach Spezialisierung und das absolute Bekenntnis zur Qualit\u00e4t haben der Gruppe auf [&hellip;]<\/p>\n","protected":false},"author":1,"featured_media":0,"parent":0,"menu_order":0,"comment_status":"closed","ping_status":"closed","template":"elementor_header_footer","meta":{"footnotes":""},"class_list":["post-9877","page","type-page","status-publish","hentry"],"yoast_head":"<!-- This site is optimized with the Yoast SEO plugin v27.3 - https:\/\/yoast.com\/product\/yoast-seo-wordpress\/ -->\n<title>Profil<\/title>\n<meta name=\"description\" content=\"Conex Metals ist seit 34 Jahren ein weltweit f\u00fchrendes Unternehmen in der Metallherstellung und im Metallexport und liefert weltweit Spitzenleistungen. Spezialisiert auf hochwertige Nichteisenmetallkomponenten wie Messingbeschl\u00e4ge, Messingteile, Kupferteile und Messing-Sanit\u00e4rarmaturen. Erleben Sie Pr\u00e4zision und Innovation mit Conex Metals.\" \/>\n<meta name=\"robots\" content=\"index, follow, max-snippet:-1, max-image-preview:large, max-video-preview:-1\" \/>\n<link rel=\"canonical\" href=\"https:\/\/conexmetals.com\/de\/profil\/\" \/>\n<script type=\"application\/ld+json\" class=\"yoast-schema-graph\">{\"@context\":\"https:\\\/\\\/schema.org\",\"@graph\":[{\"@type\":\"WebPage\",\"@id\":\"https:\\\/\\\/conexmetals.com\\\/de\\\/profil\\\/\",\"url\":\"https:\\\/\\\/conexmetals.com\\\/de\\\/profil\\\/\",\"name\":\"Profil\",\"isPartOf\":{\"@id\":\"https:\\\/\\\/conexmetals.com\\\/de\\\/#website\"},\"primaryImageOfPage\":{\"@id\":\"https:\\\/\\\/conexmetals.com\\\/de\\\/profil\\\/#primaryimage\"},\"image\":{\"@id\":\"https:\\\/\\\/conexmetals.com\\\/de\\\/profil\\\/#primaryimage\"},\"thumbnailUrl\":\"https:\\\/\\\/conexmetals.com\\\/wp-content\\\/uploads\\\/2024\\\/03\\\/aboutImg.webp\",\"datePublished\":\"2023-07-04T23:33:11+00:00\",\"dateModified\":\"2024-09-27T06:51:45+00:00\",\"description\":\"Conex Metals ist seit 34 Jahren ein weltweit f\u00fchrendes Unternehmen in der Metallherstellung und im Metallexport und liefert weltweit Spitzenleistungen. Spezialisiert auf hochwertige Nichteisenmetallkomponenten wie Messingbeschl\u00e4ge, Messingteile, Kupferteile und Messing-Sanit\u00e4rarmaturen. Erleben Sie Pr\u00e4zision und Innovation mit Conex Metals.\",\"breadcrumb\":{\"@id\":\"https:\\\/\\\/conexmetals.com\\\/de\\\/profil\\\/#breadcrumb\"},\"inLanguage\":\"de\",\"potentialAction\":[{\"@type\":\"ReadAction\",\"target\":[\"https:\\\/\\\/conexmetals.com\\\/de\\\/profil\\\/\"]}]},{\"@type\":\"ImageObject\",\"inLanguage\":\"de\",\"@id\":\"https:\\\/\\\/conexmetals.com\\\/de\\\/profil\\\/#primaryimage\",\"url\":\"https:\\\/\\\/conexmetals.com\\\/wp-content\\\/uploads\\\/2024\\\/03\\\/aboutImg.webp\",\"contentUrl\":\"https:\\\/\\\/conexmetals.com\\\/wp-content\\\/uploads\\\/2024\\\/03\\\/aboutImg.webp\"},{\"@type\":\"BreadcrumbList\",\"@id\":\"https:\\\/\\\/conexmetals.com\\\/de\\\/profil\\\/#breadcrumb\",\"itemListElement\":[{\"@type\":\"ListItem\",\"position\":1,\"name\":\"Home\",\"item\":\"https:\\\/\\\/conexmetals.com\\\/de\\\/heim\\\/\"},{\"@type\":\"ListItem\",\"position\":2,\"name\":\"Profil\"}]},{\"@type\":\"WebSite\",\"@id\":\"https:\\\/\\\/conexmetals.com\\\/de\\\/#website\",\"url\":\"https:\\\/\\\/conexmetals.com\\\/de\\\/\",\"name\":\"Conex Metals Brass Fittings Brass Parts Copper Parts Brass Components Brass Plumbing Fittings India\",\"description\":\"Manufacturer of Bronze Fittings casting Copper Brass parts components\",\"publisher\":{\"@id\":\"https:\\\/\\\/conexmetals.com\\\/de\\\/#organization\"},\"potentialAction\":[{\"@type\":\"SearchAction\",\"target\":{\"@type\":\"EntryPoint\",\"urlTemplate\":\"https:\\\/\\\/conexmetals.com\\\/de\\\/?s={search_term_string}\"},\"query-input\":{\"@type\":\"PropertyValueSpecification\",\"valueRequired\":true,\"valueName\":\"search_term_string\"}}],\"inLanguage\":\"de\"},{\"@type\":\"Organization\",\"@id\":\"https:\\\/\\\/conexmetals.com\\\/de\\\/#organization\",\"name\":\"Conex Metals Brass Fittings Brass Parts Copper Parts Brass Components Brass Plumbing Fittings India\",\"url\":\"https:\\\/\\\/conexmetals.com\\\/de\\\/\",\"logo\":{\"@type\":\"ImageObject\",\"inLanguage\":\"de\",\"@id\":\"https:\\\/\\\/conexmetals.com\\\/de\\\/#\\\/schema\\\/logo\\\/image\\\/\",\"url\":\"https:\\\/\\\/conexmetals.com\\\/wp-content\\\/uploads\\\/2024\\\/03\\\/conex-metals-logo.webp\",\"contentUrl\":\"https:\\\/\\\/conexmetals.com\\\/wp-content\\\/uploads\\\/2024\\\/03\\\/conex-metals-logo.webp\",\"width\":300,\"height\":121,\"caption\":\"Conex Metals Brass Fittings Brass Parts Copper Parts Brass Components Brass Plumbing Fittings India\"},\"image\":{\"@id\":\"https:\\\/\\\/conexmetals.com\\\/de\\\/#\\\/schema\\\/logo\\\/image\\\/\"},\"sameAs\":[\"https:\\\/\\\/www.facebook.com\\\/conexbrass\",\"https:\\\/\\\/x.com\\\/conexindia\",\"https:\\\/\\\/www.linkedin.com\\\/company\\\/conex-metals-india\\\/\",\"https:\\\/\\\/www.instagram.com\\\/conexindia\\\/\"]}]}<\/script>\n<!-- \/ Yoast SEO plugin. -->","yoast_head_json":{"title":"Profil","description":"Conex Metals ist seit 34 Jahren ein weltweit f\u00fchrendes Unternehmen in der Metallherstellung und im Metallexport und liefert weltweit Spitzenleistungen. Spezialisiert auf hochwertige Nichteisenmetallkomponenten wie Messingbeschl\u00e4ge, Messingteile, Kupferteile und Messing-Sanit\u00e4rarmaturen. Erleben Sie Pr\u00e4zision und Innovation mit Conex Metals.","robots":{"index":"index","follow":"follow","max-snippet":"max-snippet:-1","max-image-preview":"max-image-preview:large","max-video-preview":"max-video-preview:-1"},"canonical":"https:\/\/conexmetals.com\/de\/profil\/","schema":{"@context":"https:\/\/schema.org","@graph":[{"@type":"WebPage","@id":"https:\/\/conexmetals.com\/de\/profil\/","url":"https:\/\/conexmetals.com\/de\/profil\/","name":"Profil","isPartOf":{"@id":"https:\/\/conexmetals.com\/de\/#website"},"primaryImageOfPage":{"@id":"https:\/\/conexmetals.com\/de\/profil\/#primaryimage"},"image":{"@id":"https:\/\/conexmetals.com\/de\/profil\/#primaryimage"},"thumbnailUrl":"https:\/\/conexmetals.com\/wp-content\/uploads\/2024\/03\/aboutImg.webp","datePublished":"2023-07-04T23:33:11+00:00","dateModified":"2024-09-27T06:51:45+00:00","description":"Conex Metals ist seit 34 Jahren ein weltweit f\u00fchrendes Unternehmen in der Metallherstellung und im Metallexport und liefert weltweit Spitzenleistungen. Spezialisiert auf hochwertige Nichteisenmetallkomponenten wie Messingbeschl\u00e4ge, Messingteile, Kupferteile und Messing-Sanit\u00e4rarmaturen. Erleben Sie Pr\u00e4zision und Innovation mit Conex Metals.","breadcrumb":{"@id":"https:\/\/conexmetals.com\/de\/profil\/#breadcrumb"},"inLanguage":"de","potentialAction":[{"@type":"ReadAction","target":["https:\/\/conexmetals.com\/de\/profil\/"]}]},{"@type":"ImageObject","inLanguage":"de","@id":"https:\/\/conexmetals.com\/de\/profil\/#primaryimage","url":"https:\/\/conexmetals.com\/wp-content\/uploads\/2024\/03\/aboutImg.webp","contentUrl":"https:\/\/conexmetals.com\/wp-content\/uploads\/2024\/03\/aboutImg.webp"},{"@type":"BreadcrumbList","@id":"https:\/\/conexmetals.com\/de\/profil\/#breadcrumb","itemListElement":[{"@type":"ListItem","position":1,"name":"Home","item":"https:\/\/conexmetals.com\/de\/heim\/"},{"@type":"ListItem","position":2,"name":"Profil"}]},{"@type":"WebSite","@id":"https:\/\/conexmetals.com\/de\/#website","url":"https:\/\/conexmetals.com\/de\/","name":"Conex Metals Brass Fittings Brass Parts Copper Parts Brass Components Brass Plumbing Fittings India","description":"Manufacturer of Bronze Fittings casting Copper Brass parts components","publisher":{"@id":"https:\/\/conexmetals.com\/de\/#organization"},"potentialAction":[{"@type":"SearchAction","target":{"@type":"EntryPoint","urlTemplate":"https:\/\/conexmetals.com\/de\/?s={search_term_string}"},"query-input":{"@type":"PropertyValueSpecification","valueRequired":true,"valueName":"search_term_string"}}],"inLanguage":"de"},{"@type":"Organization","@id":"https:\/\/conexmetals.com\/de\/#organization","name":"Conex Metals Brass Fittings Brass Parts Copper Parts Brass Components Brass Plumbing Fittings India","url":"https:\/\/conexmetals.com\/de\/","logo":{"@type":"ImageObject","inLanguage":"de","@id":"https:\/\/conexmetals.com\/de\/#\/schema\/logo\/image\/","url":"https:\/\/conexmetals.com\/wp-content\/uploads\/2024\/03\/conex-metals-logo.webp","contentUrl":"https:\/\/conexmetals.com\/wp-content\/uploads\/2024\/03\/conex-metals-logo.webp","width":300,"height":121,"caption":"Conex Metals Brass Fittings Brass Parts Copper Parts Brass Components Brass Plumbing Fittings India"},"image":{"@id":"https:\/\/conexmetals.com\/de\/#\/schema\/logo\/image\/"},"sameAs":["https:\/\/www.facebook.com\/conexbrass","https:\/\/x.com\/conexindia","https:\/\/www.linkedin.com\/company\/conex-metals-india\/","https:\/\/www.instagram.com\/conexindia\/"]}]}},"_links":{"self":[{"href":"https:\/\/conexmetals.com\/de\/wp-json\/wp\/v2\/pages\/9877","targetHints":{"allow":["GET"]}}],"collection":[{"href":"https:\/\/conexmetals.com\/de\/wp-json\/wp\/v2\/pages"}],"about":[{"href":"https:\/\/conexmetals.com\/de\/wp-json\/wp\/v2\/types\/page"}],"author":[{"embeddable":true,"href":"https:\/\/conexmetals.com\/de\/wp-json\/wp\/v2\/users\/1"}],"replies":[{"embeddable":true,"href":"https:\/\/conexmetals.com\/de\/wp-json\/wp\/v2\/comments?post=9877"}],"version-history":[{"count":0,"href":"https:\/\/conexmetals.com\/de\/wp-json\/wp\/v2\/pages\/9877\/revisions"}],"wp:attachment":[{"href":"https:\/\/conexmetals.com\/de\/wp-json\/wp\/v2\/media?parent=9877"}],"curies":[{"name":"wp","href":"https:\/\/api.w.org\/{rel}","templated":true}]}}