{"id":10044,"date":"2024-07-11T18:58:07","date_gmt":"2024-07-11T13:28:07","guid":{"rendered":"https:\/\/conexmetals.com\/product\/c93500-zinnbronze-mit-hohem-bleigehalt-sae-66-cda-935\/"},"modified":"2024-09-16T12:39:19","modified_gmt":"2024-09-16T07:09:19","slug":"c93500-zinnbronze-mit-hohem-bleigehalt-sae-66-cda-935","status":"publish","type":"product","link":"https:\/\/conexmetals.com\/de\/produkt\/c93500-zinnbronze-mit-hohem-bleigehalt-sae-66-cda-935\/","title":{"rendered":"C93500 Zinnbronze mit hohem Bleigehalt, SAE 66 (CDA 935)"},"content":{"rendered":"","protected":false},"excerpt":{"rendered":"<p>C93500 (CDA 935) ist eine spezielle Bronzegusslegierung aus Indien, die f\u00fcr Anwendungen entwickelt wurde, die eine \u00fcberragende Verschlei\u00dffestigkeit und mechanische Festigkeit erfordern. Conex Metals ist Ihre zuverl\u00e4ssige Quelle f\u00fcr C93500 hochbleihaltige Zinnbronze, SAE 66, und bietet Schleuderguss und Sandguss, die auf Ihre spezifischen Anforderungen zugeschnitten sind. Obwohl diese Legierung nicht als Standardprodukt erh\u00e4ltlich ist, arbeitet unser Expertenteam eng mit Ihnen zusammen, um spezielle Gussteile zu liefern, die genau Ihren Spezifikationen entsprechen. Das Gussverfahren h\u00e4ngt von Ihrer Gr\u00f6\u00dfe, Spezifikation und gew\u00fcnschten Menge ab, um sicherzustellen, dass Ihr Endprodukt den h\u00f6chsten Qualit\u00e4ts- und Leistungsstandards entspricht. C93500 hochbleihaltige Zinnbronze, SAE 66 ist eine vielseitige Legierung, die in verschiedenen anspruchsvollen Anwendungen verwendet wird, darunter: &#8211; Kleine Lager und Buchsen &#8211; Bronzetr\u00e4ger f\u00fcr mit Wei\u00dfmetall ausgekleidete Automobillager Vertrauen Sie darauf, dass Conex Metals hochwertige C93500 hochbleihaltige Zinnbronzeprodukte liefert, die genau Ihren Spezifikationen entsprechen, unterst\u00fctzt durch unsere Expertise und unser Engagement f\u00fcr Ihren Erfolg. Kontaktieren Sie uns noch heute, um Ihre spezifischen Anforderungen zu besprechen und sich von uns bei der Suche nach der perfekten L\u00f6sung unterst\u00fctzen zu lassen.       [table id=\"281\" \/]  (1) Bei der Bestimmung von Cu min. kann Cu als Cu + Ni berechnet werden. (2) Der Ni-Wert beinhaltet Co. (3) Bei Stranggussteilen betr\u00e4gt P max. 1,5 %. Hinweis: Cu + Summe der benannten Elemente, 99,0 % min. C93500 Mechanische Eigenschaften: (gemessen bei Raumtemperatur, 68 F (20 C))[table id=\"282\" \/]&nbsp; C93500 Geltende Spezifikationen:     [table id=\"283\" \/]<\/p>\n","protected":false},"featured_media":0,"template":"","meta":[],"product_brand":[],"product_cat":[304],"product_tag":[],"class_list":{"0":"post-10044","1":"product","2":"type-product","3":"status-publish","5":"product_cat-unkategorisiert","7":"first","8":"instock","9":"shipping-taxable","10":"product-type-simple"},"yoast_head":"<!-- This site is optimized with the Yoast SEO plugin v27.3 - https:\/\/yoast.com\/product\/yoast-seo-wordpress\/ -->\n<title>C93500 Zinnbronze mit hohem Bleigehalt, SAE 66 (CDA 935)<\/title>\n<meta name=\"description\" content=\"Conex Metals ist ein vertrauensw\u00fcrdiger indischer Hersteller und Lieferant von Gussteilen aus C93500-Legierung und C93500-Bronze. Mit unserer Expertise in CDA 935-Bronzelegierung und Manganbronze bietet unsere indische Gie\u00dferei erstklassige CNC-gefr\u00e4ste Gussteile, die Haltbarkeit und Pr\u00e4zision in jedem Gussteil aus C93500-Bronzelegierung gew\u00e4hrleisten.\" \/>\n<meta name=\"robots\" content=\"index, follow, max-snippet:-1, max-image-preview:large, max-video-preview:-1\" \/>\n<link rel=\"canonical\" href=\"https:\/\/conexmetals.com\/de\/produkt\/c93500-zinnbronze-mit-hohem-bleigehalt-sae-66-cda-935\/\" \/>\n<script type=\"application\/ld+json\" class=\"yoast-schema-graph\">{\"@context\":\"https:\\\/\\\/schema.org\",\"@graph\":[{\"@type\":\"WebPage\",\"@id\":\"https:\\\/\\\/conexmetals.com\\\/de\\\/produkt\\\/c93500-zinnbronze-mit-hohem-bleigehalt-sae-66-cda-935\\\/\",\"url\":\"https:\\\/\\\/conexmetals.com\\\/de\\\/produkt\\\/c93500-zinnbronze-mit-hohem-bleigehalt-sae-66-cda-935\\\/\",\"name\":\"C93500 Zinnbronze mit hohem Bleigehalt, SAE 66 (CDA 935)\",\"isPartOf\":{\"@id\":\"https:\\\/\\\/conexmetals.com\\\/de\\\/#website\"},\"datePublished\":\"2024-07-11T13:28:07+00:00\",\"dateModified\":\"2024-09-16T07:09:19+00:00\",\"description\":\"Conex Metals ist ein vertrauensw\u00fcrdiger indischer Hersteller und Lieferant von Gussteilen aus C93500-Legierung und C93500-Bronze. Mit unserer Expertise in CDA 935-Bronzelegierung und Manganbronze bietet unsere indische Gie\u00dferei erstklassige CNC-gefr\u00e4ste Gussteile, die Haltbarkeit und Pr\u00e4zision in jedem Gussteil aus C93500-Bronzelegierung gew\u00e4hrleisten.\",\"breadcrumb\":{\"@id\":\"https:\\\/\\\/conexmetals.com\\\/de\\\/produkt\\\/c93500-zinnbronze-mit-hohem-bleigehalt-sae-66-cda-935\\\/#breadcrumb\"},\"inLanguage\":\"de\",\"potentialAction\":[{\"@type\":\"ReadAction\",\"target\":[\"https:\\\/\\\/conexmetals.com\\\/de\\\/produkt\\\/c93500-zinnbronze-mit-hohem-bleigehalt-sae-66-cda-935\\\/\"]}]},{\"@type\":\"BreadcrumbList\",\"@id\":\"https:\\\/\\\/conexmetals.com\\\/de\\\/produkt\\\/c93500-zinnbronze-mit-hohem-bleigehalt-sae-66-cda-935\\\/#breadcrumb\",\"itemListElement\":[{\"@type\":\"ListItem\",\"position\":1,\"name\":\"Home\",\"item\":\"https:\\\/\\\/conexmetals.com\\\/de\\\/heim\\\/\"},{\"@type\":\"ListItem\",\"position\":2,\"name\":\"Products\",\"item\":\"https:\\\/\\\/conexmetals.com\\\/products\\\/\"},{\"@type\":\"ListItem\",\"position\":3,\"name\":\"C93500 Zinnbronze mit hohem Bleigehalt, SAE 66 (CDA 935)\"}]},{\"@type\":\"WebSite\",\"@id\":\"https:\\\/\\\/conexmetals.com\\\/de\\\/#website\",\"url\":\"https:\\\/\\\/conexmetals.com\\\/de\\\/\",\"name\":\"Conex Metals Brass Fittings Brass Parts Copper Parts Brass Components Brass Plumbing Fittings India\",\"description\":\"Manufacturer of Bronze Fittings casting Copper Brass parts components\",\"publisher\":{\"@id\":\"https:\\\/\\\/conexmetals.com\\\/de\\\/#organization\"},\"potentialAction\":[{\"@type\":\"SearchAction\",\"target\":{\"@type\":\"EntryPoint\",\"urlTemplate\":\"https:\\\/\\\/conexmetals.com\\\/de\\\/?s={search_term_string}\"},\"query-input\":{\"@type\":\"PropertyValueSpecification\",\"valueRequired\":true,\"valueName\":\"search_term_string\"}}],\"inLanguage\":\"de\"},{\"@type\":\"Organization\",\"@id\":\"https:\\\/\\\/conexmetals.com\\\/de\\\/#organization\",\"name\":\"Conex Metals Brass Fittings Brass Parts Copper Parts Brass Components Brass Plumbing Fittings India\",\"url\":\"https:\\\/\\\/conexmetals.com\\\/de\\\/\",\"logo\":{\"@type\":\"ImageObject\",\"inLanguage\":\"de\",\"@id\":\"https:\\\/\\\/conexmetals.com\\\/de\\\/#\\\/schema\\\/logo\\\/image\\\/\",\"url\":\"https:\\\/\\\/conexmetals.com\\\/wp-content\\\/uploads\\\/2024\\\/03\\\/conex-metals-logo.webp\",\"contentUrl\":\"https:\\\/\\\/conexmetals.com\\\/wp-content\\\/uploads\\\/2024\\\/03\\\/conex-metals-logo.webp\",\"width\":300,\"height\":121,\"caption\":\"Conex Metals Brass Fittings Brass Parts Copper Parts Brass Components Brass Plumbing Fittings India\"},\"image\":{\"@id\":\"https:\\\/\\\/conexmetals.com\\\/de\\\/#\\\/schema\\\/logo\\\/image\\\/\"},\"sameAs\":[\"https:\\\/\\\/www.facebook.com\\\/conexbrass\",\"https:\\\/\\\/x.com\\\/conexindia\",\"https:\\\/\\\/www.linkedin.com\\\/company\\\/conex-metals-india\\\/\",\"https:\\\/\\\/www.instagram.com\\\/conexindia\\\/\"]}]}<\/script>\n<!-- \/ Yoast SEO plugin. -->","yoast_head_json":{"title":"C93500 Zinnbronze mit hohem Bleigehalt, SAE 66 (CDA 935)","description":"Conex Metals ist ein vertrauensw\u00fcrdiger indischer Hersteller und Lieferant von Gussteilen aus C93500-Legierung und C93500-Bronze. Mit unserer Expertise in CDA 935-Bronzelegierung und Manganbronze bietet unsere indische Gie\u00dferei erstklassige CNC-gefr\u00e4ste Gussteile, die Haltbarkeit und Pr\u00e4zision in jedem Gussteil aus C93500-Bronzelegierung gew\u00e4hrleisten.","robots":{"index":"index","follow":"follow","max-snippet":"max-snippet:-1","max-image-preview":"max-image-preview:large","max-video-preview":"max-video-preview:-1"},"canonical":"https:\/\/conexmetals.com\/de\/produkt\/c93500-zinnbronze-mit-hohem-bleigehalt-sae-66-cda-935\/","schema":{"@context":"https:\/\/schema.org","@graph":[{"@type":"WebPage","@id":"https:\/\/conexmetals.com\/de\/produkt\/c93500-zinnbronze-mit-hohem-bleigehalt-sae-66-cda-935\/","url":"https:\/\/conexmetals.com\/de\/produkt\/c93500-zinnbronze-mit-hohem-bleigehalt-sae-66-cda-935\/","name":"C93500 Zinnbronze mit hohem Bleigehalt, SAE 66 (CDA 935)","isPartOf":{"@id":"https:\/\/conexmetals.com\/de\/#website"},"datePublished":"2024-07-11T13:28:07+00:00","dateModified":"2024-09-16T07:09:19+00:00","description":"Conex Metals ist ein vertrauensw\u00fcrdiger indischer Hersteller und Lieferant von Gussteilen aus C93500-Legierung und C93500-Bronze. Mit unserer Expertise in CDA 935-Bronzelegierung und Manganbronze bietet unsere indische Gie\u00dferei erstklassige CNC-gefr\u00e4ste Gussteile, die Haltbarkeit und Pr\u00e4zision in jedem Gussteil aus C93500-Bronzelegierung gew\u00e4hrleisten.","breadcrumb":{"@id":"https:\/\/conexmetals.com\/de\/produkt\/c93500-zinnbronze-mit-hohem-bleigehalt-sae-66-cda-935\/#breadcrumb"},"inLanguage":"de","potentialAction":[{"@type":"ReadAction","target":["https:\/\/conexmetals.com\/de\/produkt\/c93500-zinnbronze-mit-hohem-bleigehalt-sae-66-cda-935\/"]}]},{"@type":"BreadcrumbList","@id":"https:\/\/conexmetals.com\/de\/produkt\/c93500-zinnbronze-mit-hohem-bleigehalt-sae-66-cda-935\/#breadcrumb","itemListElement":[{"@type":"ListItem","position":1,"name":"Home","item":"https:\/\/conexmetals.com\/de\/heim\/"},{"@type":"ListItem","position":2,"name":"Products","item":"https:\/\/conexmetals.com\/products\/"},{"@type":"ListItem","position":3,"name":"C93500 Zinnbronze mit hohem Bleigehalt, SAE 66 (CDA 935)"}]},{"@type":"WebSite","@id":"https:\/\/conexmetals.com\/de\/#website","url":"https:\/\/conexmetals.com\/de\/","name":"Conex Metals Brass Fittings Brass Parts Copper Parts Brass Components Brass Plumbing Fittings India","description":"Manufacturer of Bronze Fittings casting Copper Brass parts components","publisher":{"@id":"https:\/\/conexmetals.com\/de\/#organization"},"potentialAction":[{"@type":"SearchAction","target":{"@type":"EntryPoint","urlTemplate":"https:\/\/conexmetals.com\/de\/?s={search_term_string}"},"query-input":{"@type":"PropertyValueSpecification","valueRequired":true,"valueName":"search_term_string"}}],"inLanguage":"de"},{"@type":"Organization","@id":"https:\/\/conexmetals.com\/de\/#organization","name":"Conex Metals Brass Fittings Brass Parts Copper Parts Brass Components Brass Plumbing Fittings India","url":"https:\/\/conexmetals.com\/de\/","logo":{"@type":"ImageObject","inLanguage":"de","@id":"https:\/\/conexmetals.com\/de\/#\/schema\/logo\/image\/","url":"https:\/\/conexmetals.com\/wp-content\/uploads\/2024\/03\/conex-metals-logo.webp","contentUrl":"https:\/\/conexmetals.com\/wp-content\/uploads\/2024\/03\/conex-metals-logo.webp","width":300,"height":121,"caption":"Conex Metals Brass Fittings Brass Parts Copper Parts Brass Components Brass Plumbing Fittings India"},"image":{"@id":"https:\/\/conexmetals.com\/de\/#\/schema\/logo\/image\/"},"sameAs":["https:\/\/www.facebook.com\/conexbrass","https:\/\/x.com\/conexindia","https:\/\/www.linkedin.com\/company\/conex-metals-india\/","https:\/\/www.instagram.com\/conexindia\/"]}]}},"_links":{"self":[{"href":"https:\/\/conexmetals.com\/de\/wp-json\/wp\/v2\/product\/10044","targetHints":{"allow":["GET"]}}],"collection":[{"href":"https:\/\/conexmetals.com\/de\/wp-json\/wp\/v2\/product"}],"about":[{"href":"https:\/\/conexmetals.com\/de\/wp-json\/wp\/v2\/types\/product"}],"wp:attachment":[{"href":"https:\/\/conexmetals.com\/de\/wp-json\/wp\/v2\/media?parent=10044"}],"wp:term":[{"taxonomy":"product_brand","embeddable":true,"href":"https:\/\/conexmetals.com\/de\/wp-json\/wp\/v2\/product_brand?post=10044"},{"taxonomy":"product_cat","embeddable":true,"href":"https:\/\/conexmetals.com\/de\/wp-json\/wp\/v2\/product_cat?post=10044"},{"taxonomy":"product_tag","embeddable":true,"href":"https:\/\/conexmetals.com\/de\/wp-json\/wp\/v2\/product_tag?post=10044"}],"curies":[{"name":"wp","href":"https:\/\/api.w.org\/{rel}","templated":true}]}}