{"id":10055,"date":"2024-07-12T14:34:18","date_gmt":"2024-07-12T09:04:18","guid":{"rendered":"https:\/\/conexmetals.com\/product\/c93200-lagerbronze-sae-660-cda-932\/"},"modified":"2024-09-16T12:39:18","modified_gmt":"2024-09-16T07:09:18","slug":"c93200-lagerbronze-sae-660-cda-932","status":"publish","type":"product","link":"https:\/\/conexmetals.com\/de\/produkt\/c93200-lagerbronze-sae-660-cda-932\/","title":{"rendered":"c93200 Lagerbronze \u2013 SAE 660 (CDA 932)"},"content":{"rendered":"","protected":false},"excerpt":{"rendered":"<p>C93200 (CDA 932) ist eine vielseitige Bronzegusslegierung aus Indien, die f\u00fcr ihre hervorragenden Lagereigenschaften und industrielle Haltbarkeit bekannt ist. Conex Metals bietet C93200 Lagerbronze, SAE 660 in verschiedenen Formen an, darunter Massivteile, Rohre, Kernstangen, Platten, Rechtecke und Gussteile. Wir bieten handels\u00fcbliche Stangen, Schleudergussteile (ASTM B271), Sandgussteile (ASTM B584) und ma\u00dfgeschneiderte Produkte nach Ihren Vorgaben. Unser Spezialprodukt, die GROSSE BLOCKPLATTE, ist bis zu einer Dicke von 10 Zoll und einer Breite von 18 Zoll erh\u00e4ltlich. Das Gussverfahren h\u00e4ngt von Ihren Vorgaben und Mengenanforderungen ab. <strong>C93200 Lagerbronze ist eine vielseitige Legierung, die in verschiedenen Anwendungen eingesetzt wird, darunter:<\/strong> \u2013 Lager \u2013 Buchsen \u2013 Pumpen \u2013 Maschinenteile \u2013 Armaturen \u2013 Lager f\u00fcr Werkzeugmaschinen \u2013 Pumpenvorrichtungen \u2013 Kraftstoffpumpenbuchsen \u2013 Wasserpumpenbuchsen \u2013 Allzweckbuchsen \u2013 Stopfbuchsen f\u00fcr Hydraulikpressen \u2013 Einsatzlager <strong>C93200 Chemische Zusammensetzung:<\/strong> (%Max., sofern nicht als Bereich oder Min. angegeben.)[table id=\"296\" \/] (1) Bei der Bestimmung von Cu min. kann Cu als Cu + Ni berechnet werden. (2) Der Ni-Wert beinhaltet Co. (3) Bei Stranggussteilen betr\u00e4gt P max. 1,5 %. Hinweis: Cu + Summe der benannten Elemente, 99,0 % min. <strong>C93200 Mechanische Eigenschaften:<\/strong> (Gemessen bei Raumtemperatur, 68 F (20 C)[table id=\"297\" \/] *Erm\u00fcdungsfestigkeit: 100 x 10 <sup>6<\/sup> Zyklen, sofern nicht als [N]X 10 <sup>6<\/sup> angegeben. <strong>C93200 Geltende Spezifikationen:<\/strong>       [table id=\"298\" \/]<strong><br \/>\n<\/strong><\/p>\n","protected":false},"featured_media":0,"template":"","meta":[],"product_brand":[],"product_cat":[304],"product_tag":[],"class_list":{"0":"post-10055","1":"product","2":"type-product","3":"status-publish","5":"product_cat-unkategorisiert","7":"first","8":"instock","9":"shipping-taxable","10":"product-type-simple"},"yoast_head":"<!-- This site is optimized with the Yoast SEO plugin v27.3 - https:\/\/yoast.com\/product\/yoast-seo-wordpress\/ -->\n<title>c93200 Lagerbronze \u2013 SAE 660 (CDA 932)<\/title>\n<meta name=\"description\" content=\"Conex Metals liefert Pr\u00e4zisionsgussl\u00f6sungen aus C93200-Legierung und C93200-Bronze aus unserer indischen Gie\u00dferei. Als f\u00fchrender Lieferant in Indien bieten wir hochwertige CNC-gefr\u00e4ste Gussteile aus CDA 932-Bronzelegierung an und sind auf Manganbronze spezialisiert. Verlassen Sie sich auf uns, wenn es um erstklassige C93200-Bronzeprodukte und zuverl\u00e4ssige Fertigungsdienstleistungen geht.\" \/>\n<meta name=\"robots\" content=\"index, follow, max-snippet:-1, max-image-preview:large, max-video-preview:-1\" \/>\n<link rel=\"canonical\" href=\"https:\/\/conexmetals.com\/de\/produkt\/c93200-lagerbronze-sae-660-cda-932\/\" \/>\n<script type=\"application\/ld+json\" class=\"yoast-schema-graph\">{\"@context\":\"https:\\\/\\\/schema.org\",\"@graph\":[{\"@type\":\"WebPage\",\"@id\":\"https:\\\/\\\/conexmetals.com\\\/de\\\/produkt\\\/c93200-lagerbronze-sae-660-cda-932\\\/\",\"url\":\"https:\\\/\\\/conexmetals.com\\\/de\\\/produkt\\\/c93200-lagerbronze-sae-660-cda-932\\\/\",\"name\":\"c93200 Lagerbronze \u2013 SAE 660 (CDA 932)\",\"isPartOf\":{\"@id\":\"https:\\\/\\\/conexmetals.com\\\/de\\\/#website\"},\"datePublished\":\"2024-07-12T09:04:18+00:00\",\"dateModified\":\"2024-09-16T07:09:18+00:00\",\"description\":\"Conex Metals liefert Pr\u00e4zisionsgussl\u00f6sungen aus C93200-Legierung und C93200-Bronze aus unserer indischen Gie\u00dferei. Als f\u00fchrender Lieferant in Indien bieten wir hochwertige CNC-gefr\u00e4ste Gussteile aus CDA 932-Bronzelegierung an und sind auf Manganbronze spezialisiert. Verlassen Sie sich auf uns, wenn es um erstklassige C93200-Bronzeprodukte und zuverl\u00e4ssige Fertigungsdienstleistungen geht.\",\"breadcrumb\":{\"@id\":\"https:\\\/\\\/conexmetals.com\\\/de\\\/produkt\\\/c93200-lagerbronze-sae-660-cda-932\\\/#breadcrumb\"},\"inLanguage\":\"de\",\"potentialAction\":[{\"@type\":\"ReadAction\",\"target\":[\"https:\\\/\\\/conexmetals.com\\\/de\\\/produkt\\\/c93200-lagerbronze-sae-660-cda-932\\\/\"]}]},{\"@type\":\"BreadcrumbList\",\"@id\":\"https:\\\/\\\/conexmetals.com\\\/de\\\/produkt\\\/c93200-lagerbronze-sae-660-cda-932\\\/#breadcrumb\",\"itemListElement\":[{\"@type\":\"ListItem\",\"position\":1,\"name\":\"Home\",\"item\":\"https:\\\/\\\/conexmetals.com\\\/de\\\/heim\\\/\"},{\"@type\":\"ListItem\",\"position\":2,\"name\":\"Products\",\"item\":\"https:\\\/\\\/conexmetals.com\\\/products\\\/\"},{\"@type\":\"ListItem\",\"position\":3,\"name\":\"c93200 Lagerbronze \u2013 SAE 660 (CDA 932)\"}]},{\"@type\":\"WebSite\",\"@id\":\"https:\\\/\\\/conexmetals.com\\\/de\\\/#website\",\"url\":\"https:\\\/\\\/conexmetals.com\\\/de\\\/\",\"name\":\"Conex Metals Brass Fittings Brass Parts Copper Parts Brass Components Brass Plumbing Fittings India\",\"description\":\"Manufacturer of Bronze Fittings casting Copper Brass parts components\",\"publisher\":{\"@id\":\"https:\\\/\\\/conexmetals.com\\\/de\\\/#organization\"},\"potentialAction\":[{\"@type\":\"SearchAction\",\"target\":{\"@type\":\"EntryPoint\",\"urlTemplate\":\"https:\\\/\\\/conexmetals.com\\\/de\\\/?s={search_term_string}\"},\"query-input\":{\"@type\":\"PropertyValueSpecification\",\"valueRequired\":true,\"valueName\":\"search_term_string\"}}],\"inLanguage\":\"de\"},{\"@type\":\"Organization\",\"@id\":\"https:\\\/\\\/conexmetals.com\\\/de\\\/#organization\",\"name\":\"Conex Metals Brass Fittings Brass Parts Copper Parts Brass Components Brass Plumbing Fittings India\",\"url\":\"https:\\\/\\\/conexmetals.com\\\/de\\\/\",\"logo\":{\"@type\":\"ImageObject\",\"inLanguage\":\"de\",\"@id\":\"https:\\\/\\\/conexmetals.com\\\/de\\\/#\\\/schema\\\/logo\\\/image\\\/\",\"url\":\"https:\\\/\\\/conexmetals.com\\\/wp-content\\\/uploads\\\/2024\\\/03\\\/conex-metals-logo.webp\",\"contentUrl\":\"https:\\\/\\\/conexmetals.com\\\/wp-content\\\/uploads\\\/2024\\\/03\\\/conex-metals-logo.webp\",\"width\":300,\"height\":121,\"caption\":\"Conex Metals Brass Fittings Brass Parts Copper Parts Brass Components Brass Plumbing Fittings India\"},\"image\":{\"@id\":\"https:\\\/\\\/conexmetals.com\\\/de\\\/#\\\/schema\\\/logo\\\/image\\\/\"},\"sameAs\":[\"https:\\\/\\\/www.facebook.com\\\/conexbrass\",\"https:\\\/\\\/x.com\\\/conexindia\",\"https:\\\/\\\/www.linkedin.com\\\/company\\\/conex-metals-india\\\/\",\"https:\\\/\\\/www.instagram.com\\\/conexindia\\\/\"]}]}<\/script>\n<!-- \/ Yoast SEO plugin. -->","yoast_head_json":{"title":"c93200 Lagerbronze \u2013 SAE 660 (CDA 932)","description":"Conex Metals liefert Pr\u00e4zisionsgussl\u00f6sungen aus C93200-Legierung und C93200-Bronze aus unserer indischen Gie\u00dferei. Als f\u00fchrender Lieferant in Indien bieten wir hochwertige CNC-gefr\u00e4ste Gussteile aus CDA 932-Bronzelegierung an und sind auf Manganbronze spezialisiert. Verlassen Sie sich auf uns, wenn es um erstklassige C93200-Bronzeprodukte und zuverl\u00e4ssige Fertigungsdienstleistungen geht.","robots":{"index":"index","follow":"follow","max-snippet":"max-snippet:-1","max-image-preview":"max-image-preview:large","max-video-preview":"max-video-preview:-1"},"canonical":"https:\/\/conexmetals.com\/de\/produkt\/c93200-lagerbronze-sae-660-cda-932\/","schema":{"@context":"https:\/\/schema.org","@graph":[{"@type":"WebPage","@id":"https:\/\/conexmetals.com\/de\/produkt\/c93200-lagerbronze-sae-660-cda-932\/","url":"https:\/\/conexmetals.com\/de\/produkt\/c93200-lagerbronze-sae-660-cda-932\/","name":"c93200 Lagerbronze \u2013 SAE 660 (CDA 932)","isPartOf":{"@id":"https:\/\/conexmetals.com\/de\/#website"},"datePublished":"2024-07-12T09:04:18+00:00","dateModified":"2024-09-16T07:09:18+00:00","description":"Conex Metals liefert Pr\u00e4zisionsgussl\u00f6sungen aus C93200-Legierung und C93200-Bronze aus unserer indischen Gie\u00dferei. Als f\u00fchrender Lieferant in Indien bieten wir hochwertige CNC-gefr\u00e4ste Gussteile aus CDA 932-Bronzelegierung an und sind auf Manganbronze spezialisiert. Verlassen Sie sich auf uns, wenn es um erstklassige C93200-Bronzeprodukte und zuverl\u00e4ssige Fertigungsdienstleistungen geht.","breadcrumb":{"@id":"https:\/\/conexmetals.com\/de\/produkt\/c93200-lagerbronze-sae-660-cda-932\/#breadcrumb"},"inLanguage":"de","potentialAction":[{"@type":"ReadAction","target":["https:\/\/conexmetals.com\/de\/produkt\/c93200-lagerbronze-sae-660-cda-932\/"]}]},{"@type":"BreadcrumbList","@id":"https:\/\/conexmetals.com\/de\/produkt\/c93200-lagerbronze-sae-660-cda-932\/#breadcrumb","itemListElement":[{"@type":"ListItem","position":1,"name":"Home","item":"https:\/\/conexmetals.com\/de\/heim\/"},{"@type":"ListItem","position":2,"name":"Products","item":"https:\/\/conexmetals.com\/products\/"},{"@type":"ListItem","position":3,"name":"c93200 Lagerbronze \u2013 SAE 660 (CDA 932)"}]},{"@type":"WebSite","@id":"https:\/\/conexmetals.com\/de\/#website","url":"https:\/\/conexmetals.com\/de\/","name":"Conex Metals Brass Fittings Brass Parts Copper Parts Brass Components Brass Plumbing Fittings India","description":"Manufacturer of Bronze Fittings casting Copper Brass parts components","publisher":{"@id":"https:\/\/conexmetals.com\/de\/#organization"},"potentialAction":[{"@type":"SearchAction","target":{"@type":"EntryPoint","urlTemplate":"https:\/\/conexmetals.com\/de\/?s={search_term_string}"},"query-input":{"@type":"PropertyValueSpecification","valueRequired":true,"valueName":"search_term_string"}}],"inLanguage":"de"},{"@type":"Organization","@id":"https:\/\/conexmetals.com\/de\/#organization","name":"Conex Metals Brass Fittings Brass Parts Copper Parts Brass Components Brass Plumbing Fittings India","url":"https:\/\/conexmetals.com\/de\/","logo":{"@type":"ImageObject","inLanguage":"de","@id":"https:\/\/conexmetals.com\/de\/#\/schema\/logo\/image\/","url":"https:\/\/conexmetals.com\/wp-content\/uploads\/2024\/03\/conex-metals-logo.webp","contentUrl":"https:\/\/conexmetals.com\/wp-content\/uploads\/2024\/03\/conex-metals-logo.webp","width":300,"height":121,"caption":"Conex Metals Brass Fittings Brass Parts Copper Parts Brass Components Brass Plumbing Fittings India"},"image":{"@id":"https:\/\/conexmetals.com\/de\/#\/schema\/logo\/image\/"},"sameAs":["https:\/\/www.facebook.com\/conexbrass","https:\/\/x.com\/conexindia","https:\/\/www.linkedin.com\/company\/conex-metals-india\/","https:\/\/www.instagram.com\/conexindia\/"]}]}},"_links":{"self":[{"href":"https:\/\/conexmetals.com\/de\/wp-json\/wp\/v2\/product\/10055","targetHints":{"allow":["GET"]}}],"collection":[{"href":"https:\/\/conexmetals.com\/de\/wp-json\/wp\/v2\/product"}],"about":[{"href":"https:\/\/conexmetals.com\/de\/wp-json\/wp\/v2\/types\/product"}],"wp:attachment":[{"href":"https:\/\/conexmetals.com\/de\/wp-json\/wp\/v2\/media?parent=10055"}],"wp:term":[{"taxonomy":"product_brand","embeddable":true,"href":"https:\/\/conexmetals.com\/de\/wp-json\/wp\/v2\/product_brand?post=10055"},{"taxonomy":"product_cat","embeddable":true,"href":"https:\/\/conexmetals.com\/de\/wp-json\/wp\/v2\/product_cat?post=10055"},{"taxonomy":"product_tag","embeddable":true,"href":"https:\/\/conexmetals.com\/de\/wp-json\/wp\/v2\/product_tag?post=10055"}],"curies":[{"name":"wp","href":"https:\/\/api.w.org\/{rel}","templated":true}]}}