{"id":10964,"date":"2023-08-16T09:09:31","date_gmt":"2023-08-16T03:39:31","guid":{"rendered":"https:\/\/conexmetals.com\/?post_type=product&#038;p=10964"},"modified":"2024-10-23T12:37:49","modified_gmt":"2024-10-23T07:07:49","slug":"messingguesse","status":"publish","type":"product","link":"https:\/\/conexmetals.com\/de\/produkt\/messingguesse\/","title":{"rendered":"Messingg\u00fcsse"},"content":{"rendered":"","protected":false},"excerpt":{"rendered":"<p>Messingg\u00fcsse sind eine spezifische Art von Metallguss, bei der Messing als Hauptmaterial verwendet wird. Messing ist eine Legierung aus Kupfer und Zink, wobei manchmal andere Elemente hinzugef\u00fcgt werden, um bestimmte Eigenschaften zu erzielen. Es ist bekannt f\u00fcr sein goldenes Aussehen, den relativ niedrigen Schmelzpunkt, die hervorragende Bearbeitbarkeit und die Korrosionsbest\u00e4ndigkeit. Diese Eigenschaften machen Messing zu einer beliebten Wahl f\u00fcr eine Vielzahl von Anwendungen.<\/p>\n<p>Der Prozess des Messinggusses \u00e4hnelt dem allgemeinen Metallgussprozess, wobei jedoch speziell Messing als geschmolzenes Metall verwendet wird.<\/p>\n<p>Wir haben die F\u00e4higkeit, Teile sowohl im Sandguss als auch im Schalenguss mit Harz zu gie\u00dfen.<\/p>\n<p>Messingg\u00fcsse finden Anwendung in verschiedenen Branchen, darunter:<\/p>\n<p>Automobil: Messingg\u00fcsse werden in Motorenteilen, Armaturen und dekorativen Zierteilen verwendet.<br \/>\nSanit\u00e4r: Messingg\u00fcsse werden f\u00fcr Wasserh\u00e4hne, Ventile, Rohrverbindungen und andere Sanit\u00e4rarmaturen eingesetzt.<br \/>\nElektro: Messingteile werden f\u00fcr Steckverbinder verwendet.<\/p>\n<p>Der Messinggussprozess erm\u00f6glicht die Herstellung von komplexen und detaillierten Komponenten mit dem einzigartigen Aussehen und den Eigenschaften von Messing, was ihn zu einer wertvollen Fertigungsmethode in verschiedenen Branchen macht.<\/p>\n<p>Wir bieten Messinggussanlagen mit einem Gewicht von bis zu 40 kg und Messingg\u00fcsse von bis zu 1 Meter L\u00e4nge an. Unsere Sandgussanlage ist gut ausgestattet, um jede anspruchsvolle Messinggussarbeit oder Messinggussanfrage zu bew\u00e4ltigen.<\/p>\n<p>Wir bieten G\u00fcsse aus:<\/p>\n<p>Messing<br \/>\nGussmetall<br \/>\nPhosphorbronze<br \/>\nHochfestes Messing<br \/>\nAluminiumbronze<br \/>\nManganbronze<br \/>\nSiliziumbronze<br \/>\nBleibronze<\/p>\n<p>Material<br \/>\nAlle Messingqualit\u00e4ten wie CZ121, C358, C360, C377 und C8750.<\/p>\n<p>Messingguss Messingg\u00fcsse Gewichte (von 10 Gramm bis 40 kg):<br \/>\nWir k\u00f6nnen bearbeitete Messingg\u00fcsse anbieten.<\/p>\n<p>Gr\u00f6\u00dfe<br \/>\nSpezifikation oder nach kundenspezifischem Design oder Anforderung.<\/p>\n<p>Oberfl\u00e4che und Beschichtung<br \/>\nNat\u00fcrlich, vernickelt, verzinnt oder jede Beschichtung nach Kundenspezifikation.<\/p>\n<p>Individuelle Entwicklung<\/p>\n<p>Wir freuen uns, nicht-standardisierte Messingg\u00fcsse und Messinggussprodukte nach spezifischen Anforderungen zu entwickeln.<\/p>\n<p>Materialien: Messing nach BS 2874 \/ 2872<br \/>\nOberfl\u00e4che: Messing nat\u00fcrlich, elektro-zinnbeschichtet, vernickelt usw.<\/p>\n<p>&nbsp;<\/p>\n<p>&nbsp;<\/p>\n<table id=\"tablepress-227\" class=\"tablepress tablepress-id-227\">\n<caption>\u00a0<\/caption>\n<thead>\n<tr class=\"row-1 odd\">\n<th class=\"column-1\" colspan=\"7\">Messinggussteile Messinggussteile<\/th>\n<\/tr>\n<\/thead>\n<tbody class=\"row-hover\">\n<tr class=\"row-2 even\">\n<td class=\"column-1\">Japan<\/td>\n<td class=\"column-2\" colspan=\"3\">USA<\/td>\n<td class=\"column-5\">Vereinigtes K\u00f6nigreich<\/td>\n<td class=\"column-6\">Deutschland<\/td>\n<td class=\"column-7\">Internationaler Standard.<\/td>\n<\/tr>\n<tr class=\"row-3 odd\">\n<td class=\"column-1\">ER<\/td>\n<td class=\"column-2\" colspan=\"2\">ASTM<\/td>\n<td class=\"column-4\">SAE<\/td>\n<td class=\"column-5\">BS<\/td>\n<td class=\"column-6\">AUS<\/td>\n<td class=\"column-7\">ISO<\/td>\n<\/tr>\n<tr class=\"row-4 even\">\n<td class=\"column-1\">H 5111 &#8211; 79<\/td>\n<td class=\"column-2\">B 584 &#8211; 82<\/td>\n<td class=\"column-3\">B 504 &#8211; 82<\/td>\n<td class=\"column-4\">J 462 B &#8211; 80<\/td>\n<td class=\"column-5\">1400 &#8211; 73<\/td>\n<td class=\"column-6\">1705 &#8211; 81<\/td>\n<td class=\"column-7\">1338 &#8211; 77<\/td>\n<\/tr>\n<tr class=\"row-5 odd\">\n<td class=\"column-1\">Bronzeguss<\/td>\n<td class=\"column-2\">Sandgussteile aus Kupferlegierungen<br \/>\nf\u00fcr allgemeine<br \/>\nAnwendungen.<\/td>\n<td class=\"column-3\">Strangguss\u00a0aus Kupferlegierungen .<\/td>\n<td class=\"column-4\">Barren<br \/>\nund Gussteile aus Kupferlegierungen.<\/td>\n<td class=\"column-5\">Barren<br \/>\nund Gussteile aus Kupferlegierungen.<\/td>\n<td class=\"column-6\">Kupfer-Zinn-Legierungsgussteile (Zinnbronze- und Rotgussgussteile)<\/td>\n<td class=\"column-7\">Kupfergusslegierungen<\/td>\n<\/tr>\n<tr class=\"row-6 even\">\n<td class=\"column-1\">1. Jahrh. v. Chr.<\/td>\n<td class=\"column-2\">C 844<\/td>\n<td class=\"column-3\">&#8211;<\/td>\n<td class=\"column-4\">&#8211;<\/td>\n<td class=\"column-5\">LG1<\/td>\n<td class=\"column-6\">CuSn2ZnPb<\/td>\n<td class=\"column-7\">&#8211;<\/td>\n<\/tr>\n<tr class=\"row-7 odd\">\n<td class=\"column-1\">BC 1C<\/td>\n<td class=\"column-2\">&#8211;<\/td>\n<td class=\"column-3\">C 844<\/td>\n<td class=\"column-4\">&#8211;<\/td>\n<td class=\"column-5\">&#8211;<\/td>\n<td class=\"column-6\">&#8211;<\/td>\n<td class=\"column-7\">&#8211;<\/td>\n<\/tr>\n<tr class=\"row-8 even\">\n<td class=\"column-1\">Chr. 2<\/td>\n<td class=\"column-2\">C 903<\/td>\n<td class=\"column-3\">&#8211;<\/td>\n<td class=\"column-4\">C 90300<\/td>\n<td class=\"column-5\">&#8211;<\/td>\n<td class=\"column-6\">&#8211;<\/td>\n<td class=\"column-7\">&#8211;<\/td>\n<\/tr>\n<tr class=\"row-9 odd\">\n<td class=\"column-1\">BC 2C<\/td>\n<td class=\"column-2\">&#8211;<\/td>\n<td class=\"column-3\">C 903<\/td>\n<td class=\"column-4\">&#8211;<\/td>\n<td class=\"column-5\">&#8211;<\/td>\n<td class=\"column-6\">&#8211;<\/td>\n<td class=\"column-7\">&#8211;<\/td>\n<\/tr>\n<tr class=\"row-10 even\">\n<td class=\"column-1\">Chr. 3<\/td>\n<td class=\"column-2\">C 905<\/td>\n<td class=\"column-3\">&#8211;<\/td>\n<td class=\"column-4\">C 90500<\/td>\n<td class=\"column-5\">G1<\/td>\n<td class=\"column-6\">CuSn10Zn<\/td>\n<td class=\"column-7\">CuSn10Zn2<\/td>\n<\/tr>\n<tr class=\"row-11 odd\">\n<td class=\"column-1\">BC3C<\/td>\n<td class=\"column-2\">&#8211;<\/td>\n<td class=\"column-3\">C 905<\/td>\n<td class=\"column-4\">&#8211;<\/td>\n<td class=\"column-5\">&#8211;<\/td>\n<td class=\"column-6\">&#8211;<\/td>\n<td class=\"column-7\">CuSn10Zn2<\/td>\n<\/tr>\n<tr class=\"row-12 even\">\n<td class=\"column-1\">6. Jahrhundert v. Chr.<\/td>\n<td class=\"column-2\">C 836<\/td>\n<td class=\"column-3\">&#8211;<\/td>\n<td class=\"column-4\">C 83600<\/td>\n<td class=\"column-5\">LG2<\/td>\n<td class=\"column-6\">CuSn5ZnPb<\/td>\n<td class=\"column-7\">CuPb5Sn5Zn5<\/td>\n<\/tr>\n<tr class=\"row-13 odd\">\n<td class=\"column-1\">BC 6C<\/td>\n<td class=\"column-2\">&#8211;<\/td>\n<td class=\"column-3\">C 836<\/td>\n<td class=\"column-4\">&#8211;<\/td>\n<td class=\"column-5\">&#8211;<\/td>\n<td class=\"column-6\">&#8211;<\/td>\n<td class=\"column-7\">CuPb5Sn5Zn5<\/td>\n<\/tr>\n<\/tbody>\n<\/table>\n<p><b>\u00a0<\/b><\/p>\n","protected":false},"featured_media":11613,"template":"","meta":[],"product_brand":[],"product_cat":[372],"product_tag":[],"class_list":{"0":"post-10964","1":"product","2":"type-product","3":"status-publish","4":"has-post-thumbnail","6":"product_cat-gussstucke","8":"first","9":"instock","10":"shipping-taxable","11":"product-type-simple"},"yoast_head":"<!-- This site is optimized with the Yoast SEO plugin v27.3 - https:\/\/yoast.com\/product\/yoast-seo-wordpress\/ -->\n<title>Messingg\u00fcsse<\/title>\n<meta name=\"description\" content=\"Conex ist ein indischer Hersteller und Exporteur von Messingg\u00fcssen, CDA 360 Messingg\u00fcssen usw. Wir sind eine Messingguss-Gie\u00dferei und stellen Messingg\u00fcsse in Indien her. Wir sind ein f\u00fchrender Anbieter von Messingg\u00fcssen. Wir bieten Qualit\u00e4ten wie CDA 360, Rotes Messing, CDA 955, CDA 855, CDA 856, CDA 833, CDA 836, CDA 844, C956 usw. Conex gie\u00dfen mit Schalenguss, Sandguss, Schwerkraftguss, verlorener Wachs-Guss usw.\" \/>\n<meta name=\"robots\" content=\"index, follow, max-snippet:-1, max-image-preview:large, max-video-preview:-1\" \/>\n<link rel=\"canonical\" href=\"https:\/\/conexmetals.com\/de\/produkt\/messingguesse\/\" \/>\n<script type=\"application\/ld+json\" class=\"yoast-schema-graph\">{\"@context\":\"https:\\\/\\\/schema.org\",\"@graph\":[{\"@type\":\"WebPage\",\"@id\":\"https:\\\/\\\/conexmetals.com\\\/de\\\/produkt\\\/messingguesse\\\/\",\"url\":\"https:\\\/\\\/conexmetals.com\\\/de\\\/produkt\\\/messingguesse\\\/\",\"name\":\"Messingg\u00fcsse\",\"isPartOf\":{\"@id\":\"https:\\\/\\\/conexmetals.com\\\/de\\\/#website\"},\"primaryImageOfPage\":{\"@id\":\"https:\\\/\\\/conexmetals.com\\\/de\\\/produkt\\\/messingguesse\\\/#primaryimage\"},\"image\":{\"@id\":\"https:\\\/\\\/conexmetals.com\\\/de\\\/produkt\\\/messingguesse\\\/#primaryimage\"},\"thumbnailUrl\":\"https:\\\/\\\/conexmetals.com\\\/wp-content\\\/uploads\\\/2024\\\/10\\\/Messinggusse.png\",\"datePublished\":\"2023-08-16T03:39:31+00:00\",\"dateModified\":\"2024-10-23T07:07:49+00:00\",\"description\":\"Conex ist ein indischer Hersteller und Exporteur von Messingg\u00fcssen, CDA 360 Messingg\u00fcssen usw. Wir sind eine Messingguss-Gie\u00dferei und stellen Messingg\u00fcsse in Indien her. Wir sind ein f\u00fchrender Anbieter von Messingg\u00fcssen. Wir bieten Qualit\u00e4ten wie CDA 360, Rotes Messing, CDA 955, CDA 855, CDA 856, CDA 833, CDA 836, CDA 844, C956 usw. Conex gie\u00dfen mit Schalenguss, Sandguss, Schwerkraftguss, verlorener Wachs-Guss usw.\",\"breadcrumb\":{\"@id\":\"https:\\\/\\\/conexmetals.com\\\/de\\\/produkt\\\/messingguesse\\\/#breadcrumb\"},\"inLanguage\":\"de\",\"potentialAction\":[{\"@type\":\"ReadAction\",\"target\":[\"https:\\\/\\\/conexmetals.com\\\/de\\\/produkt\\\/messingguesse\\\/\"]}]},{\"@type\":\"ImageObject\",\"inLanguage\":\"de\",\"@id\":\"https:\\\/\\\/conexmetals.com\\\/de\\\/produkt\\\/messingguesse\\\/#primaryimage\",\"url\":\"https:\\\/\\\/conexmetals.com\\\/wp-content\\\/uploads\\\/2024\\\/10\\\/Messinggusse.png\",\"contentUrl\":\"https:\\\/\\\/conexmetals.com\\\/wp-content\\\/uploads\\\/2024\\\/10\\\/Messinggusse.png\",\"width\":350,\"height\":350,\"caption\":\"Messingg\u00fcsse\"},{\"@type\":\"BreadcrumbList\",\"@id\":\"https:\\\/\\\/conexmetals.com\\\/de\\\/produkt\\\/messingguesse\\\/#breadcrumb\",\"itemListElement\":[{\"@type\":\"ListItem\",\"position\":1,\"name\":\"Home\",\"item\":\"https:\\\/\\\/conexmetals.com\\\/de\\\/heim\\\/\"},{\"@type\":\"ListItem\",\"position\":2,\"name\":\"Products\",\"item\":\"https:\\\/\\\/conexmetals.com\\\/products\\\/\"},{\"@type\":\"ListItem\",\"position\":3,\"name\":\"Messingg\u00fcsse\"}]},{\"@type\":\"WebSite\",\"@id\":\"https:\\\/\\\/conexmetals.com\\\/de\\\/#website\",\"url\":\"https:\\\/\\\/conexmetals.com\\\/de\\\/\",\"name\":\"Conex Metals Brass Fittings Brass Parts Copper Parts Brass Components Brass Plumbing Fittings India\",\"description\":\"Manufacturer of Bronze Fittings casting Copper Brass parts components\",\"publisher\":{\"@id\":\"https:\\\/\\\/conexmetals.com\\\/de\\\/#organization\"},\"potentialAction\":[{\"@type\":\"SearchAction\",\"target\":{\"@type\":\"EntryPoint\",\"urlTemplate\":\"https:\\\/\\\/conexmetals.com\\\/de\\\/?s={search_term_string}\"},\"query-input\":{\"@type\":\"PropertyValueSpecification\",\"valueRequired\":true,\"valueName\":\"search_term_string\"}}],\"inLanguage\":\"de\"},{\"@type\":\"Organization\",\"@id\":\"https:\\\/\\\/conexmetals.com\\\/de\\\/#organization\",\"name\":\"Conex Metals Brass Fittings Brass Parts Copper Parts Brass Components Brass Plumbing Fittings India\",\"url\":\"https:\\\/\\\/conexmetals.com\\\/de\\\/\",\"logo\":{\"@type\":\"ImageObject\",\"inLanguage\":\"de\",\"@id\":\"https:\\\/\\\/conexmetals.com\\\/de\\\/#\\\/schema\\\/logo\\\/image\\\/\",\"url\":\"https:\\\/\\\/conexmetals.com\\\/wp-content\\\/uploads\\\/2024\\\/03\\\/conex-metals-logo.webp\",\"contentUrl\":\"https:\\\/\\\/conexmetals.com\\\/wp-content\\\/uploads\\\/2024\\\/03\\\/conex-metals-logo.webp\",\"width\":300,\"height\":121,\"caption\":\"Conex Metals Brass Fittings Brass Parts Copper Parts Brass Components Brass Plumbing Fittings India\"},\"image\":{\"@id\":\"https:\\\/\\\/conexmetals.com\\\/de\\\/#\\\/schema\\\/logo\\\/image\\\/\"},\"sameAs\":[\"https:\\\/\\\/www.facebook.com\\\/conexbrass\",\"https:\\\/\\\/x.com\\\/conexindia\",\"https:\\\/\\\/www.linkedin.com\\\/company\\\/conex-metals-india\\\/\",\"https:\\\/\\\/www.instagram.com\\\/conexindia\\\/\"]}]}<\/script>\n<!-- \/ Yoast SEO plugin. -->","yoast_head_json":{"title":"Messingg\u00fcsse","description":"Conex ist ein indischer Hersteller und Exporteur von Messingg\u00fcssen, CDA 360 Messingg\u00fcssen usw. Wir sind eine Messingguss-Gie\u00dferei und stellen Messingg\u00fcsse in Indien her. Wir sind ein f\u00fchrender Anbieter von Messingg\u00fcssen. Wir bieten Qualit\u00e4ten wie CDA 360, Rotes Messing, CDA 955, CDA 855, CDA 856, CDA 833, CDA 836, CDA 844, C956 usw. Conex gie\u00dfen mit Schalenguss, Sandguss, Schwerkraftguss, verlorener Wachs-Guss usw.","robots":{"index":"index","follow":"follow","max-snippet":"max-snippet:-1","max-image-preview":"max-image-preview:large","max-video-preview":"max-video-preview:-1"},"canonical":"https:\/\/conexmetals.com\/de\/produkt\/messingguesse\/","schema":{"@context":"https:\/\/schema.org","@graph":[{"@type":"WebPage","@id":"https:\/\/conexmetals.com\/de\/produkt\/messingguesse\/","url":"https:\/\/conexmetals.com\/de\/produkt\/messingguesse\/","name":"Messingg\u00fcsse","isPartOf":{"@id":"https:\/\/conexmetals.com\/de\/#website"},"primaryImageOfPage":{"@id":"https:\/\/conexmetals.com\/de\/produkt\/messingguesse\/#primaryimage"},"image":{"@id":"https:\/\/conexmetals.com\/de\/produkt\/messingguesse\/#primaryimage"},"thumbnailUrl":"https:\/\/conexmetals.com\/wp-content\/uploads\/2024\/10\/Messinggusse.png","datePublished":"2023-08-16T03:39:31+00:00","dateModified":"2024-10-23T07:07:49+00:00","description":"Conex ist ein indischer Hersteller und Exporteur von Messingg\u00fcssen, CDA 360 Messingg\u00fcssen usw. Wir sind eine Messingguss-Gie\u00dferei und stellen Messingg\u00fcsse in Indien her. Wir sind ein f\u00fchrender Anbieter von Messingg\u00fcssen. Wir bieten Qualit\u00e4ten wie CDA 360, Rotes Messing, CDA 955, CDA 855, CDA 856, CDA 833, CDA 836, CDA 844, C956 usw. Conex gie\u00dfen mit Schalenguss, Sandguss, Schwerkraftguss, verlorener Wachs-Guss usw.","breadcrumb":{"@id":"https:\/\/conexmetals.com\/de\/produkt\/messingguesse\/#breadcrumb"},"inLanguage":"de","potentialAction":[{"@type":"ReadAction","target":["https:\/\/conexmetals.com\/de\/produkt\/messingguesse\/"]}]},{"@type":"ImageObject","inLanguage":"de","@id":"https:\/\/conexmetals.com\/de\/produkt\/messingguesse\/#primaryimage","url":"https:\/\/conexmetals.com\/wp-content\/uploads\/2024\/10\/Messinggusse.png","contentUrl":"https:\/\/conexmetals.com\/wp-content\/uploads\/2024\/10\/Messinggusse.png","width":350,"height":350,"caption":"Messingg\u00fcsse"},{"@type":"BreadcrumbList","@id":"https:\/\/conexmetals.com\/de\/produkt\/messingguesse\/#breadcrumb","itemListElement":[{"@type":"ListItem","position":1,"name":"Home","item":"https:\/\/conexmetals.com\/de\/heim\/"},{"@type":"ListItem","position":2,"name":"Products","item":"https:\/\/conexmetals.com\/products\/"},{"@type":"ListItem","position":3,"name":"Messingg\u00fcsse"}]},{"@type":"WebSite","@id":"https:\/\/conexmetals.com\/de\/#website","url":"https:\/\/conexmetals.com\/de\/","name":"Conex Metals Brass Fittings Brass Parts Copper Parts Brass Components Brass Plumbing Fittings India","description":"Manufacturer of Bronze Fittings casting Copper Brass parts components","publisher":{"@id":"https:\/\/conexmetals.com\/de\/#organization"},"potentialAction":[{"@type":"SearchAction","target":{"@type":"EntryPoint","urlTemplate":"https:\/\/conexmetals.com\/de\/?s={search_term_string}"},"query-input":{"@type":"PropertyValueSpecification","valueRequired":true,"valueName":"search_term_string"}}],"inLanguage":"de"},{"@type":"Organization","@id":"https:\/\/conexmetals.com\/de\/#organization","name":"Conex Metals Brass Fittings Brass Parts Copper Parts Brass Components Brass Plumbing Fittings India","url":"https:\/\/conexmetals.com\/de\/","logo":{"@type":"ImageObject","inLanguage":"de","@id":"https:\/\/conexmetals.com\/de\/#\/schema\/logo\/image\/","url":"https:\/\/conexmetals.com\/wp-content\/uploads\/2024\/03\/conex-metals-logo.webp","contentUrl":"https:\/\/conexmetals.com\/wp-content\/uploads\/2024\/03\/conex-metals-logo.webp","width":300,"height":121,"caption":"Conex Metals Brass Fittings Brass Parts Copper Parts Brass Components Brass Plumbing Fittings India"},"image":{"@id":"https:\/\/conexmetals.com\/de\/#\/schema\/logo\/image\/"},"sameAs":["https:\/\/www.facebook.com\/conexbrass","https:\/\/x.com\/conexindia","https:\/\/www.linkedin.com\/company\/conex-metals-india\/","https:\/\/www.instagram.com\/conexindia\/"]}]}},"_links":{"self":[{"href":"https:\/\/conexmetals.com\/de\/wp-json\/wp\/v2\/product\/10964","targetHints":{"allow":["GET"]}}],"collection":[{"href":"https:\/\/conexmetals.com\/de\/wp-json\/wp\/v2\/product"}],"about":[{"href":"https:\/\/conexmetals.com\/de\/wp-json\/wp\/v2\/types\/product"}],"wp:featuredmedia":[{"embeddable":true,"href":"https:\/\/conexmetals.com\/de\/wp-json\/wp\/v2\/media\/11613"}],"wp:attachment":[{"href":"https:\/\/conexmetals.com\/de\/wp-json\/wp\/v2\/media?parent=10964"}],"wp:term":[{"taxonomy":"product_brand","embeddable":true,"href":"https:\/\/conexmetals.com\/de\/wp-json\/wp\/v2\/product_brand?post=10964"},{"taxonomy":"product_cat","embeddable":true,"href":"https:\/\/conexmetals.com\/de\/wp-json\/wp\/v2\/product_cat?post=10964"},{"taxonomy":"product_tag","embeddable":true,"href":"https:\/\/conexmetals.com\/de\/wp-json\/wp\/v2\/product_tag?post=10964"}],"curies":[{"name":"wp","href":"https:\/\/api.w.org\/{rel}","templated":true}]}}