{"id":11044,"date":"2023-08-16T10:28:19","date_gmt":"2023-08-16T04:58:19","guid":{"rendered":"https:\/\/conexmetals.com\/?post_type=product&#038;p=11044"},"modified":"2024-10-10T18:07:58","modified_gmt":"2024-10-10T12:37:58","slug":"gussteile-aus-kupferlegierungen","status":"publish","type":"product","link":"https:\/\/conexmetals.com\/de\/produkt\/gussteile-aus-kupferlegierungen\/","title":{"rendered":"Gussteile aus Kupferlegierungen"},"content":{"rendered":"","protected":false},"excerpt":{"rendered":"<p>Bei Kupferlegierungsgussteilen werden verschiedene Kupferlegierungen als Hauptmaterial f\u00fcr den Gussprozess verwendet. Kupferlegierungen entstehen durch die Kombination von Kupfer mit anderen Elementen wie Zink, Zinn, Aluminium, Nickel und anderen. Diese Legierungen weisen spezielle Eigenschaften auf, wodurch sie f\u00fcr eine breite Palette von Anwendungen geeignet sind.<\/p>\n<p>Der Prozess des Kupferlegierungsgie\u00dfens \u00e4hnelt anderen Metallgussverfahren. Der Hauptunterschied besteht in der Verwendung von Kupferlegierungen als geschmolzenes Metall.<\/p>\n<p>Gussteile aus Kupferlegierungen werden aufgrund ihrer hervorragenden elektrischen und thermischen Leitf\u00e4higkeit, Korrosionsbest\u00e4ndigkeit und w\u00fcnschenswerten mechanischen Eigenschaften in verschiedenen Branchen h\u00e4ufig verwendet. Einige g\u00e4ngige Arten von Gussteilen aus Kupferlegierungen und ihre Anwendungen umfassen:<\/p>\n<ul>\n<li><strong>Bronzegussteile<\/strong>\u00a0: Wie bereits erw\u00e4hnt, ist Bronze eine Legierung aus Kupfer und Zinn und findet Anwendung in Skulpturen, Statuen, Lagern, Schiffszubeh\u00f6r und Industriekomponenten<\/li>\n<li><strong>Messinggussteile<\/strong>\u00a0: Messing, eine Legierung aus Kupfer und Zink, wird f\u00fcr verschiedene Sanit\u00e4rarmaturen und elektrische Verbindungselemente verwendet.<\/li>\n<li><strong>Kupfer-Nickel-Gussteile<\/strong>\u00a0: Kupfer-Nickel-Legierungen werden aufgrund ihrer Korrosionsbest\u00e4ndigkeit in Meerwasser h\u00e4ufig im Schiffsbau eingesetzt, beispielsweise in Schiffsr\u00fcmpfen, W\u00e4rmetauschern und Kondensatorrohren.<\/li>\n<li><strong>Aluminiumbronzegussteile<\/strong>\u00a0: Aluminiumbronze, eine Legierung aus Kupfer, Aluminium und manchmal anderen Elementen, ist f\u00fcr ihre hohe Festigkeit, Korrosionsbest\u00e4ndigkeit und Verschlei\u00dffestigkeit bekannt. Sie wird in Anwendungen wie Zahnr\u00e4dern, Lagern und Teilen schwerer Maschinen verwendet.<\/li>\n<li><strong>Kupfergussteile<\/strong>\u00a0: G\u00fcten wie C80100 und C81100 werden im Dauerformverfahren gegossen, enthalten keine Verunreinigungen und bestehen aus nahezu reinem Kupfer.<\/li>\n<\/ul>\n<p>Kupferlegierungsgussteile werden wegen ihrer Vielseitigkeit und einer Kombination w\u00fcnschenswerter Eigenschaften gesch\u00e4tzt, wodurch sie f\u00fcr eine breite Palette industrieller Anwendungen geeignet sind.<\/p>\n<p><strong>Verwendete Materialien:<\/strong><\/p>\n<p>Kupferlegierungen, Nichteisenlegierungen, Kupfer ist Typ 319 oder Typ BS 249.<br \/>\nMessing natur, galvanisch verzinnt, Nickel usw.<\/p>\n<p>Wir bieten bearbeitete Kupfergussteile mit einem Gewicht von 10 g bis 30 kg und einer L\u00e4nge von bis zu 1 Meter an.<\/p>\n<p><strong>Finish und Beschichtung:<\/strong><\/p>\n<p>Nat\u00fcrlich, vernickelt, verzinnt, versilbert oder mit einer beliebigen Beschichtung.<\/p>\n<p>&nbsp;<\/p>\n<table id=\"tablepress-228\" class=\"tablepress tablepress-id-228\">\n<caption><a href=\"https:\/\/conexmetals.com\/wp-admin\/admin.php?page=tablepress&amp;action=edit&amp;table_id=228\" rel=\"nofollow\">Bearbeiten<\/a><\/caption>\n<thead>\n<tr class=\"row-1 odd\">\n<th class=\"column-1\" colspan=\"6\"><strong>Verwandte Spezifikationen und Anwendungen f\u00fcr g\u00e4ngige Kupfergusslegierungen Kupfergussteile<\/strong><\/th>\n<\/tr>\n<\/thead>\n<tbody class=\"row-hover\">\n<tr class=\"row-2 even\">\n<td class=\"column-1\"><strong>Beschreibung der Legierung<\/strong><\/td>\n<td class=\"column-2\"><strong>Amerikanische Spezifikation.<\/strong><\/td>\n<td class=\"column-3\"><strong>Amerikanische Spezifikation.<\/strong><\/td>\n<td class=\"column-4\"><strong>Deutsche Spezifikation<\/strong><\/td>\n<td class=\"column-5\"><strong>Britische Spezifikation.<\/strong><\/td>\n<td class=\"column-6\"><strong>Typische Materialanwendungen<\/strong><\/td>\n<\/tr>\n<tr class=\"row-3 odd\">\n<td class=\"column-1\"><\/td>\n<td class=\"column-2\">UNS<\/td>\n<td class=\"column-3\">SAE<\/td>\n<td class=\"column-4\">Legierung<\/td>\n<td class=\"column-5\">Legierung<\/td>\n<td class=\"column-6\"><\/td>\n<\/tr>\n<tr class=\"row-4 even\">\n<td class=\"column-1\">Cu85 Sn5 Zn5 Pb5<\/td>\n<td class=\"column-2\">C83600<\/td>\n<td class=\"column-3\">40<\/td>\n<td class=\"column-4\">CuSn5ZnPb<\/td>\n<td class=\"column-5\">LG2<\/td>\n<td class=\"column-6\">Pumpenkomponenten, kleine Zahnr\u00e4der, Lager, Laufr\u00e4der, Flansche, Niederdruckventile und Armaturen.<\/td>\n<\/tr>\n<tr class=\"row-5 odd\">\n<td class=\"column-1\">Bleihaltiges Rotguss<\/td>\n<td class=\"column-2\"><\/td>\n<td class=\"column-3\"><\/td>\n<td class=\"column-4\"><\/td>\n<td class=\"column-5\"><\/td>\n<td class=\"column-6\"><\/td>\n<\/tr>\n<tr class=\"row-6 even\">\n<td class=\"column-1\">Cu83 Sn3 Zn8 Pb6<\/td>\n<td class=\"column-2\">C84400<\/td>\n<td class=\"column-3\">&#8211;<\/td>\n<td class=\"column-4\">CuSn2ZnPb<\/td>\n<td class=\"column-5\">*LG1<\/td>\n<td class=\"column-6\">Leichte Lager, allgemeine Hardware, Vorrichtungen, Niederdruckventile und -armaturen.<\/td>\n<\/tr>\n<tr class=\"row-7 odd\">\n<td class=\"column-1\">Bleihaltiges Rotguss<\/td>\n<td class=\"column-2\"><\/td>\n<td class=\"column-3\"><\/td>\n<td class=\"column-4\"><\/td>\n<td class=\"column-5\"><\/td>\n<td class=\"column-6\"><\/td>\n<\/tr>\n<tr class=\"row-8 even\">\n<td class=\"column-1\">Cu63 Al6 Fe3 Mn3 Zn25<\/td>\n<td class=\"column-2\">C86300<\/td>\n<td class=\"column-3\">430B<\/td>\n<td class=\"column-4\">&#8211;<\/td>\n<td class=\"column-5\">&#8211;<\/td>\n<td class=\"column-6\">Hochleistungslegierung mit hoher Festigkeit f\u00fcr Zahnr\u00e4der, Nocken, langsam laufende Schwerlastlager und Schraubmuttern.<\/td>\n<\/tr>\n<tr class=\"row-9 odd\">\n<td class=\"column-1\">Cu88 Sn8 Zn4<\/td>\n<td class=\"column-2\">C90300<\/td>\n<td class=\"column-3\">620<\/td>\n<td class=\"column-4\">&#8211;<\/td>\n<td class=\"column-5\">&#8211;<\/td>\n<td class=\"column-6\">Lager, Buchsen, Kolbenringe, Ventilkomponenten, Dichtungsringe, Dampfarmaturen und Zahnr\u00e4der.<\/td>\n<\/tr>\n<tr class=\"row-10 even\">\n<td class=\"column-1\">Zinnbronze<\/td>\n<td class=\"column-2\"><\/td>\n<td class=\"column-3\"><\/td>\n<td class=\"column-4\"><\/td>\n<td class=\"column-5\"><\/td>\n<td class=\"column-6\"><\/td>\n<\/tr>\n<tr class=\"row-11 odd\">\n<td class=\"column-1\">Cu88 Sn10 Zn2<\/td>\n<td class=\"column-2\">C90500<\/td>\n<td class=\"column-3\">62<\/td>\n<td class=\"column-4\">CuSn10Zn<\/td>\n<td class=\"column-5\">*G1<\/td>\n<td class=\"column-6\">Schiffspumpen, Ventile, Lager, Buchsen, Kolbenringe, Dampfarmaturen und Zahnr\u00e4der.<\/td>\n<\/tr>\n<tr class=\"row-12 even\">\n<td class=\"column-1\">Zinnbronze<\/td>\n<td class=\"column-2\"><\/td>\n<td class=\"column-3\"><\/td>\n<td class=\"column-4\"><\/td>\n<td class=\"column-5\"><\/td>\n<td class=\"column-6\"><\/td>\n<\/tr>\n<tr class=\"row-13 odd\">\n<td class=\"column-1\">Cu89 Sn11<\/td>\n<td class=\"column-2\">C90700<\/td>\n<td class=\"column-3\">65<\/td>\n<td class=\"column-4\">CuSn12<\/td>\n<td class=\"column-5\">*PB1<\/td>\n<td class=\"column-6\">Hochleistungszahnr\u00e4der, hochbelastbare Lager, Buchsen und Schneckenr\u00e4der.<\/td>\n<\/tr>\n<tr class=\"row-14 even\">\n<td class=\"column-1\">Zinnbronze<\/td>\n<td class=\"column-2\"><\/td>\n<td class=\"column-3\"><\/td>\n<td class=\"column-4\"><\/td>\n<td class=\"column-5\"><\/td>\n<td class=\"column-6\"><\/td>\n<\/tr>\n<tr class=\"row-15 odd\">\n<td class=\"column-1\">Cu88 Sn6 Zn4 Pb2<\/td>\n<td class=\"column-2\">C92200<\/td>\n<td class=\"column-3\">622<\/td>\n<td class=\"column-4\">&#8211;<\/td>\n<td class=\"column-5\">LG3<\/td>\n<td class=\"column-6\">Ventile, Armaturen, Mitteldruck-Hydraulik- und Dampfdruckteile f\u00fcr den Einsatz bis 550 F (287 C)<\/td>\n<\/tr>\n<tr class=\"row-16 even\">\n<td class=\"column-1\">Bleihaltige Zinnbronze<\/td>\n<td class=\"column-2\"><\/td>\n<td class=\"column-3\"><\/td>\n<td class=\"column-4\"><\/td>\n<td class=\"column-5\"><\/td>\n<td class=\"column-6\"><\/td>\n<\/tr>\n<tr class=\"row-17 odd\">\n<td class=\"column-1\">Cu87 Sn11 Ni2<\/td>\n<td class=\"column-2\">C92500<\/td>\n<td class=\"column-3\">640<\/td>\n<td class=\"column-4\">CuSn12Ni<\/td>\n<td class=\"column-5\">CT2<\/td>\n<td class=\"column-6\">Zahnr\u00e4der, Schneckenr\u00e4der \u2013 Gute Sto\u00dffestigkeit, Synchronringe f\u00fcr Kraftfahrzeuge.<\/td>\n<\/tr>\n<tr class=\"row-18 even\">\n<td class=\"column-1\">Bleihaltige Zinnbronze<\/td>\n<td class=\"column-2\"><\/td>\n<td class=\"column-3\"><\/td>\n<td class=\"column-4\"><\/td>\n<td class=\"column-5\"><\/td>\n<td class=\"column-6\"><\/td>\n<\/tr>\n<tr class=\"row-19 odd\">\n<td class=\"column-1\">Cu87 Sn11 Pb2<\/td>\n<td class=\"column-2\">C92700<\/td>\n<td class=\"column-3\">63<\/td>\n<td class=\"column-4\">CuSn12Pb<\/td>\n<td class=\"column-5\">LB3<\/td>\n<td class=\"column-6\">Hochleistungslager, Buchsen, Kolbenringe, Ventilkomponenten, Dampfarmaturen, Zahnr\u00e4der.<\/td>\n<\/tr>\n<tr class=\"row-20 even\">\n<td class=\"column-1\">Bleihaltige Zinnbronze<\/td>\n<td class=\"column-2\"><\/td>\n<td class=\"column-3\"><\/td>\n<td class=\"column-4\"><\/td>\n<td class=\"column-5\"><\/td>\n<td class=\"column-6\"><\/td>\n<\/tr>\n<tr class=\"row-21 odd\">\n<td class=\"column-1\">Cu83 Sn7 Zn3 Pb7<\/td>\n<td class=\"column-2\">C93200<\/td>\n<td class=\"column-3\">660<\/td>\n<td class=\"column-4\">CuSn7ZnPb<\/td>\n<td class=\"column-5\"><\/td>\n<td class=\"column-6\">Allzwecklager, Buchsen und Verschlei\u00dfplatten f\u00fcr mittlere Geschwindigkeiten und Dr\u00fccke.<\/td>\n<\/tr>\n<tr class=\"row-22 even\">\n<td class=\"column-1\">Bleihaltige Zinnbronze<\/td>\n<td class=\"column-2\"><\/td>\n<td class=\"column-3\"><\/td>\n<td class=\"column-4\"><\/td>\n<td class=\"column-5\"><\/td>\n<td class=\"column-6\"><\/td>\n<\/tr>\n<tr class=\"row-23 odd\">\n<td class=\"column-1\">Cu85 Pb10 Sn5<\/td>\n<td class=\"column-2\">C93500<\/td>\n<td class=\"column-3\">66<\/td>\n<td class=\"column-4\">&#8211;<\/td>\n<td class=\"column-5\">LB4<\/td>\n<td class=\"column-6\">Hochgeschwindigkeitslager, Buchsen, Hochgeschwindigkeitsteile mit leichter Belastung und leichtem Druck.<\/td>\n<\/tr>\n<tr class=\"row-24 even\">\n<td class=\"column-1\">Hochbleihaltige Zinnbronze<\/td>\n<td class=\"column-2\"><\/td>\n<td class=\"column-3\"><\/td>\n<td class=\"column-4\"><\/td>\n<td class=\"column-5\"><\/td>\n<td class=\"column-6\"><\/td>\n<\/tr>\n<tr class=\"row-25 odd\">\n<td class=\"column-1\">Cu80 Pb10 Sn10<\/td>\n<td class=\"column-2\">C93700<\/td>\n<td class=\"column-3\">64<\/td>\n<td class=\"column-4\">CuPb10Sn<\/td>\n<td class=\"column-5\">LB2<\/td>\n<td class=\"column-6\">Lager f\u00fcr hohe Geschwindigkeiten und hohe Dr\u00fccke, Pumpenteile, druckdichte Gussteile.<\/td>\n<\/tr>\n<tr class=\"row-26 even\">\n<td class=\"column-1\">Hochbleihaltige Zinnbronze<\/td>\n<td class=\"column-2\"><\/td>\n<td class=\"column-3\"><\/td>\n<td class=\"column-4\"><\/td>\n<td class=\"column-5\"><\/td>\n<td class=\"column-6\"><\/td>\n<\/tr>\n<tr class=\"row-27 odd\">\n<td class=\"column-1\">Cu78 Pb15 Sn7<\/td>\n<td class=\"column-2\">C93800<\/td>\n<td class=\"column-3\">67<\/td>\n<td class=\"column-4\">CuPb15Sn<\/td>\n<td class=\"column-5\">LB1<\/td>\n<td class=\"column-6\">Turboladerlager, Lager f\u00fcr allgemeinen Gebrauch und mittlere Dr\u00fccke, Eisenbahnanwendungen.<\/td>\n<\/tr>\n<tr class=\"row-28 even\">\n<td class=\"column-1\">Hochbleihaltige Zinnbronze<\/td>\n<td class=\"column-2\"><\/td>\n<td class=\"column-3\"><\/td>\n<td class=\"column-4\"><\/td>\n<td class=\"column-5\"><\/td>\n<td class=\"column-6\"><\/td>\n<\/tr>\n<tr class=\"row-29 odd\">\n<td class=\"column-1\">Cu75 Pb20 Sn5<\/td>\n<td class=\"column-2\">C94100<\/td>\n<td class=\"column-3\">94<\/td>\n<td class=\"column-4\">CuPb20Sn<\/td>\n<td class=\"column-5\">LB5<\/td>\n<td class=\"column-6\">Hochgeschwindigkeitslager f\u00fcr mittlere Belastungen, festfressend, passt sich Wellenunregelm\u00e4\u00dfigkeiten an.<\/td>\n<\/tr>\n<tr class=\"row-30 even\">\n<td class=\"column-1\">Hochbleihaltige Zinnbronze<\/td>\n<td class=\"column-2\"><\/td>\n<td class=\"column-3\"><\/td>\n<td class=\"column-4\"><\/td>\n<td class=\"column-5\"><\/td>\n<td class=\"column-6\"><\/td>\n<\/tr>\n<tr class=\"row-31 odd\">\n<td class=\"column-1\">Cu87 AI10 Fe3<\/td>\n<td class=\"column-2\">C95400<\/td>\n<td class=\"column-3\">&#8211;<\/td>\n<td class=\"column-4\">CuAI10Fe<\/td>\n<td class=\"column-5\">&#8211;<\/td>\n<td class=\"column-6\">Hochfeste Lager, Buchsen, Zahnr\u00e4der, Schnecken, Verschlei\u00dfplatten, Ventilsitze und F\u00fchrungen.<\/td>\n<\/tr>\n<tr class=\"row-32 even\">\n<td class=\"column-1\">Aluminiumbronze<\/td>\n<td class=\"column-2\"><\/td>\n<td class=\"column-3\"><\/td>\n<td class=\"column-4\"><\/td>\n<td class=\"column-5\"><\/td>\n<td class=\"column-6\"><\/td>\n<\/tr>\n<tr class=\"row-33 odd\">\n<td class=\"column-1\">Cu81 AI10 Ni5 Fe4<\/td>\n<td class=\"column-2\">C95500<\/td>\n<td class=\"column-3\">&#8211;<\/td>\n<td class=\"column-4\">CuAI10Ni<\/td>\n<td class=\"column-5\">&#8211;<\/td>\n<td class=\"column-6\">Hochfeste Lager, korrosionsbest\u00e4ndige Teile, Ventilf\u00fchrungen und -sitze f\u00fcr Flugzeuge.<\/td>\n<\/tr>\n<tr class=\"row-34 even\">\n<td class=\"column-1\">Ni-Aluminium-Bronze<\/td>\n<td class=\"column-2\"><\/td>\n<td class=\"column-3\"><\/td>\n<td class=\"column-4\"><\/td>\n<td class=\"column-5\"><\/td>\n<td class=\"column-6\"><\/td>\n<\/tr>\n<tr class=\"row-35 odd\">\n<td class=\"column-1\">Cu80 AI10 Ni6 Fe4<\/td>\n<td class=\"column-2\">C95800<\/td>\n<td class=\"column-3\">&#8211;<\/td>\n<td class=\"column-4\">CuAl10Ni<\/td>\n<td class=\"column-5\">AB2<\/td>\n<td class=\"column-6\">Antifouling- und salzwasserkorrosionsbest\u00e4ndige Teile sowie allgemeine Schiffshardware.<\/td>\n<\/tr>\n<tr class=\"row-36 even\">\n<td class=\"column-1\">Ni-Aluminium-Bronze<\/td>\n<td class=\"column-2\"><\/td>\n<td class=\"column-3\"><\/td>\n<td class=\"column-4\"><\/td>\n<td class=\"column-5\"><\/td>\n<td class=\"column-6\"><\/td>\n<\/tr>\n<\/tbody>\n<\/table>\n","protected":false},"featured_media":11608,"template":"","meta":[],"product_brand":[],"product_cat":[372],"product_tag":[],"class_list":{"0":"post-11044","1":"product","2":"type-product","3":"status-publish","4":"has-post-thumbnail","6":"product_cat-gussstucke","8":"first","9":"instock","10":"shipping-taxable","11":"product-type-simple"},"yoast_head":"<!-- This site is optimized with the Yoast SEO plugin v27.3 - https:\/\/yoast.com\/product\/yoast-seo-wordpress\/ -->\n<title>Gussteile aus Kupferlegierungen<\/title>\n<meta name=\"description\" content=\"Conex ist ein indischer Hersteller und Exporteur von Kupferg\u00fcssen, einschlie\u00dflich CDA 955, Messingguss und mehr. Wir sind ein f\u00fchrender Kupferguss-Lieferant und bieten Qualit\u00e4ten wie CDA 955, CDA 855, CDA 856, CDA 833, CDA 836, CDA 844, C956 und andere. Wir bieten Kupferlegierungsguss, Siliziumbronze, Aluminiumbronze, Hochfester Kupfer, Berylliumkupfer, Kupfernickel und hochleitf\u00e4hige Kupferg\u00fcsse.\" \/>\n<meta name=\"robots\" content=\"index, follow, max-snippet:-1, max-image-preview:large, max-video-preview:-1\" \/>\n<link rel=\"canonical\" href=\"https:\/\/conexmetals.com\/de\/produkt\/gussteile-aus-kupferlegierungen\/\" \/>\n<script type=\"application\/ld+json\" class=\"yoast-schema-graph\">{\"@context\":\"https:\\\/\\\/schema.org\",\"@graph\":[{\"@type\":\"WebPage\",\"@id\":\"https:\\\/\\\/conexmetals.com\\\/de\\\/produkt\\\/gussteile-aus-kupferlegierungen\\\/\",\"url\":\"https:\\\/\\\/conexmetals.com\\\/de\\\/produkt\\\/gussteile-aus-kupferlegierungen\\\/\",\"name\":\"Gussteile aus Kupferlegierungen\",\"isPartOf\":{\"@id\":\"https:\\\/\\\/conexmetals.com\\\/de\\\/#website\"},\"primaryImageOfPage\":{\"@id\":\"https:\\\/\\\/conexmetals.com\\\/de\\\/produkt\\\/gussteile-aus-kupferlegierungen\\\/#primaryimage\"},\"image\":{\"@id\":\"https:\\\/\\\/conexmetals.com\\\/de\\\/produkt\\\/gussteile-aus-kupferlegierungen\\\/#primaryimage\"},\"thumbnailUrl\":\"https:\\\/\\\/conexmetals.com\\\/wp-content\\\/uploads\\\/2024\\\/10\\\/Kupferlegierungs-Gussteile.png\",\"datePublished\":\"2023-08-16T04:58:19+00:00\",\"dateModified\":\"2024-10-10T12:37:58+00:00\",\"description\":\"Conex ist ein indischer Hersteller und Exporteur von Kupferg\u00fcssen, einschlie\u00dflich CDA 955, Messingguss und mehr. Wir sind ein f\u00fchrender Kupferguss-Lieferant und bieten Qualit\u00e4ten wie CDA 955, CDA 855, CDA 856, CDA 833, CDA 836, CDA 844, C956 und andere. Wir bieten Kupferlegierungsguss, Siliziumbronze, Aluminiumbronze, Hochfester Kupfer, Berylliumkupfer, Kupfernickel und hochleitf\u00e4hige Kupferg\u00fcsse.\",\"breadcrumb\":{\"@id\":\"https:\\\/\\\/conexmetals.com\\\/de\\\/produkt\\\/gussteile-aus-kupferlegierungen\\\/#breadcrumb\"},\"inLanguage\":\"de\",\"potentialAction\":[{\"@type\":\"ReadAction\",\"target\":[\"https:\\\/\\\/conexmetals.com\\\/de\\\/produkt\\\/gussteile-aus-kupferlegierungen\\\/\"]}]},{\"@type\":\"ImageObject\",\"inLanguage\":\"de\",\"@id\":\"https:\\\/\\\/conexmetals.com\\\/de\\\/produkt\\\/gussteile-aus-kupferlegierungen\\\/#primaryimage\",\"url\":\"https:\\\/\\\/conexmetals.com\\\/wp-content\\\/uploads\\\/2024\\\/10\\\/Kupferlegierungs-Gussteile.png\",\"contentUrl\":\"https:\\\/\\\/conexmetals.com\\\/wp-content\\\/uploads\\\/2024\\\/10\\\/Kupferlegierungs-Gussteile.png\",\"width\":250,\"height\":250,\"caption\":\"Kupferlegierungs-Gussteile\"},{\"@type\":\"BreadcrumbList\",\"@id\":\"https:\\\/\\\/conexmetals.com\\\/de\\\/produkt\\\/gussteile-aus-kupferlegierungen\\\/#breadcrumb\",\"itemListElement\":[{\"@type\":\"ListItem\",\"position\":1,\"name\":\"Home\",\"item\":\"https:\\\/\\\/conexmetals.com\\\/de\\\/heim\\\/\"},{\"@type\":\"ListItem\",\"position\":2,\"name\":\"Products\",\"item\":\"https:\\\/\\\/conexmetals.com\\\/products\\\/\"},{\"@type\":\"ListItem\",\"position\":3,\"name\":\"Gussteile aus Kupferlegierungen\"}]},{\"@type\":\"WebSite\",\"@id\":\"https:\\\/\\\/conexmetals.com\\\/de\\\/#website\",\"url\":\"https:\\\/\\\/conexmetals.com\\\/de\\\/\",\"name\":\"Conex Metals Brass Fittings Brass Parts Copper Parts Brass Components Brass Plumbing Fittings India\",\"description\":\"Manufacturer of Bronze Fittings casting Copper Brass parts components\",\"publisher\":{\"@id\":\"https:\\\/\\\/conexmetals.com\\\/de\\\/#organization\"},\"potentialAction\":[{\"@type\":\"SearchAction\",\"target\":{\"@type\":\"EntryPoint\",\"urlTemplate\":\"https:\\\/\\\/conexmetals.com\\\/de\\\/?s={search_term_string}\"},\"query-input\":{\"@type\":\"PropertyValueSpecification\",\"valueRequired\":true,\"valueName\":\"search_term_string\"}}],\"inLanguage\":\"de\"},{\"@type\":\"Organization\",\"@id\":\"https:\\\/\\\/conexmetals.com\\\/de\\\/#organization\",\"name\":\"Conex Metals Brass Fittings Brass Parts Copper Parts Brass Components Brass Plumbing Fittings India\",\"url\":\"https:\\\/\\\/conexmetals.com\\\/de\\\/\",\"logo\":{\"@type\":\"ImageObject\",\"inLanguage\":\"de\",\"@id\":\"https:\\\/\\\/conexmetals.com\\\/de\\\/#\\\/schema\\\/logo\\\/image\\\/\",\"url\":\"https:\\\/\\\/conexmetals.com\\\/wp-content\\\/uploads\\\/2024\\\/03\\\/conex-metals-logo.webp\",\"contentUrl\":\"https:\\\/\\\/conexmetals.com\\\/wp-content\\\/uploads\\\/2024\\\/03\\\/conex-metals-logo.webp\",\"width\":300,\"height\":121,\"caption\":\"Conex Metals Brass Fittings Brass Parts Copper Parts Brass Components Brass Plumbing Fittings India\"},\"image\":{\"@id\":\"https:\\\/\\\/conexmetals.com\\\/de\\\/#\\\/schema\\\/logo\\\/image\\\/\"},\"sameAs\":[\"https:\\\/\\\/www.facebook.com\\\/conexbrass\",\"https:\\\/\\\/x.com\\\/conexindia\",\"https:\\\/\\\/www.linkedin.com\\\/company\\\/conex-metals-india\\\/\",\"https:\\\/\\\/www.instagram.com\\\/conexindia\\\/\"]}]}<\/script>\n<!-- \/ Yoast SEO plugin. -->","yoast_head_json":{"title":"Gussteile aus Kupferlegierungen","description":"Conex ist ein indischer Hersteller und Exporteur von Kupferg\u00fcssen, einschlie\u00dflich CDA 955, Messingguss und mehr. Wir sind ein f\u00fchrender Kupferguss-Lieferant und bieten Qualit\u00e4ten wie CDA 955, CDA 855, CDA 856, CDA 833, CDA 836, CDA 844, C956 und andere. Wir bieten Kupferlegierungsguss, Siliziumbronze, Aluminiumbronze, Hochfester Kupfer, Berylliumkupfer, Kupfernickel und hochleitf\u00e4hige Kupferg\u00fcsse.","robots":{"index":"index","follow":"follow","max-snippet":"max-snippet:-1","max-image-preview":"max-image-preview:large","max-video-preview":"max-video-preview:-1"},"canonical":"https:\/\/conexmetals.com\/de\/produkt\/gussteile-aus-kupferlegierungen\/","schema":{"@context":"https:\/\/schema.org","@graph":[{"@type":"WebPage","@id":"https:\/\/conexmetals.com\/de\/produkt\/gussteile-aus-kupferlegierungen\/","url":"https:\/\/conexmetals.com\/de\/produkt\/gussteile-aus-kupferlegierungen\/","name":"Gussteile aus Kupferlegierungen","isPartOf":{"@id":"https:\/\/conexmetals.com\/de\/#website"},"primaryImageOfPage":{"@id":"https:\/\/conexmetals.com\/de\/produkt\/gussteile-aus-kupferlegierungen\/#primaryimage"},"image":{"@id":"https:\/\/conexmetals.com\/de\/produkt\/gussteile-aus-kupferlegierungen\/#primaryimage"},"thumbnailUrl":"https:\/\/conexmetals.com\/wp-content\/uploads\/2024\/10\/Kupferlegierungs-Gussteile.png","datePublished":"2023-08-16T04:58:19+00:00","dateModified":"2024-10-10T12:37:58+00:00","description":"Conex ist ein indischer Hersteller und Exporteur von Kupferg\u00fcssen, einschlie\u00dflich CDA 955, Messingguss und mehr. Wir sind ein f\u00fchrender Kupferguss-Lieferant und bieten Qualit\u00e4ten wie CDA 955, CDA 855, CDA 856, CDA 833, CDA 836, CDA 844, C956 und andere. Wir bieten Kupferlegierungsguss, Siliziumbronze, Aluminiumbronze, Hochfester Kupfer, Berylliumkupfer, Kupfernickel und hochleitf\u00e4hige Kupferg\u00fcsse.","breadcrumb":{"@id":"https:\/\/conexmetals.com\/de\/produkt\/gussteile-aus-kupferlegierungen\/#breadcrumb"},"inLanguage":"de","potentialAction":[{"@type":"ReadAction","target":["https:\/\/conexmetals.com\/de\/produkt\/gussteile-aus-kupferlegierungen\/"]}]},{"@type":"ImageObject","inLanguage":"de","@id":"https:\/\/conexmetals.com\/de\/produkt\/gussteile-aus-kupferlegierungen\/#primaryimage","url":"https:\/\/conexmetals.com\/wp-content\/uploads\/2024\/10\/Kupferlegierungs-Gussteile.png","contentUrl":"https:\/\/conexmetals.com\/wp-content\/uploads\/2024\/10\/Kupferlegierungs-Gussteile.png","width":250,"height":250,"caption":"Kupferlegierungs-Gussteile"},{"@type":"BreadcrumbList","@id":"https:\/\/conexmetals.com\/de\/produkt\/gussteile-aus-kupferlegierungen\/#breadcrumb","itemListElement":[{"@type":"ListItem","position":1,"name":"Home","item":"https:\/\/conexmetals.com\/de\/heim\/"},{"@type":"ListItem","position":2,"name":"Products","item":"https:\/\/conexmetals.com\/products\/"},{"@type":"ListItem","position":3,"name":"Gussteile aus Kupferlegierungen"}]},{"@type":"WebSite","@id":"https:\/\/conexmetals.com\/de\/#website","url":"https:\/\/conexmetals.com\/de\/","name":"Conex Metals Brass Fittings Brass Parts Copper Parts Brass Components Brass Plumbing Fittings India","description":"Manufacturer of Bronze Fittings casting Copper Brass parts components","publisher":{"@id":"https:\/\/conexmetals.com\/de\/#organization"},"potentialAction":[{"@type":"SearchAction","target":{"@type":"EntryPoint","urlTemplate":"https:\/\/conexmetals.com\/de\/?s={search_term_string}"},"query-input":{"@type":"PropertyValueSpecification","valueRequired":true,"valueName":"search_term_string"}}],"inLanguage":"de"},{"@type":"Organization","@id":"https:\/\/conexmetals.com\/de\/#organization","name":"Conex Metals Brass Fittings Brass Parts Copper Parts Brass Components Brass Plumbing Fittings India","url":"https:\/\/conexmetals.com\/de\/","logo":{"@type":"ImageObject","inLanguage":"de","@id":"https:\/\/conexmetals.com\/de\/#\/schema\/logo\/image\/","url":"https:\/\/conexmetals.com\/wp-content\/uploads\/2024\/03\/conex-metals-logo.webp","contentUrl":"https:\/\/conexmetals.com\/wp-content\/uploads\/2024\/03\/conex-metals-logo.webp","width":300,"height":121,"caption":"Conex Metals Brass Fittings Brass Parts Copper Parts Brass Components Brass Plumbing Fittings India"},"image":{"@id":"https:\/\/conexmetals.com\/de\/#\/schema\/logo\/image\/"},"sameAs":["https:\/\/www.facebook.com\/conexbrass","https:\/\/x.com\/conexindia","https:\/\/www.linkedin.com\/company\/conex-metals-india\/","https:\/\/www.instagram.com\/conexindia\/"]}]}},"_links":{"self":[{"href":"https:\/\/conexmetals.com\/de\/wp-json\/wp\/v2\/product\/11044","targetHints":{"allow":["GET"]}}],"collection":[{"href":"https:\/\/conexmetals.com\/de\/wp-json\/wp\/v2\/product"}],"about":[{"href":"https:\/\/conexmetals.com\/de\/wp-json\/wp\/v2\/types\/product"}],"wp:featuredmedia":[{"embeddable":true,"href":"https:\/\/conexmetals.com\/de\/wp-json\/wp\/v2\/media\/11608"}],"wp:attachment":[{"href":"https:\/\/conexmetals.com\/de\/wp-json\/wp\/v2\/media?parent=11044"}],"wp:term":[{"taxonomy":"product_brand","embeddable":true,"href":"https:\/\/conexmetals.com\/de\/wp-json\/wp\/v2\/product_brand?post=11044"},{"taxonomy":"product_cat","embeddable":true,"href":"https:\/\/conexmetals.com\/de\/wp-json\/wp\/v2\/product_cat?post=11044"},{"taxonomy":"product_tag","embeddable":true,"href":"https:\/\/conexmetals.com\/de\/wp-json\/wp\/v2\/product_tag?post=11044"}],"curies":[{"name":"wp","href":"https:\/\/api.w.org\/{rel}","templated":true}]}}