{"id":11155,"date":"2023-08-16T11:15:32","date_gmt":"2023-08-16T05:45:32","guid":{"rendered":"https:\/\/conexmetals.com\/?post_type=product&#038;p=11155"},"modified":"2024-10-17T15:48:12","modified_gmt":"2024-10-17T10:18:12","slug":"kupfermechanische-klemmen","status":"publish","type":"product","link":"https:\/\/conexmetals.com\/de\/produkt\/kupfermechanische-klemmen\/","title":{"rendered":"Kupfermechanische Klemmen"},"content":{"rendered":"","protected":false},"excerpt":{"rendered":"<p><img fetchpriority=\"high\" decoding=\"async\" class=\"size-full wp-image-6733 alignright\" src=\"https:\/\/conexmetals.com\/wp-content\/uploads\/2023\/08\/Copper-Mechanical-Lugs-line-drawing.jpg\" alt=\"Strichzeichnung von mechanischen \u00d6sen aus Kupfer\" width=\"292\" height=\"300\" \/>Mechanische Kupferverbinder oder mechanische Kabelschuhe, auch bekannt als Kupferkabelschuhe mit versetzter Zunge und einem Loch, sind elektrische Komponenten, die f\u00fcr zuverl\u00e4ssige und sichere Verbindungen zwischen Kupferleitern und elektrischen Ger\u00e4ten verwendet werden. Diese Verbinder werden h\u00e4ufig in Stromverteilungssystemen, Industrieanlagen und verschiedenen elektrischen Anwendungen verwendet.<\/p>\n<p class=\"font-600 text-xl font-bold\">Conex Metals ist ein indischer Hersteller und Exporteur hochwertiger Kupferkabelschuhe mit versetzter Zunge, auch bekannt als Kupfer-Schraubkabelschuhe. Sie sind wichtige Komponenten in elektrischen Systemen und dienen zur Herstellung sicherer Verbindungen zwischen Kupferleitern und elektrischen Ger\u00e4ten. Diese Kupfer-Schraubkabelschuhe oder mechanischen Verbinder spielen eine entscheidende Rolle bei der Gew\u00e4hrleistung einer sicheren und effizienten Strom\u00fcbertragung und -verteilung in verschiedenen industriellen und kommerziellen Anwendungen. Sie werden aus Kupferblechen und im Extrusionsverfahren hergestellt.<\/p>\n<table id=\"tablepress-340\" class=\"tablepress tablepress-id-340\">\n<caption>\u00a0<\/caption>\n<thead>\n<tr class=\"row-1 odd\">\n<th class=\"column-1\" colspan=\"9\"><strong>Mechanische Steckverbinder aus Kupfer<\/strong><\/th>\n<\/tr>\n<\/thead>\n<tbody class=\"row-hover\">\n<tr class=\"row-2 even\">\n<td class=\"column-1\" rowspan=\"2\"><strong>Kupferdrahtbereich (AWG)<\/strong><\/td>\n<td class=\"column-2\" rowspan=\"2\"><strong>Schraubengr\u00f6\u00dfe<\/strong><\/td>\n<td class=\"column-3\" rowspan=\"2\"><strong>Schraubentyp<\/strong><\/td>\n<td class=\"column-4\" colspan=\"6\"><strong>Ma\u00dfe in mm<\/strong><\/td>\n<\/tr>\n<tr class=\"row-3 odd\">\n<td class=\"column-4\"><strong>F<\/strong><\/td>\n<td class=\"column-5\"><strong>UND<\/strong><\/td>\n<td class=\"column-6\"><strong>D<\/strong><\/td>\n<td class=\"column-7\"><strong>G<\/strong><\/td>\n<td class=\"column-8\"><strong>H<\/strong><\/td>\n<td class=\"column-9\"><strong>T<\/strong><\/td>\n<\/tr>\n<tr class=\"row-4 even\">\n<td class=\"column-1\">#14 \u2013 #10<\/td>\n<td class=\"column-2\">48 A<\/td>\n<td class=\"column-3\">SCHRAUBE-1<\/td>\n<td class=\"column-4\">26<\/td>\n<td class=\"column-5\">12<\/td>\n<td class=\"column-6\">7<\/td>\n<td class=\"column-7\">5.3<\/td>\n<td class=\"column-8\">7,95<\/td>\n<td class=\"column-9\">9,5<\/td>\n<\/tr>\n<tr class=\"row-5 odd\">\n<td class=\"column-1\">#14 \u2013 #6<\/td>\n<td class=\"column-2\">1\/4&#8243; UNF<\/td>\n<td class=\"column-3\">SCHRAUBE-2<\/td>\n<td class=\"column-4\">31,5<\/td>\n<td class=\"column-5\">15<\/td>\n<td class=\"column-6\">11<\/td>\n<td class=\"column-7\">5.6<\/td>\n<td class=\"column-8\">10<\/td>\n<td class=\"column-9\">12.3<\/td>\n<\/tr>\n<tr class=\"row-6 even\">\n<td class=\"column-1\">#8 &#8211; #2<\/td>\n<td class=\"column-2\">5\/16&#8243; UNF<\/td>\n<td class=\"column-3\">SCHRAUBE-2<\/td>\n<td class=\"column-4\">39,5<\/td>\n<td class=\"column-5\">20,5<\/td>\n<td class=\"column-6\">12.7<\/td>\n<td class=\"column-7\">6,35<\/td>\n<td class=\"column-8\">12<\/td>\n<td class=\"column-9\">16.3<\/td>\n<\/tr>\n<tr class=\"row-7 odd\">\n<td class=\"column-1\">#6 &#8211; #1\/0<\/td>\n<td class=\"column-2\">3\/8&#8243; UNF<\/td>\n<td class=\"column-3\">SCHRAUBE-2<\/td>\n<td class=\"column-4\">50,18<\/td>\n<td class=\"column-5\">26.16<\/td>\n<td class=\"column-6\">15.35<\/td>\n<td class=\"column-7\">10,63<\/td>\n<td class=\"column-8\">15,93<\/td>\n<td class=\"column-9\">23.05<\/td>\n<\/tr>\n<tr class=\"row-8 even\">\n<td class=\"column-1\">#4 \u2013 #3\/0<\/td>\n<td class=\"column-2\">3\/8&#8243; UNF<\/td>\n<td class=\"column-3\">SCHRAUBE-3<\/td>\n<td class=\"column-4\">55,67<\/td>\n<td class=\"column-5\">29,85<\/td>\n<td class=\"column-6\">18.17<\/td>\n<td class=\"column-7\">10,87<\/td>\n<td class=\"column-8\">19.17<\/td>\n<td class=\"column-9\">26,36<\/td>\n<\/tr>\n<tr class=\"row-9 odd\">\n<td class=\"column-1\">#2 \u2013 #4\/0<\/td>\n<td class=\"column-2\">7\/16&#8243; UNF<\/td>\n<td class=\"column-3\">SCHRAUBE-3<\/td>\n<td class=\"column-4\">64,86<\/td>\n<td class=\"column-5\">33,57<\/td>\n<td class=\"column-6\">23,94<\/td>\n<td class=\"column-7\">12,78<\/td>\n<td class=\"column-8\">25,25<\/td>\n<td class=\"column-9\">29,68<\/td>\n<\/tr>\n<tr class=\"row-10 even\">\n<td class=\"column-1\">#1\/0 &#8211; 350<\/td>\n<td class=\"column-2\">5\/8&#8243; UNF<\/td>\n<td class=\"column-3\">SCHRAUBE-3<\/td>\n<td class=\"column-4\">71,68<\/td>\n<td class=\"column-5\">33,55<\/td>\n<td class=\"column-6\">30,85<\/td>\n<td class=\"column-7\">12,97<\/td>\n<td class=\"column-8\">25,25<\/td>\n<td class=\"column-9\">35,65<\/td>\n<\/tr>\n<tr class=\"row-11 odd\">\n<td class=\"column-1\">#1\/0 &#8211; 500<\/td>\n<td class=\"column-2\">5\/8&#8243; UNF<\/td>\n<td class=\"column-3\">SCHRAUBE-3<\/td>\n<td class=\"column-4\">103,78<\/td>\n<td class=\"column-5\">56,28<\/td>\n<td class=\"column-6\">36,15<\/td>\n<td class=\"column-7\">22,95<\/td>\n<td class=\"column-8\">38,05<\/td>\n<td class=\"column-9\">40,75<\/td>\n<\/tr>\n<tr class=\"row-12 even\">\n<td class=\"column-1\">600 &#8211; 1000<\/td>\n<td class=\"column-2\">3\/4&#8243; UNF<\/td>\n<td class=\"column-3\">SCHRAUBE-3<\/td>\n<td class=\"column-4\">122,75<\/td>\n<td class=\"column-5\">60,87<\/td>\n<td class=\"column-6\">47,15<\/td>\n<td class=\"column-7\">28,37<\/td>\n<td class=\"column-8\">49,86<\/td>\n<td class=\"column-9\">59,05<\/td>\n<\/tr>\n<\/tbody>\n<\/table>\n<p class=\"font-600 text-lg font-bold\"><strong>Material f\u00fcr Kupferkabelschuhe mit versetzter Zunge \u2013 Kupferkabelschuhe\/-verbinder:<\/strong><\/p>\n<p class=\"whitespace-pre-wrap break-words\">Kupferkabelschuhe und mechanische Verbinder mit versetzter Zunge bestehen haupts\u00e4chlich aus hochwertigem Kupfer, das f\u00fcr seine hervorragende elektrische Leitf\u00e4higkeit und Korrosionsbest\u00e4ndigkeit bekannt ist. Einige Varianten k\u00f6nnen verzinnt sein, um den Korrosionsschutz zu verbessern und die Oxidation im Laufe der Zeit zu verringern.<\/p>\n<p class=\"font-600 text-lg font-bold\"><strong>Struktur:<\/strong><\/p>\n<ol class=\"-mt-1 list-decimal space-y-2 pl-8\">\n<li class=\"whitespace-normal break-words\"><strong>K\u00f6rper<\/strong>\u00a0: Der Hauptteil der \u00d6se mit einer H\u00fclse zum Einf\u00fchren des Kabels.<\/li>\n<li class=\"whitespace-normal break-words\"><strong>Zunge<\/strong>\u00a0: Eine versetzte, flache Verl\u00e4ngerung mit einem Loch zur Bolzenbefestigung.<\/li>\n<li class=\"whitespace-normal break-words\"><strong>Stellschraube<\/strong>\u00a0: Ein mechanischer Verschluss, der verwendet wird, um den Leiter im Zylinder zu sichern.<\/li>\n<\/ol>\n<p>&nbsp;<\/p>\n<p class=\"font-600 text-lg font-bold\"><strong>Offset-Design:<\/strong><\/p>\n<p class=\"whitespace-pre-wrap break-words\">Das charakteristische Merkmal dieser \u00d6sen ist die versetzte Zunge, die von der Mittellinie des Zylinders abgewinkelt oder abgestuft ist. Dieses Design erm\u00f6glicht eine einfachere Installation in beengten R\u00e4umen und reduziert die Belastung des Kabels beim Biegen.<\/p>\n<p class=\"font-600 text-xl font-bold\"><strong>Typen und Gr\u00f6\u00dfen von Kupferkabelschuhen mit versetzter Zunge \u2013 Kupferkabelschuhe\/-verbinder:<\/strong><\/p>\n<ol class=\"-mt-1 list-decimal space-y-2 pl-8\">\n<li class=\"whitespace-normal break-words\"><strong>Einzelgeh\u00e4use<\/strong>\u00a0: Bietet Platz f\u00fcr einen Leiter.<\/li>\n<li class=\"whitespace-normal break-words\"><strong>Doppelter Zylinder<\/strong>\u00a0: Erm\u00f6glicht den Anschluss von zwei Leitern.<\/li>\n<li class=\"whitespace-normal break-words\"><strong>Gr\u00f6\u00dfenbereich<\/strong>\u00a0: Verf\u00fcgbar f\u00fcr Drahtgr\u00f6\u00dfen von kleiner St\u00e4rke (z. B. 14 AWG) bis zu gro\u00dfen Leitern (z. B. 1000 MCM).<\/li>\n<li class=\"whitespace-normal break-words\"><strong>Lochgr\u00f6\u00dfen<\/strong>\u00a0: Verschiedene Bolzenlochdurchmesser passend zu unterschiedlichen Bolzengr\u00f6\u00dfen.<\/li>\n<\/ol>\n<p>&nbsp;<\/p>\n<p class=\"font-600 text-xl font-bold\"><strong>Anwendungen:<\/strong><\/p>\n<p class=\"whitespace-pre-wrap break-words\">Kupferkabelschuhe mit versetzter Zunge werden in zahlreichen elektrischen Anwendungen eingesetzt, darunter:<\/p>\n<ol class=\"-mt-1 list-decimal space-y-2 pl-8\">\n<li class=\"whitespace-normal break-words\">Schaltanlagen- und Leistungsschalteranschl\u00fcsse<\/li>\n<li class=\"whitespace-normal break-words\">Motor- und Generatoranschl\u00fcsse<\/li>\n<li class=\"whitespace-normal break-words\">Transformatoranschl\u00fcsse<\/li>\n<li class=\"whitespace-normal break-words\">Stromverteilertafeln<\/li>\n<li class=\"whitespace-normal break-words\">Industrielle Maschinen und Anlagen<\/li>\n<li class=\"whitespace-normal break-words\">Erneuerbare Energiesysteme (Solar- und Windenergie)<\/li>\n<li class=\"whitespace-normal break-words\">HLK-Systeme<\/li>\n<li class=\"whitespace-normal break-words\">Hochleistungsger\u00e4te und -ausr\u00fcstung<\/li>\n<\/ol>\n<p>&nbsp;<\/p>\n<p class=\"font-600 text-xl font-bold\"><strong>Installationsprozess f\u00fcr mechanische Kupferverbinder, mechanische Kabelschuhe, Kupferkabelschuhe mit versetzter Zunge:<\/strong><\/p>\n<ol class=\"-mt-1 list-decimal space-y-2 pl-8\">\n<li class=\"whitespace-normal break-words\"><strong>Kabel abisolieren<\/strong>\u00a0: Entfernen Sie die Isolierung vom Leiterende, passend zur Rohrtiefe.<\/li>\n<li class=\"whitespace-normal break-words\"><strong>Leiter einf\u00fchren<\/strong>\u00a0: Schieben Sie den abisolierten Draht vollst\u00e4ndig in die Kabelschuhh\u00fclse.<\/li>\n<li class=\"whitespace-normal break-words\"><strong>Festziehen der Stellschraube<\/strong>\u00a0: Verwenden Sie einen kalibrierten Drehmomentschl\u00fcssel, um den Leiter zu sichern.<\/li>\n<li class=\"whitespace-normal break-words\"><strong>Anbringen am Ger\u00e4t<\/strong>\u00a0: Schrauben Sie die Lasche der \u00d6se an den gew\u00fcnschten Verbindungspunkt.<\/li>\n<li class=\"whitespace-normal break-words\"><strong>Isolieren<\/strong>\u00a0: Bringen Sie die entsprechende Isolierung oder Abdeckungen gem\u00e4\u00df den Vorschriften an.<\/li>\n<\/ol>\n<p>&nbsp;<\/p>\n<p class=\"font-600 text-xl font-bold\"><strong>Vorteile der Verwendung von mechanischen Kabelschuhen aus Kupfer \u2013 mechanische Verbinder \u2013 Kabelschuhe mit versetzter Zunge:<\/strong><\/p>\n<ol class=\"-mt-1 list-decimal space-y-2 pl-8\">\n<li class=\"whitespace-normal break-words\"><strong>Hohe Leitf\u00e4higkeit<\/strong>\u00a0: Die Kupferkonstruktion gew\u00e4hrleistet eine hervorragende elektrische Leistung.<\/li>\n<li class=\"whitespace-normal break-words\"><strong>Vielseitigkeit<\/strong>\u00a0: Geeignet f\u00fcr eine Vielzahl von Drahtgr\u00f6\u00dfen und Anwendungen.<\/li>\n<li class=\"whitespace-normal break-words\"><strong>Einfache Installation<\/strong>\u00a0: Keine Spezialwerkzeuge erforderlich; kann mit Standardschraubenschl\u00fcsseln installiert werden.<\/li>\n<li class=\"whitespace-normal break-words\"><strong>Zuverl\u00e4ssigkeit<\/strong>\u00a0: Die mechanische Befestigung sorgt f\u00fcr eine sichere, langlebige Verbindung.<\/li>\n<li class=\"whitespace-normal break-words\"><strong>Platzsparend<\/strong>\u00a0: Das versetzte Design erm\u00f6glicht eine kompakte Installation.<\/li>\n<li class=\"whitespace-normal break-words\"><strong>Wiederverwendbarkeit<\/strong>\u00a0: Kann bei Bedarf mehrmals getrennt und wieder verbunden werden.<\/li>\n<\/ol>\n<p class=\"font-600 text-xl font-bold\">Sicherheit und Normen f\u00fcr Kupfer-Schraubverbinder, mechanische Kabelschuhe, Kupfer-Kabelschuhe mit versetzter Zunge<\/p>\n<p class=\"whitespace-pre-wrap break-words\"><strong>Kupferkabelschuhe mit versetzter Zunge werden typischerweise hergestellt, um verschiedene Industrienormen zu erf\u00fcllen:<\/strong><\/p>\n<ol class=\"-mt-1 list-decimal space-y-2 pl-8\">\n<li class=\"whitespace-normal break-words\">Bei Bedarf k\u00f6nnen sie in der UL-Liste aufgef\u00fchrt sein.<\/li>\n<li class=\"whitespace-normal break-words\">\u00a0RoHS-konform (Beschr\u00e4nkung der Verwendung gef\u00e4hrlicher Stoffe)<\/li>\n<li class=\"whitespace-normal break-words\">REACH-konform (Registrierung, Bewertung, Zulassung und Beschr\u00e4nkung chemischer Stoffe)<\/li>\n<\/ol>\n<p>&nbsp;<\/p>\n","protected":false},"featured_media":9533,"template":"","meta":[],"product_brand":[],"product_cat":[388],"product_tag":[],"class_list":{"0":"post-11155","1":"product","2":"type-product","3":"status-publish","4":"has-post-thumbnail","6":"product_cat-elektrische-zubehorteile","8":"first","9":"instock","10":"shipping-taxable","11":"product-type-simple"},"yoast_head":"<!-- This site is optimized with the Yoast SEO plugin v27.3 - https:\/\/yoast.com\/product\/yoast-seo-wordpress\/ -->\n<title>Kupfermechanische Klemmen<\/title>\n<meta name=\"description\" content=\"Conex Metals ist ein Hersteller und Exporteur von Kupfermechanischen Klemmen, Kupfermechanischen Verbindern, Kupferversetzten Klemmen, Einloch-Klemmen gem\u00e4\u00df AWG-Gr\u00f6\u00dfen aus Kupferblech und Extrusionsprozess. Wir bieten eine gro\u00dfe Auswahl an Kupfermechanischen Klemmen, Kupfermechanischen Verbindern und Einloch-Versetzten Zungenklemmen, Terminals und Verbindern aus Indien.\" \/>\n<meta name=\"robots\" content=\"index, follow, max-snippet:-1, max-image-preview:large, max-video-preview:-1\" \/>\n<link rel=\"canonical\" href=\"https:\/\/conexmetals.com\/de\/produkt\/kupfermechanische-klemmen\/\" \/>\n<script type=\"application\/ld+json\" class=\"yoast-schema-graph\">{\"@context\":\"https:\\\/\\\/schema.org\",\"@graph\":[{\"@type\":\"WebPage\",\"@id\":\"https:\\\/\\\/conexmetals.com\\\/de\\\/produkt\\\/kupfermechanische-klemmen\\\/\",\"url\":\"https:\\\/\\\/conexmetals.com\\\/de\\\/produkt\\\/kupfermechanische-klemmen\\\/\",\"name\":\"Kupfermechanische Klemmen\",\"isPartOf\":{\"@id\":\"https:\\\/\\\/conexmetals.com\\\/de\\\/#website\"},\"primaryImageOfPage\":{\"@id\":\"https:\\\/\\\/conexmetals.com\\\/de\\\/produkt\\\/kupfermechanische-klemmen\\\/#primaryimage\"},\"image\":{\"@id\":\"https:\\\/\\\/conexmetals.com\\\/de\\\/produkt\\\/kupfermechanische-klemmen\\\/#primaryimage\"},\"thumbnailUrl\":\"https:\\\/\\\/conexmetals.com\\\/wp-content\\\/uploads\\\/2024\\\/10\\\/Kupfermechanische-Klemmen-1.jpg\",\"datePublished\":\"2023-08-16T05:45:32+00:00\",\"dateModified\":\"2024-10-17T10:18:12+00:00\",\"description\":\"Conex Metals ist ein Hersteller und Exporteur von Kupfermechanischen Klemmen, Kupfermechanischen Verbindern, Kupferversetzten Klemmen, Einloch-Klemmen gem\u00e4\u00df AWG-Gr\u00f6\u00dfen aus Kupferblech und Extrusionsprozess. Wir bieten eine gro\u00dfe Auswahl an Kupfermechanischen Klemmen, Kupfermechanischen Verbindern und Einloch-Versetzten Zungenklemmen, Terminals und Verbindern aus Indien.\",\"breadcrumb\":{\"@id\":\"https:\\\/\\\/conexmetals.com\\\/de\\\/produkt\\\/kupfermechanische-klemmen\\\/#breadcrumb\"},\"inLanguage\":\"de\",\"potentialAction\":[{\"@type\":\"ReadAction\",\"target\":[\"https:\\\/\\\/conexmetals.com\\\/de\\\/produkt\\\/kupfermechanische-klemmen\\\/\"]}]},{\"@type\":\"ImageObject\",\"inLanguage\":\"de\",\"@id\":\"https:\\\/\\\/conexmetals.com\\\/de\\\/produkt\\\/kupfermechanische-klemmen\\\/#primaryimage\",\"url\":\"https:\\\/\\\/conexmetals.com\\\/wp-content\\\/uploads\\\/2024\\\/10\\\/Kupfermechanische-Klemmen-1.jpg\",\"contentUrl\":\"https:\\\/\\\/conexmetals.com\\\/wp-content\\\/uploads\\\/2024\\\/10\\\/Kupfermechanische-Klemmen-1.jpg\",\"width\":295,\"height\":300,\"caption\":\"Kupfermechanische Klemmen\"},{\"@type\":\"BreadcrumbList\",\"@id\":\"https:\\\/\\\/conexmetals.com\\\/de\\\/produkt\\\/kupfermechanische-klemmen\\\/#breadcrumb\",\"itemListElement\":[{\"@type\":\"ListItem\",\"position\":1,\"name\":\"Home\",\"item\":\"https:\\\/\\\/conexmetals.com\\\/de\\\/heim\\\/\"},{\"@type\":\"ListItem\",\"position\":2,\"name\":\"Products\",\"item\":\"https:\\\/\\\/conexmetals.com\\\/products\\\/\"},{\"@type\":\"ListItem\",\"position\":3,\"name\":\"Kupfermechanische Klemmen\"}]},{\"@type\":\"WebSite\",\"@id\":\"https:\\\/\\\/conexmetals.com\\\/de\\\/#website\",\"url\":\"https:\\\/\\\/conexmetals.com\\\/de\\\/\",\"name\":\"Conex Metals Brass Fittings Brass Parts Copper Parts Brass Components Brass Plumbing Fittings India\",\"description\":\"Manufacturer of Bronze Fittings casting Copper Brass parts components\",\"publisher\":{\"@id\":\"https:\\\/\\\/conexmetals.com\\\/de\\\/#organization\"},\"potentialAction\":[{\"@type\":\"SearchAction\",\"target\":{\"@type\":\"EntryPoint\",\"urlTemplate\":\"https:\\\/\\\/conexmetals.com\\\/de\\\/?s={search_term_string}\"},\"query-input\":{\"@type\":\"PropertyValueSpecification\",\"valueRequired\":true,\"valueName\":\"search_term_string\"}}],\"inLanguage\":\"de\"},{\"@type\":\"Organization\",\"@id\":\"https:\\\/\\\/conexmetals.com\\\/de\\\/#organization\",\"name\":\"Conex Metals Brass Fittings Brass Parts Copper Parts Brass Components Brass Plumbing Fittings India\",\"url\":\"https:\\\/\\\/conexmetals.com\\\/de\\\/\",\"logo\":{\"@type\":\"ImageObject\",\"inLanguage\":\"de\",\"@id\":\"https:\\\/\\\/conexmetals.com\\\/de\\\/#\\\/schema\\\/logo\\\/image\\\/\",\"url\":\"https:\\\/\\\/conexmetals.com\\\/wp-content\\\/uploads\\\/2024\\\/03\\\/conex-metals-logo.webp\",\"contentUrl\":\"https:\\\/\\\/conexmetals.com\\\/wp-content\\\/uploads\\\/2024\\\/03\\\/conex-metals-logo.webp\",\"width\":300,\"height\":121,\"caption\":\"Conex Metals Brass Fittings Brass Parts Copper Parts Brass Components Brass Plumbing Fittings India\"},\"image\":{\"@id\":\"https:\\\/\\\/conexmetals.com\\\/de\\\/#\\\/schema\\\/logo\\\/image\\\/\"},\"sameAs\":[\"https:\\\/\\\/www.facebook.com\\\/conexbrass\",\"https:\\\/\\\/x.com\\\/conexindia\",\"https:\\\/\\\/www.linkedin.com\\\/company\\\/conex-metals-india\\\/\",\"https:\\\/\\\/www.instagram.com\\\/conexindia\\\/\"]}]}<\/script>\n<!-- \/ Yoast SEO plugin. -->","yoast_head_json":{"title":"Kupfermechanische Klemmen","description":"Conex Metals ist ein Hersteller und Exporteur von Kupfermechanischen Klemmen, Kupfermechanischen Verbindern, Kupferversetzten Klemmen, Einloch-Klemmen gem\u00e4\u00df AWG-Gr\u00f6\u00dfen aus Kupferblech und Extrusionsprozess. Wir bieten eine gro\u00dfe Auswahl an Kupfermechanischen Klemmen, Kupfermechanischen Verbindern und Einloch-Versetzten Zungenklemmen, Terminals und Verbindern aus Indien.","robots":{"index":"index","follow":"follow","max-snippet":"max-snippet:-1","max-image-preview":"max-image-preview:large","max-video-preview":"max-video-preview:-1"},"canonical":"https:\/\/conexmetals.com\/de\/produkt\/kupfermechanische-klemmen\/","schema":{"@context":"https:\/\/schema.org","@graph":[{"@type":"WebPage","@id":"https:\/\/conexmetals.com\/de\/produkt\/kupfermechanische-klemmen\/","url":"https:\/\/conexmetals.com\/de\/produkt\/kupfermechanische-klemmen\/","name":"Kupfermechanische Klemmen","isPartOf":{"@id":"https:\/\/conexmetals.com\/de\/#website"},"primaryImageOfPage":{"@id":"https:\/\/conexmetals.com\/de\/produkt\/kupfermechanische-klemmen\/#primaryimage"},"image":{"@id":"https:\/\/conexmetals.com\/de\/produkt\/kupfermechanische-klemmen\/#primaryimage"},"thumbnailUrl":"https:\/\/conexmetals.com\/wp-content\/uploads\/2024\/10\/Kupfermechanische-Klemmen-1.jpg","datePublished":"2023-08-16T05:45:32+00:00","dateModified":"2024-10-17T10:18:12+00:00","description":"Conex Metals ist ein Hersteller und Exporteur von Kupfermechanischen Klemmen, Kupfermechanischen Verbindern, Kupferversetzten Klemmen, Einloch-Klemmen gem\u00e4\u00df AWG-Gr\u00f6\u00dfen aus Kupferblech und Extrusionsprozess. Wir bieten eine gro\u00dfe Auswahl an Kupfermechanischen Klemmen, Kupfermechanischen Verbindern und Einloch-Versetzten Zungenklemmen, Terminals und Verbindern aus Indien.","breadcrumb":{"@id":"https:\/\/conexmetals.com\/de\/produkt\/kupfermechanische-klemmen\/#breadcrumb"},"inLanguage":"de","potentialAction":[{"@type":"ReadAction","target":["https:\/\/conexmetals.com\/de\/produkt\/kupfermechanische-klemmen\/"]}]},{"@type":"ImageObject","inLanguage":"de","@id":"https:\/\/conexmetals.com\/de\/produkt\/kupfermechanische-klemmen\/#primaryimage","url":"https:\/\/conexmetals.com\/wp-content\/uploads\/2024\/10\/Kupfermechanische-Klemmen-1.jpg","contentUrl":"https:\/\/conexmetals.com\/wp-content\/uploads\/2024\/10\/Kupfermechanische-Klemmen-1.jpg","width":295,"height":300,"caption":"Kupfermechanische Klemmen"},{"@type":"BreadcrumbList","@id":"https:\/\/conexmetals.com\/de\/produkt\/kupfermechanische-klemmen\/#breadcrumb","itemListElement":[{"@type":"ListItem","position":1,"name":"Home","item":"https:\/\/conexmetals.com\/de\/heim\/"},{"@type":"ListItem","position":2,"name":"Products","item":"https:\/\/conexmetals.com\/products\/"},{"@type":"ListItem","position":3,"name":"Kupfermechanische Klemmen"}]},{"@type":"WebSite","@id":"https:\/\/conexmetals.com\/de\/#website","url":"https:\/\/conexmetals.com\/de\/","name":"Conex Metals Brass Fittings Brass Parts Copper Parts Brass Components Brass Plumbing Fittings India","description":"Manufacturer of Bronze Fittings casting Copper Brass parts components","publisher":{"@id":"https:\/\/conexmetals.com\/de\/#organization"},"potentialAction":[{"@type":"SearchAction","target":{"@type":"EntryPoint","urlTemplate":"https:\/\/conexmetals.com\/de\/?s={search_term_string}"},"query-input":{"@type":"PropertyValueSpecification","valueRequired":true,"valueName":"search_term_string"}}],"inLanguage":"de"},{"@type":"Organization","@id":"https:\/\/conexmetals.com\/de\/#organization","name":"Conex Metals Brass Fittings Brass Parts Copper Parts Brass Components Brass Plumbing Fittings India","url":"https:\/\/conexmetals.com\/de\/","logo":{"@type":"ImageObject","inLanguage":"de","@id":"https:\/\/conexmetals.com\/de\/#\/schema\/logo\/image\/","url":"https:\/\/conexmetals.com\/wp-content\/uploads\/2024\/03\/conex-metals-logo.webp","contentUrl":"https:\/\/conexmetals.com\/wp-content\/uploads\/2024\/03\/conex-metals-logo.webp","width":300,"height":121,"caption":"Conex Metals Brass Fittings Brass Parts Copper Parts Brass Components Brass Plumbing Fittings India"},"image":{"@id":"https:\/\/conexmetals.com\/de\/#\/schema\/logo\/image\/"},"sameAs":["https:\/\/www.facebook.com\/conexbrass","https:\/\/x.com\/conexindia","https:\/\/www.linkedin.com\/company\/conex-metals-india\/","https:\/\/www.instagram.com\/conexindia\/"]}]}},"_links":{"self":[{"href":"https:\/\/conexmetals.com\/de\/wp-json\/wp\/v2\/product\/11155","targetHints":{"allow":["GET"]}}],"collection":[{"href":"https:\/\/conexmetals.com\/de\/wp-json\/wp\/v2\/product"}],"about":[{"href":"https:\/\/conexmetals.com\/de\/wp-json\/wp\/v2\/types\/product"}],"wp:featuredmedia":[{"embeddable":true,"href":"https:\/\/conexmetals.com\/de\/wp-json\/wp\/v2\/media\/9533"}],"wp:attachment":[{"href":"https:\/\/conexmetals.com\/de\/wp-json\/wp\/v2\/media?parent=11155"}],"wp:term":[{"taxonomy":"product_brand","embeddable":true,"href":"https:\/\/conexmetals.com\/de\/wp-json\/wp\/v2\/product_brand?post=11155"},{"taxonomy":"product_cat","embeddable":true,"href":"https:\/\/conexmetals.com\/de\/wp-json\/wp\/v2\/product_cat?post=11155"},{"taxonomy":"product_tag","embeddable":true,"href":"https:\/\/conexmetals.com\/de\/wp-json\/wp\/v2\/product_tag?post=11155"}],"curies":[{"name":"wp","href":"https:\/\/api.w.org\/{rel}","templated":true}]}}