{"id":11168,"date":"2023-08-16T11:50:50","date_gmt":"2023-08-16T06:20:50","guid":{"rendered":"https:\/\/conexmetals.com\/?post_type=product&#038;p=11168"},"modified":"2024-10-17T17:46:44","modified_gmt":"2024-10-17T12:16:44","slug":"aluminium-neutralschienen","status":"publish","type":"product","link":"https:\/\/conexmetals.com\/de\/produkt\/aluminium-neutralschienen\/","title":{"rendered":"Aluminium-Neutralschienen"},"content":{"rendered":"","protected":false},"excerpt":{"rendered":"<div class=\"elementor-element elementor-element-672075d elementor-widget__width-initial e-transform elementor-widget-mobile__width-initial elementor-widget elementor-widget-woocommerce-product-images\" data-id=\"672075d\" data-element_type=\"widget\" data-settings=\"{&quot;_transform_scale_effect&quot;:{&quot;unit&quot;:&quot;px&quot;,&quot;size&quot;:1,&quot;sizes&quot;:[]},&quot;_transform_scale_effect_tablet&quot;:{&quot;unit&quot;:&quot;px&quot;,&quot;size&quot;:&quot;&quot;,&quot;sizes&quot;:[]},&quot;_transform_scale_effect_mobile&quot;:{&quot;unit&quot;:&quot;px&quot;,&quot;size&quot;:&quot;&quot;,&quot;sizes&quot;:[]}}\" data-widget_type=\"woocommerce-product-images.default\">\n<div class=\"elementor-widget-container\">\n<div class=\"woocommerce-product-gallery woocommerce-product-gallery--with-images woocommerce-product-gallery--columns-4 images\" data-columns=\"4\">\n<div class=\"woocommerce-product-gallery__wrapper\">\n<div class=\"woocommerce-product-gallery__image\" data-thumb=\"https:\/\/conexmetals.com\/wp-content\/uploads\/2023\/08\/Aluminum-Neutral-Bars-100x100.png\" data-thumb-alt=\"Aluminum Neutral Bars\" data-thumb-srcset=\"https:\/\/conexmetals.com\/wp-content\/uploads\/2023\/08\/Aluminum-Neutral-Bars-100x100.png 100w, https:\/\/conexmetals.com\/wp-content\/uploads\/2023\/08\/Aluminum-Neutral-Bars-300x296.png 300w, https:\/\/conexmetals.com\/wp-content\/uploads\/2023\/08\/Aluminum-Neutral-Bars-150x150.png 150w\"><\/div>\n<\/div>\n<\/div>\n<\/div>\n<\/div>\n<div class=\"elementor-element elementor-element-36d2ab8 elementor-widget elementor-widget-woocommerce-product-short-description\" data-id=\"36d2ab8\" data-element_type=\"widget\" data-widget_type=\"woocommerce-product-short-description.default\">\n<div class=\"elementor-widget-container\">\n<div class=\"woocommerce-product-details__short-description\">\n<table id=\"tablepress-366\" class=\"tablepress tablepress-id-366\">\n<caption>\u00a0<\/caption>\n<thead>\n<tr class=\"row-1 odd\">\n<th class=\"column-1\" colspan=\"7\"><strong><span>Erdungsbl\u00f6cke<\/span><\/strong><\/th>\n<\/tr>\n<\/thead>\n<tbody class=\"row-hover\">\n<tr class=\"row-2 even\">\n<td class=\"column-1\" rowspan=\"2\"><strong><span>Gesamtzahl der L\u00f6cher<\/span><\/strong><\/td>\n<td class=\"column-2\" rowspan=\"2\"><strong><span>Lg.<\/span><\/strong><\/td>\n<td class=\"column-3\" rowspan=\"2\"><strong><span>Wd.<\/span><\/strong><\/td>\n<td class=\"column-4\" rowspan=\"2\"><strong><span>Danke.<\/span><\/strong><\/td>\n<td class=\"column-5\" colspan=\"2\"><strong><span>Loch<\/span><\/strong><\/td>\n<td class=\"column-7\" rowspan=\"2\"><strong><span>F\u00fcr Wire Ga.<\/span><\/strong><\/td>\n<\/tr>\n<tr class=\"row-3 odd\">\n<td class=\"column-5\"><strong><span>Muster<\/span><\/strong><\/td>\n<td class=\"column-6\"><strong><span>Gewindegr\u00f6\u00dfe<\/span><\/strong><\/td>\n<\/tr>\n<tr class=\"row-4 even\">\n<td class=\"column-1\"><span>2<\/span><\/td>\n<td class=\"column-2\"><span>1 7\/8&#8243;<\/span><\/td>\n<td class=\"column-3\"><span>3\/8 Zoll<\/span><\/td>\n<td class=\"column-4\"><span>1\/2 Zoll<\/span><\/td>\n<td class=\"column-5\"><span>Linear<\/span><\/td>\n<td class=\"column-6\"><span>1\/4&#8243;-20<\/span><\/td>\n<td class=\"column-7\"><span>14 bis 6<\/span><\/td>\n<\/tr>\n<tr class=\"row-5 odd\">\n<td class=\"column-1\"><span>3<\/span><\/td>\n<td class=\"column-2\"><span>2 1\/4 Zoll<\/span><\/td>\n<td class=\"column-3\"><span>3\/8 Zoll<\/span><\/td>\n<td class=\"column-4\"><span>1\/2 Zoll<\/span><\/td>\n<td class=\"column-5\"><span>Linear<\/span><\/td>\n<td class=\"column-6\"><span>1\/4&#8243;-20<\/span><\/td>\n<td class=\"column-7\"><span>14 bis 6<\/span><\/td>\n<\/tr>\n<tr class=\"row-6 even\">\n<td class=\"column-1\"><span>6<\/span><\/td>\n<td class=\"column-2\"><span>3 5\/8 Zoll<\/span><\/td>\n<td class=\"column-3\"><span>3\/8 Zoll<\/span><\/td>\n<td class=\"column-4\"><span>1\/2 Zoll<\/span><\/td>\n<td class=\"column-5\"><span>Linear<\/span><\/td>\n<td class=\"column-6\"><span>1\/4&#8243;-20<\/span><\/td>\n<td class=\"column-7\"><span>14 bis 6<\/span><\/td>\n<\/tr>\n<tr class=\"row-7 odd\">\n<td class=\"column-1\"><span>7<\/span><\/td>\n<td class=\"column-2\"><span>4 1\/8 Zoll<\/span><\/td>\n<td class=\"column-3\"><span>3\/8 Zoll<\/span><\/td>\n<td class=\"column-4\"><span>1\/2 Zoll<\/span><\/td>\n<td class=\"column-5\"><span>Linear<\/span><\/td>\n<td class=\"column-6\"><span>1\/4&#8243;-20<\/span><\/td>\n<td class=\"column-7\"><span>14 bis 6<\/span><\/td>\n<\/tr>\n<tr class=\"row-8 even\">\n<td class=\"column-1\"><span>9<\/span><\/td>\n<td class=\"column-2\"><span>5&#8243;<\/span><\/td>\n<td class=\"column-3\"><span>3\/8 Zoll<\/span><\/td>\n<td class=\"column-4\"><span>1\/2 Zoll<\/span><\/td>\n<td class=\"column-5\"><span>Linear<\/span><\/td>\n<td class=\"column-6\"><span>1\/4&#8243;-20<\/span><\/td>\n<td class=\"column-7\"><span>14 bis 6<\/span><\/td>\n<\/tr>\n<tr class=\"row-9 odd\">\n<td class=\"column-1\"><span>12<\/span><\/td>\n<td class=\"column-2\"><span>5 3\/4&#8243;<\/span><\/td>\n<td class=\"column-3\"><span>1\/2 Zoll<\/span><\/td>\n<td class=\"column-4\"><span>1\/2 Zoll<\/span><\/td>\n<td class=\"column-5\"><span>Linear<\/span><\/td>\n<td class=\"column-6\"><span>1\/4&#8243;-28<\/span><\/td>\n<td class=\"column-7\"><span>14 bis 6<\/span><\/td>\n<\/tr>\n<tr class=\"row-10 even\">\n<td class=\"column-1\"><span>12<\/span><\/td>\n<td class=\"column-2\"><span>6 3\/8 Zoll<\/span><\/td>\n<td class=\"column-3\"><span>3\/8 Zoll<\/span><\/td>\n<td class=\"column-4\"><span>1\/2 Zoll<\/span><\/td>\n<td class=\"column-5\"><span>Linear<\/span><\/td>\n<td class=\"column-6\"><span>1\/4&#8243;-20<\/span><\/td>\n<td class=\"column-7\"><span>14 bis 6<\/span><\/td>\n<\/tr>\n<tr class=\"row-11 odd\">\n<td class=\"column-1\"><span>15<\/span><\/td>\n<td class=\"column-2\"><span>7 3\/4&#8243;<\/span><\/td>\n<td class=\"column-3\"><span>3\/8 Zoll<\/span><\/td>\n<td class=\"column-4\"><span>1\/2 Zoll<\/span><\/td>\n<td class=\"column-5\"><span>Linear<\/span><\/td>\n<td class=\"column-6\"><span>1\/4&#8243;-20<\/span><\/td>\n<td class=\"column-7\"><span>14 bis 6<\/span><\/td>\n<\/tr>\n<\/tbody>\n<\/table>\n<p><span>Neutralleiterverbindungen aus Messing, auch bekannt als Neutralleiterschienen oder Neutralleiterbl\u00f6cke aus Messing, sind elektrische Komponenten, die in elektrischen Verteilertafeln oder -panelen verwendet werden, um mehrere Neutralleiter an einem gemeinsamen Verbindungspunkt zu verbinden und abzuschlie\u00dfen. Diese Verbindungen bestehen aus Messing, einem Metall, das f\u00fcr seine elektrische Leitf\u00e4higkeit, Korrosionsbest\u00e4ndigkeit und Haltbarkeit bekannt ist.<\/span><\/p>\n<p><span>Das Design von Neutralleitern aus Messing besteht typischerweise aus einem rechteckigen oder stangenf\u00f6rmigen K\u00f6rper mit mehreren L\u00f6chern oder Anschl\u00fcssen, in die Neutralleiter eingef\u00fchrt und gesichert werden k\u00f6nnen. Diese Leiter dienen als zentraler Verbindungspunkt f\u00fcr die Neutralleiter, die von verschiedenen Stromkreisen innerhalb der Schalttafel kommen.<\/span><\/p>\n<p><span>Zu den Hauptmerkmalen und Vorteilen der neutralen Messingverbindungen geh\u00f6ren:<\/span><\/p>\n<ol>\n<li><strong><span>Elektrische Leitf\u00e4higkeit<\/span><\/strong><span>\u00a0: Messing ist ein ausgezeichneter Stromleiter und gew\u00e4hrleistet eine effiziente Energie\u00fcbertragung durch die Verbindungs- und Neutralleiter.<\/span><\/li>\n<li><strong><span>Korrosionsbest\u00e4ndigkeit<\/span><\/strong><span>\u00a0: Neutrale Messingglieder sind korrosionsbest\u00e4ndig und daher sowohl f\u00fcr den Innen- als auch f\u00fcr den Au\u00dfenbereich geeignet.<\/span><\/li>\n<li><strong><span>Mechanische Festigkeit\/stark: Neutralleiterverbindungen verf\u00fcgen \u00fcber mehrere Anschl\u00fcsse oder L\u00f6cher zur Aufnahme verschiedener Neutralleiter, was eine effiziente Organisation und Konsolidierung der Neutralleiter innerhalb des Panels erm\u00f6glicht.<\/span><\/strong><\/li>\n<li><strong><span>Vielseitigkeit<\/span><\/strong><span>\u00a0: Neutralleiterverbindungen aus Messing sind in unterschiedlichen Gr\u00f6\u00dfen und Konfigurationen erh\u00e4ltlich, um verschiedenen Panelgr\u00f6\u00dfen und Neutralleitermengen gerecht zu werden.<\/span><\/li>\n<li><strong><span>Einfache Installation<\/span><\/strong><span>\u00a0: Neutralleiter sind im Allgemeinen einfach zu installieren und erfordern zum Anschluss Standard-Elektroanschl\u00fcsse oder -schrauben.<\/span><\/li>\n<\/ol>\n<p><span>Neutralleiter aus Messing spielen in elektrischen Verteilungssystemen eine entscheidende Rolle, da sie einen zentralen und organisierten Anschlusspunkt f\u00fcr Neutralleiter bieten. Sie werden h\u00e4ufig in Schalttafeln und Schaltschr\u00e4nken f\u00fcr Anwendungen wie die folgenden verwendet:<\/span><\/p>\n<ul>\n<li><span>Verbinden von Neutralleitern von Leistungsschaltern oder Verteilerk\u00e4sten.<\/span><\/li>\n<li><span>Bereitstellung eines gemeinsamen R\u00fcckwegs f\u00fcr Neutralleiterstr\u00f6me in elektrischen Systemen.<\/span><\/li>\n<\/ul>\n<p><span>Die richtige Dimensionierung und Auswahl der Messing-Neutralleiterverbindung ist wichtig, um sicherzustellen, dass sie die f\u00fcr die jeweilige Elektroinstallation erforderliche Anzahl und Gr\u00f6\u00dfe der Neutralleiter aufnehmen kann.<\/span><\/p>\n<p><strong><span>Material<\/span><br \/>\n<\/strong><span>Messing gem\u00e4\u00df BS 2874. Neutralleiterverbindungen Neutralleiterbl\u00f6cke Klemmenbl\u00f6cke und Klemmenblockverbindungen<\/span><\/p>\n<p><strong><span>Oberfl\u00e4che<\/span><br \/>\n<\/strong><span>Messing natur, galvanisch verzinnt oder vernickelt<\/span><\/p>\n<p><strong><span>Gr\u00f6\u00dfen<\/span><br \/>\n<\/strong><span>gem\u00e4\u00df Kundenspezifikation.<\/span><\/p>\n<p><strong><span>Hinweis:<\/span><br \/>\n<\/strong><span>Neutralleiter bis 1 Meter L\u00e4nge k\u00f6nnen bereitgestellt werden<\/span><\/p>\n<p>&nbsp;<\/p>\n<p><strong><span>Erdbl\u00f6cke:<\/span><\/strong><\/p>\n<p><strong><span>Material:<\/span><br \/>\n<\/strong><span>Verschiedene Messingsorten wie CZ121 usw.<\/span><\/p>\n<p><strong><span>Oberfl\u00e4che galvanisch verzinnt<\/span><br \/>\n<\/strong><span>oder vernickelt.<\/span><\/p>\n<p><strong><span>Gr\u00f6\u00dfen:<\/span><br \/>\n<\/strong><span>Neutralleiter aus Messing, Neutralleiter aus Messing, Neutralleiter aus Messing, Erdungsschienen aus Messing, Neutralleiterbl\u00f6cke aus Messing, Klemmen aus Messing, Klemmenbl\u00f6cke aus Messing, Neutralleiterschienen, 4- und 8-polige Klemmen.<\/span><\/p>\n<\/div>\n<\/div>\n<\/div>\n","protected":false},"featured_media":7798,"template":"","meta":[],"product_brand":[],"product_cat":[388],"product_tag":[],"class_list":{"0":"post-11168","1":"product","2":"type-product","3":"status-publish","4":"has-post-thumbnail","6":"product_cat-elektrische-zubehorteile","8":"first","9":"instock","10":"shipping-taxable","11":"product-type-simple"},"yoast_head":"<!-- This site is optimized with the Yoast SEO plugin v27.3 - https:\/\/yoast.com\/product\/yoast-seo-wordpress\/ -->\n<title>Aluminium-Neutralschienen<\/title>\n<meta name=\"description\" content=\"Conex stellt hochwertige Aluminium-Neutralschienen her und exportiert sie, einschlie\u00dflich Neutral- und Erdungssammelschienen, f\u00fcr elektrische und Stromverteilung. Unsere verzinnten und isolierten Aluminiumsammelschienen gew\u00e4hrleisten hohe Leitf\u00e4higkeit, Zuverl\u00e4ssigkeit und sichere Energieverwaltung.\" \/>\n<meta name=\"robots\" content=\"index, follow, max-snippet:-1, max-image-preview:large, max-video-preview:-1\" \/>\n<link rel=\"canonical\" href=\"https:\/\/conexmetals.com\/de\/produkt\/aluminium-neutralschienen\/\" \/>\n<script type=\"application\/ld+json\" class=\"yoast-schema-graph\">{\"@context\":\"https:\\\/\\\/schema.org\",\"@graph\":[{\"@type\":\"WebPage\",\"@id\":\"https:\\\/\\\/conexmetals.com\\\/de\\\/produkt\\\/aluminium-neutralschienen\\\/\",\"url\":\"https:\\\/\\\/conexmetals.com\\\/de\\\/produkt\\\/aluminium-neutralschienen\\\/\",\"name\":\"Aluminium-Neutralschienen\",\"isPartOf\":{\"@id\":\"https:\\\/\\\/conexmetals.com\\\/de\\\/#website\"},\"primaryImageOfPage\":{\"@id\":\"https:\\\/\\\/conexmetals.com\\\/de\\\/produkt\\\/aluminium-neutralschienen\\\/#primaryimage\"},\"image\":{\"@id\":\"https:\\\/\\\/conexmetals.com\\\/de\\\/produkt\\\/aluminium-neutralschienen\\\/#primaryimage\"},\"thumbnailUrl\":\"https:\\\/\\\/conexmetals.com\\\/wp-content\\\/uploads\\\/2024\\\/10\\\/Aluminium-Neutralschienen.png\",\"datePublished\":\"2023-08-16T06:20:50+00:00\",\"dateModified\":\"2024-10-17T12:16:44+00:00\",\"description\":\"Conex stellt hochwertige Aluminium-Neutralschienen her und exportiert sie, einschlie\u00dflich Neutral- und Erdungssammelschienen, f\u00fcr elektrische und Stromverteilung. Unsere verzinnten und isolierten Aluminiumsammelschienen gew\u00e4hrleisten hohe Leitf\u00e4higkeit, Zuverl\u00e4ssigkeit und sichere Energieverwaltung.\",\"breadcrumb\":{\"@id\":\"https:\\\/\\\/conexmetals.com\\\/de\\\/produkt\\\/aluminium-neutralschienen\\\/#breadcrumb\"},\"inLanguage\":\"de\",\"potentialAction\":[{\"@type\":\"ReadAction\",\"target\":[\"https:\\\/\\\/conexmetals.com\\\/de\\\/produkt\\\/aluminium-neutralschienen\\\/\"]}]},{\"@type\":\"ImageObject\",\"inLanguage\":\"de\",\"@id\":\"https:\\\/\\\/conexmetals.com\\\/de\\\/produkt\\\/aluminium-neutralschienen\\\/#primaryimage\",\"url\":\"https:\\\/\\\/conexmetals.com\\\/wp-content\\\/uploads\\\/2024\\\/10\\\/Aluminium-Neutralschienen.png\",\"contentUrl\":\"https:\\\/\\\/conexmetals.com\\\/wp-content\\\/uploads\\\/2024\\\/10\\\/Aluminium-Neutralschienen.png\",\"width\":309,\"height\":296,\"caption\":\"Aluminium-Neutralschienen\"},{\"@type\":\"BreadcrumbList\",\"@id\":\"https:\\\/\\\/conexmetals.com\\\/de\\\/produkt\\\/aluminium-neutralschienen\\\/#breadcrumb\",\"itemListElement\":[{\"@type\":\"ListItem\",\"position\":1,\"name\":\"Home\",\"item\":\"https:\\\/\\\/conexmetals.com\\\/de\\\/heim\\\/\"},{\"@type\":\"ListItem\",\"position\":2,\"name\":\"Products\",\"item\":\"https:\\\/\\\/conexmetals.com\\\/products\\\/\"},{\"@type\":\"ListItem\",\"position\":3,\"name\":\"Aluminium-Neutralschienen\"}]},{\"@type\":\"WebSite\",\"@id\":\"https:\\\/\\\/conexmetals.com\\\/de\\\/#website\",\"url\":\"https:\\\/\\\/conexmetals.com\\\/de\\\/\",\"name\":\"Conex Metals Brass Fittings Brass Parts Copper Parts Brass Components Brass Plumbing Fittings India\",\"description\":\"Manufacturer of Bronze Fittings casting Copper Brass parts components\",\"publisher\":{\"@id\":\"https:\\\/\\\/conexmetals.com\\\/de\\\/#organization\"},\"potentialAction\":[{\"@type\":\"SearchAction\",\"target\":{\"@type\":\"EntryPoint\",\"urlTemplate\":\"https:\\\/\\\/conexmetals.com\\\/de\\\/?s={search_term_string}\"},\"query-input\":{\"@type\":\"PropertyValueSpecification\",\"valueRequired\":true,\"valueName\":\"search_term_string\"}}],\"inLanguage\":\"de\"},{\"@type\":\"Organization\",\"@id\":\"https:\\\/\\\/conexmetals.com\\\/de\\\/#organization\",\"name\":\"Conex Metals Brass Fittings Brass Parts Copper Parts Brass Components Brass Plumbing Fittings India\",\"url\":\"https:\\\/\\\/conexmetals.com\\\/de\\\/\",\"logo\":{\"@type\":\"ImageObject\",\"inLanguage\":\"de\",\"@id\":\"https:\\\/\\\/conexmetals.com\\\/de\\\/#\\\/schema\\\/logo\\\/image\\\/\",\"url\":\"https:\\\/\\\/conexmetals.com\\\/wp-content\\\/uploads\\\/2024\\\/03\\\/conex-metals-logo.webp\",\"contentUrl\":\"https:\\\/\\\/conexmetals.com\\\/wp-content\\\/uploads\\\/2024\\\/03\\\/conex-metals-logo.webp\",\"width\":300,\"height\":121,\"caption\":\"Conex Metals Brass Fittings Brass Parts Copper Parts Brass Components Brass Plumbing Fittings India\"},\"image\":{\"@id\":\"https:\\\/\\\/conexmetals.com\\\/de\\\/#\\\/schema\\\/logo\\\/image\\\/\"},\"sameAs\":[\"https:\\\/\\\/www.facebook.com\\\/conexbrass\",\"https:\\\/\\\/x.com\\\/conexindia\",\"https:\\\/\\\/www.linkedin.com\\\/company\\\/conex-metals-india\\\/\",\"https:\\\/\\\/www.instagram.com\\\/conexindia\\\/\"]}]}<\/script>\n<!-- \/ Yoast SEO plugin. -->","yoast_head_json":{"title":"Aluminium-Neutralschienen","description":"Conex stellt hochwertige Aluminium-Neutralschienen her und exportiert sie, einschlie\u00dflich Neutral- und Erdungssammelschienen, f\u00fcr elektrische und Stromverteilung. Unsere verzinnten und isolierten Aluminiumsammelschienen gew\u00e4hrleisten hohe Leitf\u00e4higkeit, Zuverl\u00e4ssigkeit und sichere Energieverwaltung.","robots":{"index":"index","follow":"follow","max-snippet":"max-snippet:-1","max-image-preview":"max-image-preview:large","max-video-preview":"max-video-preview:-1"},"canonical":"https:\/\/conexmetals.com\/de\/produkt\/aluminium-neutralschienen\/","schema":{"@context":"https:\/\/schema.org","@graph":[{"@type":"WebPage","@id":"https:\/\/conexmetals.com\/de\/produkt\/aluminium-neutralschienen\/","url":"https:\/\/conexmetals.com\/de\/produkt\/aluminium-neutralschienen\/","name":"Aluminium-Neutralschienen","isPartOf":{"@id":"https:\/\/conexmetals.com\/de\/#website"},"primaryImageOfPage":{"@id":"https:\/\/conexmetals.com\/de\/produkt\/aluminium-neutralschienen\/#primaryimage"},"image":{"@id":"https:\/\/conexmetals.com\/de\/produkt\/aluminium-neutralschienen\/#primaryimage"},"thumbnailUrl":"https:\/\/conexmetals.com\/wp-content\/uploads\/2024\/10\/Aluminium-Neutralschienen.png","datePublished":"2023-08-16T06:20:50+00:00","dateModified":"2024-10-17T12:16:44+00:00","description":"Conex stellt hochwertige Aluminium-Neutralschienen her und exportiert sie, einschlie\u00dflich Neutral- und Erdungssammelschienen, f\u00fcr elektrische und Stromverteilung. Unsere verzinnten und isolierten Aluminiumsammelschienen gew\u00e4hrleisten hohe Leitf\u00e4higkeit, Zuverl\u00e4ssigkeit und sichere Energieverwaltung.","breadcrumb":{"@id":"https:\/\/conexmetals.com\/de\/produkt\/aluminium-neutralschienen\/#breadcrumb"},"inLanguage":"de","potentialAction":[{"@type":"ReadAction","target":["https:\/\/conexmetals.com\/de\/produkt\/aluminium-neutralschienen\/"]}]},{"@type":"ImageObject","inLanguage":"de","@id":"https:\/\/conexmetals.com\/de\/produkt\/aluminium-neutralschienen\/#primaryimage","url":"https:\/\/conexmetals.com\/wp-content\/uploads\/2024\/10\/Aluminium-Neutralschienen.png","contentUrl":"https:\/\/conexmetals.com\/wp-content\/uploads\/2024\/10\/Aluminium-Neutralschienen.png","width":309,"height":296,"caption":"Aluminium-Neutralschienen"},{"@type":"BreadcrumbList","@id":"https:\/\/conexmetals.com\/de\/produkt\/aluminium-neutralschienen\/#breadcrumb","itemListElement":[{"@type":"ListItem","position":1,"name":"Home","item":"https:\/\/conexmetals.com\/de\/heim\/"},{"@type":"ListItem","position":2,"name":"Products","item":"https:\/\/conexmetals.com\/products\/"},{"@type":"ListItem","position":3,"name":"Aluminium-Neutralschienen"}]},{"@type":"WebSite","@id":"https:\/\/conexmetals.com\/de\/#website","url":"https:\/\/conexmetals.com\/de\/","name":"Conex Metals Brass Fittings Brass Parts Copper Parts Brass Components Brass Plumbing Fittings India","description":"Manufacturer of Bronze Fittings casting Copper Brass parts components","publisher":{"@id":"https:\/\/conexmetals.com\/de\/#organization"},"potentialAction":[{"@type":"SearchAction","target":{"@type":"EntryPoint","urlTemplate":"https:\/\/conexmetals.com\/de\/?s={search_term_string}"},"query-input":{"@type":"PropertyValueSpecification","valueRequired":true,"valueName":"search_term_string"}}],"inLanguage":"de"},{"@type":"Organization","@id":"https:\/\/conexmetals.com\/de\/#organization","name":"Conex Metals Brass Fittings Brass Parts Copper Parts Brass Components Brass Plumbing Fittings India","url":"https:\/\/conexmetals.com\/de\/","logo":{"@type":"ImageObject","inLanguage":"de","@id":"https:\/\/conexmetals.com\/de\/#\/schema\/logo\/image\/","url":"https:\/\/conexmetals.com\/wp-content\/uploads\/2024\/03\/conex-metals-logo.webp","contentUrl":"https:\/\/conexmetals.com\/wp-content\/uploads\/2024\/03\/conex-metals-logo.webp","width":300,"height":121,"caption":"Conex Metals Brass Fittings Brass Parts Copper Parts Brass Components Brass Plumbing Fittings India"},"image":{"@id":"https:\/\/conexmetals.com\/de\/#\/schema\/logo\/image\/"},"sameAs":["https:\/\/www.facebook.com\/conexbrass","https:\/\/x.com\/conexindia","https:\/\/www.linkedin.com\/company\/conex-metals-india\/","https:\/\/www.instagram.com\/conexindia\/"]}]}},"_links":{"self":[{"href":"https:\/\/conexmetals.com\/de\/wp-json\/wp\/v2\/product\/11168","targetHints":{"allow":["GET"]}}],"collection":[{"href":"https:\/\/conexmetals.com\/de\/wp-json\/wp\/v2\/product"}],"about":[{"href":"https:\/\/conexmetals.com\/de\/wp-json\/wp\/v2\/types\/product"}],"wp:featuredmedia":[{"embeddable":true,"href":"https:\/\/conexmetals.com\/de\/wp-json\/wp\/v2\/media\/7798"}],"wp:attachment":[{"href":"https:\/\/conexmetals.com\/de\/wp-json\/wp\/v2\/media?parent=11168"}],"wp:term":[{"taxonomy":"product_brand","embeddable":true,"href":"https:\/\/conexmetals.com\/de\/wp-json\/wp\/v2\/product_brand?post=11168"},{"taxonomy":"product_cat","embeddable":true,"href":"https:\/\/conexmetals.com\/de\/wp-json\/wp\/v2\/product_cat?post=11168"},{"taxonomy":"product_tag","embeddable":true,"href":"https:\/\/conexmetals.com\/de\/wp-json\/wp\/v2\/product_tag?post=11168"}],"curies":[{"name":"wp","href":"https:\/\/api.w.org\/{rel}","templated":true}]}}