{"id":11173,"date":"2023-08-16T12:06:20","date_gmt":"2023-08-16T06:36:20","guid":{"rendered":"https:\/\/conexmetals.com\/?post_type=product&#038;p=11173"},"modified":"2024-10-17T18:00:43","modified_gmt":"2024-10-17T12:30:43","slug":"mechanische-schraubklemmen-aus-bronze","status":"publish","type":"product","link":"https:\/\/conexmetals.com\/de\/produkt\/mechanische-schraubklemmen-aus-bronze\/","title":{"rendered":"Mechanische Schraubklemmen aus Bronze"},"content":{"rendered":"","protected":false},"excerpt":{"rendered":"<div class=\"elementor-element elementor-element-672075d elementor-widget__width-initial e-transform elementor-widget-mobile__width-initial elementor-widget elementor-widget-woocommerce-product-images\" data-id=\"672075d\" data-element_type=\"widget\" data-settings=\"{&quot;_transform_scale_effect&quot;:{&quot;unit&quot;:&quot;px&quot;,&quot;size&quot;:1,&quot;sizes&quot;:[]},&quot;_transform_scale_effect_tablet&quot;:{&quot;unit&quot;:&quot;px&quot;,&quot;size&quot;:&quot;&quot;,&quot;sizes&quot;:[]},&quot;_transform_scale_effect_mobile&quot;:{&quot;unit&quot;:&quot;px&quot;,&quot;size&quot;:&quot;&quot;,&quot;sizes&quot;:[]}}\" data-widget_type=\"woocommerce-product-images.default\">\n<div class=\"elementor-widget-container\">\n<div class=\"woocommerce-product-gallery woocommerce-product-gallery--with-images woocommerce-product-gallery--columns-4 images\" data-columns=\"4\">\n<div class=\"woocommerce-product-gallery__wrapper\">\n<div class=\"woocommerce-product-gallery__image\" data-thumb=\"https:\/\/conexmetals.com\/wp-content\/uploads\/2023\/11\/Bolted-Lugs-100x100.png\" data-thumb-alt=\"Brass Mechanical Bolted Lugs\" data-thumb-srcset=\"https:\/\/conexmetals.com\/wp-content\/uploads\/2023\/11\/Bolted-Lugs-100x100.png 100w, https:\/\/conexmetals.com\/wp-content\/uploads\/2023\/11\/Bolted-Lugs-300x300.png 300w, https:\/\/conexmetals.com\/wp-content\/uploads\/2023\/11\/Bolted-Lugs-150x150.png 150w, https:\/\/conexmetals.com\/wp-content\/uploads\/2023\/11\/Bolted-Lugs.png 350w\"><\/div>\n<\/div>\n<\/div>\n<\/div>\n<\/div>\n<div class=\"elementor-element elementor-element-36d2ab8 elementor-widget elementor-widget-woocommerce-product-short-description\" data-id=\"36d2ab8\" data-element_type=\"widget\" data-widget_type=\"woocommerce-product-short-description.default\">\n<div class=\"elementor-widget-container\">\n<div class=\"woocommerce-product-details__short-description\">\n<table id=\"tablepress-371\" class=\"tablepress tablepress-id-371\">\n<caption>\u00a0<\/caption>\n<thead>\n<tr class=\"row-1 odd\">\n<th class=\"column-1\" colspan=\"8\"><strong><span>Gr\u00f6\u00dfe (mm)<\/span><\/strong><\/th>\n<\/tr>\n<\/thead>\n<tbody class=\"row-hover\">\n<tr class=\"row-2 even\">\n<td class=\"column-1\"><strong><span>Seriennr.<\/span><\/strong><\/td>\n<td class=\"column-2\"><strong><span>Leiterquerschnitt (mm\u00b2)<\/span><\/strong><\/td>\n<td class=\"column-3\"><strong><span>Nicht flexibler Leiter<\/span><\/strong><\/td>\n<td class=\"column-4\"><strong><span>Bolzengr\u00f6\u00dfe<\/span><\/strong><\/td>\n<td class=\"column-5\"><strong><span>A<\/span><\/strong><\/td>\n<td class=\"column-6\"><strong><span>B<\/span><\/strong><\/td>\n<td class=\"column-7\"><strong><span>C<\/span><\/strong><\/td>\n<td class=\"column-8\"><strong><span>G<\/span><\/strong><\/td>\n<\/tr>\n<tr class=\"row-3 odd\">\n<td class=\"column-1\"><span>1<\/span><\/td>\n<td class=\"column-2\"><span>4-10<\/span><\/td>\n<td class=\"column-3\"><span>7\/.085, 7\/1.04, 7\/1.35<\/span><\/td>\n<td class=\"column-4\"><span>M6<\/span><\/td>\n<td class=\"column-5\"><span>34<\/span><\/td>\n<td class=\"column-6\"><span>14<\/span><\/td>\n<td class=\"column-7\"><span>5.5<\/span><\/td>\n<td class=\"column-8\"><span>17<\/span><\/td>\n<\/tr>\n<tr class=\"row-4 even\">\n<td class=\"column-1\"><span>2<\/span><\/td>\n<td class=\"column-2\"><span>16<\/span><\/td>\n<td class=\"column-3\"><span>7\/1,70<\/span><\/td>\n<td class=\"column-4\"><span>M8<\/span><\/td>\n<td class=\"column-5\"><span>44<\/span><\/td>\n<td class=\"column-6\"><span>19<\/span><\/td>\n<td class=\"column-7\"><span>5.5<\/span><\/td>\n<td class=\"column-8\"><span>23<\/span><\/td>\n<\/tr>\n<tr class=\"row-5 odd\">\n<td class=\"column-1\"><span>3<\/span><\/td>\n<td class=\"column-2\"><span>25-35<\/span><\/td>\n<td class=\"column-3\"><span>7\/2.14, 19\/1.53<\/span><\/td>\n<td class=\"column-4\"><span>M10<\/span><\/td>\n<td class=\"column-5\"><span>53<\/span><\/td>\n<td class=\"column-6\"><span>25<\/span><\/td>\n<td class=\"column-7\"><span>5.5<\/span><\/td>\n<td class=\"column-8\"><span>27<\/span><\/td>\n<\/tr>\n<tr class=\"row-6 even\">\n<td class=\"column-1\"><span>4<\/span><\/td>\n<td class=\"column-2\"><span>25-35<\/span><\/td>\n<td class=\"column-3\"><span>7\/2.14, 19\/1.53<\/span><\/td>\n<td class=\"column-4\"><span>M12<\/span><\/td>\n<td class=\"column-5\"><span>53<\/span><\/td>\n<td class=\"column-6\"><span>25<\/span><\/td>\n<td class=\"column-7\"><span>5.5<\/span><\/td>\n<td class=\"column-8\"><span>27<\/span><\/td>\n<\/tr>\n<tr class=\"row-7 odd\">\n<td class=\"column-1\"><span>5<\/span><\/td>\n<td class=\"column-2\"><span>50-70<\/span><\/td>\n<td class=\"column-3\"><span>19\/1.78, 19\/2.14<\/span><\/td>\n<td class=\"column-4\"><span>M12<\/span><\/td>\n<td class=\"column-5\"><span>60<\/span><\/td>\n<td class=\"column-6\"><span>32<\/span><\/td>\n<td class=\"column-7\"><span>6.4<\/span><\/td>\n<td class=\"column-8\"><span>34<\/span><\/td>\n<\/tr>\n<tr class=\"row-8 even\">\n<td class=\"column-1\"><span>6<\/span><\/td>\n<td class=\"column-2\"><span>95<\/span><\/td>\n<td class=\"column-3\"><span>37\/1,78<\/span><\/td>\n<td class=\"column-4\"><span>M12<\/span><\/td>\n<td class=\"column-5\"><span>65<\/span><\/td>\n<td class=\"column-6\"><span>32<\/span><\/td>\n<td class=\"column-7\"><span>7.9<\/span><\/td>\n<td class=\"column-8\"><span>38<\/span><\/td>\n<\/tr>\n<tr class=\"row-9 odd\">\n<td class=\"column-1\"><span>7<\/span><\/td>\n<td class=\"column-2\"><span>150-185<\/span><\/td>\n<td class=\"column-3\"><span>37\/2.25, 37\/2.52<\/span><\/td>\n<td class=\"column-4\"><span>M16<\/span><\/td>\n<td class=\"column-5\"><span>76<\/span><\/td>\n<td class=\"column-6\"><span>38<\/span><\/td>\n<td class=\"column-7\"><span>8.7<\/span><\/td>\n<td class=\"column-8\"><span>45<\/span><\/td>\n<\/tr>\n<\/tbody>\n<\/table>\n<p><img fetchpriority=\"high\" decoding=\"async\" class=\"size-full wp-image-6931 alignright\" src=\"https:\/\/conexmetals.com\/wp-content\/uploads\/2023\/08\/bolted-cable-lugs.png\" alt=\"verschraubte Kabelschuhe Strichzeichnung\" width=\"250\" height=\"247\" srcset=\"https:\/\/conexmetals.com\/wp-content\/uploads\/2023\/08\/bolted-cable-lugs.png 250w, https:\/\/conexmetals.com\/wp-content\/uploads\/2023\/08\/bolted-cable-lugs-100x100.png 100w\" sizes=\"(max-width: 250px) 100vw, 250px\" \/><\/p>\n<p><span>Mechanische Schraub\u00f6sen aus Messing und Bronze sind elektrische Verbindungselemente, die zum Herstellen sicherer und zuverl\u00e4ssiger Verbindungen zwischen Kupferleitern und elektrischen Ger\u00e4ten verwendet werden. Diese \u00d6sen werden h\u00e4ufig in verschiedenen elektrischen Anwendungen verwendet, bei denen Kupferleiter abgeschlossen oder an Komponenten wie Schalter, Leistungsschalter oder Verteilertafeln angeschlossen werden m\u00fcssen.<\/span><\/p>\n<p><span>Die Konstruktion mechanischer Schraub\u00f6sen aus Messing und Bronze besteht typischerweise aus einem r\u00f6hrenf\u00f6rmigen oder flachen K\u00f6rper aus Messing mit einem Bolzenloch an einem Ende und einem Bolzen oder einer Stellschraube am anderen Ende. Der Kupferleiter wird in das Loch der \u00d6se eingef\u00fchrt und der Bolzen oder die Stellschraube wird festgezogen, um eine mechanische Verbindung zwischen der \u00d6se und dem Leiter herzustellen.<\/span><\/p>\n<p><span>Zu den Hauptmerkmalen und Vorteilen mechanischer Schraub\u00f6sen aus Messing geh\u00f6ren:<\/span><\/p>\n<ol>\n<li><strong><span>Elektrische Leitf\u00e4higkeit<\/span><\/strong><span>\u00a0: Messing ist ein relativ guter Stromleiter und gew\u00e4hrleistet eine effiziente Energie\u00fcbertragung durch die \u00d6se und den Leiter.<\/span><\/li>\n<li><strong><span>Korrosionsbest\u00e4ndigkeit<\/span><\/strong><span>\u00a0: Messing\u00f6sen sind korrosionsbest\u00e4ndig und daher sowohl f\u00fcr den Innen- als auch f\u00fcr den Au\u00dfenbereich geeignet.<\/span><\/li>\n<li><strong><span>Mechanische Festigkeit<\/span><\/strong><span>\u00a0: Messing bietet robuste mechanische Verbindungen und gew\u00e4hrleistet langlebige und zuverl\u00e4ssige elektrische Verbindungen.<\/span><\/li>\n<li><strong><span>Vielseitigkeit<\/span><\/strong><span>\u00a0: Mechanische Schraubkabelschuhe aus Messing sind in verschiedenen Gr\u00f6\u00dfen und Konfigurationen erh\u00e4ltlich, um verschiedenen Leitergr\u00f6\u00dfen und -typen gerecht zu werden.<\/span><\/li>\n<li><strong><span>Temperaturbest\u00e4ndigkeit<\/span><\/strong><span>\u00a0: Messing\u00f6sen halten hohen Temperaturen stand und sind daher f\u00fcr Anwendungen mit erh\u00f6hten Umgebungstemperaturen geeignet.<\/span><\/li>\n<li><strong><span>Einfache Installation<\/span><\/strong><span>\u00a0: Messing-Schraub\u00f6sen sind im Allgemeinen einfach zu installieren und erfordern f\u00fcr die Verbindung Standard-Handwerkzeuge.<\/span><\/li>\n<\/ol>\n<p><span>Mechanische Schraubkabelschuhe aus Messing und Bronze werden h\u00e4ufig in verschiedenen elektrischen Systemen und Installationen verwendet, darunter:<\/span><\/p>\n<ul>\n<li><span>Anschlie\u00dfen von Kupferstromkabeln an Leistungsschalter oder Schalttafeln.<\/span><\/li>\n<li><span>Verbinden von Kupferleitern in Stromverteilungssystemen.<\/span><\/li>\n<li><span>Anschlie\u00dfen von elektrischen Ger\u00e4ten und Anlagen, die Kupferleiter verwenden.<\/span><\/li>\n<\/ul>\n<p>&nbsp;<\/p>\n<p><strong><span>Material: Hergestellt aus verschiedenen Messing- und Bronzesorten wie C37700, C83600 und C84400<\/span><\/strong><\/p>\n<\/div>\n<\/div>\n<\/div>\n","protected":false},"featured_media":7113,"template":"","meta":[],"product_brand":[],"product_cat":[388],"product_tag":[],"class_list":{"0":"post-11173","1":"product","2":"type-product","3":"status-publish","4":"has-post-thumbnail","6":"product_cat-elektrische-zubehorteile","8":"first","9":"instock","10":"shipping-taxable","11":"product-type-simple"},"yoast_head":"<!-- This site is optimized with the Yoast SEO plugin v27.3 - https:\/\/yoast.com\/product\/yoast-seo-wordpress\/ -->\n<title>Mechanische Schraubklemmen aus Bronze<\/title>\n<meta name=\"description\" content=\"Conex bietet eine gro\u00dfe Auswahl an mechanischen Messingklemmen mit Schraubverbindungen an, einschlie\u00dflich Kabel-, Draht- und Terminalklemmen. Bekannt f\u00fcr robuste Konstruktion und zuverl\u00e4ssige Leistung, umfasst unser Sortiment Messingkompressionsklemmen, Pressklemmen, Klemmenverbinder, Stromklemmen und Erdungsklemmen f\u00fcr sichere elektrische Verbindungen.\" \/>\n<meta name=\"robots\" content=\"index, follow, max-snippet:-1, max-image-preview:large, max-video-preview:-1\" \/>\n<link rel=\"canonical\" href=\"https:\/\/conexmetals.com\/de\/produkt\/mechanische-schraubklemmen-aus-bronze\/\" \/>\n<script type=\"application\/ld+json\" class=\"yoast-schema-graph\">{\"@context\":\"https:\\\/\\\/schema.org\",\"@graph\":[{\"@type\":\"WebPage\",\"@id\":\"https:\\\/\\\/conexmetals.com\\\/de\\\/produkt\\\/mechanische-schraubklemmen-aus-bronze\\\/\",\"url\":\"https:\\\/\\\/conexmetals.com\\\/de\\\/produkt\\\/mechanische-schraubklemmen-aus-bronze\\\/\",\"name\":\"Mechanische Schraubklemmen aus Bronze\",\"isPartOf\":{\"@id\":\"https:\\\/\\\/conexmetals.com\\\/de\\\/#website\"},\"primaryImageOfPage\":{\"@id\":\"https:\\\/\\\/conexmetals.com\\\/de\\\/produkt\\\/mechanische-schraubklemmen-aus-bronze\\\/#primaryimage\"},\"image\":{\"@id\":\"https:\\\/\\\/conexmetals.com\\\/de\\\/produkt\\\/mechanische-schraubklemmen-aus-bronze\\\/#primaryimage\"},\"thumbnailUrl\":\"https:\\\/\\\/conexmetals.com\\\/wp-content\\\/uploads\\\/2024\\\/12\\\/Mechanisch-verschraubte-Bronzelaschen.png\",\"datePublished\":\"2023-08-16T06:36:20+00:00\",\"dateModified\":\"2024-10-17T12:30:43+00:00\",\"description\":\"Conex bietet eine gro\u00dfe Auswahl an mechanischen Messingklemmen mit Schraubverbindungen an, einschlie\u00dflich Kabel-, Draht- und Terminalklemmen. Bekannt f\u00fcr robuste Konstruktion und zuverl\u00e4ssige Leistung, umfasst unser Sortiment Messingkompressionsklemmen, Pressklemmen, Klemmenverbinder, Stromklemmen und Erdungsklemmen f\u00fcr sichere elektrische Verbindungen.\",\"breadcrumb\":{\"@id\":\"https:\\\/\\\/conexmetals.com\\\/de\\\/produkt\\\/mechanische-schraubklemmen-aus-bronze\\\/#breadcrumb\"},\"inLanguage\":\"de\",\"potentialAction\":[{\"@type\":\"ReadAction\",\"target\":[\"https:\\\/\\\/conexmetals.com\\\/de\\\/produkt\\\/mechanische-schraubklemmen-aus-bronze\\\/\"]}]},{\"@type\":\"ImageObject\",\"inLanguage\":\"de\",\"@id\":\"https:\\\/\\\/conexmetals.com\\\/de\\\/produkt\\\/mechanische-schraubklemmen-aus-bronze\\\/#primaryimage\",\"url\":\"https:\\\/\\\/conexmetals.com\\\/wp-content\\\/uploads\\\/2024\\\/12\\\/Mechanisch-verschraubte-Bronzelaschen.png\",\"contentUrl\":\"https:\\\/\\\/conexmetals.com\\\/wp-content\\\/uploads\\\/2024\\\/12\\\/Mechanisch-verschraubte-Bronzelaschen.png\",\"width\":300,\"height\":300,\"caption\":\"Mechanisch verschraubte Bronzelaschen\"},{\"@type\":\"BreadcrumbList\",\"@id\":\"https:\\\/\\\/conexmetals.com\\\/de\\\/produkt\\\/mechanische-schraubklemmen-aus-bronze\\\/#breadcrumb\",\"itemListElement\":[{\"@type\":\"ListItem\",\"position\":1,\"name\":\"Home\",\"item\":\"https:\\\/\\\/conexmetals.com\\\/de\\\/heim\\\/\"},{\"@type\":\"ListItem\",\"position\":2,\"name\":\"Products\",\"item\":\"https:\\\/\\\/conexmetals.com\\\/products\\\/\"},{\"@type\":\"ListItem\",\"position\":3,\"name\":\"Mechanische Schraubklemmen aus Bronze\"}]},{\"@type\":\"WebSite\",\"@id\":\"https:\\\/\\\/conexmetals.com\\\/de\\\/#website\",\"url\":\"https:\\\/\\\/conexmetals.com\\\/de\\\/\",\"name\":\"Conex Metals Brass Fittings Brass Parts Copper Parts Brass Components Brass Plumbing Fittings India\",\"description\":\"Manufacturer of Bronze Fittings casting Copper Brass parts components\",\"publisher\":{\"@id\":\"https:\\\/\\\/conexmetals.com\\\/de\\\/#organization\"},\"potentialAction\":[{\"@type\":\"SearchAction\",\"target\":{\"@type\":\"EntryPoint\",\"urlTemplate\":\"https:\\\/\\\/conexmetals.com\\\/de\\\/?s={search_term_string}\"},\"query-input\":{\"@type\":\"PropertyValueSpecification\",\"valueRequired\":true,\"valueName\":\"search_term_string\"}}],\"inLanguage\":\"de\"},{\"@type\":\"Organization\",\"@id\":\"https:\\\/\\\/conexmetals.com\\\/de\\\/#organization\",\"name\":\"Conex Metals Brass Fittings Brass Parts Copper Parts Brass Components Brass Plumbing Fittings India\",\"url\":\"https:\\\/\\\/conexmetals.com\\\/de\\\/\",\"logo\":{\"@type\":\"ImageObject\",\"inLanguage\":\"de\",\"@id\":\"https:\\\/\\\/conexmetals.com\\\/de\\\/#\\\/schema\\\/logo\\\/image\\\/\",\"url\":\"https:\\\/\\\/conexmetals.com\\\/wp-content\\\/uploads\\\/2024\\\/03\\\/conex-metals-logo.webp\",\"contentUrl\":\"https:\\\/\\\/conexmetals.com\\\/wp-content\\\/uploads\\\/2024\\\/03\\\/conex-metals-logo.webp\",\"width\":300,\"height\":121,\"caption\":\"Conex Metals Brass Fittings Brass Parts Copper Parts Brass Components Brass Plumbing Fittings India\"},\"image\":{\"@id\":\"https:\\\/\\\/conexmetals.com\\\/de\\\/#\\\/schema\\\/logo\\\/image\\\/\"},\"sameAs\":[\"https:\\\/\\\/www.facebook.com\\\/conexbrass\",\"https:\\\/\\\/x.com\\\/conexindia\",\"https:\\\/\\\/www.linkedin.com\\\/company\\\/conex-metals-india\\\/\",\"https:\\\/\\\/www.instagram.com\\\/conexindia\\\/\"]}]}<\/script>\n<!-- \/ Yoast SEO plugin. -->","yoast_head_json":{"title":"Mechanische Schraubklemmen aus Bronze","description":"Conex bietet eine gro\u00dfe Auswahl an mechanischen Messingklemmen mit Schraubverbindungen an, einschlie\u00dflich Kabel-, Draht- und Terminalklemmen. Bekannt f\u00fcr robuste Konstruktion und zuverl\u00e4ssige Leistung, umfasst unser Sortiment Messingkompressionsklemmen, Pressklemmen, Klemmenverbinder, Stromklemmen und Erdungsklemmen f\u00fcr sichere elektrische Verbindungen.","robots":{"index":"index","follow":"follow","max-snippet":"max-snippet:-1","max-image-preview":"max-image-preview:large","max-video-preview":"max-video-preview:-1"},"canonical":"https:\/\/conexmetals.com\/de\/produkt\/mechanische-schraubklemmen-aus-bronze\/","schema":{"@context":"https:\/\/schema.org","@graph":[{"@type":"WebPage","@id":"https:\/\/conexmetals.com\/de\/produkt\/mechanische-schraubklemmen-aus-bronze\/","url":"https:\/\/conexmetals.com\/de\/produkt\/mechanische-schraubklemmen-aus-bronze\/","name":"Mechanische Schraubklemmen aus Bronze","isPartOf":{"@id":"https:\/\/conexmetals.com\/de\/#website"},"primaryImageOfPage":{"@id":"https:\/\/conexmetals.com\/de\/produkt\/mechanische-schraubklemmen-aus-bronze\/#primaryimage"},"image":{"@id":"https:\/\/conexmetals.com\/de\/produkt\/mechanische-schraubklemmen-aus-bronze\/#primaryimage"},"thumbnailUrl":"https:\/\/conexmetals.com\/wp-content\/uploads\/2024\/12\/Mechanisch-verschraubte-Bronzelaschen.png","datePublished":"2023-08-16T06:36:20+00:00","dateModified":"2024-10-17T12:30:43+00:00","description":"Conex bietet eine gro\u00dfe Auswahl an mechanischen Messingklemmen mit Schraubverbindungen an, einschlie\u00dflich Kabel-, Draht- und Terminalklemmen. Bekannt f\u00fcr robuste Konstruktion und zuverl\u00e4ssige Leistung, umfasst unser Sortiment Messingkompressionsklemmen, Pressklemmen, Klemmenverbinder, Stromklemmen und Erdungsklemmen f\u00fcr sichere elektrische Verbindungen.","breadcrumb":{"@id":"https:\/\/conexmetals.com\/de\/produkt\/mechanische-schraubklemmen-aus-bronze\/#breadcrumb"},"inLanguage":"de","potentialAction":[{"@type":"ReadAction","target":["https:\/\/conexmetals.com\/de\/produkt\/mechanische-schraubklemmen-aus-bronze\/"]}]},{"@type":"ImageObject","inLanguage":"de","@id":"https:\/\/conexmetals.com\/de\/produkt\/mechanische-schraubklemmen-aus-bronze\/#primaryimage","url":"https:\/\/conexmetals.com\/wp-content\/uploads\/2024\/12\/Mechanisch-verschraubte-Bronzelaschen.png","contentUrl":"https:\/\/conexmetals.com\/wp-content\/uploads\/2024\/12\/Mechanisch-verschraubte-Bronzelaschen.png","width":300,"height":300,"caption":"Mechanisch verschraubte Bronzelaschen"},{"@type":"BreadcrumbList","@id":"https:\/\/conexmetals.com\/de\/produkt\/mechanische-schraubklemmen-aus-bronze\/#breadcrumb","itemListElement":[{"@type":"ListItem","position":1,"name":"Home","item":"https:\/\/conexmetals.com\/de\/heim\/"},{"@type":"ListItem","position":2,"name":"Products","item":"https:\/\/conexmetals.com\/products\/"},{"@type":"ListItem","position":3,"name":"Mechanische Schraubklemmen aus Bronze"}]},{"@type":"WebSite","@id":"https:\/\/conexmetals.com\/de\/#website","url":"https:\/\/conexmetals.com\/de\/","name":"Conex Metals Brass Fittings Brass Parts Copper Parts Brass Components Brass Plumbing Fittings India","description":"Manufacturer of Bronze Fittings casting Copper Brass parts components","publisher":{"@id":"https:\/\/conexmetals.com\/de\/#organization"},"potentialAction":[{"@type":"SearchAction","target":{"@type":"EntryPoint","urlTemplate":"https:\/\/conexmetals.com\/de\/?s={search_term_string}"},"query-input":{"@type":"PropertyValueSpecification","valueRequired":true,"valueName":"search_term_string"}}],"inLanguage":"de"},{"@type":"Organization","@id":"https:\/\/conexmetals.com\/de\/#organization","name":"Conex Metals Brass Fittings Brass Parts Copper Parts Brass Components Brass Plumbing Fittings India","url":"https:\/\/conexmetals.com\/de\/","logo":{"@type":"ImageObject","inLanguage":"de","@id":"https:\/\/conexmetals.com\/de\/#\/schema\/logo\/image\/","url":"https:\/\/conexmetals.com\/wp-content\/uploads\/2024\/03\/conex-metals-logo.webp","contentUrl":"https:\/\/conexmetals.com\/wp-content\/uploads\/2024\/03\/conex-metals-logo.webp","width":300,"height":121,"caption":"Conex Metals Brass Fittings Brass Parts Copper Parts Brass Components Brass Plumbing Fittings India"},"image":{"@id":"https:\/\/conexmetals.com\/de\/#\/schema\/logo\/image\/"},"sameAs":["https:\/\/www.facebook.com\/conexbrass","https:\/\/x.com\/conexindia","https:\/\/www.linkedin.com\/company\/conex-metals-india\/","https:\/\/www.instagram.com\/conexindia\/"]}]}},"_links":{"self":[{"href":"https:\/\/conexmetals.com\/de\/wp-json\/wp\/v2\/product\/11173","targetHints":{"allow":["GET"]}}],"collection":[{"href":"https:\/\/conexmetals.com\/de\/wp-json\/wp\/v2\/product"}],"about":[{"href":"https:\/\/conexmetals.com\/de\/wp-json\/wp\/v2\/types\/product"}],"wp:featuredmedia":[{"embeddable":true,"href":"https:\/\/conexmetals.com\/de\/wp-json\/wp\/v2\/media\/7113"}],"wp:attachment":[{"href":"https:\/\/conexmetals.com\/de\/wp-json\/wp\/v2\/media?parent=11173"}],"wp:term":[{"taxonomy":"product_brand","embeddable":true,"href":"https:\/\/conexmetals.com\/de\/wp-json\/wp\/v2\/product_brand?post=11173"},{"taxonomy":"product_cat","embeddable":true,"href":"https:\/\/conexmetals.com\/de\/wp-json\/wp\/v2\/product_cat?post=11173"},{"taxonomy":"product_tag","embeddable":true,"href":"https:\/\/conexmetals.com\/de\/wp-json\/wp\/v2\/product_tag?post=11173"}],"curies":[{"name":"wp","href":"https:\/\/api.w.org\/{rel}","templated":true}]}}