{"id":11178,"date":"2023-08-16T12:16:51","date_gmt":"2023-08-16T06:46:51","guid":{"rendered":"https:\/\/conexmetals.com\/?post_type=product&#038;p=11178"},"modified":"2024-10-17T18:21:33","modified_gmt":"2024-10-17T12:51:33","slug":"messing-splittbolzen","status":"publish","type":"product","link":"https:\/\/conexmetals.com\/de\/produkt\/messing-splittbolzen\/","title":{"rendered":"Messing-Splittbolzen"},"content":{"rendered":"","protected":false},"excerpt":{"rendered":"<div class=\"elementor-element elementor-element-672075d elementor-widget__width-initial e-transform elementor-widget-mobile__width-initial elementor-widget elementor-widget-woocommerce-product-images\" data-id=\"672075d\" data-element_type=\"widget\" data-settings=\"{&quot;_transform_scale_effect&quot;:{&quot;unit&quot;:&quot;px&quot;,&quot;size&quot;:1,&quot;sizes&quot;:[]},&quot;_transform_scale_effect_tablet&quot;:{&quot;unit&quot;:&quot;px&quot;,&quot;size&quot;:&quot;&quot;,&quot;sizes&quot;:[]},&quot;_transform_scale_effect_mobile&quot;:{&quot;unit&quot;:&quot;px&quot;,&quot;size&quot;:&quot;&quot;,&quot;sizes&quot;:[]}}\" data-widget_type=\"woocommerce-product-images.default\">\n<div class=\"elementor-widget-container\">\n<div class=\"woocommerce-product-gallery woocommerce-product-gallery--with-images woocommerce-product-gallery--columns-4 images\" data-columns=\"4\">\n<div class=\"woocommerce-product-gallery__wrapper\">\n<div class=\"woocommerce-product-gallery__image\" data-thumb=\"https:\/\/conexmetals.com\/wp-content\/uploads\/2023\/08\/Line-Taps-or-Split-Bolt-Connectors-1-100x100.png\" data-thumb-alt=\"Brass Split Bolts\" data-thumb-srcset=\"https:\/\/conexmetals.com\/wp-content\/uploads\/2023\/08\/Line-Taps-or-Split-Bolt-Connectors-1-100x100.png 100w, https:\/\/conexmetals.com\/wp-content\/uploads\/2023\/08\/Line-Taps-or-Split-Bolt-Connectors-1-300x300.png 300w, https:\/\/conexmetals.com\/wp-content\/uploads\/2023\/08\/Line-Taps-or-Split-Bolt-Connectors-1-150x150.png 150w, https:\/\/conexmetals.com\/wp-content\/uploads\/2023\/08\/Line-Taps-or-Split-Bolt-Connectors-1.png 350w\"><\/div>\n<\/div>\n<\/div>\n<\/div>\n<\/div>\n<div class=\"elementor-element elementor-element-36d2ab8 elementor-widget elementor-widget-woocommerce-product-short-description\" data-id=\"36d2ab8\" data-element_type=\"widget\" data-widget_type=\"woocommerce-product-short-description.default\">\n<div class=\"elementor-widget-container\">\n<div class=\"woocommerce-product-details__short-description\">\n<p>&nbsp;<\/p>\n<table id=\"tablepress-367\" class=\"tablepress tablepress-id-367\">\n<caption>\u00a0<\/caption>\n<thead>\n<tr class=\"row-1 odd\">\n<th class=\"column-1\" colspan=\"5\">Messing-Spannbolzen<\/th>\n<\/tr>\n<\/thead>\n<tbody class=\"row-hover\">\n<tr class=\"row-2 even\">\n<td class=\"column-1\"><strong>Hauptleiter A mm\u00a0<sup>2<\/sup><\/strong><\/td>\n<td class=\"column-2\"><strong>Oberer Leiter B mm\u00a0<sup>2<\/sup><\/strong><\/td>\n<td class=\"column-3\"><strong>Hmm<\/strong><\/td>\n<td class=\"column-4\"><strong>B mm<\/strong><\/td>\n<td class=\"column-5\"><strong>St\u00fcckgewicht kg<\/strong><\/td>\n<\/tr>\n<tr class=\"row-3 odd\">\n<td class=\"column-1\">10<\/td>\n<td class=\"column-2\">1,5-10<\/td>\n<td class=\"column-3\">20<\/td>\n<td class=\"column-4\">4.1<\/td>\n<td class=\"column-5\">0,02<\/td>\n<\/tr>\n<tr class=\"row-4 even\">\n<td class=\"column-1\">16<\/td>\n<td class=\"column-2\">2,5-16<\/td>\n<td class=\"column-3\">23<\/td>\n<td class=\"column-4\">5.3<\/td>\n<td class=\"column-5\">0,03<\/td>\n<\/tr>\n<tr class=\"row-5 odd\">\n<td class=\"column-1\">25<\/td>\n<td class=\"column-2\">2,5-25<\/td>\n<td class=\"column-3\">28<\/td>\n<td class=\"column-4\">6.8<\/td>\n<td class=\"column-5\">0,04<\/td>\n<\/tr>\n<tr class=\"row-6 even\">\n<td class=\"column-1\">35<\/td>\n<td class=\"column-2\">2,5-35<\/td>\n<td class=\"column-3\">29<\/td>\n<td class=\"column-4\">7.9<\/td>\n<td class=\"column-5\">0,05<\/td>\n<\/tr>\n<tr class=\"row-7 odd\">\n<td class=\"column-1\">50<\/td>\n<td class=\"column-2\">2,5-50<\/td>\n<td class=\"column-3\">35<\/td>\n<td class=\"column-4\">9,5<\/td>\n<td class=\"column-5\">0,08<\/td>\n<\/tr>\n<tr class=\"row-8 even\">\n<td class=\"column-1\">70<\/td>\n<td class=\"column-2\">2,5-70<\/td>\n<td class=\"column-3\">39<\/td>\n<td class=\"column-4\">10.7<\/td>\n<td class=\"column-5\">0,12<\/td>\n<\/tr>\n<tr class=\"row-9 odd\">\n<td class=\"column-1\">95<\/td>\n<td class=\"column-2\">2,5-95<\/td>\n<td class=\"column-3\">45<\/td>\n<td class=\"column-4\">13.5<\/td>\n<td class=\"column-5\">0,15<\/td>\n<\/tr>\n<tr class=\"row-10 even\">\n<td class=\"column-1\">120<\/td>\n<td class=\"column-2\">10-120<\/td>\n<td class=\"column-3\">47<\/td>\n<td class=\"column-4\">14.7<\/td>\n<td class=\"column-5\">0,18<\/td>\n<\/tr>\n<tr class=\"row-11 odd\">\n<td class=\"column-1\">150<\/td>\n<td class=\"column-2\">10-150<\/td>\n<td class=\"column-3\">51<\/td>\n<td class=\"column-4\">16.2<\/td>\n<td class=\"column-5\">0,23<\/td>\n<\/tr>\n<tr class=\"row-12 even\">\n<td class=\"column-1\">185<\/td>\n<td class=\"column-2\">50-185<\/td>\n<td class=\"column-3\">57<\/td>\n<td class=\"column-4\">17.8<\/td>\n<td class=\"column-5\">0,35<\/td>\n<\/tr>\n<tr class=\"row-13 odd\">\n<td class=\"column-1\">240<\/td>\n<td class=\"column-2\">95-240<\/td>\n<td class=\"column-3\">64<\/td>\n<td class=\"column-4\">19<\/td>\n<td class=\"column-5\">0,46<\/td>\n<\/tr>\n<tr class=\"row-14 even\">\n<td class=\"column-1\" colspan=\"5\">Material: Rotguss<\/td>\n<\/tr>\n<\/tbody>\n<\/table>\n<p><img fetchpriority=\"high\" decoding=\"async\" class=\"alignnone wp-image-6923 size-full\" src=\"https:\/\/conexmetals.com\/wp-content\/uploads\/2023\/08\/Split-Bolt-Connectors.jpg\" alt=\"Strichzeichnung f\u00fcr geteilte Bolzenverbinder\" width=\"714\" height=\"300\" srcset=\"https:\/\/conexmetals.com\/wp-content\/uploads\/2023\/08\/Split-Bolt-Connectors.jpg 714w, https:\/\/conexmetals.com\/wp-content\/uploads\/2023\/08\/Split-Bolt-Connectors-300x126.jpg 300w, https:\/\/conexmetals.com\/wp-content\/uploads\/2023\/08\/Split-Bolt-Connectors-700x294.jpg 700w\" sizes=\"(max-width: 714px) 100vw, 714px\" \/><\/p>\n<p>&nbsp;<\/p>\n<p>Messing-Splitbolzen, auch bekannt als Messing-Leitungsabgriffe oder Split-Bolzen-Verbindungsst\u00fccke, sind spezielle elektrische Verbindungsst\u00fccke, die zum Verbinden oder Splei\u00dfen von zwei oder mehr elektrischen Leitern verwendet werden. Diese Verbindungsst\u00fccke werden h\u00e4ufig in Anwendungen verwendet, in denen eine zuverl\u00e4ssige und sichere elektrische Verbindung erforderlich ist.<\/p>\n<p>Die Konstruktion von Messing-Spaltbolzen besteht typischerweise aus einem zylindrischen K\u00f6rper mit einem Spalt entlang seiner L\u00e4nge. Sie haben au\u00dferdem ein zentrales Gewindeloch, in das die Leiter eingef\u00fchrt werden, und einen Bolzen oder eine Stellschraube zum Festziehen und Sichern der Verbindung.<\/p>\n<p>So funktionieren Messing-Spannbolzen:<\/p>\n<ol>\n<li><strong>Einf\u00fchren der Leiter<\/strong>\u00a0: Die anzuschlie\u00dfenden Leiter werden in die zentrale \u00d6ffnung des Schlitzbolzens eingelegt. Durch den Schlitz im Bolzen lassen sich die Leiter leicht einf\u00fchren, ohne dass sie durchgef\u00e4delt werden m\u00fcssen.<\/li>\n<li><strong>Festziehen<\/strong>\u00a0: Sobald die Leiter eingesetzt sind, wird der Bolzen oder die Stellschraube festgezogen. Beim Festziehen dr\u00fcckt der Bolzen die Seiten des Spaltbolzens zusammen und klemmt die Leiter sicher an ihrem Platz fest.<\/li>\n<\/ol>\n<p>&nbsp;<\/p>\n<p><strong>Messing-Spreizbolzen werden h\u00e4ufig in verschiedenen elektrischen Anwendungen verwendet, darunter:<\/strong><\/p>\n<ul>\n<li>Verbinden oder Splei\u00dfen von elektrischen Freileitungen in Versorgungs- und Stromverteilungssystemen.<\/li>\n<li>Anschlie\u00dfen elektrischer Erdungsleitungen und -kabel.<\/li>\n<li>Verbinden von Leitern in Schalttafeln oder Anschlussk\u00e4sten.<\/li>\n<li>Anschlie\u00dfen von Erdungsleitern an Ger\u00e4te oder Strukturen.<\/li>\n<\/ul>\n<p>&nbsp;<\/p>\n<p><strong>Die Verwendung von Messing-Splintbolzen bietet folgende Vorteile:<\/strong><\/p>\n<ol>\n<li><strong>Elektrische Leitf\u00e4higkeit<\/strong>\u00a0: Messing ist ein guter Stromleiter und gew\u00e4hrleistet eine effiziente Strom\u00fcbertragung durch den Stecker.<\/li>\n<li><strong>Korrosionsbest\u00e4ndigkeit<\/strong>\u00a0: Messing-Spreizbolzen sind korrosionsbest\u00e4ndig und daher f\u00fcr den Au\u00dfenbereich und raue Umgebungen geeignet.<\/li>\n<li><strong>Mechanische Festigkeit: Messing bietet stabile und zuverl\u00e4ssige Verbindungen und gew\u00e4hrleistet eine lang anhaltende Leistung.<\/strong><\/li>\n<li><strong>Vielseitigkeit<\/strong>\u00a0: Messing-Spaltbolzen sind in verschiedenen Gr\u00f6\u00dfen erh\u00e4ltlich, um verschiedenen Leitergr\u00f6\u00dfen gerecht zu werden.<\/li>\n<li><strong>Einfache Installation<\/strong>\u00a0: Spreizbolzen sind einfach zu installieren und erfordern f\u00fcr die Verbindung kein Spezialwerkzeug.<\/li>\n<\/ol>\n<p>Wie bei jeder elektrischen Verbindung muss unbedingt sichergestellt werden, dass basierend auf der Leitergr\u00f6\u00dfe und den spezifischen Anwendungsanforderungen die richtige Gr\u00f6\u00dfe und Art von Messing-Spaltbolzen verwendet werden.<\/p>\n<p>CONEX fertigt eine breite Palette von Leitungsabgriffen mit geteilten Bolzenverbindern, die den Material- und Ma\u00dfspezifikationen verschiedener internationaler Normen entsprechen.<\/p>\n<ul>\n<li>Die geteilten Messingschrauben f\u00fcr Leitungsgewindebohrer werden aus hochfestem Messing gem\u00e4\u00df BS 2874 -CZ 112 hergestellt. Die Gewinde werden im Rollverfahren geformt und verleihen der Mutter zus\u00e4tzliche Klemmkraft.<\/li>\n<li>Druckpolster sind aus extrudierten Stangen (NICHT GEGOSSEN) gefertigt, wodurch ein Rei\u00dfen der Polster verhindert wird.<\/li>\n<li>Messing-Kupfer-Leitungsabzweige. Geteilte Bolzen. Geteilte Verbindungsst\u00fccke sind aus nat\u00fcrlichem Messing und mit galvanisch verzinnter Oberfl\u00e4che.<\/li>\n<li>Messing-Split-Bolzen-Verbindungsst\u00fccke, Leitungsabzweige, Split-Bolzen. Auch in hochleitf\u00e4higer Kupferausf\u00fchrung lieferbar.<\/li>\n<\/ul>\n<table id=\"tablepress-229\" class=\"tablepress tablepress-id-229\">\n<thead>\n<tr class=\"row-1 odd\">\n<th class=\"column-1\" colspan=\"3\"><strong>Messing-Spannbolzen<\/strong><\/th>\n<\/tr>\n<\/thead>\n<tbody class=\"row-hover\">\n<tr class=\"row-2 even\">\n<td class=\"column-1\"><strong>Leiter mm 2<\/strong><\/td>\n<td class=\"column-2\"><strong>C mm<\/strong><\/td>\n<td class=\"column-3\"><strong>Produktcode-Nr.<\/strong><\/td>\n<\/tr>\n<tr class=\"row-3 odd\">\n<td class=\"column-1\">10<\/td>\n<td class=\"column-2\">4.5<\/td>\n<td class=\"column-3\">SBC-10<\/td>\n<\/tr>\n<tr class=\"row-4 even\">\n<td class=\"column-1\">16<\/td>\n<td class=\"column-2\">6<\/td>\n<td class=\"column-3\">SBC-16<\/td>\n<\/tr>\n<tr class=\"row-5 odd\">\n<td class=\"column-1\">25<\/td>\n<td class=\"column-2\">6.9<\/td>\n<td class=\"column-3\">SBC-25<\/td>\n<\/tr>\n<tr class=\"row-6 even\">\n<td class=\"column-1\">32-35<\/td>\n<td class=\"column-2\">8.1<\/td>\n<td class=\"column-3\">SBC-32<\/td>\n<\/tr>\n<tr class=\"row-7 odd\">\n<td class=\"column-1\">50<\/td>\n<td class=\"column-2\">9.7<\/td>\n<td class=\"column-3\">SBC-50<\/td>\n<\/tr>\n<tr class=\"row-8 even\">\n<td class=\"column-1\">70<\/td>\n<td class=\"column-2\">11.2<\/td>\n<td class=\"column-3\">SBC-70<\/td>\n<\/tr>\n<tr class=\"row-9 odd\">\n<td class=\"column-1\">95<\/td>\n<td class=\"column-2\">13.6<\/td>\n<td class=\"column-3\">SBC-95<\/td>\n<\/tr>\n<tr class=\"row-10 even\">\n<td class=\"column-1\">100<\/td>\n<td class=\"column-2\">14<\/td>\n<td class=\"column-3\">SBC-100<\/td>\n<\/tr>\n<tr class=\"row-11 odd\">\n<td class=\"column-1\">120<\/td>\n<td class=\"column-2\">15<\/td>\n<td class=\"column-3\">SBC-120<\/td>\n<\/tr>\n<tr class=\"row-12 even\">\n<td class=\"column-1\">150<\/td>\n<td class=\"column-2\">16.6<\/td>\n<td class=\"column-3\">SBC-150<\/td>\n<\/tr>\n<tr class=\"row-13 odd\">\n<td class=\"column-1\">185<\/td>\n<td class=\"column-2\">18.2<\/td>\n<td class=\"column-3\">SBC-185<\/td>\n<\/tr>\n<tr class=\"row-14 even\">\n<td class=\"column-1\">240<\/td>\n<td class=\"column-2\">21.4<\/td>\n<td class=\"column-3\">SBC-240<\/td>\n<\/tr>\n<tr class=\"row-15 odd\">\n<td class=\"column-1\">300<\/td>\n<td class=\"column-2\">23,7<\/td>\n<td class=\"column-3\">SBC-300<\/td>\n<\/tr>\n<tr class=\"row-16 even\">\n<td class=\"column-1\">400<\/td>\n<td class=\"column-2\">26.2<\/td>\n<td class=\"column-3\">SBC-400<\/td>\n<\/tr>\n<tr class=\"row-17 odd\">\n<td class=\"column-1\">500<\/td>\n<td class=\"column-2\">30.1<\/td>\n<td class=\"column-3\">SBC-500<\/td>\n<\/tr>\n<\/tbody>\n<\/table>\n<\/div>\n<\/div>\n<\/div>\n","protected":false},"featured_media":7858,"template":"","meta":[],"product_brand":[],"product_cat":[388],"product_tag":[],"class_list":{"0":"post-11178","1":"product","2":"type-product","3":"status-publish","4":"has-post-thumbnail","6":"product_cat-elektrische-zubehorteile","8":"first","9":"instock","10":"shipping-taxable","11":"product-type-simple"},"yoast_head":"<!-- This site is optimized with the Yoast SEO plugin v27.3 - https:\/\/yoast.com\/product\/yoast-seo-wordpress\/ -->\n<title>Messing-Splittbolzen<\/title>\n<meta name=\"description\" content=\"Conex ist ein f\u00fchrender Hersteller und Exporteur von Messing-Schraubbolzen und -Verbindern. Unsere Produkte, darunter Messing-Schraubverbinder, Messing-Linienabgriffe und Kupfer-Schraubverbinder, sorgen f\u00fcr zuverl\u00e4ssige und effiziente elektrische Verbindungen und erf\u00fcllen hohe Qualit\u00e4tsstandards f\u00fcr verschiedene industrielle Anwendungen.\" \/>\n<meta name=\"robots\" content=\"index, follow, max-snippet:-1, max-image-preview:large, max-video-preview:-1\" \/>\n<link rel=\"canonical\" href=\"https:\/\/conexmetals.com\/de\/produkt\/messing-splittbolzen\/\" \/>\n<script type=\"application\/ld+json\" class=\"yoast-schema-graph\">{\"@context\":\"https:\\\/\\\/schema.org\",\"@graph\":[{\"@type\":\"WebPage\",\"@id\":\"https:\\\/\\\/conexmetals.com\\\/de\\\/produkt\\\/messing-splittbolzen\\\/\",\"url\":\"https:\\\/\\\/conexmetals.com\\\/de\\\/produkt\\\/messing-splittbolzen\\\/\",\"name\":\"Messing-Splittbolzen\",\"isPartOf\":{\"@id\":\"https:\\\/\\\/conexmetals.com\\\/de\\\/#website\"},\"primaryImageOfPage\":{\"@id\":\"https:\\\/\\\/conexmetals.com\\\/de\\\/produkt\\\/messing-splittbolzen\\\/#primaryimage\"},\"image\":{\"@id\":\"https:\\\/\\\/conexmetals.com\\\/de\\\/produkt\\\/messing-splittbolzen\\\/#primaryimage\"},\"thumbnailUrl\":\"https:\\\/\\\/conexmetals.com\\\/wp-content\\\/uploads\\\/2024\\\/10\\\/Messing-Splittbolzen.png\",\"datePublished\":\"2023-08-16T06:46:51+00:00\",\"dateModified\":\"2024-10-17T12:51:33+00:00\",\"description\":\"Conex ist ein f\u00fchrender Hersteller und Exporteur von Messing-Schraubbolzen und -Verbindern. Unsere Produkte, darunter Messing-Schraubverbinder, Messing-Linienabgriffe und Kupfer-Schraubverbinder, sorgen f\u00fcr zuverl\u00e4ssige und effiziente elektrische Verbindungen und erf\u00fcllen hohe Qualit\u00e4tsstandards f\u00fcr verschiedene industrielle Anwendungen.\",\"breadcrumb\":{\"@id\":\"https:\\\/\\\/conexmetals.com\\\/de\\\/produkt\\\/messing-splittbolzen\\\/#breadcrumb\"},\"inLanguage\":\"de\",\"potentialAction\":[{\"@type\":\"ReadAction\",\"target\":[\"https:\\\/\\\/conexmetals.com\\\/de\\\/produkt\\\/messing-splittbolzen\\\/\"]}]},{\"@type\":\"ImageObject\",\"inLanguage\":\"de\",\"@id\":\"https:\\\/\\\/conexmetals.com\\\/de\\\/produkt\\\/messing-splittbolzen\\\/#primaryimage\",\"url\":\"https:\\\/\\\/conexmetals.com\\\/wp-content\\\/uploads\\\/2024\\\/10\\\/Messing-Splittbolzen.png\",\"contentUrl\":\"https:\\\/\\\/conexmetals.com\\\/wp-content\\\/uploads\\\/2024\\\/10\\\/Messing-Splittbolzen.png\",\"width\":350,\"height\":350,\"caption\":\"Messing-Splittbolzen\"},{\"@type\":\"BreadcrumbList\",\"@id\":\"https:\\\/\\\/conexmetals.com\\\/de\\\/produkt\\\/messing-splittbolzen\\\/#breadcrumb\",\"itemListElement\":[{\"@type\":\"ListItem\",\"position\":1,\"name\":\"Home\",\"item\":\"https:\\\/\\\/conexmetals.com\\\/de\\\/heim\\\/\"},{\"@type\":\"ListItem\",\"position\":2,\"name\":\"Products\",\"item\":\"https:\\\/\\\/conexmetals.com\\\/products\\\/\"},{\"@type\":\"ListItem\",\"position\":3,\"name\":\"Messing-Splittbolzen\"}]},{\"@type\":\"WebSite\",\"@id\":\"https:\\\/\\\/conexmetals.com\\\/de\\\/#website\",\"url\":\"https:\\\/\\\/conexmetals.com\\\/de\\\/\",\"name\":\"Conex Metals Brass Fittings Brass Parts Copper Parts Brass Components Brass Plumbing Fittings India\",\"description\":\"Manufacturer of Bronze Fittings casting Copper Brass parts components\",\"publisher\":{\"@id\":\"https:\\\/\\\/conexmetals.com\\\/de\\\/#organization\"},\"potentialAction\":[{\"@type\":\"SearchAction\",\"target\":{\"@type\":\"EntryPoint\",\"urlTemplate\":\"https:\\\/\\\/conexmetals.com\\\/de\\\/?s={search_term_string}\"},\"query-input\":{\"@type\":\"PropertyValueSpecification\",\"valueRequired\":true,\"valueName\":\"search_term_string\"}}],\"inLanguage\":\"de\"},{\"@type\":\"Organization\",\"@id\":\"https:\\\/\\\/conexmetals.com\\\/de\\\/#organization\",\"name\":\"Conex Metals Brass Fittings Brass Parts Copper Parts Brass Components Brass Plumbing Fittings India\",\"url\":\"https:\\\/\\\/conexmetals.com\\\/de\\\/\",\"logo\":{\"@type\":\"ImageObject\",\"inLanguage\":\"de\",\"@id\":\"https:\\\/\\\/conexmetals.com\\\/de\\\/#\\\/schema\\\/logo\\\/image\\\/\",\"url\":\"https:\\\/\\\/conexmetals.com\\\/wp-content\\\/uploads\\\/2024\\\/03\\\/conex-metals-logo.webp\",\"contentUrl\":\"https:\\\/\\\/conexmetals.com\\\/wp-content\\\/uploads\\\/2024\\\/03\\\/conex-metals-logo.webp\",\"width\":300,\"height\":121,\"caption\":\"Conex Metals Brass Fittings Brass Parts Copper Parts Brass Components Brass Plumbing Fittings India\"},\"image\":{\"@id\":\"https:\\\/\\\/conexmetals.com\\\/de\\\/#\\\/schema\\\/logo\\\/image\\\/\"},\"sameAs\":[\"https:\\\/\\\/www.facebook.com\\\/conexbrass\",\"https:\\\/\\\/x.com\\\/conexindia\",\"https:\\\/\\\/www.linkedin.com\\\/company\\\/conex-metals-india\\\/\",\"https:\\\/\\\/www.instagram.com\\\/conexindia\\\/\"]}]}<\/script>\n<!-- \/ Yoast SEO plugin. -->","yoast_head_json":{"title":"Messing-Splittbolzen","description":"Conex ist ein f\u00fchrender Hersteller und Exporteur von Messing-Schraubbolzen und -Verbindern. Unsere Produkte, darunter Messing-Schraubverbinder, Messing-Linienabgriffe und Kupfer-Schraubverbinder, sorgen f\u00fcr zuverl\u00e4ssige und effiziente elektrische Verbindungen und erf\u00fcllen hohe Qualit\u00e4tsstandards f\u00fcr verschiedene industrielle Anwendungen.","robots":{"index":"index","follow":"follow","max-snippet":"max-snippet:-1","max-image-preview":"max-image-preview:large","max-video-preview":"max-video-preview:-1"},"canonical":"https:\/\/conexmetals.com\/de\/produkt\/messing-splittbolzen\/","schema":{"@context":"https:\/\/schema.org","@graph":[{"@type":"WebPage","@id":"https:\/\/conexmetals.com\/de\/produkt\/messing-splittbolzen\/","url":"https:\/\/conexmetals.com\/de\/produkt\/messing-splittbolzen\/","name":"Messing-Splittbolzen","isPartOf":{"@id":"https:\/\/conexmetals.com\/de\/#website"},"primaryImageOfPage":{"@id":"https:\/\/conexmetals.com\/de\/produkt\/messing-splittbolzen\/#primaryimage"},"image":{"@id":"https:\/\/conexmetals.com\/de\/produkt\/messing-splittbolzen\/#primaryimage"},"thumbnailUrl":"https:\/\/conexmetals.com\/wp-content\/uploads\/2024\/10\/Messing-Splittbolzen.png","datePublished":"2023-08-16T06:46:51+00:00","dateModified":"2024-10-17T12:51:33+00:00","description":"Conex ist ein f\u00fchrender Hersteller und Exporteur von Messing-Schraubbolzen und -Verbindern. Unsere Produkte, darunter Messing-Schraubverbinder, Messing-Linienabgriffe und Kupfer-Schraubverbinder, sorgen f\u00fcr zuverl\u00e4ssige und effiziente elektrische Verbindungen und erf\u00fcllen hohe Qualit\u00e4tsstandards f\u00fcr verschiedene industrielle Anwendungen.","breadcrumb":{"@id":"https:\/\/conexmetals.com\/de\/produkt\/messing-splittbolzen\/#breadcrumb"},"inLanguage":"de","potentialAction":[{"@type":"ReadAction","target":["https:\/\/conexmetals.com\/de\/produkt\/messing-splittbolzen\/"]}]},{"@type":"ImageObject","inLanguage":"de","@id":"https:\/\/conexmetals.com\/de\/produkt\/messing-splittbolzen\/#primaryimage","url":"https:\/\/conexmetals.com\/wp-content\/uploads\/2024\/10\/Messing-Splittbolzen.png","contentUrl":"https:\/\/conexmetals.com\/wp-content\/uploads\/2024\/10\/Messing-Splittbolzen.png","width":350,"height":350,"caption":"Messing-Splittbolzen"},{"@type":"BreadcrumbList","@id":"https:\/\/conexmetals.com\/de\/produkt\/messing-splittbolzen\/#breadcrumb","itemListElement":[{"@type":"ListItem","position":1,"name":"Home","item":"https:\/\/conexmetals.com\/de\/heim\/"},{"@type":"ListItem","position":2,"name":"Products","item":"https:\/\/conexmetals.com\/products\/"},{"@type":"ListItem","position":3,"name":"Messing-Splittbolzen"}]},{"@type":"WebSite","@id":"https:\/\/conexmetals.com\/de\/#website","url":"https:\/\/conexmetals.com\/de\/","name":"Conex Metals Brass Fittings Brass Parts Copper Parts Brass Components Brass Plumbing Fittings India","description":"Manufacturer of Bronze Fittings casting Copper Brass parts components","publisher":{"@id":"https:\/\/conexmetals.com\/de\/#organization"},"potentialAction":[{"@type":"SearchAction","target":{"@type":"EntryPoint","urlTemplate":"https:\/\/conexmetals.com\/de\/?s={search_term_string}"},"query-input":{"@type":"PropertyValueSpecification","valueRequired":true,"valueName":"search_term_string"}}],"inLanguage":"de"},{"@type":"Organization","@id":"https:\/\/conexmetals.com\/de\/#organization","name":"Conex Metals Brass Fittings Brass Parts Copper Parts Brass Components Brass Plumbing Fittings India","url":"https:\/\/conexmetals.com\/de\/","logo":{"@type":"ImageObject","inLanguage":"de","@id":"https:\/\/conexmetals.com\/de\/#\/schema\/logo\/image\/","url":"https:\/\/conexmetals.com\/wp-content\/uploads\/2024\/03\/conex-metals-logo.webp","contentUrl":"https:\/\/conexmetals.com\/wp-content\/uploads\/2024\/03\/conex-metals-logo.webp","width":300,"height":121,"caption":"Conex Metals Brass Fittings Brass Parts Copper Parts Brass Components Brass Plumbing Fittings India"},"image":{"@id":"https:\/\/conexmetals.com\/de\/#\/schema\/logo\/image\/"},"sameAs":["https:\/\/www.facebook.com\/conexbrass","https:\/\/x.com\/conexindia","https:\/\/www.linkedin.com\/company\/conex-metals-india\/","https:\/\/www.instagram.com\/conexindia\/"]}]}},"_links":{"self":[{"href":"https:\/\/conexmetals.com\/de\/wp-json\/wp\/v2\/product\/11178","targetHints":{"allow":["GET"]}}],"collection":[{"href":"https:\/\/conexmetals.com\/de\/wp-json\/wp\/v2\/product"}],"about":[{"href":"https:\/\/conexmetals.com\/de\/wp-json\/wp\/v2\/types\/product"}],"wp:featuredmedia":[{"embeddable":true,"href":"https:\/\/conexmetals.com\/de\/wp-json\/wp\/v2\/media\/7858"}],"wp:attachment":[{"href":"https:\/\/conexmetals.com\/de\/wp-json\/wp\/v2\/media?parent=11178"}],"wp:term":[{"taxonomy":"product_brand","embeddable":true,"href":"https:\/\/conexmetals.com\/de\/wp-json\/wp\/v2\/product_brand?post=11178"},{"taxonomy":"product_cat","embeddable":true,"href":"https:\/\/conexmetals.com\/de\/wp-json\/wp\/v2\/product_cat?post=11178"},{"taxonomy":"product_tag","embeddable":true,"href":"https:\/\/conexmetals.com\/de\/wp-json\/wp\/v2\/product_tag?post=11178"}],"curies":[{"name":"wp","href":"https:\/\/api.w.org\/{rel}","templated":true}]}}