{"id":11210,"date":"2023-08-16T13:52:38","date_gmt":"2023-08-16T08:22:38","guid":{"rendered":"https:\/\/conexmetals.com\/?post_type=product&#038;p=11210"},"modified":"2024-10-18T11:58:08","modified_gmt":"2024-10-18T06:28:08","slug":"erdungsklemmen-typ-ec-14","status":"publish","type":"product","link":"https:\/\/conexmetals.com\/de\/produkt\/erdungsklemmen-typ-ec-14\/","title":{"rendered":"Erdungsklemmen Typ EC 14"},"content":{"rendered":"","protected":false},"excerpt":{"rendered":"<div class=\"elementor-element elementor-element-672075d elementor-widget__width-initial e-transform elementor-widget-mobile__width-initial elementor-widget elementor-widget-woocommerce-product-images\" data-id=\"672075d\" data-element_type=\"widget\" data-settings=\"{&quot;_transform_scale_effect&quot;:{&quot;unit&quot;:&quot;px&quot;,&quot;size&quot;:1,&quot;sizes&quot;:[]},&quot;_transform_scale_effect_tablet&quot;:{&quot;unit&quot;:&quot;px&quot;,&quot;size&quot;:&quot;&quot;,&quot;sizes&quot;:[]},&quot;_transform_scale_effect_mobile&quot;:{&quot;unit&quot;:&quot;px&quot;,&quot;size&quot;:&quot;&quot;,&quot;sizes&quot;:[]}}\" data-widget_type=\"woocommerce-product-images.default\">\n<div class=\"elementor-widget-container\">\n<div class=\"woocommerce-product-gallery woocommerce-product-gallery--with-images woocommerce-product-gallery--columns-4 images\" data-columns=\"4\">\n<div class=\"woocommerce-product-gallery__wrapper\">\n<div class=\"woocommerce-product-gallery__image\" data-thumb=\"https:\/\/conexmetals.com\/wp-content\/uploads\/2023\/11\/Earth-Clamps-Ec-14-Type-100x100.png\" data-thumb-alt=\"Earth Clamps EC 14 Type\" data-thumb-srcset=\"https:\/\/conexmetals.com\/wp-content\/uploads\/2023\/11\/Earth-Clamps-Ec-14-Type-100x100.png 100w, https:\/\/conexmetals.com\/wp-content\/uploads\/2023\/11\/Earth-Clamps-Ec-14-Type-300x300.png 300w, https:\/\/conexmetals.com\/wp-content\/uploads\/2023\/11\/Earth-Clamps-Ec-14-Type-150x150.png 150w, https:\/\/conexmetals.com\/wp-content\/uploads\/2023\/11\/Earth-Clamps-Ec-14-Type.png 350w\"><\/div>\n<\/div>\n<\/div>\n<\/div>\n<\/div>\n<div class=\"elementor-element elementor-element-36d2ab8 elementor-widget elementor-widget-woocommerce-product-short-description\" data-id=\"36d2ab8\" data-element_type=\"widget\" data-widget_type=\"woocommerce-product-short-description.default\">\n<div class=\"elementor-widget-container\">\n<div class=\"woocommerce-product-details__short-description\">\n<table id=\"tablepress-368\" class=\"tablepress tablepress-id-368\">\n<caption>\u00a0<\/caption>\n<thead>\n<tr class=\"row-1 odd\">\n<th class=\"column-1\" colspan=\"6\"><strong>EC16 f\u00fcr Au\u00dfenbereich, feuchte und korrosive Atmosph\u00e4re (AE)<\/strong><\/th>\n<\/tr>\n<\/thead>\n<tbody class=\"row-hover\">\n<tr class=\"row-2 even\">\n<td class=\"column-1\"><strong>NEIN<\/strong><\/td>\n<td class=\"column-2\"><strong>Teile-Nr<\/strong><\/td>\n<td class=\"column-3\"><strong>Rohrdurchmesser<\/strong><\/td>\n<td class=\"column-4\"><strong>Terminalgr\u00f6\u00dfe<\/strong><\/td>\n<td class=\"column-5\"><strong>L\u00e4nge<\/strong><\/td>\n<td class=\"column-6\"><strong>Farbe des Sicherheitsetiketts<\/strong><\/td>\n<\/tr>\n<tr class=\"row-3 odd\">\n<td class=\"column-1\">1<\/td>\n<td class=\"column-2\">EC16\/1<\/td>\n<td class=\"column-3\">12-32 mm<\/td>\n<td class=\"column-4\">2,5-16 qmm<\/td>\n<td class=\"column-5\">164 mm<\/td>\n<td class=\"column-6\">Gr\u00fcn \/ Silber<\/td>\n<\/tr>\n<tr class=\"row-4 even\">\n<td class=\"column-1\">2<\/td>\n<td class=\"column-2\">EC16\/2<\/td>\n<td class=\"column-3\">32-50 mm<\/td>\n<td class=\"column-4\">2,5-16 qmm<\/td>\n<td class=\"column-5\">214 mm<\/td>\n<td class=\"column-6\">Gr\u00fcn \/ Silber<\/td>\n<\/tr>\n<tr class=\"row-5 odd\">\n<td class=\"column-1\">3<\/td>\n<td class=\"column-2\">EC16\/3<\/td>\n<td class=\"column-3\">50-75 mm<\/td>\n<td class=\"column-4\">2,5-16 qmm<\/td>\n<td class=\"column-5\">285 mm<\/td>\n<td class=\"column-6\">Gr\u00fcn \/ Silber<\/td>\n<\/tr>\n<\/tbody>\n<\/table>\n<p>&nbsp;<\/p>\n<table id=\"tablepress-369\" class=\"tablepress tablepress-id-369\">\n<caption>\u00a0<\/caption>\n<thead>\n<tr class=\"row-1 odd\">\n<th class=\"column-1\" colspan=\"6\"><strong>EC15 f\u00fcr den Au\u00dfenbereich, feuchte und korrosive Atmosph\u00e4re (AD)<\/strong><\/th>\n<\/tr>\n<\/thead>\n<tbody class=\"row-hover\">\n<tr class=\"row-2 even\">\n<td class=\"column-1\">NEIN<\/td>\n<td class=\"column-2\">Teile-Nr<\/td>\n<td class=\"column-3\">Rohrdurchmesser<\/td>\n<td class=\"column-4\">Terminalgr\u00f6\u00dfe<\/td>\n<td class=\"column-5\">L\u00e4nge<\/td>\n<td class=\"column-6\">Farbe des Sicherheitsetiketts<\/td>\n<\/tr>\n<tr class=\"row-3 odd\">\n<td class=\"column-1\">1<\/td>\n<td class=\"column-2\">EC15\/1<\/td>\n<td class=\"column-3\">12-32 mm<\/td>\n<td class=\"column-4\">2,5-10 qmm<\/td>\n<td class=\"column-5\">164 mm<\/td>\n<td class=\"column-6\">Blau \/ Silber<\/td>\n<\/tr>\n<tr class=\"row-4 even\">\n<td class=\"column-1\">2<\/td>\n<td class=\"column-2\">EC15\/2<\/td>\n<td class=\"column-3\">32-50 mm<\/td>\n<td class=\"column-4\">2,5-10 qmm<\/td>\n<td class=\"column-5\">214 mm<\/td>\n<td class=\"column-6\">Blau \/ Silber<\/td>\n<\/tr>\n<tr class=\"row-5 odd\">\n<td class=\"column-1\">3<\/td>\n<td class=\"column-2\">EC15\/3<\/td>\n<td class=\"column-3\">50-75 mm<\/td>\n<td class=\"column-4\">2,5-10 qmm<\/td>\n<td class=\"column-5\">285 mm<\/td>\n<td class=\"column-6\">Blau \/ Silber<\/td>\n<\/tr>\n<\/tbody>\n<\/table>\n<p>&nbsp;<\/p>\n<table id=\"tablepress-370\" class=\"tablepress tablepress-id-370\">\n<caption>\u00a0<\/caption>\n<thead>\n<tr class=\"row-1 odd\">\n<th class=\"column-1\" colspan=\"6\"><strong>EC14 f\u00fcr Innenr\u00e4ume, feuchte und korrosive Atmosph\u00e4re (AD)<\/strong><\/th>\n<\/tr>\n<\/thead>\n<tbody class=\"row-hover\">\n<tr class=\"row-2 even\">\n<td class=\"column-1\"><strong>\u00a0NEIN<\/strong><\/td>\n<td class=\"column-2\"><strong>Teile-Nr<\/strong><\/td>\n<td class=\"column-3\"><strong>Rohrdurchmesser<\/strong><\/td>\n<td class=\"column-4\"><strong>Terminalgr\u00f6\u00dfe<\/strong><\/td>\n<td class=\"column-5\"><strong>L\u00e4nge<\/strong><\/td>\n<td class=\"column-6\"><strong>Farbe des Sicherheitsetiketts<\/strong><\/td>\n<\/tr>\n<tr class=\"row-3 odd\">\n<td class=\"column-1\">1<\/td>\n<td class=\"column-2\">EC14\/1<\/td>\n<td class=\"column-3\">12-32 mm<\/td>\n<td class=\"column-4\">2,5-10 qmm<\/td>\n<td class=\"column-5\">164 mm<\/td>\n<td class=\"column-6\">Rot \/ Silber<\/td>\n<\/tr>\n<tr class=\"row-4 even\">\n<td class=\"column-1\">2<\/td>\n<td class=\"column-2\">EC14\/2<\/td>\n<td class=\"column-3\">32-50 mm<\/td>\n<td class=\"column-4\">2,5-10 qmm<\/td>\n<td class=\"column-5\">214 mm<\/td>\n<td class=\"column-6\">Rot \/ Silber<\/td>\n<\/tr>\n<tr class=\"row-5 odd\">\n<td class=\"column-1\">3<\/td>\n<td class=\"column-2\">EC14\/3<\/td>\n<td class=\"column-3\">50-75 mm<\/td>\n<td class=\"column-4\">2,5-10 qmm<\/td>\n<td class=\"column-5\">285 mm<\/td>\n<td class=\"column-6\">Rot \/ Silber<\/td>\n<\/tr>\n<\/tbody>\n<\/table>\n<p>Eine Erdungsklemme vom Typ EC 14 ist eine spezielle Art von Erdungsklemme, die verwendet wird, um eine sichere Verbindung zwischen einem elektrischen Leiter und einer Erdungselektrode herzustellen. Diese Klemmen werden h\u00e4ufig in elektrischen Erdungssystemen verwendet, um einen sicheren Weg f\u00fcr Fehlerstr\u00f6me zur Erde bereitzustellen, elektrische Ger\u00e4te zu sch\u00fctzen und die Sicherheit des Personals zu gew\u00e4hrleisten.<\/p>\n<p>Die Erdungsklemme vom Typ EC 14 ist mit speziellen Funktionen ausgestattet, die eine einfache und zuverl\u00e4ssige Installation erm\u00f6glichen. Das Design kann je nach Hersteller unterschiedlich sein, aber einige gemeinsame Merkmale sind:<\/p>\n<ol>\n<li><strong>Material<\/strong>\u00a0: Erdungsklemmen bestehen normalerweise aus langlebigen und korrosionsbest\u00e4ndigen Materialien wie Messing, Kupfer oder Bronze. Diese Materialien werden aufgrund ihrer hervorragenden elektrischen Leitf\u00e4higkeit und ihrer F\u00e4higkeit, den Umweltbedingungen im Freien standzuhalten, ausgew\u00e4hlt.<\/li>\n<li><strong>Klemmmechanismus<\/strong>\u00a0: Die Erdungsklemme vom Typ EC 14 verf\u00fcgt normalerweise \u00fcber einen Schraub- oder Bolzenklemmmechanismus. Dadurch kann die Klemme den Erdungsleiter und die Erdungselektrode sicher greifen und eine Verbindung mit geringem Widerstand herstellen.<\/li>\n<li><strong>Backen<\/strong>\u00a0: Die Klemmbacken sind f\u00fcr Erdungsleiter und Erdungselektroden verschiedener Gr\u00f6\u00dfen ausgelegt. Sie gew\u00e4hrleisten eine dichte und zuverl\u00e4ssige Verbindung zwischen Leiter und Elektrode.<\/li>\n<li><strong>Montage<\/strong>\u00a0: Die Erdungsklemme vom Typ EC 14 kann L\u00f6cher oder andere Vorkehrungen f\u00fcr die Montage an einer geeigneten Oberfl\u00e4che oder Erdungselektrode haben.<\/li>\n<li><strong>Elektrodenbefestigung<\/strong>\u00a0: 5. Das Design der Erdungsklemme erm\u00f6glicht die direkte Befestigung an einer Erdungselektrode, beispielsweise einem Erdungsstab oder einer Erdungsplatte, und sorgt so f\u00fcr eine effiziente elektrische Verbindung.<\/li>\n<\/ol>\n<p>Erdungsklemmen vom Typ EC 14 werden h\u00e4ufig in verschiedenen Anwendungen eingesetzt, darunter in elektrischen Erdungssystemen f\u00fcr Wohngeb\u00e4ude, Gewerbegeb\u00e4ude und Industrie. Sie sind wesentliche Komponenten f\u00fcr die Einrichtung eines ordnungsgem\u00e4\u00dfen und effektiven Erdungssystems, das f\u00fcr die elektrische Sicherheit von entscheidender Bedeutung ist.<\/p>\n<\/div>\n<\/div>\n<\/div>\n","protected":false},"featured_media":7238,"template":"","meta":[],"product_brand":[],"product_cat":[388],"product_tag":[],"class_list":{"0":"post-11210","1":"product","2":"type-product","3":"status-publish","4":"has-post-thumbnail","6":"product_cat-elektrische-zubehorteile","8":"first","9":"instock","10":"shipping-taxable","11":"product-type-simple"},"yoast_head":"<!-- This site is optimized with the Yoast SEO plugin v27.3 - https:\/\/yoast.com\/product\/yoast-seo-wordpress\/ -->\n<title>Erdungsklemmen Typ EC 14<\/title>\n<meta name=\"description\" content=\"Die Erdungsklemmen EC 14 sind f\u00fcr Erdungs- und Verbindungseins\u00e4tze ausgelegt und werden nach den Normen BS 951:1986 (sofern anwendbar) hergestellt. Diese Klemmen sind mit einem Sicherheitsaufkleber ausgestattet, der den IEE-Vorschriften der 15. Ausgabe entspricht. Jede Klemme ist gestempelt, um die Anschlussgr\u00f6\u00dfen A bis D anzuzeigen, die Drahtgr\u00f6\u00dfen von 2,5 mm\u00b2 bis 10 mm\u00b2 aufnehmen k\u00f6nnen.\" \/>\n<meta name=\"robots\" content=\"index, follow, max-snippet:-1, max-image-preview:large, max-video-preview:-1\" \/>\n<link rel=\"canonical\" href=\"https:\/\/conexmetals.com\/de\/produkt\/erdungsklemmen-typ-ec-14\/\" \/>\n<script type=\"application\/ld+json\" class=\"yoast-schema-graph\">{\"@context\":\"https:\\\/\\\/schema.org\",\"@graph\":[{\"@type\":\"WebPage\",\"@id\":\"https:\\\/\\\/conexmetals.com\\\/de\\\/produkt\\\/erdungsklemmen-typ-ec-14\\\/\",\"url\":\"https:\\\/\\\/conexmetals.com\\\/de\\\/produkt\\\/erdungsklemmen-typ-ec-14\\\/\",\"name\":\"Erdungsklemmen Typ EC 14\",\"isPartOf\":{\"@id\":\"https:\\\/\\\/conexmetals.com\\\/de\\\/#website\"},\"primaryImageOfPage\":{\"@id\":\"https:\\\/\\\/conexmetals.com\\\/de\\\/produkt\\\/erdungsklemmen-typ-ec-14\\\/#primaryimage\"},\"image\":{\"@id\":\"https:\\\/\\\/conexmetals.com\\\/de\\\/produkt\\\/erdungsklemmen-typ-ec-14\\\/#primaryimage\"},\"thumbnailUrl\":\"https:\\\/\\\/conexmetals.com\\\/wp-content\\\/uploads\\\/2024\\\/10\\\/Erdungsklemmen-Typ-EC-14.png\",\"datePublished\":\"2023-08-16T08:22:38+00:00\",\"dateModified\":\"2024-10-18T06:28:08+00:00\",\"description\":\"Die Erdungsklemmen EC 14 sind f\u00fcr Erdungs- und Verbindungseins\u00e4tze ausgelegt und werden nach den Normen BS 951:1986 (sofern anwendbar) hergestellt. Diese Klemmen sind mit einem Sicherheitsaufkleber ausgestattet, der den IEE-Vorschriften der 15. Ausgabe entspricht. Jede Klemme ist gestempelt, um die Anschlussgr\u00f6\u00dfen A bis D anzuzeigen, die Drahtgr\u00f6\u00dfen von 2,5 mm\u00b2 bis 10 mm\u00b2 aufnehmen k\u00f6nnen.\",\"breadcrumb\":{\"@id\":\"https:\\\/\\\/conexmetals.com\\\/de\\\/produkt\\\/erdungsklemmen-typ-ec-14\\\/#breadcrumb\"},\"inLanguage\":\"de\",\"potentialAction\":[{\"@type\":\"ReadAction\",\"target\":[\"https:\\\/\\\/conexmetals.com\\\/de\\\/produkt\\\/erdungsklemmen-typ-ec-14\\\/\"]}]},{\"@type\":\"ImageObject\",\"inLanguage\":\"de\",\"@id\":\"https:\\\/\\\/conexmetals.com\\\/de\\\/produkt\\\/erdungsklemmen-typ-ec-14\\\/#primaryimage\",\"url\":\"https:\\\/\\\/conexmetals.com\\\/wp-content\\\/uploads\\\/2024\\\/10\\\/Erdungsklemmen-Typ-EC-14.png\",\"contentUrl\":\"https:\\\/\\\/conexmetals.com\\\/wp-content\\\/uploads\\\/2024\\\/10\\\/Erdungsklemmen-Typ-EC-14.png\",\"width\":350,\"height\":350,\"caption\":\"Erdungsklemmen Typ EC 14\"},{\"@type\":\"BreadcrumbList\",\"@id\":\"https:\\\/\\\/conexmetals.com\\\/de\\\/produkt\\\/erdungsklemmen-typ-ec-14\\\/#breadcrumb\",\"itemListElement\":[{\"@type\":\"ListItem\",\"position\":1,\"name\":\"Home\",\"item\":\"https:\\\/\\\/conexmetals.com\\\/de\\\/heim\\\/\"},{\"@type\":\"ListItem\",\"position\":2,\"name\":\"Products\",\"item\":\"https:\\\/\\\/conexmetals.com\\\/products\\\/\"},{\"@type\":\"ListItem\",\"position\":3,\"name\":\"Erdungsklemmen Typ EC 14\"}]},{\"@type\":\"WebSite\",\"@id\":\"https:\\\/\\\/conexmetals.com\\\/de\\\/#website\",\"url\":\"https:\\\/\\\/conexmetals.com\\\/de\\\/\",\"name\":\"Conex Metals Brass Fittings Brass Parts Copper Parts Brass Components Brass Plumbing Fittings India\",\"description\":\"Manufacturer of Bronze Fittings casting Copper Brass parts components\",\"publisher\":{\"@id\":\"https:\\\/\\\/conexmetals.com\\\/de\\\/#organization\"},\"potentialAction\":[{\"@type\":\"SearchAction\",\"target\":{\"@type\":\"EntryPoint\",\"urlTemplate\":\"https:\\\/\\\/conexmetals.com\\\/de\\\/?s={search_term_string}\"},\"query-input\":{\"@type\":\"PropertyValueSpecification\",\"valueRequired\":true,\"valueName\":\"search_term_string\"}}],\"inLanguage\":\"de\"},{\"@type\":\"Organization\",\"@id\":\"https:\\\/\\\/conexmetals.com\\\/de\\\/#organization\",\"name\":\"Conex Metals Brass Fittings Brass Parts Copper Parts Brass Components Brass Plumbing Fittings India\",\"url\":\"https:\\\/\\\/conexmetals.com\\\/de\\\/\",\"logo\":{\"@type\":\"ImageObject\",\"inLanguage\":\"de\",\"@id\":\"https:\\\/\\\/conexmetals.com\\\/de\\\/#\\\/schema\\\/logo\\\/image\\\/\",\"url\":\"https:\\\/\\\/conexmetals.com\\\/wp-content\\\/uploads\\\/2024\\\/03\\\/conex-metals-logo.webp\",\"contentUrl\":\"https:\\\/\\\/conexmetals.com\\\/wp-content\\\/uploads\\\/2024\\\/03\\\/conex-metals-logo.webp\",\"width\":300,\"height\":121,\"caption\":\"Conex Metals Brass Fittings Brass Parts Copper Parts Brass Components Brass Plumbing Fittings India\"},\"image\":{\"@id\":\"https:\\\/\\\/conexmetals.com\\\/de\\\/#\\\/schema\\\/logo\\\/image\\\/\"},\"sameAs\":[\"https:\\\/\\\/www.facebook.com\\\/conexbrass\",\"https:\\\/\\\/x.com\\\/conexindia\",\"https:\\\/\\\/www.linkedin.com\\\/company\\\/conex-metals-india\\\/\",\"https:\\\/\\\/www.instagram.com\\\/conexindia\\\/\"]}]}<\/script>\n<!-- \/ Yoast SEO plugin. -->","yoast_head_json":{"title":"Erdungsklemmen Typ EC 14","description":"Die Erdungsklemmen EC 14 sind f\u00fcr Erdungs- und Verbindungseins\u00e4tze ausgelegt und werden nach den Normen BS 951:1986 (sofern anwendbar) hergestellt. Diese Klemmen sind mit einem Sicherheitsaufkleber ausgestattet, der den IEE-Vorschriften der 15. Ausgabe entspricht. Jede Klemme ist gestempelt, um die Anschlussgr\u00f6\u00dfen A bis D anzuzeigen, die Drahtgr\u00f6\u00dfen von 2,5 mm\u00b2 bis 10 mm\u00b2 aufnehmen k\u00f6nnen.","robots":{"index":"index","follow":"follow","max-snippet":"max-snippet:-1","max-image-preview":"max-image-preview:large","max-video-preview":"max-video-preview:-1"},"canonical":"https:\/\/conexmetals.com\/de\/produkt\/erdungsklemmen-typ-ec-14\/","schema":{"@context":"https:\/\/schema.org","@graph":[{"@type":"WebPage","@id":"https:\/\/conexmetals.com\/de\/produkt\/erdungsklemmen-typ-ec-14\/","url":"https:\/\/conexmetals.com\/de\/produkt\/erdungsklemmen-typ-ec-14\/","name":"Erdungsklemmen Typ EC 14","isPartOf":{"@id":"https:\/\/conexmetals.com\/de\/#website"},"primaryImageOfPage":{"@id":"https:\/\/conexmetals.com\/de\/produkt\/erdungsklemmen-typ-ec-14\/#primaryimage"},"image":{"@id":"https:\/\/conexmetals.com\/de\/produkt\/erdungsklemmen-typ-ec-14\/#primaryimage"},"thumbnailUrl":"https:\/\/conexmetals.com\/wp-content\/uploads\/2024\/10\/Erdungsklemmen-Typ-EC-14.png","datePublished":"2023-08-16T08:22:38+00:00","dateModified":"2024-10-18T06:28:08+00:00","description":"Die Erdungsklemmen EC 14 sind f\u00fcr Erdungs- und Verbindungseins\u00e4tze ausgelegt und werden nach den Normen BS 951:1986 (sofern anwendbar) hergestellt. Diese Klemmen sind mit einem Sicherheitsaufkleber ausgestattet, der den IEE-Vorschriften der 15. Ausgabe entspricht. Jede Klemme ist gestempelt, um die Anschlussgr\u00f6\u00dfen A bis D anzuzeigen, die Drahtgr\u00f6\u00dfen von 2,5 mm\u00b2 bis 10 mm\u00b2 aufnehmen k\u00f6nnen.","breadcrumb":{"@id":"https:\/\/conexmetals.com\/de\/produkt\/erdungsklemmen-typ-ec-14\/#breadcrumb"},"inLanguage":"de","potentialAction":[{"@type":"ReadAction","target":["https:\/\/conexmetals.com\/de\/produkt\/erdungsklemmen-typ-ec-14\/"]}]},{"@type":"ImageObject","inLanguage":"de","@id":"https:\/\/conexmetals.com\/de\/produkt\/erdungsklemmen-typ-ec-14\/#primaryimage","url":"https:\/\/conexmetals.com\/wp-content\/uploads\/2024\/10\/Erdungsklemmen-Typ-EC-14.png","contentUrl":"https:\/\/conexmetals.com\/wp-content\/uploads\/2024\/10\/Erdungsklemmen-Typ-EC-14.png","width":350,"height":350,"caption":"Erdungsklemmen Typ EC 14"},{"@type":"BreadcrumbList","@id":"https:\/\/conexmetals.com\/de\/produkt\/erdungsklemmen-typ-ec-14\/#breadcrumb","itemListElement":[{"@type":"ListItem","position":1,"name":"Home","item":"https:\/\/conexmetals.com\/de\/heim\/"},{"@type":"ListItem","position":2,"name":"Products","item":"https:\/\/conexmetals.com\/products\/"},{"@type":"ListItem","position":3,"name":"Erdungsklemmen Typ EC 14"}]},{"@type":"WebSite","@id":"https:\/\/conexmetals.com\/de\/#website","url":"https:\/\/conexmetals.com\/de\/","name":"Conex Metals Brass Fittings Brass Parts Copper Parts Brass Components Brass Plumbing Fittings India","description":"Manufacturer of Bronze Fittings casting Copper Brass parts components","publisher":{"@id":"https:\/\/conexmetals.com\/de\/#organization"},"potentialAction":[{"@type":"SearchAction","target":{"@type":"EntryPoint","urlTemplate":"https:\/\/conexmetals.com\/de\/?s={search_term_string}"},"query-input":{"@type":"PropertyValueSpecification","valueRequired":true,"valueName":"search_term_string"}}],"inLanguage":"de"},{"@type":"Organization","@id":"https:\/\/conexmetals.com\/de\/#organization","name":"Conex Metals Brass Fittings Brass Parts Copper Parts Brass Components Brass Plumbing Fittings India","url":"https:\/\/conexmetals.com\/de\/","logo":{"@type":"ImageObject","inLanguage":"de","@id":"https:\/\/conexmetals.com\/de\/#\/schema\/logo\/image\/","url":"https:\/\/conexmetals.com\/wp-content\/uploads\/2024\/03\/conex-metals-logo.webp","contentUrl":"https:\/\/conexmetals.com\/wp-content\/uploads\/2024\/03\/conex-metals-logo.webp","width":300,"height":121,"caption":"Conex Metals Brass Fittings Brass Parts Copper Parts Brass Components Brass Plumbing Fittings India"},"image":{"@id":"https:\/\/conexmetals.com\/de\/#\/schema\/logo\/image\/"},"sameAs":["https:\/\/www.facebook.com\/conexbrass","https:\/\/x.com\/conexindia","https:\/\/www.linkedin.com\/company\/conex-metals-india\/","https:\/\/www.instagram.com\/conexindia\/"]}]}},"_links":{"self":[{"href":"https:\/\/conexmetals.com\/de\/wp-json\/wp\/v2\/product\/11210","targetHints":{"allow":["GET"]}}],"collection":[{"href":"https:\/\/conexmetals.com\/de\/wp-json\/wp\/v2\/product"}],"about":[{"href":"https:\/\/conexmetals.com\/de\/wp-json\/wp\/v2\/types\/product"}],"wp:featuredmedia":[{"embeddable":true,"href":"https:\/\/conexmetals.com\/de\/wp-json\/wp\/v2\/media\/7238"}],"wp:attachment":[{"href":"https:\/\/conexmetals.com\/de\/wp-json\/wp\/v2\/media?parent=11210"}],"wp:term":[{"taxonomy":"product_brand","embeddable":true,"href":"https:\/\/conexmetals.com\/de\/wp-json\/wp\/v2\/product_brand?post=11210"},{"taxonomy":"product_cat","embeddable":true,"href":"https:\/\/conexmetals.com\/de\/wp-json\/wp\/v2\/product_cat?post=11210"},{"taxonomy":"product_tag","embeddable":true,"href":"https:\/\/conexmetals.com\/de\/wp-json\/wp\/v2\/product_tag?post=11210"}],"curies":[{"name":"wp","href":"https:\/\/api.w.org\/{rel}","templated":true}]}}