{"id":11217,"date":"2023-08-16T14:00:00","date_gmt":"2023-08-16T08:30:00","guid":{"rendered":"https:\/\/conexmetals.com\/?post_type=product&#038;p=11217"},"modified":"2024-10-18T12:14:47","modified_gmt":"2024-10-18T06:44:47","slug":"lampenfassungen-beleuchtungsteile","status":"publish","type":"product","link":"https:\/\/conexmetals.com\/de\/produkt\/lampenfassungen-beleuchtungsteile\/","title":{"rendered":"Lampenfassungen &#8211; Beleuchtungsteile"},"content":{"rendered":"","protected":false},"excerpt":{"rendered":"<div class=\"elementor-element elementor-element-672075d elementor-widget__width-initial e-transform elementor-widget-mobile__width-initial elementor-widget elementor-widget-woocommerce-product-images\" data-id=\"672075d\" data-element_type=\"widget\" data-settings=\"{&quot;_transform_scale_effect&quot;:{&quot;unit&quot;:&quot;px&quot;,&quot;size&quot;:1,&quot;sizes&quot;:[]},&quot;_transform_scale_effect_tablet&quot;:{&quot;unit&quot;:&quot;px&quot;,&quot;size&quot;:&quot;&quot;,&quot;sizes&quot;:[]},&quot;_transform_scale_effect_mobile&quot;:{&quot;unit&quot;:&quot;px&quot;,&quot;size&quot;:&quot;&quot;,&quot;sizes&quot;:[]}}\" data-widget_type=\"woocommerce-product-images.default\">\n<div class=\"elementor-widget-container\">\n<div class=\"woocommerce-product-gallery woocommerce-product-gallery--with-images woocommerce-product-gallery--columns-4 images\" data-columns=\"4\">\n<div class=\"woocommerce-product-gallery__wrapper\">\n<div class=\"woocommerce-product-gallery__image\" data-thumb=\"https:\/\/conexmetals.com\/wp-content\/uploads\/2023\/08\/Lamp-Holders-Lighting-Parts-And-Accessories-100x100.png\" data-thumb-alt=\"Lamp Holders Lighting Parts And Accessories\" data-thumb-srcset=\"https:\/\/conexmetals.com\/wp-content\/uploads\/2023\/08\/Lamp-Holders-Lighting-Parts-And-Accessories-100x100.png 100w, https:\/\/conexmetals.com\/wp-content\/uploads\/2023\/08\/Lamp-Holders-Lighting-Parts-And-Accessories-300x300.png 300w, https:\/\/conexmetals.com\/wp-content\/uploads\/2023\/08\/Lamp-Holders-Lighting-Parts-And-Accessories-150x150.png 150w, https:\/\/conexmetals.com\/wp-content\/uploads\/2023\/08\/Lamp-Holders-Lighting-Parts-And-Accessories.png 350w\"><\/div>\n<\/div>\n<\/div>\n<\/div>\n<\/div>\n<div class=\"elementor-element elementor-element-36d2ab8 elementor-widget elementor-widget-woocommerce-product-short-description\" data-id=\"36d2ab8\" data-element_type=\"widget\" data-widget_type=\"woocommerce-product-short-description.default\">\n<div class=\"elementor-widget-container\">\n<div class=\"woocommerce-product-details__short-description\">\n<p><span>Lampenfassungen, auch als Lampenfassungen oder Gl\u00fchbirnenhalter bekannt, sind wichtige Beleuchtungskomponenten, die eine sichere Verbindung zwischen der Gl\u00fchbirne und dem Stromkreis herstellen. Sie dienen dazu, die Gl\u00fchbirne zu st\u00fctzen und an ihrem Platz zu halten, w\u00e4hrend sie gleichzeitig elektrischen Kontakt zur Stromversorgung der Gl\u00fchbirne erm\u00f6glichen. Lampenfassungen gibt es in verschiedenen Typen und Konfigurationen, die f\u00fcr unterschiedliche Arten von Gl\u00fchbirnen und bestimmte Beleuchtungsk\u00f6rper ausgelegt sind.<\/span><\/p>\n<p><span>Zu den g\u00e4ngigen Lampenfassungstypen geh\u00f6ren:<\/span><\/p>\n<ol>\n<li><strong><span>Lampenfassungen mit Edison-Gewinde (E26\/E27)<\/span><\/strong><span>\u00a0: Dies sind eine der am h\u00e4ufigsten verwendeten Lampenfassungen und sind f\u00fcr Standard-Gl\u00fchlampen, LED-Lampen und Kompaktleuchtstofflampen konzipiert. Sie haben einen Schraubsockel und werden h\u00e4ufig in Tischlampen, Deckenleuchten und vielen anderen Beleuchtungsanwendungen verwendet.<\/span><\/li>\n<li><strong><span>Lampenfassungen mit Bajonettsockel (B22)<\/span><\/strong><span>\u00a0: Lampenfassungen mit Bajonettsockel verf\u00fcgen \u00fcber einen Dr\u00fcck- und Drehmechanismus, um die Gl\u00fchbirne an ihrem Platz zu halten. Sie werden h\u00e4ufig in Gro\u00dfbritannien und anderen Regionen verwendet und sind mit Gl\u00fchbirnen mit Bajonettsockel kompatibel.<\/span><\/li>\n<li><strong><span>GU10-Lampenfassungen<\/span><\/strong><span>\u00a0: GU10-Lampenfassungen sind speziell f\u00fcr Gl\u00fchbirnen mit GU10-Sockel konzipiert, die h\u00e4ufig in Schienenbeleuchtungen, Strahlern und Einbau-Downlights verwendet werden.<\/span><\/li>\n<li><strong><span>G9-Lampenfassungen<\/span><\/strong><span>\u00a0: G9-Lampenfassungen werden f\u00fcr Gl\u00fchbirnen mit G9-Sockel verwendet, die oft in kleineren, kompakten Vorrichtungen wie Wandleuchten und Kronleuchtern zu finden sind.<\/span><\/li>\n<li><strong><span>Bi-Pin-Lampenfassungen (G4\/G5.3\/G8\/GY6.35)<\/span><\/strong><span>\u00a0: Bi-Pin-Lampenfassungen werden f\u00fcr verschiedene kleine Halogen- oder LED-Gl\u00fchbirnen mit zwei Pins verwendet, wie beispielsweise G4, G5.3, G8 und GY6.35.<\/span><\/li>\n<li><strong><span>Fassungen f\u00fcr Leuchtstofflampen (T8\/T5\/T12)<\/span><\/strong><span>\u00a0: Dies sind Lampenfassungen, die speziell f\u00fcr Leuchtstoffr\u00f6hren verschiedener Durchmesser, wie beispielsweise T8, T5 und T12, entwickelt wurden.<\/span><\/li>\n<li><strong><span>Kandelaber-Lampenfassungen (E12)<\/span><\/strong><span>\u00a0: Kandelaber-Lampenfassungen werden f\u00fcr Gl\u00fchbirnen mit kleinem Sockel verwendet, wie sie in Kronleuchtern und dekorativen Leuchten zu finden sind.<\/span><\/li>\n<\/ol>\n<p><span>Lampenfassungen bestehen normalerweise aus Materialien, die der von der Gl\u00fchbirne erzeugten Hitze standhalten, wie Porzellan, Kunststoff oder thermoplastische Materialien. Einige Lampenfassungen verf\u00fcgen auch \u00fcber zus\u00e4tzliche Funktionen wie Ein-\/Ausschalter oder Dimmfunktionen.<\/span><\/p>\n<p><span>Eine gro\u00dfe Auswahl an Lampenfassungen aus Messing, Keramik-Lampenfassungen, Lampenteilen, Lampenkomponenten aus Messing, Lampenteilen, Beleuchtungszubeh\u00f6r aus Messing, Beleuchtungskomponenten, Lampenkomponenten und Lampenfassungszubeh\u00f6r mit verschiedenen Gewinden ist erh\u00e4ltlich, wie z. B. Messing-Endst\u00fccke, Kontermuttern, Ringe, Lampenfassungen, Kupplungen, Haken m\u00e4nnlich\/weiblich, Verbindungsst\u00fccke, Deckenhakenplatten, Buchsen, Reduzierst\u00fccke, Trompetennippel, Holzplattennippel, Sechskantmuttern, Rundmuttern, Ringe, Ringmuttern, Stufenringmuttern, Kegelringmuttern, Unterlegscheiben, L\u00f6tmuttern, F\u00e4cherscheiben, einfache Unterlegscheiben, 2-Wege-Kugeln, Armadapter, Messing-Kn\u00f6chelgelenk, Drehgelenke, Stecker-Buchsen-Verbindung, Deckenplatten, Klammern, gebogene Rohre, gerade Rohre, Abstandshalter, alle Gewinde,<\/span><\/p>\n<p>&nbsp;<\/p>\n<p><strong><span>Faden<\/span><\/strong><\/p>\n<p><span>M10 x 1 metrisch, M13 x 1, 1\/2\u2033, 3\/8\u2033, 5\/8\u2033 x 26 TPI<\/span><\/p>\n<p>&nbsp;<\/p>\n<p><span>Spezielle Lampenfassungen Messing-Keramik-Lampenfassungen Lampenteile Lampenkomponenten Messing-Lampenzubeh\u00f6r Komponenten Messingkomponenten Beleuchtungskomponenten Messing-Beleuchtungsteile Messing-Beleuchtungskomponenten Lampenfassungen Lampenteile Elektrische Lampenfassungen Beleuchtungszubeh\u00f6r<\/span><\/p>\n<p><span>Wir entwickeln gerne nicht standardm\u00e4\u00dfige Messingkomponenten, Muttern, Schrauben, Bolzen, Befestigungen, Holzschrauben, Maschinenschrauben und Verbindungselemente gem\u00e4\u00df spezifischen Anforderungen.<\/span><\/p>\n<p><strong><span>Materialien<\/span><\/strong><\/p>\n<p><span>Messing nach BS 2874\/2872<\/span><\/p>\n<p><strong><span>Beenden<\/span><\/strong><\/p>\n<p><span>Messing natur, galvanisch verzinnt, Nickel etc.<\/span><\/p>\n<p><strong><span>Themen<\/span><\/strong><\/p>\n<p><span>ISO-Metrisch, BSW, BA, BSF, UNC, UNF UNEF usw.<\/span><\/p>\n<p><strong><span>Themen<\/span><\/strong><\/p>\n<p><span>2mm 3mm 4mm 5mm 6mm 8mm 10mm 12mm 16mm 20mm 25mm 32mm<\/span><\/p>\n<p><span>1\/8\u2033 5\/32\u2033 3\/16\u2033 1\/4\u2033 5\/16\u2033 3\/8\u2033 1\/2\u2033 5\/8\u2033 3\/4\u2033 1\u2033 11\/8\u2033 11\/4\u2033 11\/2\u2033 13\/4\u2033 2\u2033<\/span><\/p>\n<\/div>\n<\/div>\n<\/div>\n","protected":false},"featured_media":0,"template":"","meta":[],"product_brand":[],"product_cat":[388],"product_tag":[],"class_list":{"0":"post-11217","1":"product","2":"type-product","3":"status-publish","5":"product_cat-elektrische-zubehorteile","7":"first","8":"instock","9":"shipping-taxable","10":"product-type-simple"},"yoast_head":"<!-- This site is optimized with the Yoast SEO plugin v27.3 - https:\/\/yoast.com\/product\/yoast-seo-wordpress\/ -->\n<title>Lampenfassungen - Beleuchtungsteile<\/title>\n<meta name=\"description\" content=\"Conex bietet eine breite Palette an Messing- und Keramik-Lampenhaltern sowie Beleuchtungskomponenten wie Zierverschl\u00fcsse, Kontermuttern, Ringe, Kupplungen, Haken, Verbinder, Deckenhakenplatten, H\u00fclsen, Reduzierst\u00fccke und verschiedene Arten von Muttern und Unterlegscheiben. Diese pr\u00e4zisionsgefertigten Komponenten decken alle Ihre Beleuchtungsanforderungen ab.\" \/>\n<meta name=\"robots\" content=\"index, follow, max-snippet:-1, max-image-preview:large, max-video-preview:-1\" \/>\n<link rel=\"canonical\" href=\"https:\/\/conexmetals.com\/de\/produkt\/lampenfassungen-beleuchtungsteile\/\" \/>\n<script type=\"application\/ld+json\" class=\"yoast-schema-graph\">{\"@context\":\"https:\\\/\\\/schema.org\",\"@graph\":[{\"@type\":\"WebPage\",\"@id\":\"https:\\\/\\\/conexmetals.com\\\/de\\\/produkt\\\/lampenfassungen-beleuchtungsteile\\\/\",\"url\":\"https:\\\/\\\/conexmetals.com\\\/de\\\/produkt\\\/lampenfassungen-beleuchtungsteile\\\/\",\"name\":\"Lampenfassungen - Beleuchtungsteile\",\"isPartOf\":{\"@id\":\"https:\\\/\\\/conexmetals.com\\\/de\\\/#website\"},\"datePublished\":\"2023-08-16T08:30:00+00:00\",\"dateModified\":\"2024-10-18T06:44:47+00:00\",\"description\":\"Conex bietet eine breite Palette an Messing- und Keramik-Lampenhaltern sowie Beleuchtungskomponenten wie Zierverschl\u00fcsse, Kontermuttern, Ringe, Kupplungen, Haken, Verbinder, Deckenhakenplatten, H\u00fclsen, Reduzierst\u00fccke und verschiedene Arten von Muttern und Unterlegscheiben. Diese pr\u00e4zisionsgefertigten Komponenten decken alle Ihre Beleuchtungsanforderungen ab.\",\"breadcrumb\":{\"@id\":\"https:\\\/\\\/conexmetals.com\\\/de\\\/produkt\\\/lampenfassungen-beleuchtungsteile\\\/#breadcrumb\"},\"inLanguage\":\"de\",\"potentialAction\":[{\"@type\":\"ReadAction\",\"target\":[\"https:\\\/\\\/conexmetals.com\\\/de\\\/produkt\\\/lampenfassungen-beleuchtungsteile\\\/\"]}]},{\"@type\":\"BreadcrumbList\",\"@id\":\"https:\\\/\\\/conexmetals.com\\\/de\\\/produkt\\\/lampenfassungen-beleuchtungsteile\\\/#breadcrumb\",\"itemListElement\":[{\"@type\":\"ListItem\",\"position\":1,\"name\":\"Home\",\"item\":\"https:\\\/\\\/conexmetals.com\\\/de\\\/heim\\\/\"},{\"@type\":\"ListItem\",\"position\":2,\"name\":\"Products\",\"item\":\"https:\\\/\\\/conexmetals.com\\\/products\\\/\"},{\"@type\":\"ListItem\",\"position\":3,\"name\":\"Lampenfassungen &#8211; Beleuchtungsteile\"}]},{\"@type\":\"WebSite\",\"@id\":\"https:\\\/\\\/conexmetals.com\\\/de\\\/#website\",\"url\":\"https:\\\/\\\/conexmetals.com\\\/de\\\/\",\"name\":\"Conex Metals Brass Fittings Brass Parts Copper Parts Brass Components Brass Plumbing Fittings India\",\"description\":\"Manufacturer of Bronze Fittings casting Copper Brass parts components\",\"publisher\":{\"@id\":\"https:\\\/\\\/conexmetals.com\\\/de\\\/#organization\"},\"potentialAction\":[{\"@type\":\"SearchAction\",\"target\":{\"@type\":\"EntryPoint\",\"urlTemplate\":\"https:\\\/\\\/conexmetals.com\\\/de\\\/?s={search_term_string}\"},\"query-input\":{\"@type\":\"PropertyValueSpecification\",\"valueRequired\":true,\"valueName\":\"search_term_string\"}}],\"inLanguage\":\"de\"},{\"@type\":\"Organization\",\"@id\":\"https:\\\/\\\/conexmetals.com\\\/de\\\/#organization\",\"name\":\"Conex Metals Brass Fittings Brass Parts Copper Parts Brass Components Brass Plumbing Fittings India\",\"url\":\"https:\\\/\\\/conexmetals.com\\\/de\\\/\",\"logo\":{\"@type\":\"ImageObject\",\"inLanguage\":\"de\",\"@id\":\"https:\\\/\\\/conexmetals.com\\\/de\\\/#\\\/schema\\\/logo\\\/image\\\/\",\"url\":\"https:\\\/\\\/conexmetals.com\\\/wp-content\\\/uploads\\\/2024\\\/03\\\/conex-metals-logo.webp\",\"contentUrl\":\"https:\\\/\\\/conexmetals.com\\\/wp-content\\\/uploads\\\/2024\\\/03\\\/conex-metals-logo.webp\",\"width\":300,\"height\":121,\"caption\":\"Conex Metals Brass Fittings Brass Parts Copper Parts Brass Components Brass Plumbing Fittings India\"},\"image\":{\"@id\":\"https:\\\/\\\/conexmetals.com\\\/de\\\/#\\\/schema\\\/logo\\\/image\\\/\"},\"sameAs\":[\"https:\\\/\\\/www.facebook.com\\\/conexbrass\",\"https:\\\/\\\/x.com\\\/conexindia\",\"https:\\\/\\\/www.linkedin.com\\\/company\\\/conex-metals-india\\\/\",\"https:\\\/\\\/www.instagram.com\\\/conexindia\\\/\"]}]}<\/script>\n<!-- \/ Yoast SEO plugin. -->","yoast_head_json":{"title":"Lampenfassungen - Beleuchtungsteile","description":"Conex bietet eine breite Palette an Messing- und Keramik-Lampenhaltern sowie Beleuchtungskomponenten wie Zierverschl\u00fcsse, Kontermuttern, Ringe, Kupplungen, Haken, Verbinder, Deckenhakenplatten, H\u00fclsen, Reduzierst\u00fccke und verschiedene Arten von Muttern und Unterlegscheiben. Diese pr\u00e4zisionsgefertigten Komponenten decken alle Ihre Beleuchtungsanforderungen ab.","robots":{"index":"index","follow":"follow","max-snippet":"max-snippet:-1","max-image-preview":"max-image-preview:large","max-video-preview":"max-video-preview:-1"},"canonical":"https:\/\/conexmetals.com\/de\/produkt\/lampenfassungen-beleuchtungsteile\/","schema":{"@context":"https:\/\/schema.org","@graph":[{"@type":"WebPage","@id":"https:\/\/conexmetals.com\/de\/produkt\/lampenfassungen-beleuchtungsteile\/","url":"https:\/\/conexmetals.com\/de\/produkt\/lampenfassungen-beleuchtungsteile\/","name":"Lampenfassungen - Beleuchtungsteile","isPartOf":{"@id":"https:\/\/conexmetals.com\/de\/#website"},"datePublished":"2023-08-16T08:30:00+00:00","dateModified":"2024-10-18T06:44:47+00:00","description":"Conex bietet eine breite Palette an Messing- und Keramik-Lampenhaltern sowie Beleuchtungskomponenten wie Zierverschl\u00fcsse, Kontermuttern, Ringe, Kupplungen, Haken, Verbinder, Deckenhakenplatten, H\u00fclsen, Reduzierst\u00fccke und verschiedene Arten von Muttern und Unterlegscheiben. Diese pr\u00e4zisionsgefertigten Komponenten decken alle Ihre Beleuchtungsanforderungen ab.","breadcrumb":{"@id":"https:\/\/conexmetals.com\/de\/produkt\/lampenfassungen-beleuchtungsteile\/#breadcrumb"},"inLanguage":"de","potentialAction":[{"@type":"ReadAction","target":["https:\/\/conexmetals.com\/de\/produkt\/lampenfassungen-beleuchtungsteile\/"]}]},{"@type":"BreadcrumbList","@id":"https:\/\/conexmetals.com\/de\/produkt\/lampenfassungen-beleuchtungsteile\/#breadcrumb","itemListElement":[{"@type":"ListItem","position":1,"name":"Home","item":"https:\/\/conexmetals.com\/de\/heim\/"},{"@type":"ListItem","position":2,"name":"Products","item":"https:\/\/conexmetals.com\/products\/"},{"@type":"ListItem","position":3,"name":"Lampenfassungen &#8211; Beleuchtungsteile"}]},{"@type":"WebSite","@id":"https:\/\/conexmetals.com\/de\/#website","url":"https:\/\/conexmetals.com\/de\/","name":"Conex Metals Brass Fittings Brass Parts Copper Parts Brass Components Brass Plumbing Fittings India","description":"Manufacturer of Bronze Fittings casting Copper Brass parts components","publisher":{"@id":"https:\/\/conexmetals.com\/de\/#organization"},"potentialAction":[{"@type":"SearchAction","target":{"@type":"EntryPoint","urlTemplate":"https:\/\/conexmetals.com\/de\/?s={search_term_string}"},"query-input":{"@type":"PropertyValueSpecification","valueRequired":true,"valueName":"search_term_string"}}],"inLanguage":"de"},{"@type":"Organization","@id":"https:\/\/conexmetals.com\/de\/#organization","name":"Conex Metals Brass Fittings Brass Parts Copper Parts Brass Components Brass Plumbing Fittings India","url":"https:\/\/conexmetals.com\/de\/","logo":{"@type":"ImageObject","inLanguage":"de","@id":"https:\/\/conexmetals.com\/de\/#\/schema\/logo\/image\/","url":"https:\/\/conexmetals.com\/wp-content\/uploads\/2024\/03\/conex-metals-logo.webp","contentUrl":"https:\/\/conexmetals.com\/wp-content\/uploads\/2024\/03\/conex-metals-logo.webp","width":300,"height":121,"caption":"Conex Metals Brass Fittings Brass Parts Copper Parts Brass Components Brass Plumbing Fittings India"},"image":{"@id":"https:\/\/conexmetals.com\/de\/#\/schema\/logo\/image\/"},"sameAs":["https:\/\/www.facebook.com\/conexbrass","https:\/\/x.com\/conexindia","https:\/\/www.linkedin.com\/company\/conex-metals-india\/","https:\/\/www.instagram.com\/conexindia\/"]}]}},"_links":{"self":[{"href":"https:\/\/conexmetals.com\/de\/wp-json\/wp\/v2\/product\/11217","targetHints":{"allow":["GET"]}}],"collection":[{"href":"https:\/\/conexmetals.com\/de\/wp-json\/wp\/v2\/product"}],"about":[{"href":"https:\/\/conexmetals.com\/de\/wp-json\/wp\/v2\/types\/product"}],"wp:attachment":[{"href":"https:\/\/conexmetals.com\/de\/wp-json\/wp\/v2\/media?parent=11217"}],"wp:term":[{"taxonomy":"product_brand","embeddable":true,"href":"https:\/\/conexmetals.com\/de\/wp-json\/wp\/v2\/product_brand?post=11217"},{"taxonomy":"product_cat","embeddable":true,"href":"https:\/\/conexmetals.com\/de\/wp-json\/wp\/v2\/product_cat?post=11217"},{"taxonomy":"product_tag","embeddable":true,"href":"https:\/\/conexmetals.com\/de\/wp-json\/wp\/v2\/product_tag?post=11217"}],"curies":[{"name":"wp","href":"https:\/\/api.w.org\/{rel}","templated":true}]}}