{"id":11249,"date":"2023-08-16T12:41:34","date_gmt":"2023-08-16T07:11:34","guid":{"rendered":"https:\/\/conexmetals.com\/?post_type=product&#038;p=11249"},"modified":"2024-12-14T15:32:59","modified_gmt":"2024-12-14T10:02:59","slug":"messing-kontaktklemmen","status":"publish","type":"product","link":"https:\/\/conexmetals.com\/de\/produkt\/messing-kontaktklemmen\/","title":{"rendered":"Messing-Kontaktklemmen"},"content":{"rendered":"","protected":false},"excerpt":{"rendered":"<div class=\"elementor-element elementor-element-672075d elementor-widget__width-initial e-transform elementor-widget-mobile__width-initial elementor-widget elementor-widget-woocommerce-product-images\" data-id=\"672075d\" data-element_type=\"widget\" data-settings=\"{\"_transform_scale_effect\":{\"unit\":\"px\",\"size\":1,\"sizes\":[]},\"_transform_scale_effect_tablet\":{\"unit\":\"px\",\"size\":\"\",\"sizes\":[]},\"_transform_scale_effect_mobile\":{\"unit\":\"px\",\"size\":\"\",\"sizes\":[]}}\" data-widget_type=\"woocommerce-product-images.default\">\n<div class=\"elementor-widget-container\">\n<div class=\"woocommerce-product-gallery woocommerce-product-gallery--with-images woocommerce-product-gallery--columns-4 images\" data-columns=\"4\">\n<div class=\"woocommerce-product-gallery__wrapper\">\n<div class=\"woocommerce-product-gallery__image\" data-thumb=\"https:\/\/conexmetals.com\/wp-content\/uploads\/2023\/12\/Brass-Terminals-Contacts-100x100.png\" data-thumb-alt=\"Brass Contact Terminals\" data-thumb-srcset=\"https:\/\/conexmetals.com\/wp-content\/uploads\/2023\/12\/Brass-Terminals-Contacts-100x100.png 100w, https:\/\/conexmetals.com\/wp-content\/uploads\/2023\/12\/Brass-Terminals-Contacts-300x300.png 300w, https:\/\/conexmetals.com\/wp-content\/uploads\/2023\/12\/Brass-Terminals-Contacts-150x150.png 150w, https:\/\/conexmetals.com\/wp-content\/uploads\/2023\/12\/Brass-Terminals-Contacts.png 350w\"><\/div>\n<\/div>\n<\/div>\n<\/div>\n<\/div>\n<div class=\"elementor-element elementor-element-36d2ab8 elementor-widget elementor-widget-woocommerce-product-short-description\" data-id=\"36d2ab8\" data-element_type=\"widget\" data-widget_type=\"woocommerce-product-short-description.default\">\n<div class=\"elementor-widget-container\">\n<div class=\"woocommerce-product-details__short-description\">\n<p><span>Bei Conex Metals sind wir auf die Bereitstellung hochwertiger Messingkontaktklemmen spezialisiert, auch bekannt als Messing-Elektrokontakte oder Messing-Steckverbinder. Diese Komponenten sind in elektrischen Ger\u00e4ten und Ausr\u00fcstungen unverzichtbar, da sie sichere und zuverl\u00e4ssige elektrische Verbindungen mit anderen Komponenten oder Leitern erm\u00f6glichen. Messing ist f\u00fcr seine hervorragende elektrische Leitf\u00e4higkeit, Korrosionsbest\u00e4ndigkeit und mechanische Festigkeit bekannt und macht unsere Kontaktklemmen zu einer zuverl\u00e4ssigen Wahl f\u00fcr verschiedene Anwendungen.<\/span><\/p>\n<p><span>Unsere Messing-Kontaktklemmen sind in verschiedenen, auf spezifische Anwendungen zugeschnittenen Ausf\u00fchrungen erh\u00e4ltlich und erf\u00fcllen somit die individuellen Anforderungen verschiedener elektrischer Ger\u00e4te.<\/span><\/p>\n<p><strong><span>Arten von Messingkontaktklemmen<\/span><\/strong><span>\u00a0:<\/span><\/p>\n<ul>\n<li><strong><span>Stiftkontakte<\/span><\/strong><span>\u00a0: Dabei handelt es sich um zylindrische Anschl\u00fcsse mit einem stiftartigen Vorsprung an einem Ende, die h\u00e4ufig in Steckverbindern und Steckern verwendet werden. Sie gew\u00e4hrleisten zuverl\u00e4ssige Verbindungen, wenn sie in entsprechende Buchsen oder Buchsen eingesteckt werden.<\/span><\/li>\n<li><strong><span>Buchsenkontakte<\/span><\/strong><span>\u00a0: Diese Anschlussklemmen sind f\u00fcr die Aufnahme von Stiftkontakten konzipiert und stellen den weiblichen Teil einer elektrischen Verbindung in Steckverbindern und Buchsen dar.<\/span><\/li>\n<li><strong><span>Ringkabelschuhe<\/span><\/strong><span>\u00a0: Diese auch als Ring\u00f6sen oder Ringverbinder bekannten Kabelschuhe haben ein rundes Ende, das auf einen Draht oder ein Kabel gecrimpt oder geschraubt werden kann, w\u00e4hrend das andere Ende \u00fcber ein Loch zur Befestigung an einem Bolzen oder Klemmenblock verf\u00fcgt.<\/span><\/li>\n<\/ul>\n<p>\u00a0<\/p>\n<p><strong><span>Materialspezifikationen<\/span><\/strong><span>\u00a0:<\/span><\/p>\n<ul>\n<li><span>Hochwertiges Automatenmessing<\/span><\/li>\n<li><span>Messinglegierungen: CuZn39Pb3, CuZn39Pb2, CuZn38Pb1,5, CuZn37Pb2, CuZn40Pb2, MS 58, BS2874, IS 319 (Typ I und II)<\/span><\/li>\n<li><span>ASTM-Normen: C35300, C35330 DZR, C36000 (CDA 360), C36500, C37000, C37100, C37700, C37710, C38500<\/span><\/li>\n<li><span>BS-Normen: CZ121, CZ122, CZ124, CZ128, CZ131, CZ132<\/span><\/li>\n<li><span>EN-Normen: CW602N, CW603N, CW606N, CW608N, CW612N, CW614N, CW617N<\/span><\/li>\n<li><span>JIS-Normen: C3601, C3602, C3603, C3604, C3605, C3712, C3771<\/span><\/li>\n<li><span>Individuelle Messing-Materialzusammensetzungen sind auf Anfrage erh\u00e4ltlich.<\/span><\/li>\n<\/ul>\n<p>\u00a0<\/p>\n<p><strong><span>Produktpalette<\/span><\/strong><span>\u00a0:<\/span><\/p>\n<ul>\n<li><span>Messingkontaktklemmen sind in verschiedenen Konfigurationen erh\u00e4ltlich und f\u00fcr bestimmte elektrische Ger\u00e4te und Anwendungen konzipiert.<\/span><\/li>\n<li><span>Um den unterschiedlichen industriellen Anforderungen gerecht zu werden, sind Standard- und Sondergr\u00f6\u00dfen verf\u00fcgbar.<\/span><\/li>\n<\/ul>\n<p>\u00a0<\/p>\n<p><strong><span>Gewindespezifikationen<\/span><\/strong><span>\u00a0:<\/span><\/p>\n<ul>\n<li><span>Zu den verf\u00fcgbaren Gewindetypen geh\u00f6ren ISO Metric (MM), BA, BSW, BSP, BSPT, BSF, BSB, UNC, UNF, UNEF, NPT, NPS und alle anderen angegebenen Gewinde gem\u00e4\u00df Kundenanforderungen.<\/span><\/li>\n<\/ul>\n<p>\u00a0<\/p>\n<p><strong><span>Zubeh\u00f6r<\/span><\/strong><span>\u00a0:<\/span><\/p>\n<ul>\n<li><span>Wir liefern ein komplettes Sortiment an Zubeh\u00f6r, einschlie\u00dflich Schrauben (Messing\/Stahl), Unterlegscheiben, Muttern und Verbindungsplatten sowie Kunststoff- und Gummikomponenten und gew\u00e4hrleisten so die vollst\u00e4ndige Montage gem\u00e4\u00df Kundenspezifikation.<\/span><\/li>\n<\/ul>\n<p>\u00a0<\/p>\n<p><strong><span>Anwendungen<\/span><\/strong><span>\u00a0:<\/span><\/p>\n<ul>\n<li><strong><span>Elektrische Steckverbinder und Stecker<\/span><\/strong><span>\u00a0: Werden in Haushaltsger\u00e4ten, elektronischen Ger\u00e4ten und Industrieanlagen verwendet und sorgen f\u00fcr sichere Verbindungen.<\/span><\/li>\n<li><strong><span>Klemmenbl\u00f6cke<\/span><\/strong><span>\u00a0: Werden in Schalttafeln zum Verbinden und Verteilen von elektrischen Leitern verwendet.<\/span><\/li>\n<li><strong><span>Schalter und Leistungsschalter<\/span><\/strong><span>\u00a0: Messingkontakte erm\u00f6glichen das zuverl\u00e4ssige \u00d6ffnen und Schlie\u00dfen von Stromkreisen und minimieren die W\u00e4rmeentwicklung.<\/span><\/li>\n<\/ul>\n<p>\u00a0<\/p>\n<p><strong><span>Oberfl\u00e4chen- und Beschichtungsoptionen<\/span><\/strong><span>\u00a0:<\/span><\/p>\n<ul>\n<li><span>Unsere Messing-Kontaktklemmen k\u00f6nnen in den Ausf\u00fchrungen Naturlack, vernickelt, galvanisch verzinnt, versilbert, verkupfert, verzinkt, verchromt oder mit jeder anderen gew\u00fcnschten Oberfl\u00e4chenbeschaffenheit ausgef\u00fchrt werden.<\/span><\/li>\n<\/ul>\n<p>\u00a0<\/p>\n<p><span>Conex Metals hat sich zum Ziel gesetzt, erstklassige Messingkontaktklemmen zu liefern, die den h\u00f6chsten Industriestandards entsprechen. Kontaktieren Sie uns f\u00fcr ein schnelles Angebot oder um Ihre spezifischen Anforderungen zu besprechen.<\/span><\/p>\n<\/div>\n<\/div>\n<\/div>\n","protected":false},"featured_media":7973,"template":"","meta":[],"product_brand":[],"product_cat":[408],"product_tag":[],"class_list":{"0":"post-11249","1":"product","2":"type-product","3":"status-publish","4":"has-post-thumbnail","6":"product_cat-schaltboardfittings","8":"first","9":"instock","10":"shipping-taxable","11":"product-type-simple"},"yoast_head":"<!-- This site is optimized with the Yoast SEO plugin v27.3 - https:\/\/yoast.com\/product\/yoast-seo-wordpress\/ -->\n<title>Messing-Kontaktklemmen<\/title>\n<meta name=\"description\" content=\"Conex ist ein f\u00fchrender Hersteller und Exporteur von Messingkontaktterminals und elektrischen Kontakten. Unser Produktportfolio umfasst Messingverbinder, Rohrfittings, T-St\u00fccke, Schlauchfittings und spezielle Fittings wie Schnellverbindungs- und Propanfittings. Unsere hochwertigen Messingterminals und -fittings gew\u00e4hrleisten zuverl\u00e4ssige Verbindungen in verschiedenen industriellen und h\u00e4uslichen Anwendungen.\" \/>\n<meta name=\"robots\" content=\"index, follow, max-snippet:-1, max-image-preview:large, max-video-preview:-1\" \/>\n<link rel=\"canonical\" href=\"https:\/\/conexmetals.com\/de\/produkt\/messing-kontaktklemmen\/\" \/>\n<script type=\"application\/ld+json\" class=\"yoast-schema-graph\">{\"@context\":\"https:\\\/\\\/schema.org\",\"@graph\":[{\"@type\":\"WebPage\",\"@id\":\"https:\\\/\\\/conexmetals.com\\\/de\\\/produkt\\\/messing-kontaktklemmen\\\/\",\"url\":\"https:\\\/\\\/conexmetals.com\\\/de\\\/produkt\\\/messing-kontaktklemmen\\\/\",\"name\":\"Messing-Kontaktklemmen\",\"isPartOf\":{\"@id\":\"https:\\\/\\\/conexmetals.com\\\/de\\\/#website\"},\"primaryImageOfPage\":{\"@id\":\"https:\\\/\\\/conexmetals.com\\\/de\\\/produkt\\\/messing-kontaktklemmen\\\/#primaryimage\"},\"image\":{\"@id\":\"https:\\\/\\\/conexmetals.com\\\/de\\\/produkt\\\/messing-kontaktklemmen\\\/#primaryimage\"},\"thumbnailUrl\":\"https:\\\/\\\/conexmetals.com\\\/wp-content\\\/uploads\\\/2024\\\/10\\\/Messing-Kontaktklemmen.png\",\"datePublished\":\"2023-08-16T07:11:34+00:00\",\"dateModified\":\"2024-12-14T10:02:59+00:00\",\"description\":\"Conex ist ein f\u00fchrender Hersteller und Exporteur von Messingkontaktterminals und elektrischen Kontakten. Unser Produktportfolio umfasst Messingverbinder, Rohrfittings, T-St\u00fccke, Schlauchfittings und spezielle Fittings wie Schnellverbindungs- und Propanfittings. Unsere hochwertigen Messingterminals und -fittings gew\u00e4hrleisten zuverl\u00e4ssige Verbindungen in verschiedenen industriellen und h\u00e4uslichen Anwendungen.\",\"breadcrumb\":{\"@id\":\"https:\\\/\\\/conexmetals.com\\\/de\\\/produkt\\\/messing-kontaktklemmen\\\/#breadcrumb\"},\"inLanguage\":\"de\",\"potentialAction\":[{\"@type\":\"ReadAction\",\"target\":[\"https:\\\/\\\/conexmetals.com\\\/de\\\/produkt\\\/messing-kontaktklemmen\\\/\"]}]},{\"@type\":\"ImageObject\",\"inLanguage\":\"de\",\"@id\":\"https:\\\/\\\/conexmetals.com\\\/de\\\/produkt\\\/messing-kontaktklemmen\\\/#primaryimage\",\"url\":\"https:\\\/\\\/conexmetals.com\\\/wp-content\\\/uploads\\\/2024\\\/10\\\/Messing-Kontaktklemmen.png\",\"contentUrl\":\"https:\\\/\\\/conexmetals.com\\\/wp-content\\\/uploads\\\/2024\\\/10\\\/Messing-Kontaktklemmen.png\",\"width\":350,\"height\":350,\"caption\":\"Messing-Kontaktklemmen\"},{\"@type\":\"BreadcrumbList\",\"@id\":\"https:\\\/\\\/conexmetals.com\\\/de\\\/produkt\\\/messing-kontaktklemmen\\\/#breadcrumb\",\"itemListElement\":[{\"@type\":\"ListItem\",\"position\":1,\"name\":\"Home\",\"item\":\"https:\\\/\\\/conexmetals.com\\\/de\\\/heim\\\/\"},{\"@type\":\"ListItem\",\"position\":2,\"name\":\"Products\",\"item\":\"https:\\\/\\\/conexmetals.com\\\/products\\\/\"},{\"@type\":\"ListItem\",\"position\":3,\"name\":\"Messing-Kontaktklemmen\"}]},{\"@type\":\"WebSite\",\"@id\":\"https:\\\/\\\/conexmetals.com\\\/de\\\/#website\",\"url\":\"https:\\\/\\\/conexmetals.com\\\/de\\\/\",\"name\":\"Conex Metals Brass Fittings Brass Parts Copper Parts Brass Components Brass Plumbing Fittings India\",\"description\":\"Manufacturer of Bronze Fittings casting Copper Brass parts components\",\"publisher\":{\"@id\":\"https:\\\/\\\/conexmetals.com\\\/de\\\/#organization\"},\"potentialAction\":[{\"@type\":\"SearchAction\",\"target\":{\"@type\":\"EntryPoint\",\"urlTemplate\":\"https:\\\/\\\/conexmetals.com\\\/de\\\/?s={search_term_string}\"},\"query-input\":{\"@type\":\"PropertyValueSpecification\",\"valueRequired\":true,\"valueName\":\"search_term_string\"}}],\"inLanguage\":\"de\"},{\"@type\":\"Organization\",\"@id\":\"https:\\\/\\\/conexmetals.com\\\/de\\\/#organization\",\"name\":\"Conex Metals Brass Fittings Brass Parts Copper Parts Brass Components Brass Plumbing Fittings India\",\"url\":\"https:\\\/\\\/conexmetals.com\\\/de\\\/\",\"logo\":{\"@type\":\"ImageObject\",\"inLanguage\":\"de\",\"@id\":\"https:\\\/\\\/conexmetals.com\\\/de\\\/#\\\/schema\\\/logo\\\/image\\\/\",\"url\":\"https:\\\/\\\/conexmetals.com\\\/wp-content\\\/uploads\\\/2024\\\/03\\\/conex-metals-logo.webp\",\"contentUrl\":\"https:\\\/\\\/conexmetals.com\\\/wp-content\\\/uploads\\\/2024\\\/03\\\/conex-metals-logo.webp\",\"width\":300,\"height\":121,\"caption\":\"Conex Metals Brass Fittings Brass Parts Copper Parts Brass Components Brass Plumbing Fittings India\"},\"image\":{\"@id\":\"https:\\\/\\\/conexmetals.com\\\/de\\\/#\\\/schema\\\/logo\\\/image\\\/\"},\"sameAs\":[\"https:\\\/\\\/www.facebook.com\\\/conexbrass\",\"https:\\\/\\\/x.com\\\/conexindia\",\"https:\\\/\\\/www.linkedin.com\\\/company\\\/conex-metals-india\\\/\",\"https:\\\/\\\/www.instagram.com\\\/conexindia\\\/\"]}]}<\/script>\n<!-- \/ Yoast SEO plugin. -->","yoast_head_json":{"title":"Messing-Kontaktklemmen","description":"Conex ist ein f\u00fchrender Hersteller und Exporteur von Messingkontaktterminals und elektrischen Kontakten. Unser Produktportfolio umfasst Messingverbinder, Rohrfittings, T-St\u00fccke, Schlauchfittings und spezielle Fittings wie Schnellverbindungs- und Propanfittings. Unsere hochwertigen Messingterminals und -fittings gew\u00e4hrleisten zuverl\u00e4ssige Verbindungen in verschiedenen industriellen und h\u00e4uslichen Anwendungen.","robots":{"index":"index","follow":"follow","max-snippet":"max-snippet:-1","max-image-preview":"max-image-preview:large","max-video-preview":"max-video-preview:-1"},"canonical":"https:\/\/conexmetals.com\/de\/produkt\/messing-kontaktklemmen\/","schema":{"@context":"https:\/\/schema.org","@graph":[{"@type":"WebPage","@id":"https:\/\/conexmetals.com\/de\/produkt\/messing-kontaktklemmen\/","url":"https:\/\/conexmetals.com\/de\/produkt\/messing-kontaktklemmen\/","name":"Messing-Kontaktklemmen","isPartOf":{"@id":"https:\/\/conexmetals.com\/de\/#website"},"primaryImageOfPage":{"@id":"https:\/\/conexmetals.com\/de\/produkt\/messing-kontaktklemmen\/#primaryimage"},"image":{"@id":"https:\/\/conexmetals.com\/de\/produkt\/messing-kontaktklemmen\/#primaryimage"},"thumbnailUrl":"https:\/\/conexmetals.com\/wp-content\/uploads\/2024\/10\/Messing-Kontaktklemmen.png","datePublished":"2023-08-16T07:11:34+00:00","dateModified":"2024-12-14T10:02:59+00:00","description":"Conex ist ein f\u00fchrender Hersteller und Exporteur von Messingkontaktterminals und elektrischen Kontakten. Unser Produktportfolio umfasst Messingverbinder, Rohrfittings, T-St\u00fccke, Schlauchfittings und spezielle Fittings wie Schnellverbindungs- und Propanfittings. Unsere hochwertigen Messingterminals und -fittings gew\u00e4hrleisten zuverl\u00e4ssige Verbindungen in verschiedenen industriellen und h\u00e4uslichen Anwendungen.","breadcrumb":{"@id":"https:\/\/conexmetals.com\/de\/produkt\/messing-kontaktklemmen\/#breadcrumb"},"inLanguage":"de","potentialAction":[{"@type":"ReadAction","target":["https:\/\/conexmetals.com\/de\/produkt\/messing-kontaktklemmen\/"]}]},{"@type":"ImageObject","inLanguage":"de","@id":"https:\/\/conexmetals.com\/de\/produkt\/messing-kontaktklemmen\/#primaryimage","url":"https:\/\/conexmetals.com\/wp-content\/uploads\/2024\/10\/Messing-Kontaktklemmen.png","contentUrl":"https:\/\/conexmetals.com\/wp-content\/uploads\/2024\/10\/Messing-Kontaktklemmen.png","width":350,"height":350,"caption":"Messing-Kontaktklemmen"},{"@type":"BreadcrumbList","@id":"https:\/\/conexmetals.com\/de\/produkt\/messing-kontaktklemmen\/#breadcrumb","itemListElement":[{"@type":"ListItem","position":1,"name":"Home","item":"https:\/\/conexmetals.com\/de\/heim\/"},{"@type":"ListItem","position":2,"name":"Products","item":"https:\/\/conexmetals.com\/products\/"},{"@type":"ListItem","position":3,"name":"Messing-Kontaktklemmen"}]},{"@type":"WebSite","@id":"https:\/\/conexmetals.com\/de\/#website","url":"https:\/\/conexmetals.com\/de\/","name":"Conex Metals Brass Fittings Brass Parts Copper Parts Brass Components Brass Plumbing Fittings India","description":"Manufacturer of Bronze Fittings casting Copper Brass parts components","publisher":{"@id":"https:\/\/conexmetals.com\/de\/#organization"},"potentialAction":[{"@type":"SearchAction","target":{"@type":"EntryPoint","urlTemplate":"https:\/\/conexmetals.com\/de\/?s={search_term_string}"},"query-input":{"@type":"PropertyValueSpecification","valueRequired":true,"valueName":"search_term_string"}}],"inLanguage":"de"},{"@type":"Organization","@id":"https:\/\/conexmetals.com\/de\/#organization","name":"Conex Metals Brass Fittings Brass Parts Copper Parts Brass Components Brass Plumbing Fittings India","url":"https:\/\/conexmetals.com\/de\/","logo":{"@type":"ImageObject","inLanguage":"de","@id":"https:\/\/conexmetals.com\/de\/#\/schema\/logo\/image\/","url":"https:\/\/conexmetals.com\/wp-content\/uploads\/2024\/03\/conex-metals-logo.webp","contentUrl":"https:\/\/conexmetals.com\/wp-content\/uploads\/2024\/03\/conex-metals-logo.webp","width":300,"height":121,"caption":"Conex Metals Brass Fittings Brass Parts Copper Parts Brass Components Brass Plumbing Fittings India"},"image":{"@id":"https:\/\/conexmetals.com\/de\/#\/schema\/logo\/image\/"},"sameAs":["https:\/\/www.facebook.com\/conexbrass","https:\/\/x.com\/conexindia","https:\/\/www.linkedin.com\/company\/conex-metals-india\/","https:\/\/www.instagram.com\/conexindia\/"]}]}},"_links":{"self":[{"href":"https:\/\/conexmetals.com\/de\/wp-json\/wp\/v2\/product\/11249","targetHints":{"allow":["GET"]}}],"collection":[{"href":"https:\/\/conexmetals.com\/de\/wp-json\/wp\/v2\/product"}],"about":[{"href":"https:\/\/conexmetals.com\/de\/wp-json\/wp\/v2\/types\/product"}],"wp:featuredmedia":[{"embeddable":true,"href":"https:\/\/conexmetals.com\/de\/wp-json\/wp\/v2\/media\/7973"}],"wp:attachment":[{"href":"https:\/\/conexmetals.com\/de\/wp-json\/wp\/v2\/media?parent=11249"}],"wp:term":[{"taxonomy":"product_brand","embeddable":true,"href":"https:\/\/conexmetals.com\/de\/wp-json\/wp\/v2\/product_brand?post=11249"},{"taxonomy":"product_cat","embeddable":true,"href":"https:\/\/conexmetals.com\/de\/wp-json\/wp\/v2\/product_cat?post=11249"},{"taxonomy":"product_tag","embeddable":true,"href":"https:\/\/conexmetals.com\/de\/wp-json\/wp\/v2\/product_tag?post=11249"}],"curies":[{"name":"wp","href":"https:\/\/api.w.org\/{rel}","templated":true}]}}