{"id":11265,"date":"2023-08-16T12:49:31","date_gmt":"2023-08-16T07:19:31","guid":{"rendered":"https:\/\/conexmetals.com\/?post_type=product&#038;p=11265"},"modified":"2024-10-22T12:09:06","modified_gmt":"2024-10-22T06:39:06","slug":"messing-erdungsbloecke","status":"publish","type":"product","link":"https:\/\/conexmetals.com\/de\/produkt\/messing-erdungsbloecke\/","title":{"rendered":"Messing-Erdungsbl\u00f6cke"},"content":{"rendered":"","protected":false},"excerpt":{"rendered":"<div class=\"elementor-element elementor-element-672075d elementor-widget__width-initial e-transform elementor-widget-mobile__width-initial elementor-widget elementor-widget-woocommerce-product-images\" data-id=\"672075d\" data-element_type=\"widget\" data-settings=\"{&quot;_transform_scale_effect&quot;:{&quot;unit&quot;:&quot;px&quot;,&quot;size&quot;:1,&quot;sizes&quot;:[]},&quot;_transform_scale_effect_tablet&quot;:{&quot;unit&quot;:&quot;px&quot;,&quot;size&quot;:&quot;&quot;,&quot;sizes&quot;:[]},&quot;_transform_scale_effect_mobile&quot;:{&quot;unit&quot;:&quot;px&quot;,&quot;size&quot;:&quot;&quot;,&quot;sizes&quot;:[]}}\" data-widget_type=\"woocommerce-product-images.default\">\n<div class=\"elementor-widget-container\">\n<div class=\"woocommerce-product-gallery woocommerce-product-gallery--with-images woocommerce-product-gallery--columns-4 images\" data-columns=\"4\">\n<div class=\"woocommerce-product-gallery__wrapper\">\n<div class=\"woocommerce-product-gallery__image\" data-thumb=\"https:\/\/conexmetals.com\/wp-content\/uploads\/2023\/12\/Brass-Earth-Terminal-Blocks-100x100.png\" data-thumb-alt=\"Brass Earth Terminal Blocks\" data-thumb-srcset=\"https:\/\/conexmetals.com\/wp-content\/uploads\/2023\/12\/Brass-Earth-Terminal-Blocks-100x100.png 100w, https:\/\/conexmetals.com\/wp-content\/uploads\/2023\/12\/Brass-Earth-Terminal-Blocks-300x300.png 300w, https:\/\/conexmetals.com\/wp-content\/uploads\/2023\/12\/Brass-Earth-Terminal-Blocks-150x150.png 150w, https:\/\/conexmetals.com\/wp-content\/uploads\/2023\/12\/Brass-Earth-Terminal-Blocks.png 350w\"><\/div>\n<\/div>\n<\/div>\n<\/div>\n<\/div>\n<div class=\"elementor-element elementor-element-36d2ab8 elementor-widget elementor-widget-woocommerce-product-short-description\" data-id=\"36d2ab8\" data-element_type=\"widget\" data-widget_type=\"woocommerce-product-short-description.default\">\n<div class=\"elementor-widget-container\">\n<div class=\"woocommerce-product-details__short-description\">\n<table id=\"tablepress-372\" class=\"tablepress tablepress-id-372\">\n<caption>\u00a0<\/caption>\n<thead>\n<tr class=\"row-1 odd\">\n<th class=\"column-1\" colspan=\"3\"><strong><span>Messing-Erdbl\u00f6cke<\/span><\/strong><\/th>\n<\/tr>\n<\/thead>\n<tbody class=\"row-hover\">\n<tr class=\"row-2 even\">\n<td class=\"column-1\"><strong><span>Erdungsblocktyp<\/span><\/strong><\/td>\n<td class=\"column-2\"><strong><span>Ma\u00dfe<\/span><\/strong><\/td>\n<td class=\"column-3\"><strong><span>St\u00fcckgewicht<\/span><\/strong><\/td>\n<\/tr>\n<tr class=\"row-3 odd\">\n<td class=\"column-1\"><span>4-Wege-Einzel<\/span><\/td>\n<td class=\"column-2\"><span>54 mm x 9 mm x 12 mm<\/span><\/td>\n<td class=\"column-3\"><span>0,06 kg<\/span><\/td>\n<\/tr>\n<tr class=\"row-4 even\">\n<td class=\"column-1\"><span>4-Wege-Doppel<\/span><\/td>\n<td class=\"column-2\"><span>51mm x 18mm x 12mm<\/span><\/td>\n<td class=\"column-3\"><span>0,09 kg<\/span><\/td>\n<\/tr>\n<tr class=\"row-5 odd\">\n<td class=\"column-1\"><span>8-Wege-Einzel<\/span><\/td>\n<td class=\"column-2\"><span>88 mm x 18 mm x 12 mm<\/span><\/td>\n<td class=\"column-3\"><span>0,15 kg<\/span><\/td>\n<\/tr>\n<\/tbody>\n<\/table>\n<p><img fetchpriority=\"high\" decoding=\"async\" class=\"wp-image-6935 size-full alignright\" src=\"https:\/\/conexmetals.com\/wp-content\/uploads\/2023\/08\/earth-block-line-drawing.jpg\" alt=\"Strichzeichnung aus Erdbl\u00f6cken\" width=\"443\" height=\"300\" srcset=\"https:\/\/conexmetals.com\/wp-content\/uploads\/2023\/08\/earth-block-line-drawing.jpg 443w, https:\/\/conexmetals.com\/wp-content\/uploads\/2023\/08\/earth-block-line-drawing-300x203.jpg 300w\" sizes=\"(max-width: 443px) 100vw, 443px\" \/><\/p>\n<p><span>Messing-Erdungsbl\u00f6cke, auch bekannt als Messing-Erdungsbl\u00f6cke oder Messing-Erdungsschienen, sind elektrische Komponenten, die dazu dienen, einen gemeinsamen Erdungspunkt f\u00fcr verschiedene elektrische Ger\u00e4te und Leiter innerhalb eines Geb\u00e4udes oder elektrischen Systems herzustellen. Die Erdung ist eine wichtige Sicherheitsma\u00dfnahme in elektrischen Anlagen, da sie einen sicheren Weg f\u00fcr Fehlerstr\u00f6me zur Erde bietet, wodurch das Risiko von Stromschl\u00e4gen verringert und Sch\u00e4den an elektrischen Ger\u00e4ten verhindert werden.<\/span><\/p>\n<p><span>Das Design von Messing-Erdungsbl\u00f6cken besteht normalerweise aus einem rechteckigen oder stabf\u00f6rmigen K\u00f6rper aus Messing. Der Erdungsblock hat mehrere Anschl\u00fcsse oder L\u00f6cher, an denen Erdungsleiter oder -dr\u00e4hte angeschlossen und gesichert werden k\u00f6nnen. Diese Erdungsleiter k\u00f6nnen aus verschiedenen Quellen stammen, beispielsweise aus Schalttafeln, Ger\u00e4tegeh\u00e4usen oder Erdungselektroden.<\/span><\/p>\n<p><span>Zu den Hauptmerkmalen und Vorteilen von Messing-Erdbl\u00f6cken geh\u00f6ren:<\/span><\/p>\n<ol>\n<li><strong><span>Elektrische Leitf\u00e4higkeit<\/span><\/strong><span>\u00a0: Messing ist ein ausgezeichneter Stromleiter und gew\u00e4hrleistet eine effiziente Ableitung von Fehlerstr\u00f6men zur Erde.<\/span><\/li>\n<li><strong><span>Korrosionsbest\u00e4ndigkeit<\/span><\/strong><span>\u00a0: Messing-Erdungsbl\u00f6cke sind korrosionsbest\u00e4ndig und daher f\u00fcr Erdungsanwendungen sowohl im Innen- als auch im Au\u00dfenbereich geeignet.<\/span><\/li>\n<li><strong><span>Mehrere Abschlusspunkte: Erdungsbl\u00f6cke verf\u00fcgen \u00fcber mehrere Anschl\u00fcsse oder L\u00f6cher zur Aufnahme verschiedener Erdungsleiter, was eine effiziente Organisation und Konsolidierung von Erdungsverbindungen erm\u00f6glicht.<\/span><\/strong><\/li>\n<li><strong><span>Mechanische Festigkeit<\/span><\/strong><span>\u00a0: Messing bietet robuste mechanische Verbindungen und gew\u00e4hrleistet eine lang anhaltende und zuverl\u00e4ssige Erdung.<\/span><\/li>\n<li><strong><span>Einfache Installation<\/span><\/strong><span>\u00a0: Erdungsbl\u00f6cke sind im Allgemeinen einfach zu installieren und erfordern zum Anschluss standardm\u00e4\u00dfige elektrische Anschl\u00fcsse oder Schrauben.<\/span><\/li>\n<\/ol>\n<\/div>\n<\/div>\n<\/div>\n","protected":false},"featured_media":7963,"template":"","meta":[],"product_brand":[],"product_cat":[408],"product_tag":[],"class_list":{"0":"post-11265","1":"product","2":"type-product","3":"status-publish","4":"has-post-thumbnail","6":"product_cat-schaltboardfittings","8":"first","9":"instock","10":"shipping-taxable","11":"product-type-simple"},"yoast_head":"<!-- This site is optimized with the Yoast SEO plugin v27.3 - https:\/\/yoast.com\/product\/yoast-seo-wordpress\/ -->\n<title>Messing-Erdungsbl\u00f6cke<\/title>\n<meta name=\"description\" content=\"Conex spezialisiert sich auf die Herstellung und den Export von Messing-Erdungsbl\u00f6cken, einschlie\u00dflich Erdungsbl\u00f6cken und Erdungsst\u00e4ben in verschiedenen Konfigurationen wie 4-Wege- und 8-Wege-Bl\u00f6cken. Wir bieten auch Produkte im Zusammenhang mit komprimierten Erdziegeln und stabilisierten Lehmb\u00f6cken f\u00fcr nachhaltige Baupraktiken an. Unsere Messing-Erdungsbl\u00f6cke sorgen f\u00fcr sichere und effiziente Erdungsverbindungen in elektrischen Installationen.\" \/>\n<meta name=\"robots\" content=\"index, follow, max-snippet:-1, max-image-preview:large, max-video-preview:-1\" \/>\n<link rel=\"canonical\" href=\"https:\/\/conexmetals.com\/de\/produkt\/messing-erdungsbloecke\/\" \/>\n<script type=\"application\/ld+json\" class=\"yoast-schema-graph\">{\"@context\":\"https:\\\/\\\/schema.org\",\"@graph\":[{\"@type\":\"WebPage\",\"@id\":\"https:\\\/\\\/conexmetals.com\\\/de\\\/produkt\\\/messing-erdungsbloecke\\\/\",\"url\":\"https:\\\/\\\/conexmetals.com\\\/de\\\/produkt\\\/messing-erdungsbloecke\\\/\",\"name\":\"Messing-Erdungsbl\u00f6cke\",\"isPartOf\":{\"@id\":\"https:\\\/\\\/conexmetals.com\\\/de\\\/#website\"},\"primaryImageOfPage\":{\"@id\":\"https:\\\/\\\/conexmetals.com\\\/de\\\/produkt\\\/messing-erdungsbloecke\\\/#primaryimage\"},\"image\":{\"@id\":\"https:\\\/\\\/conexmetals.com\\\/de\\\/produkt\\\/messing-erdungsbloecke\\\/#primaryimage\"},\"thumbnailUrl\":\"https:\\\/\\\/conexmetals.com\\\/wp-content\\\/uploads\\\/2024\\\/10\\\/Messing-Erdungsblocke.png\",\"datePublished\":\"2023-08-16T07:19:31+00:00\",\"dateModified\":\"2024-10-22T06:39:06+00:00\",\"description\":\"Conex spezialisiert sich auf die Herstellung und den Export von Messing-Erdungsbl\u00f6cken, einschlie\u00dflich Erdungsbl\u00f6cken und Erdungsst\u00e4ben in verschiedenen Konfigurationen wie 4-Wege- und 8-Wege-Bl\u00f6cken. Wir bieten auch Produkte im Zusammenhang mit komprimierten Erdziegeln und stabilisierten Lehmb\u00f6cken f\u00fcr nachhaltige Baupraktiken an. Unsere Messing-Erdungsbl\u00f6cke sorgen f\u00fcr sichere und effiziente Erdungsverbindungen in elektrischen Installationen.\",\"breadcrumb\":{\"@id\":\"https:\\\/\\\/conexmetals.com\\\/de\\\/produkt\\\/messing-erdungsbloecke\\\/#breadcrumb\"},\"inLanguage\":\"de\",\"potentialAction\":[{\"@type\":\"ReadAction\",\"target\":[\"https:\\\/\\\/conexmetals.com\\\/de\\\/produkt\\\/messing-erdungsbloecke\\\/\"]}]},{\"@type\":\"ImageObject\",\"inLanguage\":\"de\",\"@id\":\"https:\\\/\\\/conexmetals.com\\\/de\\\/produkt\\\/messing-erdungsbloecke\\\/#primaryimage\",\"url\":\"https:\\\/\\\/conexmetals.com\\\/wp-content\\\/uploads\\\/2024\\\/10\\\/Messing-Erdungsblocke.png\",\"contentUrl\":\"https:\\\/\\\/conexmetals.com\\\/wp-content\\\/uploads\\\/2024\\\/10\\\/Messing-Erdungsblocke.png\",\"width\":350,\"height\":350,\"caption\":\"Messing-Erdungsbl\u00f6cke\"},{\"@type\":\"BreadcrumbList\",\"@id\":\"https:\\\/\\\/conexmetals.com\\\/de\\\/produkt\\\/messing-erdungsbloecke\\\/#breadcrumb\",\"itemListElement\":[{\"@type\":\"ListItem\",\"position\":1,\"name\":\"Home\",\"item\":\"https:\\\/\\\/conexmetals.com\\\/de\\\/heim\\\/\"},{\"@type\":\"ListItem\",\"position\":2,\"name\":\"Products\",\"item\":\"https:\\\/\\\/conexmetals.com\\\/products\\\/\"},{\"@type\":\"ListItem\",\"position\":3,\"name\":\"Messing-Erdungsbl\u00f6cke\"}]},{\"@type\":\"WebSite\",\"@id\":\"https:\\\/\\\/conexmetals.com\\\/de\\\/#website\",\"url\":\"https:\\\/\\\/conexmetals.com\\\/de\\\/\",\"name\":\"Conex Metals Brass Fittings Brass Parts Copper Parts Brass Components Brass Plumbing Fittings India\",\"description\":\"Manufacturer of Bronze Fittings casting Copper Brass parts components\",\"publisher\":{\"@id\":\"https:\\\/\\\/conexmetals.com\\\/de\\\/#organization\"},\"potentialAction\":[{\"@type\":\"SearchAction\",\"target\":{\"@type\":\"EntryPoint\",\"urlTemplate\":\"https:\\\/\\\/conexmetals.com\\\/de\\\/?s={search_term_string}\"},\"query-input\":{\"@type\":\"PropertyValueSpecification\",\"valueRequired\":true,\"valueName\":\"search_term_string\"}}],\"inLanguage\":\"de\"},{\"@type\":\"Organization\",\"@id\":\"https:\\\/\\\/conexmetals.com\\\/de\\\/#organization\",\"name\":\"Conex Metals Brass Fittings Brass Parts Copper Parts Brass Components Brass Plumbing Fittings India\",\"url\":\"https:\\\/\\\/conexmetals.com\\\/de\\\/\",\"logo\":{\"@type\":\"ImageObject\",\"inLanguage\":\"de\",\"@id\":\"https:\\\/\\\/conexmetals.com\\\/de\\\/#\\\/schema\\\/logo\\\/image\\\/\",\"url\":\"https:\\\/\\\/conexmetals.com\\\/wp-content\\\/uploads\\\/2024\\\/03\\\/conex-metals-logo.webp\",\"contentUrl\":\"https:\\\/\\\/conexmetals.com\\\/wp-content\\\/uploads\\\/2024\\\/03\\\/conex-metals-logo.webp\",\"width\":300,\"height\":121,\"caption\":\"Conex Metals Brass Fittings Brass Parts Copper Parts Brass Components Brass Plumbing Fittings India\"},\"image\":{\"@id\":\"https:\\\/\\\/conexmetals.com\\\/de\\\/#\\\/schema\\\/logo\\\/image\\\/\"},\"sameAs\":[\"https:\\\/\\\/www.facebook.com\\\/conexbrass\",\"https:\\\/\\\/x.com\\\/conexindia\",\"https:\\\/\\\/www.linkedin.com\\\/company\\\/conex-metals-india\\\/\",\"https:\\\/\\\/www.instagram.com\\\/conexindia\\\/\"]}]}<\/script>\n<!-- \/ Yoast SEO plugin. -->","yoast_head_json":{"title":"Messing-Erdungsbl\u00f6cke","description":"Conex spezialisiert sich auf die Herstellung und den Export von Messing-Erdungsbl\u00f6cken, einschlie\u00dflich Erdungsbl\u00f6cken und Erdungsst\u00e4ben in verschiedenen Konfigurationen wie 4-Wege- und 8-Wege-Bl\u00f6cken. Wir bieten auch Produkte im Zusammenhang mit komprimierten Erdziegeln und stabilisierten Lehmb\u00f6cken f\u00fcr nachhaltige Baupraktiken an. Unsere Messing-Erdungsbl\u00f6cke sorgen f\u00fcr sichere und effiziente Erdungsverbindungen in elektrischen Installationen.","robots":{"index":"index","follow":"follow","max-snippet":"max-snippet:-1","max-image-preview":"max-image-preview:large","max-video-preview":"max-video-preview:-1"},"canonical":"https:\/\/conexmetals.com\/de\/produkt\/messing-erdungsbloecke\/","schema":{"@context":"https:\/\/schema.org","@graph":[{"@type":"WebPage","@id":"https:\/\/conexmetals.com\/de\/produkt\/messing-erdungsbloecke\/","url":"https:\/\/conexmetals.com\/de\/produkt\/messing-erdungsbloecke\/","name":"Messing-Erdungsbl\u00f6cke","isPartOf":{"@id":"https:\/\/conexmetals.com\/de\/#website"},"primaryImageOfPage":{"@id":"https:\/\/conexmetals.com\/de\/produkt\/messing-erdungsbloecke\/#primaryimage"},"image":{"@id":"https:\/\/conexmetals.com\/de\/produkt\/messing-erdungsbloecke\/#primaryimage"},"thumbnailUrl":"https:\/\/conexmetals.com\/wp-content\/uploads\/2024\/10\/Messing-Erdungsblocke.png","datePublished":"2023-08-16T07:19:31+00:00","dateModified":"2024-10-22T06:39:06+00:00","description":"Conex spezialisiert sich auf die Herstellung und den Export von Messing-Erdungsbl\u00f6cken, einschlie\u00dflich Erdungsbl\u00f6cken und Erdungsst\u00e4ben in verschiedenen Konfigurationen wie 4-Wege- und 8-Wege-Bl\u00f6cken. Wir bieten auch Produkte im Zusammenhang mit komprimierten Erdziegeln und stabilisierten Lehmb\u00f6cken f\u00fcr nachhaltige Baupraktiken an. Unsere Messing-Erdungsbl\u00f6cke sorgen f\u00fcr sichere und effiziente Erdungsverbindungen in elektrischen Installationen.","breadcrumb":{"@id":"https:\/\/conexmetals.com\/de\/produkt\/messing-erdungsbloecke\/#breadcrumb"},"inLanguage":"de","potentialAction":[{"@type":"ReadAction","target":["https:\/\/conexmetals.com\/de\/produkt\/messing-erdungsbloecke\/"]}]},{"@type":"ImageObject","inLanguage":"de","@id":"https:\/\/conexmetals.com\/de\/produkt\/messing-erdungsbloecke\/#primaryimage","url":"https:\/\/conexmetals.com\/wp-content\/uploads\/2024\/10\/Messing-Erdungsblocke.png","contentUrl":"https:\/\/conexmetals.com\/wp-content\/uploads\/2024\/10\/Messing-Erdungsblocke.png","width":350,"height":350,"caption":"Messing-Erdungsbl\u00f6cke"},{"@type":"BreadcrumbList","@id":"https:\/\/conexmetals.com\/de\/produkt\/messing-erdungsbloecke\/#breadcrumb","itemListElement":[{"@type":"ListItem","position":1,"name":"Home","item":"https:\/\/conexmetals.com\/de\/heim\/"},{"@type":"ListItem","position":2,"name":"Products","item":"https:\/\/conexmetals.com\/products\/"},{"@type":"ListItem","position":3,"name":"Messing-Erdungsbl\u00f6cke"}]},{"@type":"WebSite","@id":"https:\/\/conexmetals.com\/de\/#website","url":"https:\/\/conexmetals.com\/de\/","name":"Conex Metals Brass Fittings Brass Parts Copper Parts Brass Components Brass Plumbing Fittings India","description":"Manufacturer of Bronze Fittings casting Copper Brass parts components","publisher":{"@id":"https:\/\/conexmetals.com\/de\/#organization"},"potentialAction":[{"@type":"SearchAction","target":{"@type":"EntryPoint","urlTemplate":"https:\/\/conexmetals.com\/de\/?s={search_term_string}"},"query-input":{"@type":"PropertyValueSpecification","valueRequired":true,"valueName":"search_term_string"}}],"inLanguage":"de"},{"@type":"Organization","@id":"https:\/\/conexmetals.com\/de\/#organization","name":"Conex Metals Brass Fittings Brass Parts Copper Parts Brass Components Brass Plumbing Fittings India","url":"https:\/\/conexmetals.com\/de\/","logo":{"@type":"ImageObject","inLanguage":"de","@id":"https:\/\/conexmetals.com\/de\/#\/schema\/logo\/image\/","url":"https:\/\/conexmetals.com\/wp-content\/uploads\/2024\/03\/conex-metals-logo.webp","contentUrl":"https:\/\/conexmetals.com\/wp-content\/uploads\/2024\/03\/conex-metals-logo.webp","width":300,"height":121,"caption":"Conex Metals Brass Fittings Brass Parts Copper Parts Brass Components Brass Plumbing Fittings India"},"image":{"@id":"https:\/\/conexmetals.com\/de\/#\/schema\/logo\/image\/"},"sameAs":["https:\/\/www.facebook.com\/conexbrass","https:\/\/x.com\/conexindia","https:\/\/www.linkedin.com\/company\/conex-metals-india\/","https:\/\/www.instagram.com\/conexindia\/"]}]}},"_links":{"self":[{"href":"https:\/\/conexmetals.com\/de\/wp-json\/wp\/v2\/product\/11265","targetHints":{"allow":["GET"]}}],"collection":[{"href":"https:\/\/conexmetals.com\/de\/wp-json\/wp\/v2\/product"}],"about":[{"href":"https:\/\/conexmetals.com\/de\/wp-json\/wp\/v2\/types\/product"}],"wp:featuredmedia":[{"embeddable":true,"href":"https:\/\/conexmetals.com\/de\/wp-json\/wp\/v2\/media\/7963"}],"wp:attachment":[{"href":"https:\/\/conexmetals.com\/de\/wp-json\/wp\/v2\/media?parent=11265"}],"wp:term":[{"taxonomy":"product_brand","embeddable":true,"href":"https:\/\/conexmetals.com\/de\/wp-json\/wp\/v2\/product_brand?post=11265"},{"taxonomy":"product_cat","embeddable":true,"href":"https:\/\/conexmetals.com\/de\/wp-json\/wp\/v2\/product_cat?post=11265"},{"taxonomy":"product_tag","embeddable":true,"href":"https:\/\/conexmetals.com\/de\/wp-json\/wp\/v2\/product_tag?post=11265"}],"curies":[{"name":"wp","href":"https:\/\/api.w.org\/{rel}","templated":true}]}}