{"id":11270,"date":"2023-08-16T12:26:01","date_gmt":"2023-08-16T06:56:01","guid":{"rendered":"https:\/\/conexmetals.com\/?post_type=product&#038;p=11270"},"modified":"2024-10-22T12:25:46","modified_gmt":"2024-10-22T06:55:46","slug":"messing-neutralklemmen","status":"publish","type":"product","link":"https:\/\/conexmetals.com\/de\/produkt\/messing-neutralklemmen\/","title":{"rendered":"Messing-Neutralklemmen"},"content":{"rendered":"","protected":false},"excerpt":{"rendered":"<div class=\"elementor-element elementor-element-672075d elementor-widget__width-initial e-transform elementor-widget-mobile__width-initial elementor-widget elementor-widget-woocommerce-product-images\" data-id=\"672075d\" data-element_type=\"widget\" data-settings=\"{&quot;_transform_scale_effect&quot;:{&quot;unit&quot;:&quot;px&quot;,&quot;size&quot;:1,&quot;sizes&quot;:[]},&quot;_transform_scale_effect_tablet&quot;:{&quot;unit&quot;:&quot;px&quot;,&quot;size&quot;:&quot;&quot;,&quot;sizes&quot;:[]},&quot;_transform_scale_effect_mobile&quot;:{&quot;unit&quot;:&quot;px&quot;,&quot;size&quot;:&quot;&quot;,&quot;sizes&quot;:[]}}\" data-widget_type=\"woocommerce-product-images.default\">\n<div class=\"elementor-widget-container\">\n<div class=\"woocommerce-product-gallery woocommerce-product-gallery--with-images woocommerce-product-gallery--columns-4 images\" data-columns=\"4\">\n<div class=\"woocommerce-product-gallery__wrapper\">\n<div class=\"woocommerce-product-gallery__image\" data-thumb=\"https:\/\/conexmetals.com\/wp-content\/uploads\/2023\/12\/Brass-Neutral-Links-Earth-Bars-100x100.png\" data-thumb-alt=\"Brass Neutral Links\" data-thumb-srcset=\"https:\/\/conexmetals.com\/wp-content\/uploads\/2023\/12\/Brass-Neutral-Links-Earth-Bars-100x100.png 100w, https:\/\/conexmetals.com\/wp-content\/uploads\/2023\/12\/Brass-Neutral-Links-Earth-Bars-300x300.png 300w, https:\/\/conexmetals.com\/wp-content\/uploads\/2023\/12\/Brass-Neutral-Links-Earth-Bars-150x150.png 150w, https:\/\/conexmetals.com\/wp-content\/uploads\/2023\/12\/Brass-Neutral-Links-Earth-Bars.png 350w\"><\/div>\n<\/div>\n<\/div>\n<\/div>\n<\/div>\n<div class=\"elementor-element elementor-element-36d2ab8 elementor-widget elementor-widget-woocommerce-product-short-description\" data-id=\"36d2ab8\" data-element_type=\"widget\" data-widget_type=\"woocommerce-product-short-description.default\">\n<div class=\"elementor-widget-container\">\n<div class=\"woocommerce-product-details__short-description\">\n<p><span>Bei Conex Metals bieten wir eine umfassende Auswahl an Neutralleiter-Verbindungsschienen, Neutralleiter-Erdungsschienen und Messing-Klemmenbl\u00f6cken, die auf die vielf\u00e4ltigen Anforderungen der Elektro-, Elektronik- und Telekommunikationsbranche zugeschnitten sind. Unsere Produkte werden mit Pr\u00e4zision gefertigt und zu wettbewerbsf\u00e4higen Preisen angeboten, begleitet von einem au\u00dfergew\u00f6hnlichen Kundenservice. Bei der Herstellung unserer Neutralleiter-Verbindungsschienen und Erdungsklemmen halten wir uns an internationale Standards und enge Toleranzen.<\/span><\/p>\n<p><span>Unsere Neutralleiterverbindungen, Erdungsschienen und Klemmenbl\u00f6cke aus Messing sind in verschiedenen Gr\u00f6\u00dfen und Konfigurationen erh\u00e4ltlich, darunter 4-, 8-, 12-, 26- und sogar 1-Meter-L\u00e4ngen. Diese Produkte sind entweder verzinnt oder vernickelt erh\u00e4ltlich. Au\u00dferdem k\u00f6nnen wir Erdungsschienen an spezielle Kundenanforderungen anpassen.<\/span><\/p>\n<p><span>Unsere Neutralleiter-Verbindungsstangen aus Messing sind f\u00fcr den Einsatz in allen Arten von Schalttafeln, Schaltanlagen und elektrischen Schalttafeln konzipiert. Sie werden h\u00e4ufig in Hauptschalttafeln, Stra\u00dfenabzweigen oder Z\u00e4hlern und am letzten Abw\u00e4rtstransformator der Lieferkette eingesetzt.<\/span><\/p>\n<p><strong><span>Materialspezifikationen<\/span><\/strong><span>\u00a0:<\/span><\/p>\n<ul>\n<li><span>Hochwertiges Automatenmessing<\/span><\/li>\n<li><span>Messinglegierungen: CuZn39Pb3, CuZn39Pb2, CuZn38Pb1,5, CuZn37Pb2, CuZn40Pb2, MS 58, BS2874, IS 319 (Typ I und II)<\/span><\/li>\n<li><span>ASTM-Normen: C35300, C35330 DZR, C36000 (CDA 360), C36500, C37000, C37100, C37700, C37710, C38500<\/span><\/li>\n<li><span>BS-Normen: CZ121, CZ122, CZ124, CZ128, CZ131, CZ132<\/span><\/li>\n<li><span>EN-Normen: CW602N, CW603N, CW606N, CW608N, CW612N, CW614N, CW617N<\/span><\/li>\n<li><span>JIS-Normen: C3601, C3602, C3603, C3604, C3605, C3712, C3771<\/span><\/li>\n<li><span>Spezielle Messing-Werkstoffzusammensetzungen sind auf Anfrage erh\u00e4ltlich.<\/span><\/li>\n<\/ul>\n<p>&nbsp;<\/p>\n<p><strong><span>Produktpalette<\/span><\/strong><span>\u00a0:<\/span><\/p>\n<ul>\n<li><span>Erh\u00e4ltlich in 2-Wege- bis 108-Wege-Konfigurationen mit L\u00e4ngen bis zu 1,5 Metern.<\/span><\/li>\n<li><span>Die Gr\u00f6\u00dfen reichen von M2 bis M30, mit Sondergr\u00f6\u00dfen bis zu M36 und Standardgr\u00f6\u00dfen einschlie\u00dflich 1\/8&#8220;, 5\/32&#8220;, 3\/16&#8220;, 1\/4&#8220;, 5\/16&#8220;, 3\/8&#8220;, 1\/2&#8220;, 3\/4&#8220;, 1&#8220;, 1-1\/2&#8220;, 2&#8220; oder Sonderanfertigungen basierend auf Ihren Anforderungen.<\/span><\/li>\n<\/ul>\n<p>&nbsp;<\/p>\n<p><strong><span>Gewindespezifikationen<\/span><\/strong><span>\u00a0:<\/span><\/p>\n<ul>\n<li><span>Zu den Gewinden z\u00e4hlen ISO-Metrisch (MM), BA, BSW, BSP, BSPT, BSF, BSB, UNC, UNF, UNEF, NPT, NPS und alle anderen angegebenen Gewinde gem\u00e4\u00df Kundenanforderungen.<\/span><\/li>\n<\/ul>\n<p>&nbsp;<\/p>\n<p><strong><span>Zubeh\u00f6r<\/span><\/strong><span>\u00a0:<\/span><\/p>\n<ul>\n<li><span>Wir liefern komplette Baugruppen mit Schrauben (Messing\/Stahl), Unterlegscheiben, Muttern, Verbindungsplatten und allen erforderlichen Kunststoff- oder Gummikomponenten gem\u00e4\u00df Kundenwunsch.<\/span><\/li>\n<\/ul>\n<p>&nbsp;<\/p>\n<p><strong><span>Anwendungen<\/span><\/strong><span>\u00a0:<\/span><\/p>\n<ul>\n<li><span>Unsere Produkte werden h\u00e4ufig als wichtige Komponenten in Schalttafeln, elektrischen Platinen sowie in der Elektronik- und Telekommunikationsbranche verwendet.<\/span><\/li>\n<\/ul>\n<p>&nbsp;<\/p>\n<p><strong><span>Oberfl\u00e4chen- und Beschichtungsoptionen<\/span><\/strong><span>\u00a0:<\/span><\/p>\n<ul>\n<li><span>Naturbelassen, vernickelt, galvanisch verzinnt, versilbert, verkupfert, verzinkt, verchromt oder jede andere gew\u00fcnschte Oberfl\u00e4chenbeschaffenheit.<\/span><\/li>\n<\/ul>\n<p><span>F\u00fcr alle speziellen Anforderungen im Zusammenhang mit Neutral Links bietet Conex Metals hochwertige L\u00f6sungen, die genau auf Ihre Anforderungen zugeschnitten sind. Kontaktieren Sie uns f\u00fcr ein schnelles Angebot!<\/span><\/p>\n<\/div>\n<\/div>\n<\/div>\n","protected":false},"featured_media":7968,"template":"","meta":[],"product_brand":[],"product_cat":[408],"product_tag":[],"class_list":{"0":"post-11270","1":"product","2":"type-product","3":"status-publish","4":"has-post-thumbnail","6":"product_cat-schaltboardfittings","8":"first","9":"instock","10":"shipping-taxable","11":"product-type-simple"},"yoast_head":"<!-- This site is optimized with the Yoast SEO plugin v27.3 - https:\/\/yoast.com\/product\/yoast-seo-wordpress\/ -->\n<title>Messing-Neutralklemmen<\/title>\n<meta name=\"description\" content=\"Conex bietet eine Vielzahl von Messing-Neutralklemmen an, einschlie\u00dflich Neutralbalken und -bl\u00f6cken f\u00fcr elektrische Anwendungen. Unsere Produkte sind f\u00fcr optimale Leitf\u00e4higkeit und Haltbarkeit ausgelegt und sorgen f\u00fcr sichere Verbindungen in Schalttafeln und Systemen. Als vertrauensw\u00fcrdiger Hersteller exportieren wir hochwertige Messing-Neutralklemmen weltweit.\" \/>\n<meta name=\"robots\" content=\"index, follow, max-snippet:-1, max-image-preview:large, max-video-preview:-1\" \/>\n<link rel=\"canonical\" href=\"https:\/\/conexmetals.com\/de\/produkt\/messing-neutralklemmen\/\" \/>\n<script type=\"application\/ld+json\" class=\"yoast-schema-graph\">{\"@context\":\"https:\\\/\\\/schema.org\",\"@graph\":[{\"@type\":\"WebPage\",\"@id\":\"https:\\\/\\\/conexmetals.com\\\/de\\\/produkt\\\/messing-neutralklemmen\\\/\",\"url\":\"https:\\\/\\\/conexmetals.com\\\/de\\\/produkt\\\/messing-neutralklemmen\\\/\",\"name\":\"Messing-Neutralklemmen\",\"isPartOf\":{\"@id\":\"https:\\\/\\\/conexmetals.com\\\/de\\\/#website\"},\"primaryImageOfPage\":{\"@id\":\"https:\\\/\\\/conexmetals.com\\\/de\\\/produkt\\\/messing-neutralklemmen\\\/#primaryimage\"},\"image\":{\"@id\":\"https:\\\/\\\/conexmetals.com\\\/de\\\/produkt\\\/messing-neutralklemmen\\\/#primaryimage\"},\"thumbnailUrl\":\"https:\\\/\\\/conexmetals.com\\\/wp-content\\\/uploads\\\/2024\\\/10\\\/Messing-Neutralklemmen.png\",\"datePublished\":\"2023-08-16T06:56:01+00:00\",\"dateModified\":\"2024-10-22T06:55:46+00:00\",\"description\":\"Conex bietet eine Vielzahl von Messing-Neutralklemmen an, einschlie\u00dflich Neutralbalken und -bl\u00f6cken f\u00fcr elektrische Anwendungen. Unsere Produkte sind f\u00fcr optimale Leitf\u00e4higkeit und Haltbarkeit ausgelegt und sorgen f\u00fcr sichere Verbindungen in Schalttafeln und Systemen. Als vertrauensw\u00fcrdiger Hersteller exportieren wir hochwertige Messing-Neutralklemmen weltweit.\",\"breadcrumb\":{\"@id\":\"https:\\\/\\\/conexmetals.com\\\/de\\\/produkt\\\/messing-neutralklemmen\\\/#breadcrumb\"},\"inLanguage\":\"de\",\"potentialAction\":[{\"@type\":\"ReadAction\",\"target\":[\"https:\\\/\\\/conexmetals.com\\\/de\\\/produkt\\\/messing-neutralklemmen\\\/\"]}]},{\"@type\":\"ImageObject\",\"inLanguage\":\"de\",\"@id\":\"https:\\\/\\\/conexmetals.com\\\/de\\\/produkt\\\/messing-neutralklemmen\\\/#primaryimage\",\"url\":\"https:\\\/\\\/conexmetals.com\\\/wp-content\\\/uploads\\\/2024\\\/10\\\/Messing-Neutralklemmen.png\",\"contentUrl\":\"https:\\\/\\\/conexmetals.com\\\/wp-content\\\/uploads\\\/2024\\\/10\\\/Messing-Neutralklemmen.png\",\"width\":350,\"height\":350,\"caption\":\"Messing-Neutralklemmen\"},{\"@type\":\"BreadcrumbList\",\"@id\":\"https:\\\/\\\/conexmetals.com\\\/de\\\/produkt\\\/messing-neutralklemmen\\\/#breadcrumb\",\"itemListElement\":[{\"@type\":\"ListItem\",\"position\":1,\"name\":\"Home\",\"item\":\"https:\\\/\\\/conexmetals.com\\\/de\\\/heim\\\/\"},{\"@type\":\"ListItem\",\"position\":2,\"name\":\"Products\",\"item\":\"https:\\\/\\\/conexmetals.com\\\/products\\\/\"},{\"@type\":\"ListItem\",\"position\":3,\"name\":\"Messing-Neutralklemmen\"}]},{\"@type\":\"WebSite\",\"@id\":\"https:\\\/\\\/conexmetals.com\\\/de\\\/#website\",\"url\":\"https:\\\/\\\/conexmetals.com\\\/de\\\/\",\"name\":\"Conex Metals Brass Fittings Brass Parts Copper Parts Brass Components Brass Plumbing Fittings India\",\"description\":\"Manufacturer of Bronze Fittings casting Copper Brass parts components\",\"publisher\":{\"@id\":\"https:\\\/\\\/conexmetals.com\\\/de\\\/#organization\"},\"potentialAction\":[{\"@type\":\"SearchAction\",\"target\":{\"@type\":\"EntryPoint\",\"urlTemplate\":\"https:\\\/\\\/conexmetals.com\\\/de\\\/?s={search_term_string}\"},\"query-input\":{\"@type\":\"PropertyValueSpecification\",\"valueRequired\":true,\"valueName\":\"search_term_string\"}}],\"inLanguage\":\"de\"},{\"@type\":\"Organization\",\"@id\":\"https:\\\/\\\/conexmetals.com\\\/de\\\/#organization\",\"name\":\"Conex Metals Brass Fittings Brass Parts Copper Parts Brass Components Brass Plumbing Fittings India\",\"url\":\"https:\\\/\\\/conexmetals.com\\\/de\\\/\",\"logo\":{\"@type\":\"ImageObject\",\"inLanguage\":\"de\",\"@id\":\"https:\\\/\\\/conexmetals.com\\\/de\\\/#\\\/schema\\\/logo\\\/image\\\/\",\"url\":\"https:\\\/\\\/conexmetals.com\\\/wp-content\\\/uploads\\\/2024\\\/03\\\/conex-metals-logo.webp\",\"contentUrl\":\"https:\\\/\\\/conexmetals.com\\\/wp-content\\\/uploads\\\/2024\\\/03\\\/conex-metals-logo.webp\",\"width\":300,\"height\":121,\"caption\":\"Conex Metals Brass Fittings Brass Parts Copper Parts Brass Components Brass Plumbing Fittings India\"},\"image\":{\"@id\":\"https:\\\/\\\/conexmetals.com\\\/de\\\/#\\\/schema\\\/logo\\\/image\\\/\"},\"sameAs\":[\"https:\\\/\\\/www.facebook.com\\\/conexbrass\",\"https:\\\/\\\/x.com\\\/conexindia\",\"https:\\\/\\\/www.linkedin.com\\\/company\\\/conex-metals-india\\\/\",\"https:\\\/\\\/www.instagram.com\\\/conexindia\\\/\"]}]}<\/script>\n<!-- \/ Yoast SEO plugin. -->","yoast_head_json":{"title":"Messing-Neutralklemmen","description":"Conex bietet eine Vielzahl von Messing-Neutralklemmen an, einschlie\u00dflich Neutralbalken und -bl\u00f6cken f\u00fcr elektrische Anwendungen. Unsere Produkte sind f\u00fcr optimale Leitf\u00e4higkeit und Haltbarkeit ausgelegt und sorgen f\u00fcr sichere Verbindungen in Schalttafeln und Systemen. Als vertrauensw\u00fcrdiger Hersteller exportieren wir hochwertige Messing-Neutralklemmen weltweit.","robots":{"index":"index","follow":"follow","max-snippet":"max-snippet:-1","max-image-preview":"max-image-preview:large","max-video-preview":"max-video-preview:-1"},"canonical":"https:\/\/conexmetals.com\/de\/produkt\/messing-neutralklemmen\/","schema":{"@context":"https:\/\/schema.org","@graph":[{"@type":"WebPage","@id":"https:\/\/conexmetals.com\/de\/produkt\/messing-neutralklemmen\/","url":"https:\/\/conexmetals.com\/de\/produkt\/messing-neutralklemmen\/","name":"Messing-Neutralklemmen","isPartOf":{"@id":"https:\/\/conexmetals.com\/de\/#website"},"primaryImageOfPage":{"@id":"https:\/\/conexmetals.com\/de\/produkt\/messing-neutralklemmen\/#primaryimage"},"image":{"@id":"https:\/\/conexmetals.com\/de\/produkt\/messing-neutralklemmen\/#primaryimage"},"thumbnailUrl":"https:\/\/conexmetals.com\/wp-content\/uploads\/2024\/10\/Messing-Neutralklemmen.png","datePublished":"2023-08-16T06:56:01+00:00","dateModified":"2024-10-22T06:55:46+00:00","description":"Conex bietet eine Vielzahl von Messing-Neutralklemmen an, einschlie\u00dflich Neutralbalken und -bl\u00f6cken f\u00fcr elektrische Anwendungen. Unsere Produkte sind f\u00fcr optimale Leitf\u00e4higkeit und Haltbarkeit ausgelegt und sorgen f\u00fcr sichere Verbindungen in Schalttafeln und Systemen. Als vertrauensw\u00fcrdiger Hersteller exportieren wir hochwertige Messing-Neutralklemmen weltweit.","breadcrumb":{"@id":"https:\/\/conexmetals.com\/de\/produkt\/messing-neutralklemmen\/#breadcrumb"},"inLanguage":"de","potentialAction":[{"@type":"ReadAction","target":["https:\/\/conexmetals.com\/de\/produkt\/messing-neutralklemmen\/"]}]},{"@type":"ImageObject","inLanguage":"de","@id":"https:\/\/conexmetals.com\/de\/produkt\/messing-neutralklemmen\/#primaryimage","url":"https:\/\/conexmetals.com\/wp-content\/uploads\/2024\/10\/Messing-Neutralklemmen.png","contentUrl":"https:\/\/conexmetals.com\/wp-content\/uploads\/2024\/10\/Messing-Neutralklemmen.png","width":350,"height":350,"caption":"Messing-Neutralklemmen"},{"@type":"BreadcrumbList","@id":"https:\/\/conexmetals.com\/de\/produkt\/messing-neutralklemmen\/#breadcrumb","itemListElement":[{"@type":"ListItem","position":1,"name":"Home","item":"https:\/\/conexmetals.com\/de\/heim\/"},{"@type":"ListItem","position":2,"name":"Products","item":"https:\/\/conexmetals.com\/products\/"},{"@type":"ListItem","position":3,"name":"Messing-Neutralklemmen"}]},{"@type":"WebSite","@id":"https:\/\/conexmetals.com\/de\/#website","url":"https:\/\/conexmetals.com\/de\/","name":"Conex Metals Brass Fittings Brass Parts Copper Parts Brass Components Brass Plumbing Fittings India","description":"Manufacturer of Bronze Fittings casting Copper Brass parts components","publisher":{"@id":"https:\/\/conexmetals.com\/de\/#organization"},"potentialAction":[{"@type":"SearchAction","target":{"@type":"EntryPoint","urlTemplate":"https:\/\/conexmetals.com\/de\/?s={search_term_string}"},"query-input":{"@type":"PropertyValueSpecification","valueRequired":true,"valueName":"search_term_string"}}],"inLanguage":"de"},{"@type":"Organization","@id":"https:\/\/conexmetals.com\/de\/#organization","name":"Conex Metals Brass Fittings Brass Parts Copper Parts Brass Components Brass Plumbing Fittings India","url":"https:\/\/conexmetals.com\/de\/","logo":{"@type":"ImageObject","inLanguage":"de","@id":"https:\/\/conexmetals.com\/de\/#\/schema\/logo\/image\/","url":"https:\/\/conexmetals.com\/wp-content\/uploads\/2024\/03\/conex-metals-logo.webp","contentUrl":"https:\/\/conexmetals.com\/wp-content\/uploads\/2024\/03\/conex-metals-logo.webp","width":300,"height":121,"caption":"Conex Metals Brass Fittings Brass Parts Copper Parts Brass Components Brass Plumbing Fittings India"},"image":{"@id":"https:\/\/conexmetals.com\/de\/#\/schema\/logo\/image\/"},"sameAs":["https:\/\/www.facebook.com\/conexbrass","https:\/\/x.com\/conexindia","https:\/\/www.linkedin.com\/company\/conex-metals-india\/","https:\/\/www.instagram.com\/conexindia\/"]}]}},"_links":{"self":[{"href":"https:\/\/conexmetals.com\/de\/wp-json\/wp\/v2\/product\/11270","targetHints":{"allow":["GET"]}}],"collection":[{"href":"https:\/\/conexmetals.com\/de\/wp-json\/wp\/v2\/product"}],"about":[{"href":"https:\/\/conexmetals.com\/de\/wp-json\/wp\/v2\/types\/product"}],"wp:featuredmedia":[{"embeddable":true,"href":"https:\/\/conexmetals.com\/de\/wp-json\/wp\/v2\/media\/7968"}],"wp:attachment":[{"href":"https:\/\/conexmetals.com\/de\/wp-json\/wp\/v2\/media?parent=11270"}],"wp:term":[{"taxonomy":"product_brand","embeddable":true,"href":"https:\/\/conexmetals.com\/de\/wp-json\/wp\/v2\/product_brand?post=11270"},{"taxonomy":"product_cat","embeddable":true,"href":"https:\/\/conexmetals.com\/de\/wp-json\/wp\/v2\/product_cat?post=11270"},{"taxonomy":"product_tag","embeddable":true,"href":"https:\/\/conexmetals.com\/de\/wp-json\/wp\/v2\/product_tag?post=11270"}],"curies":[{"name":"wp","href":"https:\/\/api.w.org\/{rel}","templated":true}]}}