{"id":11916,"date":"2023-08-17T11:31:35","date_gmt":"2023-08-17T06:01:35","guid":{"rendered":"https:\/\/conexmetals.com\/?post_type=product&#038;p=11916"},"modified":"2024-10-24T14:14:26","modified_gmt":"2024-10-24T08:44:26","slug":"messing-leitungswinkel","status":"publish","type":"product","link":"https:\/\/conexmetals.com\/de\/produkt\/messing-leitungswinkel\/","title":{"rendered":"Messing-Leitungswinkel"},"content":{"rendered":"","protected":false},"excerpt":{"rendered":"<div class=\"elementor-element elementor-element-672075d elementor-widget__width-initial e-transform elementor-widget-mobile__width-initial elementor-widget elementor-widget-woocommerce-product-images\" data-id=\"672075d\" data-element_type=\"widget\" data-settings=\"{&quot;_transform_scale_effect&quot;:{&quot;unit&quot;:&quot;px&quot;,&quot;size&quot;:1,&quot;sizes&quot;:[]},&quot;_transform_scale_effect_tablet&quot;:{&quot;unit&quot;:&quot;px&quot;,&quot;size&quot;:&quot;&quot;,&quot;sizes&quot;:[]},&quot;_transform_scale_effect_mobile&quot;:{&quot;unit&quot;:&quot;px&quot;,&quot;size&quot;:&quot;&quot;,&quot;sizes&quot;:[]}}\" data-widget_type=\"woocommerce-product-images.default\">\n<div class=\"elementor-widget-container\">\n<div class=\"woocommerce-product-gallery woocommerce-product-gallery--with-images woocommerce-product-gallery--columns-4 images\" data-columns=\"4\">\n<div class=\"woocommerce-product-gallery__wrapper\">\n<div class=\"woocommerce-product-gallery__image\" data-thumb=\"https:\/\/conexmetals.com\/wp-content\/uploads\/2023\/11\/Brass-Conduit-Elbows-100x100.png\" data-thumb-alt=\"Brass Conduit Elbows\" data-thumb-srcset=\"https:\/\/conexmetals.com\/wp-content\/uploads\/2023\/11\/Brass-Conduit-Elbows-100x100.png 100w, https:\/\/conexmetals.com\/wp-content\/uploads\/2023\/11\/Brass-Conduit-Elbows-300x300.png 300w, https:\/\/conexmetals.com\/wp-content\/uploads\/2023\/11\/Brass-Conduit-Elbows-150x150.png 150w, https:\/\/conexmetals.com\/wp-content\/uploads\/2023\/11\/Brass-Conduit-Elbows.png 350w\"><\/div>\n<\/div>\n<\/div>\n<\/div>\n<\/div>\n<div class=\"elementor-element elementor-element-36d2ab8 elementor-widget elementor-widget-woocommerce-product-short-description\" data-id=\"36d2ab8\" data-element_type=\"widget\" data-widget_type=\"woocommerce-product-short-description.default\">\n<div class=\"elementor-widget-container\">\n<div class=\"woocommerce-product-details__short-description\">\n<table id=\"tablepress-379\" class=\"tablepress tablepress-id-379\">\n<caption>\u00a0<\/caption>\n<thead>\n<tr class=\"row-1 odd\">\n<th class=\"column-1\" colspan=\"5\"><strong>Messing-Rohrbogen<\/strong><\/th>\n<\/tr>\n<\/thead>\n<tbody class=\"row-hover\">\n<tr class=\"row-2 even\">\n<td class=\"column-1\"><strong>US-Rohrgr\u00f6\u00dfe<\/strong><\/td>\n<td class=\"column-2\"><strong>Nennweite der Leitung<\/strong><\/td>\n<td class=\"column-3\"><strong>Au\u00dfendurchmesser<\/strong><\/td>\n<td class=\"column-4\"><strong>Innendurchmesser<\/strong><\/td>\n<td class=\"column-5\"><strong>Spulenl\u00e4nge (m)<\/strong><\/td>\n<\/tr>\n<tr class=\"row-3 odd\">\n<td class=\"column-1\">3\/8\u201d<\/td>\n<td class=\"column-2\">16 mm<\/td>\n<td class=\"column-3\">17,8 mm<\/td>\n<td class=\"column-4\">12,5 mm<\/td>\n<td class=\"column-5\">10<\/td>\n<\/tr>\n<tr class=\"row-4 even\">\n<td class=\"column-1\">3\/8\u201d<\/td>\n<td class=\"column-2\">16 mm<\/td>\n<td class=\"column-3\">17,8 mm<\/td>\n<td class=\"column-4\">12,5 mm<\/td>\n<td class=\"column-5\">30<\/td>\n<\/tr>\n<tr class=\"row-5 odd\">\n<td class=\"column-1\">1\/2\u201d<\/td>\n<td class=\"column-2\">20 mm<\/td>\n<td class=\"column-3\">21,1 mm<\/td>\n<td class=\"column-4\">15,9 mm<\/td>\n<td class=\"column-5\">10<\/td>\n<\/tr>\n<tr class=\"row-6 even\">\n<td class=\"column-1\">1\/2\u201d<\/td>\n<td class=\"column-2\">20 mm<\/td>\n<td class=\"column-3\">21,1 mm<\/td>\n<td class=\"column-4\">15,9 mm<\/td>\n<td class=\"column-5\">30<\/td>\n<\/tr>\n<tr class=\"row-7 odd\">\n<td class=\"column-1\">3\/4\u201d<\/td>\n<td class=\"column-2\">25 mm<\/td>\n<td class=\"column-3\">26,4 mm<\/td>\n<td class=\"column-4\">21,0 mm<\/td>\n<td class=\"column-5\">10<\/td>\n<\/tr>\n<tr class=\"row-8 even\">\n<td class=\"column-1\">3\/4\u201d<\/td>\n<td class=\"column-2\">25 mm<\/td>\n<td class=\"column-3\">26,4 mm<\/td>\n<td class=\"column-4\">21,0 mm<\/td>\n<td class=\"column-5\">30<\/td>\n<\/tr>\n<tr class=\"row-9 odd\">\n<td class=\"column-1\">1\u201d<\/td>\n<td class=\"column-2\">32 mm<\/td>\n<td class=\"column-3\">33,1 mm<\/td>\n<td class=\"column-4\">26,4 mm<\/td>\n<td class=\"column-5\">10<\/td>\n<\/tr>\n<tr class=\"row-10 even\">\n<td class=\"column-1\">1\u201d<\/td>\n<td class=\"column-2\">32 mm<\/td>\n<td class=\"column-3\">33,1 mm<\/td>\n<td class=\"column-4\">26,4 mm<\/td>\n<td class=\"column-5\">20<\/td>\n<\/tr>\n<tr class=\"row-11 odd\">\n<td class=\"column-1\">1 1\/4\u201d<\/td>\n<td class=\"column-2\">40 mm<\/td>\n<td class=\"column-3\">41,8 mm<\/td>\n<td class=\"column-4\">35,4 mm<\/td>\n<td class=\"column-5\">10<\/td>\n<\/tr>\n<tr class=\"row-12 even\">\n<td class=\"column-1\">1 1\/4\u201d<\/td>\n<td class=\"column-2\">40 mm<\/td>\n<td class=\"column-3\">41,8 mm<\/td>\n<td class=\"column-4\">35,4 mm<\/td>\n<td class=\"column-5\">20<\/td>\n<\/tr>\n<tr class=\"row-13 odd\">\n<td class=\"column-1\">1 1\/2\u201d<\/td>\n<td class=\"column-2\">50 mm<\/td>\n<td class=\"column-3\">47,5 mm<\/td>\n<td class=\"column-4\">40,4 mm<\/td>\n<td class=\"column-5\">10<\/td>\n<\/tr>\n<tr class=\"row-14 even\">\n<td class=\"column-1\">1 1\/2\u201d<\/td>\n<td class=\"column-2\">50 mm<\/td>\n<td class=\"column-3\">47,5 mm<\/td>\n<td class=\"column-4\">40,4 mm<\/td>\n<td class=\"column-5\">20<\/td>\n<\/tr>\n<tr class=\"row-15 odd\">\n<td class=\"column-1\">2\u201d<\/td>\n<td class=\"column-2\">63 mm<\/td>\n<td class=\"column-3\">59,7 mm<\/td>\n<td class=\"column-4\">51,6 mm<\/td>\n<td class=\"column-5\">10<\/td>\n<\/tr>\n<tr class=\"row-16 even\">\n<td class=\"column-1\">2\u201d<\/td>\n<td class=\"column-2\">63 mm<\/td>\n<td class=\"column-3\">59,7 mm<\/td>\n<td class=\"column-4\">51,6 mm<\/td>\n<td class=\"column-5\">20<\/td>\n<\/tr>\n<\/tbody>\n<\/table>\n<p>Messing-Rohrbogen sind spezielle Armaturen, die in Elektroinstallationen verwendet werden, um die Richtung von Rohren zu \u00e4ndern. Sie sind so konzipiert, dass elektrische Leitungen problemlos und effizient in verschiedene Winkel gebogen werden k\u00f6nnen, wodurch ein flexiblerer und geordneterer Weg f\u00fcr elektrische Leiter entsteht. Messing-Rohrbogen werden aus Messing hergestellt, einem Metall, das f\u00fcr seine hervorragende elektrische Leitf\u00e4higkeit, Korrosionsbest\u00e4ndigkeit und Haltbarkeit bekannt ist.<\/p>\n<p>Das Design von Messingrohrb\u00f6gen weist typischerweise eine gekr\u00fcmmte oder gebogene Form auf, die es dem Rohr erm\u00f6glicht, sich zu drehen, ohne scharfe Biegungen zu bilden, die die elektrischen Leiter im Inneren besch\u00e4digen oder knicken k\u00f6nnten. Diese B\u00f6gen haben an jedem Ende Au\u00dfengewinde, sodass sie leicht an Rohrverschraubungen mit Innengewinde oder Anschlussk\u00e4sten angeschlossen werden k\u00f6nnen.<\/p>\n<p>Zu den wichtigsten Merkmalen und Vorteilen von Rohrb\u00f6gen aus Messing geh\u00f6ren:<\/p>\n<ol>\n<li><b><\/b><strong><b>Elektrische Leitf\u00e4higkeit:<\/b><\/strong>\u00a0Messing ist ein guter Stromleiter und gew\u00e4hrleistet, dass die elektrische Kontinuit\u00e4t im gesamten Leitungssystem aufrechterhalten wird.<\/li>\n<li><b><\/b><strong><b>Korrosionsbest\u00e4ndigkeit:<\/b><\/strong>\u00a0Messing-Rohrleitungsb\u00f6gen sind korrosionsbest\u00e4ndig und daher sowohl f\u00fcr den Innen- als auch f\u00fcr den Au\u00dfenbereich geeignet.<\/li>\n<li><b><\/b><strong><b>Sanfte Biegungen:<\/b><\/strong>\u00a0Das gebogene Design der Messing-Rohrleitungsb\u00f6gen erm\u00f6glicht sanfte und allm\u00e4hliche Biegungen und verringert so das Risiko einer Besch\u00e4digung oder Verformung der elektrischen Leiter im Rohr.<\/li>\n<li><b><\/b><strong><b>Mechanische Festigkeit:<\/b><\/strong>\u00a0Messing bietet stabile und zuverl\u00e4ssige Verbindungen und gew\u00e4hrleistet so die Langlebigkeit und Integrit\u00e4t des Leitungssystems.<\/li>\n<li><b><\/b><strong><b>Vielseitigkeit:<\/b><\/strong>\u00a0Messing-Rohrleitungsb\u00f6gen sind in verschiedenen Winkeln erh\u00e4ltlich, beispielsweise 45 Grad und 90 Grad, um verschiedenen Anforderungen an die Rohrverlegung gerecht zu werden.<\/li>\n<\/ol>\n<p>Messingrohrb\u00f6gen werden h\u00e4ufig in verschiedenen elektrischen Anlagen verwendet, darunter in Wohn-, Gewerbe- und Industrieumgebungen. Sie sind besonders n\u00fctzlich, wenn elektrische Leitungen um Hindernisse herumgef\u00fchrt werden oder die Richtung \u00e4ndern m\u00fcssen, um bestimmte elektrische Ger\u00e4te oder Ausr\u00fcstungen zu erreichen.<\/p>\n<\/div>\n<\/div>\n<\/div>\n","protected":false},"featured_media":7128,"template":"","meta":[],"product_brand":[],"product_cat":[396],"product_tag":[],"class_list":{"0":"post-11916","1":"product","2":"type-product","3":"status-publish","4":"has-post-thumbnail","6":"product_cat-messingrohrfittings","8":"first","9":"instock","10":"shipping-taxable","11":"product-type-simple"},"yoast_head":"<!-- This site is optimized with the Yoast SEO plugin v27.3 - https:\/\/yoast.com\/product\/yoast-seo-wordpress\/ -->\n<title>Messing-Leitungswinkel<\/title>\n<meta name=\"description\" content=\"Conex bietet eine Reihe von Messing-Rohrb\u00f6gen, darunter 90-Grad- und 45-Grad-Biegungen in verschiedenen Gr\u00f6\u00dfen. Unsere Produktlinie umfasst Zugb\u00f6gen und EMT-B\u00f6gen, die f\u00fcr eine effiziente Kabelverwaltung und Installation entwickelt wurden. Wir liefern hochwertige Messing-Rohrb\u00f6gen f\u00fcr sichere und zuverl\u00e4ssige Rohrleitungssysteme in elektrischen Installationen.\" \/>\n<meta name=\"robots\" content=\"index, follow, max-snippet:-1, max-image-preview:large, max-video-preview:-1\" \/>\n<link rel=\"canonical\" href=\"https:\/\/conexmetals.com\/de\/produkt\/messing-leitungswinkel\/\" \/>\n<script type=\"application\/ld+json\" class=\"yoast-schema-graph\">{\"@context\":\"https:\\\/\\\/schema.org\",\"@graph\":[{\"@type\":\"WebPage\",\"@id\":\"https:\\\/\\\/conexmetals.com\\\/de\\\/produkt\\\/messing-leitungswinkel\\\/\",\"url\":\"https:\\\/\\\/conexmetals.com\\\/de\\\/produkt\\\/messing-leitungswinkel\\\/\",\"name\":\"Messing-Leitungswinkel\",\"isPartOf\":{\"@id\":\"https:\\\/\\\/conexmetals.com\\\/de\\\/#website\"},\"primaryImageOfPage\":{\"@id\":\"https:\\\/\\\/conexmetals.com\\\/de\\\/produkt\\\/messing-leitungswinkel\\\/#primaryimage\"},\"image\":{\"@id\":\"https:\\\/\\\/conexmetals.com\\\/de\\\/produkt\\\/messing-leitungswinkel\\\/#primaryimage\"},\"thumbnailUrl\":\"https:\\\/\\\/conexmetals.com\\\/wp-content\\\/uploads\\\/2024\\\/12\\\/Messingrohrbogen.png\",\"datePublished\":\"2023-08-17T06:01:35+00:00\",\"dateModified\":\"2024-10-24T08:44:26+00:00\",\"description\":\"Conex bietet eine Reihe von Messing-Rohrb\u00f6gen, darunter 90-Grad- und 45-Grad-Biegungen in verschiedenen Gr\u00f6\u00dfen. Unsere Produktlinie umfasst Zugb\u00f6gen und EMT-B\u00f6gen, die f\u00fcr eine effiziente Kabelverwaltung und Installation entwickelt wurden. Wir liefern hochwertige Messing-Rohrb\u00f6gen f\u00fcr sichere und zuverl\u00e4ssige Rohrleitungssysteme in elektrischen Installationen.\",\"breadcrumb\":{\"@id\":\"https:\\\/\\\/conexmetals.com\\\/de\\\/produkt\\\/messing-leitungswinkel\\\/#breadcrumb\"},\"inLanguage\":\"de\",\"potentialAction\":[{\"@type\":\"ReadAction\",\"target\":[\"https:\\\/\\\/conexmetals.com\\\/de\\\/produkt\\\/messing-leitungswinkel\\\/\"]}]},{\"@type\":\"ImageObject\",\"inLanguage\":\"de\",\"@id\":\"https:\\\/\\\/conexmetals.com\\\/de\\\/produkt\\\/messing-leitungswinkel\\\/#primaryimage\",\"url\":\"https:\\\/\\\/conexmetals.com\\\/wp-content\\\/uploads\\\/2024\\\/12\\\/Messingrohrbogen.png\",\"contentUrl\":\"https:\\\/\\\/conexmetals.com\\\/wp-content\\\/uploads\\\/2024\\\/12\\\/Messingrohrbogen.png\",\"width\":300,\"height\":300,\"caption\":\"Messingrohrb\u00f6gen\"},{\"@type\":\"BreadcrumbList\",\"@id\":\"https:\\\/\\\/conexmetals.com\\\/de\\\/produkt\\\/messing-leitungswinkel\\\/#breadcrumb\",\"itemListElement\":[{\"@type\":\"ListItem\",\"position\":1,\"name\":\"Home\",\"item\":\"https:\\\/\\\/conexmetals.com\\\/de\\\/heim\\\/\"},{\"@type\":\"ListItem\",\"position\":2,\"name\":\"Products\",\"item\":\"https:\\\/\\\/conexmetals.com\\\/products\\\/\"},{\"@type\":\"ListItem\",\"position\":3,\"name\":\"Messing-Leitungswinkel\"}]},{\"@type\":\"WebSite\",\"@id\":\"https:\\\/\\\/conexmetals.com\\\/de\\\/#website\",\"url\":\"https:\\\/\\\/conexmetals.com\\\/de\\\/\",\"name\":\"Conex Metals Brass Fittings Brass Parts Copper Parts Brass Components Brass Plumbing Fittings India\",\"description\":\"Manufacturer of Bronze Fittings casting Copper Brass parts components\",\"publisher\":{\"@id\":\"https:\\\/\\\/conexmetals.com\\\/de\\\/#organization\"},\"potentialAction\":[{\"@type\":\"SearchAction\",\"target\":{\"@type\":\"EntryPoint\",\"urlTemplate\":\"https:\\\/\\\/conexmetals.com\\\/de\\\/?s={search_term_string}\"},\"query-input\":{\"@type\":\"PropertyValueSpecification\",\"valueRequired\":true,\"valueName\":\"search_term_string\"}}],\"inLanguage\":\"de\"},{\"@type\":\"Organization\",\"@id\":\"https:\\\/\\\/conexmetals.com\\\/de\\\/#organization\",\"name\":\"Conex Metals Brass Fittings Brass Parts Copper Parts Brass Components Brass Plumbing Fittings India\",\"url\":\"https:\\\/\\\/conexmetals.com\\\/de\\\/\",\"logo\":{\"@type\":\"ImageObject\",\"inLanguage\":\"de\",\"@id\":\"https:\\\/\\\/conexmetals.com\\\/de\\\/#\\\/schema\\\/logo\\\/image\\\/\",\"url\":\"https:\\\/\\\/conexmetals.com\\\/wp-content\\\/uploads\\\/2024\\\/03\\\/conex-metals-logo.webp\",\"contentUrl\":\"https:\\\/\\\/conexmetals.com\\\/wp-content\\\/uploads\\\/2024\\\/03\\\/conex-metals-logo.webp\",\"width\":300,\"height\":121,\"caption\":\"Conex Metals Brass Fittings Brass Parts Copper Parts Brass Components Brass Plumbing Fittings India\"},\"image\":{\"@id\":\"https:\\\/\\\/conexmetals.com\\\/de\\\/#\\\/schema\\\/logo\\\/image\\\/\"},\"sameAs\":[\"https:\\\/\\\/www.facebook.com\\\/conexbrass\",\"https:\\\/\\\/x.com\\\/conexindia\",\"https:\\\/\\\/www.linkedin.com\\\/company\\\/conex-metals-india\\\/\",\"https:\\\/\\\/www.instagram.com\\\/conexindia\\\/\"]}]}<\/script>\n<!-- \/ Yoast SEO plugin. -->","yoast_head_json":{"title":"Messing-Leitungswinkel","description":"Conex bietet eine Reihe von Messing-Rohrb\u00f6gen, darunter 90-Grad- und 45-Grad-Biegungen in verschiedenen Gr\u00f6\u00dfen. Unsere Produktlinie umfasst Zugb\u00f6gen und EMT-B\u00f6gen, die f\u00fcr eine effiziente Kabelverwaltung und Installation entwickelt wurden. Wir liefern hochwertige Messing-Rohrb\u00f6gen f\u00fcr sichere und zuverl\u00e4ssige Rohrleitungssysteme in elektrischen Installationen.","robots":{"index":"index","follow":"follow","max-snippet":"max-snippet:-1","max-image-preview":"max-image-preview:large","max-video-preview":"max-video-preview:-1"},"canonical":"https:\/\/conexmetals.com\/de\/produkt\/messing-leitungswinkel\/","schema":{"@context":"https:\/\/schema.org","@graph":[{"@type":"WebPage","@id":"https:\/\/conexmetals.com\/de\/produkt\/messing-leitungswinkel\/","url":"https:\/\/conexmetals.com\/de\/produkt\/messing-leitungswinkel\/","name":"Messing-Leitungswinkel","isPartOf":{"@id":"https:\/\/conexmetals.com\/de\/#website"},"primaryImageOfPage":{"@id":"https:\/\/conexmetals.com\/de\/produkt\/messing-leitungswinkel\/#primaryimage"},"image":{"@id":"https:\/\/conexmetals.com\/de\/produkt\/messing-leitungswinkel\/#primaryimage"},"thumbnailUrl":"https:\/\/conexmetals.com\/wp-content\/uploads\/2024\/12\/Messingrohrbogen.png","datePublished":"2023-08-17T06:01:35+00:00","dateModified":"2024-10-24T08:44:26+00:00","description":"Conex bietet eine Reihe von Messing-Rohrb\u00f6gen, darunter 90-Grad- und 45-Grad-Biegungen in verschiedenen Gr\u00f6\u00dfen. Unsere Produktlinie umfasst Zugb\u00f6gen und EMT-B\u00f6gen, die f\u00fcr eine effiziente Kabelverwaltung und Installation entwickelt wurden. Wir liefern hochwertige Messing-Rohrb\u00f6gen f\u00fcr sichere und zuverl\u00e4ssige Rohrleitungssysteme in elektrischen Installationen.","breadcrumb":{"@id":"https:\/\/conexmetals.com\/de\/produkt\/messing-leitungswinkel\/#breadcrumb"},"inLanguage":"de","potentialAction":[{"@type":"ReadAction","target":["https:\/\/conexmetals.com\/de\/produkt\/messing-leitungswinkel\/"]}]},{"@type":"ImageObject","inLanguage":"de","@id":"https:\/\/conexmetals.com\/de\/produkt\/messing-leitungswinkel\/#primaryimage","url":"https:\/\/conexmetals.com\/wp-content\/uploads\/2024\/12\/Messingrohrbogen.png","contentUrl":"https:\/\/conexmetals.com\/wp-content\/uploads\/2024\/12\/Messingrohrbogen.png","width":300,"height":300,"caption":"Messingrohrb\u00f6gen"},{"@type":"BreadcrumbList","@id":"https:\/\/conexmetals.com\/de\/produkt\/messing-leitungswinkel\/#breadcrumb","itemListElement":[{"@type":"ListItem","position":1,"name":"Home","item":"https:\/\/conexmetals.com\/de\/heim\/"},{"@type":"ListItem","position":2,"name":"Products","item":"https:\/\/conexmetals.com\/products\/"},{"@type":"ListItem","position":3,"name":"Messing-Leitungswinkel"}]},{"@type":"WebSite","@id":"https:\/\/conexmetals.com\/de\/#website","url":"https:\/\/conexmetals.com\/de\/","name":"Conex Metals Brass Fittings Brass Parts Copper Parts Brass Components Brass Plumbing Fittings India","description":"Manufacturer of Bronze Fittings casting Copper Brass parts components","publisher":{"@id":"https:\/\/conexmetals.com\/de\/#organization"},"potentialAction":[{"@type":"SearchAction","target":{"@type":"EntryPoint","urlTemplate":"https:\/\/conexmetals.com\/de\/?s={search_term_string}"},"query-input":{"@type":"PropertyValueSpecification","valueRequired":true,"valueName":"search_term_string"}}],"inLanguage":"de"},{"@type":"Organization","@id":"https:\/\/conexmetals.com\/de\/#organization","name":"Conex Metals Brass Fittings Brass Parts Copper Parts Brass Components Brass Plumbing Fittings India","url":"https:\/\/conexmetals.com\/de\/","logo":{"@type":"ImageObject","inLanguage":"de","@id":"https:\/\/conexmetals.com\/de\/#\/schema\/logo\/image\/","url":"https:\/\/conexmetals.com\/wp-content\/uploads\/2024\/03\/conex-metals-logo.webp","contentUrl":"https:\/\/conexmetals.com\/wp-content\/uploads\/2024\/03\/conex-metals-logo.webp","width":300,"height":121,"caption":"Conex Metals Brass Fittings Brass Parts Copper Parts Brass Components Brass Plumbing Fittings India"},"image":{"@id":"https:\/\/conexmetals.com\/de\/#\/schema\/logo\/image\/"},"sameAs":["https:\/\/www.facebook.com\/conexbrass","https:\/\/x.com\/conexindia","https:\/\/www.linkedin.com\/company\/conex-metals-india\/","https:\/\/www.instagram.com\/conexindia\/"]}]}},"_links":{"self":[{"href":"https:\/\/conexmetals.com\/de\/wp-json\/wp\/v2\/product\/11916","targetHints":{"allow":["GET"]}}],"collection":[{"href":"https:\/\/conexmetals.com\/de\/wp-json\/wp\/v2\/product"}],"about":[{"href":"https:\/\/conexmetals.com\/de\/wp-json\/wp\/v2\/types\/product"}],"wp:featuredmedia":[{"embeddable":true,"href":"https:\/\/conexmetals.com\/de\/wp-json\/wp\/v2\/media\/7128"}],"wp:attachment":[{"href":"https:\/\/conexmetals.com\/de\/wp-json\/wp\/v2\/media?parent=11916"}],"wp:term":[{"taxonomy":"product_brand","embeddable":true,"href":"https:\/\/conexmetals.com\/de\/wp-json\/wp\/v2\/product_brand?post=11916"},{"taxonomy":"product_cat","embeddable":true,"href":"https:\/\/conexmetals.com\/de\/wp-json\/wp\/v2\/product_cat?post=11916"},{"taxonomy":"product_tag","embeddable":true,"href":"https:\/\/conexmetals.com\/de\/wp-json\/wp\/v2\/product_tag?post=11916"}],"curies":[{"name":"wp","href":"https:\/\/api.w.org\/{rel}","templated":true}]}}