{"id":11943,"date":"2023-08-17T12:16:44","date_gmt":"2023-08-17T06:46:44","guid":{"rendered":"https:\/\/conexmetals.com\/?post_type=product&#038;p=11943"},"modified":"2024-10-25T14:55:11","modified_gmt":"2024-10-25T09:25:11","slug":"messingverschraubungen-fuer-flexible-leitungen","status":"publish","type":"product","link":"https:\/\/conexmetals.com\/de\/produkt\/messingverschraubungen-fuer-flexible-leitungen\/","title":{"rendered":"Messingverschraubungen f\u00fcr flexible Leitungen"},"content":{"rendered":"","protected":false},"excerpt":{"rendered":"<div class=\"elementor-element elementor-element-672075d elementor-widget__width-initial e-transform elementor-widget-mobile__width-initial elementor-widget elementor-widget-woocommerce-product-images\" data-id=\"672075d\" data-element_type=\"widget\" data-settings=\"{&quot;_transform_scale_effect&quot;:{&quot;unit&quot;:&quot;px&quot;,&quot;size&quot;:1,&quot;sizes&quot;:[]},&quot;_transform_scale_effect_tablet&quot;:{&quot;unit&quot;:&quot;px&quot;,&quot;size&quot;:&quot;&quot;,&quot;sizes&quot;:[]},&quot;_transform_scale_effect_mobile&quot;:{&quot;unit&quot;:&quot;px&quot;,&quot;size&quot;:&quot;&quot;,&quot;sizes&quot;:[]}}\" data-widget_type=\"woocommerce-product-images.default\">\n<div class=\"elementor-widget-container\">\n<div class=\"woocommerce-product-gallery woocommerce-product-gallery--with-images woocommerce-product-gallery--columns-4 images\" data-columns=\"4\">\n<div class=\"woocommerce-product-gallery__wrapper\">\n<div class=\"woocommerce-product-gallery__image\" data-thumb=\"https:\/\/conexmetals.com\/wp-content\/uploads\/2023\/08\/Brass-Conduit-Fittings-100x100.png\" data-thumb-alt=\"Brass Fittings for Flexible Conduits\" data-thumb-srcset=\"https:\/\/conexmetals.com\/wp-content\/uploads\/2023\/08\/Brass-Conduit-Fittings-100x100.png 100w, https:\/\/conexmetals.com\/wp-content\/uploads\/2023\/08\/Brass-Conduit-Fittings-300x300.png 300w, https:\/\/conexmetals.com\/wp-content\/uploads\/2023\/08\/Brass-Conduit-Fittings-150x150.png 150w, https:\/\/conexmetals.com\/wp-content\/uploads\/2023\/08\/Brass-Conduit-Fittings.png 350w\"><\/div>\n<\/div>\n<\/div>\n<\/div>\n<\/div>\n<div class=\"elementor-element elementor-element-36d2ab8 elementor-widget elementor-widget-woocommerce-product-short-description\" data-id=\"36d2ab8\" data-element_type=\"widget\" data-widget_type=\"woocommerce-product-short-description.default\">\n<div class=\"elementor-widget-container\">\n<div class=\"woocommerce-product-details__short-description\">\n<p>Messingarmaturen f\u00fcr flexible Leitungen sind Spezialkomponenten, die in Elektroinstallationen zum Verbinden und Sichern flexibler Leitungen verwendet werden. Diese Armaturen sind speziell f\u00fcr die Verwendung mit flexiblen Leitungen konzipiert, die im Vergleich zu starren Metallleitungen biegsamer und anpassungsf\u00e4higer sind. Messing wird aufgrund seiner hervorragenden elektrischen Leitf\u00e4higkeit, Korrosionsbest\u00e4ndigkeit und mechanischen Festigkeit als Material f\u00fcr diese Armaturen gew\u00e4hlt.<\/p>\n<p>Zu den g\u00e4ngigen Arten von Messing-Rohrverbindungsst\u00fccken f\u00fcr flexible Rohre geh\u00f6ren:<\/p>\n<ol>\n<li><b><\/b><strong><b>Messing-Rohrverbinder:<\/b><\/strong>\u00a0Diese Armaturen werden verwendet, um die Enden flexibler Rohre miteinander oder mit Anschlussk\u00e4sten, Geh\u00e4usen oder anderen elektrischen Ger\u00e4ten zu verbinden. Sie bieten eine sichere und zuverl\u00e4ssige Verbindung und stellen sicher, dass das Rohr ordnungsgem\u00e4\u00df verlegt und gesch\u00fctzt bleibt.<\/li>\n<li><b><\/b><strong><b>Messing-Rohradapter:<\/b><\/strong>\u00a0Messingadapter werden zum \u00dcbergang zwischen flexiblen Rohren unterschiedlicher Gr\u00f6\u00dfe oder Art oder zum Verbinden flexibler Rohre mit starren Rohrverbindungen verwendet. Sie erm\u00f6glichen Flexibilit\u00e4t im Rohrsystem und gew\u00e4hrleisten gleichzeitig die Kompatibilit\u00e4t mit verschiedenen Komponenten.<\/li>\n<li><b><\/b><strong><b>Messing-Rohrbogen:<\/b><\/strong>\u00a0Diese Armaturen sind so konzipiert, dass sie die Richtung des flexiblen Rohrs \u00e4ndern, sodass es um Hindernisse herumgef\u00fchrt oder sanft gebogen werden kann. Messing-Rohrbogen sorgen daf\u00fcr, dass das Rohr seine Flexibilit\u00e4t beh\u00e4lt und dennoch eine sichere Verbindung gew\u00e4hrleistet.<\/li>\n<li><b><\/b><strong><b>Messing-Rohrkupplungen:<\/b><\/strong>\u00a0Kupplungen werden verwendet, um zwei flexible Rohrst\u00fccke gleicher Gr\u00f6\u00dfe zu verbinden. Sie bieten eine sichere Verbindung, die die Kontinuit\u00e4t des Rohrsystems aufrechterh\u00e4lt.<\/li>\n<li><b><\/b><strong><b>Messing-Kontermuttern f\u00fcr Rohrleitungen:<\/b><\/strong>\u00a0Kontermuttern werden verwendet, um flexible Rohrleitungsverbinder an Anschlussk\u00e4sten oder Geh\u00e4usen zu befestigen. Sie sorgen daf\u00fcr, dass die Verbindungen fest an ihrem Platz bleiben.<\/li>\n<li><b><\/b><strong><b>Messing-Rohrdurchf\u00fchrungen:<\/b><\/strong>\u00a0Durchf\u00fchrungen werden verwendet, um die Kanten der flexiblen Rohre und Dr\u00e4hte\/Kabel beim Eintritt in Anschlussk\u00e4sten oder Geh\u00e4use zu sch\u00fctzen. Sie verhindern, dass scharfe Kanten die Isolierung der Dr\u00e4hte besch\u00e4digen.<\/li>\n<\/ol>\n<p>Messingarmaturen f\u00fcr flexible Leitungen werden h\u00e4ufig in einer Vielzahl von elektrischen Anlagen verwendet, darunter in Wohn-, Gewerbe- und Industrieanwendungen. Sie bieten Flexibilit\u00e4t und einfache Installation und eignen sich daher f\u00fcr Anwendungen, bei denen die Verwendung starrer Metallleitungen schwierig sein kann.<\/p>\n<p>Bei der Verwendung von Messingarmaturen f\u00fcr flexible Leitungen ist es wichtig, die geeignete Armatur auszuw\u00e4hlen, die der Gr\u00f6\u00dfe und dem Typ der verwendeten flexiblen Leitung entspricht.<\/p>\n<p>&nbsp;<\/p>\n<p>Flexible Rohrverbinder und Rohradapter aus Messing<\/p>\n<p>(Innen- und Au\u00dfenanschl\u00fcsse f\u00fcr m\u00e4nnliche und weibliche Leitungen)<\/p>\n<p><strong>Material:<\/strong><br \/>\nMessing gem\u00e4\u00df BS 2874.<\/p>\n<p><strong>Oberfl\u00e4che : vernickelt<br \/>\n<\/strong>.<\/p>\n<p><strong>Gewinde<br \/>\n<\/strong>metrisch \/ PG \/ Imperial.<\/p>\n<p>&nbsp;<\/p>\n<p><strong>Flexible Rohrverbinder aus Messing (m\u00e4nnlich und weiblich)\u00a0 \u00a0 \u00a0 \u00a0<\/strong><\/p>\n<p>2-teilige vernickelte Verbindungsst\u00fccke, geeignet f\u00fcr PVC-\/Stahlrohre. Erh\u00e4ltlich in fester und drehbarer Ausf\u00fchrung.<\/p>\n<table id=\"tablepress-231\" class=\"tablepress tablepress-id-231\">\n<caption>\u00a0<\/caption>\n<thead>\n<tr class=\"row-1 odd\">\n<th class=\"column-1\" colspan=\"2\">Flexible Rohrverbinder aus Messing (m\u00e4nnlich und weiblich)<\/th>\n<\/tr>\n<\/thead>\n<tbody class=\"row-hover\">\n<tr class=\"row-2 even\">\n<td class=\"column-1\"><strong>Flexibler Schlauch<\/strong><\/td>\n<td class=\"column-2\"><strong>Starre Leitung<\/strong><\/td>\n<\/tr>\n<tr class=\"row-3 odd\">\n<td class=\"column-1\">12 mm x 16 mm<\/td>\n<td class=\"column-2\">CF 12 \/ CS 12<\/td>\n<\/tr>\n<tr class=\"row-4 even\">\n<td class=\"column-1\">16 mm x 20 mm<\/td>\n<td class=\"column-2\">CF 13 \/ CS 13<\/td>\n<\/tr>\n<tr class=\"row-5 odd\">\n<td class=\"column-1\">20 mm x 20 mm<\/td>\n<td class=\"column-2\">CF 14 \/ CS 14<\/td>\n<\/tr>\n<tr class=\"row-6 even\">\n<td class=\"column-1\">25 mm x 25 mm<\/td>\n<td class=\"column-2\">CF 15 \/ CS 15<\/td>\n<\/tr>\n<tr class=\"row-7 odd\">\n<td class=\"column-1\">32 mm x 32 mm<\/td>\n<td class=\"column-2\">CF 16 \/ CS 16<\/td>\n<\/tr>\n<tr class=\"row-8 even\">\n<td class=\"column-1\">40 mm x 40 mm<\/td>\n<td class=\"column-2\">CF 17 \/ CS 17<\/td>\n<\/tr>\n<tr class=\"row-9 odd\">\n<td class=\"column-1\">50 mm x 50 mm<\/td>\n<td class=\"column-2\">CF 18 \/ CS 18<\/td>\n<\/tr>\n<\/tbody>\n<\/table>\n<p><strong>Flexible Rohradapter aus Messing (m\u00e4nnlich und weiblich)\u00a0\u00a0\u00a0\u00a0<\/strong><\/p>\n<p>Einteiliger Messingadapter, geeignet f\u00fcr Stahl-\/PVC-Rohre.<\/p>\n<table id=\"tablepress-230\" class=\"tablepress tablepress-id-230\">\n<caption>\u00a0<\/caption>\n<thead>\n<tr class=\"row-1 odd\">\n<th class=\"column-1\" colspan=\"3\">Flexible Rohradapter aus Messing (m\u00e4nnlich und weiblich)<\/th>\n<\/tr>\n<\/thead>\n<tbody class=\"row-hover\">\n<tr class=\"row-2 even\">\n<td class=\"column-1\"><strong>Flexibler Schlauch<\/strong><\/td>\n<td class=\"column-2\"><strong>Starre Leitung<\/strong><\/td>\n<td class=\"column-3\"><strong>Code-Nr.<\/strong><\/td>\n<\/tr>\n<tr class=\"row-3 odd\">\n<td class=\"column-1\">5\/8&#8243; (16 mm)<\/td>\n<td class=\"column-2\">3\/4&#8243; (20 mm)<\/td>\n<td class=\"column-3\">CA 12<\/td>\n<\/tr>\n<tr class=\"row-4 even\">\n<td class=\"column-1\">3\/4&#8243; (20 mm)<\/td>\n<td class=\"column-2\">3\/4&#8243; (20 mm)<\/td>\n<td class=\"column-3\">CA 13<\/td>\n<\/tr>\n<tr class=\"row-5 odd\">\n<td class=\"column-1\">3\/4&#8243; (20 mm)<\/td>\n<td class=\"column-2\">1&#8243; (25 mm)<\/td>\n<td class=\"column-3\">CA 14<\/td>\n<\/tr>\n<tr class=\"row-6 even\">\n<td class=\"column-1\">1&#8243; (25 mm)<\/td>\n<td class=\"column-2\">1&#8243; (25 mm)<\/td>\n<td class=\"column-3\">CA 15<\/td>\n<\/tr>\n<tr class=\"row-7 odd\">\n<td class=\"column-1\">1 1\/4&#8243; (32 mm)<\/td>\n<td class=\"column-2\">1 1\/4&#8243; (32 mm)<\/td>\n<td class=\"column-3\">CA 16<\/td>\n<\/tr>\n<tr class=\"row-8 even\">\n<td class=\"column-1\">1 1\/2&#8243; (40 mm)<\/td>\n<td class=\"column-2\">1 1\/2&#8243; (40 mm)<\/td>\n<td class=\"column-3\">CA 17<\/td>\n<\/tr>\n<tr class=\"row-9 odd\">\n<td class=\"column-1\">2&#8243; (50 mm)<\/td>\n<td class=\"column-2\">2&#8243; (50 mm)<\/td>\n<td class=\"column-3\">CA 18<\/td>\n<\/tr>\n<\/tbody>\n<\/table>\n<p>&nbsp;<\/p>\n<p><strong>Messing-Au\u00dfen- und Innenbuchsen \/ Schlitzstopfen<\/strong><\/p>\n<p><strong>Material:<br \/>\n<\/strong>Messing gem\u00e4\u00df BS 2874.<\/p>\n<p><strong>Messing- Finish\u00a0\u00a0<\/strong><br \/>\nwie Natur.<\/p>\n<p><strong>Gr\u00f6\u00dfen:\u00a0\u00a0<\/strong><br \/>\nmetrisch, 20 mm bis 50 mm (kurzes und langes Muster)<\/p>\n<p><strong>Imperial<br \/>\n<\/strong>3 \/ 4 bis 2\u2033 (kurzes und langes Muster)<\/p>\n<p><strong>Gewinde\u00a0\u00a0\u00a0\u00a0\u00a0\u00a0\u00a0\u00a0\u00a0\u00a0<\/strong><br \/>\nmetrisch \/ PG \/ Imperial.<\/p>\n<p>&nbsp;<\/p>\n<p><strong>45 \u00b0- und 90 \u00b0-Anschl\u00fcsse f\u00fcr fl\u00fcssigkeitsdichte, spiralf\u00f6rmige und biegsame Messingrohrleitungen<\/strong><\/p>\n<p><strong>Merkmale:<\/strong>\u00a0\u00a0 Einteiliges Druckgussteil, bearbeitet mit oder ohne Kunststoffdichtung, um eine h\u00f6here IP-Schutzart zu gew\u00e4hrleisten. Die Gr\u00f6\u00dfen variieren und wir k\u00f6nnen speziell nach Kundenwunsch fertigen, erh\u00e4ltlich mit Kontermuttern.<\/p>\n<p><strong>Oberfl\u00e4che: vernickelt<\/strong><br \/>\noder verchromt.<\/p>\n<\/div>\n<\/div>\n<\/div>\n","protected":false},"featured_media":7618,"template":"","meta":[],"product_brand":[],"product_cat":[396],"product_tag":[],"class_list":{"0":"post-11943","1":"product","2":"type-product","3":"status-publish","4":"has-post-thumbnail","6":"product_cat-messingrohrfittings","8":"first","9":"instock","10":"shipping-taxable","11":"product-type-simple"},"yoast_head":"<!-- This site is optimized with the Yoast SEO plugin v27.3 - https:\/\/yoast.com\/product\/yoast-seo-wordpress\/ -->\n<title>Messingverschraubungen f\u00fcr flexible Leitungen<\/title>\n<meta name=\"description\" content=\"Conex stellt Messingarmaturen f\u00fcr flexible Leitungen her und exportiert sie, darunter Metall- und PVC-Leitungssysteme. Unser Produktsortiment umfasst flexible elektrische Leitungen, GI-flexible Leitungen und fl\u00fcssigkeitsdichte Leitungen. Unsere Armaturen sind auf Langlebigkeit und einfache Installation ausgelegt und gew\u00e4hrleisten sichere Verbindungen f\u00fcr flexible Leitungssysteme.\" \/>\n<meta name=\"robots\" content=\"index, follow, max-snippet:-1, max-image-preview:large, max-video-preview:-1\" \/>\n<link rel=\"canonical\" href=\"https:\/\/conexmetals.com\/de\/produkt\/messingverschraubungen-fuer-flexible-leitungen\/\" \/>\n<script type=\"application\/ld+json\" class=\"yoast-schema-graph\">{\"@context\":\"https:\\\/\\\/schema.org\",\"@graph\":[{\"@type\":\"WebPage\",\"@id\":\"https:\\\/\\\/conexmetals.com\\\/de\\\/produkt\\\/messingverschraubungen-fuer-flexible-leitungen\\\/\",\"url\":\"https:\\\/\\\/conexmetals.com\\\/de\\\/produkt\\\/messingverschraubungen-fuer-flexible-leitungen\\\/\",\"name\":\"Messingverschraubungen f\u00fcr flexible Leitungen\",\"isPartOf\":{\"@id\":\"https:\\\/\\\/conexmetals.com\\\/de\\\/#website\"},\"primaryImageOfPage\":{\"@id\":\"https:\\\/\\\/conexmetals.com\\\/de\\\/produkt\\\/messingverschraubungen-fuer-flexible-leitungen\\\/#primaryimage\"},\"image\":{\"@id\":\"https:\\\/\\\/conexmetals.com\\\/de\\\/produkt\\\/messingverschraubungen-fuer-flexible-leitungen\\\/#primaryimage\"},\"thumbnailUrl\":\"https:\\\/\\\/conexmetals.com\\\/wp-content\\\/uploads\\\/2024\\\/10\\\/Messing-Leitungsbeschlage.png\",\"datePublished\":\"2023-08-17T06:46:44+00:00\",\"dateModified\":\"2024-10-25T09:25:11+00:00\",\"description\":\"Conex stellt Messingarmaturen f\u00fcr flexible Leitungen her und exportiert sie, darunter Metall- und PVC-Leitungssysteme. Unser Produktsortiment umfasst flexible elektrische Leitungen, GI-flexible Leitungen und fl\u00fcssigkeitsdichte Leitungen. Unsere Armaturen sind auf Langlebigkeit und einfache Installation ausgelegt und gew\u00e4hrleisten sichere Verbindungen f\u00fcr flexible Leitungssysteme.\",\"breadcrumb\":{\"@id\":\"https:\\\/\\\/conexmetals.com\\\/de\\\/produkt\\\/messingverschraubungen-fuer-flexible-leitungen\\\/#breadcrumb\"},\"inLanguage\":\"de\",\"potentialAction\":[{\"@type\":\"ReadAction\",\"target\":[\"https:\\\/\\\/conexmetals.com\\\/de\\\/produkt\\\/messingverschraubungen-fuer-flexible-leitungen\\\/\"]}]},{\"@type\":\"ImageObject\",\"inLanguage\":\"de\",\"@id\":\"https:\\\/\\\/conexmetals.com\\\/de\\\/produkt\\\/messingverschraubungen-fuer-flexible-leitungen\\\/#primaryimage\",\"url\":\"https:\\\/\\\/conexmetals.com\\\/wp-content\\\/uploads\\\/2024\\\/10\\\/Messing-Leitungsbeschlage.png\",\"contentUrl\":\"https:\\\/\\\/conexmetals.com\\\/wp-content\\\/uploads\\\/2024\\\/10\\\/Messing-Leitungsbeschlage.png\",\"width\":300,\"height\":300,\"caption\":\"Messing-Leitungsbeschl\u00e4ge\"},{\"@type\":\"BreadcrumbList\",\"@id\":\"https:\\\/\\\/conexmetals.com\\\/de\\\/produkt\\\/messingverschraubungen-fuer-flexible-leitungen\\\/#breadcrumb\",\"itemListElement\":[{\"@type\":\"ListItem\",\"position\":1,\"name\":\"Home\",\"item\":\"https:\\\/\\\/conexmetals.com\\\/de\\\/heim\\\/\"},{\"@type\":\"ListItem\",\"position\":2,\"name\":\"Products\",\"item\":\"https:\\\/\\\/conexmetals.com\\\/products\\\/\"},{\"@type\":\"ListItem\",\"position\":3,\"name\":\"Messingverschraubungen f\u00fcr flexible Leitungen\"}]},{\"@type\":\"WebSite\",\"@id\":\"https:\\\/\\\/conexmetals.com\\\/de\\\/#website\",\"url\":\"https:\\\/\\\/conexmetals.com\\\/de\\\/\",\"name\":\"Conex Metals Brass Fittings Brass Parts Copper Parts Brass Components Brass Plumbing Fittings India\",\"description\":\"Manufacturer of Bronze Fittings casting Copper Brass parts components\",\"publisher\":{\"@id\":\"https:\\\/\\\/conexmetals.com\\\/de\\\/#organization\"},\"potentialAction\":[{\"@type\":\"SearchAction\",\"target\":{\"@type\":\"EntryPoint\",\"urlTemplate\":\"https:\\\/\\\/conexmetals.com\\\/de\\\/?s={search_term_string}\"},\"query-input\":{\"@type\":\"PropertyValueSpecification\",\"valueRequired\":true,\"valueName\":\"search_term_string\"}}],\"inLanguage\":\"de\"},{\"@type\":\"Organization\",\"@id\":\"https:\\\/\\\/conexmetals.com\\\/de\\\/#organization\",\"name\":\"Conex Metals Brass Fittings Brass Parts Copper Parts Brass Components Brass Plumbing Fittings India\",\"url\":\"https:\\\/\\\/conexmetals.com\\\/de\\\/\",\"logo\":{\"@type\":\"ImageObject\",\"inLanguage\":\"de\",\"@id\":\"https:\\\/\\\/conexmetals.com\\\/de\\\/#\\\/schema\\\/logo\\\/image\\\/\",\"url\":\"https:\\\/\\\/conexmetals.com\\\/wp-content\\\/uploads\\\/2024\\\/03\\\/conex-metals-logo.webp\",\"contentUrl\":\"https:\\\/\\\/conexmetals.com\\\/wp-content\\\/uploads\\\/2024\\\/03\\\/conex-metals-logo.webp\",\"width\":300,\"height\":121,\"caption\":\"Conex Metals Brass Fittings Brass Parts Copper Parts Brass Components Brass Plumbing Fittings India\"},\"image\":{\"@id\":\"https:\\\/\\\/conexmetals.com\\\/de\\\/#\\\/schema\\\/logo\\\/image\\\/\"},\"sameAs\":[\"https:\\\/\\\/www.facebook.com\\\/conexbrass\",\"https:\\\/\\\/x.com\\\/conexindia\",\"https:\\\/\\\/www.linkedin.com\\\/company\\\/conex-metals-india\\\/\",\"https:\\\/\\\/www.instagram.com\\\/conexindia\\\/\"]}]}<\/script>\n<!-- \/ Yoast SEO plugin. -->","yoast_head_json":{"title":"Messingverschraubungen f\u00fcr flexible Leitungen","description":"Conex stellt Messingarmaturen f\u00fcr flexible Leitungen her und exportiert sie, darunter Metall- und PVC-Leitungssysteme. Unser Produktsortiment umfasst flexible elektrische Leitungen, GI-flexible Leitungen und fl\u00fcssigkeitsdichte Leitungen. Unsere Armaturen sind auf Langlebigkeit und einfache Installation ausgelegt und gew\u00e4hrleisten sichere Verbindungen f\u00fcr flexible Leitungssysteme.","robots":{"index":"index","follow":"follow","max-snippet":"max-snippet:-1","max-image-preview":"max-image-preview:large","max-video-preview":"max-video-preview:-1"},"canonical":"https:\/\/conexmetals.com\/de\/produkt\/messingverschraubungen-fuer-flexible-leitungen\/","schema":{"@context":"https:\/\/schema.org","@graph":[{"@type":"WebPage","@id":"https:\/\/conexmetals.com\/de\/produkt\/messingverschraubungen-fuer-flexible-leitungen\/","url":"https:\/\/conexmetals.com\/de\/produkt\/messingverschraubungen-fuer-flexible-leitungen\/","name":"Messingverschraubungen f\u00fcr flexible Leitungen","isPartOf":{"@id":"https:\/\/conexmetals.com\/de\/#website"},"primaryImageOfPage":{"@id":"https:\/\/conexmetals.com\/de\/produkt\/messingverschraubungen-fuer-flexible-leitungen\/#primaryimage"},"image":{"@id":"https:\/\/conexmetals.com\/de\/produkt\/messingverschraubungen-fuer-flexible-leitungen\/#primaryimage"},"thumbnailUrl":"https:\/\/conexmetals.com\/wp-content\/uploads\/2024\/10\/Messing-Leitungsbeschlage.png","datePublished":"2023-08-17T06:46:44+00:00","dateModified":"2024-10-25T09:25:11+00:00","description":"Conex stellt Messingarmaturen f\u00fcr flexible Leitungen her und exportiert sie, darunter Metall- und PVC-Leitungssysteme. Unser Produktsortiment umfasst flexible elektrische Leitungen, GI-flexible Leitungen und fl\u00fcssigkeitsdichte Leitungen. Unsere Armaturen sind auf Langlebigkeit und einfache Installation ausgelegt und gew\u00e4hrleisten sichere Verbindungen f\u00fcr flexible Leitungssysteme.","breadcrumb":{"@id":"https:\/\/conexmetals.com\/de\/produkt\/messingverschraubungen-fuer-flexible-leitungen\/#breadcrumb"},"inLanguage":"de","potentialAction":[{"@type":"ReadAction","target":["https:\/\/conexmetals.com\/de\/produkt\/messingverschraubungen-fuer-flexible-leitungen\/"]}]},{"@type":"ImageObject","inLanguage":"de","@id":"https:\/\/conexmetals.com\/de\/produkt\/messingverschraubungen-fuer-flexible-leitungen\/#primaryimage","url":"https:\/\/conexmetals.com\/wp-content\/uploads\/2024\/10\/Messing-Leitungsbeschlage.png","contentUrl":"https:\/\/conexmetals.com\/wp-content\/uploads\/2024\/10\/Messing-Leitungsbeschlage.png","width":300,"height":300,"caption":"Messing-Leitungsbeschl\u00e4ge"},{"@type":"BreadcrumbList","@id":"https:\/\/conexmetals.com\/de\/produkt\/messingverschraubungen-fuer-flexible-leitungen\/#breadcrumb","itemListElement":[{"@type":"ListItem","position":1,"name":"Home","item":"https:\/\/conexmetals.com\/de\/heim\/"},{"@type":"ListItem","position":2,"name":"Products","item":"https:\/\/conexmetals.com\/products\/"},{"@type":"ListItem","position":3,"name":"Messingverschraubungen f\u00fcr flexible Leitungen"}]},{"@type":"WebSite","@id":"https:\/\/conexmetals.com\/de\/#website","url":"https:\/\/conexmetals.com\/de\/","name":"Conex Metals Brass Fittings Brass Parts Copper Parts Brass Components Brass Plumbing Fittings India","description":"Manufacturer of Bronze Fittings casting Copper Brass parts components","publisher":{"@id":"https:\/\/conexmetals.com\/de\/#organization"},"potentialAction":[{"@type":"SearchAction","target":{"@type":"EntryPoint","urlTemplate":"https:\/\/conexmetals.com\/de\/?s={search_term_string}"},"query-input":{"@type":"PropertyValueSpecification","valueRequired":true,"valueName":"search_term_string"}}],"inLanguage":"de"},{"@type":"Organization","@id":"https:\/\/conexmetals.com\/de\/#organization","name":"Conex Metals Brass Fittings Brass Parts Copper Parts Brass Components Brass Plumbing Fittings India","url":"https:\/\/conexmetals.com\/de\/","logo":{"@type":"ImageObject","inLanguage":"de","@id":"https:\/\/conexmetals.com\/de\/#\/schema\/logo\/image\/","url":"https:\/\/conexmetals.com\/wp-content\/uploads\/2024\/03\/conex-metals-logo.webp","contentUrl":"https:\/\/conexmetals.com\/wp-content\/uploads\/2024\/03\/conex-metals-logo.webp","width":300,"height":121,"caption":"Conex Metals Brass Fittings Brass Parts Copper Parts Brass Components Brass Plumbing Fittings India"},"image":{"@id":"https:\/\/conexmetals.com\/de\/#\/schema\/logo\/image\/"},"sameAs":["https:\/\/www.facebook.com\/conexbrass","https:\/\/x.com\/conexindia","https:\/\/www.linkedin.com\/company\/conex-metals-india\/","https:\/\/www.instagram.com\/conexindia\/"]}]}},"_links":{"self":[{"href":"https:\/\/conexmetals.com\/de\/wp-json\/wp\/v2\/product\/11943","targetHints":{"allow":["GET"]}}],"collection":[{"href":"https:\/\/conexmetals.com\/de\/wp-json\/wp\/v2\/product"}],"about":[{"href":"https:\/\/conexmetals.com\/de\/wp-json\/wp\/v2\/types\/product"}],"wp:featuredmedia":[{"embeddable":true,"href":"https:\/\/conexmetals.com\/de\/wp-json\/wp\/v2\/media\/7618"}],"wp:attachment":[{"href":"https:\/\/conexmetals.com\/de\/wp-json\/wp\/v2\/media?parent=11943"}],"wp:term":[{"taxonomy":"product_brand","embeddable":true,"href":"https:\/\/conexmetals.com\/de\/wp-json\/wp\/v2\/product_brand?post=11943"},{"taxonomy":"product_cat","embeddable":true,"href":"https:\/\/conexmetals.com\/de\/wp-json\/wp\/v2\/product_cat?post=11943"},{"taxonomy":"product_tag","embeddable":true,"href":"https:\/\/conexmetals.com\/de\/wp-json\/wp\/v2\/product_tag?post=11943"}],"curies":[{"name":"wp","href":"https:\/\/api.w.org\/{rel}","templated":true}]}}