{"id":11947,"date":"2023-08-17T12:12:14","date_gmt":"2023-08-17T06:42:14","guid":{"rendered":"https:\/\/conexmetals.com\/?post_type=product&#038;p=11947"},"modified":"2024-10-25T15:43:57","modified_gmt":"2024-10-25T10:13:57","slug":"messing-aussen-und-innenbuchsen-mit-schlitzstopfen","status":"publish","type":"product","link":"https:\/\/conexmetals.com\/de\/produkt\/messing-aussen-und-innenbuchsen-mit-schlitzstopfen\/","title":{"rendered":"Messing-Au\u00dfen- und Innenbuchsen mit Schlitzstopfen"},"content":{"rendered":"","protected":false},"excerpt":{"rendered":"<table id=\"tablepress-380\" class=\"tablepress tablepress-id-380\">\n<caption>\u00a0<\/caption>\n<thead>\n<tr class=\"row-1 odd\">\n<th class=\"column-1\" colspan=\"2\"><strong><span>Schlitzstopfen aus Messing f\u00fcr m\u00e4nnliche und weibliche Buchsen<\/span><\/strong><\/th>\n<\/tr>\n<\/thead>\n<tbody class=\"row-hover\">\n<tr class=\"row-2 even\">\n<td class=\"column-1\"><strong><span>Material\u00a0\u00a0<\/span><\/strong><\/td>\n<td class=\"column-2\"><span>Messing nach BS 2874<\/span><\/td>\n<\/tr>\n<tr class=\"row-3 odd\">\n<td class=\"column-1\"><strong><span>Beenden<\/span><\/strong><\/td>\n<td class=\"column-2\"><span>Messing-Stecker\/Buchsen und Schlitz-Messing-Stecker, Leitungsverschraubung in Naturoptik erh\u00e4ltlich<\/span><\/td>\n<\/tr>\n<tr class=\"row-4 even\">\n<td class=\"column-1\"><strong><span>Gr\u00f6\u00dfen<\/span><\/strong><\/td>\n<td class=\"column-2\"><span>Metrisch 20 mm 25 mm 32 mm 40 mm 50 mm 11\/2\u2033 2\u2033 (kurzes und langes Muster)<\/span><\/td>\n<\/tr>\n<tr class=\"row-5 odd\">\n<td class=\"column-1\"><strong><span>Themen<\/span><\/strong><\/td>\n<td class=\"column-2\"><span>Metrische\/PG\/Imperial BS-Rohrgewindebuchsen-Anschl\u00fcsse erh\u00e4ltlich in Messing-Rohrgewindebuchsen<\/span><\/td>\n<\/tr>\n<\/tbody>\n<\/table>\n<p><span>Schlitzstopfen aus Messing mit m\u00e4nnlichen und weiblichen Buchsen sind spezielle Armaturen, die in elektrischen Leitungssystemen verwendet werden, um die Enden von Leitungen abzuschlie\u00dfen oder zu verschlie\u00dfen. Sie bestehen aus Messing, einem Metall, das f\u00fcr seine hervorragende elektrische Leitf\u00e4higkeit, Korrosionsbest\u00e4ndigkeit und mechanische Festigkeit bekannt ist.<\/span><\/p>\n<p><span>Lassen Sie uns die einzelnen Komponenten aufschl\u00fcsseln:<\/span><\/p>\n<ol>\n<li><b><\/b><strong><b><span>Messing-Rohrbuchsen (m\u00e4nnlich und weiblich):<\/span><\/b><\/strong><span>\u00a0Messing-Rohrbuchsen sind Anschl\u00fcsse, die einen glatten und abgerundeten Eintrittspunkt f\u00fcr elektrische Dr\u00e4hte oder Kabel in ein Rohr bieten. Sie werden am Ende des Rohrs installiert und helfen, die Dr\u00e4hte vor scharfen Kanten zu sch\u00fctzen und Sch\u00e4den an der Isolierung w\u00e4hrend des Einf\u00fchrens zu verhindern.<\/span>\n<ul>\n<li><b><\/b><strong><b><span>Messing-Au\u00dfengewindebuchsen f\u00fcr Rohrleitungen:<\/span><\/b><\/strong><span>\u00a0Dies sind Anschl\u00fcsse mit Au\u00dfengewinde, die in die Innengewinde der Rohrleitung eingesetzt werden. Die Au\u00dfengewindebuchse bietet eine Gewinde\u00f6ffnung zum Anbringen von Rohrleitungsverbindern, Kupplungen oder anderen Anschl\u00fcssen.<\/span><\/li>\n<li><b><\/b><strong><b><span>Messing-Innengewindebuchsen f\u00fcr Rohrleitungen:<\/span><\/b><\/strong><span>\u00a0Dies sind Armaturen mit Innengewinde, die f\u00fcr die Aufnahme der Au\u00dfengewinde der Rohrleitung oder anderer Armaturen ausgelegt sind. Die Innengewindebuchse bietet eine sichere Gewindeverbindung zum Anbringen von Rohrleitungsverbindern, Kupplungen oder anderen Komponenten.<\/span><\/li>\n<\/ul>\n<\/li>\n<li><b><\/b><strong><b><span>Schlitzstopfen aus Messing f\u00fcr Leitungen:<\/span><\/b><\/strong><span>\u00a0Schlitzstopfen aus Messing f\u00fcr Leitungen werden verwendet, um die Enden von Leitungen zu verschlie\u00dfen und das Eindringen von Staub, Schmutz oder Feuchtigkeit zu verhindern. Diese Stopfen haben einen Schlitz- oder Flachkopf, der mit einem Schraubendreher leicht festgezogen oder entfernt werden kann.<\/span><\/li>\n<\/ol>\n<p><span>Diese Messingrohrverschraubungen werden h\u00e4ufig in elektrischen Rohrsystemen f\u00fcr Innen- und Au\u00dfenanwendungen verwendet. Sie tragen zur Aufrechterhaltung der Integrit\u00e4t des Rohrs bei, indem sie sichere und gesch\u00fctzte Eintrittspunkte f\u00fcr Dr\u00e4hte oder Kabel bieten und offene Rohrenden abdichten, um das Eindringen von Verunreinigungen zu verhindern.<\/span><\/p>\n<p><span>Bei der Installation von m\u00e4nnlichen und weiblichen Buchsen und Schlitzstopfen f\u00fcr Messingrohre ist es wichtig, die richtige Gr\u00f6\u00dfe und Kompatibilit\u00e4t mit dem verwendeten Rohr sicherzustellen.<\/span><\/p>\n","protected":false},"featured_media":7948,"template":"","meta":[],"product_brand":[],"product_cat":[396],"product_tag":[],"class_list":{"0":"post-11947","1":"product","2":"type-product","3":"status-publish","4":"has-post-thumbnail","6":"product_cat-messingrohrfittings","8":"first","9":"instock","10":"shipping-taxable","11":"product-type-simple"},"yoast_head":"<!-- This site is optimized with the Yoast SEO plugin v27.3 - https:\/\/yoast.com\/product\/yoast-seo-wordpress\/ -->\n<title>Messing-Au\u00dfen- und Innenbuchsen mit Schlitzstopfen<\/title>\n<meta name=\"description\" content=\"Conex bietet Messing-Buchsenstecker f\u00fcr m\u00e4nnliche und weibliche Anschl\u00fcsse sowie geschlitzte Stecker f\u00fcr Kabelkanalsysteme an. Unsere Produktpalette umfasst verschiedene Stecker und Buchsen, die sichere und zuverl\u00e4ssige Verbindungen gew\u00e4hrleisten. Diese hochwertigen Messingverschraubungen sorgen f\u00fcr die Integrit\u00e4t und Leistung von elektrischen Kabelkanalsystemen.\" \/>\n<meta name=\"robots\" content=\"index, follow, max-snippet:-1, max-image-preview:large, max-video-preview:-1\" \/>\n<link rel=\"canonical\" href=\"https:\/\/conexmetals.com\/de\/produkt\/messing-aussen-und-innenbuchsen-mit-schlitzstopfen\/\" \/>\n<script type=\"application\/ld+json\" class=\"yoast-schema-graph\">{\"@context\":\"https:\\\/\\\/schema.org\",\"@graph\":[{\"@type\":\"WebPage\",\"@id\":\"https:\\\/\\\/conexmetals.com\\\/de\\\/produkt\\\/messing-aussen-und-innenbuchsen-mit-schlitzstopfen\\\/\",\"url\":\"https:\\\/\\\/conexmetals.com\\\/de\\\/produkt\\\/messing-aussen-und-innenbuchsen-mit-schlitzstopfen\\\/\",\"name\":\"Messing-Au\u00dfen- und Innenbuchsen mit Schlitzstopfen\",\"isPartOf\":{\"@id\":\"https:\\\/\\\/conexmetals.com\\\/de\\\/#website\"},\"primaryImageOfPage\":{\"@id\":\"https:\\\/\\\/conexmetals.com\\\/de\\\/produkt\\\/messing-aussen-und-innenbuchsen-mit-schlitzstopfen\\\/#primaryimage\"},\"image\":{\"@id\":\"https:\\\/\\\/conexmetals.com\\\/de\\\/produkt\\\/messing-aussen-und-innenbuchsen-mit-schlitzstopfen\\\/#primaryimage\"},\"thumbnailUrl\":\"https:\\\/\\\/conexmetals.com\\\/wp-content\\\/uploads\\\/2024\\\/10\\\/Messing-Ausen-und-Innenbuchsen-mit-Schlitzstopfen.png\",\"datePublished\":\"2023-08-17T06:42:14+00:00\",\"dateModified\":\"2024-10-25T10:13:57+00:00\",\"description\":\"Conex bietet Messing-Buchsenstecker f\u00fcr m\u00e4nnliche und weibliche Anschl\u00fcsse sowie geschlitzte Stecker f\u00fcr Kabelkanalsysteme an. Unsere Produktpalette umfasst verschiedene Stecker und Buchsen, die sichere und zuverl\u00e4ssige Verbindungen gew\u00e4hrleisten. Diese hochwertigen Messingverschraubungen sorgen f\u00fcr die Integrit\u00e4t und Leistung von elektrischen Kabelkanalsystemen.\",\"breadcrumb\":{\"@id\":\"https:\\\/\\\/conexmetals.com\\\/de\\\/produkt\\\/messing-aussen-und-innenbuchsen-mit-schlitzstopfen\\\/#breadcrumb\"},\"inLanguage\":\"de\",\"potentialAction\":[{\"@type\":\"ReadAction\",\"target\":[\"https:\\\/\\\/conexmetals.com\\\/de\\\/produkt\\\/messing-aussen-und-innenbuchsen-mit-schlitzstopfen\\\/\"]}]},{\"@type\":\"ImageObject\",\"inLanguage\":\"de\",\"@id\":\"https:\\\/\\\/conexmetals.com\\\/de\\\/produkt\\\/messing-aussen-und-innenbuchsen-mit-schlitzstopfen\\\/#primaryimage\",\"url\":\"https:\\\/\\\/conexmetals.com\\\/wp-content\\\/uploads\\\/2024\\\/10\\\/Messing-Ausen-und-Innenbuchsen-mit-Schlitzstopfen.png\",\"contentUrl\":\"https:\\\/\\\/conexmetals.com\\\/wp-content\\\/uploads\\\/2024\\\/10\\\/Messing-Ausen-und-Innenbuchsen-mit-Schlitzstopfen.png\",\"width\":300,\"height\":300,\"caption\":\"Messing-Au\u00dfen- und Innenbuchsen mit Schlitzstopfen\"},{\"@type\":\"BreadcrumbList\",\"@id\":\"https:\\\/\\\/conexmetals.com\\\/de\\\/produkt\\\/messing-aussen-und-innenbuchsen-mit-schlitzstopfen\\\/#breadcrumb\",\"itemListElement\":[{\"@type\":\"ListItem\",\"position\":1,\"name\":\"Home\",\"item\":\"https:\\\/\\\/conexmetals.com\\\/de\\\/heim\\\/\"},{\"@type\":\"ListItem\",\"position\":2,\"name\":\"Products\",\"item\":\"https:\\\/\\\/conexmetals.com\\\/products\\\/\"},{\"@type\":\"ListItem\",\"position\":3,\"name\":\"Messing-Au\u00dfen- und Innenbuchsen mit Schlitzstopfen\"}]},{\"@type\":\"WebSite\",\"@id\":\"https:\\\/\\\/conexmetals.com\\\/de\\\/#website\",\"url\":\"https:\\\/\\\/conexmetals.com\\\/de\\\/\",\"name\":\"Conex Metals Brass Fittings Brass Parts Copper Parts Brass Components Brass Plumbing Fittings India\",\"description\":\"Manufacturer of Bronze Fittings casting Copper Brass parts components\",\"publisher\":{\"@id\":\"https:\\\/\\\/conexmetals.com\\\/de\\\/#organization\"},\"potentialAction\":[{\"@type\":\"SearchAction\",\"target\":{\"@type\":\"EntryPoint\",\"urlTemplate\":\"https:\\\/\\\/conexmetals.com\\\/de\\\/?s={search_term_string}\"},\"query-input\":{\"@type\":\"PropertyValueSpecification\",\"valueRequired\":true,\"valueName\":\"search_term_string\"}}],\"inLanguage\":\"de\"},{\"@type\":\"Organization\",\"@id\":\"https:\\\/\\\/conexmetals.com\\\/de\\\/#organization\",\"name\":\"Conex Metals Brass Fittings Brass Parts Copper Parts Brass Components Brass Plumbing Fittings India\",\"url\":\"https:\\\/\\\/conexmetals.com\\\/de\\\/\",\"logo\":{\"@type\":\"ImageObject\",\"inLanguage\":\"de\",\"@id\":\"https:\\\/\\\/conexmetals.com\\\/de\\\/#\\\/schema\\\/logo\\\/image\\\/\",\"url\":\"https:\\\/\\\/conexmetals.com\\\/wp-content\\\/uploads\\\/2024\\\/03\\\/conex-metals-logo.webp\",\"contentUrl\":\"https:\\\/\\\/conexmetals.com\\\/wp-content\\\/uploads\\\/2024\\\/03\\\/conex-metals-logo.webp\",\"width\":300,\"height\":121,\"caption\":\"Conex Metals Brass Fittings Brass Parts Copper Parts Brass Components Brass Plumbing Fittings India\"},\"image\":{\"@id\":\"https:\\\/\\\/conexmetals.com\\\/de\\\/#\\\/schema\\\/logo\\\/image\\\/\"},\"sameAs\":[\"https:\\\/\\\/www.facebook.com\\\/conexbrass\",\"https:\\\/\\\/x.com\\\/conexindia\",\"https:\\\/\\\/www.linkedin.com\\\/company\\\/conex-metals-india\\\/\",\"https:\\\/\\\/www.instagram.com\\\/conexindia\\\/\"]}]}<\/script>\n<!-- \/ Yoast SEO plugin. -->","yoast_head_json":{"title":"Messing-Au\u00dfen- und Innenbuchsen mit Schlitzstopfen","description":"Conex bietet Messing-Buchsenstecker f\u00fcr m\u00e4nnliche und weibliche Anschl\u00fcsse sowie geschlitzte Stecker f\u00fcr Kabelkanalsysteme an. Unsere Produktpalette umfasst verschiedene Stecker und Buchsen, die sichere und zuverl\u00e4ssige Verbindungen gew\u00e4hrleisten. Diese hochwertigen Messingverschraubungen sorgen f\u00fcr die Integrit\u00e4t und Leistung von elektrischen Kabelkanalsystemen.","robots":{"index":"index","follow":"follow","max-snippet":"max-snippet:-1","max-image-preview":"max-image-preview:large","max-video-preview":"max-video-preview:-1"},"canonical":"https:\/\/conexmetals.com\/de\/produkt\/messing-aussen-und-innenbuchsen-mit-schlitzstopfen\/","schema":{"@context":"https:\/\/schema.org","@graph":[{"@type":"WebPage","@id":"https:\/\/conexmetals.com\/de\/produkt\/messing-aussen-und-innenbuchsen-mit-schlitzstopfen\/","url":"https:\/\/conexmetals.com\/de\/produkt\/messing-aussen-und-innenbuchsen-mit-schlitzstopfen\/","name":"Messing-Au\u00dfen- und Innenbuchsen mit Schlitzstopfen","isPartOf":{"@id":"https:\/\/conexmetals.com\/de\/#website"},"primaryImageOfPage":{"@id":"https:\/\/conexmetals.com\/de\/produkt\/messing-aussen-und-innenbuchsen-mit-schlitzstopfen\/#primaryimage"},"image":{"@id":"https:\/\/conexmetals.com\/de\/produkt\/messing-aussen-und-innenbuchsen-mit-schlitzstopfen\/#primaryimage"},"thumbnailUrl":"https:\/\/conexmetals.com\/wp-content\/uploads\/2024\/10\/Messing-Ausen-und-Innenbuchsen-mit-Schlitzstopfen.png","datePublished":"2023-08-17T06:42:14+00:00","dateModified":"2024-10-25T10:13:57+00:00","description":"Conex bietet Messing-Buchsenstecker f\u00fcr m\u00e4nnliche und weibliche Anschl\u00fcsse sowie geschlitzte Stecker f\u00fcr Kabelkanalsysteme an. Unsere Produktpalette umfasst verschiedene Stecker und Buchsen, die sichere und zuverl\u00e4ssige Verbindungen gew\u00e4hrleisten. Diese hochwertigen Messingverschraubungen sorgen f\u00fcr die Integrit\u00e4t und Leistung von elektrischen Kabelkanalsystemen.","breadcrumb":{"@id":"https:\/\/conexmetals.com\/de\/produkt\/messing-aussen-und-innenbuchsen-mit-schlitzstopfen\/#breadcrumb"},"inLanguage":"de","potentialAction":[{"@type":"ReadAction","target":["https:\/\/conexmetals.com\/de\/produkt\/messing-aussen-und-innenbuchsen-mit-schlitzstopfen\/"]}]},{"@type":"ImageObject","inLanguage":"de","@id":"https:\/\/conexmetals.com\/de\/produkt\/messing-aussen-und-innenbuchsen-mit-schlitzstopfen\/#primaryimage","url":"https:\/\/conexmetals.com\/wp-content\/uploads\/2024\/10\/Messing-Ausen-und-Innenbuchsen-mit-Schlitzstopfen.png","contentUrl":"https:\/\/conexmetals.com\/wp-content\/uploads\/2024\/10\/Messing-Ausen-und-Innenbuchsen-mit-Schlitzstopfen.png","width":300,"height":300,"caption":"Messing-Au\u00dfen- und Innenbuchsen mit Schlitzstopfen"},{"@type":"BreadcrumbList","@id":"https:\/\/conexmetals.com\/de\/produkt\/messing-aussen-und-innenbuchsen-mit-schlitzstopfen\/#breadcrumb","itemListElement":[{"@type":"ListItem","position":1,"name":"Home","item":"https:\/\/conexmetals.com\/de\/heim\/"},{"@type":"ListItem","position":2,"name":"Products","item":"https:\/\/conexmetals.com\/products\/"},{"@type":"ListItem","position":3,"name":"Messing-Au\u00dfen- und Innenbuchsen mit Schlitzstopfen"}]},{"@type":"WebSite","@id":"https:\/\/conexmetals.com\/de\/#website","url":"https:\/\/conexmetals.com\/de\/","name":"Conex Metals Brass Fittings Brass Parts Copper Parts Brass Components Brass Plumbing Fittings India","description":"Manufacturer of Bronze Fittings casting Copper Brass parts components","publisher":{"@id":"https:\/\/conexmetals.com\/de\/#organization"},"potentialAction":[{"@type":"SearchAction","target":{"@type":"EntryPoint","urlTemplate":"https:\/\/conexmetals.com\/de\/?s={search_term_string}"},"query-input":{"@type":"PropertyValueSpecification","valueRequired":true,"valueName":"search_term_string"}}],"inLanguage":"de"},{"@type":"Organization","@id":"https:\/\/conexmetals.com\/de\/#organization","name":"Conex Metals Brass Fittings Brass Parts Copper Parts Brass Components Brass Plumbing Fittings India","url":"https:\/\/conexmetals.com\/de\/","logo":{"@type":"ImageObject","inLanguage":"de","@id":"https:\/\/conexmetals.com\/de\/#\/schema\/logo\/image\/","url":"https:\/\/conexmetals.com\/wp-content\/uploads\/2024\/03\/conex-metals-logo.webp","contentUrl":"https:\/\/conexmetals.com\/wp-content\/uploads\/2024\/03\/conex-metals-logo.webp","width":300,"height":121,"caption":"Conex Metals Brass Fittings Brass Parts Copper Parts Brass Components Brass Plumbing Fittings India"},"image":{"@id":"https:\/\/conexmetals.com\/de\/#\/schema\/logo\/image\/"},"sameAs":["https:\/\/www.facebook.com\/conexbrass","https:\/\/x.com\/conexindia","https:\/\/www.linkedin.com\/company\/conex-metals-india\/","https:\/\/www.instagram.com\/conexindia\/"]}]}},"_links":{"self":[{"href":"https:\/\/conexmetals.com\/de\/wp-json\/wp\/v2\/product\/11947","targetHints":{"allow":["GET"]}}],"collection":[{"href":"https:\/\/conexmetals.com\/de\/wp-json\/wp\/v2\/product"}],"about":[{"href":"https:\/\/conexmetals.com\/de\/wp-json\/wp\/v2\/types\/product"}],"wp:featuredmedia":[{"embeddable":true,"href":"https:\/\/conexmetals.com\/de\/wp-json\/wp\/v2\/media\/7948"}],"wp:attachment":[{"href":"https:\/\/conexmetals.com\/de\/wp-json\/wp\/v2\/media?parent=11947"}],"wp:term":[{"taxonomy":"product_brand","embeddable":true,"href":"https:\/\/conexmetals.com\/de\/wp-json\/wp\/v2\/product_brand?post=11947"},{"taxonomy":"product_cat","embeddable":true,"href":"https:\/\/conexmetals.com\/de\/wp-json\/wp\/v2\/product_cat?post=11947"},{"taxonomy":"product_tag","embeddable":true,"href":"https:\/\/conexmetals.com\/de\/wp-json\/wp\/v2\/product_tag?post=11947"}],"curies":[{"name":"wp","href":"https:\/\/api.w.org\/{rel}","templated":true}]}}