{"id":11952,"date":"2023-08-17T12:11:24","date_gmt":"2023-08-17T06:41:24","guid":{"rendered":"https:\/\/conexmetals.com\/?post_type=product&#038;p=11952"},"modified":"2024-10-25T15:57:01","modified_gmt":"2024-10-25T10:27:01","slug":"flexible-leitungsverbindungen-adapter","status":"publish","type":"product","link":"https:\/\/conexmetals.com\/de\/produkt\/flexible-leitungsverbindungen-adapter\/","title":{"rendered":"Flexible Leitungsverbindungen &#8211; Adapter"},"content":{"rendered":"","protected":false},"excerpt":{"rendered":"<table id=\"tablepress-382\" class=\"tablepress tablepress-id-382\">\n<caption>\u00a0<\/caption>\n<thead>\n<tr class=\"row-1 odd\">\n<th class=\"column-1\" colspan=\"2\"><strong><span>Flexible Leitungsverbinder &#8211; Adapter<\/span><\/strong><\/th>\n<\/tr>\n<\/thead>\n<tbody class=\"row-hover\">\n<tr class=\"row-2 even\">\n<td class=\"column-1\"><strong><span>Material<\/span><\/strong><\/td>\n<td class=\"column-2\"><span>Messing nach BS 2874<\/span><\/td>\n<\/tr>\n<tr class=\"row-3 odd\">\n<td class=\"column-1\"><strong><span>Beenden<\/span><\/strong><\/td>\n<td class=\"column-2\"><span>Vernickelt<\/span><\/td>\n<\/tr>\n<tr class=\"row-4 even\">\n<td class=\"column-1\"><strong><span>Themen<\/span><\/strong><\/td>\n<td class=\"column-2\"><span>Metrisch \/ PG \/ Imperial<\/span><\/td>\n<\/tr>\n<\/tbody>\n<\/table>\n<table id=\"tablepress-381\" class=\"tablepress tablepress-id-381\">\n<caption>\u00a0<\/caption>\n<thead>\n<tr class=\"row-1 odd\">\n<th class=\"column-1\" colspan=\"4\"><strong><span>Spezifikation f\u00fcr flexible Leitungsverbinder und Adapter<\/span><\/strong><\/th>\n<\/tr>\n<\/thead>\n<tbody class=\"row-hover\">\n<tr class=\"row-2 even\">\n<td class=\"column-1\"><strong><span>Flexibler Schlauch\u00a0<\/span><\/strong><\/td>\n<td class=\"column-2\"><strong><span>Starre Leitung<\/span><\/strong><\/td>\n<td class=\"column-3\"><strong><span>Fixex Typencode-Nr.<\/span><\/strong><\/td>\n<td class=\"column-4\"><strong><span>Schwenktyp, Code-Nr.<\/span><\/strong><\/td>\n<\/tr>\n<tr class=\"row-3 odd\">\n<td class=\"column-1\"><span>16 mm<\/span><\/td>\n<td class=\"column-2\"><span>16 mm<\/span><\/td>\n<td class=\"column-3\"><span>CF 12<\/span><\/td>\n<td class=\"column-4\"><span>FS 12<\/span><\/td>\n<\/tr>\n<tr class=\"row-4 even\">\n<td class=\"column-1\"><span>16 mm<\/span><\/td>\n<td class=\"column-2\"><span>20 mm<\/span><\/td>\n<td class=\"column-3\"><span>CF 13<\/span><\/td>\n<td class=\"column-4\"><span>FS 13<\/span><\/td>\n<\/tr>\n<tr class=\"row-5 odd\">\n<td class=\"column-1\"><span>20 mm<\/span><\/td>\n<td class=\"column-2\"><span>20 mm<\/span><\/td>\n<td class=\"column-3\"><span>CF 14<\/span><\/td>\n<td class=\"column-4\"><span>FS 14<\/span><\/td>\n<\/tr>\n<tr class=\"row-6 even\">\n<td class=\"column-1\"><span>25 mm<\/span><\/td>\n<td class=\"column-2\"><span>25 mm<\/span><\/td>\n<td class=\"column-3\"><span>CF 15<\/span><\/td>\n<td class=\"column-4\"><span>FS 15<\/span><\/td>\n<\/tr>\n<tr class=\"row-7 odd\">\n<td class=\"column-1\"><span>32 mm\u00a0\u00a0<\/span><\/td>\n<td class=\"column-2\"><span>32 mm<\/span><\/td>\n<td class=\"column-3\"><span>CF 16<\/span><\/td>\n<td class=\"column-4\"><span>FS 16<\/span><\/td>\n<\/tr>\n<tr class=\"row-8 even\">\n<td class=\"column-1\"><span>40 mm<\/span><\/td>\n<td class=\"column-2\"><span>40 mm<\/span><\/td>\n<td class=\"column-3\"><span>CF 17<\/span><\/td>\n<td class=\"column-4\"><span>FS 17<\/span><\/td>\n<\/tr>\n<tr class=\"row-9 odd\">\n<td class=\"column-1\"><span>50 mm<\/span><\/td>\n<td class=\"column-2\"><span>50 mm<\/span><\/td>\n<td class=\"column-3\"><span>CF 18<\/span><\/td>\n<td class=\"column-4\"><span>FS 18<\/span><\/td>\n<\/tr>\n<\/tbody>\n<\/table>\n<p><span>Flexible Rohrverbinder\/Adapter aus Messing sind spezielle Armaturen, die in Elektroinstallationen verwendet werden, um flexible Rohre mit anderen elektrischen Komponenten oder Ger\u00e4ten mit unterschiedlichen Gewindearten oder -gr\u00f6\u00dfen zu verbinden. Diese Verbinder\/Adapter erm\u00f6glichen eine sichere und effiziente Verbindung zwischen flexiblen Rohren und Anschlussk\u00e4sten, Geh\u00e4usen oder anderen starren Rohrarmaturen, die m\u00f6glicherweise inkompatible Gewinde haben.<\/span><\/p>\n<p><span>Das Design von flexiblen Messingrohr-Verbindungsst\u00fccken und -Adaptern umfasst typischerweise ein Au\u00dfengewinde auf der einen Seite und ein Innengewinde auf der anderen Seite. Das Au\u00dfengewinde ist so konzipiert, dass es in das Innengewinde des starren Rohrs oder einer anderen elektrischen Komponente passt, w\u00e4hrend das Innengewinde das Au\u00dfengewinde des flexiblen Rohrs aufnimmt.<\/span><\/p>\n<p><span>Zu den Hauptmerkmalen und Vorteilen der flexiblen Rohrverbinder-Adapter aus Messing geh\u00f6ren:<\/span><\/p>\n<ol>\n<li><b><\/b><strong><b><span>Elektrische Leitf\u00e4higkeit:<\/span><\/b><\/strong><span>\u00a0Messing ist ein ausgezeichneter Stromleiter und gew\u00e4hrleistet die elektrische Kontinuit\u00e4t im Leitungssystem.<\/span><\/li>\n<li><b><\/b><strong><b><span>Korrosionsbest\u00e4ndigkeit:<\/span><\/b><\/strong><span>\u00a0Steckverbinder-Adapter aus Messing sind korrosionsbest\u00e4ndig und daher f\u00fcr elektrische Installationen im Innen- und Au\u00dfenbereich geeignet.<\/span><\/li>\n<li><b><\/b><strong><b><span>Mechanische Festigkeit:<\/span><\/b><\/strong><span>\u00a0Messing bietet stabile und zuverl\u00e4ssige Verbindungen und gew\u00e4hrleistet so die Langlebigkeit und Integrit\u00e4t des elektrischen Leitungssystems.<\/span><\/li>\n<li><b><\/b><strong><b><span>Flexibilit\u00e4t:<\/span><\/b><\/strong><span>\u00a0Die Verwendung von flexiblen Leitungsverbindern\/-adaptern erm\u00f6glicht den Anschluss flexibler Leitungen an starre Leitungsanschl\u00fcsse oder -geh\u00e4use und erm\u00f6glicht so leichte Bewegungen oder Biegungen.<\/span><\/li>\n<\/ol>\n<p>&nbsp;<\/p>\n<p><strong><span>Zu den \u00fcblichen Anwendungsgebieten von flexiblen Messingrohrverbindern und -adaptern geh\u00f6ren:<\/span><\/strong><\/p>\n<ul>\n<li><span>Anschlie\u00dfen flexibler Leitungen (z. B. metallische oder nichtmetallische Leitungen) an Anschlussk\u00e4sten, elektrische Geh\u00e4use oder elektrische Ger\u00e4te mit unterschiedlichen Gewindegr\u00f6\u00dfen.<\/span><\/li>\n<li><span>Durch die Anpassung flexibler Leitungsenden an starre Leitungsanschl\u00fcsse wird der Bedarf an komplizierten und starren Verbindungen reduziert.<\/span><\/li>\n<\/ul>\n<p>&nbsp;<\/p>\n<p><span>Bei der Verwendung von flexiblen Messingrohr-Verbindungsst\u00fccken\/-Adaptern ist es wichtig, den geeigneten Verbindungsst\u00fcck-Adapter auszuw\u00e4hlen, der zu den spezifischen Gewindearten und -gr\u00f6\u00dfen der zu verbindenden Rohre und Komponenten passt.<\/span><\/p>\n","protected":false},"featured_media":7958,"template":"","meta":[],"product_brand":[],"product_cat":[396],"product_tag":[],"class_list":{"0":"post-11952","1":"product","2":"type-product","3":"status-publish","4":"has-post-thumbnail","6":"product_cat-messingrohrfittings","8":"first","9":"instock","10":"shipping-taxable","11":"product-type-simple"},"yoast_head":"<!-- This site is optimized with the Yoast SEO plugin v27.3 - https:\/\/yoast.com\/product\/yoast-seo-wordpress\/ -->\n<title>Flexible Leitungsverbindungen - Adapter<\/title>\n<meta name=\"description\" content=\"Conex ist spezialisiert auf flexible Kabelkanalverbinder und -adapter und bietet wichtige Armaturen f\u00fcr flexible Kabelkanalsysteme. Unser Produktsortiment umfasst Adapter und Verbinder in verschiedenen Gr\u00f6\u00dfen, um die Kompatibilit\u00e4t mit unterschiedlichen Systemen zu gew\u00e4hrleisten. Unsere flexiblen Kabelkanalarmaturen sorgen f\u00fcr eine sichere und effiziente Installation und sch\u00fctzen elektrische Kabel in verschiedenen Anwendungen.\" \/>\n<meta name=\"robots\" content=\"index, follow, max-snippet:-1, max-image-preview:large, max-video-preview:-1\" \/>\n<link rel=\"canonical\" href=\"https:\/\/conexmetals.com\/de\/produkt\/flexible-leitungsverbindungen-adapter\/\" \/>\n<script type=\"application\/ld+json\" class=\"yoast-schema-graph\">{\"@context\":\"https:\\\/\\\/schema.org\",\"@graph\":[{\"@type\":\"WebPage\",\"@id\":\"https:\\\/\\\/conexmetals.com\\\/de\\\/produkt\\\/flexible-leitungsverbindungen-adapter\\\/\",\"url\":\"https:\\\/\\\/conexmetals.com\\\/de\\\/produkt\\\/flexible-leitungsverbindungen-adapter\\\/\",\"name\":\"Flexible Leitungsverbindungen - Adapter\",\"isPartOf\":{\"@id\":\"https:\\\/\\\/conexmetals.com\\\/de\\\/#website\"},\"primaryImageOfPage\":{\"@id\":\"https:\\\/\\\/conexmetals.com\\\/de\\\/produkt\\\/flexible-leitungsverbindungen-adapter\\\/#primaryimage\"},\"image\":{\"@id\":\"https:\\\/\\\/conexmetals.com\\\/de\\\/produkt\\\/flexible-leitungsverbindungen-adapter\\\/#primaryimage\"},\"thumbnailUrl\":\"https:\\\/\\\/conexmetals.com\\\/wp-content\\\/uploads\\\/2024\\\/10\\\/Flexible-Leitungsverbindungen-Adapter.png\",\"datePublished\":\"2023-08-17T06:41:24+00:00\",\"dateModified\":\"2024-10-25T10:27:01+00:00\",\"description\":\"Conex ist spezialisiert auf flexible Kabelkanalverbinder und -adapter und bietet wichtige Armaturen f\u00fcr flexible Kabelkanalsysteme. Unser Produktsortiment umfasst Adapter und Verbinder in verschiedenen Gr\u00f6\u00dfen, um die Kompatibilit\u00e4t mit unterschiedlichen Systemen zu gew\u00e4hrleisten. Unsere flexiblen Kabelkanalarmaturen sorgen f\u00fcr eine sichere und effiziente Installation und sch\u00fctzen elektrische Kabel in verschiedenen Anwendungen.\",\"breadcrumb\":{\"@id\":\"https:\\\/\\\/conexmetals.com\\\/de\\\/produkt\\\/flexible-leitungsverbindungen-adapter\\\/#breadcrumb\"},\"inLanguage\":\"de\",\"potentialAction\":[{\"@type\":\"ReadAction\",\"target\":[\"https:\\\/\\\/conexmetals.com\\\/de\\\/produkt\\\/flexible-leitungsverbindungen-adapter\\\/\"]}]},{\"@type\":\"ImageObject\",\"inLanguage\":\"de\",\"@id\":\"https:\\\/\\\/conexmetals.com\\\/de\\\/produkt\\\/flexible-leitungsverbindungen-adapter\\\/#primaryimage\",\"url\":\"https:\\\/\\\/conexmetals.com\\\/wp-content\\\/uploads\\\/2024\\\/10\\\/Flexible-Leitungsverbindungen-Adapter.png\",\"contentUrl\":\"https:\\\/\\\/conexmetals.com\\\/wp-content\\\/uploads\\\/2024\\\/10\\\/Flexible-Leitungsverbindungen-Adapter.png\",\"width\":300,\"height\":300,\"caption\":\"Flexible Leitungsverbindungen - Adapter\"},{\"@type\":\"BreadcrumbList\",\"@id\":\"https:\\\/\\\/conexmetals.com\\\/de\\\/produkt\\\/flexible-leitungsverbindungen-adapter\\\/#breadcrumb\",\"itemListElement\":[{\"@type\":\"ListItem\",\"position\":1,\"name\":\"Home\",\"item\":\"https:\\\/\\\/conexmetals.com\\\/de\\\/heim\\\/\"},{\"@type\":\"ListItem\",\"position\":2,\"name\":\"Products\",\"item\":\"https:\\\/\\\/conexmetals.com\\\/products\\\/\"},{\"@type\":\"ListItem\",\"position\":3,\"name\":\"Flexible Leitungsverbindungen &#8211; Adapter\"}]},{\"@type\":\"WebSite\",\"@id\":\"https:\\\/\\\/conexmetals.com\\\/de\\\/#website\",\"url\":\"https:\\\/\\\/conexmetals.com\\\/de\\\/\",\"name\":\"Conex Metals Brass Fittings Brass Parts Copper Parts Brass Components Brass Plumbing Fittings India\",\"description\":\"Manufacturer of Bronze Fittings casting Copper Brass parts components\",\"publisher\":{\"@id\":\"https:\\\/\\\/conexmetals.com\\\/de\\\/#organization\"},\"potentialAction\":[{\"@type\":\"SearchAction\",\"target\":{\"@type\":\"EntryPoint\",\"urlTemplate\":\"https:\\\/\\\/conexmetals.com\\\/de\\\/?s={search_term_string}\"},\"query-input\":{\"@type\":\"PropertyValueSpecification\",\"valueRequired\":true,\"valueName\":\"search_term_string\"}}],\"inLanguage\":\"de\"},{\"@type\":\"Organization\",\"@id\":\"https:\\\/\\\/conexmetals.com\\\/de\\\/#organization\",\"name\":\"Conex Metals Brass Fittings Brass Parts Copper Parts Brass Components Brass Plumbing Fittings India\",\"url\":\"https:\\\/\\\/conexmetals.com\\\/de\\\/\",\"logo\":{\"@type\":\"ImageObject\",\"inLanguage\":\"de\",\"@id\":\"https:\\\/\\\/conexmetals.com\\\/de\\\/#\\\/schema\\\/logo\\\/image\\\/\",\"url\":\"https:\\\/\\\/conexmetals.com\\\/wp-content\\\/uploads\\\/2024\\\/03\\\/conex-metals-logo.webp\",\"contentUrl\":\"https:\\\/\\\/conexmetals.com\\\/wp-content\\\/uploads\\\/2024\\\/03\\\/conex-metals-logo.webp\",\"width\":300,\"height\":121,\"caption\":\"Conex Metals Brass Fittings Brass Parts Copper Parts Brass Components Brass Plumbing Fittings India\"},\"image\":{\"@id\":\"https:\\\/\\\/conexmetals.com\\\/de\\\/#\\\/schema\\\/logo\\\/image\\\/\"},\"sameAs\":[\"https:\\\/\\\/www.facebook.com\\\/conexbrass\",\"https:\\\/\\\/x.com\\\/conexindia\",\"https:\\\/\\\/www.linkedin.com\\\/company\\\/conex-metals-india\\\/\",\"https:\\\/\\\/www.instagram.com\\\/conexindia\\\/\"]}]}<\/script>\n<!-- \/ Yoast SEO plugin. -->","yoast_head_json":{"title":"Flexible Leitungsverbindungen - Adapter","description":"Conex ist spezialisiert auf flexible Kabelkanalverbinder und -adapter und bietet wichtige Armaturen f\u00fcr flexible Kabelkanalsysteme. Unser Produktsortiment umfasst Adapter und Verbinder in verschiedenen Gr\u00f6\u00dfen, um die Kompatibilit\u00e4t mit unterschiedlichen Systemen zu gew\u00e4hrleisten. Unsere flexiblen Kabelkanalarmaturen sorgen f\u00fcr eine sichere und effiziente Installation und sch\u00fctzen elektrische Kabel in verschiedenen Anwendungen.","robots":{"index":"index","follow":"follow","max-snippet":"max-snippet:-1","max-image-preview":"max-image-preview:large","max-video-preview":"max-video-preview:-1"},"canonical":"https:\/\/conexmetals.com\/de\/produkt\/flexible-leitungsverbindungen-adapter\/","schema":{"@context":"https:\/\/schema.org","@graph":[{"@type":"WebPage","@id":"https:\/\/conexmetals.com\/de\/produkt\/flexible-leitungsverbindungen-adapter\/","url":"https:\/\/conexmetals.com\/de\/produkt\/flexible-leitungsverbindungen-adapter\/","name":"Flexible Leitungsverbindungen - Adapter","isPartOf":{"@id":"https:\/\/conexmetals.com\/de\/#website"},"primaryImageOfPage":{"@id":"https:\/\/conexmetals.com\/de\/produkt\/flexible-leitungsverbindungen-adapter\/#primaryimage"},"image":{"@id":"https:\/\/conexmetals.com\/de\/produkt\/flexible-leitungsverbindungen-adapter\/#primaryimage"},"thumbnailUrl":"https:\/\/conexmetals.com\/wp-content\/uploads\/2024\/10\/Flexible-Leitungsverbindungen-Adapter.png","datePublished":"2023-08-17T06:41:24+00:00","dateModified":"2024-10-25T10:27:01+00:00","description":"Conex ist spezialisiert auf flexible Kabelkanalverbinder und -adapter und bietet wichtige Armaturen f\u00fcr flexible Kabelkanalsysteme. Unser Produktsortiment umfasst Adapter und Verbinder in verschiedenen Gr\u00f6\u00dfen, um die Kompatibilit\u00e4t mit unterschiedlichen Systemen zu gew\u00e4hrleisten. Unsere flexiblen Kabelkanalarmaturen sorgen f\u00fcr eine sichere und effiziente Installation und sch\u00fctzen elektrische Kabel in verschiedenen Anwendungen.","breadcrumb":{"@id":"https:\/\/conexmetals.com\/de\/produkt\/flexible-leitungsverbindungen-adapter\/#breadcrumb"},"inLanguage":"de","potentialAction":[{"@type":"ReadAction","target":["https:\/\/conexmetals.com\/de\/produkt\/flexible-leitungsverbindungen-adapter\/"]}]},{"@type":"ImageObject","inLanguage":"de","@id":"https:\/\/conexmetals.com\/de\/produkt\/flexible-leitungsverbindungen-adapter\/#primaryimage","url":"https:\/\/conexmetals.com\/wp-content\/uploads\/2024\/10\/Flexible-Leitungsverbindungen-Adapter.png","contentUrl":"https:\/\/conexmetals.com\/wp-content\/uploads\/2024\/10\/Flexible-Leitungsverbindungen-Adapter.png","width":300,"height":300,"caption":"Flexible Leitungsverbindungen - Adapter"},{"@type":"BreadcrumbList","@id":"https:\/\/conexmetals.com\/de\/produkt\/flexible-leitungsverbindungen-adapter\/#breadcrumb","itemListElement":[{"@type":"ListItem","position":1,"name":"Home","item":"https:\/\/conexmetals.com\/de\/heim\/"},{"@type":"ListItem","position":2,"name":"Products","item":"https:\/\/conexmetals.com\/products\/"},{"@type":"ListItem","position":3,"name":"Flexible Leitungsverbindungen &#8211; Adapter"}]},{"@type":"WebSite","@id":"https:\/\/conexmetals.com\/de\/#website","url":"https:\/\/conexmetals.com\/de\/","name":"Conex Metals Brass Fittings Brass Parts Copper Parts Brass Components Brass Plumbing Fittings India","description":"Manufacturer of Bronze Fittings casting Copper Brass parts components","publisher":{"@id":"https:\/\/conexmetals.com\/de\/#organization"},"potentialAction":[{"@type":"SearchAction","target":{"@type":"EntryPoint","urlTemplate":"https:\/\/conexmetals.com\/de\/?s={search_term_string}"},"query-input":{"@type":"PropertyValueSpecification","valueRequired":true,"valueName":"search_term_string"}}],"inLanguage":"de"},{"@type":"Organization","@id":"https:\/\/conexmetals.com\/de\/#organization","name":"Conex Metals Brass Fittings Brass Parts Copper Parts Brass Components Brass Plumbing Fittings India","url":"https:\/\/conexmetals.com\/de\/","logo":{"@type":"ImageObject","inLanguage":"de","@id":"https:\/\/conexmetals.com\/de\/#\/schema\/logo\/image\/","url":"https:\/\/conexmetals.com\/wp-content\/uploads\/2024\/03\/conex-metals-logo.webp","contentUrl":"https:\/\/conexmetals.com\/wp-content\/uploads\/2024\/03\/conex-metals-logo.webp","width":300,"height":121,"caption":"Conex Metals Brass Fittings Brass Parts Copper Parts Brass Components Brass Plumbing Fittings India"},"image":{"@id":"https:\/\/conexmetals.com\/de\/#\/schema\/logo\/image\/"},"sameAs":["https:\/\/www.facebook.com\/conexbrass","https:\/\/x.com\/conexindia","https:\/\/www.linkedin.com\/company\/conex-metals-india\/","https:\/\/www.instagram.com\/conexindia\/"]}]}},"_links":{"self":[{"href":"https:\/\/conexmetals.com\/de\/wp-json\/wp\/v2\/product\/11952","targetHints":{"allow":["GET"]}}],"collection":[{"href":"https:\/\/conexmetals.com\/de\/wp-json\/wp\/v2\/product"}],"about":[{"href":"https:\/\/conexmetals.com\/de\/wp-json\/wp\/v2\/types\/product"}],"wp:featuredmedia":[{"embeddable":true,"href":"https:\/\/conexmetals.com\/de\/wp-json\/wp\/v2\/media\/7958"}],"wp:attachment":[{"href":"https:\/\/conexmetals.com\/de\/wp-json\/wp\/v2\/media?parent=11952"}],"wp:term":[{"taxonomy":"product_brand","embeddable":true,"href":"https:\/\/conexmetals.com\/de\/wp-json\/wp\/v2\/product_brand?post=11952"},{"taxonomy":"product_cat","embeddable":true,"href":"https:\/\/conexmetals.com\/de\/wp-json\/wp\/v2\/product_cat?post=11952"},{"taxonomy":"product_tag","embeddable":true,"href":"https:\/\/conexmetals.com\/de\/wp-json\/wp\/v2\/product_tag?post=11952"}],"curies":[{"name":"wp","href":"https:\/\/api.w.org\/{rel}","templated":true}]}}