{"id":12122,"date":"2023-08-17T12:17:36","date_gmt":"2023-08-17T06:47:36","guid":{"rendered":"https:\/\/conexmetals.com\/?post_type=product&#038;p=12122"},"modified":"2024-12-14T16:50:22","modified_gmt":"2024-12-14T11:20:22","slug":"kupfer-batterieklemmen","status":"publish","type":"product","link":"https:\/\/conexmetals.com\/de\/produkt\/kupfer-batterieklemmen\/","title":{"rendered":"Kupfer-Batterieklemmen"},"content":{"rendered":"","protected":false},"excerpt":{"rendered":"","protected":false},"featured_media":7788,"template":"","meta":[],"product_brand":[],"product_cat":[392],"product_tag":[],"class_list":{"0":"post-12122","1":"product","2":"type-product","3":"status-publish","4":"has-post-thumbnail","6":"product_cat-batterieklemmen","8":"first","9":"instock","10":"shipping-taxable","11":"product-type-simple"},"yoast_head":"<!-- This site is optimized with the Yoast SEO plugin v27.3 - https:\/\/yoast.com\/product\/yoast-seo-wordpress\/ -->\n<title>Kupfer-Batterieklemmen<\/title>\n<meta name=\"description\" content=\"Conex ist auf Kupfer-Batterieklemmen spezialisiert und bietet langlebige und zuverl\u00e4ssige Verbindungsl\u00f6sungen f\u00fcr verschiedene Anwendungen. Unser Produktsortiment umfasst Kupfer- und Messing-Batterieanschl\u00fcsse und -klemmen, die den Bed\u00fcrfnissen von Herstellern, Exporteuren und Lieferanten weltweit gerecht werden. Unsere Batterieklemmen, die nach internationalen Standards entwickelt wurden, gew\u00e4hrleisten robuste und hochwertige Verbindungen, die die Leistung und Langlebigkeit von elektrischen Systemen verbessern.\" \/>\n<meta name=\"robots\" content=\"index, follow, max-snippet:-1, max-image-preview:large, max-video-preview:-1\" \/>\n<link rel=\"canonical\" href=\"https:\/\/conexmetals.com\/de\/produkt\/kupfer-batterieklemmen\/\" \/>\n<script type=\"application\/ld+json\" class=\"yoast-schema-graph\">{\"@context\":\"https:\\\/\\\/schema.org\",\"@graph\":[{\"@type\":\"WebPage\",\"@id\":\"https:\\\/\\\/conexmetals.com\\\/de\\\/produkt\\\/kupfer-batterieklemmen\\\/\",\"url\":\"https:\\\/\\\/conexmetals.com\\\/de\\\/produkt\\\/kupfer-batterieklemmen\\\/\",\"name\":\"Kupfer-Batterieklemmen\",\"isPartOf\":{\"@id\":\"https:\\\/\\\/conexmetals.com\\\/de\\\/#website\"},\"primaryImageOfPage\":{\"@id\":\"https:\\\/\\\/conexmetals.com\\\/de\\\/produkt\\\/kupfer-batterieklemmen\\\/#primaryimage\"},\"image\":{\"@id\":\"https:\\\/\\\/conexmetals.com\\\/de\\\/produkt\\\/kupfer-batterieklemmen\\\/#primaryimage\"},\"thumbnailUrl\":\"https:\\\/\\\/conexmetals.com\\\/wp-content\\\/uploads\\\/2024\\\/10\\\/Batterieklemmen.png\",\"datePublished\":\"2023-08-17T06:47:36+00:00\",\"dateModified\":\"2024-12-14T11:20:22+00:00\",\"description\":\"Conex ist auf Kupfer-Batterieklemmen spezialisiert und bietet langlebige und zuverl\u00e4ssige Verbindungsl\u00f6sungen f\u00fcr verschiedene Anwendungen. Unser Produktsortiment umfasst Kupfer- und Messing-Batterieanschl\u00fcsse und -klemmen, die den Bed\u00fcrfnissen von Herstellern, Exporteuren und Lieferanten weltweit gerecht werden. Unsere Batterieklemmen, die nach internationalen Standards entwickelt wurden, gew\u00e4hrleisten robuste und hochwertige Verbindungen, die die Leistung und Langlebigkeit von elektrischen Systemen verbessern.\",\"breadcrumb\":{\"@id\":\"https:\\\/\\\/conexmetals.com\\\/de\\\/produkt\\\/kupfer-batterieklemmen\\\/#breadcrumb\"},\"inLanguage\":\"de\",\"potentialAction\":[{\"@type\":\"ReadAction\",\"target\":[\"https:\\\/\\\/conexmetals.com\\\/de\\\/produkt\\\/kupfer-batterieklemmen\\\/\"]}]},{\"@type\":\"ImageObject\",\"inLanguage\":\"de\",\"@id\":\"https:\\\/\\\/conexmetals.com\\\/de\\\/produkt\\\/kupfer-batterieklemmen\\\/#primaryimage\",\"url\":\"https:\\\/\\\/conexmetals.com\\\/wp-content\\\/uploads\\\/2024\\\/10\\\/Batterieklemmen.png\",\"contentUrl\":\"https:\\\/\\\/conexmetals.com\\\/wp-content\\\/uploads\\\/2024\\\/10\\\/Batterieklemmen.png\",\"width\":300,\"height\":300,\"caption\":\"Batterieklemmen\"},{\"@type\":\"BreadcrumbList\",\"@id\":\"https:\\\/\\\/conexmetals.com\\\/de\\\/produkt\\\/kupfer-batterieklemmen\\\/#breadcrumb\",\"itemListElement\":[{\"@type\":\"ListItem\",\"position\":1,\"name\":\"Home\",\"item\":\"https:\\\/\\\/conexmetals.com\\\/de\\\/heim\\\/\"},{\"@type\":\"ListItem\",\"position\":2,\"name\":\"Products\",\"item\":\"https:\\\/\\\/conexmetals.com\\\/products\\\/\"},{\"@type\":\"ListItem\",\"position\":3,\"name\":\"Kupfer-Batterieklemmen\"}]},{\"@type\":\"WebSite\",\"@id\":\"https:\\\/\\\/conexmetals.com\\\/de\\\/#website\",\"url\":\"https:\\\/\\\/conexmetals.com\\\/de\\\/\",\"name\":\"Conex Metals Brass Fittings Brass Parts Copper Parts Brass Components Brass Plumbing Fittings India\",\"description\":\"Manufacturer of Bronze Fittings casting Copper Brass parts components\",\"publisher\":{\"@id\":\"https:\\\/\\\/conexmetals.com\\\/de\\\/#organization\"},\"potentialAction\":[{\"@type\":\"SearchAction\",\"target\":{\"@type\":\"EntryPoint\",\"urlTemplate\":\"https:\\\/\\\/conexmetals.com\\\/de\\\/?s={search_term_string}\"},\"query-input\":{\"@type\":\"PropertyValueSpecification\",\"valueRequired\":true,\"valueName\":\"search_term_string\"}}],\"inLanguage\":\"de\"},{\"@type\":\"Organization\",\"@id\":\"https:\\\/\\\/conexmetals.com\\\/de\\\/#organization\",\"name\":\"Conex Metals Brass Fittings Brass Parts Copper Parts Brass Components Brass Plumbing Fittings India\",\"url\":\"https:\\\/\\\/conexmetals.com\\\/de\\\/\",\"logo\":{\"@type\":\"ImageObject\",\"inLanguage\":\"de\",\"@id\":\"https:\\\/\\\/conexmetals.com\\\/de\\\/#\\\/schema\\\/logo\\\/image\\\/\",\"url\":\"https:\\\/\\\/conexmetals.com\\\/wp-content\\\/uploads\\\/2024\\\/03\\\/conex-metals-logo.webp\",\"contentUrl\":\"https:\\\/\\\/conexmetals.com\\\/wp-content\\\/uploads\\\/2024\\\/03\\\/conex-metals-logo.webp\",\"width\":300,\"height\":121,\"caption\":\"Conex Metals Brass Fittings Brass Parts Copper Parts Brass Components Brass Plumbing Fittings India\"},\"image\":{\"@id\":\"https:\\\/\\\/conexmetals.com\\\/de\\\/#\\\/schema\\\/logo\\\/image\\\/\"},\"sameAs\":[\"https:\\\/\\\/www.facebook.com\\\/conexbrass\",\"https:\\\/\\\/x.com\\\/conexindia\",\"https:\\\/\\\/www.linkedin.com\\\/company\\\/conex-metals-india\\\/\",\"https:\\\/\\\/www.instagram.com\\\/conexindia\\\/\"]}]}<\/script>\n<!-- \/ Yoast SEO plugin. -->","yoast_head_json":{"title":"Kupfer-Batterieklemmen","description":"Conex ist auf Kupfer-Batterieklemmen spezialisiert und bietet langlebige und zuverl\u00e4ssige Verbindungsl\u00f6sungen f\u00fcr verschiedene Anwendungen. Unser Produktsortiment umfasst Kupfer- und Messing-Batterieanschl\u00fcsse und -klemmen, die den Bed\u00fcrfnissen von Herstellern, Exporteuren und Lieferanten weltweit gerecht werden. Unsere Batterieklemmen, die nach internationalen Standards entwickelt wurden, gew\u00e4hrleisten robuste und hochwertige Verbindungen, die die Leistung und Langlebigkeit von elektrischen Systemen verbessern.","robots":{"index":"index","follow":"follow","max-snippet":"max-snippet:-1","max-image-preview":"max-image-preview:large","max-video-preview":"max-video-preview:-1"},"canonical":"https:\/\/conexmetals.com\/de\/produkt\/kupfer-batterieklemmen\/","schema":{"@context":"https:\/\/schema.org","@graph":[{"@type":"WebPage","@id":"https:\/\/conexmetals.com\/de\/produkt\/kupfer-batterieklemmen\/","url":"https:\/\/conexmetals.com\/de\/produkt\/kupfer-batterieklemmen\/","name":"Kupfer-Batterieklemmen","isPartOf":{"@id":"https:\/\/conexmetals.com\/de\/#website"},"primaryImageOfPage":{"@id":"https:\/\/conexmetals.com\/de\/produkt\/kupfer-batterieklemmen\/#primaryimage"},"image":{"@id":"https:\/\/conexmetals.com\/de\/produkt\/kupfer-batterieklemmen\/#primaryimage"},"thumbnailUrl":"https:\/\/conexmetals.com\/wp-content\/uploads\/2024\/10\/Batterieklemmen.png","datePublished":"2023-08-17T06:47:36+00:00","dateModified":"2024-12-14T11:20:22+00:00","description":"Conex ist auf Kupfer-Batterieklemmen spezialisiert und bietet langlebige und zuverl\u00e4ssige Verbindungsl\u00f6sungen f\u00fcr verschiedene Anwendungen. Unser Produktsortiment umfasst Kupfer- und Messing-Batterieanschl\u00fcsse und -klemmen, die den Bed\u00fcrfnissen von Herstellern, Exporteuren und Lieferanten weltweit gerecht werden. Unsere Batterieklemmen, die nach internationalen Standards entwickelt wurden, gew\u00e4hrleisten robuste und hochwertige Verbindungen, die die Leistung und Langlebigkeit von elektrischen Systemen verbessern.","breadcrumb":{"@id":"https:\/\/conexmetals.com\/de\/produkt\/kupfer-batterieklemmen\/#breadcrumb"},"inLanguage":"de","potentialAction":[{"@type":"ReadAction","target":["https:\/\/conexmetals.com\/de\/produkt\/kupfer-batterieklemmen\/"]}]},{"@type":"ImageObject","inLanguage":"de","@id":"https:\/\/conexmetals.com\/de\/produkt\/kupfer-batterieklemmen\/#primaryimage","url":"https:\/\/conexmetals.com\/wp-content\/uploads\/2024\/10\/Batterieklemmen.png","contentUrl":"https:\/\/conexmetals.com\/wp-content\/uploads\/2024\/10\/Batterieklemmen.png","width":300,"height":300,"caption":"Batterieklemmen"},{"@type":"BreadcrumbList","@id":"https:\/\/conexmetals.com\/de\/produkt\/kupfer-batterieklemmen\/#breadcrumb","itemListElement":[{"@type":"ListItem","position":1,"name":"Home","item":"https:\/\/conexmetals.com\/de\/heim\/"},{"@type":"ListItem","position":2,"name":"Products","item":"https:\/\/conexmetals.com\/products\/"},{"@type":"ListItem","position":3,"name":"Kupfer-Batterieklemmen"}]},{"@type":"WebSite","@id":"https:\/\/conexmetals.com\/de\/#website","url":"https:\/\/conexmetals.com\/de\/","name":"Conex Metals Brass Fittings Brass Parts Copper Parts Brass Components Brass Plumbing Fittings India","description":"Manufacturer of Bronze Fittings casting Copper Brass parts components","publisher":{"@id":"https:\/\/conexmetals.com\/de\/#organization"},"potentialAction":[{"@type":"SearchAction","target":{"@type":"EntryPoint","urlTemplate":"https:\/\/conexmetals.com\/de\/?s={search_term_string}"},"query-input":{"@type":"PropertyValueSpecification","valueRequired":true,"valueName":"search_term_string"}}],"inLanguage":"de"},{"@type":"Organization","@id":"https:\/\/conexmetals.com\/de\/#organization","name":"Conex Metals Brass Fittings Brass Parts Copper Parts Brass Components Brass Plumbing Fittings India","url":"https:\/\/conexmetals.com\/de\/","logo":{"@type":"ImageObject","inLanguage":"de","@id":"https:\/\/conexmetals.com\/de\/#\/schema\/logo\/image\/","url":"https:\/\/conexmetals.com\/wp-content\/uploads\/2024\/03\/conex-metals-logo.webp","contentUrl":"https:\/\/conexmetals.com\/wp-content\/uploads\/2024\/03\/conex-metals-logo.webp","width":300,"height":121,"caption":"Conex Metals Brass Fittings Brass Parts Copper Parts Brass Components Brass Plumbing Fittings India"},"image":{"@id":"https:\/\/conexmetals.com\/de\/#\/schema\/logo\/image\/"},"sameAs":["https:\/\/www.facebook.com\/conexbrass","https:\/\/x.com\/conexindia","https:\/\/www.linkedin.com\/company\/conex-metals-india\/","https:\/\/www.instagram.com\/conexindia\/"]}]}},"_links":{"self":[{"href":"https:\/\/conexmetals.com\/de\/wp-json\/wp\/v2\/product\/12122","targetHints":{"allow":["GET"]}}],"collection":[{"href":"https:\/\/conexmetals.com\/de\/wp-json\/wp\/v2\/product"}],"about":[{"href":"https:\/\/conexmetals.com\/de\/wp-json\/wp\/v2\/types\/product"}],"wp:featuredmedia":[{"embeddable":true,"href":"https:\/\/conexmetals.com\/de\/wp-json\/wp\/v2\/media\/7788"}],"wp:attachment":[{"href":"https:\/\/conexmetals.com\/de\/wp-json\/wp\/v2\/media?parent=12122"}],"wp:term":[{"taxonomy":"product_brand","embeddable":true,"href":"https:\/\/conexmetals.com\/de\/wp-json\/wp\/v2\/product_brand?post=12122"},{"taxonomy":"product_cat","embeddable":true,"href":"https:\/\/conexmetals.com\/de\/wp-json\/wp\/v2\/product_cat?post=12122"},{"taxonomy":"product_tag","embeddable":true,"href":"https:\/\/conexmetals.com\/de\/wp-json\/wp\/v2\/product_tag?post=12122"}],"curies":[{"name":"wp","href":"https:\/\/api.w.org\/{rel}","templated":true}]}}