{"id":12127,"date":"2023-08-17T12:18:25","date_gmt":"2023-08-17T06:48:25","guid":{"rendered":"https:\/\/conexmetals.com\/?post_type=product&#038;p=12127"},"modified":"2024-12-14T17:05:51","modified_gmt":"2024-12-14T11:35:51","slug":"messing-batterieklemmen","status":"publish","type":"product","link":"https:\/\/conexmetals.com\/de\/produkt\/messing-batterieklemmen\/","title":{"rendered":"Messing-Batterieklemmen"},"content":{"rendered":"","protected":false},"excerpt":{"rendered":"<p>Messing-Batterieklemmen sind elektrische Verbindungselemente, die dazu dienen, eine Verbindung zwischen der Batterie und dem elektrischen System eines Fahrzeugs, einer Maschine oder eines anderen Ger\u00e4ts herzustellen. Diese Klemmen bestehen aus Messing, einem Metall, das f\u00fcr seine hervorragende elektrische Leitf\u00e4higkeit, Korrosionsbest\u00e4ndigkeit und mechanische Festigkeit bekannt ist. Messing ist ein beliebtes Material f\u00fcr Batterieklemmen, da es elektrischen Strom effizient leitet und den rauen Bedingungen standh\u00e4lt, die typischerweise in Automobil- und Industrieumgebungen herrschen.<\/p>\n<p>Messing-Batterieklemmen sind in verschiedenen Ausf\u00fchrungen erh\u00e4ltlich. Zu den h\u00e4ufigsten geh\u00f6ren:<\/p>\n<p>Messing-Batterieklemmen mit oberem Pol: Diese werden h\u00e4ufig in Autobatterien mit oberem Pol verwendet. Sie haben eine zylindrische oder sechseckige Form, die \u00fcber den Batteriepol passt. Messing-Batterieklemmen mit oberem Pol werden h\u00e4ufig mit Bolzen oder Schrauben befestigt.<br \/>\nMessing-Batterieklemmen mit \u00d6sen: Kabelschuhe werden in verschiedenen Anwendungen eingesetzt, darunter Industriebatterien und kundenspezifische Installationen. Sie haben ein \u00f6sen- oder ringf\u00f6rmiges Ende, das an das Batteriekabel geschraubt oder gel\u00f6tet werden kann.<br \/>\nBatterieklemmen aus Messing bieten mehrere Vorteile:<\/p>\n<p>Elektrische Leitf\u00e4higkeit: Messing ist ein ausgezeichneter Stromleiter und erm\u00f6glicht einen effizienten Stromfluss zwischen der Batterie und den angeschlossenen Ger\u00e4ten.<br \/>\nKorrosionsbest\u00e4ndigkeit: Messingklemmen sind korrosionsbest\u00e4ndig und gew\u00e4hrleisten so eine l\u00e4ngere Lebensdauer und zuverl\u00e4ssige Leistung.<br \/>\nMechanische Festigkeit: Messing bietet robuste mechanische Verbindungen und gew\u00e4hrleistet eine sichere Befestigung am Batteriepol und Kabel.<br \/>\nVielseitigkeit: Batterieklemmen aus Messing sind in verschiedenen Gr\u00f6\u00dfen und Konfigurationen erh\u00e4ltlich und daher f\u00fcr eine Vielzahl von Batterietypen und Anwendungen geeignet.<br \/>\nDie ordnungsgem\u00e4\u00dfe Installation von Messing-Batterieklemmen ist entscheidend f\u00fcr die Aufrechterhaltung einer stabilen elektrischen Verbindung und die Gew\u00e4hrleistung der Sicherheit. Es ist wichtig, die richtige Gr\u00f6\u00dfe und Art der Klemme auszuw\u00e4hlen, die zum Batteriepol und zur Kabelgr\u00f6\u00dfe passt.<\/p>\n<p>Material<br \/>\nMessing \u2013 BS 2872 CZ 112.<br \/>\nKupfer \u2013 BS 2872 C 101, 102.<\/p>\n<p>Oberfl\u00e4chenbeschaffenheit<br \/>\n: Natur, galvanisch verzinnt, verchromt oder vernickelt.<\/p>\n<p>Gr\u00f6\u00dfen<br \/>\nGem\u00e4\u00df Spezifikation<\/p>\n","protected":false},"featured_media":7788,"template":"","meta":[],"product_brand":[],"product_cat":[392],"product_tag":[],"class_list":{"0":"post-12127","1":"product","2":"type-product","3":"status-publish","4":"has-post-thumbnail","6":"product_cat-batterieklemmen","8":"first","9":"instock","10":"shipping-taxable","11":"product-type-simple"},"yoast_head":"<!-- This site is optimized with the Yoast SEO plugin v27.3 - https:\/\/yoast.com\/product\/yoast-seo-wordpress\/ -->\n<title>Messing-Batterieklemmen<\/title>\n<meta name=\"description\" content=\"Conex bietet eine umfassende Auswahl an Messing- und Kupfer-Batterieklemmen und stellt zuverl\u00e4ssige und qualitativ hochwertige Verbindungsl\u00f6sungen sicher. Unser Produktsortiment umfasst verschiedene Arten von Batterieklemmen wie Winkeltype, Lucas-Typ und Autobatterieklemmen. Mit Optionen in Druckguss-, Schmiede-, Stanz- und Gussteil-Batterieklemmen erf\u00fcllt unser Angebot die vielf\u00e4ltigen Bed\u00fcrfnisse von Herstellern, Exporteuren und Lieferanten. Vertrauen Sie Conex f\u00fcr langlebige Komponenten, die internationalen Standards entsprechen und die Leistung und Zuverl\u00e4ssigkeit Ihrer elektrischen Systeme verbessern.\" \/>\n<meta name=\"robots\" content=\"index, follow, max-snippet:-1, max-image-preview:large, max-video-preview:-1\" \/>\n<link rel=\"canonical\" href=\"https:\/\/conexmetals.com\/de\/produkt\/messing-batterieklemmen\/\" \/>\n<script type=\"application\/ld+json\" class=\"yoast-schema-graph\">{\"@context\":\"https:\\\/\\\/schema.org\",\"@graph\":[{\"@type\":\"WebPage\",\"@id\":\"https:\\\/\\\/conexmetals.com\\\/de\\\/produkt\\\/messing-batterieklemmen\\\/\",\"url\":\"https:\\\/\\\/conexmetals.com\\\/de\\\/produkt\\\/messing-batterieklemmen\\\/\",\"name\":\"Messing-Batterieklemmen\",\"isPartOf\":{\"@id\":\"https:\\\/\\\/conexmetals.com\\\/de\\\/#website\"},\"primaryImageOfPage\":{\"@id\":\"https:\\\/\\\/conexmetals.com\\\/de\\\/produkt\\\/messing-batterieklemmen\\\/#primaryimage\"},\"image\":{\"@id\":\"https:\\\/\\\/conexmetals.com\\\/de\\\/produkt\\\/messing-batterieklemmen\\\/#primaryimage\"},\"thumbnailUrl\":\"https:\\\/\\\/conexmetals.com\\\/wp-content\\\/uploads\\\/2024\\\/10\\\/Batterieklemmen.png\",\"datePublished\":\"2023-08-17T06:48:25+00:00\",\"dateModified\":\"2024-12-14T11:35:51+00:00\",\"description\":\"Conex bietet eine umfassende Auswahl an Messing- und Kupfer-Batterieklemmen und stellt zuverl\u00e4ssige und qualitativ hochwertige Verbindungsl\u00f6sungen sicher. Unser Produktsortiment umfasst verschiedene Arten von Batterieklemmen wie Winkeltype, Lucas-Typ und Autobatterieklemmen. Mit Optionen in Druckguss-, Schmiede-, Stanz- und Gussteil-Batterieklemmen erf\u00fcllt unser Angebot die vielf\u00e4ltigen Bed\u00fcrfnisse von Herstellern, Exporteuren und Lieferanten. Vertrauen Sie Conex f\u00fcr langlebige Komponenten, die internationalen Standards entsprechen und die Leistung und Zuverl\u00e4ssigkeit Ihrer elektrischen Systeme verbessern.\",\"breadcrumb\":{\"@id\":\"https:\\\/\\\/conexmetals.com\\\/de\\\/produkt\\\/messing-batterieklemmen\\\/#breadcrumb\"},\"inLanguage\":\"de\",\"potentialAction\":[{\"@type\":\"ReadAction\",\"target\":[\"https:\\\/\\\/conexmetals.com\\\/de\\\/produkt\\\/messing-batterieklemmen\\\/\"]}]},{\"@type\":\"ImageObject\",\"inLanguage\":\"de\",\"@id\":\"https:\\\/\\\/conexmetals.com\\\/de\\\/produkt\\\/messing-batterieklemmen\\\/#primaryimage\",\"url\":\"https:\\\/\\\/conexmetals.com\\\/wp-content\\\/uploads\\\/2024\\\/10\\\/Batterieklemmen.png\",\"contentUrl\":\"https:\\\/\\\/conexmetals.com\\\/wp-content\\\/uploads\\\/2024\\\/10\\\/Batterieklemmen.png\",\"width\":300,\"height\":300,\"caption\":\"Batterieklemmen\"},{\"@type\":\"BreadcrumbList\",\"@id\":\"https:\\\/\\\/conexmetals.com\\\/de\\\/produkt\\\/messing-batterieklemmen\\\/#breadcrumb\",\"itemListElement\":[{\"@type\":\"ListItem\",\"position\":1,\"name\":\"Home\",\"item\":\"https:\\\/\\\/conexmetals.com\\\/de\\\/heim\\\/\"},{\"@type\":\"ListItem\",\"position\":2,\"name\":\"Products\",\"item\":\"https:\\\/\\\/conexmetals.com\\\/products\\\/\"},{\"@type\":\"ListItem\",\"position\":3,\"name\":\"Messing-Batterieklemmen\"}]},{\"@type\":\"WebSite\",\"@id\":\"https:\\\/\\\/conexmetals.com\\\/de\\\/#website\",\"url\":\"https:\\\/\\\/conexmetals.com\\\/de\\\/\",\"name\":\"Conex Metals Brass Fittings Brass Parts Copper Parts Brass Components Brass Plumbing Fittings India\",\"description\":\"Manufacturer of Bronze Fittings casting Copper Brass parts components\",\"publisher\":{\"@id\":\"https:\\\/\\\/conexmetals.com\\\/de\\\/#organization\"},\"potentialAction\":[{\"@type\":\"SearchAction\",\"target\":{\"@type\":\"EntryPoint\",\"urlTemplate\":\"https:\\\/\\\/conexmetals.com\\\/de\\\/?s={search_term_string}\"},\"query-input\":{\"@type\":\"PropertyValueSpecification\",\"valueRequired\":true,\"valueName\":\"search_term_string\"}}],\"inLanguage\":\"de\"},{\"@type\":\"Organization\",\"@id\":\"https:\\\/\\\/conexmetals.com\\\/de\\\/#organization\",\"name\":\"Conex Metals Brass Fittings Brass Parts Copper Parts Brass Components Brass Plumbing Fittings India\",\"url\":\"https:\\\/\\\/conexmetals.com\\\/de\\\/\",\"logo\":{\"@type\":\"ImageObject\",\"inLanguage\":\"de\",\"@id\":\"https:\\\/\\\/conexmetals.com\\\/de\\\/#\\\/schema\\\/logo\\\/image\\\/\",\"url\":\"https:\\\/\\\/conexmetals.com\\\/wp-content\\\/uploads\\\/2024\\\/03\\\/conex-metals-logo.webp\",\"contentUrl\":\"https:\\\/\\\/conexmetals.com\\\/wp-content\\\/uploads\\\/2024\\\/03\\\/conex-metals-logo.webp\",\"width\":300,\"height\":121,\"caption\":\"Conex Metals Brass Fittings Brass Parts Copper Parts Brass Components Brass Plumbing Fittings India\"},\"image\":{\"@id\":\"https:\\\/\\\/conexmetals.com\\\/de\\\/#\\\/schema\\\/logo\\\/image\\\/\"},\"sameAs\":[\"https:\\\/\\\/www.facebook.com\\\/conexbrass\",\"https:\\\/\\\/x.com\\\/conexindia\",\"https:\\\/\\\/www.linkedin.com\\\/company\\\/conex-metals-india\\\/\",\"https:\\\/\\\/www.instagram.com\\\/conexindia\\\/\"]}]}<\/script>\n<!-- \/ Yoast SEO plugin. -->","yoast_head_json":{"title":"Messing-Batterieklemmen","description":"Conex bietet eine umfassende Auswahl an Messing- und Kupfer-Batterieklemmen und stellt zuverl\u00e4ssige und qualitativ hochwertige Verbindungsl\u00f6sungen sicher. Unser Produktsortiment umfasst verschiedene Arten von Batterieklemmen wie Winkeltype, Lucas-Typ und Autobatterieklemmen. Mit Optionen in Druckguss-, Schmiede-, Stanz- und Gussteil-Batterieklemmen erf\u00fcllt unser Angebot die vielf\u00e4ltigen Bed\u00fcrfnisse von Herstellern, Exporteuren und Lieferanten. Vertrauen Sie Conex f\u00fcr langlebige Komponenten, die internationalen Standards entsprechen und die Leistung und Zuverl\u00e4ssigkeit Ihrer elektrischen Systeme verbessern.","robots":{"index":"index","follow":"follow","max-snippet":"max-snippet:-1","max-image-preview":"max-image-preview:large","max-video-preview":"max-video-preview:-1"},"canonical":"https:\/\/conexmetals.com\/de\/produkt\/messing-batterieklemmen\/","schema":{"@context":"https:\/\/schema.org","@graph":[{"@type":"WebPage","@id":"https:\/\/conexmetals.com\/de\/produkt\/messing-batterieklemmen\/","url":"https:\/\/conexmetals.com\/de\/produkt\/messing-batterieklemmen\/","name":"Messing-Batterieklemmen","isPartOf":{"@id":"https:\/\/conexmetals.com\/de\/#website"},"primaryImageOfPage":{"@id":"https:\/\/conexmetals.com\/de\/produkt\/messing-batterieklemmen\/#primaryimage"},"image":{"@id":"https:\/\/conexmetals.com\/de\/produkt\/messing-batterieklemmen\/#primaryimage"},"thumbnailUrl":"https:\/\/conexmetals.com\/wp-content\/uploads\/2024\/10\/Batterieklemmen.png","datePublished":"2023-08-17T06:48:25+00:00","dateModified":"2024-12-14T11:35:51+00:00","description":"Conex bietet eine umfassende Auswahl an Messing- und Kupfer-Batterieklemmen und stellt zuverl\u00e4ssige und qualitativ hochwertige Verbindungsl\u00f6sungen sicher. Unser Produktsortiment umfasst verschiedene Arten von Batterieklemmen wie Winkeltype, Lucas-Typ und Autobatterieklemmen. Mit Optionen in Druckguss-, Schmiede-, Stanz- und Gussteil-Batterieklemmen erf\u00fcllt unser Angebot die vielf\u00e4ltigen Bed\u00fcrfnisse von Herstellern, Exporteuren und Lieferanten. Vertrauen Sie Conex f\u00fcr langlebige Komponenten, die internationalen Standards entsprechen und die Leistung und Zuverl\u00e4ssigkeit Ihrer elektrischen Systeme verbessern.","breadcrumb":{"@id":"https:\/\/conexmetals.com\/de\/produkt\/messing-batterieklemmen\/#breadcrumb"},"inLanguage":"de","potentialAction":[{"@type":"ReadAction","target":["https:\/\/conexmetals.com\/de\/produkt\/messing-batterieklemmen\/"]}]},{"@type":"ImageObject","inLanguage":"de","@id":"https:\/\/conexmetals.com\/de\/produkt\/messing-batterieklemmen\/#primaryimage","url":"https:\/\/conexmetals.com\/wp-content\/uploads\/2024\/10\/Batterieklemmen.png","contentUrl":"https:\/\/conexmetals.com\/wp-content\/uploads\/2024\/10\/Batterieklemmen.png","width":300,"height":300,"caption":"Batterieklemmen"},{"@type":"BreadcrumbList","@id":"https:\/\/conexmetals.com\/de\/produkt\/messing-batterieklemmen\/#breadcrumb","itemListElement":[{"@type":"ListItem","position":1,"name":"Home","item":"https:\/\/conexmetals.com\/de\/heim\/"},{"@type":"ListItem","position":2,"name":"Products","item":"https:\/\/conexmetals.com\/products\/"},{"@type":"ListItem","position":3,"name":"Messing-Batterieklemmen"}]},{"@type":"WebSite","@id":"https:\/\/conexmetals.com\/de\/#website","url":"https:\/\/conexmetals.com\/de\/","name":"Conex Metals Brass Fittings Brass Parts Copper Parts Brass Components Brass Plumbing Fittings India","description":"Manufacturer of Bronze Fittings casting Copper Brass parts components","publisher":{"@id":"https:\/\/conexmetals.com\/de\/#organization"},"potentialAction":[{"@type":"SearchAction","target":{"@type":"EntryPoint","urlTemplate":"https:\/\/conexmetals.com\/de\/?s={search_term_string}"},"query-input":{"@type":"PropertyValueSpecification","valueRequired":true,"valueName":"search_term_string"}}],"inLanguage":"de"},{"@type":"Organization","@id":"https:\/\/conexmetals.com\/de\/#organization","name":"Conex Metals Brass Fittings Brass Parts Copper Parts Brass Components Brass Plumbing Fittings India","url":"https:\/\/conexmetals.com\/de\/","logo":{"@type":"ImageObject","inLanguage":"de","@id":"https:\/\/conexmetals.com\/de\/#\/schema\/logo\/image\/","url":"https:\/\/conexmetals.com\/wp-content\/uploads\/2024\/03\/conex-metals-logo.webp","contentUrl":"https:\/\/conexmetals.com\/wp-content\/uploads\/2024\/03\/conex-metals-logo.webp","width":300,"height":121,"caption":"Conex Metals Brass Fittings Brass Parts Copper Parts Brass Components Brass Plumbing Fittings India"},"image":{"@id":"https:\/\/conexmetals.com\/de\/#\/schema\/logo\/image\/"},"sameAs":["https:\/\/www.facebook.com\/conexbrass","https:\/\/x.com\/conexindia","https:\/\/www.linkedin.com\/company\/conex-metals-india\/","https:\/\/www.instagram.com\/conexindia\/"]}]}},"_links":{"self":[{"href":"https:\/\/conexmetals.com\/de\/wp-json\/wp\/v2\/product\/12127","targetHints":{"allow":["GET"]}}],"collection":[{"href":"https:\/\/conexmetals.com\/de\/wp-json\/wp\/v2\/product"}],"about":[{"href":"https:\/\/conexmetals.com\/de\/wp-json\/wp\/v2\/types\/product"}],"wp:featuredmedia":[{"embeddable":true,"href":"https:\/\/conexmetals.com\/de\/wp-json\/wp\/v2\/media\/7788"}],"wp:attachment":[{"href":"https:\/\/conexmetals.com\/de\/wp-json\/wp\/v2\/media?parent=12127"}],"wp:term":[{"taxonomy":"product_brand","embeddable":true,"href":"https:\/\/conexmetals.com\/de\/wp-json\/wp\/v2\/product_brand?post=12127"},{"taxonomy":"product_cat","embeddable":true,"href":"https:\/\/conexmetals.com\/de\/wp-json\/wp\/v2\/product_cat?post=12127"},{"taxonomy":"product_tag","embeddable":true,"href":"https:\/\/conexmetals.com\/de\/wp-json\/wp\/v2\/product_tag?post=12127"}],"curies":[{"name":"wp","href":"https:\/\/api.w.org\/{rel}","templated":true}]}}