{"id":12216,"date":"2023-08-18T10:43:57","date_gmt":"2023-08-18T05:13:57","guid":{"rendered":"https:\/\/conexmetals.com\/?post_type=product&#038;p=12216"},"modified":"2024-12-19T11:02:27","modified_gmt":"2024-12-19T05:32:27","slug":"bimetallische-kupfer-und-aluminium-terminals","status":"publish","type":"product","link":"https:\/\/conexmetals.com\/de\/produkt\/bimetallische-kupfer-und-aluminium-terminals\/","title":{"rendered":"Bimetallische Kupfer- und Aluminium-Terminals"},"content":{"rendered":"","protected":false},"excerpt":{"rendered":"<table id=\"tablepress-384\" class=\"tablepress tablepress-id-384\">\n<caption>\u00a0<\/caption>\n<thead>\n<tr class=\"row-1 odd\">\n<th class=\"column-1\" colspan=\"6\"><strong>Ma\u00dfblatt<\/strong><\/th>\n<\/tr>\n<\/thead>\n<tbody class=\"row-hover\">\n<tr class=\"row-2 even\">\n<td class=\"column-1\" rowspan=\"2\"><strong>Seriennummer<\/strong><\/td>\n<td class=\"column-2\" rowspan=\"2\"><strong>Fl\u00e4che mm\u00a0<sup>2<\/sup><\/strong><\/td>\n<td class=\"column-3\" rowspan=\"2\"><strong>\u00d8E (Bolzengr\u00f6\u00dfe)<\/strong><\/td>\n<td class=\"column-4\" colspan=\"3\"><strong>Ma\u00dfe in mm<\/strong><\/td>\n<\/tr>\n<tr class=\"row-3 odd\">\n<td class=\"column-4\"><strong>\u00d8A<\/strong><\/td>\n<td class=\"column-5\"><strong>D<\/strong><\/td>\n<td class=\"column-6\"><strong>J<\/strong><\/td>\n<\/tr>\n<tr class=\"row-4 even\">\n<td class=\"column-1\">1<\/td>\n<td class=\"column-2\">25<\/td>\n<td class=\"column-3\">M8\/10<\/td>\n<td class=\"column-4\">6.5<\/td>\n<td class=\"column-5\">20<\/td>\n<td class=\"column-6\">79<\/td>\n<\/tr>\n<tr class=\"row-5 odd\">\n<td class=\"column-1\">2<\/td>\n<td class=\"column-2\">35<\/td>\n<td class=\"column-3\">M8\/10<\/td>\n<td class=\"column-4\">8<\/td>\n<td class=\"column-5\">20<\/td>\n<td class=\"column-6\">79<\/td>\n<\/tr>\n<tr class=\"row-6 even\">\n<td class=\"column-1\">3<\/td>\n<td class=\"column-2\">50<\/td>\n<td class=\"column-3\">M10\/12\/14<\/td>\n<td class=\"column-4\">9<\/td>\n<td class=\"column-5\">24<\/td>\n<td class=\"column-6\">88<\/td>\n<\/tr>\n<tr class=\"row-7 odd\">\n<td class=\"column-1\">4<\/td>\n<td class=\"column-2\">70<\/td>\n<td class=\"column-3\">M10\/12\/14<\/td>\n<td class=\"column-4\">11<\/td>\n<td class=\"column-5\">24<\/td>\n<td class=\"column-6\">88<\/td>\n<\/tr>\n<tr class=\"row-8 even\">\n<td class=\"column-1\">5<\/td>\n<td class=\"column-2\">95<\/td>\n<td class=\"column-3\">M10\/12\/14<\/td>\n<td class=\"column-4\">12<\/td>\n<td class=\"column-5\">24<\/td>\n<td class=\"column-6\">88<\/td>\n<\/tr>\n<tr class=\"row-9 odd\">\n<td class=\"column-1\">6<\/td>\n<td class=\"column-2\">120<\/td>\n<td class=\"column-3\">M10\/12\/14<\/td>\n<td class=\"column-4\">14<\/td>\n<td class=\"column-5\">30<\/td>\n<td class=\"column-6\">110<\/td>\n<\/tr>\n<tr class=\"row-10 even\">\n<td class=\"column-1\">7<\/td>\n<td class=\"column-2\">150<\/td>\n<td class=\"column-3\">M10\/12\/14<\/td>\n<td class=\"column-4\">15.5<\/td>\n<td class=\"column-5\">30<\/td>\n<td class=\"column-6\">110<\/td>\n<\/tr>\n<tr class=\"row-11 odd\">\n<td class=\"column-1\">8<\/td>\n<td class=\"column-2\">185<\/td>\n<td class=\"column-3\">M10\/12\/14<\/td>\n<td class=\"column-4\">17<\/td>\n<td class=\"column-5\">35<\/td>\n<td class=\"column-6\">116<\/td>\n<\/tr>\n<tr class=\"row-12 even\">\n<td class=\"column-1\">9<\/td>\n<td class=\"column-2\">240<\/td>\n<td class=\"column-3\">M10\/12\/16<\/td>\n<td class=\"column-4\">19,5<\/td>\n<td class=\"column-5\">35<\/td>\n<td class=\"column-6\">116<\/td>\n<\/tr>\n<tr class=\"row-13 odd\">\n<td class=\"column-1\">10<\/td>\n<td class=\"column-2\">300<\/td>\n<td class=\"column-3\">M10\/12\/16<\/td>\n<td class=\"column-4\">23<\/td>\n<td class=\"column-5\">36<\/td>\n<td class=\"column-6\">130<\/td>\n<\/tr>\n<tr class=\"row-14 even\">\n<td class=\"column-1\">11<\/td>\n<td class=\"column-2\">400<\/td>\n<td class=\"column-3\">M10\/12\/16<\/td>\n<td class=\"column-4\">26<\/td>\n<td class=\"column-5\">36<\/td>\n<td class=\"column-6\">150<\/td>\n<\/tr>\n<tr class=\"row-15 odd\">\n<td class=\"column-1\">13<\/td>\n<td class=\"column-2\">500<\/td>\n<td class=\"column-3\">M10\/12\/16<\/td>\n<td class=\"column-4\">29<\/td>\n<td class=\"column-5\">36<\/td>\n<td class=\"column-6\">150<\/td>\n<\/tr>\n<tr class=\"row-16 even\">\n<td class=\"column-1\"><\/td>\n<td class=\"column-2\">630<\/td>\n<td class=\"column-3\">&#8211;<\/td>\n<td class=\"column-4\">32<\/td>\n<td class=\"column-5\">36<\/td>\n<td class=\"column-6\">150<\/td>\n<\/tr>\n<\/tbody>\n<\/table>\n<p><img fetchpriority=\"high\" decoding=\"async\" class=\"alignnone size-full wp-image-12143 lazy loaded\" src=\"https:\/\/conexmetals.com\/wp-content\/uploads\/2023\/08\/Bi-Metallic-Copper-and-Aluminium-Terminals.webp\" alt=\"Bimetallische Kupfer- und Aluminiumklemmen\" width=\"300\" height=\"187\" data-src=\"https:\/\/conexmetals.com\/wp-content\/uploads\/2023\/08\/Bi-Metallic-Copper-and-Aluminium-Terminals.webp\" data-was-processed=\"true\" \/>Bimetallische Kupfer- und Aluminiumklemmen, auch als Bimetall\u00f6sen oder Bimetall-Steckverbinder bekannt, sind spezielle elektrische Steckverbinder, die f\u00fcr die Herstellung zuverl\u00e4ssiger elektrischer Verbindungen zwischen Kupfer- und Aluminiumleitern entwickelt wurden. Diese Steckverbinder werden zum Verbinden von Kupferkabeln mit Aluminiumkabeln und zum Verbinden unterschiedlicher Metalle in elektrischen Anwendungen verwendet.<\/p>\n<p>&nbsp;<\/p>\n<p>Zu den wichtigsten Merkmalen und Einsatzm\u00f6glichkeiten bimetallischer Kupfer- und Aluminiumklemmen geh\u00f6ren:<\/p>\n<ol>\n<li>Material: Bimetall-Anschl\u00fcsse bestehen aus zwei Hauptteilen \u2013 einem Kupferteil und einem Aluminiumteil. Der Kupferteil besteht aus hochleitf\u00e4higem Kupfer und der Aluminiumteil aus hochwertigem Aluminium.<\/li>\n<li>\u00dcbergangsdesign: Bimetallklemmen sind f\u00fcr die Aufnahme von Kupfer- und Aluminiumleitern ausgelegt. Die beiden Metalle sind metallurgisch verbunden oder mechanisch zusammengeklemmt, um eine zuverl\u00e4ssige Verbindung mit geringem Widerstand zu gew\u00e4hrleisten.<\/li>\n<li>Vermeidung galvanischer Korrosion: Wenn Kupfer und Aluminium ohne ordnungsgem\u00e4\u00dfen \u00dcbergang in direkten Kontakt kommen, kann es aufgrund der unterschiedlichen elektrochemischen Eigenschaften der Metalle zu galvanischer Korrosion kommen. Bimetallanschl\u00fcsse helfen, dieses Korrosionsproblem zu vermeiden.<\/li>\n<li>Gr\u00f6\u00dfe: Bimetall-Klemmen sind in verschiedenen Gr\u00f6\u00dfen erh\u00e4ltlich, um verschiedenen Durchmessern von Kupfer- und Aluminiumkabeln gerecht zu werden und erm\u00f6glichen so ein breites Spektrum an Kabelabschlussanwendungen.<\/li>\n<li>Abschluss: Sie werden normalerweise durch Kompressions- oder Crimpverfahren an den Kabelenden angebracht, wodurch eine zuverl\u00e4ssige und dauerhafte elektrische Verbindung entsteht.<\/li>\n<li>Anwendungen: Bimetallische Kupfer- und Aluminiumklemmen werden in verschiedenen elektrischen Systemen verwendet, in denen Verbindungen zwischen Kupfer- und Aluminiumleitern erforderlich sind, wie etwa bei der Stromverteilung, in Schalttafeln und Transformatoren.<\/li>\n<li>Elektrische Sicherheit: Bimetallische Anschl\u00fcsse gew\u00e4hrleisten eine sichere elektrische Verbindung, verringern das Risiko einer galvanischen Korrosion und gew\u00e4hrleisten die elektrische Sicherheit.<\/li>\n<li>Haltbarkeit: Die metallurgische Bindung oder mechanische Klemmung von Kupfer und Aluminium in den Bimetall-Anschl\u00fcssen sorgt f\u00fcr Haltbarkeit und Best\u00e4ndigkeit gegen\u00fcber Umwelteinfl\u00fcssen.<\/li>\n<\/ol>\n<p>Bei Kupfer-Aluminium-Verbindungen ist die Verwendung bimetallischer Kupfer- und Aluminiumklemmen unerl\u00e4sslich, um die potenziellen Risiken galvanischer Korrosion zu vermeiden. Die richtige Auswahl und Installation dieser Klemmen ist entscheidend f\u00fcr eine zuverl\u00e4ssige, langlebige und sichere elektrische Verbindung.<\/p>\n","protected":false},"featured_media":7108,"template":"","meta":[],"product_brand":[],"product_cat":[404],"product_tag":[],"class_list":{"0":"post-12216","1":"product","2":"type-product","3":"status-publish","4":"has-post-thumbnail","6":"product_cat-kabelklemmen-und-osen","8":"first","9":"instock","10":"shipping-taxable","11":"product-type-simple"},"yoast_head":"<!-- This site is optimized with the Yoast SEO plugin v27.3 - https:\/\/yoast.com\/product\/yoast-seo-wordpress\/ -->\n<title>Bimetallische Kupfer- und Aluminium-Terminals<\/title>\n<meta name=\"description\" content=\"Conex Metals bietet hochwertige bimetallische Kupfer- und Aluminiumklemmen, einschlie\u00dflich Bimetallkabelschuhe und Crimpklemmen. Unsere elektrolytischen Bimetallklemmen und reibungsgeschwei\u00dften Kabelschuhe gew\u00e4hrleisten hohe Leitf\u00e4higkeit und Korrosionsbest\u00e4ndigkeit. F\u00fchrender Hersteller, Exporteur und Lieferant aus Indien.\" \/>\n<meta name=\"robots\" content=\"index, follow, max-snippet:-1, max-image-preview:large, max-video-preview:-1\" \/>\n<link rel=\"canonical\" href=\"https:\/\/conexmetals.com\/de\/produkt\/bimetallische-kupfer-und-aluminium-terminals\/\" \/>\n<script type=\"application\/ld+json\" class=\"yoast-schema-graph\">{\"@context\":\"https:\\\/\\\/schema.org\",\"@graph\":[{\"@type\":\"WebPage\",\"@id\":\"https:\\\/\\\/conexmetals.com\\\/de\\\/produkt\\\/bimetallische-kupfer-und-aluminium-terminals\\\/\",\"url\":\"https:\\\/\\\/conexmetals.com\\\/de\\\/produkt\\\/bimetallische-kupfer-und-aluminium-terminals\\\/\",\"name\":\"Bimetallische Kupfer- und Aluminium-Terminals\",\"isPartOf\":{\"@id\":\"https:\\\/\\\/conexmetals.com\\\/de\\\/#website\"},\"primaryImageOfPage\":{\"@id\":\"https:\\\/\\\/conexmetals.com\\\/de\\\/produkt\\\/bimetallische-kupfer-und-aluminium-terminals\\\/#primaryimage\"},\"image\":{\"@id\":\"https:\\\/\\\/conexmetals.com\\\/de\\\/produkt\\\/bimetallische-kupfer-und-aluminium-terminals\\\/#primaryimage\"},\"thumbnailUrl\":\"https:\\\/\\\/conexmetals.com\\\/wp-content\\\/uploads\\\/2024\\\/12\\\/Bimetallic-Copper-and-Aluminium-Terminals.webp\",\"datePublished\":\"2023-08-18T05:13:57+00:00\",\"dateModified\":\"2024-12-19T05:32:27+00:00\",\"description\":\"Conex Metals bietet hochwertige bimetallische Kupfer- und Aluminiumklemmen, einschlie\u00dflich Bimetallkabelschuhe und Crimpklemmen. Unsere elektrolytischen Bimetallklemmen und reibungsgeschwei\u00dften Kabelschuhe gew\u00e4hrleisten hohe Leitf\u00e4higkeit und Korrosionsbest\u00e4ndigkeit. F\u00fchrender Hersteller, Exporteur und Lieferant aus Indien.\",\"breadcrumb\":{\"@id\":\"https:\\\/\\\/conexmetals.com\\\/de\\\/produkt\\\/bimetallische-kupfer-und-aluminium-terminals\\\/#breadcrumb\"},\"inLanguage\":\"de\",\"potentialAction\":[{\"@type\":\"ReadAction\",\"target\":[\"https:\\\/\\\/conexmetals.com\\\/de\\\/produkt\\\/bimetallische-kupfer-und-aluminium-terminals\\\/\"]}]},{\"@type\":\"ImageObject\",\"inLanguage\":\"de\",\"@id\":\"https:\\\/\\\/conexmetals.com\\\/de\\\/produkt\\\/bimetallische-kupfer-und-aluminium-terminals\\\/#primaryimage\",\"url\":\"https:\\\/\\\/conexmetals.com\\\/wp-content\\\/uploads\\\/2024\\\/12\\\/Bimetallic-Copper-and-Aluminium-Terminals.webp\",\"contentUrl\":\"https:\\\/\\\/conexmetals.com\\\/wp-content\\\/uploads\\\/2024\\\/12\\\/Bimetallic-Copper-and-Aluminium-Terminals.webp\",\"width\":350,\"height\":350,\"caption\":\"Bimetallische Kupfer- und Aluminium-Terminals\"},{\"@type\":\"BreadcrumbList\",\"@id\":\"https:\\\/\\\/conexmetals.com\\\/de\\\/produkt\\\/bimetallische-kupfer-und-aluminium-terminals\\\/#breadcrumb\",\"itemListElement\":[{\"@type\":\"ListItem\",\"position\":1,\"name\":\"Home\",\"item\":\"https:\\\/\\\/conexmetals.com\\\/de\\\/heim\\\/\"},{\"@type\":\"ListItem\",\"position\":2,\"name\":\"Products\",\"item\":\"https:\\\/\\\/conexmetals.com\\\/products\\\/\"},{\"@type\":\"ListItem\",\"position\":3,\"name\":\"Bimetallische Kupfer- und Aluminium-Terminals\"}]},{\"@type\":\"WebSite\",\"@id\":\"https:\\\/\\\/conexmetals.com\\\/de\\\/#website\",\"url\":\"https:\\\/\\\/conexmetals.com\\\/de\\\/\",\"name\":\"Conex Metals Brass Fittings Brass Parts Copper Parts Brass Components Brass Plumbing Fittings India\",\"description\":\"Manufacturer of Bronze Fittings casting Copper Brass parts components\",\"publisher\":{\"@id\":\"https:\\\/\\\/conexmetals.com\\\/de\\\/#organization\"},\"potentialAction\":[{\"@type\":\"SearchAction\",\"target\":{\"@type\":\"EntryPoint\",\"urlTemplate\":\"https:\\\/\\\/conexmetals.com\\\/de\\\/?s={search_term_string}\"},\"query-input\":{\"@type\":\"PropertyValueSpecification\",\"valueRequired\":true,\"valueName\":\"search_term_string\"}}],\"inLanguage\":\"de\"},{\"@type\":\"Organization\",\"@id\":\"https:\\\/\\\/conexmetals.com\\\/de\\\/#organization\",\"name\":\"Conex Metals Brass Fittings Brass Parts Copper Parts Brass Components Brass Plumbing Fittings India\",\"url\":\"https:\\\/\\\/conexmetals.com\\\/de\\\/\",\"logo\":{\"@type\":\"ImageObject\",\"inLanguage\":\"de\",\"@id\":\"https:\\\/\\\/conexmetals.com\\\/de\\\/#\\\/schema\\\/logo\\\/image\\\/\",\"url\":\"https:\\\/\\\/conexmetals.com\\\/wp-content\\\/uploads\\\/2024\\\/03\\\/conex-metals-logo.webp\",\"contentUrl\":\"https:\\\/\\\/conexmetals.com\\\/wp-content\\\/uploads\\\/2024\\\/03\\\/conex-metals-logo.webp\",\"width\":300,\"height\":121,\"caption\":\"Conex Metals Brass Fittings Brass Parts Copper Parts Brass Components Brass Plumbing Fittings India\"},\"image\":{\"@id\":\"https:\\\/\\\/conexmetals.com\\\/de\\\/#\\\/schema\\\/logo\\\/image\\\/\"},\"sameAs\":[\"https:\\\/\\\/www.facebook.com\\\/conexbrass\",\"https:\\\/\\\/x.com\\\/conexindia\",\"https:\\\/\\\/www.linkedin.com\\\/company\\\/conex-metals-india\\\/\",\"https:\\\/\\\/www.instagram.com\\\/conexindia\\\/\"]}]}<\/script>\n<!-- \/ Yoast SEO plugin. -->","yoast_head_json":{"title":"Bimetallische Kupfer- und Aluminium-Terminals","description":"Conex Metals bietet hochwertige bimetallische Kupfer- und Aluminiumklemmen, einschlie\u00dflich Bimetallkabelschuhe und Crimpklemmen. Unsere elektrolytischen Bimetallklemmen und reibungsgeschwei\u00dften Kabelschuhe gew\u00e4hrleisten hohe Leitf\u00e4higkeit und Korrosionsbest\u00e4ndigkeit. F\u00fchrender Hersteller, Exporteur und Lieferant aus Indien.","robots":{"index":"index","follow":"follow","max-snippet":"max-snippet:-1","max-image-preview":"max-image-preview:large","max-video-preview":"max-video-preview:-1"},"canonical":"https:\/\/conexmetals.com\/de\/produkt\/bimetallische-kupfer-und-aluminium-terminals\/","schema":{"@context":"https:\/\/schema.org","@graph":[{"@type":"WebPage","@id":"https:\/\/conexmetals.com\/de\/produkt\/bimetallische-kupfer-und-aluminium-terminals\/","url":"https:\/\/conexmetals.com\/de\/produkt\/bimetallische-kupfer-und-aluminium-terminals\/","name":"Bimetallische Kupfer- und Aluminium-Terminals","isPartOf":{"@id":"https:\/\/conexmetals.com\/de\/#website"},"primaryImageOfPage":{"@id":"https:\/\/conexmetals.com\/de\/produkt\/bimetallische-kupfer-und-aluminium-terminals\/#primaryimage"},"image":{"@id":"https:\/\/conexmetals.com\/de\/produkt\/bimetallische-kupfer-und-aluminium-terminals\/#primaryimage"},"thumbnailUrl":"https:\/\/conexmetals.com\/wp-content\/uploads\/2024\/12\/Bimetallic-Copper-and-Aluminium-Terminals.webp","datePublished":"2023-08-18T05:13:57+00:00","dateModified":"2024-12-19T05:32:27+00:00","description":"Conex Metals bietet hochwertige bimetallische Kupfer- und Aluminiumklemmen, einschlie\u00dflich Bimetallkabelschuhe und Crimpklemmen. Unsere elektrolytischen Bimetallklemmen und reibungsgeschwei\u00dften Kabelschuhe gew\u00e4hrleisten hohe Leitf\u00e4higkeit und Korrosionsbest\u00e4ndigkeit. F\u00fchrender Hersteller, Exporteur und Lieferant aus Indien.","breadcrumb":{"@id":"https:\/\/conexmetals.com\/de\/produkt\/bimetallische-kupfer-und-aluminium-terminals\/#breadcrumb"},"inLanguage":"de","potentialAction":[{"@type":"ReadAction","target":["https:\/\/conexmetals.com\/de\/produkt\/bimetallische-kupfer-und-aluminium-terminals\/"]}]},{"@type":"ImageObject","inLanguage":"de","@id":"https:\/\/conexmetals.com\/de\/produkt\/bimetallische-kupfer-und-aluminium-terminals\/#primaryimage","url":"https:\/\/conexmetals.com\/wp-content\/uploads\/2024\/12\/Bimetallic-Copper-and-Aluminium-Terminals.webp","contentUrl":"https:\/\/conexmetals.com\/wp-content\/uploads\/2024\/12\/Bimetallic-Copper-and-Aluminium-Terminals.webp","width":350,"height":350,"caption":"Bimetallische Kupfer- und Aluminium-Terminals"},{"@type":"BreadcrumbList","@id":"https:\/\/conexmetals.com\/de\/produkt\/bimetallische-kupfer-und-aluminium-terminals\/#breadcrumb","itemListElement":[{"@type":"ListItem","position":1,"name":"Home","item":"https:\/\/conexmetals.com\/de\/heim\/"},{"@type":"ListItem","position":2,"name":"Products","item":"https:\/\/conexmetals.com\/products\/"},{"@type":"ListItem","position":3,"name":"Bimetallische Kupfer- und Aluminium-Terminals"}]},{"@type":"WebSite","@id":"https:\/\/conexmetals.com\/de\/#website","url":"https:\/\/conexmetals.com\/de\/","name":"Conex Metals Brass Fittings Brass Parts Copper Parts Brass Components Brass Plumbing Fittings India","description":"Manufacturer of Bronze Fittings casting Copper Brass parts components","publisher":{"@id":"https:\/\/conexmetals.com\/de\/#organization"},"potentialAction":[{"@type":"SearchAction","target":{"@type":"EntryPoint","urlTemplate":"https:\/\/conexmetals.com\/de\/?s={search_term_string}"},"query-input":{"@type":"PropertyValueSpecification","valueRequired":true,"valueName":"search_term_string"}}],"inLanguage":"de"},{"@type":"Organization","@id":"https:\/\/conexmetals.com\/de\/#organization","name":"Conex Metals Brass Fittings Brass Parts Copper Parts Brass Components Brass Plumbing Fittings India","url":"https:\/\/conexmetals.com\/de\/","logo":{"@type":"ImageObject","inLanguage":"de","@id":"https:\/\/conexmetals.com\/de\/#\/schema\/logo\/image\/","url":"https:\/\/conexmetals.com\/wp-content\/uploads\/2024\/03\/conex-metals-logo.webp","contentUrl":"https:\/\/conexmetals.com\/wp-content\/uploads\/2024\/03\/conex-metals-logo.webp","width":300,"height":121,"caption":"Conex Metals Brass Fittings Brass Parts Copper Parts Brass Components Brass Plumbing Fittings India"},"image":{"@id":"https:\/\/conexmetals.com\/de\/#\/schema\/logo\/image\/"},"sameAs":["https:\/\/www.facebook.com\/conexbrass","https:\/\/x.com\/conexindia","https:\/\/www.linkedin.com\/company\/conex-metals-india\/","https:\/\/www.instagram.com\/conexindia\/"]}]}},"_links":{"self":[{"href":"https:\/\/conexmetals.com\/de\/wp-json\/wp\/v2\/product\/12216","targetHints":{"allow":["GET"]}}],"collection":[{"href":"https:\/\/conexmetals.com\/de\/wp-json\/wp\/v2\/product"}],"about":[{"href":"https:\/\/conexmetals.com\/de\/wp-json\/wp\/v2\/types\/product"}],"wp:featuredmedia":[{"embeddable":true,"href":"https:\/\/conexmetals.com\/de\/wp-json\/wp\/v2\/media\/7108"}],"wp:attachment":[{"href":"https:\/\/conexmetals.com\/de\/wp-json\/wp\/v2\/media?parent=12216"}],"wp:term":[{"taxonomy":"product_brand","embeddable":true,"href":"https:\/\/conexmetals.com\/de\/wp-json\/wp\/v2\/product_brand?post=12216"},{"taxonomy":"product_cat","embeddable":true,"href":"https:\/\/conexmetals.com\/de\/wp-json\/wp\/v2\/product_cat?post=12216"},{"taxonomy":"product_tag","embeddable":true,"href":"https:\/\/conexmetals.com\/de\/wp-json\/wp\/v2\/product_tag?post=12216"}],"curies":[{"name":"wp","href":"https:\/\/api.w.org\/{rel}","templated":true}]}}