{"id":12224,"date":"2023-08-18T10:44:32","date_gmt":"2023-08-18T05:14:32","guid":{"rendered":"https:\/\/conexmetals.com\/?post_type=product&#038;p=12224"},"modified":"2024-12-19T12:30:51","modified_gmt":"2024-12-19T07:00:51","slug":"inline-verbindungsstuecke-und-spleisse","status":"publish","type":"product","link":"https:\/\/conexmetals.com\/de\/produkt\/inline-verbindungsstuecke-und-spleisse\/","title":{"rendered":"Inline-Verbindungsst\u00fccke und Splei\u00dfe"},"content":{"rendered":"","protected":false},"excerpt":{"rendered":"<p><img decoding=\"async\" class=\"alignnone size-medium wp-image-12174 lazy loaded\" src=\"https:\/\/conexmetals.com\/wp-content\/uploads\/2023\/08\/Inline-Connectors-Splices-300x155.webp\" alt=\"Inline-Steckverbinder Splei\u00dfe\" width=\"300\" height=\"155\" data-src=\"https:\/\/conexmetals.com\/wp-content\/uploads\/2023\/08\/Inline-Connectors-Splices-300x155.webp\" data-was-processed=\"true\" srcset=\"https:\/\/conexmetals.com\/wp-content\/uploads\/2023\/08\/Inline-Connectors-Splices-300x155.webp 300w, https:\/\/conexmetals.com\/wp-content\/uploads\/2023\/08\/Inline-Connectors-Splices.webp 610w\" sizes=\"(max-width: 300px) 100vw, 300px\" \/><\/p>\n<table id=\"tablepress-386\" class=\"tablepress tablepress-id-386\">\n<caption>\u00a0<\/caption>\n<thead>\n<tr class=\"row-1 odd\">\n<th class=\"column-1\"><strong><span>Seriennummer<\/span><\/strong><\/th>\n<th class=\"column-2\"><strong><span>Fl\u00e4che mm\u00a0<\/span><sup><span>2<\/span><\/sup><\/strong><\/th>\n<th class=\"column-3\" colspan=\"3\"><span>Ma\u00dfe in mm<\/span><\/th>\n<\/tr>\n<\/thead>\n<tbody class=\"row-hover\">\n<tr class=\"row-2 even\">\n<td class=\"column-1\" colspan=\"2\"><\/td>\n<td class=\"column-3\"><strong><span>\u00d8A<\/span><\/strong><\/td>\n<td class=\"column-4\"><strong><span>\u00d8C<\/span><\/strong><\/td>\n<td class=\"column-5\"><strong><span>J<\/span><\/strong><\/td>\n<\/tr>\n<tr class=\"row-3 odd\">\n<td class=\"column-1\"><span>1<\/span><\/td>\n<td class=\"column-2\"><span>1.5<\/span><\/td>\n<td class=\"column-3\"><span>1.6<\/span><\/td>\n<td class=\"column-4\"><span>3.2<\/span><\/td>\n<td class=\"column-5\"><span>7<\/span><\/td>\n<\/tr>\n<tr class=\"row-4 even\">\n<td class=\"column-1\"><span>2<\/span><\/td>\n<td class=\"column-2\"><span>1.5<\/span><\/td>\n<td class=\"column-3\"><span>1.8<\/span><\/td>\n<td class=\"column-4\"><span>3.7<\/span><\/td>\n<td class=\"column-5\"><span>12<\/span><\/td>\n<\/tr>\n<tr class=\"row-5 odd\">\n<td class=\"column-1\"><span>3<\/span><\/td>\n<td class=\"column-2\"><span>1.5<\/span><\/td>\n<td class=\"column-3\"><span>1.8<\/span><\/td>\n<td class=\"column-4\"><span>2.6<\/span><\/td>\n<td class=\"column-5\"><span>10<\/span><\/td>\n<\/tr>\n<tr class=\"row-6 even\">\n<td class=\"column-1\"><span>4<\/span><\/td>\n<td class=\"column-2\"><span>2.5<\/span><\/td>\n<td class=\"column-3\"><span>2.4<\/span><\/td>\n<td class=\"column-4\"><span>4<\/span><\/td>\n<td class=\"column-5\"><span>15<\/span><\/td>\n<\/tr>\n<tr class=\"row-7 odd\">\n<td class=\"column-1\"><span>5<\/span><\/td>\n<td class=\"column-2\"><span>2.5<\/span><\/td>\n<td class=\"column-3\"><span>2.4<\/span><\/td>\n<td class=\"column-4\"><span>4<\/span><\/td>\n<td class=\"column-5\"><span>7<\/span><\/td>\n<\/tr>\n<tr class=\"row-8 even\">\n<td class=\"column-1\"><span>6<\/span><\/td>\n<td class=\"column-2\"><span>2.5<\/span><\/td>\n<td class=\"column-3\"><span>2<\/span><\/td>\n<td class=\"column-4\"><span>3.7<\/span><\/td>\n<td class=\"column-5\"><span>15<\/span><\/td>\n<\/tr>\n<tr class=\"row-9 odd\">\n<td class=\"column-1\"><span>7<\/span><\/td>\n<td class=\"column-2\"><span>4<\/span><\/td>\n<td class=\"column-3\"><span>3.1<\/span><\/td>\n<td class=\"column-4\"><span>4.8<\/span><\/td>\n<td class=\"column-5\"><span>15<\/span><\/td>\n<\/tr>\n<tr class=\"row-10 even\">\n<td class=\"column-1\"><span>8<\/span><\/td>\n<td class=\"column-2\"><span>4-6<\/span><\/td>\n<td class=\"column-3\"><span>3.5<\/span><\/td>\n<td class=\"column-4\"><span>5.5<\/span><\/td>\n<td class=\"column-5\"><span>15<\/span><\/td>\n<\/tr>\n<tr class=\"row-11 odd\">\n<td class=\"column-1\"><span>9<\/span><\/td>\n<td class=\"column-2\"><span>4-6<\/span><\/td>\n<td class=\"column-3\"><span>3.5<\/span><\/td>\n<td class=\"column-4\"><span>5.5<\/span><\/td>\n<td class=\"column-5\"><span>7<\/span><\/td>\n<\/tr>\n<tr class=\"row-12 even\">\n<td class=\"column-1\"><span>10<\/span><\/td>\n<td class=\"column-2\"><span>6<\/span><\/td>\n<td class=\"column-3\"><span>3.8<\/span><\/td>\n<td class=\"column-4\"><span>5.5<\/span><\/td>\n<td class=\"column-5\"><span>15<\/span><\/td>\n<\/tr>\n<tr class=\"row-13 odd\">\n<td class=\"column-1\"><span>11<\/span><\/td>\n<td class=\"column-2\"><span>10<\/span><\/td>\n<td class=\"column-3\"><span>4.4<\/span><\/td>\n<td class=\"column-4\"><span>6.2<\/span><\/td>\n<td class=\"column-5\"><span>9<\/span><\/td>\n<\/tr>\n<tr class=\"row-14 even\">\n<td class=\"column-1\"><span>12<\/span><\/td>\n<td class=\"column-2\"><span>16<\/span><\/td>\n<td class=\"column-3\"><span>5.6<\/span><\/td>\n<td class=\"column-4\"><span>8<\/span><\/td>\n<td class=\"column-5\"><span>23<\/span><\/td>\n<\/tr>\n<tr class=\"row-15 odd\">\n<td class=\"column-1\"><span>13<\/span><\/td>\n<td class=\"column-2\"><span>16<\/span><\/td>\n<td class=\"column-3\"><span>5.6<\/span><\/td>\n<td class=\"column-4\"><span>8<\/span><\/td>\n<td class=\"column-5\"><span>10<\/span><\/td>\n<\/tr>\n<tr class=\"row-16 even\">\n<td class=\"column-1\"><span>14<\/span><\/td>\n<td class=\"column-2\"><span>16<\/span><\/td>\n<td class=\"column-3\"><span>5.3<\/span><\/td>\n<td class=\"column-4\"><span>7.1<\/span><\/td>\n<td class=\"column-5\"><span>20<\/span><\/td>\n<\/tr>\n<tr class=\"row-17 odd\">\n<td class=\"column-1\"><span>15<\/span><\/td>\n<td class=\"column-2\"><span>25<\/span><\/td>\n<td class=\"column-3\"><span>7.5<\/span><\/td>\n<td class=\"column-4\"><span>11.1<\/span><\/td>\n<td class=\"column-5\"><span>25<\/span><\/td>\n<\/tr>\n<tr class=\"row-18 even\">\n<td class=\"column-1\"><span>16<\/span><\/td>\n<td class=\"column-2\"><span>25<\/span><\/td>\n<td class=\"column-3\"><span>7.5<\/span><\/td>\n<td class=\"column-4\"><span>11.1<\/span><\/td>\n<td class=\"column-5\"><span>11<\/span><\/td>\n<\/tr>\n<tr class=\"row-19 odd\">\n<td class=\"column-1\"><span>17<\/span><\/td>\n<td class=\"column-2\"><span>25<\/span><\/td>\n<td class=\"column-3\"><span>7<\/span><\/td>\n<td class=\"column-4\"><span>9<\/span><\/td>\n<td class=\"column-5\"><span>25<\/span><\/td>\n<\/tr>\n<tr class=\"row-20 even\">\n<td class=\"column-1\"><span>18<\/span><\/td>\n<td class=\"column-2\"><span>25<\/span><\/td>\n<td class=\"column-3\"><span>6.8<\/span><\/td>\n<td class=\"column-4\"><span>8,8<\/span><\/td>\n<td class=\"column-5\"><span>32<\/span><\/td>\n<\/tr>\n<tr class=\"row-21 odd\">\n<td class=\"column-1\"><span>19<\/span><\/td>\n<td class=\"column-2\"><span>35<\/span><\/td>\n<td class=\"column-3\"><span>9<\/span><\/td>\n<td class=\"column-4\"><span>12.6<\/span><\/td>\n<td class=\"column-5\"><span>27<\/span><\/td>\n<\/tr>\n<tr class=\"row-22 even\">\n<td class=\"column-1\"><span>20<\/span><\/td>\n<td class=\"column-2\"><span>35<\/span><\/td>\n<td class=\"column-3\"><span>9<\/span><\/td>\n<td class=\"column-4\"><span>12.6<\/span><\/td>\n<td class=\"column-5\"><span>12<\/span><\/td>\n<\/tr>\n<tr class=\"row-23 odd\">\n<td class=\"column-1\"><span>21<\/span><\/td>\n<td class=\"column-2\"><span>35<\/span><\/td>\n<td class=\"column-3\"><span>8<\/span><\/td>\n<td class=\"column-4\"><span>10<\/span><\/td>\n<td class=\"column-5\"><span>30<\/span><\/td>\n<\/tr>\n<tr class=\"row-24 even\">\n<td class=\"column-1\"><span>22<\/span><\/td>\n<td class=\"column-2\"><span>35<\/span><\/td>\n<td class=\"column-3\"><span>8.2<\/span><\/td>\n<td class=\"column-4\"><span>10.6<\/span><\/td>\n<td class=\"column-5\"><span>36<\/span><\/td>\n<\/tr>\n<tr class=\"row-25 odd\">\n<td class=\"column-1\"><span>23<\/span><\/td>\n<td class=\"column-2\"><span>50<\/span><\/td>\n<td class=\"column-3\"><span>9.2<\/span><\/td>\n<td class=\"column-4\"><span>11.2<\/span><\/td>\n<td class=\"column-5\"><span>35<\/span><\/td>\n<\/tr>\n<tr class=\"row-26 even\">\n<td class=\"column-1\"><span>24<\/span><\/td>\n<td class=\"column-2\"><span>50<\/span><\/td>\n<td class=\"column-3\"><span>9.2<\/span><\/td>\n<td class=\"column-4\"><span>12.4<\/span><\/td>\n<td class=\"column-5\"><span>40<\/span><\/td>\n<\/tr>\n<tr class=\"row-27 odd\">\n<td class=\"column-1\"><span>25<\/span><\/td>\n<td class=\"column-2\"><span>70<\/span><\/td>\n<td class=\"column-3\"><span>12<\/span><\/td>\n<td class=\"column-4\"><span>16<\/span><\/td>\n<td class=\"column-5\"><span>42<\/span><\/td>\n<\/tr>\n<tr class=\"row-28 even\">\n<td class=\"column-1\"><span>26<\/span><\/td>\n<td class=\"column-2\"><span>70<\/span><\/td>\n<td class=\"column-3\"><span>12<\/span><\/td>\n<td class=\"column-4\"><span>16<\/span><\/td>\n<td class=\"column-5\"><span>18<\/span><\/td>\n<\/tr>\n<tr class=\"row-29 odd\">\n<td class=\"column-1\"><span>27<\/span><\/td>\n<td class=\"column-2\"><span>70<\/span><\/td>\n<td class=\"column-3\"><span>11.5<\/span><\/td>\n<td class=\"column-4\"><span>13.8<\/span><\/td>\n<td class=\"column-5\"><span>40<\/span><\/td>\n<\/tr>\n<tr class=\"row-30 even\">\n<td class=\"column-1\"><span>28<\/span><\/td>\n<td class=\"column-2\"><span>70<\/span><\/td>\n<td class=\"column-3\"><span>11.2<\/span><\/td>\n<td class=\"column-4\"><span>14.7<\/span><\/td>\n<td class=\"column-5\"><span>50<\/span><\/td>\n<\/tr>\n<tr class=\"row-31 odd\">\n<td class=\"column-1\"><span>29<\/span><\/td>\n<td class=\"column-2\"><span>70<\/span><\/td>\n<td class=\"column-3\"><span>11.2<\/span><\/td>\n<td class=\"column-4\"><span>14.7<\/span><\/td>\n<td class=\"column-5\"><span>40<\/span><\/td>\n<\/tr>\n<tr class=\"row-32 even\">\n<td class=\"column-1\"><span>30<\/span><\/td>\n<td class=\"column-2\"><span>95<\/span><\/td>\n<td class=\"column-3\"><span>12.8<\/span><\/td>\n<td class=\"column-4\"><span>15.6<\/span><\/td>\n<td class=\"column-5\"><span>45<\/span><\/td>\n<\/tr>\n<\/tbody>\n<\/table>\n<p><span>Inline-Steckverbinder und -Splei\u00dfe sind spezielle elektrische Komponenten, die dazu verwendet werden, zwei oder mehr elektrische Leiter in einer geraden Linie oder \u201eInline\u201c miteinander zu verbinden. Diese Steckverbinder und Splei\u00dfe bieten eine sichere und isolierte Verbindung, sorgen f\u00fcr eine zuverl\u00e4ssige elektrische Kontinuit\u00e4t und verringern das Risiko elektrischer Fehler oder Gefahren.<\/span><\/p>\n<p>&nbsp;<\/p>\n<p><span>Zu den wichtigsten Merkmalen und Einsatzm\u00f6glichkeiten von Inline-Steckverbindern und -Verbindungen geh\u00f6ren:<\/span><\/p>\n<ol>\n<li><span>Design: Inline-Steckverbinder und -Verbindungsst\u00fccke sind f\u00fcr die Aufnahme mehrerer Leiter in einer einzigen Verbindung ausgelegt und erm\u00f6glichen die Zusammenf\u00fchrung von Dr\u00e4hten oder Kabeln in einer geradlinigen Konfiguration.<\/span><\/li>\n<li><span>Material: Sie bestehen normalerweise aus Materialien mit guter elektrischer Leitf\u00e4higkeit, wie Kupfer oder Aluminium, um Verbindungen mit geringem Widerstand zu gew\u00e4hrleisten.<\/span><\/li>\n<li><span>Isolierung: Viele Inline-Steckverbinder und -Verbindungsst\u00fccke werden mit Isolierabdeckungen oder -h\u00fclsen aus Materialien wie PVC oder Nylon geliefert, um eine elektrische Isolierung zu gew\u00e4hrleisten und die Verbindung vor Feuchtigkeit, Staub und mechanischen Sch\u00e4den zu sch\u00fctzen.<\/span><\/li>\n<li><span>Typen: Inline-Steckverbinder und -Verbindungsst\u00fccke gibt es in verschiedenen Typen, beispielsweise als Sto\u00dfverbinder, Inline-Drahtsteckverbinder und isolierte Inline-Steckverbinder, passend f\u00fcr unterschiedliche Anwendungen und Drahtgr\u00f6\u00dfen.<\/span><\/li>\n<li><span>Anschluss: Die Befestigung an den Leitern erfolgt je nach Steckertyp und Anwendung durch Crimpen, L\u00f6ten oder Kompression.<\/span><\/li>\n<li><span>Anwendungen: Inline-Steckverbinder und -Verbindungsst\u00fccke werden in zahlreichen elektrischen Systemen verwendet, darunter in der Fahrzeugverkabelung, in elektrischen Hausinstallationen, in der Industrieverkabelung und in Steuerschaltkreisen.<\/span><\/li>\n<li><span>Einfache Installation: Inline-Steckverbinder und -Verbindungsst\u00fccke bieten eine praktische und einfach zu installierende L\u00f6sung zum Verbinden mehrerer Leiter, ohne dass kompliziertes Verdrehen und Abkleben erforderlich ist.<\/span><\/li>\n<li><span>Elektrische Sicherheit: Ordnungsgem\u00e4\u00df installierte Inline-Steckverbinder und -Verbindungen gew\u00e4hrleisten die elektrische Sicherheit, indem sie sichere Verbindungen bieten und einen versehentlichen Kontakt mit stromf\u00fchrenden Leitern verhindern.<\/span><\/li>\n<li><span>Wiederverwendbarkeit: Einige Arten von Inline-Steckverbindern und -Verbindungen sind wiederverwendbar, sodass sie bei Bedarf getrennt und wieder verbunden werden k\u00f6nnen.<\/span><\/li>\n<\/ol>\n<p><span>Inline-Steckverbinder und -Verbindungen sind wertvolle Komponenten bei Elektroinstallations- und Installationsprojekten, bei denen mehrere Leiter sauber und geordnet miteinander verbunden werden m\u00fcssen. Im Vergleich zu herk\u00f6mmlichen Methoden wie Drahtmuttern und Verdrillen bieten sie eine geordnetere und zuverl\u00e4ssigere L\u00f6sung.<\/span><\/p>\n<p><span>Bei der Verwendung von Inline-Steckverbindern und Splei\u00dfen ist es wichtig, den geeigneten Steckverbindertyp und die richtige Gr\u00f6\u00dfe basierend auf dem Drahtdurchmesser und den Anwendungsanforderungen auszuw\u00e4hlen. Richtige Installationstechniken wie Crimpen oder Komprimieren sind entscheidend f\u00fcr sichere und dauerhafte Verbindungen.<\/span><\/p>\n","protected":false},"featured_media":7303,"template":"","meta":[],"product_brand":[],"product_cat":[404],"product_tag":[],"class_list":{"0":"post-12224","1":"product","2":"type-product","3":"status-publish","4":"has-post-thumbnail","6":"product_cat-kabelklemmen-und-osen","8":"first","9":"instock","10":"shipping-taxable","11":"product-type-simple"},"yoast_head":"<!-- This site is optimized with the Yoast SEO plugin v27.3 - https:\/\/yoast.com\/product\/yoast-seo-wordpress\/ -->\n<title>Inline-Verbindungsst\u00fccke und Splei\u00dfe<\/title>\n<meta name=\"description\" content=\"Conex Metals ist spezialisiert auf Inline-Verbindungsst\u00fccke und Splei\u00dfe, einschlie\u00dflich elektrischer Splei\u00dfe und Kupferverbinder. Unsere PVC-isolierten Verbinder und Aluminium-Splei\u00dfe gew\u00e4hrleisten effiziente und langlebige Verbindungen. F\u00fchrender Hersteller, Exporteur und Lieferant aus Indien.\" \/>\n<meta name=\"robots\" content=\"index, follow, max-snippet:-1, max-image-preview:large, max-video-preview:-1\" \/>\n<link rel=\"canonical\" href=\"https:\/\/conexmetals.com\/de\/produkt\/inline-verbindungsstuecke-und-spleisse\/\" \/>\n<script type=\"application\/ld+json\" class=\"yoast-schema-graph\">{\"@context\":\"https:\\\/\\\/schema.org\",\"@graph\":[{\"@type\":\"WebPage\",\"@id\":\"https:\\\/\\\/conexmetals.com\\\/de\\\/produkt\\\/inline-verbindungsstuecke-und-spleisse\\\/\",\"url\":\"https:\\\/\\\/conexmetals.com\\\/de\\\/produkt\\\/inline-verbindungsstuecke-und-spleisse\\\/\",\"name\":\"Inline-Verbindungsst\u00fccke und Splei\u00dfe\",\"isPartOf\":{\"@id\":\"https:\\\/\\\/conexmetals.com\\\/de\\\/#website\"},\"primaryImageOfPage\":{\"@id\":\"https:\\\/\\\/conexmetals.com\\\/de\\\/produkt\\\/inline-verbindungsstuecke-und-spleisse\\\/#primaryimage\"},\"image\":{\"@id\":\"https:\\\/\\\/conexmetals.com\\\/de\\\/produkt\\\/inline-verbindungsstuecke-und-spleisse\\\/#primaryimage\"},\"thumbnailUrl\":\"https:\\\/\\\/conexmetals.com\\\/wp-content\\\/uploads\\\/2024\\\/12\\\/Inline-Verbindungsstucke-und-Spleise.webp\",\"datePublished\":\"2023-08-18T05:14:32+00:00\",\"dateModified\":\"2024-12-19T07:00:51+00:00\",\"description\":\"Conex Metals ist spezialisiert auf Inline-Verbindungsst\u00fccke und Splei\u00dfe, einschlie\u00dflich elektrischer Splei\u00dfe und Kupferverbinder. Unsere PVC-isolierten Verbinder und Aluminium-Splei\u00dfe gew\u00e4hrleisten effiziente und langlebige Verbindungen. F\u00fchrender Hersteller, Exporteur und Lieferant aus Indien.\",\"breadcrumb\":{\"@id\":\"https:\\\/\\\/conexmetals.com\\\/de\\\/produkt\\\/inline-verbindungsstuecke-und-spleisse\\\/#breadcrumb\"},\"inLanguage\":\"de\",\"potentialAction\":[{\"@type\":\"ReadAction\",\"target\":[\"https:\\\/\\\/conexmetals.com\\\/de\\\/produkt\\\/inline-verbindungsstuecke-und-spleisse\\\/\"]}]},{\"@type\":\"ImageObject\",\"inLanguage\":\"de\",\"@id\":\"https:\\\/\\\/conexmetals.com\\\/de\\\/produkt\\\/inline-verbindungsstuecke-und-spleisse\\\/#primaryimage\",\"url\":\"https:\\\/\\\/conexmetals.com\\\/wp-content\\\/uploads\\\/2024\\\/12\\\/Inline-Verbindungsstucke-und-Spleise.webp\",\"contentUrl\":\"https:\\\/\\\/conexmetals.com\\\/wp-content\\\/uploads\\\/2024\\\/12\\\/Inline-Verbindungsstucke-und-Spleise.webp\",\"width\":350,\"height\":350,\"caption\":\"Inline-Verbindungsst\u00fccke und Splei\u00dfe\"},{\"@type\":\"BreadcrumbList\",\"@id\":\"https:\\\/\\\/conexmetals.com\\\/de\\\/produkt\\\/inline-verbindungsstuecke-und-spleisse\\\/#breadcrumb\",\"itemListElement\":[{\"@type\":\"ListItem\",\"position\":1,\"name\":\"Home\",\"item\":\"https:\\\/\\\/conexmetals.com\\\/de\\\/heim\\\/\"},{\"@type\":\"ListItem\",\"position\":2,\"name\":\"Products\",\"item\":\"https:\\\/\\\/conexmetals.com\\\/products\\\/\"},{\"@type\":\"ListItem\",\"position\":3,\"name\":\"Inline-Verbindungsst\u00fccke und Splei\u00dfe\"}]},{\"@type\":\"WebSite\",\"@id\":\"https:\\\/\\\/conexmetals.com\\\/de\\\/#website\",\"url\":\"https:\\\/\\\/conexmetals.com\\\/de\\\/\",\"name\":\"Conex Metals Brass Fittings Brass Parts Copper Parts Brass Components Brass Plumbing Fittings India\",\"description\":\"Manufacturer of Bronze Fittings casting Copper Brass parts components\",\"publisher\":{\"@id\":\"https:\\\/\\\/conexmetals.com\\\/de\\\/#organization\"},\"potentialAction\":[{\"@type\":\"SearchAction\",\"target\":{\"@type\":\"EntryPoint\",\"urlTemplate\":\"https:\\\/\\\/conexmetals.com\\\/de\\\/?s={search_term_string}\"},\"query-input\":{\"@type\":\"PropertyValueSpecification\",\"valueRequired\":true,\"valueName\":\"search_term_string\"}}],\"inLanguage\":\"de\"},{\"@type\":\"Organization\",\"@id\":\"https:\\\/\\\/conexmetals.com\\\/de\\\/#organization\",\"name\":\"Conex Metals Brass Fittings Brass Parts Copper Parts Brass Components Brass Plumbing Fittings India\",\"url\":\"https:\\\/\\\/conexmetals.com\\\/de\\\/\",\"logo\":{\"@type\":\"ImageObject\",\"inLanguage\":\"de\",\"@id\":\"https:\\\/\\\/conexmetals.com\\\/de\\\/#\\\/schema\\\/logo\\\/image\\\/\",\"url\":\"https:\\\/\\\/conexmetals.com\\\/wp-content\\\/uploads\\\/2024\\\/03\\\/conex-metals-logo.webp\",\"contentUrl\":\"https:\\\/\\\/conexmetals.com\\\/wp-content\\\/uploads\\\/2024\\\/03\\\/conex-metals-logo.webp\",\"width\":300,\"height\":121,\"caption\":\"Conex Metals Brass Fittings Brass Parts Copper Parts Brass Components Brass Plumbing Fittings India\"},\"image\":{\"@id\":\"https:\\\/\\\/conexmetals.com\\\/de\\\/#\\\/schema\\\/logo\\\/image\\\/\"},\"sameAs\":[\"https:\\\/\\\/www.facebook.com\\\/conexbrass\",\"https:\\\/\\\/x.com\\\/conexindia\",\"https:\\\/\\\/www.linkedin.com\\\/company\\\/conex-metals-india\\\/\",\"https:\\\/\\\/www.instagram.com\\\/conexindia\\\/\"]}]}<\/script>\n<!-- \/ Yoast SEO plugin. -->","yoast_head_json":{"title":"Inline-Verbindungsst\u00fccke und Splei\u00dfe","description":"Conex Metals ist spezialisiert auf Inline-Verbindungsst\u00fccke und Splei\u00dfe, einschlie\u00dflich elektrischer Splei\u00dfe und Kupferverbinder. Unsere PVC-isolierten Verbinder und Aluminium-Splei\u00dfe gew\u00e4hrleisten effiziente und langlebige Verbindungen. F\u00fchrender Hersteller, Exporteur und Lieferant aus Indien.","robots":{"index":"index","follow":"follow","max-snippet":"max-snippet:-1","max-image-preview":"max-image-preview:large","max-video-preview":"max-video-preview:-1"},"canonical":"https:\/\/conexmetals.com\/de\/produkt\/inline-verbindungsstuecke-und-spleisse\/","schema":{"@context":"https:\/\/schema.org","@graph":[{"@type":"WebPage","@id":"https:\/\/conexmetals.com\/de\/produkt\/inline-verbindungsstuecke-und-spleisse\/","url":"https:\/\/conexmetals.com\/de\/produkt\/inline-verbindungsstuecke-und-spleisse\/","name":"Inline-Verbindungsst\u00fccke und Splei\u00dfe","isPartOf":{"@id":"https:\/\/conexmetals.com\/de\/#website"},"primaryImageOfPage":{"@id":"https:\/\/conexmetals.com\/de\/produkt\/inline-verbindungsstuecke-und-spleisse\/#primaryimage"},"image":{"@id":"https:\/\/conexmetals.com\/de\/produkt\/inline-verbindungsstuecke-und-spleisse\/#primaryimage"},"thumbnailUrl":"https:\/\/conexmetals.com\/wp-content\/uploads\/2024\/12\/Inline-Verbindungsstucke-und-Spleise.webp","datePublished":"2023-08-18T05:14:32+00:00","dateModified":"2024-12-19T07:00:51+00:00","description":"Conex Metals ist spezialisiert auf Inline-Verbindungsst\u00fccke und Splei\u00dfe, einschlie\u00dflich elektrischer Splei\u00dfe und Kupferverbinder. Unsere PVC-isolierten Verbinder und Aluminium-Splei\u00dfe gew\u00e4hrleisten effiziente und langlebige Verbindungen. F\u00fchrender Hersteller, Exporteur und Lieferant aus Indien.","breadcrumb":{"@id":"https:\/\/conexmetals.com\/de\/produkt\/inline-verbindungsstuecke-und-spleisse\/#breadcrumb"},"inLanguage":"de","potentialAction":[{"@type":"ReadAction","target":["https:\/\/conexmetals.com\/de\/produkt\/inline-verbindungsstuecke-und-spleisse\/"]}]},{"@type":"ImageObject","inLanguage":"de","@id":"https:\/\/conexmetals.com\/de\/produkt\/inline-verbindungsstuecke-und-spleisse\/#primaryimage","url":"https:\/\/conexmetals.com\/wp-content\/uploads\/2024\/12\/Inline-Verbindungsstucke-und-Spleise.webp","contentUrl":"https:\/\/conexmetals.com\/wp-content\/uploads\/2024\/12\/Inline-Verbindungsstucke-und-Spleise.webp","width":350,"height":350,"caption":"Inline-Verbindungsst\u00fccke und Splei\u00dfe"},{"@type":"BreadcrumbList","@id":"https:\/\/conexmetals.com\/de\/produkt\/inline-verbindungsstuecke-und-spleisse\/#breadcrumb","itemListElement":[{"@type":"ListItem","position":1,"name":"Home","item":"https:\/\/conexmetals.com\/de\/heim\/"},{"@type":"ListItem","position":2,"name":"Products","item":"https:\/\/conexmetals.com\/products\/"},{"@type":"ListItem","position":3,"name":"Inline-Verbindungsst\u00fccke und Splei\u00dfe"}]},{"@type":"WebSite","@id":"https:\/\/conexmetals.com\/de\/#website","url":"https:\/\/conexmetals.com\/de\/","name":"Conex Metals Brass Fittings Brass Parts Copper Parts Brass Components Brass Plumbing Fittings India","description":"Manufacturer of Bronze Fittings casting Copper Brass parts components","publisher":{"@id":"https:\/\/conexmetals.com\/de\/#organization"},"potentialAction":[{"@type":"SearchAction","target":{"@type":"EntryPoint","urlTemplate":"https:\/\/conexmetals.com\/de\/?s={search_term_string}"},"query-input":{"@type":"PropertyValueSpecification","valueRequired":true,"valueName":"search_term_string"}}],"inLanguage":"de"},{"@type":"Organization","@id":"https:\/\/conexmetals.com\/de\/#organization","name":"Conex Metals Brass Fittings Brass Parts Copper Parts Brass Components Brass Plumbing Fittings India","url":"https:\/\/conexmetals.com\/de\/","logo":{"@type":"ImageObject","inLanguage":"de","@id":"https:\/\/conexmetals.com\/de\/#\/schema\/logo\/image\/","url":"https:\/\/conexmetals.com\/wp-content\/uploads\/2024\/03\/conex-metals-logo.webp","contentUrl":"https:\/\/conexmetals.com\/wp-content\/uploads\/2024\/03\/conex-metals-logo.webp","width":300,"height":121,"caption":"Conex Metals Brass Fittings Brass Parts Copper Parts Brass Components Brass Plumbing Fittings India"},"image":{"@id":"https:\/\/conexmetals.com\/de\/#\/schema\/logo\/image\/"},"sameAs":["https:\/\/www.facebook.com\/conexbrass","https:\/\/x.com\/conexindia","https:\/\/www.linkedin.com\/company\/conex-metals-india\/","https:\/\/www.instagram.com\/conexindia\/"]}]}},"_links":{"self":[{"href":"https:\/\/conexmetals.com\/de\/wp-json\/wp\/v2\/product\/12224","targetHints":{"allow":["GET"]}}],"collection":[{"href":"https:\/\/conexmetals.com\/de\/wp-json\/wp\/v2\/product"}],"about":[{"href":"https:\/\/conexmetals.com\/de\/wp-json\/wp\/v2\/types\/product"}],"wp:featuredmedia":[{"embeddable":true,"href":"https:\/\/conexmetals.com\/de\/wp-json\/wp\/v2\/media\/7303"}],"wp:attachment":[{"href":"https:\/\/conexmetals.com\/de\/wp-json\/wp\/v2\/media?parent=12224"}],"wp:term":[{"taxonomy":"product_brand","embeddable":true,"href":"https:\/\/conexmetals.com\/de\/wp-json\/wp\/v2\/product_brand?post=12224"},{"taxonomy":"product_cat","embeddable":true,"href":"https:\/\/conexmetals.com\/de\/wp-json\/wp\/v2\/product_cat?post=12224"},{"taxonomy":"product_tag","embeddable":true,"href":"https:\/\/conexmetals.com\/de\/wp-json\/wp\/v2\/product_tag?post=12224"}],"curies":[{"name":"wp","href":"https:\/\/api.w.org\/{rel}","templated":true}]}}