{"id":12228,"date":"2023-08-18T10:43:05","date_gmt":"2023-08-18T05:13:05","guid":{"rendered":"https:\/\/conexmetals.com\/?post_type=product&#038;p=12228"},"modified":"2024-12-19T12:49:41","modified_gmt":"2024-12-19T07:19:41","slug":"vorgeisolierte-kupferklemmen","status":"publish","type":"product","link":"https:\/\/conexmetals.com\/de\/produkt\/vorgeisolierte-kupferklemmen\/","title":{"rendered":"Vorgeisolierte Kupferklemmen"},"content":{"rendered":"","protected":false},"excerpt":{"rendered":"<p><img fetchpriority=\"high\" decoding=\"async\" width=\"1000\" height=\"339\" class=\"alignnone size-medium wp-image-12182 lazy loaded\" src=\"https:\/\/conexmetals.com\/wp-content\/uploads\/2023\/08\/Pre-Insulated-Copper-Terminals.jpg\" alt=\"Vorisolierte Kupferklemmen\" data-src=\"https:\/\/conexmetals.com\/wp-content\/uploads\/2023\/08\/Pre-Insulated-Copper-Terminals.jpg\" data-was-processed=\"true\" srcset=\"https:\/\/conexmetals.com\/wp-content\/uploads\/2023\/08\/Pre-Insulated-Copper-Terminals.jpg 1000w, https:\/\/conexmetals.com\/wp-content\/uploads\/2023\/08\/Pre-Insulated-Copper-Terminals-300x102.jpg 300w, https:\/\/conexmetals.com\/wp-content\/uploads\/2023\/08\/Pre-Insulated-Copper-Terminals-768x260.jpg 768w, https:\/\/conexmetals.com\/wp-content\/uploads\/2023\/08\/Pre-Insulated-Copper-Terminals-700x237.jpg 700w\" sizes=\"(max-width: 1000px) 100vw, 1000px\" \/><\/p>\n<table id=\"tablepress-387\" class=\"tablepress tablepress-id-387\">\n<caption>\u00a0<\/caption>\n<thead>\n<tr class=\"row-1 odd\">\n<th class=\"column-1\" colspan=\"12\"><strong><span>Vorisolierte Kupferklemmen<\/span><\/strong><\/th>\n<\/tr>\n<\/thead>\n<tbody class=\"row-hover\">\n<tr class=\"row-2 even\">\n<td class=\"column-1\" rowspan=\"2\"><strong><span>Seriennummer<\/span><\/strong><\/td>\n<td class=\"column-2\" rowspan=\"2\"><strong><span>Fl\u00e4che mm2<\/span><\/strong><\/td>\n<td class=\"column-3\" colspan=\"10\"><strong><span>Ma\u00dfe in mm<\/span><\/strong><\/td>\n<\/tr>\n<tr class=\"row-3 odd\">\n<td class=\"column-3\"><strong><span>\u00d8E<\/span><\/strong><\/td>\n<td class=\"column-4\"><strong><span>\u00d8A<\/span><\/strong><\/td>\n<td class=\"column-5\"><strong><span>\u00d8C<\/span><\/strong><\/td>\n<td class=\"column-6\"><strong><span>D<\/span><\/strong><\/td>\n<td class=\"column-7\"><strong><span>F<\/span><\/strong><\/td>\n<td class=\"column-8\"><strong><span>B<\/span><\/strong><\/td>\n<td class=\"column-9\"><strong><span>J<\/span><\/strong><\/td>\n<td class=\"column-10\"><strong><span>L-1<\/span><\/strong><\/td>\n<td class=\"column-11\"><strong><span>J-1<\/span><\/strong><\/td>\n<td class=\"column-12\"><strong><span>L-3<\/span><\/strong><\/td>\n<\/tr>\n<tr class=\"row-4 even\">\n<td class=\"column-1\"><span>1<\/span><\/td>\n<td class=\"column-2\"><span>1.5<\/span><\/td>\n<td class=\"column-3\"><span>5.1<\/span><\/td>\n<td class=\"column-4\"><span>1.6<\/span><\/td>\n<td class=\"column-5\"><span>3.2<\/span><\/td>\n<td class=\"column-6\"><span>8<\/span><\/td>\n<td class=\"column-7\"><span>0,8<\/span><\/td>\n<td class=\"column-8\"><span>5<\/span><\/td>\n<td class=\"column-9\"><span>21<\/span><\/td>\n<td class=\"column-10\"><span>17<\/span><\/td>\n<td class=\"column-11\"><span>10<\/span><\/td>\n<td class=\"column-12\"><span>22<\/span><\/td>\n<\/tr>\n<tr class=\"row-5 odd\">\n<td class=\"column-1\"><span>2<\/span><\/td>\n<td class=\"column-2\"><span>1.5<\/span><\/td>\n<td class=\"column-3\"><span>3.5<\/span><\/td>\n<td class=\"column-4\"><span>1.6<\/span><\/td>\n<td class=\"column-5\"><span>3.2<\/span><\/td>\n<td class=\"column-6\"><span>6.8<\/span><\/td>\n<td class=\"column-7\"><span>0,8<\/span><\/td>\n<td class=\"column-8\"><span>4<\/span><\/td>\n<td class=\"column-9\"><span>13<\/span><\/td>\n<td class=\"column-10\"><span>8,8<\/span><\/td>\n<td class=\"column-11\"><span>10<\/span><\/td>\n<td class=\"column-12\"><span>14.8<\/span><\/td>\n<\/tr>\n<tr class=\"row-6 even\">\n<td class=\"column-1\"><span>3<\/span><\/td>\n<td class=\"column-2\"><span>1.5<\/span><\/td>\n<td class=\"column-3\"><span>3<\/span><\/td>\n<td class=\"column-4\"><span>2<\/span><\/td>\n<td class=\"column-5\"><span>2.8<\/span><\/td>\n<td class=\"column-6\"><span>6.2<\/span><\/td>\n<td class=\"column-7\"><span>0,4<\/span><\/td>\n<td class=\"column-8\"><span>5<\/span><\/td>\n<td class=\"column-9\"><span>13<\/span><\/td>\n<td class=\"column-10\"><span>10.5<\/span><\/td>\n<td class=\"column-11\"><span>10<\/span><\/td>\n<td class=\"column-12\"><span>15.5<\/span><\/td>\n<\/tr>\n<tr class=\"row-7 odd\">\n<td class=\"column-1\"><span>4<\/span><\/td>\n<td class=\"column-2\"><span>2.5<\/span><\/td>\n<td class=\"column-3\"><span>3.5<\/span><\/td>\n<td class=\"column-4\"><span>2.3<\/span><\/td>\n<td class=\"column-5\"><span>3.9<\/span><\/td>\n<td class=\"column-6\"><span>6.5<\/span><\/td>\n<td class=\"column-7\"><span>0,8<\/span><\/td>\n<td class=\"column-8\"><span>5<\/span><\/td>\n<td class=\"column-9\"><span>15<\/span><\/td>\n<td class=\"column-10\"><span>11.8<\/span><\/td>\n<td class=\"column-11\"><span>10<\/span><\/td>\n<td class=\"column-12\"><span>16.6<\/span><\/td>\n<\/tr>\n<tr class=\"row-8 even\">\n<td class=\"column-1\"><span>5<\/span><\/td>\n<td class=\"column-2\"><span>2.5<\/span><\/td>\n<td class=\"column-3\"><span>5<\/span><\/td>\n<td class=\"column-4\"><span>26<\/span><\/td>\n<td class=\"column-5\"><span>4.6<\/span><\/td>\n<td class=\"column-6\"><span>10.6<\/span><\/td>\n<td class=\"column-7\"><span>1<\/span><\/td>\n<td class=\"column-8\"><span>6<\/span><\/td>\n<td class=\"column-9\"><span>21<\/span><\/td>\n<td class=\"column-10\"><span>12.4<\/span><\/td>\n<td class=\"column-11\"><span>10<\/span><\/td>\n<td class=\"column-12\"><span>16.2<\/span><\/td>\n<\/tr>\n<tr class=\"row-9 odd\">\n<td class=\"column-1\"><span>6<\/span><\/td>\n<td class=\"column-2\"><span>4-6<\/span><\/td>\n<td class=\"column-3\"><span>3.1<\/span><\/td>\n<td class=\"column-4\"><span>3.5<\/span><\/td>\n<td class=\"column-5\"><span>5.5<\/span><\/td>\n<td class=\"column-6\"><span>6<\/span><\/td>\n<td class=\"column-7\"><span>1<\/span><\/td>\n<td class=\"column-8\"><span>6<\/span><\/td>\n<td class=\"column-9\"><span>15<\/span><\/td>\n<td class=\"column-10\"><span>11.5<\/span><\/td>\n<td class=\"column-11\"><span>14<\/span><\/td>\n<td class=\"column-12\"><span>19,5<\/span><\/td>\n<\/tr>\n<tr class=\"row-10 even\">\n<td class=\"column-1\"><span>7<\/span><\/td>\n<td class=\"column-2\"><span>4-6<\/span><\/td>\n<td class=\"column-3\"><span>3.5<\/span><\/td>\n<td class=\"column-4\"><span>3,58<\/span><\/td>\n<td class=\"column-5\"><span>5.5<\/span><\/td>\n<td class=\"column-6\"><span>6<\/span><\/td>\n<td class=\"column-7\"><span>1<\/span><\/td>\n<td class=\"column-8\"><span>6<\/span><\/td>\n<td class=\"column-9\"><span>15<\/span><\/td>\n<td class=\"column-10\"><span>11<\/span><\/td>\n<td class=\"column-11\"><span>14<\/span><\/td>\n<td class=\"column-12\"><span>19<\/span><\/td>\n<\/tr>\n<tr class=\"row-11 odd\">\n<td class=\"column-1\"><span>8<\/span><\/td>\n<td class=\"column-2\"><span>10<\/span><\/td>\n<td class=\"column-3\"><span>6.5<\/span><\/td>\n<td class=\"column-4\"><span>4.5<\/span><\/td>\n<td class=\"column-5\"><span>6.9<\/span><\/td>\n<td class=\"column-6\"><span>16<\/span><\/td>\n<td class=\"column-7\"><span>1.2<\/span><\/td>\n<td class=\"column-8\"><span>8<\/span><\/td>\n<td class=\"column-9\"><span>27<\/span><\/td>\n<td class=\"column-10\"><span>19<\/span><\/td>\n<td class=\"column-11\"><span>16<\/span><\/td>\n<td class=\"column-12\"><span>27<\/span><\/td>\n<\/tr>\n<tr class=\"row-12 even\">\n<td class=\"column-1\"><span>9<\/span><\/td>\n<td class=\"column-2\"><span>10<\/span><\/td>\n<td class=\"column-3\"><span>8.2<\/span><\/td>\n<td class=\"column-4\"><span>4.5<\/span><\/td>\n<td class=\"column-5\"><span>6.9<\/span><\/td>\n<td class=\"column-6\"><span>16<\/span><\/td>\n<td class=\"column-7\"><span>1.2<\/span><\/td>\n<td class=\"column-8\"><span>8<\/span><\/td>\n<td class=\"column-9\"><span>27<\/span><\/td>\n<td class=\"column-10\"><span>19<\/span><\/td>\n<td class=\"column-11\"><span>16<\/span><\/td>\n<td class=\"column-12\"><span>27<\/span><\/td>\n<\/tr>\n<\/tbody>\n<\/table>\n<p><span>Vorisolierte Kupferklemmen, auch als vorisolierte Kupfer\u00f6sen oder vorisolierte Kupferverbinder bekannt, sind spezielle elektrische Verbinder, die zum Anschlie\u00dfen von Kupferkabeln dienen und eine isolierte und sichere elektrische Verbindung bieten. Diese Klemmen verf\u00fcgen \u00fcber eine integrierte Isolierh\u00fclse oder -abdeckung, die die Verbindung vor Umwelteinfl\u00fcssen sch\u00fctzt und versehentlichen Kontakt mit stromf\u00fchrenden Leitern verhindert.<\/span><\/p>\n<p>&nbsp;<\/p>\n<p><span>Zu den wichtigsten Merkmalen und Einsatzm\u00f6glichkeiten vorisolierter Kupferklemmen geh\u00f6ren:<\/span><\/p>\n<ol>\n<li><span>Material: Vorisolierte Kupferklemmen bestehen aus hochleitf\u00e4higem Kupfer f\u00fcr effizienten Stromfluss und elektrische Leistung.<\/span><\/li>\n<li><span>Isolierh\u00fclle: Die vorisolierten Klemmen verf\u00fcgen \u00fcber eine Isolierh\u00fclle aus Materialien wie PVC oder Nylon, die elektrische Isolierung und Schutz vor Feuchtigkeit, Chemikalien und physischen Sch\u00e4den bietet.<\/span><\/li>\n<li><span>Abschluss: Sie werden typischerweise zum Abschluss von Kupferkabeln verwendet und mithilfe von Kompressions- oder Crimpverfahren angebracht, wodurch eine zuverl\u00e4ssige und dauerhafte elektrische Verbindung gew\u00e4hrleistet wird.<\/span><\/li>\n<li><span>Kabelgr\u00f6\u00dfe: Vorisolierte Kupferklemmen sind in verschiedenen Gr\u00f6\u00dfen f\u00fcr unterschiedliche Kabeldurchmesser erh\u00e4ltlich und eignen sich daher f\u00fcr eine breite Palette von Kabelanschlussanwendungen.<\/span><\/li>\n<li><span>Anwendungen: Sie werden in verschiedenen elektrischen Systemen verwendet, einschlie\u00dflich Stromverteilung, Bedienfeldern, Schaltschr\u00e4nken und Ger\u00e4teverkabelung.<\/span><\/li>\n<li><span>Elektrische Sicherheit: Vorisolierte Kupferklemmen sorgen f\u00fcr zus\u00e4tzliche elektrische Sicherheit, indem sie die Verbindung isolieren und so das Risiko eines versehentlichen Kontakts und elektrischer Gefahren verringern.<\/span><\/li>\n<li><span>Komfort: Durch das vorisolierte Design sind keine zus\u00e4tzlichen Isoliermaterialien oder Schrumpfschl\u00e4uche erforderlich, was Installationszeit und Arbeitsaufwand spart.<\/span><\/li>\n<li><span>Haltbarkeit: Die in vorisolierten Kupferklemmen verwendeten Isolierh\u00fclsen sind langlebig und so konzipiert, dass sie verschiedenen Umweltbedingungen standhalten.<\/span><\/li>\n<\/ol>\n<p><span>Vorisolierte Kupferklemmen sind besonders n\u00fctzlich in Szenarien, in denen elektrische Verbindungen vor Feuchtigkeit, Staub und anderen Umweltfaktoren gesch\u00fctzt werden m\u00fcssen. Die Isolierung verringert auch das Risiko von Kurzschl\u00fcssen und elektrischen Fehlern, die durch versehentlichen Kontakt mit stromf\u00fchrenden Leitern verursacht werden.<\/span><\/p>\n","protected":false},"featured_media":7383,"template":"","meta":[],"product_brand":[],"product_cat":[404],"product_tag":[],"class_list":{"0":"post-12228","1":"product","2":"type-product","3":"status-publish","4":"has-post-thumbnail","6":"product_cat-kabelklemmen-und-osen","8":"first","9":"instock","10":"shipping-taxable","11":"product-type-simple"},"yoast_head":"<!-- This site is optimized with the Yoast SEO plugin v27.3 - https:\/\/yoast.com\/product\/yoast-seo-wordpress\/ -->\n<title>Vorgeisolierte Kupferklemmen<\/title>\n<meta name=\"description\" content=\"Conex Metals bietet vorisolierte Kupferklemmen, Crimpverbinder, Crimpklemmen, Flachsteckverbinder und elektrische Crimpverbinder an. Unsere Palette umfasst isolierte Klemmen, Verbinder und Kabelschuhe, die sichere elektrische Verbindungen gew\u00e4hrleisten. F\u00fchrender Hersteller, Exporteur und Lieferant aus Indien.\" \/>\n<meta name=\"robots\" content=\"index, follow, max-snippet:-1, max-image-preview:large, max-video-preview:-1\" \/>\n<link rel=\"canonical\" href=\"https:\/\/conexmetals.com\/de\/produkt\/vorgeisolierte-kupferklemmen\/\" \/>\n<script type=\"application\/ld+json\" class=\"yoast-schema-graph\">{\"@context\":\"https:\\\/\\\/schema.org\",\"@graph\":[{\"@type\":\"WebPage\",\"@id\":\"https:\\\/\\\/conexmetals.com\\\/de\\\/produkt\\\/vorgeisolierte-kupferklemmen\\\/\",\"url\":\"https:\\\/\\\/conexmetals.com\\\/de\\\/produkt\\\/vorgeisolierte-kupferklemmen\\\/\",\"name\":\"Vorgeisolierte Kupferklemmen\",\"isPartOf\":{\"@id\":\"https:\\\/\\\/conexmetals.com\\\/de\\\/#website\"},\"primaryImageOfPage\":{\"@id\":\"https:\\\/\\\/conexmetals.com\\\/de\\\/produkt\\\/vorgeisolierte-kupferklemmen\\\/#primaryimage\"},\"image\":{\"@id\":\"https:\\\/\\\/conexmetals.com\\\/de\\\/produkt\\\/vorgeisolierte-kupferklemmen\\\/#primaryimage\"},\"thumbnailUrl\":\"https:\\\/\\\/conexmetals.com\\\/wp-content\\\/uploads\\\/2024\\\/12\\\/Vorgeisolierte-Kupferklemmen.webp\",\"datePublished\":\"2023-08-18T05:13:05+00:00\",\"dateModified\":\"2024-12-19T07:19:41+00:00\",\"description\":\"Conex Metals bietet vorisolierte Kupferklemmen, Crimpverbinder, Crimpklemmen, Flachsteckverbinder und elektrische Crimpverbinder an. Unsere Palette umfasst isolierte Klemmen, Verbinder und Kabelschuhe, die sichere elektrische Verbindungen gew\u00e4hrleisten. F\u00fchrender Hersteller, Exporteur und Lieferant aus Indien.\",\"breadcrumb\":{\"@id\":\"https:\\\/\\\/conexmetals.com\\\/de\\\/produkt\\\/vorgeisolierte-kupferklemmen\\\/#breadcrumb\"},\"inLanguage\":\"de\",\"potentialAction\":[{\"@type\":\"ReadAction\",\"target\":[\"https:\\\/\\\/conexmetals.com\\\/de\\\/produkt\\\/vorgeisolierte-kupferklemmen\\\/\"]}]},{\"@type\":\"ImageObject\",\"inLanguage\":\"de\",\"@id\":\"https:\\\/\\\/conexmetals.com\\\/de\\\/produkt\\\/vorgeisolierte-kupferklemmen\\\/#primaryimage\",\"url\":\"https:\\\/\\\/conexmetals.com\\\/wp-content\\\/uploads\\\/2024\\\/12\\\/Vorgeisolierte-Kupferklemmen.webp\",\"contentUrl\":\"https:\\\/\\\/conexmetals.com\\\/wp-content\\\/uploads\\\/2024\\\/12\\\/Vorgeisolierte-Kupferklemmen.webp\",\"width\":350,\"height\":350},{\"@type\":\"BreadcrumbList\",\"@id\":\"https:\\\/\\\/conexmetals.com\\\/de\\\/produkt\\\/vorgeisolierte-kupferklemmen\\\/#breadcrumb\",\"itemListElement\":[{\"@type\":\"ListItem\",\"position\":1,\"name\":\"Home\",\"item\":\"https:\\\/\\\/conexmetals.com\\\/de\\\/heim\\\/\"},{\"@type\":\"ListItem\",\"position\":2,\"name\":\"Products\",\"item\":\"https:\\\/\\\/conexmetals.com\\\/products\\\/\"},{\"@type\":\"ListItem\",\"position\":3,\"name\":\"Vorgeisolierte Kupferklemmen\"}]},{\"@type\":\"WebSite\",\"@id\":\"https:\\\/\\\/conexmetals.com\\\/de\\\/#website\",\"url\":\"https:\\\/\\\/conexmetals.com\\\/de\\\/\",\"name\":\"Conex Metals Brass Fittings Brass Parts Copper Parts Brass Components Brass Plumbing Fittings India\",\"description\":\"Manufacturer of Bronze Fittings casting Copper Brass parts components\",\"publisher\":{\"@id\":\"https:\\\/\\\/conexmetals.com\\\/de\\\/#organization\"},\"potentialAction\":[{\"@type\":\"SearchAction\",\"target\":{\"@type\":\"EntryPoint\",\"urlTemplate\":\"https:\\\/\\\/conexmetals.com\\\/de\\\/?s={search_term_string}\"},\"query-input\":{\"@type\":\"PropertyValueSpecification\",\"valueRequired\":true,\"valueName\":\"search_term_string\"}}],\"inLanguage\":\"de\"},{\"@type\":\"Organization\",\"@id\":\"https:\\\/\\\/conexmetals.com\\\/de\\\/#organization\",\"name\":\"Conex Metals Brass Fittings Brass Parts Copper Parts Brass Components Brass Plumbing Fittings India\",\"url\":\"https:\\\/\\\/conexmetals.com\\\/de\\\/\",\"logo\":{\"@type\":\"ImageObject\",\"inLanguage\":\"de\",\"@id\":\"https:\\\/\\\/conexmetals.com\\\/de\\\/#\\\/schema\\\/logo\\\/image\\\/\",\"url\":\"https:\\\/\\\/conexmetals.com\\\/wp-content\\\/uploads\\\/2024\\\/03\\\/conex-metals-logo.webp\",\"contentUrl\":\"https:\\\/\\\/conexmetals.com\\\/wp-content\\\/uploads\\\/2024\\\/03\\\/conex-metals-logo.webp\",\"width\":300,\"height\":121,\"caption\":\"Conex Metals Brass Fittings Brass Parts Copper Parts Brass Components Brass Plumbing Fittings India\"},\"image\":{\"@id\":\"https:\\\/\\\/conexmetals.com\\\/de\\\/#\\\/schema\\\/logo\\\/image\\\/\"},\"sameAs\":[\"https:\\\/\\\/www.facebook.com\\\/conexbrass\",\"https:\\\/\\\/x.com\\\/conexindia\",\"https:\\\/\\\/www.linkedin.com\\\/company\\\/conex-metals-india\\\/\",\"https:\\\/\\\/www.instagram.com\\\/conexindia\\\/\"]}]}<\/script>\n<!-- \/ Yoast SEO plugin. -->","yoast_head_json":{"title":"Vorgeisolierte Kupferklemmen","description":"Conex Metals bietet vorisolierte Kupferklemmen, Crimpverbinder, Crimpklemmen, Flachsteckverbinder und elektrische Crimpverbinder an. Unsere Palette umfasst isolierte Klemmen, Verbinder und Kabelschuhe, die sichere elektrische Verbindungen gew\u00e4hrleisten. F\u00fchrender Hersteller, Exporteur und Lieferant aus Indien.","robots":{"index":"index","follow":"follow","max-snippet":"max-snippet:-1","max-image-preview":"max-image-preview:large","max-video-preview":"max-video-preview:-1"},"canonical":"https:\/\/conexmetals.com\/de\/produkt\/vorgeisolierte-kupferklemmen\/","schema":{"@context":"https:\/\/schema.org","@graph":[{"@type":"WebPage","@id":"https:\/\/conexmetals.com\/de\/produkt\/vorgeisolierte-kupferklemmen\/","url":"https:\/\/conexmetals.com\/de\/produkt\/vorgeisolierte-kupferklemmen\/","name":"Vorgeisolierte Kupferklemmen","isPartOf":{"@id":"https:\/\/conexmetals.com\/de\/#website"},"primaryImageOfPage":{"@id":"https:\/\/conexmetals.com\/de\/produkt\/vorgeisolierte-kupferklemmen\/#primaryimage"},"image":{"@id":"https:\/\/conexmetals.com\/de\/produkt\/vorgeisolierte-kupferklemmen\/#primaryimage"},"thumbnailUrl":"https:\/\/conexmetals.com\/wp-content\/uploads\/2024\/12\/Vorgeisolierte-Kupferklemmen.webp","datePublished":"2023-08-18T05:13:05+00:00","dateModified":"2024-12-19T07:19:41+00:00","description":"Conex Metals bietet vorisolierte Kupferklemmen, Crimpverbinder, Crimpklemmen, Flachsteckverbinder und elektrische Crimpverbinder an. Unsere Palette umfasst isolierte Klemmen, Verbinder und Kabelschuhe, die sichere elektrische Verbindungen gew\u00e4hrleisten. F\u00fchrender Hersteller, Exporteur und Lieferant aus Indien.","breadcrumb":{"@id":"https:\/\/conexmetals.com\/de\/produkt\/vorgeisolierte-kupferklemmen\/#breadcrumb"},"inLanguage":"de","potentialAction":[{"@type":"ReadAction","target":["https:\/\/conexmetals.com\/de\/produkt\/vorgeisolierte-kupferklemmen\/"]}]},{"@type":"ImageObject","inLanguage":"de","@id":"https:\/\/conexmetals.com\/de\/produkt\/vorgeisolierte-kupferklemmen\/#primaryimage","url":"https:\/\/conexmetals.com\/wp-content\/uploads\/2024\/12\/Vorgeisolierte-Kupferklemmen.webp","contentUrl":"https:\/\/conexmetals.com\/wp-content\/uploads\/2024\/12\/Vorgeisolierte-Kupferklemmen.webp","width":350,"height":350},{"@type":"BreadcrumbList","@id":"https:\/\/conexmetals.com\/de\/produkt\/vorgeisolierte-kupferklemmen\/#breadcrumb","itemListElement":[{"@type":"ListItem","position":1,"name":"Home","item":"https:\/\/conexmetals.com\/de\/heim\/"},{"@type":"ListItem","position":2,"name":"Products","item":"https:\/\/conexmetals.com\/products\/"},{"@type":"ListItem","position":3,"name":"Vorgeisolierte Kupferklemmen"}]},{"@type":"WebSite","@id":"https:\/\/conexmetals.com\/de\/#website","url":"https:\/\/conexmetals.com\/de\/","name":"Conex Metals Brass Fittings Brass Parts Copper Parts Brass Components Brass Plumbing Fittings India","description":"Manufacturer of Bronze Fittings casting Copper Brass parts components","publisher":{"@id":"https:\/\/conexmetals.com\/de\/#organization"},"potentialAction":[{"@type":"SearchAction","target":{"@type":"EntryPoint","urlTemplate":"https:\/\/conexmetals.com\/de\/?s={search_term_string}"},"query-input":{"@type":"PropertyValueSpecification","valueRequired":true,"valueName":"search_term_string"}}],"inLanguage":"de"},{"@type":"Organization","@id":"https:\/\/conexmetals.com\/de\/#organization","name":"Conex Metals Brass Fittings Brass Parts Copper Parts Brass Components Brass Plumbing Fittings India","url":"https:\/\/conexmetals.com\/de\/","logo":{"@type":"ImageObject","inLanguage":"de","@id":"https:\/\/conexmetals.com\/de\/#\/schema\/logo\/image\/","url":"https:\/\/conexmetals.com\/wp-content\/uploads\/2024\/03\/conex-metals-logo.webp","contentUrl":"https:\/\/conexmetals.com\/wp-content\/uploads\/2024\/03\/conex-metals-logo.webp","width":300,"height":121,"caption":"Conex Metals Brass Fittings Brass Parts Copper Parts Brass Components Brass Plumbing Fittings India"},"image":{"@id":"https:\/\/conexmetals.com\/de\/#\/schema\/logo\/image\/"},"sameAs":["https:\/\/www.facebook.com\/conexbrass","https:\/\/x.com\/conexindia","https:\/\/www.linkedin.com\/company\/conex-metals-india\/","https:\/\/www.instagram.com\/conexindia\/"]}]}},"_links":{"self":[{"href":"https:\/\/conexmetals.com\/de\/wp-json\/wp\/v2\/product\/12228","targetHints":{"allow":["GET"]}}],"collection":[{"href":"https:\/\/conexmetals.com\/de\/wp-json\/wp\/v2\/product"}],"about":[{"href":"https:\/\/conexmetals.com\/de\/wp-json\/wp\/v2\/types\/product"}],"wp:featuredmedia":[{"embeddable":true,"href":"https:\/\/conexmetals.com\/de\/wp-json\/wp\/v2\/media\/7383"}],"wp:attachment":[{"href":"https:\/\/conexmetals.com\/de\/wp-json\/wp\/v2\/media?parent=12228"}],"wp:term":[{"taxonomy":"product_brand","embeddable":true,"href":"https:\/\/conexmetals.com\/de\/wp-json\/wp\/v2\/product_brand?post=12228"},{"taxonomy":"product_cat","embeddable":true,"href":"https:\/\/conexmetals.com\/de\/wp-json\/wp\/v2\/product_cat?post=12228"},{"taxonomy":"product_tag","embeddable":true,"href":"https:\/\/conexmetals.com\/de\/wp-json\/wp\/v2\/product_tag?post=12228"}],"curies":[{"name":"wp","href":"https:\/\/api.w.org\/{rel}","templated":true}]}}