{"id":12234,"date":"2023-08-17T12:21:50","date_gmt":"2023-08-17T06:51:50","guid":{"rendered":"https:\/\/conexmetals.com\/?post_type=product&#038;p=12234"},"modified":"2024-12-19T14:27:39","modified_gmt":"2024-12-19T08:57:39","slug":"messingstifte-fuer-ladegeraete","status":"publish","type":"product","link":"https:\/\/conexmetals.com\/de\/produkt\/messingstifte-fuer-ladegeraete\/","title":{"rendered":"Messingstifte f\u00fcr Ladeger\u00e4te"},"content":{"rendered":"","protected":false},"excerpt":{"rendered":"<p><strong><span>Technische Daten<\/span><\/strong><\/p>\n<p><strong><span>Arten von Pins:<\/span><\/strong><\/p>\n<ul>\n<li><span>Messing-Steckerstifte (flach)<\/span><\/li>\n<li><span>Messing-Ladestifte<\/span><\/li>\n<li><span>Erdungsstifte<\/span><\/li>\n<li><span>Messing-Steckerstifte (rund)<\/span><\/li>\n<li><span>Vierkant-Steckstifte aus Messing<\/span><\/li>\n<\/ul>\n<p>&nbsp;<\/p>\n<p><strong><span>Materialoptionen:<\/span><\/strong><\/p>\n<ul>\n<li><span>Automatenmessing (IS: CuZn39Pb3) ISO-Typ (I)<\/span><\/li>\n<li><span>Automatenmessing gem\u00e4\u00df BS 249 Typ (I)<\/span><\/li>\n<li><span>Hochwertiges Automatenmessing<\/span><\/li>\n<li><span>Kundenspezifische Messing-Materialzusammensetzung gem\u00e4\u00df Kundenspezifikation<\/span><\/li>\n<\/ul>\n<p>&nbsp;<\/p>\n<p><strong><span>Gewindenormen:<\/span><\/strong><\/p>\n<ul>\n<li><span>ISO-Metrisch, MM, PG, BSW, BSP, BSB, BSF, BA, NPT, NPTF, UNC, UNF, UNEF usw.<\/span><\/li>\n<li><span>Ma\u00dfgeschneiderte F\u00e4den basierend auf Kundendesigns<\/span><\/li>\n<\/ul>\n<p>&nbsp;<\/p>\n<p><strong><span>Oberfl\u00e4chen- und Beschichtungsoptionen:<\/span><\/strong><\/p>\n<ul>\n<li><span>Nat\u00fcrliches Finish<\/span><\/li>\n<li><span>Vernickeln<\/span><\/li>\n<li><span>Messing-Finish<\/span><\/li>\n<li><span>Nickel-Messing<\/span><\/li>\n<li><span>Kupfer- oder Zinkbeschichtung<\/span><\/li>\n<li><span>Kundenspezifische Beschichtung gem\u00e4\u00df Spezifikation<\/span><\/li>\n<\/ul>\n<p>&nbsp;<\/p>\n<p><span>Messingstifte f\u00fcr Ladeger\u00e4te sind spezielle elektrische Verbindungselemente, die bei der Herstellung von Ladekabeln und Adaptern f\u00fcr verschiedene elektronische Ger\u00e4te verwendet werden. Diese Stifte spielen eine entscheidende Rolle bei der Herstellung der elektrischen Verbindung zwischen dem Ladeger\u00e4t und dem zu ladenden Ger\u00e4t. Messing ist aufgrund seiner hervorragenden elektrischen Leitf\u00e4higkeit und Korrosionsbest\u00e4ndigkeit ein h\u00e4ufig verwendetes Material f\u00fcr diese Stifte.<\/span><\/p>\n<p><span>Das Design der Messingstifte f\u00fcr Ladeger\u00e4te variiert je nach der spezifischen Ladeschnittstelle, f\u00fcr die sie vorgesehen sind. Einige g\u00e4ngige Arten von Messingstiften f\u00fcr Ladeger\u00e4te sind:<\/span><\/p>\n<ol>\n<li><b><\/b><strong><b><span>USB-Typ-A-Pins:<\/span><\/b><\/strong><span>\u00a0Diese werden in USB-Typ-A-Anschl\u00fcssen verwendet, die h\u00e4ufig in Ladekabeln f\u00fcr Smartphones, Tablets und andere elektronische Ger\u00e4te zu finden sind.<\/span><\/li>\n<li><b><\/b><strong><b><span>USB-Typ-C-Pins:<\/span><\/b><\/strong><span>\u00a0USB-Typ-C-Anschl\u00fcsse werden aufgrund ihres reversiblen Designs und ihrer schnelleren Ladefunktionen immer beliebter zum Laden. In USB-Typ-C-Anschl\u00fcssen f\u00fcr Ladekabel und -adapter werden Messingstifte verwendet.<\/span><\/li>\n<li><b><\/b><strong><b><span>Lightning-Anschlussstifte:<\/span><\/b><\/strong><span>\u00a0Diese werden in den propriet\u00e4ren Lightning-Anschl\u00fcssen von Apple verwendet, die auf iPhones, iPads und anderen Apple-Ger\u00e4ten zu finden sind.<\/span><\/li>\n<li><b><\/b><strong><b><span>Micro-USB-Pins:<\/span><\/b><\/strong><span>\u00a0Micro-USB-Anschl\u00fcsse werden noch immer in einigen Ger\u00e4ten verwendet, insbesondere in \u00e4lteren Smartphones und verschiedenen anderen elektronischen Ger\u00e4ten. In Micro-USB-Anschl\u00fcssen f\u00fcr Ladekabel werden Messingstifte verwendet.<\/span><\/li>\n<\/ol>\n<p><span>Zu den wichtigsten Merkmalen und Vorteilen von Messingstiften f\u00fcr Ladeger\u00e4te geh\u00f6ren:<\/span><\/p>\n<ol>\n<li><b><\/b><strong><b><span>Elektrische Leitf\u00e4higkeit:<\/span><\/b><\/strong><span>\u00a0Messing ist ein ausgezeichneter Stromleiter und gew\u00e4hrleistet eine effiziente und zuverl\u00e4ssige Energie\u00fcbertragung beim Laden.<\/span><\/li>\n<li><b><\/b><strong><b><span>Korrosionsbest\u00e4ndigkeit:<\/span><\/b><\/strong><span>\u00a0Messingstifte sind korrosionsbest\u00e4ndig. Dadurch wird eine stabile elektrische Verbindung aufrechterhalten und die Lebensdauer des Ladekabels oder Adapters verl\u00e4ngert.<\/span><\/li>\n<li><b><\/b><strong><b><span>Mechanische Festigkeit:<\/span><\/b><\/strong><span>\u00a0Messing sorgt f\u00fcr langlebige Stifte, die h\u00e4ufiges Ein- und Ausstecken w\u00e4hrend des Ladevorgangs aushalten.<\/span><\/li>\n<li><b><\/b><strong><b><span>Kompatibilit\u00e4t:<\/span><\/b><\/strong><span>\u00a0Ladestifte aus Messing sind f\u00fcr die Kompatibilit\u00e4t mit verschiedenen Ladeschnittstellen konzipiert und k\u00f6nnen daher mit einer breiten Palette an elektronischen Ger\u00e4ten verwendet werden.<\/span><\/li>\n<\/ol>\n<p><span>Die richtige Auswahl und Installation von Messingstiften f\u00fcr Ladeger\u00e4te ist f\u00fcr ein sicheres und effizientes Laden von entscheidender Bedeutung.<\/span><\/p>\n","protected":false},"featured_media":8173,"template":"","meta":[],"product_brand":[],"product_cat":[400],"product_tag":[],"class_list":{"0":"post-12234","1":"product","2":"type-product","3":"status-publish","4":"has-post-thumbnail","6":"product_cat-messingelektrikstifte","8":"first","9":"instock","10":"shipping-taxable","11":"product-type-simple"},"yoast_head":"<!-- This site is optimized with the Yoast SEO plugin v27.3 - https:\/\/yoast.com\/product\/yoast-seo-wordpress\/ -->\n<title>Messingstifte f\u00fcr Ladeger\u00e4te<\/title>\n<meta name=\"description\" content=\"Conex ist ein f\u00fchrender Hersteller und Exporteur von Messingstiften f\u00fcr Ladeger\u00e4te. Unsere hochwertigen Stifte sind f\u00fcr verschiedene elektrische Anwendungen geeignet, einschlie\u00dflich Elektrosteckerstifte, industrielle Steckdosenstifte und 15-Ampere- sowie UK-Steckerstifte. Wir bieten m\u00e4nnliche und weibliche Stifte, Live-Stifte, Neutralstifte und Erdungspins f\u00fcr zuverl\u00e4ssige Verbindungen.\" \/>\n<meta name=\"robots\" content=\"index, follow, max-snippet:-1, max-image-preview:large, max-video-preview:-1\" \/>\n<link rel=\"canonical\" href=\"https:\/\/conexmetals.com\/de\/produkt\/messingstifte-fuer-ladegeraete\/\" \/>\n<script type=\"application\/ld+json\" class=\"yoast-schema-graph\">{\"@context\":\"https:\\\/\\\/schema.org\",\"@graph\":[{\"@type\":\"WebPage\",\"@id\":\"https:\\\/\\\/conexmetals.com\\\/de\\\/produkt\\\/messingstifte-fuer-ladegeraete\\\/\",\"url\":\"https:\\\/\\\/conexmetals.com\\\/de\\\/produkt\\\/messingstifte-fuer-ladegeraete\\\/\",\"name\":\"Messingstifte f\u00fcr Ladeger\u00e4te\",\"isPartOf\":{\"@id\":\"https:\\\/\\\/conexmetals.com\\\/de\\\/#website\"},\"primaryImageOfPage\":{\"@id\":\"https:\\\/\\\/conexmetals.com\\\/de\\\/produkt\\\/messingstifte-fuer-ladegeraete\\\/#primaryimage\"},\"image\":{\"@id\":\"https:\\\/\\\/conexmetals.com\\\/de\\\/produkt\\\/messingstifte-fuer-ladegeraete\\\/#primaryimage\"},\"thumbnailUrl\":\"https:\\\/\\\/conexmetals.com\\\/wp-content\\\/uploads\\\/2024\\\/12\\\/Messingstifte-fur-Ladegerate.webp\",\"datePublished\":\"2023-08-17T06:51:50+00:00\",\"dateModified\":\"2024-12-19T08:57:39+00:00\",\"description\":\"Conex ist ein f\u00fchrender Hersteller und Exporteur von Messingstiften f\u00fcr Ladeger\u00e4te. Unsere hochwertigen Stifte sind f\u00fcr verschiedene elektrische Anwendungen geeignet, einschlie\u00dflich Elektrosteckerstifte, industrielle Steckdosenstifte und 15-Ampere- sowie UK-Steckerstifte. Wir bieten m\u00e4nnliche und weibliche Stifte, Live-Stifte, Neutralstifte und Erdungspins f\u00fcr zuverl\u00e4ssige Verbindungen.\",\"breadcrumb\":{\"@id\":\"https:\\\/\\\/conexmetals.com\\\/de\\\/produkt\\\/messingstifte-fuer-ladegeraete\\\/#breadcrumb\"},\"inLanguage\":\"de\",\"potentialAction\":[{\"@type\":\"ReadAction\",\"target\":[\"https:\\\/\\\/conexmetals.com\\\/de\\\/produkt\\\/messingstifte-fuer-ladegeraete\\\/\"]}]},{\"@type\":\"ImageObject\",\"inLanguage\":\"de\",\"@id\":\"https:\\\/\\\/conexmetals.com\\\/de\\\/produkt\\\/messingstifte-fuer-ladegeraete\\\/#primaryimage\",\"url\":\"https:\\\/\\\/conexmetals.com\\\/wp-content\\\/uploads\\\/2024\\\/12\\\/Messingstifte-fur-Ladegerate.webp\",\"contentUrl\":\"https:\\\/\\\/conexmetals.com\\\/wp-content\\\/uploads\\\/2024\\\/12\\\/Messingstifte-fur-Ladegerate.webp\",\"width\":350,\"height\":350,\"caption\":\"Messingstifte f\u00fcr Ladeger\u00e4te\"},{\"@type\":\"BreadcrumbList\",\"@id\":\"https:\\\/\\\/conexmetals.com\\\/de\\\/produkt\\\/messingstifte-fuer-ladegeraete\\\/#breadcrumb\",\"itemListElement\":[{\"@type\":\"ListItem\",\"position\":1,\"name\":\"Home\",\"item\":\"https:\\\/\\\/conexmetals.com\\\/de\\\/heim\\\/\"},{\"@type\":\"ListItem\",\"position\":2,\"name\":\"Products\",\"item\":\"https:\\\/\\\/conexmetals.com\\\/products\\\/\"},{\"@type\":\"ListItem\",\"position\":3,\"name\":\"Messingstifte f\u00fcr Ladeger\u00e4te\"}]},{\"@type\":\"WebSite\",\"@id\":\"https:\\\/\\\/conexmetals.com\\\/de\\\/#website\",\"url\":\"https:\\\/\\\/conexmetals.com\\\/de\\\/\",\"name\":\"Conex Metals Brass Fittings Brass Parts Copper Parts Brass Components Brass Plumbing Fittings India\",\"description\":\"Manufacturer of Bronze Fittings casting Copper Brass parts components\",\"publisher\":{\"@id\":\"https:\\\/\\\/conexmetals.com\\\/de\\\/#organization\"},\"potentialAction\":[{\"@type\":\"SearchAction\",\"target\":{\"@type\":\"EntryPoint\",\"urlTemplate\":\"https:\\\/\\\/conexmetals.com\\\/de\\\/?s={search_term_string}\"},\"query-input\":{\"@type\":\"PropertyValueSpecification\",\"valueRequired\":true,\"valueName\":\"search_term_string\"}}],\"inLanguage\":\"de\"},{\"@type\":\"Organization\",\"@id\":\"https:\\\/\\\/conexmetals.com\\\/de\\\/#organization\",\"name\":\"Conex Metals Brass Fittings Brass Parts Copper Parts Brass Components Brass Plumbing Fittings India\",\"url\":\"https:\\\/\\\/conexmetals.com\\\/de\\\/\",\"logo\":{\"@type\":\"ImageObject\",\"inLanguage\":\"de\",\"@id\":\"https:\\\/\\\/conexmetals.com\\\/de\\\/#\\\/schema\\\/logo\\\/image\\\/\",\"url\":\"https:\\\/\\\/conexmetals.com\\\/wp-content\\\/uploads\\\/2024\\\/03\\\/conex-metals-logo.webp\",\"contentUrl\":\"https:\\\/\\\/conexmetals.com\\\/wp-content\\\/uploads\\\/2024\\\/03\\\/conex-metals-logo.webp\",\"width\":300,\"height\":121,\"caption\":\"Conex Metals Brass Fittings Brass Parts Copper Parts Brass Components Brass Plumbing Fittings India\"},\"image\":{\"@id\":\"https:\\\/\\\/conexmetals.com\\\/de\\\/#\\\/schema\\\/logo\\\/image\\\/\"},\"sameAs\":[\"https:\\\/\\\/www.facebook.com\\\/conexbrass\",\"https:\\\/\\\/x.com\\\/conexindia\",\"https:\\\/\\\/www.linkedin.com\\\/company\\\/conex-metals-india\\\/\",\"https:\\\/\\\/www.instagram.com\\\/conexindia\\\/\"]}]}<\/script>\n<!-- \/ Yoast SEO plugin. -->","yoast_head_json":{"title":"Messingstifte f\u00fcr Ladeger\u00e4te","description":"Conex ist ein f\u00fchrender Hersteller und Exporteur von Messingstiften f\u00fcr Ladeger\u00e4te. Unsere hochwertigen Stifte sind f\u00fcr verschiedene elektrische Anwendungen geeignet, einschlie\u00dflich Elektrosteckerstifte, industrielle Steckdosenstifte und 15-Ampere- sowie UK-Steckerstifte. Wir bieten m\u00e4nnliche und weibliche Stifte, Live-Stifte, Neutralstifte und Erdungspins f\u00fcr zuverl\u00e4ssige Verbindungen.","robots":{"index":"index","follow":"follow","max-snippet":"max-snippet:-1","max-image-preview":"max-image-preview:large","max-video-preview":"max-video-preview:-1"},"canonical":"https:\/\/conexmetals.com\/de\/produkt\/messingstifte-fuer-ladegeraete\/","schema":{"@context":"https:\/\/schema.org","@graph":[{"@type":"WebPage","@id":"https:\/\/conexmetals.com\/de\/produkt\/messingstifte-fuer-ladegeraete\/","url":"https:\/\/conexmetals.com\/de\/produkt\/messingstifte-fuer-ladegeraete\/","name":"Messingstifte f\u00fcr Ladeger\u00e4te","isPartOf":{"@id":"https:\/\/conexmetals.com\/de\/#website"},"primaryImageOfPage":{"@id":"https:\/\/conexmetals.com\/de\/produkt\/messingstifte-fuer-ladegeraete\/#primaryimage"},"image":{"@id":"https:\/\/conexmetals.com\/de\/produkt\/messingstifte-fuer-ladegeraete\/#primaryimage"},"thumbnailUrl":"https:\/\/conexmetals.com\/wp-content\/uploads\/2024\/12\/Messingstifte-fur-Ladegerate.webp","datePublished":"2023-08-17T06:51:50+00:00","dateModified":"2024-12-19T08:57:39+00:00","description":"Conex ist ein f\u00fchrender Hersteller und Exporteur von Messingstiften f\u00fcr Ladeger\u00e4te. Unsere hochwertigen Stifte sind f\u00fcr verschiedene elektrische Anwendungen geeignet, einschlie\u00dflich Elektrosteckerstifte, industrielle Steckdosenstifte und 15-Ampere- sowie UK-Steckerstifte. Wir bieten m\u00e4nnliche und weibliche Stifte, Live-Stifte, Neutralstifte und Erdungspins f\u00fcr zuverl\u00e4ssige Verbindungen.","breadcrumb":{"@id":"https:\/\/conexmetals.com\/de\/produkt\/messingstifte-fuer-ladegeraete\/#breadcrumb"},"inLanguage":"de","potentialAction":[{"@type":"ReadAction","target":["https:\/\/conexmetals.com\/de\/produkt\/messingstifte-fuer-ladegeraete\/"]}]},{"@type":"ImageObject","inLanguage":"de","@id":"https:\/\/conexmetals.com\/de\/produkt\/messingstifte-fuer-ladegeraete\/#primaryimage","url":"https:\/\/conexmetals.com\/wp-content\/uploads\/2024\/12\/Messingstifte-fur-Ladegerate.webp","contentUrl":"https:\/\/conexmetals.com\/wp-content\/uploads\/2024\/12\/Messingstifte-fur-Ladegerate.webp","width":350,"height":350,"caption":"Messingstifte f\u00fcr Ladeger\u00e4te"},{"@type":"BreadcrumbList","@id":"https:\/\/conexmetals.com\/de\/produkt\/messingstifte-fuer-ladegeraete\/#breadcrumb","itemListElement":[{"@type":"ListItem","position":1,"name":"Home","item":"https:\/\/conexmetals.com\/de\/heim\/"},{"@type":"ListItem","position":2,"name":"Products","item":"https:\/\/conexmetals.com\/products\/"},{"@type":"ListItem","position":3,"name":"Messingstifte f\u00fcr Ladeger\u00e4te"}]},{"@type":"WebSite","@id":"https:\/\/conexmetals.com\/de\/#website","url":"https:\/\/conexmetals.com\/de\/","name":"Conex Metals Brass Fittings Brass Parts Copper Parts Brass Components Brass Plumbing Fittings India","description":"Manufacturer of Bronze Fittings casting Copper Brass parts components","publisher":{"@id":"https:\/\/conexmetals.com\/de\/#organization"},"potentialAction":[{"@type":"SearchAction","target":{"@type":"EntryPoint","urlTemplate":"https:\/\/conexmetals.com\/de\/?s={search_term_string}"},"query-input":{"@type":"PropertyValueSpecification","valueRequired":true,"valueName":"search_term_string"}}],"inLanguage":"de"},{"@type":"Organization","@id":"https:\/\/conexmetals.com\/de\/#organization","name":"Conex Metals Brass Fittings Brass Parts Copper Parts Brass Components Brass Plumbing Fittings India","url":"https:\/\/conexmetals.com\/de\/","logo":{"@type":"ImageObject","inLanguage":"de","@id":"https:\/\/conexmetals.com\/de\/#\/schema\/logo\/image\/","url":"https:\/\/conexmetals.com\/wp-content\/uploads\/2024\/03\/conex-metals-logo.webp","contentUrl":"https:\/\/conexmetals.com\/wp-content\/uploads\/2024\/03\/conex-metals-logo.webp","width":300,"height":121,"caption":"Conex Metals Brass Fittings Brass Parts Copper Parts Brass Components Brass Plumbing Fittings India"},"image":{"@id":"https:\/\/conexmetals.com\/de\/#\/schema\/logo\/image\/"},"sameAs":["https:\/\/www.facebook.com\/conexbrass","https:\/\/x.com\/conexindia","https:\/\/www.linkedin.com\/company\/conex-metals-india\/","https:\/\/www.instagram.com\/conexindia\/"]}]}},"_links":{"self":[{"href":"https:\/\/conexmetals.com\/de\/wp-json\/wp\/v2\/product\/12234","targetHints":{"allow":["GET"]}}],"collection":[{"href":"https:\/\/conexmetals.com\/de\/wp-json\/wp\/v2\/product"}],"about":[{"href":"https:\/\/conexmetals.com\/de\/wp-json\/wp\/v2\/types\/product"}],"wp:featuredmedia":[{"embeddable":true,"href":"https:\/\/conexmetals.com\/de\/wp-json\/wp\/v2\/media\/8173"}],"wp:attachment":[{"href":"https:\/\/conexmetals.com\/de\/wp-json\/wp\/v2\/media?parent=12234"}],"wp:term":[{"taxonomy":"product_brand","embeddable":true,"href":"https:\/\/conexmetals.com\/de\/wp-json\/wp\/v2\/product_brand?post=12234"},{"taxonomy":"product_cat","embeddable":true,"href":"https:\/\/conexmetals.com\/de\/wp-json\/wp\/v2\/product_cat?post=12234"},{"taxonomy":"product_tag","embeddable":true,"href":"https:\/\/conexmetals.com\/de\/wp-json\/wp\/v2\/product_tag?post=12234"}],"curies":[{"name":"wp","href":"https:\/\/api.w.org\/{rel}","templated":true}]}}