{"id":12238,"date":"2023-08-17T12:21:12","date_gmt":"2023-08-17T06:51:12","guid":{"rendered":"https:\/\/conexmetals.com\/?post_type=product&#038;p=12238"},"modified":"2024-12-19T14:44:28","modified_gmt":"2024-12-19T09:14:28","slug":"messingstifte-fuer-steckdosen","status":"publish","type":"product","link":"https:\/\/conexmetals.com\/de\/produkt\/messingstifte-fuer-steckdosen\/","title":{"rendered":"Messingstifte f\u00fcr Steckdosen"},"content":{"rendered":"","protected":false},"excerpt":{"rendered":"<p><strong><span>Steckerstifte und Buchsen aus Messing<\/span><\/strong><\/p>\n<p><span>Wir sind auf die Herstellung einer umfassenden Palette von Steckerstiften und -buchsen aus Messing spezialisiert, darunter:<\/span><\/p>\n<ul>\n<li><span>Neutrale Stifte und Buchsen<\/span><\/li>\n<li><span>Erdungsstifte und -buchsen<\/span><\/li>\n<li><span>Phasenstifte und -buchsen<\/span><\/li>\n<\/ul>\n<p>&nbsp;<\/p>\n<p><strong><span>Spezifikationen:<\/span><\/strong><\/p>\n<ul>\n<li><span>IST 1367<\/span><\/li>\n<li><span>BS 3692<\/span><\/li>\n<\/ul>\n<p>&nbsp;<\/p>\n<p><strong><span>Materialoptionen:<\/span><\/strong><\/p>\n<ul>\n<li><span>Automatenmessing (Typ 319, Typ BS 249)<\/span><\/li>\n<li><span>Kundenspezifische Messingmaterialzusammensetzung gem\u00e4\u00df Kundenanforderungen<\/span><\/li>\n<\/ul>\n<p>&nbsp;<\/p>\n<p><strong><span>Gewindenormen:<\/span><\/strong><\/p>\n<ul>\n<li><span>ISO-Metrisch (MM-Gewinde)<\/span><\/li>\n<li><span>UNC- und UNF-Gewinde<\/span><\/li>\n<li><span>Benutzerdefinierte Threads basierend auf bestimmten Designs<\/span><\/li>\n<\/ul>\n<p>&nbsp;<\/p>\n<p><strong><span>L\u00e4nge\/Gr\u00f6\u00dfe:<\/span><\/strong><\/p>\n<ul>\n<li><span>Gem\u00e4\u00df benutzerdefinierten Designs oder Anforderungen<\/span><\/li>\n<\/ul>\n<p>&nbsp;<\/p>\n<p><strong><span>Beschichtungs- und Veredelungsoptionen:<\/span><\/strong><\/p>\n<ul>\n<li><span>Nat\u00fcrliches Finish<\/span><\/li>\n<li><span>Nickel-, Zinn-, Gold- oder Silberbeschichtung<\/span><\/li>\n<li><span>Kundenspezifische Beschichtung nach Spezifikation<\/span><\/li>\n<\/ul>\n<p>&nbsp;<\/p>\n<p><span>Messingstifte f\u00fcr elektrische Steckdosen sind weibliche elektrische Steckverbinder, die sich in elektrischen Steckdosen oder -buchsen befinden. Diese Stifte sind ein integraler Bestandteil des Steckdosendesigns und bieten die Verbindungspunkte, an denen m\u00e4nnliche Steckerstifte eingesteckt werden k\u00f6nnen, um eine elektrische Verbindung herzustellen. Messing ist aufgrund seiner hervorragenden elektrischen Leitf\u00e4higkeit und Korrosionsbest\u00e4ndigkeit ein h\u00e4ufig verwendetes Material f\u00fcr diese Steckdosenstifte.<\/span><\/p>\n<p><span>Messingstifte f\u00fcr Steckdosen haben normalerweise eine zylindrische Form mit einer kleinen \u00d6ffnung oder einem Schlitz an einem Ende. Dieser Schlitz erm\u00f6glicht das einfache Einf\u00fchren von Steckerstiften und gew\u00e4hrleistet eine sichere und stabile Verbindung.<\/span><\/p>\n<p><span>Zu den wichtigsten Merkmalen und Vorteilen von Messingstiften f\u00fcr Steckdosen geh\u00f6ren:<\/span><\/p>\n<ol>\n<li><b><\/b><strong><b><span>Elektrische Leitf\u00e4higkeit:<\/span><\/b><\/strong><span>\u00a0Messing ist ein ausgezeichneter Stromleiter und gew\u00e4hrleistet einen effizienten Stromfluss durch die Buchsenstifte.<\/span><\/li>\n<li><b><\/b><strong><b><span>Korrosionsbest\u00e4ndigkeit:<\/span><\/b><\/strong><span>\u00a0Messingstifte sind korrosionsbest\u00e4ndig, wodurch die elektrische Verbindung dauerhaft zuverl\u00e4ssig erhalten bleibt.<\/span><\/li>\n<li><b><\/b><strong><b><span>Mechanische Festigkeit:<\/span><\/b><\/strong><span>\u00a0Messing sorgt f\u00fcr robuste und langlebige Buchsenstifte und gew\u00e4hrleistet eine sichere und langlebige Verbindung mit Steckerstiften.<\/span><\/li>\n<li><b><\/b><strong><b><span>Vielseitigkeit:<\/span><\/b><\/strong><span>\u00a0Messing-Steckdosenstifte werden in verschiedenen Steckdosen f\u00fcr unterschiedliche Steckertypen verwendet und sind daher mit einer Vielzahl von Elektroger\u00e4ten kompatibel.<\/span><\/li>\n<\/ol>\n<p><span>Die richtige Auswahl und Installation von Messingstiften f\u00fcr Steckdosen ist f\u00fcr die Gew\u00e4hrleistung einer sicheren und zuverl\u00e4ssigen elektrischen Verbindung von entscheidender Bedeutung.<\/span><\/p>\n","protected":false},"featured_media":8178,"template":"","meta":[],"product_brand":[],"product_cat":[400],"product_tag":[],"class_list":{"0":"post-12238","1":"product","2":"type-product","3":"status-publish","4":"has-post-thumbnail","6":"product_cat-messingelektrikstifte","8":"first","9":"instock","10":"shipping-taxable","11":"product-type-simple"},"yoast_head":"<!-- This site is optimized with the Yoast SEO plugin v27.3 - https:\/\/yoast.com\/product\/yoast-seo-wordpress\/ -->\n<title>Messingstifte f\u00fcr Steckdosen<\/title>\n<meta name=\"description\" content=\"Conex ist auf Messingstifte f\u00fcr Steckdosen spezialisiert und bietet wesentliche Komponenten f\u00fcr sichere und effiziente elektrische Verbindungen. Unsere Produktpalette umfasst hochwertige Messingstifte, die f\u00fcr verschiedene Arten von Steckdosen entwickelt wurden, und sorgt so f\u00fcr zuverl\u00e4ssige Leitf\u00e4higkeit und Langlebigkeit. Unsere Messingstifte entsprechen internationalen Standards und sind ideal f\u00fcr Hersteller, Exporteure und Lieferanten, die hochwertige elektrische Verbindungsst\u00fccke suchen. Vertrauen Sie Conex f\u00fcr hochwertige Messing-Elektrokomponenten, die die Leistung und Sicherheit Ihrer elektrischen Systeme verbessern.\" \/>\n<meta name=\"robots\" content=\"index, follow, max-snippet:-1, max-image-preview:large, max-video-preview:-1\" \/>\n<link rel=\"canonical\" href=\"https:\/\/conexmetals.com\/de\/produkt\/messingstifte-fuer-steckdosen\/\" \/>\n<script type=\"application\/ld+json\" class=\"yoast-schema-graph\">{\"@context\":\"https:\\\/\\\/schema.org\",\"@graph\":[{\"@type\":\"WebPage\",\"@id\":\"https:\\\/\\\/conexmetals.com\\\/de\\\/produkt\\\/messingstifte-fuer-steckdosen\\\/\",\"url\":\"https:\\\/\\\/conexmetals.com\\\/de\\\/produkt\\\/messingstifte-fuer-steckdosen\\\/\",\"name\":\"Messingstifte f\u00fcr Steckdosen\",\"isPartOf\":{\"@id\":\"https:\\\/\\\/conexmetals.com\\\/de\\\/#website\"},\"primaryImageOfPage\":{\"@id\":\"https:\\\/\\\/conexmetals.com\\\/de\\\/produkt\\\/messingstifte-fuer-steckdosen\\\/#primaryimage\"},\"image\":{\"@id\":\"https:\\\/\\\/conexmetals.com\\\/de\\\/produkt\\\/messingstifte-fuer-steckdosen\\\/#primaryimage\"},\"thumbnailUrl\":\"https:\\\/\\\/conexmetals.com\\\/wp-content\\\/uploads\\\/2024\\\/12\\\/Elektrischer-Stecker-und-elektrische-Steckdose.webp\",\"datePublished\":\"2023-08-17T06:51:12+00:00\",\"dateModified\":\"2024-12-19T09:14:28+00:00\",\"description\":\"Conex ist auf Messingstifte f\u00fcr Steckdosen spezialisiert und bietet wesentliche Komponenten f\u00fcr sichere und effiziente elektrische Verbindungen. Unsere Produktpalette umfasst hochwertige Messingstifte, die f\u00fcr verschiedene Arten von Steckdosen entwickelt wurden, und sorgt so f\u00fcr zuverl\u00e4ssige Leitf\u00e4higkeit und Langlebigkeit. Unsere Messingstifte entsprechen internationalen Standards und sind ideal f\u00fcr Hersteller, Exporteure und Lieferanten, die hochwertige elektrische Verbindungsst\u00fccke suchen. Vertrauen Sie Conex f\u00fcr hochwertige Messing-Elektrokomponenten, die die Leistung und Sicherheit Ihrer elektrischen Systeme verbessern.\",\"breadcrumb\":{\"@id\":\"https:\\\/\\\/conexmetals.com\\\/de\\\/produkt\\\/messingstifte-fuer-steckdosen\\\/#breadcrumb\"},\"inLanguage\":\"de\",\"potentialAction\":[{\"@type\":\"ReadAction\",\"target\":[\"https:\\\/\\\/conexmetals.com\\\/de\\\/produkt\\\/messingstifte-fuer-steckdosen\\\/\"]}]},{\"@type\":\"ImageObject\",\"inLanguage\":\"de\",\"@id\":\"https:\\\/\\\/conexmetals.com\\\/de\\\/produkt\\\/messingstifte-fuer-steckdosen\\\/#primaryimage\",\"url\":\"https:\\\/\\\/conexmetals.com\\\/wp-content\\\/uploads\\\/2024\\\/12\\\/Elektrischer-Stecker-und-elektrische-Steckdose.webp\",\"contentUrl\":\"https:\\\/\\\/conexmetals.com\\\/wp-content\\\/uploads\\\/2024\\\/12\\\/Elektrischer-Stecker-und-elektrische-Steckdose.webp\",\"width\":350,\"height\":350,\"caption\":\"Elektrischer Stecker und elektrische Steckdose\"},{\"@type\":\"BreadcrumbList\",\"@id\":\"https:\\\/\\\/conexmetals.com\\\/de\\\/produkt\\\/messingstifte-fuer-steckdosen\\\/#breadcrumb\",\"itemListElement\":[{\"@type\":\"ListItem\",\"position\":1,\"name\":\"Home\",\"item\":\"https:\\\/\\\/conexmetals.com\\\/de\\\/heim\\\/\"},{\"@type\":\"ListItem\",\"position\":2,\"name\":\"Products\",\"item\":\"https:\\\/\\\/conexmetals.com\\\/products\\\/\"},{\"@type\":\"ListItem\",\"position\":3,\"name\":\"Messingstifte f\u00fcr Steckdosen\"}]},{\"@type\":\"WebSite\",\"@id\":\"https:\\\/\\\/conexmetals.com\\\/de\\\/#website\",\"url\":\"https:\\\/\\\/conexmetals.com\\\/de\\\/\",\"name\":\"Conex Metals Brass Fittings Brass Parts Copper Parts Brass Components Brass Plumbing Fittings India\",\"description\":\"Manufacturer of Bronze Fittings casting Copper Brass parts components\",\"publisher\":{\"@id\":\"https:\\\/\\\/conexmetals.com\\\/de\\\/#organization\"},\"potentialAction\":[{\"@type\":\"SearchAction\",\"target\":{\"@type\":\"EntryPoint\",\"urlTemplate\":\"https:\\\/\\\/conexmetals.com\\\/de\\\/?s={search_term_string}\"},\"query-input\":{\"@type\":\"PropertyValueSpecification\",\"valueRequired\":true,\"valueName\":\"search_term_string\"}}],\"inLanguage\":\"de\"},{\"@type\":\"Organization\",\"@id\":\"https:\\\/\\\/conexmetals.com\\\/de\\\/#organization\",\"name\":\"Conex Metals Brass Fittings Brass Parts Copper Parts Brass Components Brass Plumbing Fittings India\",\"url\":\"https:\\\/\\\/conexmetals.com\\\/de\\\/\",\"logo\":{\"@type\":\"ImageObject\",\"inLanguage\":\"de\",\"@id\":\"https:\\\/\\\/conexmetals.com\\\/de\\\/#\\\/schema\\\/logo\\\/image\\\/\",\"url\":\"https:\\\/\\\/conexmetals.com\\\/wp-content\\\/uploads\\\/2024\\\/03\\\/conex-metals-logo.webp\",\"contentUrl\":\"https:\\\/\\\/conexmetals.com\\\/wp-content\\\/uploads\\\/2024\\\/03\\\/conex-metals-logo.webp\",\"width\":300,\"height\":121,\"caption\":\"Conex Metals Brass Fittings Brass Parts Copper Parts Brass Components Brass Plumbing Fittings India\"},\"image\":{\"@id\":\"https:\\\/\\\/conexmetals.com\\\/de\\\/#\\\/schema\\\/logo\\\/image\\\/\"},\"sameAs\":[\"https:\\\/\\\/www.facebook.com\\\/conexbrass\",\"https:\\\/\\\/x.com\\\/conexindia\",\"https:\\\/\\\/www.linkedin.com\\\/company\\\/conex-metals-india\\\/\",\"https:\\\/\\\/www.instagram.com\\\/conexindia\\\/\"]}]}<\/script>\n<!-- \/ Yoast SEO plugin. -->","yoast_head_json":{"title":"Messingstifte f\u00fcr Steckdosen","description":"Conex ist auf Messingstifte f\u00fcr Steckdosen spezialisiert und bietet wesentliche Komponenten f\u00fcr sichere und effiziente elektrische Verbindungen. Unsere Produktpalette umfasst hochwertige Messingstifte, die f\u00fcr verschiedene Arten von Steckdosen entwickelt wurden, und sorgt so f\u00fcr zuverl\u00e4ssige Leitf\u00e4higkeit und Langlebigkeit. Unsere Messingstifte entsprechen internationalen Standards und sind ideal f\u00fcr Hersteller, Exporteure und Lieferanten, die hochwertige elektrische Verbindungsst\u00fccke suchen. Vertrauen Sie Conex f\u00fcr hochwertige Messing-Elektrokomponenten, die die Leistung und Sicherheit Ihrer elektrischen Systeme verbessern.","robots":{"index":"index","follow":"follow","max-snippet":"max-snippet:-1","max-image-preview":"max-image-preview:large","max-video-preview":"max-video-preview:-1"},"canonical":"https:\/\/conexmetals.com\/de\/produkt\/messingstifte-fuer-steckdosen\/","schema":{"@context":"https:\/\/schema.org","@graph":[{"@type":"WebPage","@id":"https:\/\/conexmetals.com\/de\/produkt\/messingstifte-fuer-steckdosen\/","url":"https:\/\/conexmetals.com\/de\/produkt\/messingstifte-fuer-steckdosen\/","name":"Messingstifte f\u00fcr Steckdosen","isPartOf":{"@id":"https:\/\/conexmetals.com\/de\/#website"},"primaryImageOfPage":{"@id":"https:\/\/conexmetals.com\/de\/produkt\/messingstifte-fuer-steckdosen\/#primaryimage"},"image":{"@id":"https:\/\/conexmetals.com\/de\/produkt\/messingstifte-fuer-steckdosen\/#primaryimage"},"thumbnailUrl":"https:\/\/conexmetals.com\/wp-content\/uploads\/2024\/12\/Elektrischer-Stecker-und-elektrische-Steckdose.webp","datePublished":"2023-08-17T06:51:12+00:00","dateModified":"2024-12-19T09:14:28+00:00","description":"Conex ist auf Messingstifte f\u00fcr Steckdosen spezialisiert und bietet wesentliche Komponenten f\u00fcr sichere und effiziente elektrische Verbindungen. Unsere Produktpalette umfasst hochwertige Messingstifte, die f\u00fcr verschiedene Arten von Steckdosen entwickelt wurden, und sorgt so f\u00fcr zuverl\u00e4ssige Leitf\u00e4higkeit und Langlebigkeit. Unsere Messingstifte entsprechen internationalen Standards und sind ideal f\u00fcr Hersteller, Exporteure und Lieferanten, die hochwertige elektrische Verbindungsst\u00fccke suchen. Vertrauen Sie Conex f\u00fcr hochwertige Messing-Elektrokomponenten, die die Leistung und Sicherheit Ihrer elektrischen Systeme verbessern.","breadcrumb":{"@id":"https:\/\/conexmetals.com\/de\/produkt\/messingstifte-fuer-steckdosen\/#breadcrumb"},"inLanguage":"de","potentialAction":[{"@type":"ReadAction","target":["https:\/\/conexmetals.com\/de\/produkt\/messingstifte-fuer-steckdosen\/"]}]},{"@type":"ImageObject","inLanguage":"de","@id":"https:\/\/conexmetals.com\/de\/produkt\/messingstifte-fuer-steckdosen\/#primaryimage","url":"https:\/\/conexmetals.com\/wp-content\/uploads\/2024\/12\/Elektrischer-Stecker-und-elektrische-Steckdose.webp","contentUrl":"https:\/\/conexmetals.com\/wp-content\/uploads\/2024\/12\/Elektrischer-Stecker-und-elektrische-Steckdose.webp","width":350,"height":350,"caption":"Elektrischer Stecker und elektrische Steckdose"},{"@type":"BreadcrumbList","@id":"https:\/\/conexmetals.com\/de\/produkt\/messingstifte-fuer-steckdosen\/#breadcrumb","itemListElement":[{"@type":"ListItem","position":1,"name":"Home","item":"https:\/\/conexmetals.com\/de\/heim\/"},{"@type":"ListItem","position":2,"name":"Products","item":"https:\/\/conexmetals.com\/products\/"},{"@type":"ListItem","position":3,"name":"Messingstifte f\u00fcr Steckdosen"}]},{"@type":"WebSite","@id":"https:\/\/conexmetals.com\/de\/#website","url":"https:\/\/conexmetals.com\/de\/","name":"Conex Metals Brass Fittings Brass Parts Copper Parts Brass Components Brass Plumbing Fittings India","description":"Manufacturer of Bronze Fittings casting Copper Brass parts components","publisher":{"@id":"https:\/\/conexmetals.com\/de\/#organization"},"potentialAction":[{"@type":"SearchAction","target":{"@type":"EntryPoint","urlTemplate":"https:\/\/conexmetals.com\/de\/?s={search_term_string}"},"query-input":{"@type":"PropertyValueSpecification","valueRequired":true,"valueName":"search_term_string"}}],"inLanguage":"de"},{"@type":"Organization","@id":"https:\/\/conexmetals.com\/de\/#organization","name":"Conex Metals Brass Fittings Brass Parts Copper Parts Brass Components Brass Plumbing Fittings India","url":"https:\/\/conexmetals.com\/de\/","logo":{"@type":"ImageObject","inLanguage":"de","@id":"https:\/\/conexmetals.com\/de\/#\/schema\/logo\/image\/","url":"https:\/\/conexmetals.com\/wp-content\/uploads\/2024\/03\/conex-metals-logo.webp","contentUrl":"https:\/\/conexmetals.com\/wp-content\/uploads\/2024\/03\/conex-metals-logo.webp","width":300,"height":121,"caption":"Conex Metals Brass Fittings Brass Parts Copper Parts Brass Components Brass Plumbing Fittings India"},"image":{"@id":"https:\/\/conexmetals.com\/de\/#\/schema\/logo\/image\/"},"sameAs":["https:\/\/www.facebook.com\/conexbrass","https:\/\/x.com\/conexindia","https:\/\/www.linkedin.com\/company\/conex-metals-india\/","https:\/\/www.instagram.com\/conexindia\/"]}]}},"_links":{"self":[{"href":"https:\/\/conexmetals.com\/de\/wp-json\/wp\/v2\/product\/12238","targetHints":{"allow":["GET"]}}],"collection":[{"href":"https:\/\/conexmetals.com\/de\/wp-json\/wp\/v2\/product"}],"about":[{"href":"https:\/\/conexmetals.com\/de\/wp-json\/wp\/v2\/types\/product"}],"wp:featuredmedia":[{"embeddable":true,"href":"https:\/\/conexmetals.com\/de\/wp-json\/wp\/v2\/media\/8178"}],"wp:attachment":[{"href":"https:\/\/conexmetals.com\/de\/wp-json\/wp\/v2\/media?parent=12238"}],"wp:term":[{"taxonomy":"product_brand","embeddable":true,"href":"https:\/\/conexmetals.com\/de\/wp-json\/wp\/v2\/product_brand?post=12238"},{"taxonomy":"product_cat","embeddable":true,"href":"https:\/\/conexmetals.com\/de\/wp-json\/wp\/v2\/product_cat?post=12238"},{"taxonomy":"product_tag","embeddable":true,"href":"https:\/\/conexmetals.com\/de\/wp-json\/wp\/v2\/product_tag?post=12238"}],"curies":[{"name":"wp","href":"https:\/\/api.w.org\/{rel}","templated":true}]}}