{"id":12269,"date":"2023-08-18T07:46:43","date_gmt":"2023-08-18T02:16:43","guid":{"rendered":"https:\/\/conexmetals.com\/?post_type=product&#038;p=12269"},"modified":"2024-12-19T17:48:38","modified_gmt":"2024-12-19T12:18:38","slug":"bronze-erdungsstabklemmen","status":"publish","type":"product","link":"https:\/\/conexmetals.com\/de\/produkt\/bronze-erdungsstabklemmen\/","title":{"rendered":"Bronze-Erdungsstabklemmen"},"content":{"rendered":"","protected":false},"excerpt":{"rendered":"<p><span>Conex ist ein f\u00fchrender indischer Hersteller und Exporteur von Erdungsstangenklemmen aus Bronze, auch bekannt als \u201eBronze Acorn Clamp\u201c\/\u201eBronze Earthing Clamp\u201c\/\u201eBronze Earthing Rod Clamps\u201c sind elektrische Verbindungselemente, die dazu dienen, Erdungsleiter sicher an Erdungsstangen aus Kupfer\/Stahl zu befestigen.<\/span><\/p>\n<p><span>Erdungsst\u00e4be sind lange Metallst\u00e4be aus Materialien wie Kupfer oder Stahl, die in die Erde getrieben werden, um eine wirksame Erdungselektrode zu bilden. Diese Erdungsstabklemmen aus Bronze helfen dabei, den Leiter mit Erdungsst\u00e4ben sicher zu befestigen.<\/span><\/p>\n<p><span>Gr\u00f6\u00dfen der bronzenen Erdungsstangenklemmen: \u00bd&#8220;, 5\/8&#8243;, \u00be&#8220;, 1&#8243;<\/span><br \/>\n<span>Gewinde und Bolzen: UNF\/UNC-Gewinde mit Bolzen aus Edelstahl oder Bronze<\/span><\/p>\n<p><span>Bronzene Erdungsstangenklemmen sind elektrische Verbindungselemente, die Erdungsleiter sicher an Erdungsstangen befestigen. Erdungsstangen sind lange Metallstangen aus Materialien wie Kupfer oder Stahl, die in die Erde getrieben werden, um eine wirksame Erdungselektrode zu bilden. Diese Elektroden sind ein wesentlicher Bestandteil von Erdungssystemen, da sie im Falle eines Fehlers oder einer \u00dcberspannung einen Weg mit geringem Widerstand bieten, \u00fcber den elektrischer Strom sicher in den Boden abgeleitet werden kann.<\/span><\/p>\n<p><span>Bronzene Erdungsstangenklemmen haben mehrere wichtige Eigenschaften:<\/span><\/p>\n<ol>\n<li><b><\/b><strong><b><span>Bronzekonstruktion:<\/span><\/b><\/strong><span>\u00a0Wie der Name schon sagt, bestehen diese Klemmen normalerweise aus Bronze, einem Material, das f\u00fcr seine hervorragende elektrische Leitf\u00e4higkeit und Korrosionsbest\u00e4ndigkeit bekannt ist.<\/span><\/li>\n<li><b><\/b><strong><b><span>Schraub- oder Kompressionsausf\u00fchrung:<\/span><\/b><\/strong><span>\u00a0Erdungsstangenklemmen verwenden h\u00e4ufig Schrauben oder Kompressionsmechanismen, um den Erdungsleiter fest und sicher an der Erdungsstange zu befestigen.<\/span><\/li>\n<li><b><\/b><strong><b><span>Mit oder ohne Gewinde:<\/span><\/b><\/strong><span>\u00a0Einige Klemmen k\u00f6nnen Gewindel\u00f6cher aufweisen, in die Schrauben zum Befestigen des Erdungsleiters eingesetzt werden k\u00f6nnen, w\u00e4hrend andere m\u00f6glicherweise L\u00f6cher ohne Gewinde aufweisen, f\u00fcr die zur Herstellung der Verbindung eine separate Schraube oder Gewindestange erforderlich ist.<\/span><\/li>\n<\/ol>\n<p><span>Richtig installierte Bronze-Erdungsstangenklemmen sorgen f\u00fcr eine zuverl\u00e4ssige und langlebige Verbindung zwischen Erdungsleiter und Erdungsstange. Diese Verbindung ist entscheidend f\u00fcr die Einrichtung eines effektiven Erdungssystems, das, wie bereits erw\u00e4hnt, f\u00fcr die elektrische Sicherheit und den Schutz vor elektrischen Fehlern unerl\u00e4sslich ist.<\/span><\/p>\n<p><span>Conex fertigt eine gro\u00dfe Auswahl an Erdungsklemmen f\u00fcr Erdungsst\u00e4be aus Marinemessing, Rotguss und Aluminium. F\u00fcr Erdungsst\u00e4be k\u00f6nnen auch Spezialklemmen nach Kundenspezifikation geliefert werden.<\/span><\/p>\n<p><strong><span>Stange-zu-Band-Klemme<\/span><\/strong><br \/>\n<span>(A-Klemme) F\u00fcr eine gro\u00dfe Bandbreite an Kupfer-\/Al-B\u00e4ndern.<\/span><\/p>\n<p><strong><span>Stab-Leiter-Klemme<\/span><\/strong><br \/>\n<span>(G-Klemme) Verf\u00fcgbar in leichter und schwerer Ausf\u00fchrung.<\/span><br \/>\n<span>F\u00fcr Leitergr\u00f6\u00dfen von 10 mm2 bis 120 mm2.<\/span><\/p>\n<p><strong><span>Stangen-Kabelschuhklemme<\/span><\/strong><br \/>\n<span>(Typ B) Erh\u00e4ltlich mit M12-Schraube, komplett mit Messingscheibe und Muttern.<\/span><\/p>\n","protected":false},"featured_media":7168,"template":"","meta":[],"product_brand":[],"product_cat":[336],"product_tag":[],"class_list":{"0":"post-12269","1":"product","2":"type-product","3":"status-publish","4":"has-post-thumbnail","6":"product_cat-bronze-erdungszubehor","8":"first","9":"instock","10":"shipping-taxable","11":"product-type-simple"},"yoast_head":"<!-- This site is optimized with the Yoast SEO plugin v27.3 - https:\/\/yoast.com\/product\/yoast-seo-wordpress\/ -->\n<title>Bronze-Erdungsstabklemmen<\/title>\n<meta name=\"description\" content=\"Conex ist ein f\u00fchrender indischer Hersteller und Exporteur von Bronze-Erdungsstabklemmen, auch bekannt als Bronze-Acorn-Klemme, Bronze-Erdungsklemme oder Bronze-Erdstabklemme. Diese elektrischen Verbinder sind so konzipiert, dass sie Erdungsleiter sicher an Kupfer- oder Stahl-Erdungsst\u00e4ben befestigen.\" \/>\n<meta name=\"robots\" content=\"index, follow, max-snippet:-1, max-image-preview:large, max-video-preview:-1\" \/>\n<link rel=\"canonical\" href=\"https:\/\/conexmetals.com\/de\/produkt\/bronze-erdungsstabklemmen\/\" \/>\n<script type=\"application\/ld+json\" class=\"yoast-schema-graph\">{\"@context\":\"https:\\\/\\\/schema.org\",\"@graph\":[{\"@type\":\"WebPage\",\"@id\":\"https:\\\/\\\/conexmetals.com\\\/de\\\/produkt\\\/bronze-erdungsstabklemmen\\\/\",\"url\":\"https:\\\/\\\/conexmetals.com\\\/de\\\/produkt\\\/bronze-erdungsstabklemmen\\\/\",\"name\":\"Bronze-Erdungsstabklemmen\",\"isPartOf\":{\"@id\":\"https:\\\/\\\/conexmetals.com\\\/de\\\/#website\"},\"primaryImageOfPage\":{\"@id\":\"https:\\\/\\\/conexmetals.com\\\/de\\\/produkt\\\/bronze-erdungsstabklemmen\\\/#primaryimage\"},\"image\":{\"@id\":\"https:\\\/\\\/conexmetals.com\\\/de\\\/produkt\\\/bronze-erdungsstabklemmen\\\/#primaryimage\"},\"thumbnailUrl\":\"https:\\\/\\\/conexmetals.com\\\/wp-content\\\/uploads\\\/2024\\\/12\\\/Bronze-Erdungsstabklemmen-1.webp\",\"datePublished\":\"2023-08-18T02:16:43+00:00\",\"dateModified\":\"2024-12-19T12:18:38+00:00\",\"description\":\"Conex ist ein f\u00fchrender indischer Hersteller und Exporteur von Bronze-Erdungsstabklemmen, auch bekannt als Bronze-Acorn-Klemme, Bronze-Erdungsklemme oder Bronze-Erdstabklemme. Diese elektrischen Verbinder sind so konzipiert, dass sie Erdungsleiter sicher an Kupfer- oder Stahl-Erdungsst\u00e4ben befestigen.\",\"breadcrumb\":{\"@id\":\"https:\\\/\\\/conexmetals.com\\\/de\\\/produkt\\\/bronze-erdungsstabklemmen\\\/#breadcrumb\"},\"inLanguage\":\"de\",\"potentialAction\":[{\"@type\":\"ReadAction\",\"target\":[\"https:\\\/\\\/conexmetals.com\\\/de\\\/produkt\\\/bronze-erdungsstabklemmen\\\/\"]}]},{\"@type\":\"ImageObject\",\"inLanguage\":\"de\",\"@id\":\"https:\\\/\\\/conexmetals.com\\\/de\\\/produkt\\\/bronze-erdungsstabklemmen\\\/#primaryimage\",\"url\":\"https:\\\/\\\/conexmetals.com\\\/wp-content\\\/uploads\\\/2024\\\/12\\\/Bronze-Erdungsstabklemmen-1.webp\",\"contentUrl\":\"https:\\\/\\\/conexmetals.com\\\/wp-content\\\/uploads\\\/2024\\\/12\\\/Bronze-Erdungsstabklemmen-1.webp\",\"width\":350,\"height\":350,\"caption\":\"Bronze-Erdungsstabklemmen\"},{\"@type\":\"BreadcrumbList\",\"@id\":\"https:\\\/\\\/conexmetals.com\\\/de\\\/produkt\\\/bronze-erdungsstabklemmen\\\/#breadcrumb\",\"itemListElement\":[{\"@type\":\"ListItem\",\"position\":1,\"name\":\"Home\",\"item\":\"https:\\\/\\\/conexmetals.com\\\/de\\\/heim\\\/\"},{\"@type\":\"ListItem\",\"position\":2,\"name\":\"Products\",\"item\":\"https:\\\/\\\/conexmetals.com\\\/products\\\/\"},{\"@type\":\"ListItem\",\"position\":3,\"name\":\"Bronze-Erdungsstabklemmen\"}]},{\"@type\":\"WebSite\",\"@id\":\"https:\\\/\\\/conexmetals.com\\\/de\\\/#website\",\"url\":\"https:\\\/\\\/conexmetals.com\\\/de\\\/\",\"name\":\"Conex Metals Brass Fittings Brass Parts Copper Parts Brass Components Brass Plumbing Fittings India\",\"description\":\"Manufacturer of Bronze Fittings casting Copper Brass parts components\",\"publisher\":{\"@id\":\"https:\\\/\\\/conexmetals.com\\\/de\\\/#organization\"},\"potentialAction\":[{\"@type\":\"SearchAction\",\"target\":{\"@type\":\"EntryPoint\",\"urlTemplate\":\"https:\\\/\\\/conexmetals.com\\\/de\\\/?s={search_term_string}\"},\"query-input\":{\"@type\":\"PropertyValueSpecification\",\"valueRequired\":true,\"valueName\":\"search_term_string\"}}],\"inLanguage\":\"de\"},{\"@type\":\"Organization\",\"@id\":\"https:\\\/\\\/conexmetals.com\\\/de\\\/#organization\",\"name\":\"Conex Metals Brass Fittings Brass Parts Copper Parts Brass Components Brass Plumbing Fittings India\",\"url\":\"https:\\\/\\\/conexmetals.com\\\/de\\\/\",\"logo\":{\"@type\":\"ImageObject\",\"inLanguage\":\"de\",\"@id\":\"https:\\\/\\\/conexmetals.com\\\/de\\\/#\\\/schema\\\/logo\\\/image\\\/\",\"url\":\"https:\\\/\\\/conexmetals.com\\\/wp-content\\\/uploads\\\/2024\\\/03\\\/conex-metals-logo.webp\",\"contentUrl\":\"https:\\\/\\\/conexmetals.com\\\/wp-content\\\/uploads\\\/2024\\\/03\\\/conex-metals-logo.webp\",\"width\":300,\"height\":121,\"caption\":\"Conex Metals Brass Fittings Brass Parts Copper Parts Brass Components Brass Plumbing Fittings India\"},\"image\":{\"@id\":\"https:\\\/\\\/conexmetals.com\\\/de\\\/#\\\/schema\\\/logo\\\/image\\\/\"},\"sameAs\":[\"https:\\\/\\\/www.facebook.com\\\/conexbrass\",\"https:\\\/\\\/x.com\\\/conexindia\",\"https:\\\/\\\/www.linkedin.com\\\/company\\\/conex-metals-india\\\/\",\"https:\\\/\\\/www.instagram.com\\\/conexindia\\\/\"]}]}<\/script>\n<!-- \/ Yoast SEO plugin. -->","yoast_head_json":{"title":"Bronze-Erdungsstabklemmen","description":"Conex ist ein f\u00fchrender indischer Hersteller und Exporteur von Bronze-Erdungsstabklemmen, auch bekannt als Bronze-Acorn-Klemme, Bronze-Erdungsklemme oder Bronze-Erdstabklemme. Diese elektrischen Verbinder sind so konzipiert, dass sie Erdungsleiter sicher an Kupfer- oder Stahl-Erdungsst\u00e4ben befestigen.","robots":{"index":"index","follow":"follow","max-snippet":"max-snippet:-1","max-image-preview":"max-image-preview:large","max-video-preview":"max-video-preview:-1"},"canonical":"https:\/\/conexmetals.com\/de\/produkt\/bronze-erdungsstabklemmen\/","schema":{"@context":"https:\/\/schema.org","@graph":[{"@type":"WebPage","@id":"https:\/\/conexmetals.com\/de\/produkt\/bronze-erdungsstabklemmen\/","url":"https:\/\/conexmetals.com\/de\/produkt\/bronze-erdungsstabklemmen\/","name":"Bronze-Erdungsstabklemmen","isPartOf":{"@id":"https:\/\/conexmetals.com\/de\/#website"},"primaryImageOfPage":{"@id":"https:\/\/conexmetals.com\/de\/produkt\/bronze-erdungsstabklemmen\/#primaryimage"},"image":{"@id":"https:\/\/conexmetals.com\/de\/produkt\/bronze-erdungsstabklemmen\/#primaryimage"},"thumbnailUrl":"https:\/\/conexmetals.com\/wp-content\/uploads\/2024\/12\/Bronze-Erdungsstabklemmen-1.webp","datePublished":"2023-08-18T02:16:43+00:00","dateModified":"2024-12-19T12:18:38+00:00","description":"Conex ist ein f\u00fchrender indischer Hersteller und Exporteur von Bronze-Erdungsstabklemmen, auch bekannt als Bronze-Acorn-Klemme, Bronze-Erdungsklemme oder Bronze-Erdstabklemme. Diese elektrischen Verbinder sind so konzipiert, dass sie Erdungsleiter sicher an Kupfer- oder Stahl-Erdungsst\u00e4ben befestigen.","breadcrumb":{"@id":"https:\/\/conexmetals.com\/de\/produkt\/bronze-erdungsstabklemmen\/#breadcrumb"},"inLanguage":"de","potentialAction":[{"@type":"ReadAction","target":["https:\/\/conexmetals.com\/de\/produkt\/bronze-erdungsstabklemmen\/"]}]},{"@type":"ImageObject","inLanguage":"de","@id":"https:\/\/conexmetals.com\/de\/produkt\/bronze-erdungsstabklemmen\/#primaryimage","url":"https:\/\/conexmetals.com\/wp-content\/uploads\/2024\/12\/Bronze-Erdungsstabklemmen-1.webp","contentUrl":"https:\/\/conexmetals.com\/wp-content\/uploads\/2024\/12\/Bronze-Erdungsstabklemmen-1.webp","width":350,"height":350,"caption":"Bronze-Erdungsstabklemmen"},{"@type":"BreadcrumbList","@id":"https:\/\/conexmetals.com\/de\/produkt\/bronze-erdungsstabklemmen\/#breadcrumb","itemListElement":[{"@type":"ListItem","position":1,"name":"Home","item":"https:\/\/conexmetals.com\/de\/heim\/"},{"@type":"ListItem","position":2,"name":"Products","item":"https:\/\/conexmetals.com\/products\/"},{"@type":"ListItem","position":3,"name":"Bronze-Erdungsstabklemmen"}]},{"@type":"WebSite","@id":"https:\/\/conexmetals.com\/de\/#website","url":"https:\/\/conexmetals.com\/de\/","name":"Conex Metals Brass Fittings Brass Parts Copper Parts Brass Components Brass Plumbing Fittings India","description":"Manufacturer of Bronze Fittings casting Copper Brass parts components","publisher":{"@id":"https:\/\/conexmetals.com\/de\/#organization"},"potentialAction":[{"@type":"SearchAction","target":{"@type":"EntryPoint","urlTemplate":"https:\/\/conexmetals.com\/de\/?s={search_term_string}"},"query-input":{"@type":"PropertyValueSpecification","valueRequired":true,"valueName":"search_term_string"}}],"inLanguage":"de"},{"@type":"Organization","@id":"https:\/\/conexmetals.com\/de\/#organization","name":"Conex Metals Brass Fittings Brass Parts Copper Parts Brass Components Brass Plumbing Fittings India","url":"https:\/\/conexmetals.com\/de\/","logo":{"@type":"ImageObject","inLanguage":"de","@id":"https:\/\/conexmetals.com\/de\/#\/schema\/logo\/image\/","url":"https:\/\/conexmetals.com\/wp-content\/uploads\/2024\/03\/conex-metals-logo.webp","contentUrl":"https:\/\/conexmetals.com\/wp-content\/uploads\/2024\/03\/conex-metals-logo.webp","width":300,"height":121,"caption":"Conex Metals Brass Fittings Brass Parts Copper Parts Brass Components Brass Plumbing Fittings India"},"image":{"@id":"https:\/\/conexmetals.com\/de\/#\/schema\/logo\/image\/"},"sameAs":["https:\/\/www.facebook.com\/conexbrass","https:\/\/x.com\/conexindia","https:\/\/www.linkedin.com\/company\/conex-metals-india\/","https:\/\/www.instagram.com\/conexindia\/"]}]}},"_links":{"self":[{"href":"https:\/\/conexmetals.com\/de\/wp-json\/wp\/v2\/product\/12269","targetHints":{"allow":["GET"]}}],"collection":[{"href":"https:\/\/conexmetals.com\/de\/wp-json\/wp\/v2\/product"}],"about":[{"href":"https:\/\/conexmetals.com\/de\/wp-json\/wp\/v2\/types\/product"}],"wp:featuredmedia":[{"embeddable":true,"href":"https:\/\/conexmetals.com\/de\/wp-json\/wp\/v2\/media\/7168"}],"wp:attachment":[{"href":"https:\/\/conexmetals.com\/de\/wp-json\/wp\/v2\/media?parent=12269"}],"wp:term":[{"taxonomy":"product_brand","embeddable":true,"href":"https:\/\/conexmetals.com\/de\/wp-json\/wp\/v2\/product_brand?post=12269"},{"taxonomy":"product_cat","embeddable":true,"href":"https:\/\/conexmetals.com\/de\/wp-json\/wp\/v2\/product_cat?post=12269"},{"taxonomy":"product_tag","embeddable":true,"href":"https:\/\/conexmetals.com\/de\/wp-json\/wp\/v2\/product_tag?post=12269"}],"curies":[{"name":"wp","href":"https:\/\/api.w.org\/{rel}","templated":true}]}}