{"id":12273,"date":"2023-08-18T07:50:58","date_gmt":"2023-08-18T02:20:58","guid":{"rendered":"https:\/\/conexmetals.com\/?post_type=product&#038;p=12273"},"modified":"2024-12-19T18:01:16","modified_gmt":"2024-12-19T12:31:16","slug":"kupplungen","status":"publish","type":"product","link":"https:\/\/conexmetals.com\/de\/produkt\/kupplungen\/","title":{"rendered":"Kupplungen"},"content":{"rendered":"","protected":false},"excerpt":{"rendered":"<table id=\"tablepress-319\" class=\"tablepress tablepress-id-319\">\n<caption>\u00a0<\/caption>\n<thead>\n<tr class=\"row-1 odd\">\n<th class=\"column-1\" colspan=\"8\"><strong><span>Gewindemuffe f\u00fcr Kupfer<\/span><\/strong><\/th>\n<\/tr>\n<\/thead>\n<tbody class=\"row-hover\">\n<tr class=\"row-2 even\">\n<td class=\"column-1\"><strong><span>Katalognummer<\/span><\/strong><\/td>\n<td class=\"column-2\"><strong><span>Material<\/span><\/strong><\/td>\n<td class=\"column-3\"><strong><span>L\u00e4nge (L)<\/span><\/strong><\/td>\n<td class=\"column-4\"><strong><span>Gewindegr\u00f6\u00dfe (TS)<\/span><\/strong><\/td>\n<td class=\"column-5\"><strong><span>St\u00fcckgewicht<\/span><\/strong><\/td>\n<td class=\"column-6\"><strong><span>Nenndurchmesser des Erdungsstabs<\/span><\/strong><\/td>\n<td class=\"column-7\"><strong><span>Entspricht<\/span><\/strong><\/td>\n<td class=\"column-8\"><strong><span>Zertifizierungen<\/span><\/strong><\/td>\n<\/tr>\n<tr class=\"row-3 odd\">\n<td class=\"column-1\"><span>1<\/span><\/td>\n<td class=\"column-2\"><span>Bronze<\/span><\/td>\n<td class=\"column-3\"><span>2,4 Zoll<\/span><\/td>\n<td class=\"column-4\"><span>5\/8&#8243; UNC<\/span><\/td>\n<td class=\"column-5\"><span>0,23 Pfund<\/span><\/td>\n<td class=\"column-6\"><span>5\/8 Zoll<\/span><\/td>\n<td class=\"column-7\"><span>EN IEC 62561-2<\/span><\/td>\n<td class=\"column-8\"><span>cUL, RUS, UL, CSA, CSA-US<\/span><\/td>\n<\/tr>\n<tr class=\"row-4 even\">\n<td class=\"column-1\"><span>2<\/span><\/td>\n<td class=\"column-2\"><span>Bronze<\/span><\/td>\n<td class=\"column-3\"><span>2 1\/2&#8243;<\/span><\/td>\n<td class=\"column-4\"><span>9\/16&#8243; UNC<\/span><\/td>\n<td class=\"column-5\"><span>0,16 Pfund<\/span><\/td>\n<td class=\"column-6\"><span>9\/16 Zoll<\/span><\/td>\n<td class=\"column-7\"><span>EN IEC 62561-2<\/span><\/td>\n<td class=\"column-8\"><span>cUL, UL, CSA, CSA-US<\/span><\/td>\n<\/tr>\n<tr class=\"row-5 odd\">\n<td class=\"column-1\"><span>3<\/span><\/td>\n<td class=\"column-2\"><span>Siliziumbronze<\/span><\/td>\n<td class=\"column-3\"><span>3,9 Zoll<\/span><\/td>\n<td class=\"column-4\"><span>1&#8243; UNC<\/span><\/td>\n<td class=\"column-5\"><span>0,78 Pfund<\/span><\/td>\n<td class=\"column-6\"><span>1&#8243;<\/span><\/td>\n<td class=\"column-7\"><span>EN IEC 62561-2<\/span><\/td>\n<td class=\"column-8\"><span>cUL, UL<\/span><\/td>\n<\/tr>\n<\/tbody>\n<\/table>\n<p><img fetchpriority=\"high\" decoding=\"async\" class=\"size-full wp-image-6299 alignleft lazy loaded\" src=\"https:\/\/conexmetals.com\/wp-content\/uploads\/2023\/08\/Couplers-line-drawing.webp\" alt=\"Kupplungsstrichzeichnung\" width=\"250\" height=\"250\" data-src=\"https:\/\/conexmetals.com\/wp-content\/uploads\/2023\/08\/Couplers-line-drawing.webp\" data-was-processed=\"true\" srcset=\"https:\/\/conexmetals.com\/wp-content\/uploads\/2023\/08\/Couplers-line-drawing.webp 250w, https:\/\/conexmetals.com\/wp-content\/uploads\/2023\/08\/Couplers-line-drawing-150x150.webp 150w, https:\/\/conexmetals.com\/wp-content\/uploads\/2023\/08\/Couplers-line-drawing-100x100.webp 100w\" sizes=\"(max-width: 250px) 100vw, 250px\" \/><span>Bei Conex Metals bieten wir eine gro\u00dfe Auswahl an Kupplungen in verschiedenen Formen, Gr\u00f6\u00dfen und Materialien an, die f\u00fcr bestimmte Zwecke und Belastungsanforderungen ausgelegt sind. Unsere Kupplungen spielen eine entscheidende Rolle bei der Gew\u00e4hrleistung zuverl\u00e4ssiger Verbindungen in verschiedenen Branchen und erm\u00f6glichen einen effizienten und sicheren Betrieb.<\/span><\/p>\n<p><strong><span>G\u00e4ngige Kupplungstypen:<\/span><\/strong><\/p>\n<ul>\n<li><strong><span>Bewehrungsstahlmuffen<\/span><\/strong><span>\u00a0: Verbinden Sie Bewehrungsst\u00e4be in Betonstrukturen ohne Schwei\u00dfen oder Binden.<\/span><\/li>\n<li><strong><span>Wellenkupplungen<\/span><\/strong><span>\u00a0: Verbinden Wellen oder Stangen und erm\u00f6glichen die \u00dcbertragung von Drehmoment und Bewegung in mechanischen Systemen.<\/span><\/li>\n<li><strong><span>Schlauchkupplungen<\/span><\/strong><span>\u00a0: Erstellen Sie auslaufsichere Verbindungen f\u00fcr den Fl\u00fcssigkeits- oder Gastransfer in Rohrleitungen, Maschinen und Hydrauliksystemen.<\/span><\/li>\n<li><strong><span>Elektrische Kupplungen<\/span><\/strong><span>\u00a0: Sorgen f\u00fcr sichere elektrische Verbindungen zwischen Leitern in elektrischen Systemen.<\/span><\/li>\n<li><strong><span>Glasfaserkoppler<\/span><\/strong><span>\u00a0: Kombinieren oder teilen optische Signale in Glasfasernetzen f\u00fcr eine effiziente Daten\u00fcbertragung.<\/span><\/li>\n<li><strong><span>Schnelltrennkupplungen<\/span><\/strong><span>\u00a0: Erm\u00f6glichen einfaches Verbinden und Trennen in hydraulischen, pneumatischen, industriellen und landwirtschaftlichen Anwendungen.<\/span><\/li>\n<li><strong><span>Anh\u00e4ngerkupplungen<\/span><\/strong><span>\u00a0: Befestigen Sie Anh\u00e4nger sicher an Zugfahrzeugen f\u00fcr einen sicheren Transport.<\/span><\/li>\n<\/ul>\n<p>&nbsp;<\/p>\n<figure id=\"attachment_6300\" class=\"wp-caption alignright\" aria-describedby=\"caption-attachment-6300\"><img decoding=\"async\" class=\"wp-image-6300 size-medium lazy loaded\" src=\"https:\/\/conexmetals.com\/wp-content\/uploads\/2023\/08\/Furse-Earth-Rod-Fittings-300x300.jpg\" alt=\"Furse Erdungsstabbeschl\u00e4ge\" width=\"300\" height=\"300\" data-src=\"https:\/\/conexmetals.com\/wp-content\/uploads\/2023\/08\/Furse-Earth-Rod-Fittings-300x300.jpg\" data-was-processed=\"true\" srcset=\"https:\/\/conexmetals.com\/wp-content\/uploads\/2023\/08\/Furse-Earth-Rod-Fittings-300x300.jpg 300w, https:\/\/conexmetals.com\/wp-content\/uploads\/2023\/08\/Furse-Earth-Rod-Fittings-150x150.jpg 150w, https:\/\/conexmetals.com\/wp-content\/uploads\/2023\/08\/Furse-Earth-Rod-Fittings-100x100.jpg 100w, https:\/\/conexmetals.com\/wp-content\/uploads\/2023\/08\/Furse-Earth-Rod-Fittings.jpg 540w\" sizes=\"(max-width: 300px) 100vw, 300px\" \/><figcaption id=\"caption-attachment-6300\" class=\"wp-caption-text\"><strong>\u00a0 \u00a0 \u00a0 \u00a0 \u00a0 \u00a0 \u00a0 \u00a0 \u00a0<span>\u00a0\u00a0Furse Erdungsstab-Armaturen<\/span><\/strong><\/figcaption><\/figure>\n<p><span>Bei Conex Metal Company bieten wir auch hochwertige Erdungsst\u00e4be an, die zuverl\u00e4ssige Erdungsl\u00f6sungen bieten. Unsere massiven Erdungsst\u00e4be aus Kupfer und Edelstahl von Furse eignen sich hervorragend f\u00fcr korrosive Umgebungen und gew\u00e4hrleisten eine dauerhafte Leistung. Kupfererdungsst\u00e4be sind ideal f\u00fcr aggressive Bodenbedingungen wie hohen Salzgehalt, w\u00e4hrend Edelstahlst\u00e4be galvanische Korrosion zwischen ungleichen Metallen verhindern.<\/span><\/p>\n<p><strong><span>Produktdetails:<\/span><\/strong><\/p>\n<p><span>\u2013 Erh\u00e4ltlich in Kupfer oder Edelstahl<\/span><br \/>\n<span>\u2013 Passende Armaturen ebenfalls erh\u00e4ltlich<\/span><br \/>\n<span>\u2013 Normen:<\/span><br \/>\n<span>\u2013 BS EN 50164-2 (massive Kupferst\u00e4be)<\/span><br \/>\n<span>\u2013 BS 7430<\/span><br \/>\n<span>\u2013 UL467 (RC010-KIT, RC015-KIT, RS005-KIT)<\/span><\/p>\n<p><span>Unsere Erdungsst\u00e4be sind auf dauerhafte Zuverl\u00e4ssigkeit ausgelegt, selbst in anspruchsvollen Umgebungen. Vertrauen Sie auf erstklassige Erdungsl\u00f6sungen der Conex Metal Company.<\/span><\/p>\n<p>&nbsp;<\/p>\n<table id=\"tablepress-320\" class=\"tablepress tablepress-id-320\">\n<caption>\u00a0<\/caption>\n<thead>\n<tr class=\"row-1 odd\">\n<th class=\"column-1\" colspan=\"3\"><strong><span>Furse Erdungsstab-Armaturen<\/span><\/strong><\/th>\n<\/tr>\n<\/thead>\n<tbody class=\"row-hover\">\n<tr class=\"row-2 even\">\n<td class=\"column-1\"><strong><span>Seriennummer<\/span><\/strong><\/td>\n<td class=\"column-2\"><strong><span>Typ<\/span><\/strong><\/td>\n<td class=\"column-3\"><strong><span>Gewicht (kg)<\/span><\/strong><\/td>\n<\/tr>\n<tr class=\"row-3 odd\">\n<td class=\"column-1\"><span>1<\/span><\/td>\n<td class=\"column-2\"><span>1\/2&#8243; Kupplung<\/span><\/td>\n<td class=\"column-3\"><span>0,09<\/span><\/td>\n<\/tr>\n<tr class=\"row-4 even\">\n<td class=\"column-1\"><span>2<\/span><\/td>\n<td class=\"column-2\"><span>5\/8&#8243; Kupplung<\/span><\/td>\n<td class=\"column-3\"><span>0,08<\/span><\/td>\n<\/tr>\n<tr class=\"row-5 odd\">\n<td class=\"column-1\"><span>3<\/span><\/td>\n<td class=\"column-2\"><span>3\/4&#8243; Kupplung<\/span><\/td>\n<td class=\"column-3\"><span>0,13<\/span><\/td>\n<\/tr>\n<tr class=\"row-6 even\">\n<td class=\"column-1\"><span>4<\/span><\/td>\n<td class=\"column-2\"><span>1\/2&#8243; Antriebsbolzen<\/span><\/td>\n<td class=\"column-3\"><span>0,05<\/span><\/td>\n<\/tr>\n<tr class=\"row-7 odd\">\n<td class=\"column-1\"><span>5<\/span><\/td>\n<td class=\"column-2\"><span>5\/8&#8243; Antriebsbolzen<\/span><\/td>\n<td class=\"column-3\"><span>0,08<\/span><\/td>\n<\/tr>\n<tr class=\"row-8 even\">\n<td class=\"column-1\"><span>6<\/span><\/td>\n<td class=\"column-2\"><span>3\/4&#8243; Antriebsbolzen<\/span><\/td>\n<td class=\"column-3\"><span>0,12<\/span><\/td>\n<\/tr>\n<\/tbody>\n<\/table>\n<p><b>\u00a0<\/b><\/p>\n","protected":false},"featured_media":7213,"template":"","meta":[],"product_brand":[],"product_cat":[336],"product_tag":[],"class_list":{"0":"post-12273","1":"product","2":"type-product","3":"status-publish","4":"has-post-thumbnail","6":"product_cat-bronze-erdungszubehor","8":"first","9":"instock","10":"shipping-taxable","11":"product-type-simple"},"yoast_head":"<!-- This site is optimized with the Yoast SEO plugin v27.3 - https:\/\/yoast.com\/product\/yoast-seo-wordpress\/ -->\n<title>Kupplungen<\/title>\n<meta name=\"description\" content=\"Conex Metals bietet eine vielf\u00e4ltige Auswahl an Kupplungen. Als indischer Hersteller und Lieferant liefern wir hochwertige Kupplungen, einschlie\u00dflich indischer Hersteller, Hersteller von Kupplungen, Indien-Kupplungen, indischen Kupplungen, Kupplungsexporteuren, Kupplungslieferanten und Kupplungsexporteuren, die Zuverl\u00e4ssigkeit f\u00fcr verschiedene industrielle Anwendungen gew\u00e4hrleisten.\" \/>\n<meta name=\"robots\" content=\"index, follow, max-snippet:-1, max-image-preview:large, max-video-preview:-1\" \/>\n<link rel=\"canonical\" href=\"https:\/\/conexmetals.com\/de\/produkt\/kupplungen\/\" \/>\n<script type=\"application\/ld+json\" class=\"yoast-schema-graph\">{\"@context\":\"https:\\\/\\\/schema.org\",\"@graph\":[{\"@type\":\"WebPage\",\"@id\":\"https:\\\/\\\/conexmetals.com\\\/de\\\/produkt\\\/kupplungen\\\/\",\"url\":\"https:\\\/\\\/conexmetals.com\\\/de\\\/produkt\\\/kupplungen\\\/\",\"name\":\"Kupplungen\",\"isPartOf\":{\"@id\":\"https:\\\/\\\/conexmetals.com\\\/de\\\/#website\"},\"primaryImageOfPage\":{\"@id\":\"https:\\\/\\\/conexmetals.com\\\/de\\\/produkt\\\/kupplungen\\\/#primaryimage\"},\"image\":{\"@id\":\"https:\\\/\\\/conexmetals.com\\\/de\\\/produkt\\\/kupplungen\\\/#primaryimage\"},\"thumbnailUrl\":\"https:\\\/\\\/conexmetals.com\\\/wp-content\\\/uploads\\\/2024\\\/12\\\/Kupplungen.webp\",\"datePublished\":\"2023-08-18T02:20:58+00:00\",\"dateModified\":\"2024-12-19T12:31:16+00:00\",\"description\":\"Conex Metals bietet eine vielf\u00e4ltige Auswahl an Kupplungen. Als indischer Hersteller und Lieferant liefern wir hochwertige Kupplungen, einschlie\u00dflich indischer Hersteller, Hersteller von Kupplungen, Indien-Kupplungen, indischen Kupplungen, Kupplungsexporteuren, Kupplungslieferanten und Kupplungsexporteuren, die Zuverl\u00e4ssigkeit f\u00fcr verschiedene industrielle Anwendungen gew\u00e4hrleisten.\",\"breadcrumb\":{\"@id\":\"https:\\\/\\\/conexmetals.com\\\/de\\\/produkt\\\/kupplungen\\\/#breadcrumb\"},\"inLanguage\":\"de\",\"potentialAction\":[{\"@type\":\"ReadAction\",\"target\":[\"https:\\\/\\\/conexmetals.com\\\/de\\\/produkt\\\/kupplungen\\\/\"]}]},{\"@type\":\"ImageObject\",\"inLanguage\":\"de\",\"@id\":\"https:\\\/\\\/conexmetals.com\\\/de\\\/produkt\\\/kupplungen\\\/#primaryimage\",\"url\":\"https:\\\/\\\/conexmetals.com\\\/wp-content\\\/uploads\\\/2024\\\/12\\\/Kupplungen.webp\",\"contentUrl\":\"https:\\\/\\\/conexmetals.com\\\/wp-content\\\/uploads\\\/2024\\\/12\\\/Kupplungen.webp\",\"width\":350,\"height\":350,\"caption\":\"Kupplungen\"},{\"@type\":\"BreadcrumbList\",\"@id\":\"https:\\\/\\\/conexmetals.com\\\/de\\\/produkt\\\/kupplungen\\\/#breadcrumb\",\"itemListElement\":[{\"@type\":\"ListItem\",\"position\":1,\"name\":\"Home\",\"item\":\"https:\\\/\\\/conexmetals.com\\\/de\\\/heim\\\/\"},{\"@type\":\"ListItem\",\"position\":2,\"name\":\"Products\",\"item\":\"https:\\\/\\\/conexmetals.com\\\/products\\\/\"},{\"@type\":\"ListItem\",\"position\":3,\"name\":\"Kupplungen\"}]},{\"@type\":\"WebSite\",\"@id\":\"https:\\\/\\\/conexmetals.com\\\/de\\\/#website\",\"url\":\"https:\\\/\\\/conexmetals.com\\\/de\\\/\",\"name\":\"Conex Metals Brass Fittings Brass Parts Copper Parts Brass Components Brass Plumbing Fittings India\",\"description\":\"Manufacturer of Bronze Fittings casting Copper Brass parts components\",\"publisher\":{\"@id\":\"https:\\\/\\\/conexmetals.com\\\/de\\\/#organization\"},\"potentialAction\":[{\"@type\":\"SearchAction\",\"target\":{\"@type\":\"EntryPoint\",\"urlTemplate\":\"https:\\\/\\\/conexmetals.com\\\/de\\\/?s={search_term_string}\"},\"query-input\":{\"@type\":\"PropertyValueSpecification\",\"valueRequired\":true,\"valueName\":\"search_term_string\"}}],\"inLanguage\":\"de\"},{\"@type\":\"Organization\",\"@id\":\"https:\\\/\\\/conexmetals.com\\\/de\\\/#organization\",\"name\":\"Conex Metals Brass Fittings Brass Parts Copper Parts Brass Components Brass Plumbing Fittings India\",\"url\":\"https:\\\/\\\/conexmetals.com\\\/de\\\/\",\"logo\":{\"@type\":\"ImageObject\",\"inLanguage\":\"de\",\"@id\":\"https:\\\/\\\/conexmetals.com\\\/de\\\/#\\\/schema\\\/logo\\\/image\\\/\",\"url\":\"https:\\\/\\\/conexmetals.com\\\/wp-content\\\/uploads\\\/2024\\\/03\\\/conex-metals-logo.webp\",\"contentUrl\":\"https:\\\/\\\/conexmetals.com\\\/wp-content\\\/uploads\\\/2024\\\/03\\\/conex-metals-logo.webp\",\"width\":300,\"height\":121,\"caption\":\"Conex Metals Brass Fittings Brass Parts Copper Parts Brass Components Brass Plumbing Fittings India\"},\"image\":{\"@id\":\"https:\\\/\\\/conexmetals.com\\\/de\\\/#\\\/schema\\\/logo\\\/image\\\/\"},\"sameAs\":[\"https:\\\/\\\/www.facebook.com\\\/conexbrass\",\"https:\\\/\\\/x.com\\\/conexindia\",\"https:\\\/\\\/www.linkedin.com\\\/company\\\/conex-metals-india\\\/\",\"https:\\\/\\\/www.instagram.com\\\/conexindia\\\/\"]}]}<\/script>\n<!-- \/ Yoast SEO plugin. -->","yoast_head_json":{"title":"Kupplungen","description":"Conex Metals bietet eine vielf\u00e4ltige Auswahl an Kupplungen. Als indischer Hersteller und Lieferant liefern wir hochwertige Kupplungen, einschlie\u00dflich indischer Hersteller, Hersteller von Kupplungen, Indien-Kupplungen, indischen Kupplungen, Kupplungsexporteuren, Kupplungslieferanten und Kupplungsexporteuren, die Zuverl\u00e4ssigkeit f\u00fcr verschiedene industrielle Anwendungen gew\u00e4hrleisten.","robots":{"index":"index","follow":"follow","max-snippet":"max-snippet:-1","max-image-preview":"max-image-preview:large","max-video-preview":"max-video-preview:-1"},"canonical":"https:\/\/conexmetals.com\/de\/produkt\/kupplungen\/","schema":{"@context":"https:\/\/schema.org","@graph":[{"@type":"WebPage","@id":"https:\/\/conexmetals.com\/de\/produkt\/kupplungen\/","url":"https:\/\/conexmetals.com\/de\/produkt\/kupplungen\/","name":"Kupplungen","isPartOf":{"@id":"https:\/\/conexmetals.com\/de\/#website"},"primaryImageOfPage":{"@id":"https:\/\/conexmetals.com\/de\/produkt\/kupplungen\/#primaryimage"},"image":{"@id":"https:\/\/conexmetals.com\/de\/produkt\/kupplungen\/#primaryimage"},"thumbnailUrl":"https:\/\/conexmetals.com\/wp-content\/uploads\/2024\/12\/Kupplungen.webp","datePublished":"2023-08-18T02:20:58+00:00","dateModified":"2024-12-19T12:31:16+00:00","description":"Conex Metals bietet eine vielf\u00e4ltige Auswahl an Kupplungen. Als indischer Hersteller und Lieferant liefern wir hochwertige Kupplungen, einschlie\u00dflich indischer Hersteller, Hersteller von Kupplungen, Indien-Kupplungen, indischen Kupplungen, Kupplungsexporteuren, Kupplungslieferanten und Kupplungsexporteuren, die Zuverl\u00e4ssigkeit f\u00fcr verschiedene industrielle Anwendungen gew\u00e4hrleisten.","breadcrumb":{"@id":"https:\/\/conexmetals.com\/de\/produkt\/kupplungen\/#breadcrumb"},"inLanguage":"de","potentialAction":[{"@type":"ReadAction","target":["https:\/\/conexmetals.com\/de\/produkt\/kupplungen\/"]}]},{"@type":"ImageObject","inLanguage":"de","@id":"https:\/\/conexmetals.com\/de\/produkt\/kupplungen\/#primaryimage","url":"https:\/\/conexmetals.com\/wp-content\/uploads\/2024\/12\/Kupplungen.webp","contentUrl":"https:\/\/conexmetals.com\/wp-content\/uploads\/2024\/12\/Kupplungen.webp","width":350,"height":350,"caption":"Kupplungen"},{"@type":"BreadcrumbList","@id":"https:\/\/conexmetals.com\/de\/produkt\/kupplungen\/#breadcrumb","itemListElement":[{"@type":"ListItem","position":1,"name":"Home","item":"https:\/\/conexmetals.com\/de\/heim\/"},{"@type":"ListItem","position":2,"name":"Products","item":"https:\/\/conexmetals.com\/products\/"},{"@type":"ListItem","position":3,"name":"Kupplungen"}]},{"@type":"WebSite","@id":"https:\/\/conexmetals.com\/de\/#website","url":"https:\/\/conexmetals.com\/de\/","name":"Conex Metals Brass Fittings Brass Parts Copper Parts Brass Components Brass Plumbing Fittings India","description":"Manufacturer of Bronze Fittings casting Copper Brass parts components","publisher":{"@id":"https:\/\/conexmetals.com\/de\/#organization"},"potentialAction":[{"@type":"SearchAction","target":{"@type":"EntryPoint","urlTemplate":"https:\/\/conexmetals.com\/de\/?s={search_term_string}"},"query-input":{"@type":"PropertyValueSpecification","valueRequired":true,"valueName":"search_term_string"}}],"inLanguage":"de"},{"@type":"Organization","@id":"https:\/\/conexmetals.com\/de\/#organization","name":"Conex Metals Brass Fittings Brass Parts Copper Parts Brass Components Brass Plumbing Fittings India","url":"https:\/\/conexmetals.com\/de\/","logo":{"@type":"ImageObject","inLanguage":"de","@id":"https:\/\/conexmetals.com\/de\/#\/schema\/logo\/image\/","url":"https:\/\/conexmetals.com\/wp-content\/uploads\/2024\/03\/conex-metals-logo.webp","contentUrl":"https:\/\/conexmetals.com\/wp-content\/uploads\/2024\/03\/conex-metals-logo.webp","width":300,"height":121,"caption":"Conex Metals Brass Fittings Brass Parts Copper Parts Brass Components Brass Plumbing Fittings India"},"image":{"@id":"https:\/\/conexmetals.com\/de\/#\/schema\/logo\/image\/"},"sameAs":["https:\/\/www.facebook.com\/conexbrass","https:\/\/x.com\/conexindia","https:\/\/www.linkedin.com\/company\/conex-metals-india\/","https:\/\/www.instagram.com\/conexindia\/"]}]}},"_links":{"self":[{"href":"https:\/\/conexmetals.com\/de\/wp-json\/wp\/v2\/product\/12273","targetHints":{"allow":["GET"]}}],"collection":[{"href":"https:\/\/conexmetals.com\/de\/wp-json\/wp\/v2\/product"}],"about":[{"href":"https:\/\/conexmetals.com\/de\/wp-json\/wp\/v2\/types\/product"}],"wp:featuredmedia":[{"embeddable":true,"href":"https:\/\/conexmetals.com\/de\/wp-json\/wp\/v2\/media\/7213"}],"wp:attachment":[{"href":"https:\/\/conexmetals.com\/de\/wp-json\/wp\/v2\/media?parent=12273"}],"wp:term":[{"taxonomy":"product_brand","embeddable":true,"href":"https:\/\/conexmetals.com\/de\/wp-json\/wp\/v2\/product_brand?post=12273"},{"taxonomy":"product_cat","embeddable":true,"href":"https:\/\/conexmetals.com\/de\/wp-json\/wp\/v2\/product_cat?post=12273"},{"taxonomy":"product_tag","embeddable":true,"href":"https:\/\/conexmetals.com\/de\/wp-json\/wp\/v2\/product_tag?post=12273"}],"curies":[{"name":"wp","href":"https:\/\/api.w.org\/{rel}","templated":true}]}}