{"id":12279,"date":"2023-08-18T07:48:07","date_gmt":"2023-08-18T02:18:07","guid":{"rendered":"https:\/\/conexmetals.com\/?post_type=product&#038;p=12279"},"modified":"2024-12-19T18:35:12","modified_gmt":"2024-12-19T13:05:12","slug":"kul-bindeklemmen","status":"publish","type":"product","link":"https:\/\/conexmetals.com\/de\/produkt\/kul-bindeklemmen\/","title":{"rendered":"KUL-Bindeklemmen"},"content":{"rendered":"","protected":false},"excerpt":{"rendered":"<p><b><img fetchpriority=\"high\" decoding=\"async\" class=\"alignnone wp-image-12247 size-full lazy loaded\" src=\"https:\/\/conexmetals.com\/wp-content\/uploads\/2023\/08\/KUL-Bonding-Clamps-scaled.webp\" alt=\"KUL Verbindungsklemmen\" width=\"2560\" height=\"735\" data-src=\"https:\/\/conexmetals.com\/wp-content\/uploads\/2023\/08\/KUL-Bonding-Clamps-scaled.webp\" data-was-processed=\"true\" srcset=\"https:\/\/conexmetals.com\/wp-content\/uploads\/2023\/08\/KUL-Bonding-Clamps-scaled.webp 2560w, https:\/\/conexmetals.com\/wp-content\/uploads\/2023\/08\/KUL-Bonding-Clamps-300x86.webp 300w, https:\/\/conexmetals.com\/wp-content\/uploads\/2023\/08\/KUL-Bonding-Clamps-1024x294.webp 1024w, https:\/\/conexmetals.com\/wp-content\/uploads\/2023\/08\/KUL-Bonding-Clamps-768x221.webp 768w, https:\/\/conexmetals.com\/wp-content\/uploads\/2023\/08\/KUL-Bonding-Clamps-1536x441.webp 1536w, https:\/\/conexmetals.com\/wp-content\/uploads\/2023\/08\/KUL-Bonding-Clamps-2048x588.webp 2048w, https:\/\/conexmetals.com\/wp-content\/uploads\/2023\/08\/KUL-Bonding-Clamps-700x201.webp 700w\" sizes=\"(max-width: 2560px) 100vw, 2560px\" \/><\/b><\/p>\n<table id=\"tablepress-388\" class=\"tablepress tablepress-id-388\">\n<caption>\u00a0<\/caption>\n<thead>\n<tr class=\"row-1 odd\">\n<th class=\"column-1\" colspan=\"5\"><strong><span>Dimension<\/span><\/strong><\/th>\n<\/tr>\n<\/thead>\n<tbody class=\"row-hover\">\n<tr class=\"row-2 even\">\n<td class=\"column-1\"><strong><span>Beschreibung<\/span><\/strong><\/td>\n<td class=\"column-2\"><strong><span>DIM A<\/span><\/strong><\/td>\n<td class=\"column-3\"><strong><span>DIM B<\/span><\/strong><\/td>\n<td class=\"column-4\"><strong><span>DIM C<\/span><\/strong><\/td>\n<td class=\"column-5\"><strong><span>CA. GEWICHT PRO TEIL<\/span><\/strong><\/td>\n<\/tr>\n<tr class=\"row-3 odd\">\n<td class=\"column-1\"><span>Zur Verwendung mit 1\/4 bis 7\/16 Zoll starkem statischem Draht und #8-2\/0-Kupferdraht.<\/span><\/td>\n<td class=\"column-2\"><span>1,13 [28,70]<\/span><\/td>\n<td class=\"column-3\"><span>1,41 [35,81]<\/span><\/td>\n<td class=\"column-4\"><span>0,46 [11,68]<\/span><\/td>\n<td class=\"column-5\"><span>0,171 [0,078]<\/span><\/td>\n<\/tr>\n<\/tbody>\n<\/table>\n<table id=\"tablepress-389\" class=\"tablepress tablepress-id-389\">\n<caption>\u00a0<\/caption>\n<thead>\n<tr class=\"row-1 odd\">\n<th class=\"column-1\" colspan=\"3\"><strong><span>ARTIKELINFO<\/span><\/strong><\/th>\n<\/tr>\n<\/thead>\n<tbody class=\"row-hover\">\n<tr class=\"row-2 even\">\n<td class=\"column-1\"><strong><span>ARTIKEL<\/span><\/strong><\/td>\n<td class=\"column-2\"><strong><span>BESCHREIBUNG<\/span><\/strong><\/td>\n<td class=\"column-3\"><strong><span>MATERIAL<\/span><\/strong><\/td>\n<\/tr>\n<tr class=\"row-3 odd\">\n<td class=\"column-1\"><span>1<\/span><\/td>\n<td class=\"column-2\"><span>Beste Besetzung<\/span><\/td>\n<td class=\"column-3\"><span>Messing verzinnt<\/span><\/td>\n<\/tr>\n<tr class=\"row-4 even\">\n<td class=\"column-1\"><span>2<\/span><\/td>\n<td class=\"column-2\"><span>Flanschschraube, 5\/16&#8243; -18X1&#8243;<\/span><\/td>\n<td class=\"column-3\"><span>Siliziumbronze<\/span><\/td>\n<\/tr>\n<tr class=\"row-5 odd\">\n<td class=\"column-1\"><span>3<\/span><\/td>\n<td class=\"column-2\"><span>Bodenguss<\/span><\/td>\n<td class=\"column-3\"><span>Verzinnte Bronze<\/span><\/td>\n<\/tr>\n<\/tbody>\n<\/table>\n<p><span>Sie werden verwendet, um Kupferdr\u00e4hte Nr. 6 mit Litzendr\u00e4hten von 1\/4 Zoll oder 5\/16 Zoll zu verbinden und finden gro\u00dfe Anwendung in der Telekommunikationsbranche. Sie bestehen aus hochfesten Kupferlegierungen wie C955 oder C956. Die Schraube kann aus Siliziumbronze oder Edelstahl bestehen.<\/span><\/p>\n<p><span>Der gr\u00f6\u00dfte Vorteil besteht darin, dass f\u00fcr die Installation kein Entfernen der Schraube erforderlich ist und die Klemme mithilfe eines Standard-Klemmenschl\u00fcssels installiert werden kann. Bei Verwendung mit ungleichen Metallen ist die Klemme verzinnt.<\/span><\/p>\n","protected":false},"featured_media":7118,"template":"","meta":[],"product_brand":[],"product_cat":[336],"product_tag":[],"class_list":{"0":"post-12279","1":"product","2":"type-product","3":"status-publish","4":"has-post-thumbnail","6":"product_cat-bronze-erdungszubehor","8":"first","9":"instock","10":"shipping-taxable","11":"product-type-simple"},"yoast_head":"<!-- This site is optimized with the Yoast SEO plugin v27.3 - https:\/\/yoast.com\/product\/yoast-seo-wordpress\/ -->\n<title>KUL-Bindeklemmen<\/title>\n<meta name=\"description\" content=\"Conex Metals bietet KUL-Bindeklemmen an, einschlie\u00dflich Erdungs- und Bindeklemmen sowie Bindeklemmen. Wir sind ein f\u00fchrender Hersteller, Exporteur und Lieferant von KUL-Bindeklemmen in Indien.\" \/>\n<meta name=\"robots\" content=\"index, follow, max-snippet:-1, max-image-preview:large, max-video-preview:-1\" \/>\n<link rel=\"canonical\" href=\"https:\/\/conexmetals.com\/de\/produkt\/kul-bindeklemmen\/\" \/>\n<script type=\"application\/ld+json\" class=\"yoast-schema-graph\">{\"@context\":\"https:\\\/\\\/schema.org\",\"@graph\":[{\"@type\":\"WebPage\",\"@id\":\"https:\\\/\\\/conexmetals.com\\\/de\\\/produkt\\\/kul-bindeklemmen\\\/\",\"url\":\"https:\\\/\\\/conexmetals.com\\\/de\\\/produkt\\\/kul-bindeklemmen\\\/\",\"name\":\"KUL-Bindeklemmen\",\"isPartOf\":{\"@id\":\"https:\\\/\\\/conexmetals.com\\\/de\\\/#website\"},\"primaryImageOfPage\":{\"@id\":\"https:\\\/\\\/conexmetals.com\\\/de\\\/produkt\\\/kul-bindeklemmen\\\/#primaryimage\"},\"image\":{\"@id\":\"https:\\\/\\\/conexmetals.com\\\/de\\\/produkt\\\/kul-bindeklemmen\\\/#primaryimage\"},\"thumbnailUrl\":\"https:\\\/\\\/conexmetals.com\\\/wp-content\\\/uploads\\\/2024\\\/12\\\/KUL-Bindeklemmen.webp\",\"datePublished\":\"2023-08-18T02:18:07+00:00\",\"dateModified\":\"2024-12-19T13:05:12+00:00\",\"description\":\"Conex Metals bietet KUL-Bindeklemmen an, einschlie\u00dflich Erdungs- und Bindeklemmen sowie Bindeklemmen. Wir sind ein f\u00fchrender Hersteller, Exporteur und Lieferant von KUL-Bindeklemmen in Indien.\",\"breadcrumb\":{\"@id\":\"https:\\\/\\\/conexmetals.com\\\/de\\\/produkt\\\/kul-bindeklemmen\\\/#breadcrumb\"},\"inLanguage\":\"de\",\"potentialAction\":[{\"@type\":\"ReadAction\",\"target\":[\"https:\\\/\\\/conexmetals.com\\\/de\\\/produkt\\\/kul-bindeklemmen\\\/\"]}]},{\"@type\":\"ImageObject\",\"inLanguage\":\"de\",\"@id\":\"https:\\\/\\\/conexmetals.com\\\/de\\\/produkt\\\/kul-bindeklemmen\\\/#primaryimage\",\"url\":\"https:\\\/\\\/conexmetals.com\\\/wp-content\\\/uploads\\\/2024\\\/12\\\/KUL-Bindeklemmen.webp\",\"contentUrl\":\"https:\\\/\\\/conexmetals.com\\\/wp-content\\\/uploads\\\/2024\\\/12\\\/KUL-Bindeklemmen.webp\",\"width\":350,\"height\":350,\"caption\":\"KUL-Bindeklemmen\"},{\"@type\":\"BreadcrumbList\",\"@id\":\"https:\\\/\\\/conexmetals.com\\\/de\\\/produkt\\\/kul-bindeklemmen\\\/#breadcrumb\",\"itemListElement\":[{\"@type\":\"ListItem\",\"position\":1,\"name\":\"Home\",\"item\":\"https:\\\/\\\/conexmetals.com\\\/de\\\/heim\\\/\"},{\"@type\":\"ListItem\",\"position\":2,\"name\":\"Products\",\"item\":\"https:\\\/\\\/conexmetals.com\\\/products\\\/\"},{\"@type\":\"ListItem\",\"position\":3,\"name\":\"KUL-Bindeklemmen\"}]},{\"@type\":\"WebSite\",\"@id\":\"https:\\\/\\\/conexmetals.com\\\/de\\\/#website\",\"url\":\"https:\\\/\\\/conexmetals.com\\\/de\\\/\",\"name\":\"Conex Metals Brass Fittings Brass Parts Copper Parts Brass Components Brass Plumbing Fittings India\",\"description\":\"Manufacturer of Bronze Fittings casting Copper Brass parts components\",\"publisher\":{\"@id\":\"https:\\\/\\\/conexmetals.com\\\/de\\\/#organization\"},\"potentialAction\":[{\"@type\":\"SearchAction\",\"target\":{\"@type\":\"EntryPoint\",\"urlTemplate\":\"https:\\\/\\\/conexmetals.com\\\/de\\\/?s={search_term_string}\"},\"query-input\":{\"@type\":\"PropertyValueSpecification\",\"valueRequired\":true,\"valueName\":\"search_term_string\"}}],\"inLanguage\":\"de\"},{\"@type\":\"Organization\",\"@id\":\"https:\\\/\\\/conexmetals.com\\\/de\\\/#organization\",\"name\":\"Conex Metals Brass Fittings Brass Parts Copper Parts Brass Components Brass Plumbing Fittings India\",\"url\":\"https:\\\/\\\/conexmetals.com\\\/de\\\/\",\"logo\":{\"@type\":\"ImageObject\",\"inLanguage\":\"de\",\"@id\":\"https:\\\/\\\/conexmetals.com\\\/de\\\/#\\\/schema\\\/logo\\\/image\\\/\",\"url\":\"https:\\\/\\\/conexmetals.com\\\/wp-content\\\/uploads\\\/2024\\\/03\\\/conex-metals-logo.webp\",\"contentUrl\":\"https:\\\/\\\/conexmetals.com\\\/wp-content\\\/uploads\\\/2024\\\/03\\\/conex-metals-logo.webp\",\"width\":300,\"height\":121,\"caption\":\"Conex Metals Brass Fittings Brass Parts Copper Parts Brass Components Brass Plumbing Fittings India\"},\"image\":{\"@id\":\"https:\\\/\\\/conexmetals.com\\\/de\\\/#\\\/schema\\\/logo\\\/image\\\/\"},\"sameAs\":[\"https:\\\/\\\/www.facebook.com\\\/conexbrass\",\"https:\\\/\\\/x.com\\\/conexindia\",\"https:\\\/\\\/www.linkedin.com\\\/company\\\/conex-metals-india\\\/\",\"https:\\\/\\\/www.instagram.com\\\/conexindia\\\/\"]}]}<\/script>\n<!-- \/ Yoast SEO plugin. -->","yoast_head_json":{"title":"KUL-Bindeklemmen","description":"Conex Metals bietet KUL-Bindeklemmen an, einschlie\u00dflich Erdungs- und Bindeklemmen sowie Bindeklemmen. Wir sind ein f\u00fchrender Hersteller, Exporteur und Lieferant von KUL-Bindeklemmen in Indien.","robots":{"index":"index","follow":"follow","max-snippet":"max-snippet:-1","max-image-preview":"max-image-preview:large","max-video-preview":"max-video-preview:-1"},"canonical":"https:\/\/conexmetals.com\/de\/produkt\/kul-bindeklemmen\/","schema":{"@context":"https:\/\/schema.org","@graph":[{"@type":"WebPage","@id":"https:\/\/conexmetals.com\/de\/produkt\/kul-bindeklemmen\/","url":"https:\/\/conexmetals.com\/de\/produkt\/kul-bindeklemmen\/","name":"KUL-Bindeklemmen","isPartOf":{"@id":"https:\/\/conexmetals.com\/de\/#website"},"primaryImageOfPage":{"@id":"https:\/\/conexmetals.com\/de\/produkt\/kul-bindeklemmen\/#primaryimage"},"image":{"@id":"https:\/\/conexmetals.com\/de\/produkt\/kul-bindeklemmen\/#primaryimage"},"thumbnailUrl":"https:\/\/conexmetals.com\/wp-content\/uploads\/2024\/12\/KUL-Bindeklemmen.webp","datePublished":"2023-08-18T02:18:07+00:00","dateModified":"2024-12-19T13:05:12+00:00","description":"Conex Metals bietet KUL-Bindeklemmen an, einschlie\u00dflich Erdungs- und Bindeklemmen sowie Bindeklemmen. Wir sind ein f\u00fchrender Hersteller, Exporteur und Lieferant von KUL-Bindeklemmen in Indien.","breadcrumb":{"@id":"https:\/\/conexmetals.com\/de\/produkt\/kul-bindeklemmen\/#breadcrumb"},"inLanguage":"de","potentialAction":[{"@type":"ReadAction","target":["https:\/\/conexmetals.com\/de\/produkt\/kul-bindeklemmen\/"]}]},{"@type":"ImageObject","inLanguage":"de","@id":"https:\/\/conexmetals.com\/de\/produkt\/kul-bindeklemmen\/#primaryimage","url":"https:\/\/conexmetals.com\/wp-content\/uploads\/2024\/12\/KUL-Bindeklemmen.webp","contentUrl":"https:\/\/conexmetals.com\/wp-content\/uploads\/2024\/12\/KUL-Bindeklemmen.webp","width":350,"height":350,"caption":"KUL-Bindeklemmen"},{"@type":"BreadcrumbList","@id":"https:\/\/conexmetals.com\/de\/produkt\/kul-bindeklemmen\/#breadcrumb","itemListElement":[{"@type":"ListItem","position":1,"name":"Home","item":"https:\/\/conexmetals.com\/de\/heim\/"},{"@type":"ListItem","position":2,"name":"Products","item":"https:\/\/conexmetals.com\/products\/"},{"@type":"ListItem","position":3,"name":"KUL-Bindeklemmen"}]},{"@type":"WebSite","@id":"https:\/\/conexmetals.com\/de\/#website","url":"https:\/\/conexmetals.com\/de\/","name":"Conex Metals Brass Fittings Brass Parts Copper Parts Brass Components Brass Plumbing Fittings India","description":"Manufacturer of Bronze Fittings casting Copper Brass parts components","publisher":{"@id":"https:\/\/conexmetals.com\/de\/#organization"},"potentialAction":[{"@type":"SearchAction","target":{"@type":"EntryPoint","urlTemplate":"https:\/\/conexmetals.com\/de\/?s={search_term_string}"},"query-input":{"@type":"PropertyValueSpecification","valueRequired":true,"valueName":"search_term_string"}}],"inLanguage":"de"},{"@type":"Organization","@id":"https:\/\/conexmetals.com\/de\/#organization","name":"Conex Metals Brass Fittings Brass Parts Copper Parts Brass Components Brass Plumbing Fittings India","url":"https:\/\/conexmetals.com\/de\/","logo":{"@type":"ImageObject","inLanguage":"de","@id":"https:\/\/conexmetals.com\/de\/#\/schema\/logo\/image\/","url":"https:\/\/conexmetals.com\/wp-content\/uploads\/2024\/03\/conex-metals-logo.webp","contentUrl":"https:\/\/conexmetals.com\/wp-content\/uploads\/2024\/03\/conex-metals-logo.webp","width":300,"height":121,"caption":"Conex Metals Brass Fittings Brass Parts Copper Parts Brass Components Brass Plumbing Fittings India"},"image":{"@id":"https:\/\/conexmetals.com\/de\/#\/schema\/logo\/image\/"},"sameAs":["https:\/\/www.facebook.com\/conexbrass","https:\/\/x.com\/conexindia","https:\/\/www.linkedin.com\/company\/conex-metals-india\/","https:\/\/www.instagram.com\/conexindia\/"]}]}},"_links":{"self":[{"href":"https:\/\/conexmetals.com\/de\/wp-json\/wp\/v2\/product\/12279","targetHints":{"allow":["GET"]}}],"collection":[{"href":"https:\/\/conexmetals.com\/de\/wp-json\/wp\/v2\/product"}],"about":[{"href":"https:\/\/conexmetals.com\/de\/wp-json\/wp\/v2\/types\/product"}],"wp:featuredmedia":[{"embeddable":true,"href":"https:\/\/conexmetals.com\/de\/wp-json\/wp\/v2\/media\/7118"}],"wp:attachment":[{"href":"https:\/\/conexmetals.com\/de\/wp-json\/wp\/v2\/media?parent=12279"}],"wp:term":[{"taxonomy":"product_brand","embeddable":true,"href":"https:\/\/conexmetals.com\/de\/wp-json\/wp\/v2\/product_brand?post=12279"},{"taxonomy":"product_cat","embeddable":true,"href":"https:\/\/conexmetals.com\/de\/wp-json\/wp\/v2\/product_cat?post=12279"},{"taxonomy":"product_tag","embeddable":true,"href":"https:\/\/conexmetals.com\/de\/wp-json\/wp\/v2\/product_tag?post=12279"}],"curies":[{"name":"wp","href":"https:\/\/api.w.org\/{rel}","templated":true}]}}