{"id":12285,"date":"2023-08-18T07:49:31","date_gmt":"2023-08-18T02:19:31","guid":{"rendered":"https:\/\/conexmetals.com\/?post_type=product&#038;p=12285"},"modified":"2024-12-19T18:57:19","modified_gmt":"2024-12-19T13:27:19","slug":"bewehrungsklemmen","status":"publish","type":"product","link":"https:\/\/conexmetals.com\/de\/produkt\/bewehrungsklemmen\/","title":{"rendered":"Bewehrungsklemmen"},"content":{"rendered":"","protected":false},"excerpt":{"rendered":"<p><img fetchpriority=\"high\" decoding=\"async\" class=\"alignnone size-medium wp-image-12257 lazy loaded\" src=\"https:\/\/conexmetals.com\/wp-content\/uploads\/2023\/08\/Rebar-Clamps-line-drawing-300x267.webp\" alt=\"Strichzeichnung von Bewehrungsklemmen\" width=\"300\" height=\"267\" data-src=\"https:\/\/conexmetals.com\/wp-content\/uploads\/2023\/08\/Rebar-Clamps-line-drawing-300x267.webp\" data-was-processed=\"true\" srcset=\"https:\/\/conexmetals.com\/wp-content\/uploads\/2023\/08\/Rebar-Clamps-line-drawing-300x267.webp 300w, https:\/\/conexmetals.com\/wp-content\/uploads\/2023\/08\/Rebar-Clamps-line-drawing-768x684.webp 768w, https:\/\/conexmetals.com\/wp-content\/uploads\/2023\/08\/Rebar-Clamps-line-drawing-700x624.webp 700w, https:\/\/conexmetals.com\/wp-content\/uploads\/2023\/08\/Rebar-Clamps-line-drawing.webp 952w\" sizes=\"(max-width: 300px) 100vw, 300px\" \/><\/p>\n<table id=\"tablepress-390\" class=\"tablepress tablepress-id-390\">\n<caption>\u00a0<\/caption>\n<thead>\n<tr class=\"row-1 odd\">\n<th class=\"column-1\" colspan=\"6\"><span>Ma\u00dfe<\/span><\/th>\n<\/tr>\n<\/thead>\n<tbody class=\"row-hover\">\n<tr class=\"row-2 even\">\n<td class=\"column-1\"><span>Handelsgr\u00f6\u00dfe<\/span><\/td>\n<td class=\"column-2\"><span>A (in)<\/span><\/td>\n<td class=\"column-3\"><span>B (in)<\/span><\/td>\n<td class=\"column-4\"><span>C(in)<\/span><\/td>\n<td class=\"column-5\"><span>L\u00e4rm)<\/span><\/td>\n<td class=\"column-6\"><span>Drahtbereich<\/span><\/td>\n<\/tr>\n<tr class=\"row-3 odd\">\n<td class=\"column-1\"><span>1\/2&#8243;, 3\/4&#8243; bis 1&#8243;<\/span><\/td>\n<td class=\"column-2\"><span>2.19<\/span><\/td>\n<td class=\"column-3\"><span>0,50<\/span><\/td>\n<td class=\"column-4\"><span>0,81<\/span><\/td>\n<td class=\"column-5\"><span>0,56<\/span><\/td>\n<td class=\"column-6\"><span>#8-#2<\/span><\/td>\n<\/tr>\n<\/tbody>\n<\/table>\n<p><span>Bewehrungsklemmen, auch Bewehrungsverbinder oder Bewehrungskupplungen genannt, sind mechanische Vorrichtungen, die dazu dienen, zwei Bewehrungsst\u00e4be (Bewehrungsst\u00e4be) in Stahlbetonkonstruktionen miteinander zu verbinden. Bewehrungsst\u00e4be werden im Bauwesen h\u00e4ufig verwendet, um Betonelementen wie Balken, S\u00e4ulen und Platten zus\u00e4tzliche Festigkeit und Haltbarkeit zu verleihen.<\/span><\/p>\n<p><span>Bei der herk\u00f6mmlichen Methode zum Verbinden von Bewehrungsst\u00e4ben werden diese \u00fcberlappend verlegt und mit Stahldr\u00e4hten zusammengebunden, was zeit- und arbeitsaufwendig ist. Bewehrungsklemmen bieten eine effizientere und zuverl\u00e4ssigere L\u00f6sung zum Herstellen starker und durchgehender Verbindungen zwischen Bewehrungsst\u00e4ben.<\/span><\/p>\n<p><span>Zu den Hauptmerkmalen von Bewehrungsklemmen geh\u00f6ren:<\/span><\/p>\n<ol>\n<li><strong><b><span>Mechanische Verbindung:<\/span><\/b><\/strong><span>\u00a0Bewehrungsklemmen stellen eine mechanische Verbindung zwischen zwei Bewehrungsst\u00e4ben her, ohne dass Schwei\u00dfen oder Binden erforderlich ist.<\/span><\/li>\n<li><strong><b><span>Gewindeausf\u00fchrung:<\/span><\/b><\/strong><span>\u00a0Die meisten Bewehrungsklemmen haben ein Innengewinde, das zum Au\u00dfengewinde der Bewehrung passt. Die Gewindeenden der Bewehrungsst\u00e4be werden in die Bewehrungsklemme eingef\u00fchrt und die Klemme dann festgezogen, wodurch die Bewehrungsst\u00e4be zusammengedr\u00fcckt werden und eine sichere Verbindung entsteht.<\/span><\/li>\n<li><strong><b><span>Typen:<\/span><\/b><\/strong><span>\u00a0Bewehrungsklemmen gibt es in verschiedenen Typen, darunter parallele Gewindemuffen, konische Gewindemuffen und Kompressionsmuffen. Jeder Typ ist f\u00fcr bestimmte Bewehrungsgr\u00f6\u00dfen und Anwendungen ausgelegt.<\/span><\/li>\n<li><strong><b><span>Material:<\/span><\/b><\/strong><span>\u00a0Bewehrungsklemmen werden \u00fcblicherweise aus Materialien wie Stahl oder Edelstahl hergestellt, um eine hohe Festigkeit und Haltbarkeit zu gew\u00e4hrleisten.<\/span><\/li>\n<li><strong><b><span>Tragf\u00e4higkeit:<\/span><\/b><\/strong><span>\u00a0Bewehrungsklemmen sind so konzipiert, dass sie sicherstellen, dass die Verbindung die gleiche Tragf\u00e4higkeit wie der urspr\u00fcngliche Bewehrungsstab aufweist, wodurch die strukturelle Integrit\u00e4t des Betonelements erhalten bleibt.<\/span><\/li>\n<\/ol>\n<p><span>Bewehrungsklemmen bieten gegen\u00fcber herk\u00f6mmlichen Methoden der Bewehrungsverbindung mehrere Vorteile:<\/span><\/p>\n<ul>\n<li><span>Sie reduzieren den Arbeits- und Installationszeitaufwand.<\/span><\/li>\n<li><span>Sie verbessern die Genauigkeit der Positionierung und Ausrichtung der Bewehrungsst\u00e4be.<\/span><\/li>\n<li><span>Sie machen Facharbeiter zum Binden von Bewehrungsst\u00e4ben \u00fcberfl\u00fcssig.<\/span><\/li>\n<li><span>Sie sorgen f\u00fcr eine gleichm\u00e4\u00dfigere und zuverl\u00e4ssigere Verbindung, was zu einer besseren strukturellen Leistung f\u00fchrt.<\/span><\/li>\n<\/ul>\n","protected":false},"featured_media":7403,"template":"","meta":[],"product_brand":[],"product_cat":[336],"product_tag":[],"class_list":{"0":"post-12285","1":"product","2":"type-product","3":"status-publish","4":"has-post-thumbnail","6":"product_cat-bronze-erdungszubehor","8":"first","9":"instock","10":"shipping-taxable","11":"product-type-simple"},"yoast_head":"<!-- This site is optimized with the Yoast SEO plugin v27.3 - https:\/\/yoast.com\/product\/yoast-seo-wordpress\/ -->\n<title>Bewehrungsklemmen<\/title>\n<meta name=\"description\" content=\"Conex Metals stellt Bewehrungsklemmen her und exportiert sie, einschlie\u00dflich Bewehrungserdungsklemmen, Bewehrungsbindungsklemmen, Bewehrungs-Erdungsstabklemmen, Bewehrungserdklemmen, Ufererdungsklemmen, Bewehrungs-Erdungsklemmen f\u00fcr direkte Vergrabung, Bewehrungsklemmen f\u00fcr Erdungskabel, Burndy-Bewehrungsklemmen und direkte Verbindungs-Erdungsklemmen.\" \/>\n<meta name=\"robots\" content=\"index, follow, max-snippet:-1, max-image-preview:large, max-video-preview:-1\" \/>\n<link rel=\"canonical\" href=\"https:\/\/conexmetals.com\/de\/produkt\/bewehrungsklemmen\/\" \/>\n<script type=\"application\/ld+json\" class=\"yoast-schema-graph\">{\"@context\":\"https:\\\/\\\/schema.org\",\"@graph\":[{\"@type\":\"WebPage\",\"@id\":\"https:\\\/\\\/conexmetals.com\\\/de\\\/produkt\\\/bewehrungsklemmen\\\/\",\"url\":\"https:\\\/\\\/conexmetals.com\\\/de\\\/produkt\\\/bewehrungsklemmen\\\/\",\"name\":\"Bewehrungsklemmen\",\"isPartOf\":{\"@id\":\"https:\\\/\\\/conexmetals.com\\\/de\\\/#website\"},\"primaryImageOfPage\":{\"@id\":\"https:\\\/\\\/conexmetals.com\\\/de\\\/produkt\\\/bewehrungsklemmen\\\/#primaryimage\"},\"image\":{\"@id\":\"https:\\\/\\\/conexmetals.com\\\/de\\\/produkt\\\/bewehrungsklemmen\\\/#primaryimage\"},\"thumbnailUrl\":\"https:\\\/\\\/conexmetals.com\\\/wp-content\\\/uploads\\\/2024\\\/12\\\/Bewehrungsklemmen.webp\",\"datePublished\":\"2023-08-18T02:19:31+00:00\",\"dateModified\":\"2024-12-19T13:27:19+00:00\",\"description\":\"Conex Metals stellt Bewehrungsklemmen her und exportiert sie, einschlie\u00dflich Bewehrungserdungsklemmen, Bewehrungsbindungsklemmen, Bewehrungs-Erdungsstabklemmen, Bewehrungserdklemmen, Ufererdungsklemmen, Bewehrungs-Erdungsklemmen f\u00fcr direkte Vergrabung, Bewehrungsklemmen f\u00fcr Erdungskabel, Burndy-Bewehrungsklemmen und direkte Verbindungs-Erdungsklemmen.\",\"breadcrumb\":{\"@id\":\"https:\\\/\\\/conexmetals.com\\\/de\\\/produkt\\\/bewehrungsklemmen\\\/#breadcrumb\"},\"inLanguage\":\"de\",\"potentialAction\":[{\"@type\":\"ReadAction\",\"target\":[\"https:\\\/\\\/conexmetals.com\\\/de\\\/produkt\\\/bewehrungsklemmen\\\/\"]}]},{\"@type\":\"ImageObject\",\"inLanguage\":\"de\",\"@id\":\"https:\\\/\\\/conexmetals.com\\\/de\\\/produkt\\\/bewehrungsklemmen\\\/#primaryimage\",\"url\":\"https:\\\/\\\/conexmetals.com\\\/wp-content\\\/uploads\\\/2024\\\/12\\\/Bewehrungsklemmen.webp\",\"contentUrl\":\"https:\\\/\\\/conexmetals.com\\\/wp-content\\\/uploads\\\/2024\\\/12\\\/Bewehrungsklemmen.webp\",\"width\":350,\"height\":350,\"caption\":\"Bewehrungsklemmen\"},{\"@type\":\"BreadcrumbList\",\"@id\":\"https:\\\/\\\/conexmetals.com\\\/de\\\/produkt\\\/bewehrungsklemmen\\\/#breadcrumb\",\"itemListElement\":[{\"@type\":\"ListItem\",\"position\":1,\"name\":\"Home\",\"item\":\"https:\\\/\\\/conexmetals.com\\\/de\\\/heim\\\/\"},{\"@type\":\"ListItem\",\"position\":2,\"name\":\"Products\",\"item\":\"https:\\\/\\\/conexmetals.com\\\/products\\\/\"},{\"@type\":\"ListItem\",\"position\":3,\"name\":\"Bewehrungsklemmen\"}]},{\"@type\":\"WebSite\",\"@id\":\"https:\\\/\\\/conexmetals.com\\\/de\\\/#website\",\"url\":\"https:\\\/\\\/conexmetals.com\\\/de\\\/\",\"name\":\"Conex Metals Brass Fittings Brass Parts Copper Parts Brass Components Brass Plumbing Fittings India\",\"description\":\"Manufacturer of Bronze Fittings casting Copper Brass parts components\",\"publisher\":{\"@id\":\"https:\\\/\\\/conexmetals.com\\\/de\\\/#organization\"},\"potentialAction\":[{\"@type\":\"SearchAction\",\"target\":{\"@type\":\"EntryPoint\",\"urlTemplate\":\"https:\\\/\\\/conexmetals.com\\\/de\\\/?s={search_term_string}\"},\"query-input\":{\"@type\":\"PropertyValueSpecification\",\"valueRequired\":true,\"valueName\":\"search_term_string\"}}],\"inLanguage\":\"de\"},{\"@type\":\"Organization\",\"@id\":\"https:\\\/\\\/conexmetals.com\\\/de\\\/#organization\",\"name\":\"Conex Metals Brass Fittings Brass Parts Copper Parts Brass Components Brass Plumbing Fittings India\",\"url\":\"https:\\\/\\\/conexmetals.com\\\/de\\\/\",\"logo\":{\"@type\":\"ImageObject\",\"inLanguage\":\"de\",\"@id\":\"https:\\\/\\\/conexmetals.com\\\/de\\\/#\\\/schema\\\/logo\\\/image\\\/\",\"url\":\"https:\\\/\\\/conexmetals.com\\\/wp-content\\\/uploads\\\/2024\\\/03\\\/conex-metals-logo.webp\",\"contentUrl\":\"https:\\\/\\\/conexmetals.com\\\/wp-content\\\/uploads\\\/2024\\\/03\\\/conex-metals-logo.webp\",\"width\":300,\"height\":121,\"caption\":\"Conex Metals Brass Fittings Brass Parts Copper Parts Brass Components Brass Plumbing Fittings India\"},\"image\":{\"@id\":\"https:\\\/\\\/conexmetals.com\\\/de\\\/#\\\/schema\\\/logo\\\/image\\\/\"},\"sameAs\":[\"https:\\\/\\\/www.facebook.com\\\/conexbrass\",\"https:\\\/\\\/x.com\\\/conexindia\",\"https:\\\/\\\/www.linkedin.com\\\/company\\\/conex-metals-india\\\/\",\"https:\\\/\\\/www.instagram.com\\\/conexindia\\\/\"]}]}<\/script>\n<!-- \/ Yoast SEO plugin. -->","yoast_head_json":{"title":"Bewehrungsklemmen","description":"Conex Metals stellt Bewehrungsklemmen her und exportiert sie, einschlie\u00dflich Bewehrungserdungsklemmen, Bewehrungsbindungsklemmen, Bewehrungs-Erdungsstabklemmen, Bewehrungserdklemmen, Ufererdungsklemmen, Bewehrungs-Erdungsklemmen f\u00fcr direkte Vergrabung, Bewehrungsklemmen f\u00fcr Erdungskabel, Burndy-Bewehrungsklemmen und direkte Verbindungs-Erdungsklemmen.","robots":{"index":"index","follow":"follow","max-snippet":"max-snippet:-1","max-image-preview":"max-image-preview:large","max-video-preview":"max-video-preview:-1"},"canonical":"https:\/\/conexmetals.com\/de\/produkt\/bewehrungsklemmen\/","schema":{"@context":"https:\/\/schema.org","@graph":[{"@type":"WebPage","@id":"https:\/\/conexmetals.com\/de\/produkt\/bewehrungsklemmen\/","url":"https:\/\/conexmetals.com\/de\/produkt\/bewehrungsklemmen\/","name":"Bewehrungsklemmen","isPartOf":{"@id":"https:\/\/conexmetals.com\/de\/#website"},"primaryImageOfPage":{"@id":"https:\/\/conexmetals.com\/de\/produkt\/bewehrungsklemmen\/#primaryimage"},"image":{"@id":"https:\/\/conexmetals.com\/de\/produkt\/bewehrungsklemmen\/#primaryimage"},"thumbnailUrl":"https:\/\/conexmetals.com\/wp-content\/uploads\/2024\/12\/Bewehrungsklemmen.webp","datePublished":"2023-08-18T02:19:31+00:00","dateModified":"2024-12-19T13:27:19+00:00","description":"Conex Metals stellt Bewehrungsklemmen her und exportiert sie, einschlie\u00dflich Bewehrungserdungsklemmen, Bewehrungsbindungsklemmen, Bewehrungs-Erdungsstabklemmen, Bewehrungserdklemmen, Ufererdungsklemmen, Bewehrungs-Erdungsklemmen f\u00fcr direkte Vergrabung, Bewehrungsklemmen f\u00fcr Erdungskabel, Burndy-Bewehrungsklemmen und direkte Verbindungs-Erdungsklemmen.","breadcrumb":{"@id":"https:\/\/conexmetals.com\/de\/produkt\/bewehrungsklemmen\/#breadcrumb"},"inLanguage":"de","potentialAction":[{"@type":"ReadAction","target":["https:\/\/conexmetals.com\/de\/produkt\/bewehrungsklemmen\/"]}]},{"@type":"ImageObject","inLanguage":"de","@id":"https:\/\/conexmetals.com\/de\/produkt\/bewehrungsklemmen\/#primaryimage","url":"https:\/\/conexmetals.com\/wp-content\/uploads\/2024\/12\/Bewehrungsklemmen.webp","contentUrl":"https:\/\/conexmetals.com\/wp-content\/uploads\/2024\/12\/Bewehrungsklemmen.webp","width":350,"height":350,"caption":"Bewehrungsklemmen"},{"@type":"BreadcrumbList","@id":"https:\/\/conexmetals.com\/de\/produkt\/bewehrungsklemmen\/#breadcrumb","itemListElement":[{"@type":"ListItem","position":1,"name":"Home","item":"https:\/\/conexmetals.com\/de\/heim\/"},{"@type":"ListItem","position":2,"name":"Products","item":"https:\/\/conexmetals.com\/products\/"},{"@type":"ListItem","position":3,"name":"Bewehrungsklemmen"}]},{"@type":"WebSite","@id":"https:\/\/conexmetals.com\/de\/#website","url":"https:\/\/conexmetals.com\/de\/","name":"Conex Metals Brass Fittings Brass Parts Copper Parts Brass Components Brass Plumbing Fittings India","description":"Manufacturer of Bronze Fittings casting Copper Brass parts components","publisher":{"@id":"https:\/\/conexmetals.com\/de\/#organization"},"potentialAction":[{"@type":"SearchAction","target":{"@type":"EntryPoint","urlTemplate":"https:\/\/conexmetals.com\/de\/?s={search_term_string}"},"query-input":{"@type":"PropertyValueSpecification","valueRequired":true,"valueName":"search_term_string"}}],"inLanguage":"de"},{"@type":"Organization","@id":"https:\/\/conexmetals.com\/de\/#organization","name":"Conex Metals Brass Fittings Brass Parts Copper Parts Brass Components Brass Plumbing Fittings India","url":"https:\/\/conexmetals.com\/de\/","logo":{"@type":"ImageObject","inLanguage":"de","@id":"https:\/\/conexmetals.com\/de\/#\/schema\/logo\/image\/","url":"https:\/\/conexmetals.com\/wp-content\/uploads\/2024\/03\/conex-metals-logo.webp","contentUrl":"https:\/\/conexmetals.com\/wp-content\/uploads\/2024\/03\/conex-metals-logo.webp","width":300,"height":121,"caption":"Conex Metals Brass Fittings Brass Parts Copper Parts Brass Components Brass Plumbing Fittings India"},"image":{"@id":"https:\/\/conexmetals.com\/de\/#\/schema\/logo\/image\/"},"sameAs":["https:\/\/www.facebook.com\/conexbrass","https:\/\/x.com\/conexindia","https:\/\/www.linkedin.com\/company\/conex-metals-india\/","https:\/\/www.instagram.com\/conexindia\/"]}]}},"_links":{"self":[{"href":"https:\/\/conexmetals.com\/de\/wp-json\/wp\/v2\/product\/12285","targetHints":{"allow":["GET"]}}],"collection":[{"href":"https:\/\/conexmetals.com\/de\/wp-json\/wp\/v2\/product"}],"about":[{"href":"https:\/\/conexmetals.com\/de\/wp-json\/wp\/v2\/types\/product"}],"wp:featuredmedia":[{"embeddable":true,"href":"https:\/\/conexmetals.com\/de\/wp-json\/wp\/v2\/media\/7403"}],"wp:attachment":[{"href":"https:\/\/conexmetals.com\/de\/wp-json\/wp\/v2\/media?parent=12285"}],"wp:term":[{"taxonomy":"product_brand","embeddable":true,"href":"https:\/\/conexmetals.com\/de\/wp-json\/wp\/v2\/product_brand?post=12285"},{"taxonomy":"product_cat","embeddable":true,"href":"https:\/\/conexmetals.com\/de\/wp-json\/wp\/v2\/product_cat?post=12285"},{"taxonomy":"product_tag","embeddable":true,"href":"https:\/\/conexmetals.com\/de\/wp-json\/wp\/v2\/product_tag?post=12285"}],"curies":[{"name":"wp","href":"https:\/\/api.w.org\/{rel}","templated":true}]}}