{"id":12385,"date":"2023-08-18T10:25:08","date_gmt":"2023-08-18T04:55:08","guid":{"rendered":"https:\/\/conexmetals.com\/?post_type=product&#038;p=12385"},"modified":"2024-12-31T14:28:40","modified_gmt":"2024-12-31T08:58:40","slug":"erdung-erdungsstaebe","status":"publish","type":"product","link":"https:\/\/conexmetals.com\/de\/produkt\/erdung-erdungsstaebe\/","title":{"rendered":"Erdung \u2013 Erdungsst\u00e4be"},"content":{"rendered":"","protected":false},"excerpt":{"rendered":"<p>Erdungsst\u00e4be, auch Erdungsst\u00e4be oder Erdungselektroden genannt, sind Metallst\u00e4be, die in den Boden getrieben werden, um eine elektrische Verbindung mit geringem Widerstand zwischen elektrischen Systemen oder Ger\u00e4ten und der Erde herzustellen. Diese St\u00e4be sind ein wichtiger Bestandteil von Erdungssystemen in elektrischen Anlagen und spielen eine entscheidende Rolle bei der Gew\u00e4hrleistung der elektrischen Sicherheit.<\/p>\n<p>Der Zweck von Erdungsst\u00e4ben besteht darin, im Falle eines Fehlers oder Stromsto\u00dfes einen sicheren Weg f\u00fcr den Abfluss elektrischer Str\u00f6me in die Erde zu schaffen. Bei einem Fehler wird \u00fcbersch\u00fcssiger Strom durch den Erdungsstab in die Erde geleitet, wodurch Schutzvorrichtungen (wie Leistungsschalter oder Sicherungen) ausgel\u00f6st werden und der fehlerhafte Stromkreis von der Stromquelle getrennt wird. Dies verhindert Stromschl\u00e4ge, minimiert das Brandrisiko und sch\u00fctzt elektrische Ger\u00e4te vor Sch\u00e4den.<\/p>\n<p>Conex-Erdungsst\u00e4be werden aus hochfestem, kohlenstoffarmem Stahl hergestellt und erf\u00fcllen die Anforderungen der BS 4360 Klasse 43 A. Jeder Erdungsstab ist molekular mit 99,99 % reinem, hochleitf\u00e4higem Kupfer verbunden und mit Benzol-Triazol-Derivaten behandelt. Die Gewinde der St\u00e4be werden im Rollgewindeverfahren geformt, wodurch die Gewinde besonders fest sind und das Risiko eines Absplitterns der Gewinde beim Eintreiben der St\u00e4be in den Boden vermieden wird.<\/p>\n<table id=\"tablepress-279\" class=\"tablepress tablepress-id-279\">\n<caption>\u00a0<\/caption>\n<thead>\n<tr class=\"row-1 odd\">\n<th class=\"column-1\" colspan=\"3\">Erdungs\u00f6sen mit Kupferbindung Erdungsst\u00e4be Erdungsst\u00e4be<\/th>\n<\/tr>\n<\/thead>\n<tbody class=\"row-hover\">\n<tr class=\"row-2 even\">\n<td class=\"column-1\"><strong>Stangenabmessung<br \/>\n(mm)<\/strong><\/td>\n<td class=\"column-2\"><strong>Gewindedurchmesser<\/strong><\/td>\n<td class=\"column-3\"><strong>Tats\u00e4chlicher Stangendurchmesser (mm)<\/strong><\/td>\n<\/tr>\n<tr class=\"row-3 odd\">\n<td class=\"column-1\">09,5 x 1200<\/td>\n<td class=\"column-2\">ohne Gewinde<\/td>\n<td class=\"column-3\">9,5<\/td>\n<\/tr>\n<tr class=\"row-4 even\">\n<td class=\"column-1\">14,5 x 1200<\/td>\n<td class=\"column-2\">9\/16 Zoll<\/td>\n<td class=\"column-3\">12.5<\/td>\n<\/tr>\n<tr class=\"row-5 odd\">\n<td class=\"column-1\">14,5 x 1500<\/td>\n<td class=\"column-2\">9\/16 Zoll<\/td>\n<td class=\"column-3\">12.5<\/td>\n<\/tr>\n<tr class=\"row-6 even\">\n<td class=\"column-1\">14,5 x 1800<\/td>\n<td class=\"column-2\">9\/16 Zoll<\/td>\n<td class=\"column-3\">12.5<\/td>\n<\/tr>\n<tr class=\"row-7 odd\">\n<td class=\"column-1\">16,0 x 1200<\/td>\n<td class=\"column-2\">5\/8 Zoll<\/td>\n<td class=\"column-3\">14.2<\/td>\n<\/tr>\n<tr class=\"row-8 even\">\n<td class=\"column-1\">16,0 x 1500<\/td>\n<td class=\"column-2\">5\/8 Zoll<\/td>\n<td class=\"column-3\">14.2<\/td>\n<\/tr>\n<tr class=\"row-9 odd\">\n<td class=\"column-1\">16,0 x 1800<\/td>\n<td class=\"column-2\">5\/8 Zoll<\/td>\n<td class=\"column-3\">14.2<\/td>\n<\/tr>\n<tr class=\"row-10 even\">\n<td class=\"column-1\">16,0 x 2400<\/td>\n<td class=\"column-2\">5\/8 Zoll<\/td>\n<td class=\"column-3\">14.2<\/td>\n<\/tr>\n<tr class=\"row-11 odd\">\n<td class=\"column-1\">20,0 x 1200<\/td>\n<td class=\"column-2\">3\/4 Zoll<\/td>\n<td class=\"column-3\">17.2<\/td>\n<\/tr>\n<tr class=\"row-12 even\">\n<td class=\"column-1\">20,0 x 1500<\/td>\n<td class=\"column-2\">3\/4 Zoll<\/td>\n<td class=\"column-3\">17.2<\/td>\n<\/tr>\n<tr class=\"row-13 odd\">\n<td class=\"column-1\">20,0 x 1800<\/td>\n<td class=\"column-2\">3\/4 Zoll<\/td>\n<td class=\"column-3\">17.2<\/td>\n<\/tr>\n<tr class=\"row-14 even\">\n<td class=\"column-1\">20,0 x 2400<\/td>\n<td class=\"column-2\">3\/4 Zoll<\/td>\n<td class=\"column-3\">17.2<\/td>\n<\/tr>\n<tr class=\"row-15 odd\">\n<td class=\"column-1\">25,0 x 2400<\/td>\n<td class=\"column-2\">ohne Gewinde<\/td>\n<td class=\"column-3\">25.4<\/td>\n<\/tr>\n<tr class=\"row-16 even\">\n<td class=\"column-1\">25,0 x 3000<\/td>\n<td class=\"column-2\">ohne Gewinde<\/td>\n<td class=\"column-3\">25.4<\/td>\n<\/tr>\n<\/tbody>\n<\/table>\n<p><strong>Massive Erdungsst\u00e4be aus Kupfer<br \/>\n<\/strong>von Conex Massive Erdungsst\u00e4be aus Kupfer werden in zwei Ausf\u00fchrungen hergestellt. Mit Au\u00dfengewinde und Innengewinde. Massive Erdungsst\u00e4be aus Kupfer werden dort eingesetzt, wo der Korrosionsfaktor sehr hoch ist und eine au\u00dfergew\u00f6hnlich lange Lebensdauer erwartet wird. Daher werden diese St\u00e4be aus reinem und hochleitf\u00e4higem hartgezogenem Kupfer gem\u00e4\u00df BS 2874-C 101 hergestellt. Diese St\u00e4be sind auch verzinnt erh\u00e4ltlich, um das Oxidationsrisiko zu verringern und die Haltbarkeit zu erh\u00f6hen\u00a0<strong>.<\/strong><\/p>\n<table id=\"tablepress-278\" class=\"tablepress tablepress-id-278\">\n<caption>\u00a0<\/caption>\n<thead>\n<tr class=\"row-1 odd\">\n<th class=\"column-1\" colspan=\"2\">Massive Erdungsst\u00e4be aus Kupfer<\/th>\n<\/tr>\n<\/thead>\n<tbody class=\"row-hover\">\n<tr class=\"row-2 even\">\n<td class=\"column-1\"><strong>Stangendurchmesser (mm)<\/strong><\/td>\n<td class=\"column-2\"><strong>Stangenl\u00e4nge (mm)<\/strong><\/td>\n<\/tr>\n<tr class=\"row-3 odd\">\n<td class=\"column-1\">16<\/td>\n<td class=\"column-2\">1200<\/td>\n<\/tr>\n<tr class=\"row-4 even\">\n<td class=\"column-1\">16<\/td>\n<td class=\"column-2\">1500<\/td>\n<\/tr>\n<tr class=\"row-5 odd\">\n<td class=\"column-1\">20<\/td>\n<td class=\"column-2\">1200<\/td>\n<\/tr>\n<tr class=\"row-6 even\">\n<td class=\"column-1\">20<\/td>\n<td class=\"column-2\">1500<\/td>\n<\/tr>\n<\/tbody>\n<\/table>\n<p><strong>Armaturen<\/strong><br \/>\nAntriebskopf Wiederverwendbarer hochfester Stahl.<br \/>\nKupplung Messing oder Aluminiumbronze.<br \/>\nAntriebsdorn Hochfester legierter Stahl.<br \/>\nInterne Kupplung Phosphorbronze oder hochfester Messingd\u00fcbel.<\/p>\n<p><strong>Verpackung von<br \/>\n<\/strong>Conex Earth Ground Erdungsst\u00e4ben Erdungsst\u00e4be Erdungsst\u00e4be sind einzeln in PVC-Schlauchbeuteln verpackt und an beiden Enden mit schwarzen Kappen versehen, um zu verhindern, dass die Gewinde bei der Handhabung besch\u00e4digt werden.<\/p>\n<p><strong>Erdungsklemme<\/strong>\u00a0Conex fertigt eine gro\u00dfe Auswahl an Erdungsklemmen f\u00fcr Erdungsst\u00e4be aus Marinemessing, Rotguss und Aluminium. F\u00fcr Erdungsst\u00e4be k\u00f6nnen auch Spezialklemmen nach Kundenspezifikation geliefert werden\u00a0<strong>.<\/strong><\/p>\n<p><strong>Stange-zu-Band-Klemme<\/strong><br \/>\n(A-Klemme) F\u00fcr eine gro\u00dfe Bandbreite an Kupfer-\/Al-B\u00e4ndern.<\/p>\n<p><strong>Stab-Leiter-Klemme<\/strong><br \/>\n(G-Klemme) Verf\u00fcgbar in leichter und schwerer Ausf\u00fchrung.<br \/>\nF\u00fcr Leitergr\u00f6\u00dfen von 10 mm2 bis 120 mm2.<\/p>\n<p><strong>Stangen-Kabelschuhklemme<\/strong><br \/>\n(Typ B) Erh\u00e4ltlich mit M12-Schraube, komplett mit Messingscheibe und Muttern.<\/p>\n","protected":false},"featured_media":8158,"template":"","meta":[],"product_brand":[],"product_cat":[376],"product_tag":[],"class_list":{"0":"post-12385","1":"product","2":"type-product","3":"status-publish","4":"has-post-thumbnail","6":"product_cat-erdungsprodukte","8":"first","9":"instock","10":"shipping-taxable","11":"product-type-simple"},"yoast_head":"<!-- This site is optimized with the Yoast SEO plugin v27.3 - https:\/\/yoast.com\/product\/yoast-seo-wordpress\/ -->\n<title>Erdung \u2013 Erdungsst\u00e4be<\/title>\n<meta name=\"description\" content=\"Conex Metals bietet hochwertige Erdungsst\u00e4be an, darunter Kupfererdungsst\u00e4be und Kupfererdungselektroden. Unser umfassendes Sortiment an Erdungsausr\u00fcstung wird von f\u00fchrenden Herstellern gefertigt und bietet erstklassige Leistung f\u00fcr alle Ihre Erdungsanforderungen. Als vertrauensw\u00fcrdige Exporteure und Lieferanten liefern wir weltweit \u00fcberlegene Produkte.\" \/>\n<meta name=\"robots\" content=\"index, follow, max-snippet:-1, max-image-preview:large, max-video-preview:-1\" \/>\n<link rel=\"canonical\" href=\"https:\/\/conexmetals.com\/de\/produkt\/erdung-erdungsstaebe\/\" \/>\n<script type=\"application\/ld+json\" class=\"yoast-schema-graph\">{\"@context\":\"https:\\\/\\\/schema.org\",\"@graph\":[{\"@type\":\"WebPage\",\"@id\":\"https:\\\/\\\/conexmetals.com\\\/de\\\/produkt\\\/erdung-erdungsstaebe\\\/\",\"url\":\"https:\\\/\\\/conexmetals.com\\\/de\\\/produkt\\\/erdung-erdungsstaebe\\\/\",\"name\":\"Erdung \u2013 Erdungsst\u00e4be\",\"isPartOf\":{\"@id\":\"https:\\\/\\\/conexmetals.com\\\/de\\\/#website\"},\"primaryImageOfPage\":{\"@id\":\"https:\\\/\\\/conexmetals.com\\\/de\\\/produkt\\\/erdung-erdungsstaebe\\\/#primaryimage\"},\"image\":{\"@id\":\"https:\\\/\\\/conexmetals.com\\\/de\\\/produkt\\\/erdung-erdungsstaebe\\\/#primaryimage\"},\"thumbnailUrl\":\"https:\\\/\\\/conexmetals.com\\\/wp-content\\\/uploads\\\/2024\\\/12\\\/Erdung-\u2013-Erdungsstabe.png\",\"datePublished\":\"2023-08-18T04:55:08+00:00\",\"dateModified\":\"2024-12-31T08:58:40+00:00\",\"description\":\"Conex Metals bietet hochwertige Erdungsst\u00e4be an, darunter Kupfererdungsst\u00e4be und Kupfererdungselektroden. Unser umfassendes Sortiment an Erdungsausr\u00fcstung wird von f\u00fchrenden Herstellern gefertigt und bietet erstklassige Leistung f\u00fcr alle Ihre Erdungsanforderungen. Als vertrauensw\u00fcrdige Exporteure und Lieferanten liefern wir weltweit \u00fcberlegene Produkte.\",\"breadcrumb\":{\"@id\":\"https:\\\/\\\/conexmetals.com\\\/de\\\/produkt\\\/erdung-erdungsstaebe\\\/#breadcrumb\"},\"inLanguage\":\"de\",\"potentialAction\":[{\"@type\":\"ReadAction\",\"target\":[\"https:\\\/\\\/conexmetals.com\\\/de\\\/produkt\\\/erdung-erdungsstaebe\\\/\"]}]},{\"@type\":\"ImageObject\",\"inLanguage\":\"de\",\"@id\":\"https:\\\/\\\/conexmetals.com\\\/de\\\/produkt\\\/erdung-erdungsstaebe\\\/#primaryimage\",\"url\":\"https:\\\/\\\/conexmetals.com\\\/wp-content\\\/uploads\\\/2024\\\/12\\\/Erdung-\u2013-Erdungsstabe.png\",\"contentUrl\":\"https:\\\/\\\/conexmetals.com\\\/wp-content\\\/uploads\\\/2024\\\/12\\\/Erdung-\u2013-Erdungsstabe.png\",\"width\":350,\"height\":350,\"caption\":\"Erdung \u2013 Erdungsst\u00e4be\"},{\"@type\":\"BreadcrumbList\",\"@id\":\"https:\\\/\\\/conexmetals.com\\\/de\\\/produkt\\\/erdung-erdungsstaebe\\\/#breadcrumb\",\"itemListElement\":[{\"@type\":\"ListItem\",\"position\":1,\"name\":\"Home\",\"item\":\"https:\\\/\\\/conexmetals.com\\\/de\\\/heim\\\/\"},{\"@type\":\"ListItem\",\"position\":2,\"name\":\"Products\",\"item\":\"https:\\\/\\\/conexmetals.com\\\/products\\\/\"},{\"@type\":\"ListItem\",\"position\":3,\"name\":\"Erdung \u2013 Erdungsst\u00e4be\"}]},{\"@type\":\"WebSite\",\"@id\":\"https:\\\/\\\/conexmetals.com\\\/de\\\/#website\",\"url\":\"https:\\\/\\\/conexmetals.com\\\/de\\\/\",\"name\":\"Conex Metals Brass Fittings Brass Parts Copper Parts Brass Components Brass Plumbing Fittings India\",\"description\":\"Manufacturer of Bronze Fittings casting Copper Brass parts components\",\"publisher\":{\"@id\":\"https:\\\/\\\/conexmetals.com\\\/de\\\/#organization\"},\"potentialAction\":[{\"@type\":\"SearchAction\",\"target\":{\"@type\":\"EntryPoint\",\"urlTemplate\":\"https:\\\/\\\/conexmetals.com\\\/de\\\/?s={search_term_string}\"},\"query-input\":{\"@type\":\"PropertyValueSpecification\",\"valueRequired\":true,\"valueName\":\"search_term_string\"}}],\"inLanguage\":\"de\"},{\"@type\":\"Organization\",\"@id\":\"https:\\\/\\\/conexmetals.com\\\/de\\\/#organization\",\"name\":\"Conex Metals Brass Fittings Brass Parts Copper Parts Brass Components Brass Plumbing Fittings India\",\"url\":\"https:\\\/\\\/conexmetals.com\\\/de\\\/\",\"logo\":{\"@type\":\"ImageObject\",\"inLanguage\":\"de\",\"@id\":\"https:\\\/\\\/conexmetals.com\\\/de\\\/#\\\/schema\\\/logo\\\/image\\\/\",\"url\":\"https:\\\/\\\/conexmetals.com\\\/wp-content\\\/uploads\\\/2024\\\/03\\\/conex-metals-logo.webp\",\"contentUrl\":\"https:\\\/\\\/conexmetals.com\\\/wp-content\\\/uploads\\\/2024\\\/03\\\/conex-metals-logo.webp\",\"width\":300,\"height\":121,\"caption\":\"Conex Metals Brass Fittings Brass Parts Copper Parts Brass Components Brass Plumbing Fittings India\"},\"image\":{\"@id\":\"https:\\\/\\\/conexmetals.com\\\/de\\\/#\\\/schema\\\/logo\\\/image\\\/\"},\"sameAs\":[\"https:\\\/\\\/www.facebook.com\\\/conexbrass\",\"https:\\\/\\\/x.com\\\/conexindia\",\"https:\\\/\\\/www.linkedin.com\\\/company\\\/conex-metals-india\\\/\",\"https:\\\/\\\/www.instagram.com\\\/conexindia\\\/\"]}]}<\/script>\n<!-- \/ Yoast SEO plugin. -->","yoast_head_json":{"title":"Erdung \u2013 Erdungsst\u00e4be","description":"Conex Metals bietet hochwertige Erdungsst\u00e4be an, darunter Kupfererdungsst\u00e4be und Kupfererdungselektroden. Unser umfassendes Sortiment an Erdungsausr\u00fcstung wird von f\u00fchrenden Herstellern gefertigt und bietet erstklassige Leistung f\u00fcr alle Ihre Erdungsanforderungen. Als vertrauensw\u00fcrdige Exporteure und Lieferanten liefern wir weltweit \u00fcberlegene Produkte.","robots":{"index":"index","follow":"follow","max-snippet":"max-snippet:-1","max-image-preview":"max-image-preview:large","max-video-preview":"max-video-preview:-1"},"canonical":"https:\/\/conexmetals.com\/de\/produkt\/erdung-erdungsstaebe\/","schema":{"@context":"https:\/\/schema.org","@graph":[{"@type":"WebPage","@id":"https:\/\/conexmetals.com\/de\/produkt\/erdung-erdungsstaebe\/","url":"https:\/\/conexmetals.com\/de\/produkt\/erdung-erdungsstaebe\/","name":"Erdung \u2013 Erdungsst\u00e4be","isPartOf":{"@id":"https:\/\/conexmetals.com\/de\/#website"},"primaryImageOfPage":{"@id":"https:\/\/conexmetals.com\/de\/produkt\/erdung-erdungsstaebe\/#primaryimage"},"image":{"@id":"https:\/\/conexmetals.com\/de\/produkt\/erdung-erdungsstaebe\/#primaryimage"},"thumbnailUrl":"https:\/\/conexmetals.com\/wp-content\/uploads\/2024\/12\/Erdung-\u2013-Erdungsstabe.png","datePublished":"2023-08-18T04:55:08+00:00","dateModified":"2024-12-31T08:58:40+00:00","description":"Conex Metals bietet hochwertige Erdungsst\u00e4be an, darunter Kupfererdungsst\u00e4be und Kupfererdungselektroden. Unser umfassendes Sortiment an Erdungsausr\u00fcstung wird von f\u00fchrenden Herstellern gefertigt und bietet erstklassige Leistung f\u00fcr alle Ihre Erdungsanforderungen. Als vertrauensw\u00fcrdige Exporteure und Lieferanten liefern wir weltweit \u00fcberlegene Produkte.","breadcrumb":{"@id":"https:\/\/conexmetals.com\/de\/produkt\/erdung-erdungsstaebe\/#breadcrumb"},"inLanguage":"de","potentialAction":[{"@type":"ReadAction","target":["https:\/\/conexmetals.com\/de\/produkt\/erdung-erdungsstaebe\/"]}]},{"@type":"ImageObject","inLanguage":"de","@id":"https:\/\/conexmetals.com\/de\/produkt\/erdung-erdungsstaebe\/#primaryimage","url":"https:\/\/conexmetals.com\/wp-content\/uploads\/2024\/12\/Erdung-\u2013-Erdungsstabe.png","contentUrl":"https:\/\/conexmetals.com\/wp-content\/uploads\/2024\/12\/Erdung-\u2013-Erdungsstabe.png","width":350,"height":350,"caption":"Erdung \u2013 Erdungsst\u00e4be"},{"@type":"BreadcrumbList","@id":"https:\/\/conexmetals.com\/de\/produkt\/erdung-erdungsstaebe\/#breadcrumb","itemListElement":[{"@type":"ListItem","position":1,"name":"Home","item":"https:\/\/conexmetals.com\/de\/heim\/"},{"@type":"ListItem","position":2,"name":"Products","item":"https:\/\/conexmetals.com\/products\/"},{"@type":"ListItem","position":3,"name":"Erdung \u2013 Erdungsst\u00e4be"}]},{"@type":"WebSite","@id":"https:\/\/conexmetals.com\/de\/#website","url":"https:\/\/conexmetals.com\/de\/","name":"Conex Metals Brass Fittings Brass Parts Copper Parts Brass Components Brass Plumbing Fittings India","description":"Manufacturer of Bronze Fittings casting Copper Brass parts components","publisher":{"@id":"https:\/\/conexmetals.com\/de\/#organization"},"potentialAction":[{"@type":"SearchAction","target":{"@type":"EntryPoint","urlTemplate":"https:\/\/conexmetals.com\/de\/?s={search_term_string}"},"query-input":{"@type":"PropertyValueSpecification","valueRequired":true,"valueName":"search_term_string"}}],"inLanguage":"de"},{"@type":"Organization","@id":"https:\/\/conexmetals.com\/de\/#organization","name":"Conex Metals Brass Fittings Brass Parts Copper Parts Brass Components Brass Plumbing Fittings India","url":"https:\/\/conexmetals.com\/de\/","logo":{"@type":"ImageObject","inLanguage":"de","@id":"https:\/\/conexmetals.com\/de\/#\/schema\/logo\/image\/","url":"https:\/\/conexmetals.com\/wp-content\/uploads\/2024\/03\/conex-metals-logo.webp","contentUrl":"https:\/\/conexmetals.com\/wp-content\/uploads\/2024\/03\/conex-metals-logo.webp","width":300,"height":121,"caption":"Conex Metals Brass Fittings Brass Parts Copper Parts Brass Components Brass Plumbing Fittings India"},"image":{"@id":"https:\/\/conexmetals.com\/de\/#\/schema\/logo\/image\/"},"sameAs":["https:\/\/www.facebook.com\/conexbrass","https:\/\/x.com\/conexindia","https:\/\/www.linkedin.com\/company\/conex-metals-india\/","https:\/\/www.instagram.com\/conexindia\/"]}]}},"_links":{"self":[{"href":"https:\/\/conexmetals.com\/de\/wp-json\/wp\/v2\/product\/12385","targetHints":{"allow":["GET"]}}],"collection":[{"href":"https:\/\/conexmetals.com\/de\/wp-json\/wp\/v2\/product"}],"about":[{"href":"https:\/\/conexmetals.com\/de\/wp-json\/wp\/v2\/types\/product"}],"wp:featuredmedia":[{"embeddable":true,"href":"https:\/\/conexmetals.com\/de\/wp-json\/wp\/v2\/media\/8158"}],"wp:attachment":[{"href":"https:\/\/conexmetals.com\/de\/wp-json\/wp\/v2\/media?parent=12385"}],"wp:term":[{"taxonomy":"product_brand","embeddable":true,"href":"https:\/\/conexmetals.com\/de\/wp-json\/wp\/v2\/product_brand?post=12385"},{"taxonomy":"product_cat","embeddable":true,"href":"https:\/\/conexmetals.com\/de\/wp-json\/wp\/v2\/product_cat?post=12385"},{"taxonomy":"product_tag","embeddable":true,"href":"https:\/\/conexmetals.com\/de\/wp-json\/wp\/v2\/product_tag?post=12385"}],"curies":[{"name":"wp","href":"https:\/\/api.w.org\/{rel}","templated":true}]}}