{"id":12399,"date":"2023-08-18T10:27:45","date_gmt":"2023-08-18T04:57:45","guid":{"rendered":"https:\/\/conexmetals.com\/?post_type=product&#038;p=12399"},"modified":"2024-12-31T15:51:42","modified_gmt":"2024-12-31T10:21:42","slug":"kupfererdungsband-blank","status":"publish","type":"product","link":"https:\/\/conexmetals.com\/de\/produkt\/kupfererdungsband-blank\/","title":{"rendered":"Kupfererdungsband (blank)"},"content":{"rendered":"","protected":false},"excerpt":{"rendered":"<div class=\"elementor-element elementor-element-672075d elementor-widget__width-initial e-transform elementor-widget-mobile__width-initial elementor-widget elementor-widget-woocommerce-product-images\" data-id=\"672075d\" data-element_type=\"widget\" data-settings=\"{&quot;_transform_scale_effect&quot;:{&quot;unit&quot;:&quot;px&quot;,&quot;size&quot;:1,&quot;sizes&quot;:[]},&quot;_transform_scale_effect_tablet&quot;:{&quot;unit&quot;:&quot;px&quot;,&quot;size&quot;:&quot;&quot;,&quot;sizes&quot;:[]},&quot;_transform_scale_effect_mobile&quot;:{&quot;unit&quot;:&quot;px&quot;,&quot;size&quot;:&quot;&quot;,&quot;sizes&quot;:[]}}\" data-widget_type=\"woocommerce-product-images.default\">\n<div class=\"elementor-widget-container\">\n<div class=\"woocommerce-product-gallery woocommerce-product-gallery--with-images woocommerce-product-gallery--columns-4 images\" data-columns=\"4\">\n<div class=\"woocommerce-product-gallery__wrapper\">\n<div class=\"woocommerce-product-gallery__image\" data-thumb=\"https:\/\/conexmetals.com\/wp-content\/uploads\/2024\/12\/Bare-Copper-Tape-100x100.webp\" data-thumb-alt=\"Bare-Copper-Tape\" data-thumb-srcset=\"https:\/\/conexmetals.com\/wp-content\/uploads\/2024\/12\/Bare-Copper-Tape-100x100.webp 100w, https:\/\/conexmetals.com\/wp-content\/uploads\/2024\/12\/Bare-Copper-Tape-300x300.webp 300w, https:\/\/conexmetals.com\/wp-content\/uploads\/2024\/12\/Bare-Copper-Tape-150x150.webp 150w, https:\/\/conexmetals.com\/wp-content\/uploads\/2024\/12\/Bare-Copper-Tape.webp 350w\"><\/div>\n<\/div>\n<\/div>\n<\/div>\n<\/div>\n<div class=\"elementor-element elementor-element-36d2ab8 elementor-widget elementor-widget-woocommerce-product-short-description\" data-id=\"36d2ab8\" data-element_type=\"widget\" data-widget_type=\"woocommerce-product-short-description.default\">\n<div class=\"elementor-widget-container\">\n<div class=\"woocommerce-product-details__short-description\">\n<table id=\"tablepress-332\" class=\"tablepress tablepress-id-332\">\n<caption>\u00a0<\/caption>\n<thead>\n<tr class=\"row-1 odd\">\n<th class=\"column-1\" colspan=\"5\"><strong><span>Blankes Kupferband<\/span><\/strong><\/th>\n<\/tr>\n<\/thead>\n<tbody class=\"row-hover\">\n<tr class=\"row-2 even\">\n<td class=\"column-1\"><strong><span>Seriennummer<\/span><\/strong><\/td>\n<td class=\"column-2\"><strong><span>Zustandsgr\u00f6\u00dfe (Axb)(MM)<\/span><\/strong><\/td>\n<td class=\"column-3\"><strong><span>Stromquerschnitt (mm\u00b2)<\/span><\/strong><\/td>\n<td class=\"column-4\"><strong><span>Gewicht (KG\/M)<\/span><\/strong><\/td>\n<td class=\"column-5\"><strong><span>Spulengr\u00f6\u00dfe (M)<\/span><\/strong><\/td>\n<\/tr>\n<tr class=\"row-3 odd\">\n<td class=\"column-1\"><span>1<\/span><\/td>\n<td class=\"column-2\"><span>12,5 x 1,5<\/span><\/td>\n<td class=\"column-3\"><span>18,75<\/span><\/td>\n<td class=\"column-4\"><span>0,17<\/span><\/td>\n<td class=\"column-5\"><span>100<\/span><\/td>\n<\/tr>\n<tr class=\"row-4 even\">\n<td class=\"column-1\"><span>2<\/span><\/td>\n<td class=\"column-2\"><span>12,5 x 3<\/span><\/td>\n<td class=\"column-3\"><span>37,5<\/span><\/td>\n<td class=\"column-4\"><span>0,33<\/span><\/td>\n<td class=\"column-5\"><span>100<\/span><\/td>\n<\/tr>\n<tr class=\"row-5 odd\">\n<td class=\"column-1\"><span>3<\/span><\/td>\n<td class=\"column-2\"><span>20 x 1.5<\/span><\/td>\n<td class=\"column-3\"><span>30<\/span><\/td>\n<td class=\"column-4\"><span>0,27<\/span><\/td>\n<td class=\"column-5\"><span>100<\/span><\/td>\n<\/tr>\n<tr class=\"row-6 even\">\n<td class=\"column-1\"><span>4<\/span><\/td>\n<td class=\"column-2\"><span>20 x 3<\/span><\/td>\n<td class=\"column-3\"><span>60<\/span><\/td>\n<td class=\"column-4\"><span>0,53<\/span><\/td>\n<td class=\"column-5\"><span>100<\/span><\/td>\n<\/tr>\n<tr class=\"row-7 odd\">\n<td class=\"column-1\"><span>5<\/span><\/td>\n<td class=\"column-2\"><span>25 x 1.5<\/span><\/td>\n<td class=\"column-3\"><span>37,5<\/span><\/td>\n<td class=\"column-4\"><span>0,33<\/span><\/td>\n<td class=\"column-5\"><span>100<\/span><\/td>\n<\/tr>\n<tr class=\"row-8 even\">\n<td class=\"column-1\"><span>6<\/span><\/td>\n<td class=\"column-2\"><span>25 x 3<\/span><\/td>\n<td class=\"column-3\"><span>75<\/span><\/td>\n<td class=\"column-4\"><span>0,67<\/span><\/td>\n<td class=\"column-5\"><span>25 oder 50<\/span><\/td>\n<\/tr>\n<tr class=\"row-9 odd\">\n<td class=\"column-1\"><span>7<\/span><\/td>\n<td class=\"column-2\"><span>25 x 4<\/span><\/td>\n<td class=\"column-3\"><span>100<\/span><\/td>\n<td class=\"column-4\"><span>0,89<\/span><\/td>\n<td class=\"column-5\"><span>50<\/span><\/td>\n<\/tr>\n<tr class=\"row-10 even\">\n<td class=\"column-1\"><span>8<\/span><\/td>\n<td class=\"column-2\"><span>25 x 6<\/span><\/td>\n<td class=\"column-3\"><span>150<\/span><\/td>\n<td class=\"column-4\"><span>1.34<\/span><\/td>\n<td class=\"column-5\"><span>40<\/span><\/td>\n<\/tr>\n<tr class=\"row-11 odd\">\n<td class=\"column-1\"><span>9<\/span><\/td>\n<td class=\"column-2\"><span>30 x 2<\/span><\/td>\n<td class=\"column-3\"><span>60<\/span><\/td>\n<td class=\"column-4\"><span>0,53<\/span><\/td>\n<td class=\"column-5\"><span>50<\/span><\/td>\n<\/tr>\n<tr class=\"row-12 even\">\n<td class=\"column-1\"><span>10<\/span><\/td>\n<td class=\"column-2\"><span>30 x 3<\/span><\/td>\n<td class=\"column-3\"><span>90<\/span><\/td>\n<td class=\"column-4\"><span>0,8<\/span><\/td>\n<td class=\"column-5\"><span>50<\/span><\/td>\n<\/tr>\n<tr class=\"row-13 odd\">\n<td class=\"column-1\"><span>11<\/span><\/td>\n<td class=\"column-2\"><span>30 x 4<\/span><\/td>\n<td class=\"column-3\"><span>120<\/span><\/td>\n<td class=\"column-4\"><span>1.07<\/span><\/td>\n<td class=\"column-5\"><span>40<\/span><\/td>\n<\/tr>\n<tr class=\"row-14 even\">\n<td class=\"column-1\"><span>12<\/span><\/td>\n<td class=\"column-2\"><span>30 x 5<\/span><\/td>\n<td class=\"column-3\"><span>150<\/span><\/td>\n<td class=\"column-4\"><span>1,33<\/span><\/td>\n<td class=\"column-5\"><span>40<\/span><\/td>\n<\/tr>\n<tr class=\"row-15 odd\">\n<td class=\"column-1\"><span>13<\/span><\/td>\n<td class=\"column-2\"><span>31 x 3<\/span><\/td>\n<td class=\"column-3\"><span>93<\/span><\/td>\n<td class=\"column-4\"><span>0,83<\/span><\/td>\n<td class=\"column-5\"><span>50<\/span><\/td>\n<\/tr>\n<tr class=\"row-16 even\">\n<td class=\"column-1\"><span>14<\/span><\/td>\n<td class=\"column-2\"><span>31 x 6<\/span><\/td>\n<td class=\"column-3\"><span>186<\/span><\/td>\n<td class=\"column-4\"><span>1,65<\/span><\/td>\n<td class=\"column-5\"><span>30<\/span><\/td>\n<\/tr>\n<tr class=\"row-17 odd\">\n<td class=\"column-1\"><span>15<\/span><\/td>\n<td class=\"column-2\"><span>38 x 3<\/span><\/td>\n<td class=\"column-3\"><span>114<\/span><\/td>\n<td class=\"column-4\"><span>1.01<\/span><\/td>\n<td class=\"column-5\"><span>50<\/span><\/td>\n<\/tr>\n<tr class=\"row-18 even\">\n<td class=\"column-1\"><span>16<\/span><\/td>\n<td class=\"column-2\"><span>38 x 5<\/span><\/td>\n<td class=\"column-3\"><span>190<\/span><\/td>\n<td class=\"column-4\"><span>1,69<\/span><\/td>\n<td class=\"column-5\"><span>30<\/span><\/td>\n<\/tr>\n<tr class=\"row-19 odd\">\n<td class=\"column-1\"><span>17<\/span><\/td>\n<td class=\"column-2\"><span>38 x 6<\/span><\/td>\n<td class=\"column-3\"><span>228<\/span><\/td>\n<td class=\"column-4\"><span>2.03<\/span><\/td>\n<td class=\"column-5\"><span>25<\/span><\/td>\n<\/tr>\n<tr class=\"row-20 even\">\n<td class=\"column-1\"><span>18<\/span><\/td>\n<td class=\"column-2\"><span>40 x 3<\/span><\/td>\n<td class=\"column-3\"><span>120<\/span><\/td>\n<td class=\"column-4\"><span>1.06<\/span><\/td>\n<td class=\"column-5\"><span>40<\/span><\/td>\n<\/tr>\n<tr class=\"row-21 odd\">\n<td class=\"column-1\"><span>19<\/span><\/td>\n<td class=\"column-2\"><span>40 x 4<\/span><\/td>\n<td class=\"column-3\"><span>160<\/span><\/td>\n<td class=\"column-4\"><span>1.42<\/span><\/td>\n<td class=\"column-5\"><span>30<\/span><\/td>\n<\/tr>\n<tr class=\"row-22 even\">\n<td class=\"column-1\"><span>20<\/span><\/td>\n<td class=\"column-2\"><span>40 x 5<\/span><\/td>\n<td class=\"column-3\"><span>200<\/span><\/td>\n<td class=\"column-4\"><span>1,78<\/span><\/td>\n<td class=\"column-5\"><span>25<\/span><\/td>\n<\/tr>\n<tr class=\"row-23 odd\">\n<td class=\"column-1\"><span>21<\/span><\/td>\n<td class=\"column-2\"><span>40 x 6<\/span><\/td>\n<td class=\"column-3\"><span>240<\/span><\/td>\n<td class=\"column-4\"><span>2.13<\/span><\/td>\n<td class=\"column-5\"><span>25<\/span><\/td>\n<\/tr>\n<tr class=\"row-24 even\">\n<td class=\"column-1\"><span>22<\/span><\/td>\n<td class=\"column-2\"><span>50 x 3<\/span><\/td>\n<td class=\"column-3\"><span>150<\/span><\/td>\n<td class=\"column-4\"><span>1,33<\/span><\/td>\n<td class=\"column-5\"><span>40<\/span><\/td>\n<\/tr>\n<tr class=\"row-25 odd\">\n<td class=\"column-1\"><span>23<\/span><\/td>\n<td class=\"column-2\"><span>50 x 4<\/span><\/td>\n<td class=\"column-3\"><span>200<\/span><\/td>\n<td class=\"column-4\"><span>1,78<\/span><\/td>\n<td class=\"column-5\"><span>30<\/span><\/td>\n<\/tr>\n<tr class=\"row-26 even\">\n<td class=\"column-1\"><span>24<\/span><\/td>\n<td class=\"column-2\"><span>50 x 5<\/span><\/td>\n<td class=\"column-3\"><span>250<\/span><\/td>\n<td class=\"column-4\"><span>2.22<\/span><\/td>\n<td class=\"column-5\"><span>20<\/span><\/td>\n<\/tr>\n<tr class=\"row-27 odd\">\n<td class=\"column-1\"><span>25<\/span><\/td>\n<td class=\"column-2\"><span>50 x 6<\/span><\/td>\n<td class=\"column-3\"><span>300<\/span><\/td>\n<td class=\"column-4\"><span>2,68<\/span><\/td>\n<td class=\"column-5\"><span>20<\/span><\/td>\n<\/tr>\n<\/tbody>\n<\/table>\n<p><img fetchpriority=\"high\" decoding=\"async\" class=\"size-medium wp-image-6612 alignleft lazy loaded\" src=\"https:\/\/conexmetals.com\/wp-content\/uploads\/2023\/08\/bronze-vise-connectors-line-drawing-300x300.jpg\" alt=\"Strichzeichnung von bronzenen Schraubstockverbindern\" width=\"300\" height=\"300\" data-src=\"https:\/\/conexmetals.com\/wp-content\/uploads\/2023\/08\/bronze-vise-connectors-line-drawing-300x300.jpg\" data-was-processed=\"true\" srcset=\"https:\/\/conexmetals.com\/wp-content\/uploads\/2023\/08\/bronze-vise-connectors-line-drawing-300x300.jpg 300w, https:\/\/conexmetals.com\/wp-content\/uploads\/2023\/08\/bronze-vise-connectors-line-drawing-150x150.jpg 150w, https:\/\/conexmetals.com\/wp-content\/uploads\/2023\/08\/bronze-vise-connectors-line-drawing-100x100.jpg 100w, https:\/\/conexmetals.com\/wp-content\/uploads\/2023\/08\/bronze-vise-connectors-line-drawing.jpg 350w\" sizes=\"(max-width: 300px) 100vw, 300px\" \/><\/p>\n<p><span>Blankes Kupferband ist ein elektrischer Leiter, der aus einem d\u00fcnnen, nicht isolierten Streifen Kupfermetall besteht. Das von Conex Metals angebotene Band ist aufgrund seines einzigartigen Designs eine ideale L\u00f6sung f\u00fcr verschiedene Elektro- und Erdungsanwendungen, insbesondere dort, wo Flexibilit\u00e4t und einfache Handhabung entscheidend sind.<\/span><\/p>\n<p><strong><span>H\u00e4ufige Anwendungen f\u00fcr blankes Kupferband von Conex Metals:<\/span><\/strong><\/p>\n<ul>\n<li><strong><span>Erdung und Verbindung:<\/span><\/strong><span>\u00a0Das blanke Kupferband von Conex Metals bietet einen Pfad mit geringem Widerstand f\u00fcr den sicheren Fluss elektrischer Str\u00f6me zur Erde und sorgt so f\u00fcr Sicherheit und verhindert elektrische Gefahren.<\/span><\/li>\n<li><strong><span>Blitzschutz:<\/span><\/strong><span>\u00a0Er wird an Geb\u00e4uden und Bauwerken installiert, um Blitzeinschl\u00e4ge abzufangen und sicher zur Erde abzuleiten und so Personen und Ger\u00e4te zu sch\u00fctzen.<\/span><\/li>\n<li><strong><span>Elektrische Abschirmung:<\/span><\/strong><span>\u00a0Das Band dient zum Schutz von Kabeln und elektronischen Ger\u00e4ten vor elektromagnetischen St\u00f6rungen (EMI) und Hochfrequenzst\u00f6rungen (RFI).<\/span><\/li>\n<\/ul>\n<p>&nbsp;<\/p>\n<p><strong><span>Vorteile der Verwendung von Blankkupferband von Conex Metals:<\/span><\/strong><\/p>\n<ul>\n<li><strong><span>Flexibilit\u00e4t:<\/span><\/strong><span>\u00a0Das Band passt sich verschiedenen Formen und Oberfl\u00e4chen an, sodass es leicht anzubringen und in zahlreichen Anwendungsbereichen zu verwenden ist.<\/span><\/li>\n<li><strong><span>Hohe Leitf\u00e4higkeit:<\/span><\/strong><span>\u00a0Gew\u00e4hrleistet effiziente elektrische Verbindungen und sorgt f\u00fcr optimale Leistung.<\/span><\/li>\n<\/ul>\n<p>&nbsp;<\/p>\n<p><strong><span>Vorsichtsma\u00dfnahmen:<\/span><\/strong><\/p>\n<ul>\n<li><span>Gehen Sie vorsichtig damit um, da blankes Kupferband bei Kontakt mit Feuchtigkeit und Luft anf\u00e4llig f\u00fcr Oxidation und Korrosion ist.<\/span><\/li>\n<li><span>Mit der Zeit kann sich auf der Kupferoberfl\u00e4che eine gr\u00fcnliche Patina bilden, die das Aussehen, jedoch nicht die elektrische Leitf\u00e4higkeit beeintr\u00e4chtigt.<\/span><\/li>\n<\/ul>\n<p>&nbsp;<\/p>\n<p><span>Vertrauen Sie auf Conex Metals, wenn es um hochwertiges Blankkupferband geht, das Ihren Anforderungen an elektrische Verbindungen gerecht wird. Unsere Produkte sind auf Effizienz, Flexibilit\u00e4t und Zuverl\u00e4ssigkeit ausgelegt.<\/span><\/p>\n<\/div>\n<\/div>\n<\/div>\n","protected":false},"featured_media":12396,"template":"","meta":[],"product_brand":[],"product_cat":[380],"product_tag":[],"class_list":{"0":"post-12399","1":"product","2":"type-product","3":"status-publish","4":"has-post-thumbnail","6":"product_cat-erdungszubehor","8":"first","9":"instock","10":"shipping-taxable","11":"product-type-simple"},"yoast_head":"<!-- This site is optimized with the Yoast SEO plugin v27.3 - https:\/\/yoast.com\/product\/yoast-seo-wordpress\/ -->\n<title>Kupfererdungsband (blank)<\/title>\n<meta name=\"description\" content=\"Entdecken Sie das blanke Kupferband von Conex Metals, einschlie\u00dflich Kupfererdungsband und Kupferfolienband. Unser Sortiment an leitf\u00e4higem Band, Elektrokabeln und Erdungsstabzubeh\u00f6r gew\u00e4hrleistet erstklassige Leistung. F\u00fchrender Hersteller, Exporteur und Lieferant aus Indien.\" \/>\n<meta name=\"robots\" content=\"index, follow, max-snippet:-1, max-image-preview:large, max-video-preview:-1\" \/>\n<link rel=\"canonical\" href=\"https:\/\/conexmetals.com\/de\/produkt\/kupfererdungsband-blank\/\" \/>\n<script type=\"application\/ld+json\" class=\"yoast-schema-graph\">{\"@context\":\"https:\\\/\\\/schema.org\",\"@graph\":[{\"@type\":\"WebPage\",\"@id\":\"https:\\\/\\\/conexmetals.com\\\/de\\\/produkt\\\/kupfererdungsband-blank\\\/\",\"url\":\"https:\\\/\\\/conexmetals.com\\\/de\\\/produkt\\\/kupfererdungsband-blank\\\/\",\"name\":\"Kupfererdungsband (blank)\",\"isPartOf\":{\"@id\":\"https:\\\/\\\/conexmetals.com\\\/de\\\/#website\"},\"primaryImageOfPage\":{\"@id\":\"https:\\\/\\\/conexmetals.com\\\/de\\\/produkt\\\/kupfererdungsband-blank\\\/#primaryimage\"},\"image\":{\"@id\":\"https:\\\/\\\/conexmetals.com\\\/de\\\/produkt\\\/kupfererdungsband-blank\\\/#primaryimage\"},\"thumbnailUrl\":\"https:\\\/\\\/conexmetals.com\\\/wp-content\\\/uploads\\\/2024\\\/12\\\/Kupfererdungsband-blank.webp\",\"datePublished\":\"2023-08-18T04:57:45+00:00\",\"dateModified\":\"2024-12-31T10:21:42+00:00\",\"description\":\"Entdecken Sie das blanke Kupferband von Conex Metals, einschlie\u00dflich Kupfererdungsband und Kupferfolienband. Unser Sortiment an leitf\u00e4higem Band, Elektrokabeln und Erdungsstabzubeh\u00f6r gew\u00e4hrleistet erstklassige Leistung. F\u00fchrender Hersteller, Exporteur und Lieferant aus Indien.\",\"breadcrumb\":{\"@id\":\"https:\\\/\\\/conexmetals.com\\\/de\\\/produkt\\\/kupfererdungsband-blank\\\/#breadcrumb\"},\"inLanguage\":\"de\",\"potentialAction\":[{\"@type\":\"ReadAction\",\"target\":[\"https:\\\/\\\/conexmetals.com\\\/de\\\/produkt\\\/kupfererdungsband-blank\\\/\"]}]},{\"@type\":\"ImageObject\",\"inLanguage\":\"de\",\"@id\":\"https:\\\/\\\/conexmetals.com\\\/de\\\/produkt\\\/kupfererdungsband-blank\\\/#primaryimage\",\"url\":\"https:\\\/\\\/conexmetals.com\\\/wp-content\\\/uploads\\\/2024\\\/12\\\/Kupfererdungsband-blank.webp\",\"contentUrl\":\"https:\\\/\\\/conexmetals.com\\\/wp-content\\\/uploads\\\/2024\\\/12\\\/Kupfererdungsband-blank.webp\",\"width\":350,\"height\":350},{\"@type\":\"BreadcrumbList\",\"@id\":\"https:\\\/\\\/conexmetals.com\\\/de\\\/produkt\\\/kupfererdungsband-blank\\\/#breadcrumb\",\"itemListElement\":[{\"@type\":\"ListItem\",\"position\":1,\"name\":\"Home\",\"item\":\"https:\\\/\\\/conexmetals.com\\\/de\\\/heim\\\/\"},{\"@type\":\"ListItem\",\"position\":2,\"name\":\"Products\",\"item\":\"https:\\\/\\\/conexmetals.com\\\/products\\\/\"},{\"@type\":\"ListItem\",\"position\":3,\"name\":\"Kupfererdungsband (blank)\"}]},{\"@type\":\"WebSite\",\"@id\":\"https:\\\/\\\/conexmetals.com\\\/de\\\/#website\",\"url\":\"https:\\\/\\\/conexmetals.com\\\/de\\\/\",\"name\":\"Conex Metals Brass Fittings Brass Parts Copper Parts Brass Components Brass Plumbing Fittings India\",\"description\":\"Manufacturer of Bronze Fittings casting Copper Brass parts components\",\"publisher\":{\"@id\":\"https:\\\/\\\/conexmetals.com\\\/de\\\/#organization\"},\"potentialAction\":[{\"@type\":\"SearchAction\",\"target\":{\"@type\":\"EntryPoint\",\"urlTemplate\":\"https:\\\/\\\/conexmetals.com\\\/de\\\/?s={search_term_string}\"},\"query-input\":{\"@type\":\"PropertyValueSpecification\",\"valueRequired\":true,\"valueName\":\"search_term_string\"}}],\"inLanguage\":\"de\"},{\"@type\":\"Organization\",\"@id\":\"https:\\\/\\\/conexmetals.com\\\/de\\\/#organization\",\"name\":\"Conex Metals Brass Fittings Brass Parts Copper Parts Brass Components Brass Plumbing Fittings India\",\"url\":\"https:\\\/\\\/conexmetals.com\\\/de\\\/\",\"logo\":{\"@type\":\"ImageObject\",\"inLanguage\":\"de\",\"@id\":\"https:\\\/\\\/conexmetals.com\\\/de\\\/#\\\/schema\\\/logo\\\/image\\\/\",\"url\":\"https:\\\/\\\/conexmetals.com\\\/wp-content\\\/uploads\\\/2024\\\/03\\\/conex-metals-logo.webp\",\"contentUrl\":\"https:\\\/\\\/conexmetals.com\\\/wp-content\\\/uploads\\\/2024\\\/03\\\/conex-metals-logo.webp\",\"width\":300,\"height\":121,\"caption\":\"Conex Metals Brass Fittings Brass Parts Copper Parts Brass Components Brass Plumbing Fittings India\"},\"image\":{\"@id\":\"https:\\\/\\\/conexmetals.com\\\/de\\\/#\\\/schema\\\/logo\\\/image\\\/\"},\"sameAs\":[\"https:\\\/\\\/www.facebook.com\\\/conexbrass\",\"https:\\\/\\\/x.com\\\/conexindia\",\"https:\\\/\\\/www.linkedin.com\\\/company\\\/conex-metals-india\\\/\",\"https:\\\/\\\/www.instagram.com\\\/conexindia\\\/\"]}]}<\/script>\n<!-- \/ Yoast SEO plugin. -->","yoast_head_json":{"title":"Kupfererdungsband (blank)","description":"Entdecken Sie das blanke Kupferband von Conex Metals, einschlie\u00dflich Kupfererdungsband und Kupferfolienband. Unser Sortiment an leitf\u00e4higem Band, Elektrokabeln und Erdungsstabzubeh\u00f6r gew\u00e4hrleistet erstklassige Leistung. F\u00fchrender Hersteller, Exporteur und Lieferant aus Indien.","robots":{"index":"index","follow":"follow","max-snippet":"max-snippet:-1","max-image-preview":"max-image-preview:large","max-video-preview":"max-video-preview:-1"},"canonical":"https:\/\/conexmetals.com\/de\/produkt\/kupfererdungsband-blank\/","schema":{"@context":"https:\/\/schema.org","@graph":[{"@type":"WebPage","@id":"https:\/\/conexmetals.com\/de\/produkt\/kupfererdungsband-blank\/","url":"https:\/\/conexmetals.com\/de\/produkt\/kupfererdungsband-blank\/","name":"Kupfererdungsband (blank)","isPartOf":{"@id":"https:\/\/conexmetals.com\/de\/#website"},"primaryImageOfPage":{"@id":"https:\/\/conexmetals.com\/de\/produkt\/kupfererdungsband-blank\/#primaryimage"},"image":{"@id":"https:\/\/conexmetals.com\/de\/produkt\/kupfererdungsband-blank\/#primaryimage"},"thumbnailUrl":"https:\/\/conexmetals.com\/wp-content\/uploads\/2024\/12\/Kupfererdungsband-blank.webp","datePublished":"2023-08-18T04:57:45+00:00","dateModified":"2024-12-31T10:21:42+00:00","description":"Entdecken Sie das blanke Kupferband von Conex Metals, einschlie\u00dflich Kupfererdungsband und Kupferfolienband. Unser Sortiment an leitf\u00e4higem Band, Elektrokabeln und Erdungsstabzubeh\u00f6r gew\u00e4hrleistet erstklassige Leistung. F\u00fchrender Hersteller, Exporteur und Lieferant aus Indien.","breadcrumb":{"@id":"https:\/\/conexmetals.com\/de\/produkt\/kupfererdungsband-blank\/#breadcrumb"},"inLanguage":"de","potentialAction":[{"@type":"ReadAction","target":["https:\/\/conexmetals.com\/de\/produkt\/kupfererdungsband-blank\/"]}]},{"@type":"ImageObject","inLanguage":"de","@id":"https:\/\/conexmetals.com\/de\/produkt\/kupfererdungsband-blank\/#primaryimage","url":"https:\/\/conexmetals.com\/wp-content\/uploads\/2024\/12\/Kupfererdungsband-blank.webp","contentUrl":"https:\/\/conexmetals.com\/wp-content\/uploads\/2024\/12\/Kupfererdungsband-blank.webp","width":350,"height":350},{"@type":"BreadcrumbList","@id":"https:\/\/conexmetals.com\/de\/produkt\/kupfererdungsband-blank\/#breadcrumb","itemListElement":[{"@type":"ListItem","position":1,"name":"Home","item":"https:\/\/conexmetals.com\/de\/heim\/"},{"@type":"ListItem","position":2,"name":"Products","item":"https:\/\/conexmetals.com\/products\/"},{"@type":"ListItem","position":3,"name":"Kupfererdungsband (blank)"}]},{"@type":"WebSite","@id":"https:\/\/conexmetals.com\/de\/#website","url":"https:\/\/conexmetals.com\/de\/","name":"Conex Metals Brass Fittings Brass Parts Copper Parts Brass Components Brass Plumbing Fittings India","description":"Manufacturer of Bronze Fittings casting Copper Brass parts components","publisher":{"@id":"https:\/\/conexmetals.com\/de\/#organization"},"potentialAction":[{"@type":"SearchAction","target":{"@type":"EntryPoint","urlTemplate":"https:\/\/conexmetals.com\/de\/?s={search_term_string}"},"query-input":{"@type":"PropertyValueSpecification","valueRequired":true,"valueName":"search_term_string"}}],"inLanguage":"de"},{"@type":"Organization","@id":"https:\/\/conexmetals.com\/de\/#organization","name":"Conex Metals Brass Fittings Brass Parts Copper Parts Brass Components Brass Plumbing Fittings India","url":"https:\/\/conexmetals.com\/de\/","logo":{"@type":"ImageObject","inLanguage":"de","@id":"https:\/\/conexmetals.com\/de\/#\/schema\/logo\/image\/","url":"https:\/\/conexmetals.com\/wp-content\/uploads\/2024\/03\/conex-metals-logo.webp","contentUrl":"https:\/\/conexmetals.com\/wp-content\/uploads\/2024\/03\/conex-metals-logo.webp","width":300,"height":121,"caption":"Conex Metals Brass Fittings Brass Parts Copper Parts Brass Components Brass Plumbing Fittings India"},"image":{"@id":"https:\/\/conexmetals.com\/de\/#\/schema\/logo\/image\/"},"sameAs":["https:\/\/www.facebook.com\/conexbrass","https:\/\/x.com\/conexindia","https:\/\/www.linkedin.com\/company\/conex-metals-india\/","https:\/\/www.instagram.com\/conexindia\/"]}]}},"_links":{"self":[{"href":"https:\/\/conexmetals.com\/de\/wp-json\/wp\/v2\/product\/12399","targetHints":{"allow":["GET"]}}],"collection":[{"href":"https:\/\/conexmetals.com\/de\/wp-json\/wp\/v2\/product"}],"about":[{"href":"https:\/\/conexmetals.com\/de\/wp-json\/wp\/v2\/types\/product"}],"wp:featuredmedia":[{"embeddable":true,"href":"https:\/\/conexmetals.com\/de\/wp-json\/wp\/v2\/media\/12396"}],"wp:attachment":[{"href":"https:\/\/conexmetals.com\/de\/wp-json\/wp\/v2\/media?parent=12399"}],"wp:term":[{"taxonomy":"product_brand","embeddable":true,"href":"https:\/\/conexmetals.com\/de\/wp-json\/wp\/v2\/product_brand?post=12399"},{"taxonomy":"product_cat","embeddable":true,"href":"https:\/\/conexmetals.com\/de\/wp-json\/wp\/v2\/product_cat?post=12399"},{"taxonomy":"product_tag","embeddable":true,"href":"https:\/\/conexmetals.com\/de\/wp-json\/wp\/v2\/product_tag?post=12399"}],"curies":[{"name":"wp","href":"https:\/\/api.w.org\/{rel}","templated":true}]}}