{"id":12414,"date":"2023-08-18T10:29:06","date_gmt":"2023-08-18T04:59:06","guid":{"rendered":"https:\/\/conexmetals.com\/?post_type=product&#038;p=12414"},"modified":"2024-12-31T17:20:58","modified_gmt":"2024-12-31T11:50:58","slug":"dc-bandklammern","status":"publish","type":"product","link":"https:\/\/conexmetals.com\/de\/produkt\/dc-bandklammern\/","title":{"rendered":"DC-Bandklammern"},"content":{"rendered":"","protected":false},"excerpt":{"rendered":"<table id=\"tablepress-334\" class=\"tablepress tablepress-id-334\">\n<caption>\u00a0<\/caption>\n<thead>\n<tr class=\"row-1 odd\">\n<th class=\"column-1\" colspan=\"5\"><strong><span>DC-Klebebandclips<\/span><\/strong><\/th>\n<th class=\"column-6\"><\/th>\n<\/tr>\n<\/thead>\n<tbody class=\"row-hover\">\n<tr class=\"row-2 even\">\n<td class=\"column-1\"><strong><span>\u00a0Leitergr\u00f6\u00dfe mm<\/span><\/strong><\/td>\n<td class=\"column-2\"><strong><span>Leitermaterial<\/span><\/strong><\/td>\n<td class=\"column-3\"><strong><span>L mm\u00a0\u00a0<\/span><\/strong><\/td>\n<td class=\"column-4\"><strong><span>B mm\u00a0\u00a0\u00a0<\/span><\/strong><\/td>\n<td class=\"column-5\"><strong><span>Hmm\u00a0<\/span><\/strong><\/td>\n<td class=\"column-6\"><\/td>\n<\/tr>\n<tr class=\"row-3 odd\">\n<td class=\"column-1\"><span>25 x 3<\/span><\/td>\n<td class=\"column-2\"><span>Gummimetall<\/span><\/td>\n<td class=\"column-3\"><span>50<\/span><\/td>\n<td class=\"column-4\"><span>20<\/span><\/td>\n<td class=\"column-5\"><span>10<\/span><\/td>\n<td class=\"column-6\"><\/td>\n<\/tr>\n<tr class=\"row-4 even\">\n<td class=\"column-1\"><span>25 x 6<\/span><\/td>\n<td class=\"column-2\"><span>Gummimetall<\/span><\/td>\n<td class=\"column-3\"><span>50<\/span><\/td>\n<td class=\"column-4\"><span>20<\/span><\/td>\n<td class=\"column-5\"><span>12<\/span><\/td>\n<td class=\"column-6\"><\/td>\n<\/tr>\n<tr class=\"row-5 odd\">\n<td class=\"column-1\"><span>31 x 3<\/span><\/td>\n<td class=\"column-2\"><span>Gummimetall<\/span><\/td>\n<td class=\"column-3\"><span>60<\/span><\/td>\n<td class=\"column-4\"><span>20<\/span><\/td>\n<td class=\"column-5\"><span>10<\/span><\/td>\n<td class=\"column-6\"><\/td>\n<\/tr>\n<tr class=\"row-6 even\">\n<td class=\"column-1\"><span>31 x 6<\/span><\/td>\n<td class=\"column-2\"><span>Gummimetall<\/span><\/td>\n<td class=\"column-3\"><span>60<\/span><\/td>\n<td class=\"column-4\"><span>20<\/span><\/td>\n<td class=\"column-5\"><span>12<\/span><\/td>\n<td class=\"column-6\"><\/td>\n<\/tr>\n<tr class=\"row-7 odd\">\n<td class=\"column-1\"><span>38 x 3<\/span><\/td>\n<td class=\"column-2\"><span>Gummimetall<\/span><\/td>\n<td class=\"column-3\"><span>64<\/span><\/td>\n<td class=\"column-4\"><span>20<\/span><\/td>\n<td class=\"column-5\"><span>10<\/span><\/td>\n<td class=\"column-6\"><\/td>\n<\/tr>\n<tr class=\"row-8 even\">\n<td class=\"column-1\"><span>38 x 6<\/span><\/td>\n<td class=\"column-2\"><span>Gummimetall<\/span><\/td>\n<td class=\"column-3\"><span>64<\/span><\/td>\n<td class=\"column-4\"><span>20<\/span><\/td>\n<td class=\"column-5\"><span>12<\/span><\/td>\n<td class=\"column-6\"><\/td>\n<\/tr>\n<tr class=\"row-9 odd\">\n<td class=\"column-1\"><span>40 x 4<\/span><\/td>\n<td class=\"column-2\"><span>Gummimetall<\/span><\/td>\n<td class=\"column-3\"><\/td>\n<td class=\"column-4\"><\/td>\n<td class=\"column-5\"><\/td>\n<td class=\"column-6\"><\/td>\n<\/tr>\n<tr class=\"row-10 even\">\n<td class=\"column-1\"><span>40 x 6<\/span><\/td>\n<td class=\"column-2\"><span>Gummimetall<\/span><\/td>\n<td class=\"column-3\"><\/td>\n<td class=\"column-4\"><\/td>\n<td class=\"column-5\"><\/td>\n<td class=\"column-6\"><\/td>\n<\/tr>\n<tr class=\"row-11 odd\">\n<td class=\"column-1\"><span>50 x 3<\/span><\/td>\n<td class=\"column-2\"><span>Gummimetall<\/span><\/td>\n<td class=\"column-3\"><span>80<\/span><\/td>\n<td class=\"column-4\"><span>20<\/span><\/td>\n<td class=\"column-5\"><\/td>\n<td class=\"column-6\"><\/td>\n<\/tr>\n<tr class=\"row-12 even\">\n<td class=\"column-1\"><span>50 x 6<\/span><\/td>\n<td class=\"column-2\"><span>Gummimetall<\/span><\/td>\n<td class=\"column-3\"><span>80<\/span><\/td>\n<td class=\"column-4\"><span>20<\/span><\/td>\n<td class=\"column-5\"><\/td>\n<td class=\"column-6\"><\/td>\n<\/tr>\n<tr class=\"row-13 odd\">\n<td class=\"column-1\"><\/td>\n<td class=\"column-2\"><\/td>\n<td class=\"column-3\"><\/td>\n<td class=\"column-4\"><\/td>\n<td class=\"column-5\"><\/td>\n<td class=\"column-6\"><\/td>\n<\/tr>\n<tr class=\"row-14 even\">\n<td class=\"column-1\"><span>25 x 3<\/span><\/td>\n<td class=\"column-2\"><span>Aluminium<\/span><\/td>\n<td class=\"column-3\"><span>56<\/span><\/td>\n<td class=\"column-4\"><span>20<\/span><\/td>\n<td class=\"column-5\"><span>14<\/span><\/td>\n<td class=\"column-6\"><\/td>\n<\/tr>\n<tr class=\"row-15 odd\">\n<td class=\"column-1\"><span>25 x 6<\/span><\/td>\n<td class=\"column-2\"><span>Aluminium<\/span><\/td>\n<td class=\"column-3\"><span>58<\/span><\/td>\n<td class=\"column-4\"><span>20<\/span><\/td>\n<td class=\"column-5\"><span>18<\/span><\/td>\n<td class=\"column-6\"><\/td>\n<\/tr>\n<tr class=\"row-16 even\">\n<td class=\"column-1\"><span>31 x 3<\/span><\/td>\n<td class=\"column-2\"><span>Aluminium<\/span><\/td>\n<td class=\"column-3\"><\/td>\n<td class=\"column-4\"><\/td>\n<td class=\"column-5\"><\/td>\n<td class=\"column-6\"><\/td>\n<\/tr>\n<tr class=\"row-17 odd\">\n<td class=\"column-1\"><span>31 x 6<\/span><\/td>\n<td class=\"column-2\"><span>Aluminium<\/span><\/td>\n<td class=\"column-3\"><\/td>\n<td class=\"column-4\"><\/td>\n<td class=\"column-5\"><\/td>\n<td class=\"column-6\"><\/td>\n<\/tr>\n<tr class=\"row-18 even\">\n<td class=\"column-1\"><span>38 x 3<\/span><\/td>\n<td class=\"column-2\"><span>Aluminium<\/span><\/td>\n<td class=\"column-3\"><\/td>\n<td class=\"column-4\"><\/td>\n<td class=\"column-5\"><\/td>\n<td class=\"column-6\"><\/td>\n<\/tr>\n<tr class=\"row-19 odd\">\n<td class=\"column-1\"><span>38 x 6<\/span><\/td>\n<td class=\"column-2\"><span>Aluminium<\/span><\/td>\n<td class=\"column-3\"><\/td>\n<td class=\"column-4\"><\/td>\n<td class=\"column-5\"><\/td>\n<td class=\"column-6\"><\/td>\n<\/tr>\n<tr class=\"row-20 even\">\n<td class=\"column-1\"><span>40 x 4<\/span><\/td>\n<td class=\"column-2\"><span>Aluminium<\/span><\/td>\n<td class=\"column-3\"><\/td>\n<td class=\"column-4\"><\/td>\n<td class=\"column-5\"><\/td>\n<td class=\"column-6\"><\/td>\n<\/tr>\n<tr class=\"row-21 odd\">\n<td class=\"column-1\"><span>40 x 6<\/span><\/td>\n<td class=\"column-2\"><span>Aluminium<\/span><\/td>\n<td class=\"column-3\"><\/td>\n<td class=\"column-4\"><\/td>\n<td class=\"column-5\"><\/td>\n<td class=\"column-6\"><\/td>\n<\/tr>\n<tr class=\"row-22 even\">\n<td class=\"column-1\"><span>50 x 3<\/span><\/td>\n<td class=\"column-2\"><span>Aluminium<\/span><\/td>\n<td class=\"column-3\"><\/td>\n<td class=\"column-4\"><\/td>\n<td class=\"column-5\"><\/td>\n<td class=\"column-6\"><\/td>\n<\/tr>\n<tr class=\"row-23 odd\">\n<td class=\"column-1\"><span>50 x 6<\/span><\/td>\n<td class=\"column-2\"><span>Aluminium<\/span><\/td>\n<td class=\"column-3\"><span>91<\/span><\/td>\n<td class=\"column-4\"><span>20<\/span><\/td>\n<td class=\"column-5\"><span>19<\/span><\/td>\n<td class=\"column-6\"><\/td>\n<\/tr>\n<tr class=\"row-24 even\">\n<td class=\"column-1\"><\/td>\n<td class=\"column-2\"><\/td>\n<td class=\"column-3\"><\/td>\n<td class=\"column-4\"><\/td>\n<td class=\"column-5\"><\/td>\n<td class=\"column-6\"><\/td>\n<\/tr>\n<tr class=\"row-25 odd\">\n<td class=\"column-1\"><span>25 x 3<\/span><\/td>\n<td class=\"column-2\"><span>Messing<\/span><\/td>\n<td class=\"column-3\"><span>77<\/span><\/td>\n<td class=\"column-4\"><span>27<\/span><\/td>\n<td class=\"column-5\"><span>25<\/span><\/td>\n<td class=\"column-6\"><\/td>\n<\/tr>\n<tr class=\"row-26 even\">\n<td class=\"column-1\"><span>25 x 6<\/span><\/td>\n<td class=\"column-2\"><span>Messing<\/span><\/td>\n<td class=\"column-3\"><\/td>\n<td class=\"column-4\"><\/td>\n<td class=\"column-5\"><\/td>\n<td class=\"column-6\"><\/td>\n<\/tr>\n<tr class=\"row-27 odd\">\n<td class=\"column-1\"><span>31 x 3<\/span><\/td>\n<td class=\"column-2\"><span>Messing<\/span><\/td>\n<td class=\"column-3\"><\/td>\n<td class=\"column-4\"><\/td>\n<td class=\"column-5\"><\/td>\n<td class=\"column-6\"><\/td>\n<\/tr>\n<tr class=\"row-28 even\">\n<td class=\"column-1\"><span>31 x 6<\/span><\/td>\n<td class=\"column-2\"><span>Messing<\/span><\/td>\n<td class=\"column-3\"><\/td>\n<td class=\"column-4\"><\/td>\n<td class=\"column-5\"><\/td>\n<td class=\"column-6\"><\/td>\n<\/tr>\n<tr class=\"row-29 odd\">\n<td class=\"column-1\"><span>38 x 3<\/span><\/td>\n<td class=\"column-2\"><span>Messing<\/span><\/td>\n<td class=\"column-3\"><\/td>\n<td class=\"column-4\"><\/td>\n<td class=\"column-5\"><\/td>\n<td class=\"column-6\"><\/td>\n<\/tr>\n<tr class=\"row-30 even\">\n<td class=\"column-1\"><span>38 x 6<\/span><\/td>\n<td class=\"column-2\"><span>Messing<\/span><\/td>\n<td class=\"column-3\"><\/td>\n<td class=\"column-4\"><\/td>\n<td class=\"column-5\"><\/td>\n<td class=\"column-6\"><\/td>\n<\/tr>\n<tr class=\"row-31 odd\">\n<td class=\"column-1\"><span>40 x 4<\/span><\/td>\n<td class=\"column-2\"><span>Messing<\/span><\/td>\n<td class=\"column-3\"><\/td>\n<td class=\"column-4\"><\/td>\n<td class=\"column-5\"><\/td>\n<td class=\"column-6\"><\/td>\n<\/tr>\n<tr class=\"row-32 even\">\n<td class=\"column-1\"><span>40 x 6<\/span><\/td>\n<td class=\"column-2\"><span>Messing<\/span><\/td>\n<td class=\"column-3\"><\/td>\n<td class=\"column-4\"><\/td>\n<td class=\"column-5\"><\/td>\n<td class=\"column-6\"><\/td>\n<\/tr>\n<tr class=\"row-33 odd\">\n<td class=\"column-1\"><span>50 x 3<\/span><\/td>\n<td class=\"column-2\"><span>Messing<\/span><\/td>\n<td class=\"column-3\"><\/td>\n<td class=\"column-4\"><\/td>\n<td class=\"column-5\"><\/td>\n<td class=\"column-6\"><\/td>\n<\/tr>\n<tr class=\"row-34 even\">\n<td class=\"column-1\"><span>50 x 6<\/span><\/td>\n<td class=\"column-2\"><span>Messing<\/span><\/td>\n<td class=\"column-3\"><\/td>\n<td class=\"column-4\"><\/td>\n<td class=\"column-5\"><\/td>\n<td class=\"column-6\"><\/td>\n<\/tr>\n<tr class=\"row-35 odd\">\n<td class=\"column-1\"><\/td>\n<td class=\"column-2\"><\/td>\n<td class=\"column-3\"><\/td>\n<td class=\"column-4\"><\/td>\n<td class=\"column-5\"><\/td>\n<td class=\"column-6\"><\/td>\n<\/tr>\n<tr class=\"row-36 even\">\n<td class=\"column-1\"><span>25 x 3<\/span><\/td>\n<td class=\"column-2\"><span>Kupfer<\/span><\/td>\n<td class=\"column-3\"><\/td>\n<td class=\"column-4\"><\/td>\n<td class=\"column-5\"><\/td>\n<td class=\"column-6\"><\/td>\n<\/tr>\n<tr class=\"row-37 odd\">\n<td class=\"column-1\"><span>31 x 3<\/span><\/td>\n<td class=\"column-2\"><span>Kupfer<\/span><\/td>\n<td class=\"column-3\"><\/td>\n<td class=\"column-4\"><\/td>\n<td class=\"column-5\"><\/td>\n<td class=\"column-6\"><\/td>\n<\/tr>\n<tr class=\"row-38 even\">\n<td class=\"column-1\"><span>50 x 6<\/span><\/td>\n<td class=\"column-2\"><span>Kupfer<\/span><\/td>\n<td class=\"column-3\"><\/td>\n<td class=\"column-4\"><\/td>\n<td class=\"column-5\"><\/td>\n<td class=\"column-6\"><\/td>\n<\/tr>\n<\/tbody>\n<\/table>\n<p><img fetchpriority=\"high\" decoding=\"async\" class=\"size-medium wp-image-6700 alignright lazy loaded\" src=\"https:\/\/conexmetals.com\/wp-content\/uploads\/2023\/08\/DC-Tape-Clips-line-drawing-300x300.jpg\" alt=\"Strichzeichnung von DC Tape Clips\" width=\"300\" height=\"300\" data-src=\"https:\/\/conexmetals.com\/wp-content\/uploads\/2023\/08\/DC-Tape-Clips-line-drawing-300x300.jpg\" data-was-processed=\"true\" srcset=\"https:\/\/conexmetals.com\/wp-content\/uploads\/2023\/08\/DC-Tape-Clips-line-drawing-300x300.jpg 300w, https:\/\/conexmetals.com\/wp-content\/uploads\/2023\/08\/DC-Tape-Clips-line-drawing-150x150.jpg 150w, https:\/\/conexmetals.com\/wp-content\/uploads\/2023\/08\/DC-Tape-Clips-line-drawing-100x100.jpg 100w, https:\/\/conexmetals.com\/wp-content\/uploads\/2023\/08\/DC-Tape-Clips-line-drawing.jpg 355w\" sizes=\"(max-width: 300px) 100vw, 300px\" \/><span>DC-Bandklemmen, auch als Gleichstrombandklemmen oder Kabelklemmen bekannt, sind kleine Metall- oder Kunststoffklemmen, die zum Sichern und Befestigen von Gleichstromkabeln oder -b\u00e4ndern an einer festen Oberfl\u00e4che dienen. Sie werden h\u00e4ufig in elektrischen Installationen im Innen- und Au\u00dfenbereich verwendet, um eine ordnungsgem\u00e4\u00dfe Kabelf\u00fchrung zu gew\u00e4hrleisten und zu verhindern, dass Kabel durchh\u00e4ngen oder lose h\u00e4ngen.<\/span><\/p>\n<p><strong><span>Zu den wichtigsten Funktionen und Einsatzm\u00f6glichkeiten von DC-Klebebandclips geh\u00f6ren:<\/span><\/strong><\/p>\n<ol>\n<li><strong><span>Sichern von Gleichstromkabeln:<\/span><\/strong><span>\u00a0Mit Gleichstrombandklemmen werden Gleichstromkabel oder Isolierb\u00e4nder sicher an ihrem Platz gehalten. Sie verhindern, dass sich Kabel bewegen oder verheddern, was zu einem sauberen und organisierten elektrischen System beitr\u00e4gt.<\/span><\/li>\n<li><strong><span>Vermeidung von Sch\u00e4den:<\/span><\/strong><span>\u00a0Durch die Sicherung der Gleichstromkabel tragen die Clips dazu bei, m\u00f6gliche Sch\u00e4den zu vermeiden, die durch Kabelbewegungen oder Umwelteinfl\u00fcsse wie Wind, Regen oder Vibrationen verursacht werden k\u00f6nnen.<\/span><\/li>\n<li><strong><span>Einfache Installation:<\/span><\/strong><span>\u00a0DC-Bandclips sind im Allgemeinen einfach zu installieren und k\u00f6nnen mit Schrauben, N\u00e4geln oder Kleber\u00fccken an verschiedenen Oberfl\u00e4chen wie W\u00e4nden, Decken oder St\u00fctzstrukturen befestigt werden.<\/span><\/li>\n<li><strong><span>Material:<\/span><\/strong><span>\u00a0DC-Bandclips bestehen h\u00e4ufig aus Metall, wie Stahl oder Kupfer, oder aus langlebigen Kunststoffmaterialien, die f\u00fcr Festigkeit und Widerstandsf\u00e4higkeit gegen\u00fcber Umwelteinfl\u00fcssen sorgen.<\/span><\/li>\n<li><strong><span>Anwendung:<\/span><\/strong><span>\u00a0Gleichstrom-Bandklemmen werden in zahlreichen Anwendungen eingesetzt, darunter in elektrischen Systemen von Kraftfahrzeugen, Solarstromanlagen, Batterieb\u00e4nken, elektrischen Schiffssystemen und anderen Gleichstrom-Stromverteilungssystemen.<\/span><\/li>\n<\/ol>\n<p><span>Es ist wichtig, die richtige Gr\u00f6\u00dfe und Art der DC-Bandklemmen basierend auf dem Durchmesser und der Art der zu sichernden Kabel oder B\u00e4nder zu w\u00e4hlen. Die Wahl der richtigen Gr\u00f6\u00dfe gew\u00e4hrleistet einen festen Sitz und eine effektive Kabelf\u00fchrung. Dar\u00fcber hinaus sollte beim Installieren von DC-Bandklemmen darauf geachtet werden, die Kabelisolierung oder die Leiter nicht zu besch\u00e4digen, da dies die elektrische Integrit\u00e4t des Systems beeintr\u00e4chtigen k\u00f6nnte.<\/span><\/p>\n","protected":false},"featured_media":12410,"template":"","meta":[],"product_brand":[],"product_cat":[380],"product_tag":[],"class_list":{"0":"post-12414","1":"product","2":"type-product","3":"status-publish","4":"has-post-thumbnail","6":"product_cat-erdungszubehor","8":"first","9":"instock","10":"shipping-taxable","11":"product-type-simple"},"yoast_head":"<!-- This site is optimized with the Yoast SEO plugin v27.3 - https:\/\/yoast.com\/product\/yoast-seo-wordpress\/ -->\n<title>DC-Bandklammern<\/title>\n<meta name=\"description\" content=\"DC-Bandklammern, Kupferbandklammer, Erdungsstab-zu-Kabel-Klemme, Kupfererdungsklemme, Erdungsverbindungsklemme, Messing-DC-Bandklammern, Leiterklammern, Quadrat-Bandklammern, Blitzschutzklammern, Kupferlegierungs-Bandklammern, Hersteller, Exporteur, Lieferant, Indien.\" \/>\n<meta name=\"robots\" content=\"index, follow, max-snippet:-1, max-image-preview:large, max-video-preview:-1\" \/>\n<link rel=\"canonical\" href=\"https:\/\/conexmetals.com\/de\/produkt\/dc-bandklammern\/\" \/>\n<script type=\"application\/ld+json\" class=\"yoast-schema-graph\">{\"@context\":\"https:\\\/\\\/schema.org\",\"@graph\":[{\"@type\":\"WebPage\",\"@id\":\"https:\\\/\\\/conexmetals.com\\\/de\\\/produkt\\\/dc-bandklammern\\\/\",\"url\":\"https:\\\/\\\/conexmetals.com\\\/de\\\/produkt\\\/dc-bandklammern\\\/\",\"name\":\"DC-Bandklammern\",\"isPartOf\":{\"@id\":\"https:\\\/\\\/conexmetals.com\\\/de\\\/#website\"},\"primaryImageOfPage\":{\"@id\":\"https:\\\/\\\/conexmetals.com\\\/de\\\/produkt\\\/dc-bandklammern\\\/#primaryimage\"},\"image\":{\"@id\":\"https:\\\/\\\/conexmetals.com\\\/de\\\/produkt\\\/dc-bandklammern\\\/#primaryimage\"},\"thumbnailUrl\":\"https:\\\/\\\/conexmetals.com\\\/wp-content\\\/uploads\\\/2024\\\/12\\\/DC-Bandklammern.webp\",\"datePublished\":\"2023-08-18T04:59:06+00:00\",\"dateModified\":\"2024-12-31T11:50:58+00:00\",\"description\":\"DC-Bandklammern, Kupferbandklammer, Erdungsstab-zu-Kabel-Klemme, Kupfererdungsklemme, Erdungsverbindungsklemme, Messing-DC-Bandklammern, Leiterklammern, Quadrat-Bandklammern, Blitzschutzklammern, Kupferlegierungs-Bandklammern, Hersteller, Exporteur, Lieferant, Indien.\",\"breadcrumb\":{\"@id\":\"https:\\\/\\\/conexmetals.com\\\/de\\\/produkt\\\/dc-bandklammern\\\/#breadcrumb\"},\"inLanguage\":\"de\",\"potentialAction\":[{\"@type\":\"ReadAction\",\"target\":[\"https:\\\/\\\/conexmetals.com\\\/de\\\/produkt\\\/dc-bandklammern\\\/\"]}]},{\"@type\":\"ImageObject\",\"inLanguage\":\"de\",\"@id\":\"https:\\\/\\\/conexmetals.com\\\/de\\\/produkt\\\/dc-bandklammern\\\/#primaryimage\",\"url\":\"https:\\\/\\\/conexmetals.com\\\/wp-content\\\/uploads\\\/2024\\\/12\\\/DC-Bandklammern.webp\",\"contentUrl\":\"https:\\\/\\\/conexmetals.com\\\/wp-content\\\/uploads\\\/2024\\\/12\\\/DC-Bandklammern.webp\",\"width\":350,\"height\":350,\"caption\":\"DC-Bandklammern\"},{\"@type\":\"BreadcrumbList\",\"@id\":\"https:\\\/\\\/conexmetals.com\\\/de\\\/produkt\\\/dc-bandklammern\\\/#breadcrumb\",\"itemListElement\":[{\"@type\":\"ListItem\",\"position\":1,\"name\":\"Home\",\"item\":\"https:\\\/\\\/conexmetals.com\\\/de\\\/heim\\\/\"},{\"@type\":\"ListItem\",\"position\":2,\"name\":\"Products\",\"item\":\"https:\\\/\\\/conexmetals.com\\\/products\\\/\"},{\"@type\":\"ListItem\",\"position\":3,\"name\":\"DC-Bandklammern\"}]},{\"@type\":\"WebSite\",\"@id\":\"https:\\\/\\\/conexmetals.com\\\/de\\\/#website\",\"url\":\"https:\\\/\\\/conexmetals.com\\\/de\\\/\",\"name\":\"Conex Metals Brass Fittings Brass Parts Copper Parts Brass Components Brass Plumbing Fittings India\",\"description\":\"Manufacturer of Bronze Fittings casting Copper Brass parts components\",\"publisher\":{\"@id\":\"https:\\\/\\\/conexmetals.com\\\/de\\\/#organization\"},\"potentialAction\":[{\"@type\":\"SearchAction\",\"target\":{\"@type\":\"EntryPoint\",\"urlTemplate\":\"https:\\\/\\\/conexmetals.com\\\/de\\\/?s={search_term_string}\"},\"query-input\":{\"@type\":\"PropertyValueSpecification\",\"valueRequired\":true,\"valueName\":\"search_term_string\"}}],\"inLanguage\":\"de\"},{\"@type\":\"Organization\",\"@id\":\"https:\\\/\\\/conexmetals.com\\\/de\\\/#organization\",\"name\":\"Conex Metals Brass Fittings Brass Parts Copper Parts Brass Components Brass Plumbing Fittings India\",\"url\":\"https:\\\/\\\/conexmetals.com\\\/de\\\/\",\"logo\":{\"@type\":\"ImageObject\",\"inLanguage\":\"de\",\"@id\":\"https:\\\/\\\/conexmetals.com\\\/de\\\/#\\\/schema\\\/logo\\\/image\\\/\",\"url\":\"https:\\\/\\\/conexmetals.com\\\/wp-content\\\/uploads\\\/2024\\\/03\\\/conex-metals-logo.webp\",\"contentUrl\":\"https:\\\/\\\/conexmetals.com\\\/wp-content\\\/uploads\\\/2024\\\/03\\\/conex-metals-logo.webp\",\"width\":300,\"height\":121,\"caption\":\"Conex Metals Brass Fittings Brass Parts Copper Parts Brass Components Brass Plumbing Fittings India\"},\"image\":{\"@id\":\"https:\\\/\\\/conexmetals.com\\\/de\\\/#\\\/schema\\\/logo\\\/image\\\/\"},\"sameAs\":[\"https:\\\/\\\/www.facebook.com\\\/conexbrass\",\"https:\\\/\\\/x.com\\\/conexindia\",\"https:\\\/\\\/www.linkedin.com\\\/company\\\/conex-metals-india\\\/\",\"https:\\\/\\\/www.instagram.com\\\/conexindia\\\/\"]}]}<\/script>\n<!-- \/ Yoast SEO plugin. -->","yoast_head_json":{"title":"DC-Bandklammern","description":"DC-Bandklammern, Kupferbandklammer, Erdungsstab-zu-Kabel-Klemme, Kupfererdungsklemme, Erdungsverbindungsklemme, Messing-DC-Bandklammern, Leiterklammern, Quadrat-Bandklammern, Blitzschutzklammern, Kupferlegierungs-Bandklammern, Hersteller, Exporteur, Lieferant, Indien.","robots":{"index":"index","follow":"follow","max-snippet":"max-snippet:-1","max-image-preview":"max-image-preview:large","max-video-preview":"max-video-preview:-1"},"canonical":"https:\/\/conexmetals.com\/de\/produkt\/dc-bandklammern\/","schema":{"@context":"https:\/\/schema.org","@graph":[{"@type":"WebPage","@id":"https:\/\/conexmetals.com\/de\/produkt\/dc-bandklammern\/","url":"https:\/\/conexmetals.com\/de\/produkt\/dc-bandklammern\/","name":"DC-Bandklammern","isPartOf":{"@id":"https:\/\/conexmetals.com\/de\/#website"},"primaryImageOfPage":{"@id":"https:\/\/conexmetals.com\/de\/produkt\/dc-bandklammern\/#primaryimage"},"image":{"@id":"https:\/\/conexmetals.com\/de\/produkt\/dc-bandklammern\/#primaryimage"},"thumbnailUrl":"https:\/\/conexmetals.com\/wp-content\/uploads\/2024\/12\/DC-Bandklammern.webp","datePublished":"2023-08-18T04:59:06+00:00","dateModified":"2024-12-31T11:50:58+00:00","description":"DC-Bandklammern, Kupferbandklammer, Erdungsstab-zu-Kabel-Klemme, Kupfererdungsklemme, Erdungsverbindungsklemme, Messing-DC-Bandklammern, Leiterklammern, Quadrat-Bandklammern, Blitzschutzklammern, Kupferlegierungs-Bandklammern, Hersteller, Exporteur, Lieferant, Indien.","breadcrumb":{"@id":"https:\/\/conexmetals.com\/de\/produkt\/dc-bandklammern\/#breadcrumb"},"inLanguage":"de","potentialAction":[{"@type":"ReadAction","target":["https:\/\/conexmetals.com\/de\/produkt\/dc-bandklammern\/"]}]},{"@type":"ImageObject","inLanguage":"de","@id":"https:\/\/conexmetals.com\/de\/produkt\/dc-bandklammern\/#primaryimage","url":"https:\/\/conexmetals.com\/wp-content\/uploads\/2024\/12\/DC-Bandklammern.webp","contentUrl":"https:\/\/conexmetals.com\/wp-content\/uploads\/2024\/12\/DC-Bandklammern.webp","width":350,"height":350,"caption":"DC-Bandklammern"},{"@type":"BreadcrumbList","@id":"https:\/\/conexmetals.com\/de\/produkt\/dc-bandklammern\/#breadcrumb","itemListElement":[{"@type":"ListItem","position":1,"name":"Home","item":"https:\/\/conexmetals.com\/de\/heim\/"},{"@type":"ListItem","position":2,"name":"Products","item":"https:\/\/conexmetals.com\/products\/"},{"@type":"ListItem","position":3,"name":"DC-Bandklammern"}]},{"@type":"WebSite","@id":"https:\/\/conexmetals.com\/de\/#website","url":"https:\/\/conexmetals.com\/de\/","name":"Conex Metals Brass Fittings Brass Parts Copper Parts Brass Components Brass Plumbing Fittings India","description":"Manufacturer of Bronze Fittings casting Copper Brass parts components","publisher":{"@id":"https:\/\/conexmetals.com\/de\/#organization"},"potentialAction":[{"@type":"SearchAction","target":{"@type":"EntryPoint","urlTemplate":"https:\/\/conexmetals.com\/de\/?s={search_term_string}"},"query-input":{"@type":"PropertyValueSpecification","valueRequired":true,"valueName":"search_term_string"}}],"inLanguage":"de"},{"@type":"Organization","@id":"https:\/\/conexmetals.com\/de\/#organization","name":"Conex Metals Brass Fittings Brass Parts Copper Parts Brass Components Brass Plumbing Fittings India","url":"https:\/\/conexmetals.com\/de\/","logo":{"@type":"ImageObject","inLanguage":"de","@id":"https:\/\/conexmetals.com\/de\/#\/schema\/logo\/image\/","url":"https:\/\/conexmetals.com\/wp-content\/uploads\/2024\/03\/conex-metals-logo.webp","contentUrl":"https:\/\/conexmetals.com\/wp-content\/uploads\/2024\/03\/conex-metals-logo.webp","width":300,"height":121,"caption":"Conex Metals Brass Fittings Brass Parts Copper Parts Brass Components Brass Plumbing Fittings India"},"image":{"@id":"https:\/\/conexmetals.com\/de\/#\/schema\/logo\/image\/"},"sameAs":["https:\/\/www.facebook.com\/conexbrass","https:\/\/x.com\/conexindia","https:\/\/www.linkedin.com\/company\/conex-metals-india\/","https:\/\/www.instagram.com\/conexindia\/"]}]}},"_links":{"self":[{"href":"https:\/\/conexmetals.com\/de\/wp-json\/wp\/v2\/product\/12414","targetHints":{"allow":["GET"]}}],"collection":[{"href":"https:\/\/conexmetals.com\/de\/wp-json\/wp\/v2\/product"}],"about":[{"href":"https:\/\/conexmetals.com\/de\/wp-json\/wp\/v2\/types\/product"}],"wp:featuredmedia":[{"embeddable":true,"href":"https:\/\/conexmetals.com\/de\/wp-json\/wp\/v2\/media\/12410"}],"wp:attachment":[{"href":"https:\/\/conexmetals.com\/de\/wp-json\/wp\/v2\/media?parent=12414"}],"wp:term":[{"taxonomy":"product_brand","embeddable":true,"href":"https:\/\/conexmetals.com\/de\/wp-json\/wp\/v2\/product_brand?post=12414"},{"taxonomy":"product_cat","embeddable":true,"href":"https:\/\/conexmetals.com\/de\/wp-json\/wp\/v2\/product_cat?post=12414"},{"taxonomy":"product_tag","embeddable":true,"href":"https:\/\/conexmetals.com\/de\/wp-json\/wp\/v2\/product_tag?post=12414"}],"curies":[{"name":"wp","href":"https:\/\/api.w.org\/{rel}","templated":true}]}}