{"id":12423,"date":"2023-08-18T10:33:28","date_gmt":"2023-08-18T05:03:28","guid":{"rendered":"https:\/\/conexmetals.com\/?post_type=product&#038;p=12423"},"modified":"2024-12-31T17:38:45","modified_gmt":"2024-12-31T12:08:45","slug":"erdplatten","status":"publish","type":"product","link":"https:\/\/conexmetals.com\/de\/produkt\/erdplatten\/","title":{"rendered":"Erdplatten"},"content":{"rendered":"","protected":false},"excerpt":{"rendered":"<table id=\"tablepress-335\" class=\"tablepress tablepress-id-335\">\n<caption>\u00a0<\/caption>\n<thead>\n<tr class=\"row-1 odd\">\n<th class=\"column-1\" colspan=\"2\"><strong><span>Erdungsplatten<\/span><\/strong><\/th>\n<\/tr>\n<\/thead>\n<tbody class=\"row-hover\">\n<tr class=\"row-2 even\">\n<td class=\"column-1\"><strong><span>Seriennummer<\/span><\/strong><\/td>\n<td class=\"column-2\"><strong><span>GR\u00d6SSE (A x B x C)<\/span><\/strong><\/td>\n<\/tr>\n<tr class=\"row-3 odd\">\n<td class=\"column-1\"><span>1<\/span><\/td>\n<td class=\"column-2\"><span>600 x 600 x 1,5<\/span><\/td>\n<\/tr>\n<tr class=\"row-4 even\">\n<td class=\"column-1\"><span>2<\/span><\/td>\n<td class=\"column-2\"><span>600 x 600 x 3<\/span><\/td>\n<\/tr>\n<tr class=\"row-5 odd\">\n<td class=\"column-1\"><span>3<\/span><\/td>\n<td class=\"column-2\"><span>600 x 600 x 5<\/span><\/td>\n<\/tr>\n<tr class=\"row-6 even\">\n<td class=\"column-1\"><span>4<\/span><\/td>\n<td class=\"column-2\"><span>500 x 500 x 3<\/span><\/td>\n<\/tr>\n<tr class=\"row-7 odd\">\n<td class=\"column-1\"><span>5<\/span><\/td>\n<td class=\"column-2\"><span>500 x 500 x 5<\/span><\/td>\n<\/tr>\n<tr class=\"row-8 even\">\n<td class=\"column-1\"><span>6<\/span><\/td>\n<td class=\"column-2\"><span>900 x 900 x 3<\/span><\/td>\n<\/tr>\n<tr class=\"row-9 odd\">\n<td class=\"column-1\"><span>7<\/span><\/td>\n<td class=\"column-2\"><span>900 x 900 x 5<\/span><\/td>\n<\/tr>\n<tr class=\"row-10 even\">\n<td class=\"column-1\"><span>8<\/span><\/td>\n<td class=\"column-2\"><span>1000 x 1000 x 3<\/span><\/td>\n<\/tr>\n<tr class=\"row-11 odd\">\n<td class=\"column-1\"><span>9<\/span><\/td>\n<td class=\"column-2\"><span>1000 x 1000 x 5<\/span><\/td>\n<\/tr>\n<\/tbody>\n<\/table>\n<p><img fetchpriority=\"high\" decoding=\"async\" class=\"size-medium wp-image-6704 alignright lazy loaded\" src=\"https:\/\/conexmetals.com\/wp-content\/uploads\/2023\/08\/Threaded-Studs-line-drawing-300x300.jpg\" alt=\"Strichzeichnung von Gewindebolzen\" width=\"300\" height=\"300\" data-src=\"https:\/\/conexmetals.com\/wp-content\/uploads\/2023\/08\/Threaded-Studs-line-drawing-300x300.jpg\" data-was-processed=\"true\" srcset=\"https:\/\/conexmetals.com\/wp-content\/uploads\/2023\/08\/Threaded-Studs-line-drawing-300x300.jpg 300w, https:\/\/conexmetals.com\/wp-content\/uploads\/2023\/08\/Threaded-Studs-line-drawing-150x150.jpg 150w, https:\/\/conexmetals.com\/wp-content\/uploads\/2023\/08\/Threaded-Studs-line-drawing-100x100.jpg 100w, https:\/\/conexmetals.com\/wp-content\/uploads\/2023\/08\/Threaded-Studs-line-drawing.jpg 355w\" sizes=\"(max-width: 300px) 100vw, 300px\" \/><span>Erdungsplatten, auch Erdungsplatten oder Erdungselektroden genannt, sind Komponenten, die in Erdungssystemen verwendet werden, um eine elektrische Verbindung mit geringem Widerstand zur Erde herzustellen. Sie werden in den Boden eingegraben und dienen als Schnittstelle zwischen dem elektrischen System oder Ger\u00e4t und der leitf\u00e4higen Oberfl\u00e4che der Erde.<\/span><\/p>\n<p><span>Zu den wichtigsten Merkmalen und Einsatzm\u00f6glichkeiten von Erdplatten geh\u00f6ren:<\/span><\/p>\n<ol>\n<li><strong><span>Material:<\/span><\/strong><span>\u00a0Erdungsplatten bestehen normalerweise aus Metall, beispielsweise Kupfer oder verzinktem Stahl, um eine gute elektrische Leitf\u00e4higkeit und Korrosionsbest\u00e4ndigkeit zu gew\u00e4hrleisten.<\/span><\/li>\n<li><strong><span>Vergraben:<\/span><\/strong><span>\u00a0Erdungsplatten werden in den Boden vergraben, sodass sie in direktem Kontakt mit dem Erdboden stehen. Die Vergrabungstiefe kann je nach \u00f6rtlichen Elektrovorschriften und Bodenbeschaffenheit variieren.<\/span><\/li>\n<li><strong><span>Erdungssystem:<\/span><\/strong><span>\u00a0Erdungsplatten sind ein integraler Bestandteil von Erdungssystemen, die vor elektrischen Fehlern, Blitzeinschl\u00e4gen und statischer Aufladung sch\u00fctzen sollen.<\/span><\/li>\n<li><strong><span>Anschluss:<\/span><\/strong><span>\u00a0Der Erdungsleiter der elektrischen Anlage oder des Ger\u00e4tes wird \u00fcber ein Erdungskabel oder -draht mit der Erdungsplatte verbunden, wodurch eine zuverl\u00e4ssige elektrische Verbindung mit der Erde hergestellt wird.<\/span><\/li>\n<li><strong><span>Gr\u00f6\u00dfe<\/span><\/strong><span>\u00a0: Die Gr\u00f6\u00dfe der Erdungsplatte wird durch Faktoren wie den zu erwartenden Fehlerstrom, den Bodenwiderstand und die spezifischen Anforderungen des Erdungssystems bestimmt.<\/span><\/li>\n<li><strong><span>Erdungswiderstand:<\/span><\/strong><span>\u00a0Erdungsplatten spielen eine wichtige Rolle bei der Bestimmung des gesamten Erdungswiderstands des Erdungssystems. Ein geringerer Erdungswiderstand tr\u00e4gt dazu bei, Fehlerstr\u00f6me und Blitzeinschl\u00e4ge effektiv abzuleiten.<\/span><\/li>\n<li><strong><span>Blitzschutz<\/span><\/strong><span>\u00a0: Erdungssysteme mit Erdungsplatten dienen in Blitzschutzsystemen nicht nur dazu, einen sicheren Pfad f\u00fcr Fehlerstr\u00f6me bereitzustellen, sondern auch dazu, Blitzstr\u00f6me sicher in die Erde abzuleiten.<\/span><\/li>\n<\/ol>\n<p><span>Erdungsplatten werden h\u00e4ufig in verschiedenen elektrischen Anwendungen verwendet, darunter im Wohn-, Gewerbe- und Industriebereich. Sie finden sich in Erdungssystemen f\u00fcr Schalttafeln, Umspannwerke, Transformatoren, Blitzschutzsysteme, Telekommunikationsger\u00e4te und mehr.<\/span><\/p>\n","protected":false},"featured_media":12419,"template":"","meta":[],"product_brand":[],"product_cat":[380],"product_tag":[],"class_list":{"0":"post-12423","1":"product","2":"type-product","3":"status-publish","4":"has-post-thumbnail","6":"product_cat-erdungszubehor","8":"first","9":"instock","10":"shipping-taxable","11":"product-type-simple"},"yoast_head":"<!-- This site is optimized with the Yoast SEO plugin v27.3 - https:\/\/yoast.com\/product\/yoast-seo-wordpress\/ -->\n<title>Erdplatten<\/title>\n<meta name=\"description\" content=\"Conex Metals bietet hochwertige Kupfer-Erdplatten, die von Herstellern, Exporteuren und Lieferanten gesch\u00e4tzt werden. Unsere Produkte gew\u00e4hrleisten zuverl\u00e4ssige Erdungsl\u00f6sungen. F\u00fchrender Hersteller, Exporteur und Lieferant aus Indien.\" \/>\n<meta name=\"robots\" content=\"index, follow, max-snippet:-1, max-image-preview:large, max-video-preview:-1\" \/>\n<link rel=\"canonical\" href=\"https:\/\/conexmetals.com\/de\/produkt\/erdplatten\/\" \/>\n<script type=\"application\/ld+json\" class=\"yoast-schema-graph\">{\"@context\":\"https:\\\/\\\/schema.org\",\"@graph\":[{\"@type\":\"WebPage\",\"@id\":\"https:\\\/\\\/conexmetals.com\\\/de\\\/produkt\\\/erdplatten\\\/\",\"url\":\"https:\\\/\\\/conexmetals.com\\\/de\\\/produkt\\\/erdplatten\\\/\",\"name\":\"Erdplatten\",\"isPartOf\":{\"@id\":\"https:\\\/\\\/conexmetals.com\\\/de\\\/#website\"},\"primaryImageOfPage\":{\"@id\":\"https:\\\/\\\/conexmetals.com\\\/de\\\/produkt\\\/erdplatten\\\/#primaryimage\"},\"image\":{\"@id\":\"https:\\\/\\\/conexmetals.com\\\/de\\\/produkt\\\/erdplatten\\\/#primaryimage\"},\"thumbnailUrl\":\"https:\\\/\\\/conexmetals.com\\\/wp-content\\\/uploads\\\/2024\\\/12\\\/Erdplatten.webp\",\"datePublished\":\"2023-08-18T05:03:28+00:00\",\"dateModified\":\"2024-12-31T12:08:45+00:00\",\"description\":\"Conex Metals bietet hochwertige Kupfer-Erdplatten, die von Herstellern, Exporteuren und Lieferanten gesch\u00e4tzt werden. Unsere Produkte gew\u00e4hrleisten zuverl\u00e4ssige Erdungsl\u00f6sungen. F\u00fchrender Hersteller, Exporteur und Lieferant aus Indien.\",\"breadcrumb\":{\"@id\":\"https:\\\/\\\/conexmetals.com\\\/de\\\/produkt\\\/erdplatten\\\/#breadcrumb\"},\"inLanguage\":\"de\",\"potentialAction\":[{\"@type\":\"ReadAction\",\"target\":[\"https:\\\/\\\/conexmetals.com\\\/de\\\/produkt\\\/erdplatten\\\/\"]}]},{\"@type\":\"ImageObject\",\"inLanguage\":\"de\",\"@id\":\"https:\\\/\\\/conexmetals.com\\\/de\\\/produkt\\\/erdplatten\\\/#primaryimage\",\"url\":\"https:\\\/\\\/conexmetals.com\\\/wp-content\\\/uploads\\\/2024\\\/12\\\/Erdplatten.webp\",\"contentUrl\":\"https:\\\/\\\/conexmetals.com\\\/wp-content\\\/uploads\\\/2024\\\/12\\\/Erdplatten.webp\",\"width\":350,\"height\":350,\"caption\":\"Erdplatten\"},{\"@type\":\"BreadcrumbList\",\"@id\":\"https:\\\/\\\/conexmetals.com\\\/de\\\/produkt\\\/erdplatten\\\/#breadcrumb\",\"itemListElement\":[{\"@type\":\"ListItem\",\"position\":1,\"name\":\"Home\",\"item\":\"https:\\\/\\\/conexmetals.com\\\/de\\\/heim\\\/\"},{\"@type\":\"ListItem\",\"position\":2,\"name\":\"Products\",\"item\":\"https:\\\/\\\/conexmetals.com\\\/products\\\/\"},{\"@type\":\"ListItem\",\"position\":3,\"name\":\"Erdplatten\"}]},{\"@type\":\"WebSite\",\"@id\":\"https:\\\/\\\/conexmetals.com\\\/de\\\/#website\",\"url\":\"https:\\\/\\\/conexmetals.com\\\/de\\\/\",\"name\":\"Conex Metals Brass Fittings Brass Parts Copper Parts Brass Components Brass Plumbing Fittings India\",\"description\":\"Manufacturer of Bronze Fittings casting Copper Brass parts components\",\"publisher\":{\"@id\":\"https:\\\/\\\/conexmetals.com\\\/de\\\/#organization\"},\"potentialAction\":[{\"@type\":\"SearchAction\",\"target\":{\"@type\":\"EntryPoint\",\"urlTemplate\":\"https:\\\/\\\/conexmetals.com\\\/de\\\/?s={search_term_string}\"},\"query-input\":{\"@type\":\"PropertyValueSpecification\",\"valueRequired\":true,\"valueName\":\"search_term_string\"}}],\"inLanguage\":\"de\"},{\"@type\":\"Organization\",\"@id\":\"https:\\\/\\\/conexmetals.com\\\/de\\\/#organization\",\"name\":\"Conex Metals Brass Fittings Brass Parts Copper Parts Brass Components Brass Plumbing Fittings India\",\"url\":\"https:\\\/\\\/conexmetals.com\\\/de\\\/\",\"logo\":{\"@type\":\"ImageObject\",\"inLanguage\":\"de\",\"@id\":\"https:\\\/\\\/conexmetals.com\\\/de\\\/#\\\/schema\\\/logo\\\/image\\\/\",\"url\":\"https:\\\/\\\/conexmetals.com\\\/wp-content\\\/uploads\\\/2024\\\/03\\\/conex-metals-logo.webp\",\"contentUrl\":\"https:\\\/\\\/conexmetals.com\\\/wp-content\\\/uploads\\\/2024\\\/03\\\/conex-metals-logo.webp\",\"width\":300,\"height\":121,\"caption\":\"Conex Metals Brass Fittings Brass Parts Copper Parts Brass Components Brass Plumbing Fittings India\"},\"image\":{\"@id\":\"https:\\\/\\\/conexmetals.com\\\/de\\\/#\\\/schema\\\/logo\\\/image\\\/\"},\"sameAs\":[\"https:\\\/\\\/www.facebook.com\\\/conexbrass\",\"https:\\\/\\\/x.com\\\/conexindia\",\"https:\\\/\\\/www.linkedin.com\\\/company\\\/conex-metals-india\\\/\",\"https:\\\/\\\/www.instagram.com\\\/conexindia\\\/\"]}]}<\/script>\n<!-- \/ Yoast SEO plugin. -->","yoast_head_json":{"title":"Erdplatten","description":"Conex Metals bietet hochwertige Kupfer-Erdplatten, die von Herstellern, Exporteuren und Lieferanten gesch\u00e4tzt werden. Unsere Produkte gew\u00e4hrleisten zuverl\u00e4ssige Erdungsl\u00f6sungen. F\u00fchrender Hersteller, Exporteur und Lieferant aus Indien.","robots":{"index":"index","follow":"follow","max-snippet":"max-snippet:-1","max-image-preview":"max-image-preview:large","max-video-preview":"max-video-preview:-1"},"canonical":"https:\/\/conexmetals.com\/de\/produkt\/erdplatten\/","schema":{"@context":"https:\/\/schema.org","@graph":[{"@type":"WebPage","@id":"https:\/\/conexmetals.com\/de\/produkt\/erdplatten\/","url":"https:\/\/conexmetals.com\/de\/produkt\/erdplatten\/","name":"Erdplatten","isPartOf":{"@id":"https:\/\/conexmetals.com\/de\/#website"},"primaryImageOfPage":{"@id":"https:\/\/conexmetals.com\/de\/produkt\/erdplatten\/#primaryimage"},"image":{"@id":"https:\/\/conexmetals.com\/de\/produkt\/erdplatten\/#primaryimage"},"thumbnailUrl":"https:\/\/conexmetals.com\/wp-content\/uploads\/2024\/12\/Erdplatten.webp","datePublished":"2023-08-18T05:03:28+00:00","dateModified":"2024-12-31T12:08:45+00:00","description":"Conex Metals bietet hochwertige Kupfer-Erdplatten, die von Herstellern, Exporteuren und Lieferanten gesch\u00e4tzt werden. Unsere Produkte gew\u00e4hrleisten zuverl\u00e4ssige Erdungsl\u00f6sungen. F\u00fchrender Hersteller, Exporteur und Lieferant aus Indien.","breadcrumb":{"@id":"https:\/\/conexmetals.com\/de\/produkt\/erdplatten\/#breadcrumb"},"inLanguage":"de","potentialAction":[{"@type":"ReadAction","target":["https:\/\/conexmetals.com\/de\/produkt\/erdplatten\/"]}]},{"@type":"ImageObject","inLanguage":"de","@id":"https:\/\/conexmetals.com\/de\/produkt\/erdplatten\/#primaryimage","url":"https:\/\/conexmetals.com\/wp-content\/uploads\/2024\/12\/Erdplatten.webp","contentUrl":"https:\/\/conexmetals.com\/wp-content\/uploads\/2024\/12\/Erdplatten.webp","width":350,"height":350,"caption":"Erdplatten"},{"@type":"BreadcrumbList","@id":"https:\/\/conexmetals.com\/de\/produkt\/erdplatten\/#breadcrumb","itemListElement":[{"@type":"ListItem","position":1,"name":"Home","item":"https:\/\/conexmetals.com\/de\/heim\/"},{"@type":"ListItem","position":2,"name":"Products","item":"https:\/\/conexmetals.com\/products\/"},{"@type":"ListItem","position":3,"name":"Erdplatten"}]},{"@type":"WebSite","@id":"https:\/\/conexmetals.com\/de\/#website","url":"https:\/\/conexmetals.com\/de\/","name":"Conex Metals Brass Fittings Brass Parts Copper Parts Brass Components Brass Plumbing Fittings India","description":"Manufacturer of Bronze Fittings casting Copper Brass parts components","publisher":{"@id":"https:\/\/conexmetals.com\/de\/#organization"},"potentialAction":[{"@type":"SearchAction","target":{"@type":"EntryPoint","urlTemplate":"https:\/\/conexmetals.com\/de\/?s={search_term_string}"},"query-input":{"@type":"PropertyValueSpecification","valueRequired":true,"valueName":"search_term_string"}}],"inLanguage":"de"},{"@type":"Organization","@id":"https:\/\/conexmetals.com\/de\/#organization","name":"Conex Metals Brass Fittings Brass Parts Copper Parts Brass Components Brass Plumbing Fittings India","url":"https:\/\/conexmetals.com\/de\/","logo":{"@type":"ImageObject","inLanguage":"de","@id":"https:\/\/conexmetals.com\/de\/#\/schema\/logo\/image\/","url":"https:\/\/conexmetals.com\/wp-content\/uploads\/2024\/03\/conex-metals-logo.webp","contentUrl":"https:\/\/conexmetals.com\/wp-content\/uploads\/2024\/03\/conex-metals-logo.webp","width":300,"height":121,"caption":"Conex Metals Brass Fittings Brass Parts Copper Parts Brass Components Brass Plumbing Fittings India"},"image":{"@id":"https:\/\/conexmetals.com\/de\/#\/schema\/logo\/image\/"},"sameAs":["https:\/\/www.facebook.com\/conexbrass","https:\/\/x.com\/conexindia","https:\/\/www.linkedin.com\/company\/conex-metals-india\/","https:\/\/www.instagram.com\/conexindia\/"]}]}},"_links":{"self":[{"href":"https:\/\/conexmetals.com\/de\/wp-json\/wp\/v2\/product\/12423","targetHints":{"allow":["GET"]}}],"collection":[{"href":"https:\/\/conexmetals.com\/de\/wp-json\/wp\/v2\/product"}],"about":[{"href":"https:\/\/conexmetals.com\/de\/wp-json\/wp\/v2\/types\/product"}],"wp:featuredmedia":[{"embeddable":true,"href":"https:\/\/conexmetals.com\/de\/wp-json\/wp\/v2\/media\/12419"}],"wp:attachment":[{"href":"https:\/\/conexmetals.com\/de\/wp-json\/wp\/v2\/media?parent=12423"}],"wp:term":[{"taxonomy":"product_brand","embeddable":true,"href":"https:\/\/conexmetals.com\/de\/wp-json\/wp\/v2\/product_brand?post=12423"},{"taxonomy":"product_cat","embeddable":true,"href":"https:\/\/conexmetals.com\/de\/wp-json\/wp\/v2\/product_cat?post=12423"},{"taxonomy":"product_tag","embeddable":true,"href":"https:\/\/conexmetals.com\/de\/wp-json\/wp\/v2\/product_tag?post=12423"}],"curies":[{"name":"wp","href":"https:\/\/api.w.org\/{rel}","templated":true}]}}