{"id":12586,"date":"2023-08-18T10:35:20","date_gmt":"2023-08-18T05:05:20","guid":{"rendered":"https:\/\/conexmetals.com\/?post_type=product&#038;p=12586"},"modified":"2025-01-02T15:13:29","modified_gmt":"2025-01-02T09:43:29","slug":"erdungspunkte","status":"publish","type":"product","link":"https:\/\/conexmetals.com\/de\/produkt\/erdungspunkte\/","title":{"rendered":"Erdungspunkte"},"content":{"rendered":"","protected":false},"excerpt":{"rendered":"<table id=\"tablepress-336\" class=\"tablepress tablepress-id-336\">\n<caption>\u00a0<\/caption>\n<thead>\n<tr class=\"row-1 odd\">\n<th class=\"column-1\" colspan=\"7\"><strong><span>Erdungspunkt<\/span><\/strong><\/th>\n<\/tr>\n<\/thead>\n<tbody class=\"row-hover\">\n<tr class=\"row-2 even\">\n<td class=\"column-1\"><strong><span>Seriennummer<\/span><\/strong><\/td>\n<td class=\"column-2\"><strong><span>Anzahl der L\u00f6cher<\/span><\/strong><\/td>\n<td class=\"column-3\"><strong><span>Lochgr\u00f6\u00dfe<\/span><\/strong><\/td>\n<td class=\"column-4\"><strong><span>Plattengr\u00f6\u00dfe<\/span><\/strong><\/td>\n<td class=\"column-5\"><strong><span>Schaft \u00f8<\/span><\/strong><\/td>\n<td class=\"column-6\"><strong><span>Erdungsbindungsl\u00e4nge<\/span><\/strong><\/td>\n<td class=\"column-7\"><strong><span>St\u00fcckgewicht<\/span><\/strong><\/td>\n<\/tr>\n<tr class=\"row-3 odd\">\n<td class=\"column-1\"><span>1<\/span><\/td>\n<td class=\"column-2\"><span>1<\/span><\/td>\n<td class=\"column-3\"><span>M10 x 20 mm<\/span><\/td>\n<td class=\"column-4\"><span>38 mm x 38 mm<\/span><\/td>\n<td class=\"column-5\"><span>10,7 mm (70 mm\u00b2)<\/span><\/td>\n<td class=\"column-6\"><span>75 mm<\/span><\/td>\n<td class=\"column-7\"><span>0,16 kg<\/span><\/td>\n<\/tr>\n<tr class=\"row-4 even\">\n<td class=\"column-1\"><span>2<\/span><\/td>\n<td class=\"column-2\"><span>2<\/span><\/td>\n<td class=\"column-3\"><span>M10 x 20 mm<\/span><\/td>\n<td class=\"column-4\"><span>70mm x 35mm<\/span><\/td>\n<td class=\"column-5\"><span>10,7 mm (70 mm\u00b2)<\/span><\/td>\n<td class=\"column-6\"><span>75 mm<\/span><\/td>\n<td class=\"column-7\"><span>0,29 kg<\/span><\/td>\n<\/tr>\n<tr class=\"row-5 odd\">\n<td class=\"column-1\"><span>3<\/span><\/td>\n<td class=\"column-2\"><span>4<\/span><\/td>\n<td class=\"column-3\"><span>M10 x 20 mm<\/span><\/td>\n<td class=\"column-4\"><span>65 mm x 65 mm<\/span><\/td>\n<td class=\"column-5\"><span>10,7 mm (70 mm\u00b2)<\/span><\/td>\n<td class=\"column-6\"><span>75 mm<\/span><\/td>\n<td class=\"column-7\"><span>0,54 kg<\/span><\/td>\n<\/tr>\n<\/tbody>\n<\/table>\n<p><img fetchpriority=\"high\" decoding=\"async\" class=\"size-medium wp-image-6712 alignleft lazy loaded\" src=\"https:\/\/conexmetals.com\/wp-content\/uploads\/2023\/08\/earth-point-2-1-300x300.jpg\" alt=\"Erdungspunkt 2\" width=\"300\" height=\"300\" data-src=\"https:\/\/conexmetals.com\/wp-content\/uploads\/2023\/08\/earth-point-2-1-300x300.jpg\" data-was-processed=\"true\" srcset=\"https:\/\/conexmetals.com\/wp-content\/uploads\/2023\/08\/earth-point-2-1-300x300.jpg 300w, https:\/\/conexmetals.com\/wp-content\/uploads\/2023\/08\/earth-point-2-1-150x150.jpg 150w, https:\/\/conexmetals.com\/wp-content\/uploads\/2023\/08\/earth-point-2-1-100x100.jpg 100w, https:\/\/conexmetals.com\/wp-content\/uploads\/2023\/08\/earth-point-2-1.jpg 350w\" sizes=\"(max-width: 300px) 100vw, 300px\" \/><span>Erdungspunkte, auch Erdungspunkte oder Erdungspunkte genannt, sind bestimmte Stellen in einem elektrischen oder elektronischen System, an denen eine zuverl\u00e4ssige Verbindung mit der Erde hergestellt wird, um die elektrische Sicherheit zu gew\u00e4hrleisten und vor elektrischen Gefahren zu sch\u00fctzen. Erdungspunkte sind ein integraler Bestandteil von Erdungs- und Erdungssystemen, die eine entscheidende Rolle bei der Aufrechterhaltung der elektrischen Sicherheit und der Vermeidung elektrischer Fehler spielen.<\/span><\/p>\n<p><span>Zu den Hauptmerkmalen und Einsatzm\u00f6glichkeiten von Erdungspunkten geh\u00f6ren:<\/span><\/p>\n<ol>\n<li><span>Sicherheit: Erdungspunkte bieten einen Pfad mit geringem Widerstand f\u00fcr den Abfluss von Fehlerstr\u00f6men zur Erde. Sie stellen sicher, dass elektrische Ger\u00e4te und leitf\u00e4hige Oberfl\u00e4chen auf dem gleichen Potenzial bleiben, wodurch das Risiko eines Stromschlags verringert wird.<\/span><\/li>\n<li><span>Erdungselektroden: Erdungspunkte werden mit Erdungselektroden wie Erdungsst\u00e4ben, Erdungsplatten oder Erdungsgittern verbunden, die im Boden vergraben werden, um ein solides Erdungssystem zu schaffen.<\/span><\/li>\n<li><span>Elektrische Systeme: Erdungspunkte werden in verschiedenen elektrischen Systemen verwendet, darunter Stromverteilungssysteme, Schalttafeln, Umspannwerke, Ger\u00e4tegeh\u00e4use und elektronische Schaltkreise.<\/span><\/li>\n<li><span>Blitzschutz: In Blitzschutzsystemen dienen Erdungspunkte dazu, Blitzstr\u00f6me sicher in den Boden abzuleiten und so Sch\u00e4den an Geb\u00e4uden und Bauwerken zu verhindern.<\/span><\/li>\n<li><span>Verbinden und Ausgleichen: Erdungspunkte dienen zum Verbinden und Ausgleichen verschiedener Metallkomponenten. Sie stellen sicher, dass diese auf dem gleichen elektrischen Potenzial bleiben und so Potenzialunterschiede vermieden werden.<\/span><\/li>\n<li><span>Telekommunikations- und Datensysteme: In Telekommunikations- und Dateninstallationen werden Erdungspunkte verwendet, um eine Referenzerde bereitzustellen und das Risiko elektromagnetischer St\u00f6rungen zu verringern.<\/span><\/li>\n<li><span>Sachgem\u00e4\u00dfe Installation: Die Wirksamkeit von Erdungspunkten h\u00e4ngt von einer ordnungsgem\u00e4\u00dfen Installation ab. Dazu geh\u00f6rt die Verwendung geeigneter Erdungselektroden und -leiter, ordnungsgem\u00e4\u00dfe Anschl\u00fcsse und die Einhaltung der elektrischen Vorschriften und Bestimmungen.<\/span><\/li>\n<li><span>Inspektion und Wartung: Eine regelm\u00e4\u00dfige Inspektion und Wartung der Erdungspunkte ist unerl\u00e4sslich, um ihre anhaltende Wirksamkeit und elektrische Sicherheit sicherzustellen.<\/span><\/li>\n<\/ol>\n<p><span>Erdungspunkte werden an strategischen Standorten eingerichtet, um die Effizienz des Erdungssystems zu optimieren und eine robuste elektrische Verbindung mit der Erde zu gew\u00e4hrleisten. Die Anzahl und Platzierung der Erdungspunkte h\u00e4ngt von der spezifischen Anwendung, der Gr\u00f6\u00dfe der Anlage, dem erforderlichen Ma\u00df an elektrischer Sicherheit und den \u00f6rtlichen elektrischen Vorschriften und Standards ab.<\/span><\/p>\n","protected":false},"featured_media":12510,"template":"","meta":[],"product_brand":[],"product_cat":[380],"product_tag":[],"class_list":{"0":"post-12586","1":"product","2":"type-product","3":"status-publish","4":"has-post-thumbnail","6":"product_cat-erdungszubehor","8":"first","9":"instock","10":"shipping-taxable","11":"product-type-simple"},"yoast_head":"<!-- This site is optimized with the Yoast SEO plugin v27.3 - https:\/\/yoast.com\/product\/yoast-seo-wordpress\/ -->\n<title>Erdungspunkte<\/title>\n<meta name=\"description\" content=\"Entdecken Sie die Erdungspunkte, Erdungsklemmen und Erdungsst\u00e4be von Conex Metals. Unsere elektrischen Erdungsklemmen und Erdungs-Bonding-Kabel sorgen f\u00fcr sichere Erdungsverbindungspunkte. Zuverl\u00e4ssiger Hersteller, Exporteur und Lieferant aus Indien.\" \/>\n<meta name=\"robots\" content=\"index, follow, max-snippet:-1, max-image-preview:large, max-video-preview:-1\" \/>\n<link rel=\"canonical\" href=\"https:\/\/conexmetals.com\/de\/produkt\/erdungspunkte\/\" \/>\n<script type=\"application\/ld+json\" class=\"yoast-schema-graph\">{\"@context\":\"https:\\\/\\\/schema.org\",\"@graph\":[{\"@type\":\"WebPage\",\"@id\":\"https:\\\/\\\/conexmetals.com\\\/de\\\/produkt\\\/erdungspunkte\\\/\",\"url\":\"https:\\\/\\\/conexmetals.com\\\/de\\\/produkt\\\/erdungspunkte\\\/\",\"name\":\"Erdungspunkte\",\"isPartOf\":{\"@id\":\"https:\\\/\\\/conexmetals.com\\\/de\\\/#website\"},\"primaryImageOfPage\":{\"@id\":\"https:\\\/\\\/conexmetals.com\\\/de\\\/produkt\\\/erdungspunkte\\\/#primaryimage\"},\"image\":{\"@id\":\"https:\\\/\\\/conexmetals.com\\\/de\\\/produkt\\\/erdungspunkte\\\/#primaryimage\"},\"thumbnailUrl\":\"https:\\\/\\\/conexmetals.com\\\/wp-content\\\/uploads\\\/2025\\\/01\\\/Erdungspunkte.webp\",\"datePublished\":\"2023-08-18T05:05:20+00:00\",\"dateModified\":\"2025-01-02T09:43:29+00:00\",\"description\":\"Entdecken Sie die Erdungspunkte, Erdungsklemmen und Erdungsst\u00e4be von Conex Metals. Unsere elektrischen Erdungsklemmen und Erdungs-Bonding-Kabel sorgen f\u00fcr sichere Erdungsverbindungspunkte. Zuverl\u00e4ssiger Hersteller, Exporteur und Lieferant aus Indien.\",\"breadcrumb\":{\"@id\":\"https:\\\/\\\/conexmetals.com\\\/de\\\/produkt\\\/erdungspunkte\\\/#breadcrumb\"},\"inLanguage\":\"de\",\"potentialAction\":[{\"@type\":\"ReadAction\",\"target\":[\"https:\\\/\\\/conexmetals.com\\\/de\\\/produkt\\\/erdungspunkte\\\/\"]}]},{\"@type\":\"ImageObject\",\"inLanguage\":\"de\",\"@id\":\"https:\\\/\\\/conexmetals.com\\\/de\\\/produkt\\\/erdungspunkte\\\/#primaryimage\",\"url\":\"https:\\\/\\\/conexmetals.com\\\/wp-content\\\/uploads\\\/2025\\\/01\\\/Erdungspunkte.webp\",\"contentUrl\":\"https:\\\/\\\/conexmetals.com\\\/wp-content\\\/uploads\\\/2025\\\/01\\\/Erdungspunkte.webp\",\"width\":350,\"height\":350,\"caption\":\"Erdungspunkte\"},{\"@type\":\"BreadcrumbList\",\"@id\":\"https:\\\/\\\/conexmetals.com\\\/de\\\/produkt\\\/erdungspunkte\\\/#breadcrumb\",\"itemListElement\":[{\"@type\":\"ListItem\",\"position\":1,\"name\":\"Home\",\"item\":\"https:\\\/\\\/conexmetals.com\\\/de\\\/heim\\\/\"},{\"@type\":\"ListItem\",\"position\":2,\"name\":\"Products\",\"item\":\"https:\\\/\\\/conexmetals.com\\\/products\\\/\"},{\"@type\":\"ListItem\",\"position\":3,\"name\":\"Erdungspunkte\"}]},{\"@type\":\"WebSite\",\"@id\":\"https:\\\/\\\/conexmetals.com\\\/de\\\/#website\",\"url\":\"https:\\\/\\\/conexmetals.com\\\/de\\\/\",\"name\":\"Conex Metals Brass Fittings Brass Parts Copper Parts Brass Components Brass Plumbing Fittings India\",\"description\":\"Manufacturer of Bronze Fittings casting Copper Brass parts components\",\"publisher\":{\"@id\":\"https:\\\/\\\/conexmetals.com\\\/de\\\/#organization\"},\"potentialAction\":[{\"@type\":\"SearchAction\",\"target\":{\"@type\":\"EntryPoint\",\"urlTemplate\":\"https:\\\/\\\/conexmetals.com\\\/de\\\/?s={search_term_string}\"},\"query-input\":{\"@type\":\"PropertyValueSpecification\",\"valueRequired\":true,\"valueName\":\"search_term_string\"}}],\"inLanguage\":\"de\"},{\"@type\":\"Organization\",\"@id\":\"https:\\\/\\\/conexmetals.com\\\/de\\\/#organization\",\"name\":\"Conex Metals Brass Fittings Brass Parts Copper Parts Brass Components Brass Plumbing Fittings India\",\"url\":\"https:\\\/\\\/conexmetals.com\\\/de\\\/\",\"logo\":{\"@type\":\"ImageObject\",\"inLanguage\":\"de\",\"@id\":\"https:\\\/\\\/conexmetals.com\\\/de\\\/#\\\/schema\\\/logo\\\/image\\\/\",\"url\":\"https:\\\/\\\/conexmetals.com\\\/wp-content\\\/uploads\\\/2024\\\/03\\\/conex-metals-logo.webp\",\"contentUrl\":\"https:\\\/\\\/conexmetals.com\\\/wp-content\\\/uploads\\\/2024\\\/03\\\/conex-metals-logo.webp\",\"width\":300,\"height\":121,\"caption\":\"Conex Metals Brass Fittings Brass Parts Copper Parts Brass Components Brass Plumbing Fittings India\"},\"image\":{\"@id\":\"https:\\\/\\\/conexmetals.com\\\/de\\\/#\\\/schema\\\/logo\\\/image\\\/\"},\"sameAs\":[\"https:\\\/\\\/www.facebook.com\\\/conexbrass\",\"https:\\\/\\\/x.com\\\/conexindia\",\"https:\\\/\\\/www.linkedin.com\\\/company\\\/conex-metals-india\\\/\",\"https:\\\/\\\/www.instagram.com\\\/conexindia\\\/\"]}]}<\/script>\n<!-- \/ Yoast SEO plugin. -->","yoast_head_json":{"title":"Erdungspunkte","description":"Entdecken Sie die Erdungspunkte, Erdungsklemmen und Erdungsst\u00e4be von Conex Metals. Unsere elektrischen Erdungsklemmen und Erdungs-Bonding-Kabel sorgen f\u00fcr sichere Erdungsverbindungspunkte. Zuverl\u00e4ssiger Hersteller, Exporteur und Lieferant aus Indien.","robots":{"index":"index","follow":"follow","max-snippet":"max-snippet:-1","max-image-preview":"max-image-preview:large","max-video-preview":"max-video-preview:-1"},"canonical":"https:\/\/conexmetals.com\/de\/produkt\/erdungspunkte\/","schema":{"@context":"https:\/\/schema.org","@graph":[{"@type":"WebPage","@id":"https:\/\/conexmetals.com\/de\/produkt\/erdungspunkte\/","url":"https:\/\/conexmetals.com\/de\/produkt\/erdungspunkte\/","name":"Erdungspunkte","isPartOf":{"@id":"https:\/\/conexmetals.com\/de\/#website"},"primaryImageOfPage":{"@id":"https:\/\/conexmetals.com\/de\/produkt\/erdungspunkte\/#primaryimage"},"image":{"@id":"https:\/\/conexmetals.com\/de\/produkt\/erdungspunkte\/#primaryimage"},"thumbnailUrl":"https:\/\/conexmetals.com\/wp-content\/uploads\/2025\/01\/Erdungspunkte.webp","datePublished":"2023-08-18T05:05:20+00:00","dateModified":"2025-01-02T09:43:29+00:00","description":"Entdecken Sie die Erdungspunkte, Erdungsklemmen und Erdungsst\u00e4be von Conex Metals. Unsere elektrischen Erdungsklemmen und Erdungs-Bonding-Kabel sorgen f\u00fcr sichere Erdungsverbindungspunkte. Zuverl\u00e4ssiger Hersteller, Exporteur und Lieferant aus Indien.","breadcrumb":{"@id":"https:\/\/conexmetals.com\/de\/produkt\/erdungspunkte\/#breadcrumb"},"inLanguage":"de","potentialAction":[{"@type":"ReadAction","target":["https:\/\/conexmetals.com\/de\/produkt\/erdungspunkte\/"]}]},{"@type":"ImageObject","inLanguage":"de","@id":"https:\/\/conexmetals.com\/de\/produkt\/erdungspunkte\/#primaryimage","url":"https:\/\/conexmetals.com\/wp-content\/uploads\/2025\/01\/Erdungspunkte.webp","contentUrl":"https:\/\/conexmetals.com\/wp-content\/uploads\/2025\/01\/Erdungspunkte.webp","width":350,"height":350,"caption":"Erdungspunkte"},{"@type":"BreadcrumbList","@id":"https:\/\/conexmetals.com\/de\/produkt\/erdungspunkte\/#breadcrumb","itemListElement":[{"@type":"ListItem","position":1,"name":"Home","item":"https:\/\/conexmetals.com\/de\/heim\/"},{"@type":"ListItem","position":2,"name":"Products","item":"https:\/\/conexmetals.com\/products\/"},{"@type":"ListItem","position":3,"name":"Erdungspunkte"}]},{"@type":"WebSite","@id":"https:\/\/conexmetals.com\/de\/#website","url":"https:\/\/conexmetals.com\/de\/","name":"Conex Metals Brass Fittings Brass Parts Copper Parts Brass Components Brass Plumbing Fittings India","description":"Manufacturer of Bronze Fittings casting Copper Brass parts components","publisher":{"@id":"https:\/\/conexmetals.com\/de\/#organization"},"potentialAction":[{"@type":"SearchAction","target":{"@type":"EntryPoint","urlTemplate":"https:\/\/conexmetals.com\/de\/?s={search_term_string}"},"query-input":{"@type":"PropertyValueSpecification","valueRequired":true,"valueName":"search_term_string"}}],"inLanguage":"de"},{"@type":"Organization","@id":"https:\/\/conexmetals.com\/de\/#organization","name":"Conex Metals Brass Fittings Brass Parts Copper Parts Brass Components Brass Plumbing Fittings India","url":"https:\/\/conexmetals.com\/de\/","logo":{"@type":"ImageObject","inLanguage":"de","@id":"https:\/\/conexmetals.com\/de\/#\/schema\/logo\/image\/","url":"https:\/\/conexmetals.com\/wp-content\/uploads\/2024\/03\/conex-metals-logo.webp","contentUrl":"https:\/\/conexmetals.com\/wp-content\/uploads\/2024\/03\/conex-metals-logo.webp","width":300,"height":121,"caption":"Conex Metals Brass Fittings Brass Parts Copper Parts Brass Components Brass Plumbing Fittings India"},"image":{"@id":"https:\/\/conexmetals.com\/de\/#\/schema\/logo\/image\/"},"sameAs":["https:\/\/www.facebook.com\/conexbrass","https:\/\/x.com\/conexindia","https:\/\/www.linkedin.com\/company\/conex-metals-india\/","https:\/\/www.instagram.com\/conexindia\/"]}]}},"_links":{"self":[{"href":"https:\/\/conexmetals.com\/de\/wp-json\/wp\/v2\/product\/12586","targetHints":{"allow":["GET"]}}],"collection":[{"href":"https:\/\/conexmetals.com\/de\/wp-json\/wp\/v2\/product"}],"about":[{"href":"https:\/\/conexmetals.com\/de\/wp-json\/wp\/v2\/types\/product"}],"wp:featuredmedia":[{"embeddable":true,"href":"https:\/\/conexmetals.com\/de\/wp-json\/wp\/v2\/media\/12510"}],"wp:attachment":[{"href":"https:\/\/conexmetals.com\/de\/wp-json\/wp\/v2\/media?parent=12586"}],"wp:term":[{"taxonomy":"product_brand","embeddable":true,"href":"https:\/\/conexmetals.com\/de\/wp-json\/wp\/v2\/product_brand?post=12586"},{"taxonomy":"product_cat","embeddable":true,"href":"https:\/\/conexmetals.com\/de\/wp-json\/wp\/v2\/product_cat?post=12586"},{"taxonomy":"product_tag","embeddable":true,"href":"https:\/\/conexmetals.com\/de\/wp-json\/wp\/v2\/product_tag?post=12586"}],"curies":[{"name":"wp","href":"https:\/\/api.w.org\/{rel}","templated":true}]}}