{"id":12591,"date":"2023-08-18T10:36:44","date_gmt":"2023-08-18T05:06:44","guid":{"rendered":"https:\/\/conexmetals.com\/?post_type=product&#038;p=12591"},"modified":"2025-01-02T15:27:54","modified_gmt":"2025-01-02T09:57:54","slug":"erdungsstabspitzen","status":"publish","type":"product","link":"https:\/\/conexmetals.com\/de\/produkt\/erdungsstabspitzen\/","title":{"rendered":"Erdungsstabspitzen"},"content":{"rendered":"","protected":false},"excerpt":{"rendered":"<p><img fetchpriority=\"high\" decoding=\"async\" class=\"size-full wp-image-6715 alignleft lazy loaded\" src=\"https:\/\/conexmetals.com\/wp-content\/uploads\/2023\/08\/Earth-Rod-Spikes-line-drawing.jpg\" alt=\"Strichzeichnung von Erdspie\u00dfen\" width=\"301\" height=\"182\" data-src=\"https:\/\/conexmetals.com\/wp-content\/uploads\/2023\/08\/Earth-Rod-Spikes-line-drawing.jpg\" data-was-processed=\"true\" \/><span>Erdungsst\u00e4be, auch Erdungsst\u00e4be oder Erdungsst\u00e4be genannt, sind Ger\u00e4te, die dazu dienen, eine Erdungselektrode zu schaffen, indem sie in den Boden getrieben werden. Sie erf\u00fcllen denselben Zweck wie normale Erdungsst\u00e4be und bieten einen Pfad mit geringem Widerstand f\u00fcr den elektrischen Stromfluss in die Erde in elektrischen Erdungssystemen. Der Unterschied liegt in ihrem Design und ihrer Installationsmethode.<\/span><\/p>\n<p>&nbsp;<\/p>\n<p>&nbsp;<\/p>\n<table id=\"tablepress-337\" class=\"tablepress tablepress-id-337\">\n<caption>\u00a0<\/caption>\n<thead><\/thead>\n<tbody class=\"row-hover\">\n<tr class=\"row-2 even\">\n<td class=\"column-1\"><strong><span>D mm<\/span><\/strong><\/td>\n<td class=\"column-2\"><strong><span>L mm<\/span><\/strong><\/td>\n<td class=\"column-3\"><strong><span>Gewindegr\u00f6\u00dfe<\/span><\/strong><\/td>\n<td class=\"column-4\"><strong><span>L1 mm<\/span><\/strong><\/td>\n<td class=\"column-5\"><strong><span>St\u00fcckgewicht kg<\/span><\/strong><\/td>\n<\/tr>\n<tr class=\"row-3 odd\">\n<td class=\"column-1\"><span>16<\/span><\/td>\n<td class=\"column-2\"><span>42<\/span><\/td>\n<td class=\"column-3\"><span>M10<\/span><\/td>\n<td class=\"column-4\"><span>20<\/span><\/td>\n<td class=\"column-5\"><span>0,03<\/span><\/td>\n<\/tr>\n<tr class=\"row-4 even\">\n<td class=\"column-1\"><span>20<\/span><\/td>\n<td class=\"column-2\"><span>51<\/span><\/td>\n<td class=\"column-3\"><span>M10<\/span><\/td>\n<td class=\"column-4\"><span>20<\/span><\/td>\n<td class=\"column-5\"><span>0,06<\/span><\/td>\n<\/tr>\n<tr class=\"row-5 odd\">\n<td class=\"column-1\"><span>25<\/span><\/td>\n<td class=\"column-2\"><span>60<\/span><\/td>\n<td class=\"column-3\"><span>M12<\/span><\/td>\n<td class=\"column-4\"><span>25<\/span><\/td>\n<td class=\"column-5\"><span>0,1<\/span><\/td>\n<\/tr>\n<\/tbody>\n<\/table>\n<p><img decoding=\"async\" class=\"size-full wp-image-6714 alignright lazy loaded\" src=\"https:\/\/conexmetals.com\/wp-content\/uploads\/2023\/08\/Earth-Rod-Spikes.jpg\" alt=\"Erdspie\u00dfe\" width=\"271\" height=\"267\" data-src=\"https:\/\/conexmetals.com\/wp-content\/uploads\/2023\/08\/Earth-Rod-Spikes.jpg\" data-was-processed=\"true\" srcset=\"https:\/\/conexmetals.com\/wp-content\/uploads\/2023\/08\/Earth-Rod-Spikes.jpg 271w, https:\/\/conexmetals.com\/wp-content\/uploads\/2023\/08\/Earth-Rod-Spikes-100x100.jpg 100w\" sizes=\"(max-width: 271px) 100vw, 271px\" \/><\/p>\n<p>&nbsp;<\/p>\n<p><strong><span>Zu den Hauptmerkmalen von Erdspie\u00dfen geh\u00f6ren:<\/span><\/strong><\/p>\n<ol>\n<li><span>Design: Erdungsspie\u00dfe haben normalerweise ein spitzes Ende oder eine stachelartige Form, die im Vergleich zu herk\u00f6mmlichen Erdungsst\u00e4ben ein einfacheres Eindringen in den Boden erm\u00f6glicht.<\/span><\/li>\n<li><span>Material: Erdungsspie\u00dfe bestehen wie herk\u00f6mmliche Erdungsst\u00e4be \u00fcblicherweise aus Kupfer oder verzinktem Stahl, um eine gute elektrische Leitf\u00e4higkeit und Korrosionsbest\u00e4ndigkeit zu gew\u00e4hrleisten.<\/span><\/li>\n<li><span>L\u00e4nge: Erdspie\u00dfe gibt es in verschiedenen L\u00e4ngen, je nach Anwendung und Bodenbeschaffenheit. \u00dcbliche L\u00e4ngen reichen von einigen Fu\u00df bis zu mehreren Fu\u00df.<\/span><\/li>\n<li><span>Montage: Erdspie\u00dfe werden mit einem Vorschlaghammer oder anderen geeigneten Werkzeugen in den Boden getrieben. Das spitze Ende erleichtert das Eindringen in verschiedene Bodenarten, auch in hartes oder felsiges Gel\u00e4nde.<\/span><\/li>\n<li><span>Erdungskabel: Sobald der Erdspie\u00df ordnungsgem\u00e4\u00df im Boden installiert ist, wird ein Erdungskabel daran befestigt, um die elektrische Verbindung zwischen dem Ger\u00e4t oder elektrischen System und der Erde herzustellen.<\/span><\/li>\n<li><span>Erdungselektrodensystem: Bei gr\u00f6\u00dferen Installationen oder wenn mehrere Erdungspunkte erforderlich sind, k\u00f6nnen mehrere Erdungsspie\u00dfe als Teil eines Erdungselektrodensystems installiert werden, wodurch ein vernetztes Netzwerk f\u00fcr eine effektive Erdung entsteht.<\/span><\/li>\n<\/ol>\n<p><span>Erdungsspie\u00dfe werden h\u00e4ufig in verschiedenen elektrischen Anwendungen eingesetzt, darunter in Wohn-, Gewerbe- und Industrieumgebungen, in denen das Eintreiben eines Erdungsstabs in den Boden mit herk\u00f6mmlichen Methoden schwierig oder unpraktisch sein kann. Sie bieten eine zuverl\u00e4ssige Erdungsl\u00f6sung und gew\u00e4hrleisten die elektrische Sicherheit, indem sie Fehlerstr\u00f6me zur Erde ableiten und elektrische Gefahren verhindern.<\/span><\/p>\n","protected":false},"featured_media":12515,"template":"","meta":[],"product_brand":[],"product_cat":[380],"product_tag":[],"class_list":{"0":"post-12591","1":"product","2":"type-product","3":"status-publish","4":"has-post-thumbnail","6":"product_cat-erdungszubehor","8":"first","9":"instock","10":"shipping-taxable","11":"product-type-simple"},"yoast_head":"<!-- This site is optimized with the Yoast SEO plugin v27.3 - https:\/\/yoast.com\/product\/yoast-seo-wordpress\/ -->\n<title>Erdungsstabspitzen<\/title>\n<meta name=\"description\" content=\"Conex Metals bietet Kupferverbund-Erdungsst\u00e4be, Erdungsstabspitzen und Erdungsst\u00e4be an. Unsere Erdungssystemkomponenten, einschlie\u00dflich Kupfer-Erdungsst\u00e4be und Erdungsstab-Anschl\u00fcsse, garantieren h\u00f6chste Leistung. Vertrauensw\u00fcrdiger Hersteller, Exporteur und Lieferant aus Indien.\" \/>\n<meta name=\"robots\" content=\"index, follow, max-snippet:-1, max-image-preview:large, max-video-preview:-1\" \/>\n<link rel=\"canonical\" href=\"https:\/\/conexmetals.com\/de\/produkt\/erdungsstabspitzen\/\" \/>\n<script type=\"application\/ld+json\" class=\"yoast-schema-graph\">{\"@context\":\"https:\\\/\\\/schema.org\",\"@graph\":[{\"@type\":\"WebPage\",\"@id\":\"https:\\\/\\\/conexmetals.com\\\/de\\\/produkt\\\/erdungsstabspitzen\\\/\",\"url\":\"https:\\\/\\\/conexmetals.com\\\/de\\\/produkt\\\/erdungsstabspitzen\\\/\",\"name\":\"Erdungsstabspitzen\",\"isPartOf\":{\"@id\":\"https:\\\/\\\/conexmetals.com\\\/de\\\/#website\"},\"primaryImageOfPage\":{\"@id\":\"https:\\\/\\\/conexmetals.com\\\/de\\\/produkt\\\/erdungsstabspitzen\\\/#primaryimage\"},\"image\":{\"@id\":\"https:\\\/\\\/conexmetals.com\\\/de\\\/produkt\\\/erdungsstabspitzen\\\/#primaryimage\"},\"thumbnailUrl\":\"https:\\\/\\\/conexmetals.com\\\/wp-content\\\/uploads\\\/2025\\\/01\\\/Erdungsstabspitzen.webp\",\"datePublished\":\"2023-08-18T05:06:44+00:00\",\"dateModified\":\"2025-01-02T09:57:54+00:00\",\"description\":\"Conex Metals bietet Kupferverbund-Erdungsst\u00e4be, Erdungsstabspitzen und Erdungsst\u00e4be an. Unsere Erdungssystemkomponenten, einschlie\u00dflich Kupfer-Erdungsst\u00e4be und Erdungsstab-Anschl\u00fcsse, garantieren h\u00f6chste Leistung. Vertrauensw\u00fcrdiger Hersteller, Exporteur und Lieferant aus Indien.\",\"breadcrumb\":{\"@id\":\"https:\\\/\\\/conexmetals.com\\\/de\\\/produkt\\\/erdungsstabspitzen\\\/#breadcrumb\"},\"inLanguage\":\"de\",\"potentialAction\":[{\"@type\":\"ReadAction\",\"target\":[\"https:\\\/\\\/conexmetals.com\\\/de\\\/produkt\\\/erdungsstabspitzen\\\/\"]}]},{\"@type\":\"ImageObject\",\"inLanguage\":\"de\",\"@id\":\"https:\\\/\\\/conexmetals.com\\\/de\\\/produkt\\\/erdungsstabspitzen\\\/#primaryimage\",\"url\":\"https:\\\/\\\/conexmetals.com\\\/wp-content\\\/uploads\\\/2025\\\/01\\\/Erdungsstabspitzen.webp\",\"contentUrl\":\"https:\\\/\\\/conexmetals.com\\\/wp-content\\\/uploads\\\/2025\\\/01\\\/Erdungsstabspitzen.webp\",\"width\":350,\"height\":350,\"caption\":\"Erdungsstabspitzen\"},{\"@type\":\"BreadcrumbList\",\"@id\":\"https:\\\/\\\/conexmetals.com\\\/de\\\/produkt\\\/erdungsstabspitzen\\\/#breadcrumb\",\"itemListElement\":[{\"@type\":\"ListItem\",\"position\":1,\"name\":\"Home\",\"item\":\"https:\\\/\\\/conexmetals.com\\\/de\\\/heim\\\/\"},{\"@type\":\"ListItem\",\"position\":2,\"name\":\"Products\",\"item\":\"https:\\\/\\\/conexmetals.com\\\/products\\\/\"},{\"@type\":\"ListItem\",\"position\":3,\"name\":\"Erdungsstabspitzen\"}]},{\"@type\":\"WebSite\",\"@id\":\"https:\\\/\\\/conexmetals.com\\\/de\\\/#website\",\"url\":\"https:\\\/\\\/conexmetals.com\\\/de\\\/\",\"name\":\"Conex Metals Brass Fittings Brass Parts Copper Parts Brass Components Brass Plumbing Fittings India\",\"description\":\"Manufacturer of Bronze Fittings casting Copper Brass parts components\",\"publisher\":{\"@id\":\"https:\\\/\\\/conexmetals.com\\\/de\\\/#organization\"},\"potentialAction\":[{\"@type\":\"SearchAction\",\"target\":{\"@type\":\"EntryPoint\",\"urlTemplate\":\"https:\\\/\\\/conexmetals.com\\\/de\\\/?s={search_term_string}\"},\"query-input\":{\"@type\":\"PropertyValueSpecification\",\"valueRequired\":true,\"valueName\":\"search_term_string\"}}],\"inLanguage\":\"de\"},{\"@type\":\"Organization\",\"@id\":\"https:\\\/\\\/conexmetals.com\\\/de\\\/#organization\",\"name\":\"Conex Metals Brass Fittings Brass Parts Copper Parts Brass Components Brass Plumbing Fittings India\",\"url\":\"https:\\\/\\\/conexmetals.com\\\/de\\\/\",\"logo\":{\"@type\":\"ImageObject\",\"inLanguage\":\"de\",\"@id\":\"https:\\\/\\\/conexmetals.com\\\/de\\\/#\\\/schema\\\/logo\\\/image\\\/\",\"url\":\"https:\\\/\\\/conexmetals.com\\\/wp-content\\\/uploads\\\/2024\\\/03\\\/conex-metals-logo.webp\",\"contentUrl\":\"https:\\\/\\\/conexmetals.com\\\/wp-content\\\/uploads\\\/2024\\\/03\\\/conex-metals-logo.webp\",\"width\":300,\"height\":121,\"caption\":\"Conex Metals Brass Fittings Brass Parts Copper Parts Brass Components Brass Plumbing Fittings India\"},\"image\":{\"@id\":\"https:\\\/\\\/conexmetals.com\\\/de\\\/#\\\/schema\\\/logo\\\/image\\\/\"},\"sameAs\":[\"https:\\\/\\\/www.facebook.com\\\/conexbrass\",\"https:\\\/\\\/x.com\\\/conexindia\",\"https:\\\/\\\/www.linkedin.com\\\/company\\\/conex-metals-india\\\/\",\"https:\\\/\\\/www.instagram.com\\\/conexindia\\\/\"]}]}<\/script>\n<!-- \/ Yoast SEO plugin. -->","yoast_head_json":{"title":"Erdungsstabspitzen","description":"Conex Metals bietet Kupferverbund-Erdungsst\u00e4be, Erdungsstabspitzen und Erdungsst\u00e4be an. Unsere Erdungssystemkomponenten, einschlie\u00dflich Kupfer-Erdungsst\u00e4be und Erdungsstab-Anschl\u00fcsse, garantieren h\u00f6chste Leistung. Vertrauensw\u00fcrdiger Hersteller, Exporteur und Lieferant aus Indien.","robots":{"index":"index","follow":"follow","max-snippet":"max-snippet:-1","max-image-preview":"max-image-preview:large","max-video-preview":"max-video-preview:-1"},"canonical":"https:\/\/conexmetals.com\/de\/produkt\/erdungsstabspitzen\/","schema":{"@context":"https:\/\/schema.org","@graph":[{"@type":"WebPage","@id":"https:\/\/conexmetals.com\/de\/produkt\/erdungsstabspitzen\/","url":"https:\/\/conexmetals.com\/de\/produkt\/erdungsstabspitzen\/","name":"Erdungsstabspitzen","isPartOf":{"@id":"https:\/\/conexmetals.com\/de\/#website"},"primaryImageOfPage":{"@id":"https:\/\/conexmetals.com\/de\/produkt\/erdungsstabspitzen\/#primaryimage"},"image":{"@id":"https:\/\/conexmetals.com\/de\/produkt\/erdungsstabspitzen\/#primaryimage"},"thumbnailUrl":"https:\/\/conexmetals.com\/wp-content\/uploads\/2025\/01\/Erdungsstabspitzen.webp","datePublished":"2023-08-18T05:06:44+00:00","dateModified":"2025-01-02T09:57:54+00:00","description":"Conex Metals bietet Kupferverbund-Erdungsst\u00e4be, Erdungsstabspitzen und Erdungsst\u00e4be an. Unsere Erdungssystemkomponenten, einschlie\u00dflich Kupfer-Erdungsst\u00e4be und Erdungsstab-Anschl\u00fcsse, garantieren h\u00f6chste Leistung. Vertrauensw\u00fcrdiger Hersteller, Exporteur und Lieferant aus Indien.","breadcrumb":{"@id":"https:\/\/conexmetals.com\/de\/produkt\/erdungsstabspitzen\/#breadcrumb"},"inLanguage":"de","potentialAction":[{"@type":"ReadAction","target":["https:\/\/conexmetals.com\/de\/produkt\/erdungsstabspitzen\/"]}]},{"@type":"ImageObject","inLanguage":"de","@id":"https:\/\/conexmetals.com\/de\/produkt\/erdungsstabspitzen\/#primaryimage","url":"https:\/\/conexmetals.com\/wp-content\/uploads\/2025\/01\/Erdungsstabspitzen.webp","contentUrl":"https:\/\/conexmetals.com\/wp-content\/uploads\/2025\/01\/Erdungsstabspitzen.webp","width":350,"height":350,"caption":"Erdungsstabspitzen"},{"@type":"BreadcrumbList","@id":"https:\/\/conexmetals.com\/de\/produkt\/erdungsstabspitzen\/#breadcrumb","itemListElement":[{"@type":"ListItem","position":1,"name":"Home","item":"https:\/\/conexmetals.com\/de\/heim\/"},{"@type":"ListItem","position":2,"name":"Products","item":"https:\/\/conexmetals.com\/products\/"},{"@type":"ListItem","position":3,"name":"Erdungsstabspitzen"}]},{"@type":"WebSite","@id":"https:\/\/conexmetals.com\/de\/#website","url":"https:\/\/conexmetals.com\/de\/","name":"Conex Metals Brass Fittings Brass Parts Copper Parts Brass Components Brass Plumbing Fittings India","description":"Manufacturer of Bronze Fittings casting Copper Brass parts components","publisher":{"@id":"https:\/\/conexmetals.com\/de\/#organization"},"potentialAction":[{"@type":"SearchAction","target":{"@type":"EntryPoint","urlTemplate":"https:\/\/conexmetals.com\/de\/?s={search_term_string}"},"query-input":{"@type":"PropertyValueSpecification","valueRequired":true,"valueName":"search_term_string"}}],"inLanguage":"de"},{"@type":"Organization","@id":"https:\/\/conexmetals.com\/de\/#organization","name":"Conex Metals Brass Fittings Brass Parts Copper Parts Brass Components Brass Plumbing Fittings India","url":"https:\/\/conexmetals.com\/de\/","logo":{"@type":"ImageObject","inLanguage":"de","@id":"https:\/\/conexmetals.com\/de\/#\/schema\/logo\/image\/","url":"https:\/\/conexmetals.com\/wp-content\/uploads\/2024\/03\/conex-metals-logo.webp","contentUrl":"https:\/\/conexmetals.com\/wp-content\/uploads\/2024\/03\/conex-metals-logo.webp","width":300,"height":121,"caption":"Conex Metals Brass Fittings Brass Parts Copper Parts Brass Components Brass Plumbing Fittings India"},"image":{"@id":"https:\/\/conexmetals.com\/de\/#\/schema\/logo\/image\/"},"sameAs":["https:\/\/www.facebook.com\/conexbrass","https:\/\/x.com\/conexindia","https:\/\/www.linkedin.com\/company\/conex-metals-india\/","https:\/\/www.instagram.com\/conexindia\/"]}]}},"_links":{"self":[{"href":"https:\/\/conexmetals.com\/de\/wp-json\/wp\/v2\/product\/12591","targetHints":{"allow":["GET"]}}],"collection":[{"href":"https:\/\/conexmetals.com\/de\/wp-json\/wp\/v2\/product"}],"about":[{"href":"https:\/\/conexmetals.com\/de\/wp-json\/wp\/v2\/types\/product"}],"wp:featuredmedia":[{"embeddable":true,"href":"https:\/\/conexmetals.com\/de\/wp-json\/wp\/v2\/media\/12515"}],"wp:attachment":[{"href":"https:\/\/conexmetals.com\/de\/wp-json\/wp\/v2\/media?parent=12591"}],"wp:term":[{"taxonomy":"product_brand","embeddable":true,"href":"https:\/\/conexmetals.com\/de\/wp-json\/wp\/v2\/product_brand?post=12591"},{"taxonomy":"product_cat","embeddable":true,"href":"https:\/\/conexmetals.com\/de\/wp-json\/wp\/v2\/product_cat?post=12591"},{"taxonomy":"product_tag","embeddable":true,"href":"https:\/\/conexmetals.com\/de\/wp-json\/wp\/v2\/product_tag?post=12591"}],"curies":[{"name":"wp","href":"https:\/\/api.w.org\/{rel}","templated":true}]}}