{"id":12595,"date":"2023-08-18T10:31:39","date_gmt":"2023-08-18T05:01:39","guid":{"rendered":"https:\/\/conexmetals.com\/?post_type=product&#038;p=12595"},"modified":"2025-01-02T15:40:18","modified_gmt":"2025-01-02T10:10:18","slug":"flexible-geflechtbaender-und-verbinder","status":"publish","type":"product","link":"https:\/\/conexmetals.com\/de\/produkt\/flexible-geflechtbaender-und-verbinder\/","title":{"rendered":"Flexible Geflechtb\u00e4nder und Verbinder"},"content":{"rendered":"","protected":false},"excerpt":{"rendered":"<table id=\"tablepress-338\" class=\"tablepress tablepress-id-338\">\n<caption>\u00a0<\/caption>\n<thead>\n<tr class=\"row-1 odd\">\n<th class=\"column-1\" colspan=\"5\"><strong><span>Flexible Geflechtverbindungen und Verbinder<\/span><\/strong><\/th>\n<\/tr>\n<\/thead>\n<tbody class=\"row-hover\">\n<tr class=\"row-2 even\">\n<td class=\"column-1\"><strong><span>Gesamtabmessungen des Geflechts (mm)<\/span><\/strong><\/td>\n<td class=\"column-2\"><strong><span>L\u00e4nge (mm)<\/span><\/strong><\/td>\n<td class=\"column-3\"><strong><span>Lochdurchmesser (a) (mm)<\/span><\/strong><\/td>\n<td class=\"column-4\"><strong><span>Querschnittsfl\u00e4che (mm\u00b2)<\/span><\/strong><\/td>\n<td class=\"column-5\"><strong><span>Gewicht pro St\u00fcck (kg)<\/span><\/strong><\/td>\n<\/tr>\n<tr class=\"row-3 odd\">\n<td class=\"column-1\"><span>12 x 1<\/span><\/td>\n<td class=\"column-2\"><span>200<\/span><\/td>\n<td class=\"column-3\"><span>\u00d8 7<\/span><\/td>\n<td class=\"column-4\"><span>6\u00a0<\/span><\/td>\n<td class=\"column-5\"><span>0,01\u00a0<\/span><\/td>\n<\/tr>\n<tr class=\"row-4 even\">\n<td class=\"column-1\"><span>19 x 2.5<\/span><\/td>\n<td class=\"column-2\"><span>200<\/span><\/td>\n<td class=\"column-3\"><span>\u00d8 9<\/span><\/td>\n<td class=\"column-4\"><span>16\u00a0<\/span><\/td>\n<td class=\"column-5\"><span>0,03\u00a0<\/span><\/td>\n<\/tr>\n<tr class=\"row-5 odd\">\n<td class=\"column-1\"><span>25 x 3<\/span><\/td>\n<td class=\"column-2\"><span>200<\/span><\/td>\n<td class=\"column-3\"><span>\u00d8 11\u00a0<\/span><\/td>\n<td class=\"column-4\"><span>25\u00a0<\/span><\/td>\n<td class=\"column-5\"><span>0,05\u00a0<\/span><\/td>\n<\/tr>\n<tr class=\"row-6 even\">\n<td class=\"column-1\"><span>25 x 3.5\u00a0<\/span><\/td>\n<td class=\"column-2\"><span>200\u00a0<\/span><\/td>\n<td class=\"column-3\"><span>\u00d8 11\u00a0<\/span><\/td>\n<td class=\"column-4\"><span>35\u00a0<\/span><\/td>\n<td class=\"column-5\"><span>0,09\u00a0<\/span><\/td>\n<\/tr>\n<tr class=\"row-7 odd\">\n<td class=\"column-1\"><span>25 x 3.5\u00a0<\/span><\/td>\n<td class=\"column-2\"><span>400\u00a0<\/span><\/td>\n<td class=\"column-3\"><span>\u00d8 11\u00a0<\/span><\/td>\n<td class=\"column-4\"><span>35\u00a0<\/span><\/td>\n<td class=\"column-5\"><span>0,15\u00a0<\/span><\/td>\n<\/tr>\n<tr class=\"row-8 even\">\n<td class=\"column-1\"><span>30 x 5\u00a0<\/span><\/td>\n<td class=\"column-2\"><span>200\u00a0<\/span><\/td>\n<td class=\"column-3\"><span>\u00d8 11\u00a0<\/span><\/td>\n<td class=\"column-4\"><span>50\u00a0<\/span><\/td>\n<td class=\"column-5\"><span>0,10\u00a0<\/span><\/td>\n<\/tr>\n<tr class=\"row-9 odd\">\n<td class=\"column-1\"><span>32 x 6\u00a0<\/span><\/td>\n<td class=\"column-2\"><span>200\u00a0<\/span><\/td>\n<td class=\"column-3\"><span>\u00d8 13\u00a0<\/span><\/td>\n<td class=\"column-4\"><span>70\u00a0<\/span><\/td>\n<td class=\"column-5\"><span>0,13\u00a0<\/span><\/td>\n<\/tr>\n<tr class=\"row-10 even\">\n<td class=\"column-1\"><span>37 x 6\u00a0<\/span><\/td>\n<td class=\"column-2\"><span>200\u00a0<\/span><\/td>\n<td class=\"column-3\"><span>\u00d8 13\u00a0<\/span><\/td>\n<td class=\"column-4\"><span>95\u00a0<\/span><\/td>\n<td class=\"column-5\"><span>0,19\u00a0<\/span><\/td>\n<\/tr>\n<tr class=\"row-11 odd\">\n<td class=\"column-1\"><span>45 x 6\u00a0<\/span><\/td>\n<td class=\"column-2\"><span>200\u00a0<\/span><\/td>\n<td class=\"column-3\"><span>\u00d8 17\u00a0<\/span><\/td>\n<td class=\"column-4\"><span>120\u00a0<\/span><\/td>\n<td class=\"column-5\"><span>0,23\u00a0<\/span><\/td>\n<\/tr>\n<tr class=\"row-12 even\">\n<td class=\"column-1\" colspan=\"5\"><strong><span>Verzinntes Kupfergeflecht<\/span><\/strong><\/td>\n<\/tr>\n<tr class=\"row-13 odd\">\n<td class=\"column-1\"><span>12 x 1\u00a0<\/span><\/td>\n<td class=\"column-2\"><span>200\u00a0<\/span><\/td>\n<td class=\"column-3\"><span>\u00d8 7\u00a0<\/span><\/td>\n<td class=\"column-4\"><span>6\u00a0<\/span><\/td>\n<td class=\"column-5\"><span>0,01\u00a0<\/span><\/td>\n<\/tr>\n<tr class=\"row-14 even\">\n<td class=\"column-1\"><span>19 x 2.5\u00a0<\/span><\/td>\n<td class=\"column-2\"><span>200\u00a0<\/span><\/td>\n<td class=\"column-3\"><span>\u00d8 9\u00a0<\/span><\/td>\n<td class=\"column-4\"><span>16\u00a0<\/span><\/td>\n<td class=\"column-5\"><span>0,03\u00a0<\/span><\/td>\n<\/tr>\n<tr class=\"row-15 odd\">\n<td class=\"column-1\"><span>25 x 3\u00a0<\/span><\/td>\n<td class=\"column-2\"><span>200\u00a0<\/span><\/td>\n<td class=\"column-3\"><span>\u00d8 11\u00a0<\/span><\/td>\n<td class=\"column-4\"><span>25\u00a0<\/span><\/td>\n<td class=\"column-5\"><span>0,05\u00a0<\/span><\/td>\n<\/tr>\n<tr class=\"row-16 even\">\n<td class=\"column-1\"><span>25 x 3.5<\/span><\/td>\n<td class=\"column-2\"><span>200\u00a0<\/span><\/td>\n<td class=\"column-3\"><span>\u00d8 11\u00a0<\/span><\/td>\n<td class=\"column-4\"><span>35\u00a0<\/span><\/td>\n<td class=\"column-5\"><span>0,09\u00a0<\/span><\/td>\n<\/tr>\n<tr class=\"row-17 odd\">\n<td class=\"column-1\"><span>25 x 3.5\u00a0<\/span><\/td>\n<td class=\"column-2\"><span>400\u00a0<\/span><\/td>\n<td class=\"column-3\"><span>\u00d8 11\u00a0<\/span><\/td>\n<td class=\"column-4\"><span>35\u00a0<\/span><\/td>\n<td class=\"column-5\"><span>0,15\u00a0<\/span><\/td>\n<\/tr>\n<tr class=\"row-18 even\">\n<td class=\"column-1\"><span>30 x 5\u00a0<\/span><\/td>\n<td class=\"column-2\"><span>200\u00a0<\/span><\/td>\n<td class=\"column-3\"><span>\u00d8 11\u00a0<\/span><\/td>\n<td class=\"column-4\"><span>50\u00a0<\/span><\/td>\n<td class=\"column-5\"><span>0,10\u00a0<\/span><\/td>\n<\/tr>\n<tr class=\"row-19 odd\">\n<td class=\"column-1\"><span>32 x 6\u00a0<\/span><\/td>\n<td class=\"column-2\"><span>200\u00a0<\/span><\/td>\n<td class=\"column-3\"><span>\u00d8 13\u00a0<\/span><\/td>\n<td class=\"column-4\"><span>70\u00a0<\/span><\/td>\n<td class=\"column-5\"><span>0,13\u00a0<\/span><\/td>\n<\/tr>\n<tr class=\"row-20 even\">\n<td class=\"column-1\"><span>37 x 6\u00a0<\/span><\/td>\n<td class=\"column-2\"><span>200\u00a0<\/span><\/td>\n<td class=\"column-3\"><span>\u00d8 13\u00a0<\/span><\/td>\n<td class=\"column-4\"><span>95\u00a0<\/span><\/td>\n<td class=\"column-5\"><span>0,19\u00a0<\/span><\/td>\n<\/tr>\n<tr class=\"row-21 odd\">\n<td class=\"column-1\"><span>45 x 6\u00a0<\/span><\/td>\n<td class=\"column-2\"><span>200\u00a0<\/span><\/td>\n<td class=\"column-3\"><span>\u00d8 17\u00a0<\/span><\/td>\n<td class=\"column-4\"><span>120\u00a0<\/span><\/td>\n<td class=\"column-5\"><span>0,23\u00a0<\/span><\/td>\n<\/tr>\n<\/tbody>\n<\/table>\n<p><span>Flexible Geflechtverbindungen und -verbinder sind spezielle elektrische Komponenten, die zum Herstellen flexibler und zuverl\u00e4ssiger elektrischer Verbindungen zwischen leitenden Elementen verwendet werden. Sie werden h\u00e4ufig in verschiedenen Anwendungen eingesetzt, bei denen aufgrund von Vibration, Bewegung oder thermischer Ausdehnung\/Kontraktion Flexibilit\u00e4t erforderlich ist.<\/span><\/p>\n<p><strong><span>Zu den wichtigsten Merkmalen und Einsatzm\u00f6glichkeiten flexibler Geflechtverbindungen und -verbinder geh\u00f6ren:<\/span><\/strong><\/p>\n<ol>\n<li><span>Aufbau: Flexible Geflechtverbindungen und -verbinder bestehen normalerweise aus mehreren d\u00fcnnen Litzen aus hochleitf\u00e4higen Materialien wie Kupfer oder verzinntem Kupfer. Diese Litzen werden zusammengeflochten, um eine flexible und hochleitf\u00e4hige Verbindung oder einen Verbinder zu bilden.<\/span><\/li>\n<li><span>Flexibilit\u00e4t: Durch die geflochtene Konstruktion sind die Verbindungen und Anschl\u00fcsse \u00e4u\u00dferst flexibel und k\u00f6nnen Bewegungen und mechanische Belastungen aufnehmen, ohne die elektrische Verbindung zu beeintr\u00e4chtigen.<\/span><\/li>\n<li><span>Elektrische Verbindung: Flexible Geflechtverbindungen werden verwendet, um elektrische Verbindungen zwischen verschiedenen leitf\u00e4higen Elementen wie Sammelschienen, Erdungselektroden, Schalttafeln und Ger\u00e4ten herzustellen. Sie gew\u00e4hrleisten Verbindungen mit geringem Widerstand und verringern so das Risiko elektrischer Fehler.<\/span><\/li>\n<li><span>Erdung und Verbindung: Bei elektrischen Erdungs- und Verbindungsverfahren werden h\u00e4ufig flexible Geflechtverbindungen und Verbinder verwendet, um zuverl\u00e4ssige und sichere Verbindungen zwischen verschiedenen Metallkomponenten herzustellen. Sie helfen beim Aufbau eines effektiven Erdungsnetzwerks zum Schutz vor elektrischen Gefahren.<\/span><\/li>\n<li><span>Strombelastbarkeit: Die mehreren Litzen in flexiblen Geflechten erh\u00f6hen die Strombelastbarkeit der Verbindung oder des Verbinders, sodass sie Hochstromanwendungen effektiv bew\u00e4ltigen k\u00f6nnen.<\/span><\/li>\n<li><span>Thermische Ausdehnung: Flexible Geflechtverbindungen und Verbinder k\u00f6nnen die thermische Ausdehnung und Kontraktion in elektrischen Systemen aufnehmen, ohne die Verbindung zu beeintr\u00e4chtigen, und sind daher f\u00fcr Anwendungen geeignet, die Temperaturschwankungen unterliegen.<\/span><\/li>\n<li><span>Unterdr\u00fcckung elektromagnetischer Interferenzen (EMI): In manchen F\u00e4llen werden flexible Geflechte zur EMI-Abschirmung verwendet, um elektromagnetische Interferenzen in empfindlichen elektronischen Schaltkreisen zu minimieren.<\/span><\/li>\n<li><span>Anschlussarten: Flexible Geflechtverbindungen und Steckverbinder k\u00f6nnen mit verschiedenen Anschlussarten, einschlie\u00dflich \u00d6sen, Klemmen oder kundenspezifischen Steckverbindern, gestaltet werden, um spezifischen Anwendungsanforderungen gerecht zu werden.<\/span><\/li>\n<\/ol>\n<p><span>Flexible Geflechtverbindungen und -verbinder kommen in zahlreichen Branchen und Anwendungsbereichen zum Einsatz, darunter in Stromverteilungssystemen, Industrieanlagen, der Telekommunikation, der Luft- und Raumfahrt, der Automobilindustrie und mehr.<\/span><\/p>\n","protected":false},"featured_media":12601,"template":"","meta":[],"product_brand":[],"product_cat":[380],"product_tag":[],"class_list":{"0":"post-12595","1":"product","2":"type-product","3":"status-publish","4":"has-post-thumbnail","6":"product_cat-erdungszubehor","8":"first","9":"instock","10":"shipping-taxable","11":"product-type-simple"},"yoast_head":"<!-- This site is optimized with the Yoast SEO plugin v27.3 - https:\/\/yoast.com\/product\/yoast-seo-wordpress\/ -->\n<title>Flexible Geflechtb\u00e4nder und Verbinder<\/title>\n<meta name=\"description\" content=\"Entdecken Sie die flexiblen Geflechtb\u00e4nder und Verbinder von Conex Metals, darunter geflochtene Erdungsgurte und Kupfer-Erdungsgurte. Unsere flexiblen Kupferverbinder und hochleitf\u00e4higen Geflechtverbinder gew\u00e4hrleisten \u00fcberlegene Leistung. F\u00fchrender Hersteller, Exporteur und Lieferant aus Indien.\" \/>\n<meta name=\"robots\" content=\"index, follow, max-snippet:-1, max-image-preview:large, max-video-preview:-1\" \/>\n<link rel=\"canonical\" href=\"https:\/\/conexmetals.com\/de\/produkt\/flexible-geflechtbaender-und-verbinder\/\" \/>\n<script type=\"application\/ld+json\" class=\"yoast-schema-graph\">{\"@context\":\"https:\\\/\\\/schema.org\",\"@graph\":[{\"@type\":\"WebPage\",\"@id\":\"https:\\\/\\\/conexmetals.com\\\/de\\\/produkt\\\/flexible-geflechtbaender-und-verbinder\\\/\",\"url\":\"https:\\\/\\\/conexmetals.com\\\/de\\\/produkt\\\/flexible-geflechtbaender-und-verbinder\\\/\",\"name\":\"Flexible Geflechtb\u00e4nder und Verbinder\",\"isPartOf\":{\"@id\":\"https:\\\/\\\/conexmetals.com\\\/de\\\/#website\"},\"primaryImageOfPage\":{\"@id\":\"https:\\\/\\\/conexmetals.com\\\/de\\\/produkt\\\/flexible-geflechtbaender-und-verbinder\\\/#primaryimage\"},\"image\":{\"@id\":\"https:\\\/\\\/conexmetals.com\\\/de\\\/produkt\\\/flexible-geflechtbaender-und-verbinder\\\/#primaryimage\"},\"thumbnailUrl\":\"https:\\\/\\\/conexmetals.com\\\/wp-content\\\/uploads\\\/2023\\\/08\\\/Flexible-Braid-Bonds-And-Connectors.webp\",\"datePublished\":\"2023-08-18T05:01:39+00:00\",\"dateModified\":\"2025-01-02T10:10:18+00:00\",\"description\":\"Entdecken Sie die flexiblen Geflechtb\u00e4nder und Verbinder von Conex Metals, darunter geflochtene Erdungsgurte und Kupfer-Erdungsgurte. Unsere flexiblen Kupferverbinder und hochleitf\u00e4higen Geflechtverbinder gew\u00e4hrleisten \u00fcberlegene Leistung. F\u00fchrender Hersteller, Exporteur und Lieferant aus Indien.\",\"breadcrumb\":{\"@id\":\"https:\\\/\\\/conexmetals.com\\\/de\\\/produkt\\\/flexible-geflechtbaender-und-verbinder\\\/#breadcrumb\"},\"inLanguage\":\"de\",\"potentialAction\":[{\"@type\":\"ReadAction\",\"target\":[\"https:\\\/\\\/conexmetals.com\\\/de\\\/produkt\\\/flexible-geflechtbaender-und-verbinder\\\/\"]}]},{\"@type\":\"ImageObject\",\"inLanguage\":\"de\",\"@id\":\"https:\\\/\\\/conexmetals.com\\\/de\\\/produkt\\\/flexible-geflechtbaender-und-verbinder\\\/#primaryimage\",\"url\":\"https:\\\/\\\/conexmetals.com\\\/wp-content\\\/uploads\\\/2023\\\/08\\\/Flexible-Braid-Bonds-And-Connectors.webp\",\"contentUrl\":\"https:\\\/\\\/conexmetals.com\\\/wp-content\\\/uploads\\\/2023\\\/08\\\/Flexible-Braid-Bonds-And-Connectors.webp\",\"width\":350,\"height\":350,\"caption\":\"Flexible Braid Bonds and Connectors\"},{\"@type\":\"BreadcrumbList\",\"@id\":\"https:\\\/\\\/conexmetals.com\\\/de\\\/produkt\\\/flexible-geflechtbaender-und-verbinder\\\/#breadcrumb\",\"itemListElement\":[{\"@type\":\"ListItem\",\"position\":1,\"name\":\"Home\",\"item\":\"https:\\\/\\\/conexmetals.com\\\/de\\\/heim\\\/\"},{\"@type\":\"ListItem\",\"position\":2,\"name\":\"Products\",\"item\":\"https:\\\/\\\/conexmetals.com\\\/products\\\/\"},{\"@type\":\"ListItem\",\"position\":3,\"name\":\"Flexible Geflechtb\u00e4nder und Verbinder\"}]},{\"@type\":\"WebSite\",\"@id\":\"https:\\\/\\\/conexmetals.com\\\/de\\\/#website\",\"url\":\"https:\\\/\\\/conexmetals.com\\\/de\\\/\",\"name\":\"Conex Metals Brass Fittings Brass Parts Copper Parts Brass Components Brass Plumbing Fittings India\",\"description\":\"Manufacturer of Bronze Fittings casting Copper Brass parts components\",\"publisher\":{\"@id\":\"https:\\\/\\\/conexmetals.com\\\/de\\\/#organization\"},\"potentialAction\":[{\"@type\":\"SearchAction\",\"target\":{\"@type\":\"EntryPoint\",\"urlTemplate\":\"https:\\\/\\\/conexmetals.com\\\/de\\\/?s={search_term_string}\"},\"query-input\":{\"@type\":\"PropertyValueSpecification\",\"valueRequired\":true,\"valueName\":\"search_term_string\"}}],\"inLanguage\":\"de\"},{\"@type\":\"Organization\",\"@id\":\"https:\\\/\\\/conexmetals.com\\\/de\\\/#organization\",\"name\":\"Conex Metals Brass Fittings Brass Parts Copper Parts Brass Components Brass Plumbing Fittings India\",\"url\":\"https:\\\/\\\/conexmetals.com\\\/de\\\/\",\"logo\":{\"@type\":\"ImageObject\",\"inLanguage\":\"de\",\"@id\":\"https:\\\/\\\/conexmetals.com\\\/de\\\/#\\\/schema\\\/logo\\\/image\\\/\",\"url\":\"https:\\\/\\\/conexmetals.com\\\/wp-content\\\/uploads\\\/2024\\\/03\\\/conex-metals-logo.webp\",\"contentUrl\":\"https:\\\/\\\/conexmetals.com\\\/wp-content\\\/uploads\\\/2024\\\/03\\\/conex-metals-logo.webp\",\"width\":300,\"height\":121,\"caption\":\"Conex Metals Brass Fittings Brass Parts Copper Parts Brass Components Brass Plumbing Fittings India\"},\"image\":{\"@id\":\"https:\\\/\\\/conexmetals.com\\\/de\\\/#\\\/schema\\\/logo\\\/image\\\/\"},\"sameAs\":[\"https:\\\/\\\/www.facebook.com\\\/conexbrass\",\"https:\\\/\\\/x.com\\\/conexindia\",\"https:\\\/\\\/www.linkedin.com\\\/company\\\/conex-metals-india\\\/\",\"https:\\\/\\\/www.instagram.com\\\/conexindia\\\/\"]}]}<\/script>\n<!-- \/ Yoast SEO plugin. -->","yoast_head_json":{"title":"Flexible Geflechtb\u00e4nder und Verbinder","description":"Entdecken Sie die flexiblen Geflechtb\u00e4nder und Verbinder von Conex Metals, darunter geflochtene Erdungsgurte und Kupfer-Erdungsgurte. Unsere flexiblen Kupferverbinder und hochleitf\u00e4higen Geflechtverbinder gew\u00e4hrleisten \u00fcberlegene Leistung. F\u00fchrender Hersteller, Exporteur und Lieferant aus Indien.","robots":{"index":"index","follow":"follow","max-snippet":"max-snippet:-1","max-image-preview":"max-image-preview:large","max-video-preview":"max-video-preview:-1"},"canonical":"https:\/\/conexmetals.com\/de\/produkt\/flexible-geflechtbaender-und-verbinder\/","schema":{"@context":"https:\/\/schema.org","@graph":[{"@type":"WebPage","@id":"https:\/\/conexmetals.com\/de\/produkt\/flexible-geflechtbaender-und-verbinder\/","url":"https:\/\/conexmetals.com\/de\/produkt\/flexible-geflechtbaender-und-verbinder\/","name":"Flexible Geflechtb\u00e4nder und Verbinder","isPartOf":{"@id":"https:\/\/conexmetals.com\/de\/#website"},"primaryImageOfPage":{"@id":"https:\/\/conexmetals.com\/de\/produkt\/flexible-geflechtbaender-und-verbinder\/#primaryimage"},"image":{"@id":"https:\/\/conexmetals.com\/de\/produkt\/flexible-geflechtbaender-und-verbinder\/#primaryimage"},"thumbnailUrl":"https:\/\/conexmetals.com\/wp-content\/uploads\/2023\/08\/Flexible-Braid-Bonds-And-Connectors.webp","datePublished":"2023-08-18T05:01:39+00:00","dateModified":"2025-01-02T10:10:18+00:00","description":"Entdecken Sie die flexiblen Geflechtb\u00e4nder und Verbinder von Conex Metals, darunter geflochtene Erdungsgurte und Kupfer-Erdungsgurte. Unsere flexiblen Kupferverbinder und hochleitf\u00e4higen Geflechtverbinder gew\u00e4hrleisten \u00fcberlegene Leistung. F\u00fchrender Hersteller, Exporteur und Lieferant aus Indien.","breadcrumb":{"@id":"https:\/\/conexmetals.com\/de\/produkt\/flexible-geflechtbaender-und-verbinder\/#breadcrumb"},"inLanguage":"de","potentialAction":[{"@type":"ReadAction","target":["https:\/\/conexmetals.com\/de\/produkt\/flexible-geflechtbaender-und-verbinder\/"]}]},{"@type":"ImageObject","inLanguage":"de","@id":"https:\/\/conexmetals.com\/de\/produkt\/flexible-geflechtbaender-und-verbinder\/#primaryimage","url":"https:\/\/conexmetals.com\/wp-content\/uploads\/2023\/08\/Flexible-Braid-Bonds-And-Connectors.webp","contentUrl":"https:\/\/conexmetals.com\/wp-content\/uploads\/2023\/08\/Flexible-Braid-Bonds-And-Connectors.webp","width":350,"height":350,"caption":"Flexible Braid Bonds and Connectors"},{"@type":"BreadcrumbList","@id":"https:\/\/conexmetals.com\/de\/produkt\/flexible-geflechtbaender-und-verbinder\/#breadcrumb","itemListElement":[{"@type":"ListItem","position":1,"name":"Home","item":"https:\/\/conexmetals.com\/de\/heim\/"},{"@type":"ListItem","position":2,"name":"Products","item":"https:\/\/conexmetals.com\/products\/"},{"@type":"ListItem","position":3,"name":"Flexible Geflechtb\u00e4nder und Verbinder"}]},{"@type":"WebSite","@id":"https:\/\/conexmetals.com\/de\/#website","url":"https:\/\/conexmetals.com\/de\/","name":"Conex Metals Brass Fittings Brass Parts Copper Parts Brass Components Brass Plumbing Fittings India","description":"Manufacturer of Bronze Fittings casting Copper Brass parts components","publisher":{"@id":"https:\/\/conexmetals.com\/de\/#organization"},"potentialAction":[{"@type":"SearchAction","target":{"@type":"EntryPoint","urlTemplate":"https:\/\/conexmetals.com\/de\/?s={search_term_string}"},"query-input":{"@type":"PropertyValueSpecification","valueRequired":true,"valueName":"search_term_string"}}],"inLanguage":"de"},{"@type":"Organization","@id":"https:\/\/conexmetals.com\/de\/#organization","name":"Conex Metals Brass Fittings Brass Parts Copper Parts Brass Components Brass Plumbing Fittings India","url":"https:\/\/conexmetals.com\/de\/","logo":{"@type":"ImageObject","inLanguage":"de","@id":"https:\/\/conexmetals.com\/de\/#\/schema\/logo\/image\/","url":"https:\/\/conexmetals.com\/wp-content\/uploads\/2024\/03\/conex-metals-logo.webp","contentUrl":"https:\/\/conexmetals.com\/wp-content\/uploads\/2024\/03\/conex-metals-logo.webp","width":300,"height":121,"caption":"Conex Metals Brass Fittings Brass Parts Copper Parts Brass Components Brass Plumbing Fittings India"},"image":{"@id":"https:\/\/conexmetals.com\/de\/#\/schema\/logo\/image\/"},"sameAs":["https:\/\/www.facebook.com\/conexbrass","https:\/\/x.com\/conexindia","https:\/\/www.linkedin.com\/company\/conex-metals-india\/","https:\/\/www.instagram.com\/conexindia\/"]}]}},"_links":{"self":[{"href":"https:\/\/conexmetals.com\/de\/wp-json\/wp\/v2\/product\/12595","targetHints":{"allow":["GET"]}}],"collection":[{"href":"https:\/\/conexmetals.com\/de\/wp-json\/wp\/v2\/product"}],"about":[{"href":"https:\/\/conexmetals.com\/de\/wp-json\/wp\/v2\/types\/product"}],"wp:featuredmedia":[{"embeddable":true,"href":"https:\/\/conexmetals.com\/de\/wp-json\/wp\/v2\/media\/12601"}],"wp:attachment":[{"href":"https:\/\/conexmetals.com\/de\/wp-json\/wp\/v2\/media?parent=12595"}],"wp:term":[{"taxonomy":"product_brand","embeddable":true,"href":"https:\/\/conexmetals.com\/de\/wp-json\/wp\/v2\/product_brand?post=12595"},{"taxonomy":"product_cat","embeddable":true,"href":"https:\/\/conexmetals.com\/de\/wp-json\/wp\/v2\/product_cat?post=12595"},{"taxonomy":"product_tag","embeddable":true,"href":"https:\/\/conexmetals.com\/de\/wp-json\/wp\/v2\/product_tag?post=12595"}],"curies":[{"name":"wp","href":"https:\/\/api.w.org\/{rel}","templated":true}]}}