{"id":12614,"date":"2023-08-18T10:39:41","date_gmt":"2023-08-18T05:09:41","guid":{"rendered":"https:\/\/conexmetals.com\/?post_type=product&#038;p=12614"},"modified":"2025-01-02T17:06:26","modified_gmt":"2025-01-02T11:36:26","slug":"mehrere-erdungspunkte","status":"publish","type":"product","link":"https:\/\/conexmetals.com\/de\/produkt\/mehrere-erdungspunkte\/","title":{"rendered":"Mehrere Erdungspunkte"},"content":{"rendered":"","protected":false},"excerpt":{"rendered":"<p><strong><img fetchpriority=\"high\" decoding=\"async\" class=\"alignnone wp-image-12301 size-full lazy loaded\" src=\"https:\/\/conexmetals.com\/wp-content\/uploads\/2023\/08\/Multi-Point.webp\" alt=\"Mehrpunkt\" width=\"600\" height=\"320\" data-src=\"https:\/\/conexmetals.com\/wp-content\/uploads\/2023\/08\/Multi-Point.webp\" data-was-processed=\"true\" srcset=\"https:\/\/conexmetals.com\/wp-content\/uploads\/2023\/08\/Multi-Point.webp 600w, https:\/\/conexmetals.com\/wp-content\/uploads\/2023\/08\/Multi-Point-300x160.webp 300w\" sizes=\"(max-width: 600px) 100vw, 600px\" \/><\/strong><\/p>\n<table id=\"tablepress-391\" class=\"tablepress tablepress-id-391\">\n<caption>\u00a0<\/caption>\n<thead>\n<tr class=\"row-1 odd\">\n<th class=\"column-1\" colspan=\"3\"><strong><span>Dimension<\/span><\/strong><\/th>\n<\/tr>\n<\/thead>\n<tbody class=\"row-hover\">\n<tr class=\"row-2 even\">\n<td class=\"column-1\"><strong><span>Stangendurchmesser.<\/span><\/strong><\/td>\n<td class=\"column-2\"><strong><span>Gewindedurchmesser.<\/span><\/strong><\/td>\n<td class=\"column-3\"><strong><span>L\u00e4nge der Stange<\/span><\/strong><\/td>\n<\/tr>\n<tr class=\"row-3 odd\">\n<td class=\"column-1\"><span>15<\/span><\/td>\n<td class=\"column-2\"><span>5\/8&#8242;<\/span><\/td>\n<td class=\"column-3\"><span>500<\/span><\/td>\n<\/tr>\n<tr class=\"row-4 even\">\n<td class=\"column-1\"><span>15<\/span><\/td>\n<td class=\"column-2\"><span>5\/8&#8242;<\/span><\/td>\n<td class=\"column-3\"><span>1000<\/span><\/td>\n<\/tr>\n<tr class=\"row-5 odd\">\n<td class=\"column-1\"><span>15<\/span><\/td>\n<td class=\"column-2\"><span>5\/8&#8242;<\/span><\/td>\n<td class=\"column-3\"><span>2000<\/span><\/td>\n<\/tr>\n<\/tbody>\n<\/table>\n<p><strong><span>Hochwertige Mehrfachpunkte f\u00fcr Erdung und Blitzschutz<\/span><\/strong><\/p>\n<p><span>Unsere\u00a0<\/span><strong><span>Multiple Points<\/span><\/strong><span>\u00a0werden sorgf\u00e4ltig unter Einsatz modernster Technologie und erstklassiger Materialien gefertigt, um au\u00dfergew\u00f6hnliche Leistung, Haltbarkeit und Benutzerfreundlichkeit zu bieten. Diese pr\u00e4zise gefertigten Produkte gew\u00e4hrleisten Ma\u00dfgenauigkeit, robuste Funktionalit\u00e4t und ein nahtloses Installationserlebnis.<\/span><\/p>\n<p><strong><span>Unsere Multiple Points<\/span><\/strong><span>\u00a0sind f\u00fcr die Verwendung mit Luftanschl\u00fcssen aus Kupfer konzipiert und\u00a0lassen sich nahtlos in Luftanschlussnetze integrieren. Der Multipoint-K\u00f6rper besteht aus einer hochwertigen Kupferlegierung, w\u00e4hrend die Spikes aus reinem Kupfer bestehen, was Zuverl\u00e4ssigkeit und Leistung gew\u00e4hrleistet.<\/span><\/p>\n<p><strong><span>Anwendungen und Funktionen<\/span><\/strong><\/p>\n<p><strong><span>Mehrfachpunkte<\/span><\/strong><span>\u00a0dienen als kritische Komponenten f\u00fcr Erdungs- und Blitzschutzsysteme und bieten Pfade mit geringem Widerstand f\u00fcr Fehlerstr\u00f6me. Sie werden aus Materialien wie Kupfer, Bronze oder Rotguss hergestellt und sind in verschiedenen Stabdurchmessern von 14,2 mm bis 19,8 mm erh\u00e4ltlich. Diese Produkte k\u00f6nnen auch in Bezug auf Verarbeitung und Farbe an spezifische Anforderungen angepasst werden.<\/span><\/p>\n<p><strong><span>Produktpalette<\/span><\/strong><\/p>\n<ul>\n<li><strong><span>Mehrpunkt-Erdungsst\u00e4be<\/span><\/strong><\/li>\n<li><strong><span>Mehrpunkt-Luftstangens\u00e4ttel<\/span><\/strong><\/li>\n<li><strong><span>Mehrpunkt-Erdungsklemmen<\/span><\/strong><\/li>\n<li><strong><span>Mehrpunkt-Luftterminals<\/span><\/strong><\/li>\n<li><strong><span>Kundenspezifische Mehrpunkt-Erdungsl\u00f6sungen<\/span><\/strong><\/li>\n<\/ul>\n<p><strong><span>Hauptmerkmale<\/span><\/strong><\/p>\n<ul>\n<li><span>Verbesserte Witterungsbest\u00e4ndigkeit<\/span><\/li>\n<li><span>Leicht und robust<\/span><\/li>\n<li><span>Korrosionsgesch\u00fctzte Konstruktion<\/span><\/li>\n<li><span>\u00dcberlegene Ma\u00dfgenauigkeit<\/span><\/li>\n<li><span>Einfache Handhabung und Installation<\/span><\/li>\n<li><span>Ausgezeichnetes Finish<\/span><\/li>\n<\/ul>\n<p><strong><span>Vorteile<\/span><\/strong><\/p>\n<ul>\n<li><span>Hohe Korrosionsbest\u00e4ndigkeit<\/span><\/li>\n<li><span>Au\u00dfergew\u00f6hnliche elektrische Leitf\u00e4higkeit<\/span><\/li>\n<li><span>Wartungsfreies Design<\/span><\/li>\n<\/ul>\n<p><strong><span>Technische Daten<\/span><\/strong><\/p>\n<ul>\n<li><strong><span>Material<\/span><\/strong><span>\u00a0: Kupfer, Rotguss, Messing<\/span><\/li>\n<li><strong><span>Stangendurchmesser<\/span><\/strong><span>\u00a0: 16-5\/8\u201d bis 19-3\/4\u201d<\/span><\/li>\n<li><strong><span>Normen<\/span><\/strong><span>\u00a0: BS:EN 62561-2<\/span><\/li>\n<li><strong><span>Ausf\u00fchrung<\/span><\/strong><span>\u00a0: Messing<\/span><\/li>\n<li><strong><span>Produktcode<\/span><\/strong><span>\u00a0: Anpassbar<\/span><\/li>\n<\/ul>\n<p><strong><span>Warum sollten Sie sich f\u00fcr unsere Mehrfachpunkte entscheiden?<\/span><\/strong><\/p>\n<p><span>Unsere\u00a0<\/span><strong><span>Mehrfachpunkte<\/span><\/strong><span>\u00a0erfreuen sich als wesentliche Komponenten in elektrischen Anlagen gro\u00dfer Beliebtheit und l\u00f6sen Probleme wie Erdschleifenst\u00f6rungen und Netzbrummen. Diese in hochmodernen Anlagen hergestellten Produkte eignen sich sowohl f\u00fcr Wohn- als auch f\u00fcr Industrieanwendungen.<\/span><\/p>\n<p><span>Wir bieten auch\u00a0<\/span><strong><span>Mehrpunktmechanismen<\/span><\/strong><span>\u00a0zur Verbesserung der Festigkeit und Integrit\u00e4t von T\u00fcrdichtungen an, oft in Kombination mit passenden Zierleisten, die das Design erg\u00e4nzen. Diese Mechanismen tragen zu weniger Verformungen und verbesserter Haltbarkeit bei.<\/span><\/p>\n<p><span>W\u00e4hlen Sie aus einer gro\u00dfen Auswahl an\u00a0<\/span><strong><span>Multiple Points<\/span><\/strong><span>\u00a0das Passende f\u00fcr Ihre spezifischen Projektanforderungen aus \u2013 alle zu wettbewerbsf\u00e4higen Preisen erh\u00e4ltlich.<\/span><\/p>\n","protected":false},"featured_media":12535,"template":"","meta":[],"product_brand":[],"product_cat":[380],"product_tag":[],"class_list":{"0":"post-12614","1":"product","2":"type-product","3":"status-publish","4":"has-post-thumbnail","6":"product_cat-erdungszubehor","8":"first","9":"instock","10":"shipping-taxable","11":"product-type-simple"},"yoast_head":"<!-- This site is optimized with the Yoast SEO plugin v27.3 - https:\/\/yoast.com\/product\/yoast-seo-wordpress\/ -->\n<title>Mehrere Erdungspunkte<\/title>\n<meta name=\"description\" content=\"Conex Metals ist auf mehrere Erdungspunkte spezialisiert, einschlie\u00dflich Kupfer-Multipunkt-Erdungsl\u00f6sungen und Erdungssystemkomponenten. Unsere elektrischen Erdungsverbinder und industriellen Erdungspunkte bieten sichere und effiziente Erdungsl\u00f6sungen. F\u00fchrender Hersteller, Exporteur und Lieferant aus Indien.\" \/>\n<meta name=\"robots\" content=\"index, follow, max-snippet:-1, max-image-preview:large, max-video-preview:-1\" \/>\n<link rel=\"canonical\" href=\"https:\/\/conexmetals.com\/de\/produkt\/mehrere-erdungspunkte\/\" \/>\n<script type=\"application\/ld+json\" class=\"yoast-schema-graph\">{\"@context\":\"https:\\\/\\\/schema.org\",\"@graph\":[{\"@type\":\"WebPage\",\"@id\":\"https:\\\/\\\/conexmetals.com\\\/de\\\/produkt\\\/mehrere-erdungspunkte\\\/\",\"url\":\"https:\\\/\\\/conexmetals.com\\\/de\\\/produkt\\\/mehrere-erdungspunkte\\\/\",\"name\":\"Mehrere Erdungspunkte\",\"isPartOf\":{\"@id\":\"https:\\\/\\\/conexmetals.com\\\/de\\\/#website\"},\"primaryImageOfPage\":{\"@id\":\"https:\\\/\\\/conexmetals.com\\\/de\\\/produkt\\\/mehrere-erdungspunkte\\\/#primaryimage\"},\"image\":{\"@id\":\"https:\\\/\\\/conexmetals.com\\\/de\\\/produkt\\\/mehrere-erdungspunkte\\\/#primaryimage\"},\"thumbnailUrl\":\"https:\\\/\\\/conexmetals.com\\\/wp-content\\\/uploads\\\/2025\\\/01\\\/Mehrere-Erdungspunkte.webp\",\"datePublished\":\"2023-08-18T05:09:41+00:00\",\"dateModified\":\"2025-01-02T11:36:26+00:00\",\"description\":\"Conex Metals ist auf mehrere Erdungspunkte spezialisiert, einschlie\u00dflich Kupfer-Multipunkt-Erdungsl\u00f6sungen und Erdungssystemkomponenten. Unsere elektrischen Erdungsverbinder und industriellen Erdungspunkte bieten sichere und effiziente Erdungsl\u00f6sungen. F\u00fchrender Hersteller, Exporteur und Lieferant aus Indien.\",\"breadcrumb\":{\"@id\":\"https:\\\/\\\/conexmetals.com\\\/de\\\/produkt\\\/mehrere-erdungspunkte\\\/#breadcrumb\"},\"inLanguage\":\"de\",\"potentialAction\":[{\"@type\":\"ReadAction\",\"target\":[\"https:\\\/\\\/conexmetals.com\\\/de\\\/produkt\\\/mehrere-erdungspunkte\\\/\"]}]},{\"@type\":\"ImageObject\",\"inLanguage\":\"de\",\"@id\":\"https:\\\/\\\/conexmetals.com\\\/de\\\/produkt\\\/mehrere-erdungspunkte\\\/#primaryimage\",\"url\":\"https:\\\/\\\/conexmetals.com\\\/wp-content\\\/uploads\\\/2025\\\/01\\\/Mehrere-Erdungspunkte.webp\",\"contentUrl\":\"https:\\\/\\\/conexmetals.com\\\/wp-content\\\/uploads\\\/2025\\\/01\\\/Mehrere-Erdungspunkte.webp\",\"width\":350,\"height\":350,\"caption\":\"Mehrere Erdungspunkte\"},{\"@type\":\"BreadcrumbList\",\"@id\":\"https:\\\/\\\/conexmetals.com\\\/de\\\/produkt\\\/mehrere-erdungspunkte\\\/#breadcrumb\",\"itemListElement\":[{\"@type\":\"ListItem\",\"position\":1,\"name\":\"Home\",\"item\":\"https:\\\/\\\/conexmetals.com\\\/de\\\/heim\\\/\"},{\"@type\":\"ListItem\",\"position\":2,\"name\":\"Products\",\"item\":\"https:\\\/\\\/conexmetals.com\\\/products\\\/\"},{\"@type\":\"ListItem\",\"position\":3,\"name\":\"Mehrere Erdungspunkte\"}]},{\"@type\":\"WebSite\",\"@id\":\"https:\\\/\\\/conexmetals.com\\\/de\\\/#website\",\"url\":\"https:\\\/\\\/conexmetals.com\\\/de\\\/\",\"name\":\"Conex Metals Brass Fittings Brass Parts Copper Parts Brass Components Brass Plumbing Fittings India\",\"description\":\"Manufacturer of Bronze Fittings casting Copper Brass parts components\",\"publisher\":{\"@id\":\"https:\\\/\\\/conexmetals.com\\\/de\\\/#organization\"},\"potentialAction\":[{\"@type\":\"SearchAction\",\"target\":{\"@type\":\"EntryPoint\",\"urlTemplate\":\"https:\\\/\\\/conexmetals.com\\\/de\\\/?s={search_term_string}\"},\"query-input\":{\"@type\":\"PropertyValueSpecification\",\"valueRequired\":true,\"valueName\":\"search_term_string\"}}],\"inLanguage\":\"de\"},{\"@type\":\"Organization\",\"@id\":\"https:\\\/\\\/conexmetals.com\\\/de\\\/#organization\",\"name\":\"Conex Metals Brass Fittings Brass Parts Copper Parts Brass Components Brass Plumbing Fittings India\",\"url\":\"https:\\\/\\\/conexmetals.com\\\/de\\\/\",\"logo\":{\"@type\":\"ImageObject\",\"inLanguage\":\"de\",\"@id\":\"https:\\\/\\\/conexmetals.com\\\/de\\\/#\\\/schema\\\/logo\\\/image\\\/\",\"url\":\"https:\\\/\\\/conexmetals.com\\\/wp-content\\\/uploads\\\/2024\\\/03\\\/conex-metals-logo.webp\",\"contentUrl\":\"https:\\\/\\\/conexmetals.com\\\/wp-content\\\/uploads\\\/2024\\\/03\\\/conex-metals-logo.webp\",\"width\":300,\"height\":121,\"caption\":\"Conex Metals Brass Fittings Brass Parts Copper Parts Brass Components Brass Plumbing Fittings India\"},\"image\":{\"@id\":\"https:\\\/\\\/conexmetals.com\\\/de\\\/#\\\/schema\\\/logo\\\/image\\\/\"},\"sameAs\":[\"https:\\\/\\\/www.facebook.com\\\/conexbrass\",\"https:\\\/\\\/x.com\\\/conexindia\",\"https:\\\/\\\/www.linkedin.com\\\/company\\\/conex-metals-india\\\/\",\"https:\\\/\\\/www.instagram.com\\\/conexindia\\\/\"]}]}<\/script>\n<!-- \/ Yoast SEO plugin. -->","yoast_head_json":{"title":"Mehrere Erdungspunkte","description":"Conex Metals ist auf mehrere Erdungspunkte spezialisiert, einschlie\u00dflich Kupfer-Multipunkt-Erdungsl\u00f6sungen und Erdungssystemkomponenten. Unsere elektrischen Erdungsverbinder und industriellen Erdungspunkte bieten sichere und effiziente Erdungsl\u00f6sungen. F\u00fchrender Hersteller, Exporteur und Lieferant aus Indien.","robots":{"index":"index","follow":"follow","max-snippet":"max-snippet:-1","max-image-preview":"max-image-preview:large","max-video-preview":"max-video-preview:-1"},"canonical":"https:\/\/conexmetals.com\/de\/produkt\/mehrere-erdungspunkte\/","schema":{"@context":"https:\/\/schema.org","@graph":[{"@type":"WebPage","@id":"https:\/\/conexmetals.com\/de\/produkt\/mehrere-erdungspunkte\/","url":"https:\/\/conexmetals.com\/de\/produkt\/mehrere-erdungspunkte\/","name":"Mehrere Erdungspunkte","isPartOf":{"@id":"https:\/\/conexmetals.com\/de\/#website"},"primaryImageOfPage":{"@id":"https:\/\/conexmetals.com\/de\/produkt\/mehrere-erdungspunkte\/#primaryimage"},"image":{"@id":"https:\/\/conexmetals.com\/de\/produkt\/mehrere-erdungspunkte\/#primaryimage"},"thumbnailUrl":"https:\/\/conexmetals.com\/wp-content\/uploads\/2025\/01\/Mehrere-Erdungspunkte.webp","datePublished":"2023-08-18T05:09:41+00:00","dateModified":"2025-01-02T11:36:26+00:00","description":"Conex Metals ist auf mehrere Erdungspunkte spezialisiert, einschlie\u00dflich Kupfer-Multipunkt-Erdungsl\u00f6sungen und Erdungssystemkomponenten. Unsere elektrischen Erdungsverbinder und industriellen Erdungspunkte bieten sichere und effiziente Erdungsl\u00f6sungen. F\u00fchrender Hersteller, Exporteur und Lieferant aus Indien.","breadcrumb":{"@id":"https:\/\/conexmetals.com\/de\/produkt\/mehrere-erdungspunkte\/#breadcrumb"},"inLanguage":"de","potentialAction":[{"@type":"ReadAction","target":["https:\/\/conexmetals.com\/de\/produkt\/mehrere-erdungspunkte\/"]}]},{"@type":"ImageObject","inLanguage":"de","@id":"https:\/\/conexmetals.com\/de\/produkt\/mehrere-erdungspunkte\/#primaryimage","url":"https:\/\/conexmetals.com\/wp-content\/uploads\/2025\/01\/Mehrere-Erdungspunkte.webp","contentUrl":"https:\/\/conexmetals.com\/wp-content\/uploads\/2025\/01\/Mehrere-Erdungspunkte.webp","width":350,"height":350,"caption":"Mehrere Erdungspunkte"},{"@type":"BreadcrumbList","@id":"https:\/\/conexmetals.com\/de\/produkt\/mehrere-erdungspunkte\/#breadcrumb","itemListElement":[{"@type":"ListItem","position":1,"name":"Home","item":"https:\/\/conexmetals.com\/de\/heim\/"},{"@type":"ListItem","position":2,"name":"Products","item":"https:\/\/conexmetals.com\/products\/"},{"@type":"ListItem","position":3,"name":"Mehrere Erdungspunkte"}]},{"@type":"WebSite","@id":"https:\/\/conexmetals.com\/de\/#website","url":"https:\/\/conexmetals.com\/de\/","name":"Conex Metals Brass Fittings Brass Parts Copper Parts Brass Components Brass Plumbing Fittings India","description":"Manufacturer of Bronze Fittings casting Copper Brass parts components","publisher":{"@id":"https:\/\/conexmetals.com\/de\/#organization"},"potentialAction":[{"@type":"SearchAction","target":{"@type":"EntryPoint","urlTemplate":"https:\/\/conexmetals.com\/de\/?s={search_term_string}"},"query-input":{"@type":"PropertyValueSpecification","valueRequired":true,"valueName":"search_term_string"}}],"inLanguage":"de"},{"@type":"Organization","@id":"https:\/\/conexmetals.com\/de\/#organization","name":"Conex Metals Brass Fittings Brass Parts Copper Parts Brass Components Brass Plumbing Fittings India","url":"https:\/\/conexmetals.com\/de\/","logo":{"@type":"ImageObject","inLanguage":"de","@id":"https:\/\/conexmetals.com\/de\/#\/schema\/logo\/image\/","url":"https:\/\/conexmetals.com\/wp-content\/uploads\/2024\/03\/conex-metals-logo.webp","contentUrl":"https:\/\/conexmetals.com\/wp-content\/uploads\/2024\/03\/conex-metals-logo.webp","width":300,"height":121,"caption":"Conex Metals Brass Fittings Brass Parts Copper Parts Brass Components Brass Plumbing Fittings India"},"image":{"@id":"https:\/\/conexmetals.com\/de\/#\/schema\/logo\/image\/"},"sameAs":["https:\/\/www.facebook.com\/conexbrass","https:\/\/x.com\/conexindia","https:\/\/www.linkedin.com\/company\/conex-metals-india\/","https:\/\/www.instagram.com\/conexindia\/"]}]}},"_links":{"self":[{"href":"https:\/\/conexmetals.com\/de\/wp-json\/wp\/v2\/product\/12614","targetHints":{"allow":["GET"]}}],"collection":[{"href":"https:\/\/conexmetals.com\/de\/wp-json\/wp\/v2\/product"}],"about":[{"href":"https:\/\/conexmetals.com\/de\/wp-json\/wp\/v2\/types\/product"}],"wp:featuredmedia":[{"embeddable":true,"href":"https:\/\/conexmetals.com\/de\/wp-json\/wp\/v2\/media\/12535"}],"wp:attachment":[{"href":"https:\/\/conexmetals.com\/de\/wp-json\/wp\/v2\/media?parent=12614"}],"wp:term":[{"taxonomy":"product_brand","embeddable":true,"href":"https:\/\/conexmetals.com\/de\/wp-json\/wp\/v2\/product_brand?post=12614"},{"taxonomy":"product_cat","embeddable":true,"href":"https:\/\/conexmetals.com\/de\/wp-json\/wp\/v2\/product_cat?post=12614"},{"taxonomy":"product_tag","embeddable":true,"href":"https:\/\/conexmetals.com\/de\/wp-json\/wp\/v2\/product_tag?post=12614"}],"curies":[{"name":"wp","href":"https:\/\/api.w.org\/{rel}","templated":true}]}}