{"id":12633,"date":"2023-08-18T10:32:52","date_gmt":"2023-08-18T05:02:52","guid":{"rendered":"https:\/\/conexmetals.com\/?post_type=product&#038;p=12633"},"modified":"2025-01-03T12:43:42","modified_gmt":"2025-01-03T07:13:42","slug":"regenwasserrohr-rwp-verbindungen","status":"publish","type":"product","link":"https:\/\/conexmetals.com\/de\/produkt\/regenwasserrohr-rwp-verbindungen\/","title":{"rendered":"Regenwasserrohr-RWP-Verbindungen"},"content":{"rendered":"","protected":false},"excerpt":{"rendered":"<div class=\"elementor-element elementor-element-672075d elementor-widget__width-initial e-transform elementor-widget-mobile__width-initial elementor-widget elementor-widget-woocommerce-product-images\" data-id=\"672075d\" data-element_type=\"widget\" data-settings=\"{&quot;_transform_scale_effect&quot;:{&quot;unit&quot;:&quot;px&quot;,&quot;size&quot;:1,&quot;sizes&quot;:[]},&quot;_transform_scale_effect_tablet&quot;:{&quot;unit&quot;:&quot;px&quot;,&quot;size&quot;:&quot;&quot;,&quot;sizes&quot;:[]},&quot;_transform_scale_effect_mobile&quot;:{&quot;unit&quot;:&quot;px&quot;,&quot;size&quot;:&quot;&quot;,&quot;sizes&quot;:[]}}\" data-widget_type=\"woocommerce-product-images.default\">\n<div class=\"elementor-widget-container\">\n<div class=\"woocommerce-product-gallery woocommerce-product-gallery--with-images woocommerce-product-gallery--columns-4 images\" data-columns=\"4\">\n<div class=\"woocommerce-product-gallery__wrapper\"><\/div>\n<\/div>\n<\/div>\n<\/div>\n<div class=\"elementor-element elementor-element-36d2ab8 elementor-widget elementor-widget-woocommerce-product-short-description\" data-id=\"36d2ab8\" data-element_type=\"widget\" data-widget_type=\"woocommerce-product-short-description.default\">\n<div class=\"elementor-widget-container\">\n<div class=\"woocommerce-product-details__short-description\">\n<table id=\"tablepress-341\" class=\"tablepress tablepress-id-341\">\n<caption>\u00a0<\/caption>\n<thead>\n<tr class=\"row-1 odd\">\n<th class=\"column-1\" colspan=\"4\"><strong><span>Regenwasserleitung RWP-Anleihen<\/span><\/strong><\/th>\n<\/tr>\n<\/thead>\n<tbody class=\"row-hover\">\n<tr class=\"row-2 even\">\n<td class=\"column-1\"><strong><span>Maximale Bandbreite (mm)<\/span><\/strong><\/td>\n<td class=\"column-2\"><strong><span>Bolzengr\u00f6\u00dfe<\/span><\/strong><\/td>\n<td class=\"column-3\"><strong><span>Leitermaterial<\/span><\/strong><\/td>\n<td class=\"column-4\"><strong><span>Gewicht pro St\u00fcck (kg)<\/span><\/strong><\/td>\n<\/tr>\n<tr class=\"row-3 odd\">\n<td class=\"column-1\"><span>26<\/span><\/td>\n<td class=\"column-2\"><span>M10<\/span><\/td>\n<td class=\"column-3\"><span>Kupfer<\/span><\/td>\n<td class=\"column-4\"><span>0,12<\/span><\/td>\n<\/tr>\n<tr class=\"row-4 even\">\n<td class=\"column-1\"><span>26<\/span><\/td>\n<td class=\"column-2\"><span>M10<\/span><\/td>\n<td class=\"column-3\"><span>Aluminium<\/span><\/td>\n<td class=\"column-4\"><span>0,07 g<\/span><\/td>\n<\/tr>\n<\/tbody>\n<\/table>\n<p><img fetchpriority=\"high\" decoding=\"async\" class=\"size-full wp-image-6740 alignright lazy loaded\" src=\"https:\/\/conexmetals.com\/wp-content\/uploads\/2023\/08\/rwp-line-drawing.png\" alt=\"rwp Strichzeichnung\" width=\"250\" height=\"250\" data-src=\"https:\/\/conexmetals.com\/wp-content\/uploads\/2023\/08\/rwp-line-drawing.png\" data-was-processed=\"true\" srcset=\"https:\/\/conexmetals.com\/wp-content\/uploads\/2023\/08\/rwp-line-drawing.png 250w, https:\/\/conexmetals.com\/wp-content\/uploads\/2023\/08\/rwp-line-drawing-150x150.png 150w, https:\/\/conexmetals.com\/wp-content\/uploads\/2023\/08\/rwp-line-drawing-100x100.png 100w\" sizes=\"(max-width: 250px) 100vw, 250px\" \/><span>Regenwasserrohrverbindungen (RWP), auch Regenfallrohrverbindungen oder Dachrinnenverbindungen genannt, sind elektrische Verbindungen, die zur effektiven Erdung von Regenwasserrohren oder Dachrinnen dienen. Sie sind ein wichtiger Bestandteil von Blitzschutz- und Erdungssystemen, sorgen f\u00fcr die sichere Ableitung von Blitzstr\u00f6men und verhindern elektrische Gefahren, die durch Blitzeinschl\u00e4ge in die Regenwasserrohre des Geb\u00e4udes entstehen k\u00f6nnen.<\/span><\/p>\n<p><span>Zu den Hauptmerkmalen und Verwendungsm\u00f6glichkeiten von RWP-Anleihen geh\u00f6ren:<\/span><\/p>\n<ol>\n<li><span>Elektrische Sicherheit: RWP-Verbindungen sind daf\u00fcr ausgelegt, Blitzstr\u00f6me sicher von Regenwasserrohren und Dachrinnen wegzuleiten und so das Risiko von Geb\u00e4udesch\u00e4den und elektrischen Gefahren zu verringern.<\/span><\/li>\n<li><span>Blitzschutz: In einem Blitzschutzsystem helfen RWP-Verbindungen dabei, einen Pfad mit geringem Widerstand zu schaffen, \u00fcber den Blitzstr\u00f6me sicher zum Erdungssystem gelangen k\u00f6nnen, das die elektrische Energie in den Boden ableitet.<\/span><\/li>\n<li><span>Material: RWP-Verbindungen werden typischerweise aus Materialien mit hoher Leitf\u00e4higkeit wie Kupfer oder verzinntem Kupfer hergestellt, da diese Materialien eine ausgezeichnete elektrische Leitf\u00e4higkeit und Korrosionsbest\u00e4ndigkeit bieten.<\/span><\/li>\n<li><span>Verbindung: RWP-Verbindungen werden sicher an den Regenwasserrohren befestigt und dann an das Haupterdungssystem des Geb\u00e4udes angeschlossen, wodurch ein zuverl\u00e4ssiger und kontinuierlicher Pfad f\u00fcr den Blitzstrom gew\u00e4hrleistet wird.<\/span><\/li>\n<li><span>Konformit\u00e4t: RWP-Verbindungen werden gem\u00e4\u00df anerkannten Industriestandards und \u00f6rtlichen Elektrovorschriften installiert, um die Einhaltung der Sicherheitsanforderungen zu gew\u00e4hrleisten.<\/span><\/li>\n<li><span>Inspektion und Wartung: Regelm\u00e4\u00dfige Inspektion und Wartung von RWP-Bindungen sind unerl\u00e4sslich, um ihre anhaltende Wirksamkeit und Integrit\u00e4t sicherzustellen. Besch\u00e4digte oder korrodierte Bindungen sollten umgehend repariert oder ersetzt werden.<\/span><\/li>\n<\/ol>\n<p><span>Regenwasserrohre und Dachrinnen befinden sich h\u00e4ufig an der Au\u00dfenseite von Geb\u00e4uden und sind bei Gewittern anf\u00e4llig f\u00fcr Blitzeinschl\u00e4ge. Ohne ordnungsgem\u00e4\u00dfe Erdung kann ein Blitzeinschlag in ein Regenwasserrohr zu elektrischen Sch\u00e4den, Br\u00e4nden oder strukturellen Problemen f\u00fchren.<\/span><\/p>\n<\/div>\n<\/div>\n<\/div>\n","protected":false},"featured_media":12545,"template":"","meta":[],"product_brand":[],"product_cat":[380],"product_tag":[],"class_list":{"0":"post-12633","1":"product","2":"type-product","3":"status-publish","4":"has-post-thumbnail","6":"product_cat-erdungszubehor","8":"first","9":"instock","10":"shipping-taxable","11":"product-type-simple"},"yoast_head":"<!-- This site is optimized with the Yoast SEO plugin v27.3 - https:\/\/yoast.com\/product\/yoast-seo-wordpress\/ -->\n<title>Regenwasserrohr-RWP-Verbindungen<\/title>\n<meta name=\"description\" content=\"Entdecken Sie die Regenwasserrohr-RWP-Verbindungen von Conex Metals, darunter Erdungsklemmen f\u00fcr Regenwasserrohre und L\u00f6sungen zur Dachrinnenfallrohrverbindung. Unsere Produkte sorgen f\u00fcr effektiven Blitzschutz und sichere elektrische Erdung. Vertrauensw\u00fcrdiger Hersteller, Exporteur und Lieferant aus Indien.\" \/>\n<meta name=\"robots\" content=\"index, follow, max-snippet:-1, max-image-preview:large, max-video-preview:-1\" \/>\n<link rel=\"canonical\" href=\"https:\/\/conexmetals.com\/de\/produkt\/regenwasserrohr-rwp-verbindungen\/\" \/>\n<script type=\"application\/ld+json\" class=\"yoast-schema-graph\">{\"@context\":\"https:\\\/\\\/schema.org\",\"@graph\":[{\"@type\":\"WebPage\",\"@id\":\"https:\\\/\\\/conexmetals.com\\\/de\\\/produkt\\\/regenwasserrohr-rwp-verbindungen\\\/\",\"url\":\"https:\\\/\\\/conexmetals.com\\\/de\\\/produkt\\\/regenwasserrohr-rwp-verbindungen\\\/\",\"name\":\"Regenwasserrohr-RWP-Verbindungen\",\"isPartOf\":{\"@id\":\"https:\\\/\\\/conexmetals.com\\\/de\\\/#website\"},\"primaryImageOfPage\":{\"@id\":\"https:\\\/\\\/conexmetals.com\\\/de\\\/produkt\\\/regenwasserrohr-rwp-verbindungen\\\/#primaryimage\"},\"image\":{\"@id\":\"https:\\\/\\\/conexmetals.com\\\/de\\\/produkt\\\/regenwasserrohr-rwp-verbindungen\\\/#primaryimage\"},\"thumbnailUrl\":\"https:\\\/\\\/conexmetals.com\\\/wp-content\\\/uploads\\\/2025\\\/01\\\/Regenwasserrohr-RWP-Verbindungen.webp\",\"datePublished\":\"2023-08-18T05:02:52+00:00\",\"dateModified\":\"2025-01-03T07:13:42+00:00\",\"description\":\"Entdecken Sie die Regenwasserrohr-RWP-Verbindungen von Conex Metals, darunter Erdungsklemmen f\u00fcr Regenwasserrohre und L\u00f6sungen zur Dachrinnenfallrohrverbindung. Unsere Produkte sorgen f\u00fcr effektiven Blitzschutz und sichere elektrische Erdung. Vertrauensw\u00fcrdiger Hersteller, Exporteur und Lieferant aus Indien.\",\"breadcrumb\":{\"@id\":\"https:\\\/\\\/conexmetals.com\\\/de\\\/produkt\\\/regenwasserrohr-rwp-verbindungen\\\/#breadcrumb\"},\"inLanguage\":\"de\",\"potentialAction\":[{\"@type\":\"ReadAction\",\"target\":[\"https:\\\/\\\/conexmetals.com\\\/de\\\/produkt\\\/regenwasserrohr-rwp-verbindungen\\\/\"]}]},{\"@type\":\"ImageObject\",\"inLanguage\":\"de\",\"@id\":\"https:\\\/\\\/conexmetals.com\\\/de\\\/produkt\\\/regenwasserrohr-rwp-verbindungen\\\/#primaryimage\",\"url\":\"https:\\\/\\\/conexmetals.com\\\/wp-content\\\/uploads\\\/2025\\\/01\\\/Regenwasserrohr-RWP-Verbindungen.webp\",\"contentUrl\":\"https:\\\/\\\/conexmetals.com\\\/wp-content\\\/uploads\\\/2025\\\/01\\\/Regenwasserrohr-RWP-Verbindungen.webp\",\"width\":350,\"height\":350,\"caption\":\"Regenwasserrohr-RWP-Verbindungen\"},{\"@type\":\"BreadcrumbList\",\"@id\":\"https:\\\/\\\/conexmetals.com\\\/de\\\/produkt\\\/regenwasserrohr-rwp-verbindungen\\\/#breadcrumb\",\"itemListElement\":[{\"@type\":\"ListItem\",\"position\":1,\"name\":\"Home\",\"item\":\"https:\\\/\\\/conexmetals.com\\\/de\\\/heim\\\/\"},{\"@type\":\"ListItem\",\"position\":2,\"name\":\"Products\",\"item\":\"https:\\\/\\\/conexmetals.com\\\/products\\\/\"},{\"@type\":\"ListItem\",\"position\":3,\"name\":\"Regenwasserrohr-RWP-Verbindungen\"}]},{\"@type\":\"WebSite\",\"@id\":\"https:\\\/\\\/conexmetals.com\\\/de\\\/#website\",\"url\":\"https:\\\/\\\/conexmetals.com\\\/de\\\/\",\"name\":\"Conex Metals Brass Fittings Brass Parts Copper Parts Brass Components Brass Plumbing Fittings India\",\"description\":\"Manufacturer of Bronze Fittings casting Copper Brass parts components\",\"publisher\":{\"@id\":\"https:\\\/\\\/conexmetals.com\\\/de\\\/#organization\"},\"potentialAction\":[{\"@type\":\"SearchAction\",\"target\":{\"@type\":\"EntryPoint\",\"urlTemplate\":\"https:\\\/\\\/conexmetals.com\\\/de\\\/?s={search_term_string}\"},\"query-input\":{\"@type\":\"PropertyValueSpecification\",\"valueRequired\":true,\"valueName\":\"search_term_string\"}}],\"inLanguage\":\"de\"},{\"@type\":\"Organization\",\"@id\":\"https:\\\/\\\/conexmetals.com\\\/de\\\/#organization\",\"name\":\"Conex Metals Brass Fittings Brass Parts Copper Parts Brass Components Brass Plumbing Fittings India\",\"url\":\"https:\\\/\\\/conexmetals.com\\\/de\\\/\",\"logo\":{\"@type\":\"ImageObject\",\"inLanguage\":\"de\",\"@id\":\"https:\\\/\\\/conexmetals.com\\\/de\\\/#\\\/schema\\\/logo\\\/image\\\/\",\"url\":\"https:\\\/\\\/conexmetals.com\\\/wp-content\\\/uploads\\\/2024\\\/03\\\/conex-metals-logo.webp\",\"contentUrl\":\"https:\\\/\\\/conexmetals.com\\\/wp-content\\\/uploads\\\/2024\\\/03\\\/conex-metals-logo.webp\",\"width\":300,\"height\":121,\"caption\":\"Conex Metals Brass Fittings Brass Parts Copper Parts Brass Components Brass Plumbing Fittings India\"},\"image\":{\"@id\":\"https:\\\/\\\/conexmetals.com\\\/de\\\/#\\\/schema\\\/logo\\\/image\\\/\"},\"sameAs\":[\"https:\\\/\\\/www.facebook.com\\\/conexbrass\",\"https:\\\/\\\/x.com\\\/conexindia\",\"https:\\\/\\\/www.linkedin.com\\\/company\\\/conex-metals-india\\\/\",\"https:\\\/\\\/www.instagram.com\\\/conexindia\\\/\"]}]}<\/script>\n<!-- \/ Yoast SEO plugin. -->","yoast_head_json":{"title":"Regenwasserrohr-RWP-Verbindungen","description":"Entdecken Sie die Regenwasserrohr-RWP-Verbindungen von Conex Metals, darunter Erdungsklemmen f\u00fcr Regenwasserrohre und L\u00f6sungen zur Dachrinnenfallrohrverbindung. Unsere Produkte sorgen f\u00fcr effektiven Blitzschutz und sichere elektrische Erdung. Vertrauensw\u00fcrdiger Hersteller, Exporteur und Lieferant aus Indien.","robots":{"index":"index","follow":"follow","max-snippet":"max-snippet:-1","max-image-preview":"max-image-preview:large","max-video-preview":"max-video-preview:-1"},"canonical":"https:\/\/conexmetals.com\/de\/produkt\/regenwasserrohr-rwp-verbindungen\/","schema":{"@context":"https:\/\/schema.org","@graph":[{"@type":"WebPage","@id":"https:\/\/conexmetals.com\/de\/produkt\/regenwasserrohr-rwp-verbindungen\/","url":"https:\/\/conexmetals.com\/de\/produkt\/regenwasserrohr-rwp-verbindungen\/","name":"Regenwasserrohr-RWP-Verbindungen","isPartOf":{"@id":"https:\/\/conexmetals.com\/de\/#website"},"primaryImageOfPage":{"@id":"https:\/\/conexmetals.com\/de\/produkt\/regenwasserrohr-rwp-verbindungen\/#primaryimage"},"image":{"@id":"https:\/\/conexmetals.com\/de\/produkt\/regenwasserrohr-rwp-verbindungen\/#primaryimage"},"thumbnailUrl":"https:\/\/conexmetals.com\/wp-content\/uploads\/2025\/01\/Regenwasserrohr-RWP-Verbindungen.webp","datePublished":"2023-08-18T05:02:52+00:00","dateModified":"2025-01-03T07:13:42+00:00","description":"Entdecken Sie die Regenwasserrohr-RWP-Verbindungen von Conex Metals, darunter Erdungsklemmen f\u00fcr Regenwasserrohre und L\u00f6sungen zur Dachrinnenfallrohrverbindung. Unsere Produkte sorgen f\u00fcr effektiven Blitzschutz und sichere elektrische Erdung. Vertrauensw\u00fcrdiger Hersteller, Exporteur und Lieferant aus Indien.","breadcrumb":{"@id":"https:\/\/conexmetals.com\/de\/produkt\/regenwasserrohr-rwp-verbindungen\/#breadcrumb"},"inLanguage":"de","potentialAction":[{"@type":"ReadAction","target":["https:\/\/conexmetals.com\/de\/produkt\/regenwasserrohr-rwp-verbindungen\/"]}]},{"@type":"ImageObject","inLanguage":"de","@id":"https:\/\/conexmetals.com\/de\/produkt\/regenwasserrohr-rwp-verbindungen\/#primaryimage","url":"https:\/\/conexmetals.com\/wp-content\/uploads\/2025\/01\/Regenwasserrohr-RWP-Verbindungen.webp","contentUrl":"https:\/\/conexmetals.com\/wp-content\/uploads\/2025\/01\/Regenwasserrohr-RWP-Verbindungen.webp","width":350,"height":350,"caption":"Regenwasserrohr-RWP-Verbindungen"},{"@type":"BreadcrumbList","@id":"https:\/\/conexmetals.com\/de\/produkt\/regenwasserrohr-rwp-verbindungen\/#breadcrumb","itemListElement":[{"@type":"ListItem","position":1,"name":"Home","item":"https:\/\/conexmetals.com\/de\/heim\/"},{"@type":"ListItem","position":2,"name":"Products","item":"https:\/\/conexmetals.com\/products\/"},{"@type":"ListItem","position":3,"name":"Regenwasserrohr-RWP-Verbindungen"}]},{"@type":"WebSite","@id":"https:\/\/conexmetals.com\/de\/#website","url":"https:\/\/conexmetals.com\/de\/","name":"Conex Metals Brass Fittings Brass Parts Copper Parts Brass Components Brass Plumbing Fittings India","description":"Manufacturer of Bronze Fittings casting Copper Brass parts components","publisher":{"@id":"https:\/\/conexmetals.com\/de\/#organization"},"potentialAction":[{"@type":"SearchAction","target":{"@type":"EntryPoint","urlTemplate":"https:\/\/conexmetals.com\/de\/?s={search_term_string}"},"query-input":{"@type":"PropertyValueSpecification","valueRequired":true,"valueName":"search_term_string"}}],"inLanguage":"de"},{"@type":"Organization","@id":"https:\/\/conexmetals.com\/de\/#organization","name":"Conex Metals Brass Fittings Brass Parts Copper Parts Brass Components Brass Plumbing Fittings India","url":"https:\/\/conexmetals.com\/de\/","logo":{"@type":"ImageObject","inLanguage":"de","@id":"https:\/\/conexmetals.com\/de\/#\/schema\/logo\/image\/","url":"https:\/\/conexmetals.com\/wp-content\/uploads\/2024\/03\/conex-metals-logo.webp","contentUrl":"https:\/\/conexmetals.com\/wp-content\/uploads\/2024\/03\/conex-metals-logo.webp","width":300,"height":121,"caption":"Conex Metals Brass Fittings Brass Parts Copper Parts Brass Components Brass Plumbing Fittings India"},"image":{"@id":"https:\/\/conexmetals.com\/de\/#\/schema\/logo\/image\/"},"sameAs":["https:\/\/www.facebook.com\/conexbrass","https:\/\/x.com\/conexindia","https:\/\/www.linkedin.com\/company\/conex-metals-india\/","https:\/\/www.instagram.com\/conexindia\/"]}]}},"_links":{"self":[{"href":"https:\/\/conexmetals.com\/de\/wp-json\/wp\/v2\/product\/12633","targetHints":{"allow":["GET"]}}],"collection":[{"href":"https:\/\/conexmetals.com\/de\/wp-json\/wp\/v2\/product"}],"about":[{"href":"https:\/\/conexmetals.com\/de\/wp-json\/wp\/v2\/types\/product"}],"wp:featuredmedia":[{"embeddable":true,"href":"https:\/\/conexmetals.com\/de\/wp-json\/wp\/v2\/media\/12545"}],"wp:attachment":[{"href":"https:\/\/conexmetals.com\/de\/wp-json\/wp\/v2\/media?parent=12633"}],"wp:term":[{"taxonomy":"product_brand","embeddable":true,"href":"https:\/\/conexmetals.com\/de\/wp-json\/wp\/v2\/product_brand?post=12633"},{"taxonomy":"product_cat","embeddable":true,"href":"https:\/\/conexmetals.com\/de\/wp-json\/wp\/v2\/product_cat?post=12633"},{"taxonomy":"product_tag","embeddable":true,"href":"https:\/\/conexmetals.com\/de\/wp-json\/wp\/v2\/product_tag?post=12633"}],"curies":[{"name":"wp","href":"https:\/\/api.w.org\/{rel}","templated":true}]}}