{"id":12639,"date":"2023-08-18T10:36:09","date_gmt":"2023-08-18T05:06:09","guid":{"rendered":"https:\/\/conexmetals.com\/?post_type=product&#038;p=12639"},"modified":"2025-01-03T13:00:13","modified_gmt":"2025-01-03T07:30:13","slug":"stangen-zu-kabel-klemmen","status":"publish","type":"product","link":"https:\/\/conexmetals.com\/de\/produkt\/stangen-zu-kabel-klemmen\/","title":{"rendered":"Stangen-zu-Kabel-Klemmen"},"content":{"rendered":"","protected":false},"excerpt":{"rendered":"<div class=\"elementor-element elementor-element-d6f7035 elementor-widget elementor-widget-woocommerce-product-title elementor-page-title elementor-widget-heading\" data-id=\"d6f7035\" data-element_type=\"widget\" data-widget_type=\"woocommerce-product-title.default\">\n<div class=\"elementor-widget-container\">\n<p class=\"product_title entry-title elementor-heading-title elementor-size-default\">\u00a0<img fetchpriority=\"high\" decoding=\"async\" class=\"alignnone wp-image-6751 size-full lazy loaded\" src=\"https:\/\/conexmetals.com\/wp-content\/uploads\/2023\/08\/Earth-Rod-to-Cable.jpg\" alt=\"Erdungsstab zum Kabel\" width=\"732\" height=\"250\" data-src=\"https:\/\/conexmetals.com\/wp-content\/uploads\/2023\/08\/Earth-Rod-to-Cable.jpg\" data-was-processed=\"true\" srcset=\"https:\/\/conexmetals.com\/wp-content\/uploads\/2023\/08\/Earth-Rod-to-Cable.jpg 732w, https:\/\/conexmetals.com\/wp-content\/uploads\/2023\/08\/Earth-Rod-to-Cable-300x102.jpg 300w, https:\/\/conexmetals.com\/wp-content\/uploads\/2023\/08\/Earth-Rod-to-Cable-700x239.jpg 700w\" sizes=\"(max-width: 732px) 100vw, 732px\" \/><\/p>\n<\/div>\n<\/div>\n<div class=\"elementor-element elementor-element-36d2ab8 elementor-widget elementor-widget-woocommerce-product-short-description\" data-id=\"36d2ab8\" data-element_type=\"widget\" data-widget_type=\"woocommerce-product-short-description.default\">\n<div class=\"elementor-widget-container\">\n<div class=\"woocommerce-product-details__short-description\">\n<p>&nbsp;<\/p>\n<table id=\"tablepress-347\" class=\"tablepress tablepress-id-347\">\n<caption><a href=\"https:\/\/conexmetals.com\/wp-admin\/admin.php?page=tablepress&amp;action=edit&amp;table_id=347\" rel=\"nofollow\"><span>Bearbeiten<\/span><\/a><\/caption>\n<thead>\n<tr class=\"row-1 odd\">\n<th class=\"column-1\" colspan=\"7\"><strong><span>Erdungsstab zum Kabel<\/span><\/strong><\/th>\n<\/tr>\n<\/thead>\n<tbody class=\"row-hover\">\n<tr class=\"row-2 even\">\n<td class=\"column-1\"><strong><span>Erdungsstab Schaft \u00d8 mm<\/span><\/strong><\/td>\n<td class=\"column-2\"><strong><span>Leiterquerschnitt mm\u00a0<\/span><sup><span>2<\/span><\/sup><\/strong><\/td>\n<td class=\"column-3\"><strong><span>L mm<\/span><\/strong><\/td>\n<td class=\"column-4\"><strong><span>B mm<\/span><\/strong><\/td>\n<td class=\"column-5\"><strong><span>Hmm<\/span><\/strong><\/td>\n<td class=\"column-6\"><strong><span>St\u00fcckgewicht kg<\/span><\/strong><\/td>\n<td class=\"column-7\"><strong><span>Teil<\/span><\/strong><\/td>\n<\/tr>\n<tr class=\"row-3 odd\">\n<td class=\"column-1\"><span>9,5<\/span><\/td>\n<td class=\"column-2\"><span>6-35<\/span><\/td>\n<td class=\"column-3\"><span>32<\/span><\/td>\n<td class=\"column-4\"><span>20<\/span><\/td>\n<td class=\"column-5\"><span>16<\/span><\/td>\n<td class=\"column-6\"><span>0,04<\/span><\/td>\n<td class=\"column-7\"><span>A<\/span><\/td>\n<\/tr>\n<tr class=\"row-4 even\">\n<td class=\"column-1\" rowspan=\"3\"><span>12.7<\/span><\/td>\n<td class=\"column-2\"><span>6-35<\/span><\/td>\n<td class=\"column-3\"><span>34<\/span><\/td>\n<td class=\"column-4\"><span>25<\/span><\/td>\n<td class=\"column-5\"><span>15<\/span><\/td>\n<td class=\"column-6\"><span>0,05<\/span><\/td>\n<td class=\"column-7\"><span>B<\/span><\/td>\n<\/tr>\n<tr class=\"row-5 odd\">\n<td class=\"column-2\"><span>35-70<\/span><\/td>\n<td class=\"column-3\"><span>41<\/span><\/td>\n<td class=\"column-4\"><span>25<\/span><\/td>\n<td class=\"column-5\"><span>17<\/span><\/td>\n<td class=\"column-6\"><span>0,08<\/span><\/td>\n<td class=\"column-7\"><span>C<\/span><\/td>\n<\/tr>\n<tr class=\"row-6 even\">\n<td class=\"column-2\"><span>6-16<\/span><\/td>\n<td class=\"column-3\"><span>34<\/span><\/td>\n<td class=\"column-4\"><span>25<\/span><\/td>\n<td class=\"column-5\"><span>15<\/span><\/td>\n<td class=\"column-6\"><span>0,05<\/span><\/td>\n<td class=\"column-7\"><span>B<\/span><\/td>\n<\/tr>\n<tr class=\"row-7 odd\">\n<td class=\"column-1\" rowspan=\"3\"><span>14.2<\/span><\/td>\n<td class=\"column-2\"><span>16-70<\/span><\/td>\n<td class=\"column-3\"><span>41<\/span><\/td>\n<td class=\"column-4\"><span>25<\/span><\/td>\n<td class=\"column-5\"><span>17<\/span><\/td>\n<td class=\"column-6\"><span>0,08<\/span><\/td>\n<td class=\"column-7\"><span>C<\/span><\/td>\n<\/tr>\n<tr class=\"row-8 even\">\n<td class=\"column-2\"><span>70-185<\/span><\/td>\n<td class=\"column-3\"><span>48<\/span><\/td>\n<td class=\"column-4\"><span>30<\/span><\/td>\n<td class=\"column-5\"><span>19<\/span><\/td>\n<td class=\"column-6\"><span>0,1<\/span><\/td>\n<td class=\"column-7\"><span>D<\/span><\/td>\n<\/tr>\n<tr class=\"row-9 odd\">\n<td class=\"column-2\"><span>6-16<\/span><\/td>\n<td class=\"column-3\"><span>34<\/span><\/td>\n<td class=\"column-4\"><span>25<\/span><\/td>\n<td class=\"column-5\"><span>15<\/span><\/td>\n<td class=\"column-6\"><span>0,05<\/span><\/td>\n<td class=\"column-7\"><span>B<\/span><\/td>\n<\/tr>\n<tr class=\"row-10 even\">\n<td class=\"column-1\" rowspan=\"2\"><span>15,0<\/span><\/td>\n<td class=\"column-2\"><span>16-70<\/span><\/td>\n<td class=\"column-3\"><span>41<\/span><\/td>\n<td class=\"column-4\"><span>25<\/span><\/td>\n<td class=\"column-5\"><span>17<\/span><\/td>\n<td class=\"column-6\"><span>0,08<\/span><\/td>\n<td class=\"column-7\"><span>C<\/span><\/td>\n<\/tr>\n<tr class=\"row-11 odd\">\n<td class=\"column-2\"><span>70-150<\/span><\/td>\n<td class=\"column-3\"><span>48<\/span><\/td>\n<td class=\"column-4\"><span>30<\/span><\/td>\n<td class=\"column-5\"><span>19<\/span><\/td>\n<td class=\"column-6\"><span>0,1<\/span><\/td>\n<td class=\"column-7\"><span>D<\/span><\/td>\n<\/tr>\n<tr class=\"row-12 even\">\n<td class=\"column-1\" rowspan=\"2\"><span>16,0<\/span><\/td>\n<td class=\"column-2\"><span>6-70<\/span><\/td>\n<td class=\"column-3\"><span>41<\/span><\/td>\n<td class=\"column-4\"><span>25<\/span><\/td>\n<td class=\"column-5\"><span>17<\/span><\/td>\n<td class=\"column-6\"><span>0,08<\/span><\/td>\n<td class=\"column-7\"><span>C<\/span><\/td>\n<\/tr>\n<tr class=\"row-13 odd\">\n<td class=\"column-2\"><span>70-120<\/span><\/td>\n<td class=\"column-3\"><span>48<\/span><\/td>\n<td class=\"column-4\"><span>30<\/span><\/td>\n<td class=\"column-5\"><span>19<\/span><\/td>\n<td class=\"column-6\"><span>0,1<\/span><\/td>\n<td class=\"column-7\"><span>D<\/span><\/td>\n<\/tr>\n<tr class=\"row-14 even\">\n<td class=\"column-1\"><span>17.2<\/span><\/td>\n<td class=\"column-2\"><span>6-95<\/span><\/td>\n<td class=\"column-3\"><span>48<\/span><\/td>\n<td class=\"column-4\"><span>30<\/span><\/td>\n<td class=\"column-5\"><span>19<\/span><\/td>\n<td class=\"column-6\"><span>0,1<\/span><\/td>\n<td class=\"column-7\"><span>D<\/span><\/td>\n<\/tr>\n<tr class=\"row-15 odd\">\n<td class=\"column-1\"><span>20,0<\/span><\/td>\n<td class=\"column-2\"><span>6-70<\/span><\/td>\n<td class=\"column-3\"><span>48<\/span><\/td>\n<td class=\"column-4\"><span>30<\/span><\/td>\n<td class=\"column-5\"><span>19<\/span><\/td>\n<td class=\"column-6\"><span>0,1<\/span><\/td>\n<td class=\"column-7\"><span>D<\/span><\/td>\n<\/tr>\n<\/tbody>\n<\/table>\n<p><strong><img decoding=\"async\" class=\"size-full wp-image-6766 alignright lazy loaded\" src=\"https:\/\/conexmetals.com\/wp-content\/uploads\/2023\/08\/Rod-To-Cable-Clamps-line-drawing.jpg\" alt=\"Strichzeichnung von Stangen-zu-Kabel-Klemmen\" width=\"295\" height=\"300\" data-src=\"https:\/\/conexmetals.com\/wp-content\/uploads\/2023\/08\/Rod-To-Cable-Clamps-line-drawing.jpg\" data-was-processed=\"true\" \/><span>Material:\u00a0<\/span><\/strong><span>\u00a0Rotguss mit M10 x 25 mm Stellschraube aus Phosphorbronze.<\/span><br \/>\n<span>(ERR1035 aus Marinemessing mit M6 x 20 mm Stellschraube aus Edelstahl).<\/span><br \/>\n<span>* Geeignet f\u00fcr die Verwendung mit massiven runden Kupferleitern mit 8 mm \u00d8.<\/span>&nbsp;<\/p>\n<p><span>Stab-Kabel-Klemmen, auch Stab-Draht-Klemmen oder Stab-Erdungsdraht-Klemmen genannt, sind spezielle elektrische Armaturen, die dazu dienen, eine mechanische und elektrische Verbindung zwischen einem Erdungsstab (oder Erdungsstab) und einem Erdungsleiter, typischerweise einem Kupfer- oder Aluminiumkabel, herzustellen. Diese Klemmen sind ein wesentlicher Bestandteil von Erdungssystemen und bieten einen zuverl\u00e4ssigen Weg, \u00fcber den Fehlerstr\u00f6me sicher in den Boden abgeleitet werden k\u00f6nnen.<\/span><\/p>\n<p><span>Zu den Hauptmerkmalen und Einsatzm\u00f6glichkeiten von Stangen-Kabelklemmen geh\u00f6ren:<\/span><\/p>\n<ol>\n<li><span>Aufbau: Erdungsstangen-Kabelklemmen bestehen typischerweise aus zwei Teilen \u2013 einer Klemme, die den Erdungsleiter (das Kabel) sicher h\u00e4lt und einem Bolzen oder einer Schraube, die die Klemme mit der Erdungsstange verbindet.<\/span><\/li>\n<li><span>Material: Stangen-Kabelklemmen bestehen aus Materialien mit hoher Leitf\u00e4higkeit, wie Kupfer oder Bronze, um eine Verbindung mit geringem Widerstand zu gew\u00e4hrleisten.<\/span><\/li>\n<li><span>Gr\u00f6\u00dfe: Die Gr\u00f6\u00dfe der Klemme ist auf den jeweiligen Durchmesser des Erdungsleiters abgestimmt und gew\u00e4hrleistet so eine feste und effektive Verbindung.<\/span><\/li>\n<li><span>Installation: Erdungsstangenklemmen sind relativ einfach zu installieren. Das Kabel wird in die Klemme eingef\u00fchrt und die Klemme dann mit dem mitgelieferten Bolzen oder der Schraube an der Erdungsstange befestigt.<\/span><\/li>\n<li><span>Erdungssystem: Stab-Kabelklemmen sind ein wichtiger Teil des Erdungssystems, da sie eine ordnungsgem\u00e4\u00dfe Verbindung zwischen dem Erdungsleiter und der Erdungselektrode (Stab) gew\u00e4hrleisten.<\/span><\/li>\n<li><span>Blitzschutz: In Blitzschutzsystemen werden Stab-Kabel-Klemmen verwendet, um den Ableiter (das Kabel) des Blitzschutzsystems mit dem Erdungsstab zu verbinden und so einen sicheren Weg f\u00fcr die Entladung von Blitzstr\u00f6men in den Boden bereitzustellen.<\/span><\/li>\n<li><span>Elektrische Sicherheit: Ordnungsgem\u00e4\u00df installierte Stangen-Kabelklemmen gew\u00e4hrleisten die Kontinuit\u00e4t des Erdungssystems, verringern das Risiko elektrischer Gefahren und bieten einen zuverl\u00e4ssigen Pfad f\u00fcr Fehlerstr\u00f6me.<\/span><\/li>\n<li><span>Anwendungen im Au\u00dfenbereich: Stangen-Kabelklemmen werden h\u00e4ufig bei Installationen im Au\u00dfenbereich verwendet, beispielsweise an Strommasten, Kommunikationst\u00fcrmen, Umspannwerken und anderen geerdeten Strukturen.<\/span><\/li>\n<\/ol>\n<\/div>\n<\/div>\n<\/div>\n","protected":false},"featured_media":12550,"template":"","meta":[],"product_brand":[],"product_cat":[380],"product_tag":[],"class_list":{"0":"post-12639","1":"product","2":"type-product","3":"status-publish","4":"has-post-thumbnail","6":"product_cat-erdungszubehor","8":"first","9":"instock","10":"shipping-taxable","11":"product-type-simple"},"yoast_head":"<!-- This site is optimized with the Yoast SEO plugin v27.3 - https:\/\/yoast.com\/product\/yoast-seo-wordpress\/ -->\n<title>Stangen-zu-Kabel-Klemmen<\/title>\n<meta name=\"description\" content=\"Conex Metals bietet hochwertige Stangen-zu-Kabel-Klemmen, darunter Erdungsstangenklemmen und Kupfererdungsklemmen. Unsere Erdungsdrahtklemmen und mechanischen Erdungsverbindungen gew\u00e4hrleisten sichere Erdungsverbindungen. F\u00fchrender Hersteller, Exporteur und Lieferant aus Indien.\" \/>\n<meta name=\"robots\" content=\"index, follow, max-snippet:-1, max-image-preview:large, max-video-preview:-1\" \/>\n<link rel=\"canonical\" href=\"https:\/\/conexmetals.com\/de\/produkt\/stangen-zu-kabel-klemmen\/\" \/>\n<script type=\"application\/ld+json\" class=\"yoast-schema-graph\">{\"@context\":\"https:\\\/\\\/schema.org\",\"@graph\":[{\"@type\":\"WebPage\",\"@id\":\"https:\\\/\\\/conexmetals.com\\\/de\\\/produkt\\\/stangen-zu-kabel-klemmen\\\/\",\"url\":\"https:\\\/\\\/conexmetals.com\\\/de\\\/produkt\\\/stangen-zu-kabel-klemmen\\\/\",\"name\":\"Stangen-zu-Kabel-Klemmen\",\"isPartOf\":{\"@id\":\"https:\\\/\\\/conexmetals.com\\\/de\\\/#website\"},\"primaryImageOfPage\":{\"@id\":\"https:\\\/\\\/conexmetals.com\\\/de\\\/produkt\\\/stangen-zu-kabel-klemmen\\\/#primaryimage\"},\"image\":{\"@id\":\"https:\\\/\\\/conexmetals.com\\\/de\\\/produkt\\\/stangen-zu-kabel-klemmen\\\/#primaryimage\"},\"thumbnailUrl\":\"https:\\\/\\\/conexmetals.com\\\/wp-content\\\/uploads\\\/2025\\\/01\\\/Stangen-zu-Kabel-Klemmen.webp\",\"datePublished\":\"2023-08-18T05:06:09+00:00\",\"dateModified\":\"2025-01-03T07:30:13+00:00\",\"description\":\"Conex Metals bietet hochwertige Stangen-zu-Kabel-Klemmen, darunter Erdungsstangenklemmen und Kupfererdungsklemmen. Unsere Erdungsdrahtklemmen und mechanischen Erdungsverbindungen gew\u00e4hrleisten sichere Erdungsverbindungen. F\u00fchrender Hersteller, Exporteur und Lieferant aus Indien.\",\"breadcrumb\":{\"@id\":\"https:\\\/\\\/conexmetals.com\\\/de\\\/produkt\\\/stangen-zu-kabel-klemmen\\\/#breadcrumb\"},\"inLanguage\":\"de\",\"potentialAction\":[{\"@type\":\"ReadAction\",\"target\":[\"https:\\\/\\\/conexmetals.com\\\/de\\\/produkt\\\/stangen-zu-kabel-klemmen\\\/\"]}]},{\"@type\":\"ImageObject\",\"inLanguage\":\"de\",\"@id\":\"https:\\\/\\\/conexmetals.com\\\/de\\\/produkt\\\/stangen-zu-kabel-klemmen\\\/#primaryimage\",\"url\":\"https:\\\/\\\/conexmetals.com\\\/wp-content\\\/uploads\\\/2025\\\/01\\\/Stangen-zu-Kabel-Klemmen.webp\",\"contentUrl\":\"https:\\\/\\\/conexmetals.com\\\/wp-content\\\/uploads\\\/2025\\\/01\\\/Stangen-zu-Kabel-Klemmen.webp\",\"width\":350,\"height\":350,\"caption\":\"Stangen-zu-Kabel-Klemmen\"},{\"@type\":\"BreadcrumbList\",\"@id\":\"https:\\\/\\\/conexmetals.com\\\/de\\\/produkt\\\/stangen-zu-kabel-klemmen\\\/#breadcrumb\",\"itemListElement\":[{\"@type\":\"ListItem\",\"position\":1,\"name\":\"Home\",\"item\":\"https:\\\/\\\/conexmetals.com\\\/de\\\/heim\\\/\"},{\"@type\":\"ListItem\",\"position\":2,\"name\":\"Products\",\"item\":\"https:\\\/\\\/conexmetals.com\\\/products\\\/\"},{\"@type\":\"ListItem\",\"position\":3,\"name\":\"Stangen-zu-Kabel-Klemmen\"}]},{\"@type\":\"WebSite\",\"@id\":\"https:\\\/\\\/conexmetals.com\\\/de\\\/#website\",\"url\":\"https:\\\/\\\/conexmetals.com\\\/de\\\/\",\"name\":\"Conex Metals Brass Fittings Brass Parts Copper Parts Brass Components Brass Plumbing Fittings India\",\"description\":\"Manufacturer of Bronze Fittings casting Copper Brass parts components\",\"publisher\":{\"@id\":\"https:\\\/\\\/conexmetals.com\\\/de\\\/#organization\"},\"potentialAction\":[{\"@type\":\"SearchAction\",\"target\":{\"@type\":\"EntryPoint\",\"urlTemplate\":\"https:\\\/\\\/conexmetals.com\\\/de\\\/?s={search_term_string}\"},\"query-input\":{\"@type\":\"PropertyValueSpecification\",\"valueRequired\":true,\"valueName\":\"search_term_string\"}}],\"inLanguage\":\"de\"},{\"@type\":\"Organization\",\"@id\":\"https:\\\/\\\/conexmetals.com\\\/de\\\/#organization\",\"name\":\"Conex Metals Brass Fittings Brass Parts Copper Parts Brass Components Brass Plumbing Fittings India\",\"url\":\"https:\\\/\\\/conexmetals.com\\\/de\\\/\",\"logo\":{\"@type\":\"ImageObject\",\"inLanguage\":\"de\",\"@id\":\"https:\\\/\\\/conexmetals.com\\\/de\\\/#\\\/schema\\\/logo\\\/image\\\/\",\"url\":\"https:\\\/\\\/conexmetals.com\\\/wp-content\\\/uploads\\\/2024\\\/03\\\/conex-metals-logo.webp\",\"contentUrl\":\"https:\\\/\\\/conexmetals.com\\\/wp-content\\\/uploads\\\/2024\\\/03\\\/conex-metals-logo.webp\",\"width\":300,\"height\":121,\"caption\":\"Conex Metals Brass Fittings Brass Parts Copper Parts Brass Components Brass Plumbing Fittings India\"},\"image\":{\"@id\":\"https:\\\/\\\/conexmetals.com\\\/de\\\/#\\\/schema\\\/logo\\\/image\\\/\"},\"sameAs\":[\"https:\\\/\\\/www.facebook.com\\\/conexbrass\",\"https:\\\/\\\/x.com\\\/conexindia\",\"https:\\\/\\\/www.linkedin.com\\\/company\\\/conex-metals-india\\\/\",\"https:\\\/\\\/www.instagram.com\\\/conexindia\\\/\"]}]}<\/script>\n<!-- \/ Yoast SEO plugin. -->","yoast_head_json":{"title":"Stangen-zu-Kabel-Klemmen","description":"Conex Metals bietet hochwertige Stangen-zu-Kabel-Klemmen, darunter Erdungsstangenklemmen und Kupfererdungsklemmen. Unsere Erdungsdrahtklemmen und mechanischen Erdungsverbindungen gew\u00e4hrleisten sichere Erdungsverbindungen. F\u00fchrender Hersteller, Exporteur und Lieferant aus Indien.","robots":{"index":"index","follow":"follow","max-snippet":"max-snippet:-1","max-image-preview":"max-image-preview:large","max-video-preview":"max-video-preview:-1"},"canonical":"https:\/\/conexmetals.com\/de\/produkt\/stangen-zu-kabel-klemmen\/","schema":{"@context":"https:\/\/schema.org","@graph":[{"@type":"WebPage","@id":"https:\/\/conexmetals.com\/de\/produkt\/stangen-zu-kabel-klemmen\/","url":"https:\/\/conexmetals.com\/de\/produkt\/stangen-zu-kabel-klemmen\/","name":"Stangen-zu-Kabel-Klemmen","isPartOf":{"@id":"https:\/\/conexmetals.com\/de\/#website"},"primaryImageOfPage":{"@id":"https:\/\/conexmetals.com\/de\/produkt\/stangen-zu-kabel-klemmen\/#primaryimage"},"image":{"@id":"https:\/\/conexmetals.com\/de\/produkt\/stangen-zu-kabel-klemmen\/#primaryimage"},"thumbnailUrl":"https:\/\/conexmetals.com\/wp-content\/uploads\/2025\/01\/Stangen-zu-Kabel-Klemmen.webp","datePublished":"2023-08-18T05:06:09+00:00","dateModified":"2025-01-03T07:30:13+00:00","description":"Conex Metals bietet hochwertige Stangen-zu-Kabel-Klemmen, darunter Erdungsstangenklemmen und Kupfererdungsklemmen. Unsere Erdungsdrahtklemmen und mechanischen Erdungsverbindungen gew\u00e4hrleisten sichere Erdungsverbindungen. F\u00fchrender Hersteller, Exporteur und Lieferant aus Indien.","breadcrumb":{"@id":"https:\/\/conexmetals.com\/de\/produkt\/stangen-zu-kabel-klemmen\/#breadcrumb"},"inLanguage":"de","potentialAction":[{"@type":"ReadAction","target":["https:\/\/conexmetals.com\/de\/produkt\/stangen-zu-kabel-klemmen\/"]}]},{"@type":"ImageObject","inLanguage":"de","@id":"https:\/\/conexmetals.com\/de\/produkt\/stangen-zu-kabel-klemmen\/#primaryimage","url":"https:\/\/conexmetals.com\/wp-content\/uploads\/2025\/01\/Stangen-zu-Kabel-Klemmen.webp","contentUrl":"https:\/\/conexmetals.com\/wp-content\/uploads\/2025\/01\/Stangen-zu-Kabel-Klemmen.webp","width":350,"height":350,"caption":"Stangen-zu-Kabel-Klemmen"},{"@type":"BreadcrumbList","@id":"https:\/\/conexmetals.com\/de\/produkt\/stangen-zu-kabel-klemmen\/#breadcrumb","itemListElement":[{"@type":"ListItem","position":1,"name":"Home","item":"https:\/\/conexmetals.com\/de\/heim\/"},{"@type":"ListItem","position":2,"name":"Products","item":"https:\/\/conexmetals.com\/products\/"},{"@type":"ListItem","position":3,"name":"Stangen-zu-Kabel-Klemmen"}]},{"@type":"WebSite","@id":"https:\/\/conexmetals.com\/de\/#website","url":"https:\/\/conexmetals.com\/de\/","name":"Conex Metals Brass Fittings Brass Parts Copper Parts Brass Components Brass Plumbing Fittings India","description":"Manufacturer of Bronze Fittings casting Copper Brass parts components","publisher":{"@id":"https:\/\/conexmetals.com\/de\/#organization"},"potentialAction":[{"@type":"SearchAction","target":{"@type":"EntryPoint","urlTemplate":"https:\/\/conexmetals.com\/de\/?s={search_term_string}"},"query-input":{"@type":"PropertyValueSpecification","valueRequired":true,"valueName":"search_term_string"}}],"inLanguage":"de"},{"@type":"Organization","@id":"https:\/\/conexmetals.com\/de\/#organization","name":"Conex Metals Brass Fittings Brass Parts Copper Parts Brass Components Brass Plumbing Fittings India","url":"https:\/\/conexmetals.com\/de\/","logo":{"@type":"ImageObject","inLanguage":"de","@id":"https:\/\/conexmetals.com\/de\/#\/schema\/logo\/image\/","url":"https:\/\/conexmetals.com\/wp-content\/uploads\/2024\/03\/conex-metals-logo.webp","contentUrl":"https:\/\/conexmetals.com\/wp-content\/uploads\/2024\/03\/conex-metals-logo.webp","width":300,"height":121,"caption":"Conex Metals Brass Fittings Brass Parts Copper Parts Brass Components Brass Plumbing Fittings India"},"image":{"@id":"https:\/\/conexmetals.com\/de\/#\/schema\/logo\/image\/"},"sameAs":["https:\/\/www.facebook.com\/conexbrass","https:\/\/x.com\/conexindia","https:\/\/www.linkedin.com\/company\/conex-metals-india\/","https:\/\/www.instagram.com\/conexindia\/"]}]}},"_links":{"self":[{"href":"https:\/\/conexmetals.com\/de\/wp-json\/wp\/v2\/product\/12639","targetHints":{"allow":["GET"]}}],"collection":[{"href":"https:\/\/conexmetals.com\/de\/wp-json\/wp\/v2\/product"}],"about":[{"href":"https:\/\/conexmetals.com\/de\/wp-json\/wp\/v2\/types\/product"}],"wp:featuredmedia":[{"embeddable":true,"href":"https:\/\/conexmetals.com\/de\/wp-json\/wp\/v2\/media\/12550"}],"wp:attachment":[{"href":"https:\/\/conexmetals.com\/de\/wp-json\/wp\/v2\/media?parent=12639"}],"wp:term":[{"taxonomy":"product_brand","embeddable":true,"href":"https:\/\/conexmetals.com\/de\/wp-json\/wp\/v2\/product_brand?post=12639"},{"taxonomy":"product_cat","embeddable":true,"href":"https:\/\/conexmetals.com\/de\/wp-json\/wp\/v2\/product_cat?post=12639"},{"taxonomy":"product_tag","embeddable":true,"href":"https:\/\/conexmetals.com\/de\/wp-json\/wp\/v2\/product_tag?post=12639"}],"curies":[{"name":"wp","href":"https:\/\/api.w.org\/{rel}","templated":true}]}}