{"id":12643,"date":"2023-08-18T10:32:17","date_gmt":"2023-08-18T05:02:17","guid":{"rendered":"https:\/\/conexmetals.com\/?post_type=product&#038;p=12643"},"modified":"2025-01-03T14:20:41","modified_gmt":"2025-01-03T08:50:41","slug":"stangen-zu-band-a-klemmen","status":"publish","type":"product","link":"https:\/\/conexmetals.com\/de\/produkt\/stangen-zu-band-a-klemmen\/","title":{"rendered":"Stangen-zu-Band-A-Klemmen"},"content":{"rendered":"","protected":false},"excerpt":{"rendered":"<table id=\"tablepress-348\" class=\"tablepress tablepress-id-348\">\n<caption>\u00a0<\/caption>\n<thead>\n<tr class=\"row-1 odd\">\n<th class=\"column-1\" colspan=\"8\"><strong><span>Stange zum Band A-Klemmen<\/span><\/strong><\/th>\n<\/tr>\n<\/thead>\n<tbody class=\"row-hover\">\n<tr class=\"row-2 even\">\n<td class=\"column-1\"><strong><span>Erdungsstab Schaft mm<\/span><\/strong><\/td>\n<td class=\"column-2\"><strong><span>Maximale Bandgr\u00f6\u00dfe mm<\/span><\/strong><\/td>\n<td class=\"column-3\"><strong><span>L mm<\/span><\/strong><\/td>\n<td class=\"column-4\"><strong><span>B mm<\/span><\/strong><\/td>\n<td class=\"column-5\"><strong><span>Hmm<\/span><\/strong><\/td>\n<td class=\"column-6\"><strong><span>St\u00fcckgewicht kg<\/span><\/strong><\/td>\n<td class=\"column-7\"><strong><span>Verpackungseinheit<\/span><\/strong><\/td>\n<td class=\"column-8\"><strong><span>AN Wallis Teilenummer<\/span><\/strong><\/td>\n<\/tr>\n<tr class=\"row-3 odd\">\n<td class=\"column-1\" rowspan=\"4\"><span>14,2 mm Stangen<\/span><\/td>\n<td class=\"column-2\"><span>26 x 14<\/span><\/td>\n<td class=\"column-3\"><span>43<\/span><\/td>\n<td class=\"column-4\"><span>37<\/span><\/td>\n<td class=\"column-5\"><span>17<\/span><\/td>\n<td class=\"column-6\"><span>0,1<\/span><\/td>\n<td class=\"column-7\"><span>50<\/span><\/td>\n<td class=\"column-8\"><span>\u00c4ra 1625<\/span><\/td>\n<\/tr>\n<tr class=\"row-4 even\">\n<td class=\"column-2\"><span>32 x 14<\/span><\/td>\n<td class=\"column-3\"><span>43<\/span><\/td>\n<td class=\"column-4\"><span>45<\/span><\/td>\n<td class=\"column-5\"><span>18<\/span><\/td>\n<td class=\"column-6\"><span>0,2<\/span><\/td>\n<td class=\"column-7\"><span>25<\/span><\/td>\n<td class=\"column-8\"><span>\u00c4ra 1631<\/span><\/td>\n<\/tr>\n<tr class=\"row-5 odd\">\n<td class=\"column-2\"><span>39 x 14<\/span><\/td>\n<td class=\"column-3\"><span>44<\/span><\/td>\n<td class=\"column-4\"><span>51<\/span><\/td>\n<td class=\"column-5\"><span>22<\/span><\/td>\n<td class=\"column-6\"><span>0,25<\/span><\/td>\n<td class=\"column-7\"><span>25<\/span><\/td>\n<td class=\"column-8\"><span>\u00c4ra 1638<\/span><\/td>\n<\/tr>\n<tr class=\"row-6 even\">\n<td class=\"column-2\"><span>51 x 16<\/span><\/td>\n<td class=\"column-3\"><span>47<\/span><\/td>\n<td class=\"column-4\"><span>64<\/span><\/td>\n<td class=\"column-5\"><span>20<\/span><\/td>\n<td class=\"column-6\"><span>0,21<\/span><\/td>\n<td class=\"column-7\"><span>25<\/span><\/td>\n<td class=\"column-8\"><span>\u00c4ra 1650<\/span><\/td>\n<\/tr>\n<tr class=\"row-7 odd\">\n<td class=\"column-1\"><\/td>\n<td class=\"column-2\"><\/td>\n<td class=\"column-3\"><\/td>\n<td class=\"column-4\"><\/td>\n<td class=\"column-5\"><\/td>\n<td class=\"column-6\"><\/td>\n<td class=\"column-7\"><\/td>\n<td class=\"column-8\"><\/td>\n<\/tr>\n<tr class=\"row-8 even\">\n<td class=\"column-1\" rowspan=\"4\"><span>15,0 mm Stangen<\/span><\/td>\n<td class=\"column-2\"><span>26 x 13<\/span><\/td>\n<td class=\"column-3\"><span>43<\/span><\/td>\n<td class=\"column-4\"><span>37<\/span><\/td>\n<td class=\"column-5\"><span>17<\/span><\/td>\n<td class=\"column-6\"><span>0,1<\/span><\/td>\n<td class=\"column-7\"><span>50<\/span><\/td>\n<td class=\"column-8\"><span>\u00c4ra 1625<\/span><\/td>\n<\/tr>\n<tr class=\"row-9 odd\">\n<td class=\"column-2\"><span>32 x 13<\/span><\/td>\n<td class=\"column-3\"><span>43<\/span><\/td>\n<td class=\"column-4\"><span>45<\/span><\/td>\n<td class=\"column-5\"><span>18<\/span><\/td>\n<td class=\"column-6\"><span>0,2<\/span><\/td>\n<td class=\"column-7\"><span>25<\/span><\/td>\n<td class=\"column-8\"><span>\u00c4ra 1631<\/span><\/td>\n<\/tr>\n<tr class=\"row-10 even\">\n<td class=\"column-2\"><span>39 x 13<\/span><\/td>\n<td class=\"column-3\"><span>44<\/span><\/td>\n<td class=\"column-4\"><span>51<\/span><\/td>\n<td class=\"column-5\"><span>22<\/span><\/td>\n<td class=\"column-6\"><span>0,25<\/span><\/td>\n<td class=\"column-7\"><span>25<\/span><\/td>\n<td class=\"column-8\"><span>\u00c4ra 1638<\/span><\/td>\n<\/tr>\n<tr class=\"row-11 odd\">\n<td class=\"column-2\"><span>51 x 15<\/span><\/td>\n<td class=\"column-3\"><span>47<\/span><\/td>\n<td class=\"column-4\"><span>64<\/span><\/td>\n<td class=\"column-5\"><span>20<\/span><\/td>\n<td class=\"column-6\"><span>0,21<\/span><\/td>\n<td class=\"column-7\"><span>25<\/span><\/td>\n<td class=\"column-8\"><span>\u00c4ra 1650<\/span><\/td>\n<\/tr>\n<tr class=\"row-12 even\">\n<td class=\"column-1\"><\/td>\n<td class=\"column-2\"><\/td>\n<td class=\"column-3\"><\/td>\n<td class=\"column-4\"><\/td>\n<td class=\"column-5\"><\/td>\n<td class=\"column-6\"><\/td>\n<td class=\"column-7\"><\/td>\n<td class=\"column-8\"><\/td>\n<\/tr>\n<tr class=\"row-13 odd\">\n<td class=\"column-1\" rowspan=\"4\"><span>16,0 mm Stangen<\/span><\/td>\n<td class=\"column-2\"><span>26 x 12<\/span><\/td>\n<td class=\"column-3\"><span>43<\/span><\/td>\n<td class=\"column-4\"><span>37<\/span><\/td>\n<td class=\"column-5\"><span>17<\/span><\/td>\n<td class=\"column-6\"><span>0,1<\/span><\/td>\n<td class=\"column-7\"><span>50<\/span><\/td>\n<td class=\"column-8\"><span>\u00c4ra 1625<\/span><\/td>\n<\/tr>\n<tr class=\"row-14 even\">\n<td class=\"column-2\"><span>32 x 12<\/span><\/td>\n<td class=\"column-3\"><span>43<\/span><\/td>\n<td class=\"column-4\"><span>45<\/span><\/td>\n<td class=\"column-5\"><span>18<\/span><\/td>\n<td class=\"column-6\"><span>0,2<\/span><\/td>\n<td class=\"column-7\"><span>25<\/span><\/td>\n<td class=\"column-8\"><span>\u00c4ra 1631<\/span><\/td>\n<\/tr>\n<tr class=\"row-15 odd\">\n<td class=\"column-2\"><span>39 x 12<\/span><\/td>\n<td class=\"column-3\"><span>44<\/span><\/td>\n<td class=\"column-4\"><span>51<\/span><\/td>\n<td class=\"column-5\"><span>22<\/span><\/td>\n<td class=\"column-6\"><span>0,25<\/span><\/td>\n<td class=\"column-7\"><span>25<\/span><\/td>\n<td class=\"column-8\"><span>\u00c4ra 1638<\/span><\/td>\n<\/tr>\n<tr class=\"row-16 even\">\n<td class=\"column-2\"><span>51 x 14<\/span><\/td>\n<td class=\"column-3\"><span>47<\/span><\/td>\n<td class=\"column-4\"><span>64<\/span><\/td>\n<td class=\"column-5\"><span>20<\/span><\/td>\n<td class=\"column-6\"><span>0,21<\/span><\/td>\n<td class=\"column-7\"><span>25<\/span><\/td>\n<td class=\"column-8\"><span>\u00c4ra 1650<\/span><\/td>\n<\/tr>\n<tr class=\"row-17 odd\">\n<td class=\"column-1\"><\/td>\n<td class=\"column-2\"><\/td>\n<td class=\"column-3\"><\/td>\n<td class=\"column-4\"><\/td>\n<td class=\"column-5\"><\/td>\n<td class=\"column-6\"><\/td>\n<td class=\"column-7\"><\/td>\n<td class=\"column-8\"><\/td>\n<\/tr>\n<tr class=\"row-18 even\">\n<td class=\"column-1\" rowspan=\"3\"><span>17,2 mm Stangen<\/span><\/td>\n<td class=\"column-2\"><span>26 x 11<\/span><\/td>\n<td class=\"column-3\"><span>43<\/span><\/td>\n<td class=\"column-4\"><span>37<\/span><\/td>\n<td class=\"column-5\"><span>17<\/span><\/td>\n<td class=\"column-6\"><span>0,1<\/span><\/td>\n<td class=\"column-7\"><span>50<\/span><\/td>\n<td class=\"column-8\"><span>\u00c4ra 1625<\/span><\/td>\n<\/tr>\n<tr class=\"row-19 odd\">\n<td class=\"column-2\"><span>32 x 11<\/span><\/td>\n<td class=\"column-3\"><span>43<\/span><\/td>\n<td class=\"column-4\"><span>45<\/span><\/td>\n<td class=\"column-5\"><span>18<\/span><\/td>\n<td class=\"column-6\"><span>0,2<\/span><\/td>\n<td class=\"column-7\"><span>25<\/span><\/td>\n<td class=\"column-8\"><span>\u00c4ra 1631<\/span><\/td>\n<\/tr>\n<tr class=\"row-20 even\">\n<td class=\"column-2\"><span>39 x 11<\/span><\/td>\n<td class=\"column-3\"><span>44<\/span><\/td>\n<td class=\"column-4\"><span>51<\/span><\/td>\n<td class=\"column-5\"><span>22<\/span><\/td>\n<td class=\"column-6\"><span>0,25<\/span><\/td>\n<td class=\"column-7\"><span>25<\/span><\/td>\n<td class=\"column-8\"><span>\u00c4ra 1638<\/span><\/td>\n<\/tr>\n<tr class=\"row-21 odd\">\n<td class=\"column-1\"><\/td>\n<td class=\"column-2\"><\/td>\n<td class=\"column-3\"><\/td>\n<td class=\"column-4\"><\/td>\n<td class=\"column-5\"><\/td>\n<td class=\"column-6\"><\/td>\n<td class=\"column-7\"><\/td>\n<td class=\"column-8\"><\/td>\n<\/tr>\n<tr class=\"row-22 even\">\n<td class=\"column-1\" rowspan=\"5\"><span>20,0 mm Stangen<\/span><\/td>\n<td class=\"column-2\"><span>26 x 8<\/span><\/td>\n<td class=\"column-3\"><span>43<\/span><\/td>\n<td class=\"column-4\"><span>37<\/span><\/td>\n<td class=\"column-5\"><span>17<\/span><\/td>\n<td class=\"column-6\"><span>0,1<\/span><\/td>\n<td class=\"column-7\"><span>50<\/span><\/td>\n<td class=\"column-8\"><span>\u00c4ra 1625<\/span><\/td>\n<\/tr>\n<tr class=\"row-23 odd\">\n<td class=\"column-2\"><span>32 x 8<\/span><\/td>\n<td class=\"column-3\"><span>43<\/span><\/td>\n<td class=\"column-4\"><span>45<\/span><\/td>\n<td class=\"column-5\"><span>18<\/span><\/td>\n<td class=\"column-6\"><span>0,2<\/span><\/td>\n<td class=\"column-7\"><span>25<\/span><\/td>\n<td class=\"column-8\"><span>\u00c4ra 1631<\/span><\/td>\n<\/tr>\n<tr class=\"row-24 even\">\n<td class=\"column-2\"><span>39 x 8<\/span><\/td>\n<td class=\"column-3\"><span>44<\/span><\/td>\n<td class=\"column-4\"><span>51<\/span><\/td>\n<td class=\"column-5\"><span>22<\/span><\/td>\n<td class=\"column-6\"><span>0,25<\/span><\/td>\n<td class=\"column-7\"><span>25<\/span><\/td>\n<td class=\"column-8\"><span>\u00c4ra 1638<\/span><\/td>\n<\/tr>\n<tr class=\"row-25 odd\">\n<td class=\"column-2\"><span>51 x 10<\/span><\/td>\n<td class=\"column-3\"><span>47<\/span><\/td>\n<td class=\"column-4\"><span>64<\/span><\/td>\n<td class=\"column-5\"><span>20<\/span><\/td>\n<td class=\"column-6\"><span>0,21<\/span><\/td>\n<td class=\"column-7\"><span>25<\/span><\/td>\n<td class=\"column-8\"><span>\u00c4ra 1650<\/span><\/td>\n<\/tr>\n<tr class=\"row-26 even\">\n<td class=\"column-2\"><span>26 x 16<\/span><\/td>\n<td class=\"column-3\"><span>55<\/span><\/td>\n<td class=\"column-4\"><span>40<\/span><\/td>\n<td class=\"column-5\"><span>25<\/span><\/td>\n<td class=\"column-6\"><span>0,2<\/span><\/td>\n<td class=\"column-7\"><span>10<\/span><\/td>\n<td class=\"column-8\"><span>ERA 2525<\/span><\/td>\n<\/tr>\n<tr class=\"row-27 odd\">\n<td class=\"column-1\"><\/td>\n<td class=\"column-2\"><\/td>\n<td class=\"column-3\"><\/td>\n<td class=\"column-4\"><\/td>\n<td class=\"column-5\"><\/td>\n<td class=\"column-6\"><\/td>\n<td class=\"column-7\"><\/td>\n<td class=\"column-8\"><\/td>\n<\/tr>\n<tr class=\"row-28 even\">\n<td class=\"column-1\"><span>25mm Stangen<\/span><\/td>\n<td class=\"column-2\"><span>26 x 11<\/span><\/td>\n<td class=\"column-3\"><span>55<\/span><\/td>\n<td class=\"column-4\"><span>40<\/span><\/td>\n<td class=\"column-5\"><span>25<\/span><\/td>\n<td class=\"column-6\"><span>0,2<\/span><\/td>\n<td class=\"column-7\"><span>10<\/span><\/td>\n<td class=\"column-8\"><span>ERA 2525<\/span><\/td>\n<\/tr>\n<\/tbody>\n<\/table>\n<p><img fetchpriority=\"high\" decoding=\"async\" class=\"size-medium wp-image-6768 alignright lazy loaded\" src=\"https:\/\/conexmetals.com\/wp-content\/uploads\/2023\/08\/Rod-To-Tape-A-Clamps-line-drawing-300x273.jpg\" alt=\"Strichzeichnung von Stange zu Band-A-Klemmen\" width=\"300\" height=\"273\" data-src=\"https:\/\/conexmetals.com\/wp-content\/uploads\/2023\/08\/Rod-To-Tape-A-Clamps-line-drawing-300x273.jpg\" data-was-processed=\"true\" srcset=\"https:\/\/conexmetals.com\/wp-content\/uploads\/2023\/08\/Rod-To-Tape-A-Clamps-line-drawing-300x273.jpg 300w, https:\/\/conexmetals.com\/wp-content\/uploads\/2023\/08\/Rod-To-Tape-A-Clamps-line-drawing.jpg 401w\" sizes=\"(max-width: 300px) 100vw, 300px\" \/><span>Stab-zu-Band-A-Klemmen, auch als Stab-zu-Flachband-Klemmen bekannt, sind spezielle elektrische Armaturen, die zum Verbinden eines Kupfer- oder Aluminiumbandleiters mit einem Erdungsstab verwendet werden. Sie werden h\u00e4ufig in Erdungs- und Blitzschutzsystemen verwendet, um eine zuverl\u00e4ssige elektrische Verbindung zwischen dem horizontalen Bandleiter und dem vertikalen Erdungsstab herzustellen.<\/span><\/p>\n<p><span>Zu den wichtigsten Merkmalen und Einsatzm\u00f6glichkeiten von A-Klemmen zum Verbinden von Stangen mit B\u00e4ndern geh\u00f6ren:<\/span><\/p>\n<ol>\n<li><span>Konstruktion: Stangen-Band-A-Klemmen bestehen normalerweise aus hochfesten, korrosionsbest\u00e4ndigen Materialien wie Kupferlegierungen oder Bronze. Dadurch wird sichergestellt, dass die Klemme eine dauerhafte und langlebige Verbindung bietet.<\/span><\/li>\n<li><span>Design: Die A-Form der Klemme erm\u00f6glicht einen sicheren Halt des Flachbandleiters beim Anbringen um den Erdungsstab.<\/span><\/li>\n<li><span>Verbindung: Die Stab-Band-A-Klemme wird mit Schrauben oder Bolzen am Erdungsstab befestigt, wodurch eine feste mechanische Verbindung entsteht.<\/span><\/li>\n<li><span>Bandabschluss: Der Bandleiter wird in die Klemme eingelegt und mit Bolzen oder Schrauben befestigt, um eine elektrische Verbindung mit geringem Widerstand herzustellen.<\/span><\/li>\n<li><span>Vielseitigkeit: Diese Klemmen sind f\u00fcr Flachbandleiter verschiedener Gr\u00f6\u00dfen geeignet und erm\u00f6glichen Flexibilit\u00e4t bei Design und Installation.<\/span><\/li>\n<li><span>Erdung und Verbindung: A-Klemmen zum Verbinden von St\u00e4ben und B\u00e4ndern sind f\u00fcr die Herstellung wirksamer Erdungs- und Verbindungsverbindungen in elektrischen Systemen und Blitzschutzsystemen unabdingbar.<\/span><\/li>\n<li><span>Blitzschutz: In Blitzschutzsystemen helfen diese Klemmen dabei, einen sicheren Weg f\u00fcr die Entladung von Blitzstr\u00f6men vom Luftanschluss (Blitzableiter) durch den Bandleiter zum Erdungsstab und in den Boden zu schaffen.<\/span><\/li>\n<li><span>Elektrische Sicherheit: Ordnungsgem\u00e4\u00df installierte A-Klemmen zum Verbinden von Stangen mit B\u00e4ndern gew\u00e4hrleisten die Kontinuit\u00e4t des Erdungssystems, verringern das Risiko elektrischer Gefahren und bieten einen zuverl\u00e4ssigen Pfad f\u00fcr Fehlerstr\u00f6me.<\/span><\/li>\n<\/ol>\n<p><span>Bei der Montage von Stangen-Band-A-Klemmen ist es wichtig, das richtige Drehmoment der Bolzen oder Schrauben sicherzustellen, um den erforderlichen elektrischen Kontakt zwischen Band und Klemme herzustellen. Die Einhaltung der Herstellerrichtlinien und Industrienormen ist unerl\u00e4sslich, um zuverl\u00e4ssige und konforme Erdungs- und Blitzschutzsysteme zu gew\u00e4hrleisten.<\/span><\/p>\n","protected":false},"featured_media":12555,"template":"","meta":[],"product_brand":[],"product_cat":[380],"product_tag":[],"class_list":{"0":"post-12643","1":"product","2":"type-product","3":"status-publish","4":"has-post-thumbnail","6":"product_cat-erdungszubehor","8":"first","9":"instock","10":"shipping-taxable","11":"product-type-simple"},"yoast_head":"<!-- This site is optimized with the Yoast SEO plugin v27.3 - https:\/\/yoast.com\/product\/yoast-seo-wordpress\/ -->\n<title>Stangen-zu-Band-A-Klemmen<\/title>\n<meta name=\"description\" content=\"Entdecken Sie die Stangen-zu-Band-A-Klemmen von Conex Metals, darunter Erdungs-Klemmen und Erdungsstab-Klemmen. Unsere korrosionsbest\u00e4ndigen Kupferst\u00e4be und Aluminium-Bronze-Erdungsklemmen sorgen f\u00fcr mechanisch starke Verbindungen. Vertrauensw\u00fcrdiger Hersteller, Exporteur und Lieferant aus Indien.\" \/>\n<meta name=\"robots\" content=\"index, follow, max-snippet:-1, max-image-preview:large, max-video-preview:-1\" \/>\n<link rel=\"canonical\" href=\"https:\/\/conexmetals.com\/de\/produkt\/stangen-zu-band-a-klemmen\/\" \/>\n<script type=\"application\/ld+json\" class=\"yoast-schema-graph\">{\"@context\":\"https:\\\/\\\/schema.org\",\"@graph\":[{\"@type\":\"WebPage\",\"@id\":\"https:\\\/\\\/conexmetals.com\\\/de\\\/produkt\\\/stangen-zu-band-a-klemmen\\\/\",\"url\":\"https:\\\/\\\/conexmetals.com\\\/de\\\/produkt\\\/stangen-zu-band-a-klemmen\\\/\",\"name\":\"Stangen-zu-Band-A-Klemmen\",\"isPartOf\":{\"@id\":\"https:\\\/\\\/conexmetals.com\\\/de\\\/#website\"},\"primaryImageOfPage\":{\"@id\":\"https:\\\/\\\/conexmetals.com\\\/de\\\/produkt\\\/stangen-zu-band-a-klemmen\\\/#primaryimage\"},\"image\":{\"@id\":\"https:\\\/\\\/conexmetals.com\\\/de\\\/produkt\\\/stangen-zu-band-a-klemmen\\\/#primaryimage\"},\"thumbnailUrl\":\"https:\\\/\\\/conexmetals.com\\\/wp-content\\\/uploads\\\/2025\\\/01\\\/Stangen-zu-Band-A-Klemmen.webp\",\"datePublished\":\"2023-08-18T05:02:17+00:00\",\"dateModified\":\"2025-01-03T08:50:41+00:00\",\"description\":\"Entdecken Sie die Stangen-zu-Band-A-Klemmen von Conex Metals, darunter Erdungs-Klemmen und Erdungsstab-Klemmen. Unsere korrosionsbest\u00e4ndigen Kupferst\u00e4be und Aluminium-Bronze-Erdungsklemmen sorgen f\u00fcr mechanisch starke Verbindungen. Vertrauensw\u00fcrdiger Hersteller, Exporteur und Lieferant aus Indien.\",\"breadcrumb\":{\"@id\":\"https:\\\/\\\/conexmetals.com\\\/de\\\/produkt\\\/stangen-zu-band-a-klemmen\\\/#breadcrumb\"},\"inLanguage\":\"de\",\"potentialAction\":[{\"@type\":\"ReadAction\",\"target\":[\"https:\\\/\\\/conexmetals.com\\\/de\\\/produkt\\\/stangen-zu-band-a-klemmen\\\/\"]}]},{\"@type\":\"ImageObject\",\"inLanguage\":\"de\",\"@id\":\"https:\\\/\\\/conexmetals.com\\\/de\\\/produkt\\\/stangen-zu-band-a-klemmen\\\/#primaryimage\",\"url\":\"https:\\\/\\\/conexmetals.com\\\/wp-content\\\/uploads\\\/2025\\\/01\\\/Stangen-zu-Band-A-Klemmen.webp\",\"contentUrl\":\"https:\\\/\\\/conexmetals.com\\\/wp-content\\\/uploads\\\/2025\\\/01\\\/Stangen-zu-Band-A-Klemmen.webp\",\"width\":350,\"height\":350,\"caption\":\"Stangen-zu-Band-A-Klemmen\"},{\"@type\":\"BreadcrumbList\",\"@id\":\"https:\\\/\\\/conexmetals.com\\\/de\\\/produkt\\\/stangen-zu-band-a-klemmen\\\/#breadcrumb\",\"itemListElement\":[{\"@type\":\"ListItem\",\"position\":1,\"name\":\"Home\",\"item\":\"https:\\\/\\\/conexmetals.com\\\/de\\\/heim\\\/\"},{\"@type\":\"ListItem\",\"position\":2,\"name\":\"Products\",\"item\":\"https:\\\/\\\/conexmetals.com\\\/products\\\/\"},{\"@type\":\"ListItem\",\"position\":3,\"name\":\"Stangen-zu-Band-A-Klemmen\"}]},{\"@type\":\"WebSite\",\"@id\":\"https:\\\/\\\/conexmetals.com\\\/de\\\/#website\",\"url\":\"https:\\\/\\\/conexmetals.com\\\/de\\\/\",\"name\":\"Conex Metals Brass Fittings Brass Parts Copper Parts Brass Components Brass Plumbing Fittings India\",\"description\":\"Manufacturer of Bronze Fittings casting Copper Brass parts components\",\"publisher\":{\"@id\":\"https:\\\/\\\/conexmetals.com\\\/de\\\/#organization\"},\"potentialAction\":[{\"@type\":\"SearchAction\",\"target\":{\"@type\":\"EntryPoint\",\"urlTemplate\":\"https:\\\/\\\/conexmetals.com\\\/de\\\/?s={search_term_string}\"},\"query-input\":{\"@type\":\"PropertyValueSpecification\",\"valueRequired\":true,\"valueName\":\"search_term_string\"}}],\"inLanguage\":\"de\"},{\"@type\":\"Organization\",\"@id\":\"https:\\\/\\\/conexmetals.com\\\/de\\\/#organization\",\"name\":\"Conex Metals Brass Fittings Brass Parts Copper Parts Brass Components Brass Plumbing Fittings India\",\"url\":\"https:\\\/\\\/conexmetals.com\\\/de\\\/\",\"logo\":{\"@type\":\"ImageObject\",\"inLanguage\":\"de\",\"@id\":\"https:\\\/\\\/conexmetals.com\\\/de\\\/#\\\/schema\\\/logo\\\/image\\\/\",\"url\":\"https:\\\/\\\/conexmetals.com\\\/wp-content\\\/uploads\\\/2024\\\/03\\\/conex-metals-logo.webp\",\"contentUrl\":\"https:\\\/\\\/conexmetals.com\\\/wp-content\\\/uploads\\\/2024\\\/03\\\/conex-metals-logo.webp\",\"width\":300,\"height\":121,\"caption\":\"Conex Metals Brass Fittings Brass Parts Copper Parts Brass Components Brass Plumbing Fittings India\"},\"image\":{\"@id\":\"https:\\\/\\\/conexmetals.com\\\/de\\\/#\\\/schema\\\/logo\\\/image\\\/\"},\"sameAs\":[\"https:\\\/\\\/www.facebook.com\\\/conexbrass\",\"https:\\\/\\\/x.com\\\/conexindia\",\"https:\\\/\\\/www.linkedin.com\\\/company\\\/conex-metals-india\\\/\",\"https:\\\/\\\/www.instagram.com\\\/conexindia\\\/\"]}]}<\/script>\n<!-- \/ Yoast SEO plugin. -->","yoast_head_json":{"title":"Stangen-zu-Band-A-Klemmen","description":"Entdecken Sie die Stangen-zu-Band-A-Klemmen von Conex Metals, darunter Erdungs-Klemmen und Erdungsstab-Klemmen. Unsere korrosionsbest\u00e4ndigen Kupferst\u00e4be und Aluminium-Bronze-Erdungsklemmen sorgen f\u00fcr mechanisch starke Verbindungen. Vertrauensw\u00fcrdiger Hersteller, Exporteur und Lieferant aus Indien.","robots":{"index":"index","follow":"follow","max-snippet":"max-snippet:-1","max-image-preview":"max-image-preview:large","max-video-preview":"max-video-preview:-1"},"canonical":"https:\/\/conexmetals.com\/de\/produkt\/stangen-zu-band-a-klemmen\/","schema":{"@context":"https:\/\/schema.org","@graph":[{"@type":"WebPage","@id":"https:\/\/conexmetals.com\/de\/produkt\/stangen-zu-band-a-klemmen\/","url":"https:\/\/conexmetals.com\/de\/produkt\/stangen-zu-band-a-klemmen\/","name":"Stangen-zu-Band-A-Klemmen","isPartOf":{"@id":"https:\/\/conexmetals.com\/de\/#website"},"primaryImageOfPage":{"@id":"https:\/\/conexmetals.com\/de\/produkt\/stangen-zu-band-a-klemmen\/#primaryimage"},"image":{"@id":"https:\/\/conexmetals.com\/de\/produkt\/stangen-zu-band-a-klemmen\/#primaryimage"},"thumbnailUrl":"https:\/\/conexmetals.com\/wp-content\/uploads\/2025\/01\/Stangen-zu-Band-A-Klemmen.webp","datePublished":"2023-08-18T05:02:17+00:00","dateModified":"2025-01-03T08:50:41+00:00","description":"Entdecken Sie die Stangen-zu-Band-A-Klemmen von Conex Metals, darunter Erdungs-Klemmen und Erdungsstab-Klemmen. Unsere korrosionsbest\u00e4ndigen Kupferst\u00e4be und Aluminium-Bronze-Erdungsklemmen sorgen f\u00fcr mechanisch starke Verbindungen. Vertrauensw\u00fcrdiger Hersteller, Exporteur und Lieferant aus Indien.","breadcrumb":{"@id":"https:\/\/conexmetals.com\/de\/produkt\/stangen-zu-band-a-klemmen\/#breadcrumb"},"inLanguage":"de","potentialAction":[{"@type":"ReadAction","target":["https:\/\/conexmetals.com\/de\/produkt\/stangen-zu-band-a-klemmen\/"]}]},{"@type":"ImageObject","inLanguage":"de","@id":"https:\/\/conexmetals.com\/de\/produkt\/stangen-zu-band-a-klemmen\/#primaryimage","url":"https:\/\/conexmetals.com\/wp-content\/uploads\/2025\/01\/Stangen-zu-Band-A-Klemmen.webp","contentUrl":"https:\/\/conexmetals.com\/wp-content\/uploads\/2025\/01\/Stangen-zu-Band-A-Klemmen.webp","width":350,"height":350,"caption":"Stangen-zu-Band-A-Klemmen"},{"@type":"BreadcrumbList","@id":"https:\/\/conexmetals.com\/de\/produkt\/stangen-zu-band-a-klemmen\/#breadcrumb","itemListElement":[{"@type":"ListItem","position":1,"name":"Home","item":"https:\/\/conexmetals.com\/de\/heim\/"},{"@type":"ListItem","position":2,"name":"Products","item":"https:\/\/conexmetals.com\/products\/"},{"@type":"ListItem","position":3,"name":"Stangen-zu-Band-A-Klemmen"}]},{"@type":"WebSite","@id":"https:\/\/conexmetals.com\/de\/#website","url":"https:\/\/conexmetals.com\/de\/","name":"Conex Metals Brass Fittings Brass Parts Copper Parts Brass Components Brass Plumbing Fittings India","description":"Manufacturer of Bronze Fittings casting Copper Brass parts components","publisher":{"@id":"https:\/\/conexmetals.com\/de\/#organization"},"potentialAction":[{"@type":"SearchAction","target":{"@type":"EntryPoint","urlTemplate":"https:\/\/conexmetals.com\/de\/?s={search_term_string}"},"query-input":{"@type":"PropertyValueSpecification","valueRequired":true,"valueName":"search_term_string"}}],"inLanguage":"de"},{"@type":"Organization","@id":"https:\/\/conexmetals.com\/de\/#organization","name":"Conex Metals Brass Fittings Brass Parts Copper Parts Brass Components Brass Plumbing Fittings India","url":"https:\/\/conexmetals.com\/de\/","logo":{"@type":"ImageObject","inLanguage":"de","@id":"https:\/\/conexmetals.com\/de\/#\/schema\/logo\/image\/","url":"https:\/\/conexmetals.com\/wp-content\/uploads\/2024\/03\/conex-metals-logo.webp","contentUrl":"https:\/\/conexmetals.com\/wp-content\/uploads\/2024\/03\/conex-metals-logo.webp","width":300,"height":121,"caption":"Conex Metals Brass Fittings Brass Parts Copper Parts Brass Components Brass Plumbing Fittings India"},"image":{"@id":"https:\/\/conexmetals.com\/de\/#\/schema\/logo\/image\/"},"sameAs":["https:\/\/www.facebook.com\/conexbrass","https:\/\/x.com\/conexindia","https:\/\/www.linkedin.com\/company\/conex-metals-india\/","https:\/\/www.instagram.com\/conexindia\/"]}]}},"_links":{"self":[{"href":"https:\/\/conexmetals.com\/de\/wp-json\/wp\/v2\/product\/12643","targetHints":{"allow":["GET"]}}],"collection":[{"href":"https:\/\/conexmetals.com\/de\/wp-json\/wp\/v2\/product"}],"about":[{"href":"https:\/\/conexmetals.com\/de\/wp-json\/wp\/v2\/types\/product"}],"wp:featuredmedia":[{"embeddable":true,"href":"https:\/\/conexmetals.com\/de\/wp-json\/wp\/v2\/media\/12555"}],"wp:attachment":[{"href":"https:\/\/conexmetals.com\/de\/wp-json\/wp\/v2\/media?parent=12643"}],"wp:term":[{"taxonomy":"product_brand","embeddable":true,"href":"https:\/\/conexmetals.com\/de\/wp-json\/wp\/v2\/product_brand?post=12643"},{"taxonomy":"product_cat","embeddable":true,"href":"https:\/\/conexmetals.com\/de\/wp-json\/wp\/v2\/product_cat?post=12643"},{"taxonomy":"product_tag","embeddable":true,"href":"https:\/\/conexmetals.com\/de\/wp-json\/wp\/v2\/product_tag?post=12643"}],"curies":[{"name":"wp","href":"https:\/\/api.w.org\/{rel}","templated":true}]}}