{"id":12650,"date":"2023-08-18T10:34:01","date_gmt":"2023-08-18T05:04:01","guid":{"rendered":"https:\/\/conexmetals.com\/?post_type=product&#038;p=12650"},"modified":"2025-01-03T15:01:02","modified_gmt":"2025-01-03T09:31:02","slug":"quadratische-bandklemmen","status":"publish","type":"product","link":"https:\/\/conexmetals.com\/de\/produkt\/quadratische-bandklemmen\/","title":{"rendered":"Quadratische Bandklemmen"},"content":{"rendered":"","protected":false},"excerpt":{"rendered":"<div class=\"elementor-element elementor-element-672075d elementor-widget__width-initial e-transform elementor-widget-mobile__width-initial elementor-widget elementor-widget-woocommerce-product-images\" data-id=\"672075d\" data-element_type=\"widget\" data-settings=\"{&quot;_transform_scale_effect&quot;:{&quot;unit&quot;:&quot;px&quot;,&quot;size&quot;:1,&quot;sizes&quot;:[]},&quot;_transform_scale_effect_tablet&quot;:{&quot;unit&quot;:&quot;px&quot;,&quot;size&quot;:&quot;&quot;,&quot;sizes&quot;:[]},&quot;_transform_scale_effect_mobile&quot;:{&quot;unit&quot;:&quot;px&quot;,&quot;size&quot;:&quot;&quot;,&quot;sizes&quot;:[]}}\" data-widget_type=\"woocommerce-product-images.default\">\n<div class=\"elementor-widget-container\">\n<div class=\"woocommerce-product-gallery woocommerce-product-gallery--with-images woocommerce-product-gallery--columns-4 images\" data-columns=\"4\">\n<div class=\"woocommerce-product-gallery__wrapper\">\n<div class=\"woocommerce-product-gallery__image\" data-thumb=\"https:\/\/conexmetals.com\/wp-content\/uploads\/2023\/08\/Square-Tape-Clamps-100x100.webp\" data-thumb-alt=\"Square Tape Clamps\" data-thumb-srcset=\"https:\/\/conexmetals.com\/wp-content\/uploads\/2023\/08\/Square-Tape-Clamps-100x100.webp 100w, https:\/\/conexmetals.com\/wp-content\/uploads\/2023\/08\/Square-Tape-Clamps-300x300.webp 300w, https:\/\/conexmetals.com\/wp-content\/uploads\/2023\/08\/Square-Tape-Clamps-150x150.webp 150w, https:\/\/conexmetals.com\/wp-content\/uploads\/2023\/08\/Square-Tape-Clamps.webp 350w\"><\/div>\n<\/div>\n<\/div>\n<\/div>\n<\/div>\n<div class=\"elementor-element elementor-element-36d2ab8 elementor-widget elementor-widget-woocommerce-product-short-description\" data-id=\"36d2ab8\" data-element_type=\"widget\" data-widget_type=\"woocommerce-product-short-description.default\">\n<div class=\"elementor-widget-container\">\n<div class=\"woocommerce-product-details__short-description\">\n<p><img fetchpriority=\"high\" decoding=\"async\" class=\"alignnone wp-image-6777 size-full lazy loaded\" src=\"https:\/\/conexmetals.com\/wp-content\/uploads\/2023\/08\/Square-Tape-Clamps-line-drawing.jpg\" alt=\"Typ Quadratische Bandklemmen\" width=\"732\" height=\"250\" data-src=\"https:\/\/conexmetals.com\/wp-content\/uploads\/2023\/08\/Square-Tape-Clamps-line-drawing.jpg\" data-was-processed=\"true\" srcset=\"https:\/\/conexmetals.com\/wp-content\/uploads\/2023\/08\/Square-Tape-Clamps-line-drawing.jpg 732w, https:\/\/conexmetals.com\/wp-content\/uploads\/2023\/08\/Square-Tape-Clamps-line-drawing-300x102.jpg 300w, https:\/\/conexmetals.com\/wp-content\/uploads\/2023\/08\/Square-Tape-Clamps-line-drawing-700x239.jpg 700w\" sizes=\"(max-width: 732px) 100vw, 732px\" \/><\/p>\n<table id=\"tablepress-349\" class=\"tablepress tablepress-id-349\">\n<caption>\u00a0<\/caption>\n<thead>\n<tr class=\"row-1 odd\">\n<th class=\"column-1\" colspan=\"5\"><strong><span>Blanke Kupferb\u00e4nder<\/span><\/strong><\/th>\n<\/tr>\n<\/thead>\n<tbody class=\"row-hover\">\n<tr class=\"row-2 even\">\n<td class=\"column-1\"><strong><span>Leitergr\u00f6\u00dfe mm<\/span><\/strong><\/td>\n<td class=\"column-2\"><strong><span>L mm<\/span><\/strong><\/td>\n<td class=\"column-3\"><strong><span>B mm<\/span><\/strong><\/td>\n<td class=\"column-4\"><strong><span>Hmm<\/span><\/strong><\/td>\n<td class=\"column-5\"><strong><span>St\u00fcckgewicht kg<\/span><\/strong><\/td>\n<\/tr>\n<tr class=\"row-3 odd\">\n<td class=\"column-1\"><span>25 x 3<\/span><\/td>\n<td class=\"column-2\"><span>50<\/span><\/td>\n<td class=\"column-3\"><span>50<\/span><\/td>\n<td class=\"column-4\"><span>13<\/span><\/td>\n<td class=\"column-5\"><span>0,15<\/span><\/td>\n<\/tr>\n<tr class=\"row-4 even\">\n<td class=\"column-1\"><span>25 x 6<\/span><\/td>\n<td class=\"column-2\"><span>50<\/span><\/td>\n<td class=\"column-3\"><span>50<\/span><\/td>\n<td class=\"column-4\"><span>20<\/span><\/td>\n<td class=\"column-5\"><span>0,25<\/span><\/td>\n<\/tr>\n<tr class=\"row-5 odd\">\n<td class=\"column-1\"><span>31 x 3<\/span><\/td>\n<td class=\"column-2\"><span>60<\/span><\/td>\n<td class=\"column-3\"><span>60<\/span><\/td>\n<td class=\"column-4\"><span>14<\/span><\/td>\n<td class=\"column-5\"><span>0,22<\/span><\/td>\n<\/tr>\n<tr class=\"row-6 even\">\n<td class=\"column-1\"><span>38 x 6<\/span><\/td>\n<td class=\"column-2\"><span>71<\/span><\/td>\n<td class=\"column-3\"><span>71<\/span><\/td>\n<td class=\"column-4\"><span>22<\/span><\/td>\n<td class=\"column-5\"><span>0,56<\/span><\/td>\n<\/tr>\n<tr class=\"row-7 odd\">\n<td class=\"column-1\"><span>50 x 3<\/span><\/td>\n<td class=\"column-2\"><span>80<\/span><\/td>\n<td class=\"column-3\"><span>80<\/span><\/td>\n<td class=\"column-4\"><span>16<\/span><\/td>\n<td class=\"column-5\"><span>0,5<\/span><\/td>\n<\/tr>\n<tr class=\"row-8 even\">\n<td class=\"column-1\"><span>50 x 6<\/span><\/td>\n<td class=\"column-2\"><span>79<\/span><\/td>\n<td class=\"column-3\"><span>79<\/span><\/td>\n<td class=\"column-4\"><span>22<\/span><\/td>\n<td class=\"column-5\"><span>0,52<\/span><\/td>\n<\/tr>\n<tr class=\"row-9 odd\">\n<td class=\"column-1\" colspan=\"5\"><span>Material: Rotguss<\/span><\/td>\n<\/tr>\n<\/tbody>\n<\/table>\n<table id=\"tablepress-351\" class=\"tablepress tablepress-id-351\">\n<caption>\u00a0<\/caption>\n<thead>\n<tr class=\"row-1 odd\">\n<th class=\"column-1\" colspan=\"5\"><strong><span>Mit Blei ummanteltes Kupferband<\/span><\/strong><\/th>\n<\/tr>\n<\/thead>\n<tbody class=\"row-hover\">\n<tr class=\"row-2 even\">\n<td class=\"column-1\"><strong><span>Leitergr\u00f6\u00dfe mm<\/span><\/strong><\/td>\n<td class=\"column-2\"><strong><span>L mm<\/span><\/strong><\/td>\n<td class=\"column-3\"><strong><span>B mm<\/span><\/strong><\/td>\n<td class=\"column-4\"><strong><span>Hmm<\/span><\/strong><\/td>\n<td class=\"column-5\"><strong><span>St\u00fcckgewicht kg<\/span><\/strong><\/td>\n<\/tr>\n<tr class=\"row-3 odd\">\n<td class=\"column-1\"><span>25 x 3<\/span><\/td>\n<td class=\"column-2\"><span>70<\/span><\/td>\n<td class=\"column-3\"><span>70<\/span><\/td>\n<td class=\"column-4\"><span>25<\/span><\/td>\n<td class=\"column-5\"><span>0,86<\/span><\/td>\n<\/tr>\n<tr class=\"row-4 even\">\n<td class=\"column-1\" colspan=\"5\"><span>Material: Phosphorbronze<\/span><\/td>\n<\/tr>\n<\/tbody>\n<\/table>\n<table id=\"tablepress-350\" class=\"tablepress tablepress-id-350\">\n<caption>\u00a0<\/caption>\n<thead>\n<tr class=\"row-1 odd\">\n<th class=\"column-1\" colspan=\"5\"><strong><span>Blankes Aluminiumband<\/span><\/strong><\/th>\n<\/tr>\n<\/thead>\n<tbody class=\"row-hover\">\n<tr class=\"row-2 even\">\n<td class=\"column-1\"><strong><span>Leitergr\u00f6\u00dfe mm<\/span><\/strong><\/td>\n<td class=\"column-2\"><strong><span>L mm<\/span><\/strong><\/td>\n<td class=\"column-3\"><strong><span>B mm<\/span><\/strong><\/td>\n<td class=\"column-4\"><strong><span>Hmm<\/span><\/strong><\/td>\n<td class=\"column-5\"><strong><span>St\u00fcckgewicht kg<\/span><\/strong><\/td>\n<\/tr>\n<tr class=\"row-3 odd\">\n<td class=\"column-1\"><span>25 x 3<\/span><\/td>\n<td class=\"column-2\"><span>50<\/span><\/td>\n<td class=\"column-3\"><span>50<\/span><\/td>\n<td class=\"column-4\"><span>13<\/span><\/td>\n<td class=\"column-5\"><span>0,07<\/span><\/td>\n<\/tr>\n<tr class=\"row-4 even\">\n<td class=\"column-1\" colspan=\"5\"><span>Material: Aluminium<\/span><\/td>\n<\/tr>\n<\/tbody>\n<\/table>\n<p>&nbsp;<\/p>\n<p><img decoding=\"async\" class=\"alignright wp-image-6788 size-full lazy loaded\" src=\"https:\/\/conexmetals.com\/wp-content\/uploads\/2023\/08\/Square-Tape-Clamps-line-drawing-3.jpg\" alt=\"Strichzeichnung quadratischer Bandklemmen\" width=\"445\" height=\"300\" data-src=\"https:\/\/conexmetals.com\/wp-content\/uploads\/2023\/08\/Square-Tape-Clamps-line-drawing-3.jpg\" data-was-processed=\"true\" srcset=\"https:\/\/conexmetals.com\/wp-content\/uploads\/2023\/08\/Square-Tape-Clamps-line-drawing-3.jpg 445w, https:\/\/conexmetals.com\/wp-content\/uploads\/2023\/08\/Square-Tape-Clamps-line-drawing-3-300x202.jpg 300w\" sizes=\"(max-width: 445px) 100vw, 445px\" \/><span>Quadratische Bandklemmen, auch als flache Bandklemmen oder rechteckige Bandklemmen bekannt, sind spezielle elektrische Komponenten, die zum Sichern und Herstellen elektrischer Verbindungen mit flachen oder rechteckigen Leitern wie Kupfer- oder Aluminiumb\u00e4ndern verwendet werden. Sie werden h\u00e4ufig in elektrischen Installationen, Erdungssystemen und Verbindungsanwendungen verwendet.<\/span><\/p>\n<p><strong><span>Zu den wichtigsten Merkmalen und Einsatzm\u00f6glichkeiten von Vierkantbandklemmen geh\u00f6ren:<\/span><\/strong><\/p>\n<ol>\n<li><strong><span>Design:<\/span><\/strong><span>\u00a0Quadratische Bandklemmen sind f\u00fcr die Aufnahme von flachen oder rechteckigen Leitern ausgelegt und bieten eine sichere und zuverl\u00e4ssige elektrische Verbindung.<\/span><\/li>\n<li><strong><span>Material:<\/span><\/strong><span>\u00a0Quadratische Bandklemmen bestehen normalerweise aus Materialien mit hoher Leitf\u00e4higkeit, wie Kupfer oder verzinntem Kupfer, um Verbindungen mit geringem Widerstand zu gew\u00e4hrleisten.<\/span><\/li>\n<li><strong><span>Vielseitigkeit:<\/span><\/strong><span>\u00a0Quadratische Bandklemmen sind in verschiedenen Gr\u00f6\u00dfen erh\u00e4ltlich, um unterschiedliche Abmessungen von Flachleitern aufzunehmen. Sie eignen sich f\u00fcr die Verwendung mit Kupfer- oder Aluminiumb\u00e4ndern in verschiedenen Anwendungen.<\/span><\/li>\n<li><strong><span>Abschluss:<\/span><\/strong><span>\u00a0Quadratische Bandklemmen verf\u00fcgen h\u00e4ufig \u00fcber L\u00f6cher oder Schlitze, um einen einfachen Abschluss der Flachleiter mit Schrauben, Bolzen oder anderen Befestigungselementen zu erm\u00f6glichen.<\/span><\/li>\n<li><strong><span>Elektrische Verbindung:<\/span><\/strong><span>\u00a0Quadratische Bandklemmen werden bei Verbindungsanwendungen verwendet, um elektrische Verbindungen zwischen metallischen Komponenten wie Baustahl, Ger\u00e4tegeh\u00e4usen oder Rohrleitungen herzustellen. Sie sorgen f\u00fcr ein gleiches Potenzial und verringern das Risiko elektrischer Gefahren.<\/span><\/li>\n<li><strong><span>Erdungssysteme:<\/span><\/strong><span>\u00a0In Erdungssystemen werden quadratische Bandklemmen verwendet, um den Erdungsleiter (Erdungsband) mit Erdungselektroden wie Erdungsst\u00e4ben oder Erdungsplatten zu verbinden und so einen zuverl\u00e4ssigen Erdungspfad herzustellen.<\/span><\/li>\n<li><strong><span>Blitzschutz:<\/span><\/strong><span>\u00a0Quadratische Bandklemmen spielen eine wichtige Rolle in Blitzschutzsystemen, wo sie zum Verbinden des Blitzschutzbandes oder -leiters mit Luftanschl\u00fcssen (Blitzableitern) und Ableitungen verwendet werden.<\/span><\/li>\n<li><strong><span>Einfache Installation:<\/span><\/strong><span>\u00a0Quadratische Bandklemmen sind einfach zu installieren und erm\u00f6glichen schnelle Verbindungen, was sie zu einer beliebten Wahl in verschiedenen Elektro- und Erdungsanwendungen macht.<\/span><\/li>\n<\/ol>\n<p><span>Quadratische Bandklemmen sind unerl\u00e4sslich, um sichere und niederohmige elektrische Verbindungen mit flachen Leitern herzustellen und so die Effizienz und Sicherheit von elektrischen und Erdungssystemen zu gew\u00e4hrleisten. Die ordnungsgem\u00e4\u00dfe Installation, die richtige Dimensionierung und regelm\u00e4\u00dfige Wartung sind entscheidend, um die Langlebigkeit und Wirksamkeit der Verbindungen sicherzustellen.<\/span><\/p>\n<\/div>\n<\/div>\n<\/div>\n","protected":false},"featured_media":12561,"template":"","meta":[],"product_brand":[],"product_cat":[380],"product_tag":[],"class_list":{"0":"post-12650","1":"product","2":"type-product","3":"status-publish","4":"has-post-thumbnail","6":"product_cat-erdungszubehor","8":"first","9":"instock","10":"shipping-taxable","11":"product-type-simple"},"yoast_head":"<!-- This site is optimized with the Yoast SEO plugin v27.3 - https:\/\/yoast.com\/product\/yoast-seo-wordpress\/ -->\n<title>Quadratische Bandklemmen<\/title>\n<meta name=\"description\" content=\"Conex Metals bietet hochwertige quadratische Bandklemmen, einschlie\u00dflich Blitzschutzklemmen und quadratischen Klemmen aus Kupferlegierung. Unsere Produkte entsprechen den IEC-Standards f\u00fcr zuverl\u00e4ssige Leistung. F\u00fchrender Hersteller, Exporteur und Lieferant aus Indien.\" \/>\n<meta name=\"robots\" content=\"index, follow, max-snippet:-1, max-image-preview:large, max-video-preview:-1\" \/>\n<link rel=\"canonical\" href=\"https:\/\/conexmetals.com\/de\/produkt\/quadratische-bandklemmen\/\" \/>\n<script type=\"application\/ld+json\" class=\"yoast-schema-graph\">{\"@context\":\"https:\\\/\\\/schema.org\",\"@graph\":[{\"@type\":\"WebPage\",\"@id\":\"https:\\\/\\\/conexmetals.com\\\/de\\\/produkt\\\/quadratische-bandklemmen\\\/\",\"url\":\"https:\\\/\\\/conexmetals.com\\\/de\\\/produkt\\\/quadratische-bandklemmen\\\/\",\"name\":\"Quadratische Bandklemmen\",\"isPartOf\":{\"@id\":\"https:\\\/\\\/conexmetals.com\\\/de\\\/#website\"},\"primaryImageOfPage\":{\"@id\":\"https:\\\/\\\/conexmetals.com\\\/de\\\/produkt\\\/quadratische-bandklemmen\\\/#primaryimage\"},\"image\":{\"@id\":\"https:\\\/\\\/conexmetals.com\\\/de\\\/produkt\\\/quadratische-bandklemmen\\\/#primaryimage\"},\"thumbnailUrl\":\"https:\\\/\\\/conexmetals.com\\\/wp-content\\\/uploads\\\/2025\\\/01\\\/Quadratische-Bandklemmen.webp\",\"datePublished\":\"2023-08-18T05:04:01+00:00\",\"dateModified\":\"2025-01-03T09:31:02+00:00\",\"description\":\"Conex Metals bietet hochwertige quadratische Bandklemmen, einschlie\u00dflich Blitzschutzklemmen und quadratischen Klemmen aus Kupferlegierung. Unsere Produkte entsprechen den IEC-Standards f\u00fcr zuverl\u00e4ssige Leistung. F\u00fchrender Hersteller, Exporteur und Lieferant aus Indien.\",\"breadcrumb\":{\"@id\":\"https:\\\/\\\/conexmetals.com\\\/de\\\/produkt\\\/quadratische-bandklemmen\\\/#breadcrumb\"},\"inLanguage\":\"de\",\"potentialAction\":[{\"@type\":\"ReadAction\",\"target\":[\"https:\\\/\\\/conexmetals.com\\\/de\\\/produkt\\\/quadratische-bandklemmen\\\/\"]}]},{\"@type\":\"ImageObject\",\"inLanguage\":\"de\",\"@id\":\"https:\\\/\\\/conexmetals.com\\\/de\\\/produkt\\\/quadratische-bandklemmen\\\/#primaryimage\",\"url\":\"https:\\\/\\\/conexmetals.com\\\/wp-content\\\/uploads\\\/2025\\\/01\\\/Quadratische-Bandklemmen.webp\",\"contentUrl\":\"https:\\\/\\\/conexmetals.com\\\/wp-content\\\/uploads\\\/2025\\\/01\\\/Quadratische-Bandklemmen.webp\",\"width\":350,\"height\":350,\"caption\":\"Quadratische Bandklemmen\"},{\"@type\":\"BreadcrumbList\",\"@id\":\"https:\\\/\\\/conexmetals.com\\\/de\\\/produkt\\\/quadratische-bandklemmen\\\/#breadcrumb\",\"itemListElement\":[{\"@type\":\"ListItem\",\"position\":1,\"name\":\"Home\",\"item\":\"https:\\\/\\\/conexmetals.com\\\/de\\\/heim\\\/\"},{\"@type\":\"ListItem\",\"position\":2,\"name\":\"Products\",\"item\":\"https:\\\/\\\/conexmetals.com\\\/products\\\/\"},{\"@type\":\"ListItem\",\"position\":3,\"name\":\"Quadratische Bandklemmen\"}]},{\"@type\":\"WebSite\",\"@id\":\"https:\\\/\\\/conexmetals.com\\\/de\\\/#website\",\"url\":\"https:\\\/\\\/conexmetals.com\\\/de\\\/\",\"name\":\"Conex Metals Brass Fittings Brass Parts Copper Parts Brass Components Brass Plumbing Fittings India\",\"description\":\"Manufacturer of Bronze Fittings casting Copper Brass parts components\",\"publisher\":{\"@id\":\"https:\\\/\\\/conexmetals.com\\\/de\\\/#organization\"},\"potentialAction\":[{\"@type\":\"SearchAction\",\"target\":{\"@type\":\"EntryPoint\",\"urlTemplate\":\"https:\\\/\\\/conexmetals.com\\\/de\\\/?s={search_term_string}\"},\"query-input\":{\"@type\":\"PropertyValueSpecification\",\"valueRequired\":true,\"valueName\":\"search_term_string\"}}],\"inLanguage\":\"de\"},{\"@type\":\"Organization\",\"@id\":\"https:\\\/\\\/conexmetals.com\\\/de\\\/#organization\",\"name\":\"Conex Metals Brass Fittings Brass Parts Copper Parts Brass Components Brass Plumbing Fittings India\",\"url\":\"https:\\\/\\\/conexmetals.com\\\/de\\\/\",\"logo\":{\"@type\":\"ImageObject\",\"inLanguage\":\"de\",\"@id\":\"https:\\\/\\\/conexmetals.com\\\/de\\\/#\\\/schema\\\/logo\\\/image\\\/\",\"url\":\"https:\\\/\\\/conexmetals.com\\\/wp-content\\\/uploads\\\/2024\\\/03\\\/conex-metals-logo.webp\",\"contentUrl\":\"https:\\\/\\\/conexmetals.com\\\/wp-content\\\/uploads\\\/2024\\\/03\\\/conex-metals-logo.webp\",\"width\":300,\"height\":121,\"caption\":\"Conex Metals Brass Fittings Brass Parts Copper Parts Brass Components Brass Plumbing Fittings India\"},\"image\":{\"@id\":\"https:\\\/\\\/conexmetals.com\\\/de\\\/#\\\/schema\\\/logo\\\/image\\\/\"},\"sameAs\":[\"https:\\\/\\\/www.facebook.com\\\/conexbrass\",\"https:\\\/\\\/x.com\\\/conexindia\",\"https:\\\/\\\/www.linkedin.com\\\/company\\\/conex-metals-india\\\/\",\"https:\\\/\\\/www.instagram.com\\\/conexindia\\\/\"]}]}<\/script>\n<!-- \/ Yoast SEO plugin. -->","yoast_head_json":{"title":"Quadratische Bandklemmen","description":"Conex Metals bietet hochwertige quadratische Bandklemmen, einschlie\u00dflich Blitzschutzklemmen und quadratischen Klemmen aus Kupferlegierung. Unsere Produkte entsprechen den IEC-Standards f\u00fcr zuverl\u00e4ssige Leistung. F\u00fchrender Hersteller, Exporteur und Lieferant aus Indien.","robots":{"index":"index","follow":"follow","max-snippet":"max-snippet:-1","max-image-preview":"max-image-preview:large","max-video-preview":"max-video-preview:-1"},"canonical":"https:\/\/conexmetals.com\/de\/produkt\/quadratische-bandklemmen\/","schema":{"@context":"https:\/\/schema.org","@graph":[{"@type":"WebPage","@id":"https:\/\/conexmetals.com\/de\/produkt\/quadratische-bandklemmen\/","url":"https:\/\/conexmetals.com\/de\/produkt\/quadratische-bandklemmen\/","name":"Quadratische Bandklemmen","isPartOf":{"@id":"https:\/\/conexmetals.com\/de\/#website"},"primaryImageOfPage":{"@id":"https:\/\/conexmetals.com\/de\/produkt\/quadratische-bandklemmen\/#primaryimage"},"image":{"@id":"https:\/\/conexmetals.com\/de\/produkt\/quadratische-bandklemmen\/#primaryimage"},"thumbnailUrl":"https:\/\/conexmetals.com\/wp-content\/uploads\/2025\/01\/Quadratische-Bandklemmen.webp","datePublished":"2023-08-18T05:04:01+00:00","dateModified":"2025-01-03T09:31:02+00:00","description":"Conex Metals bietet hochwertige quadratische Bandklemmen, einschlie\u00dflich Blitzschutzklemmen und quadratischen Klemmen aus Kupferlegierung. Unsere Produkte entsprechen den IEC-Standards f\u00fcr zuverl\u00e4ssige Leistung. F\u00fchrender Hersteller, Exporteur und Lieferant aus Indien.","breadcrumb":{"@id":"https:\/\/conexmetals.com\/de\/produkt\/quadratische-bandklemmen\/#breadcrumb"},"inLanguage":"de","potentialAction":[{"@type":"ReadAction","target":["https:\/\/conexmetals.com\/de\/produkt\/quadratische-bandklemmen\/"]}]},{"@type":"ImageObject","inLanguage":"de","@id":"https:\/\/conexmetals.com\/de\/produkt\/quadratische-bandklemmen\/#primaryimage","url":"https:\/\/conexmetals.com\/wp-content\/uploads\/2025\/01\/Quadratische-Bandklemmen.webp","contentUrl":"https:\/\/conexmetals.com\/wp-content\/uploads\/2025\/01\/Quadratische-Bandklemmen.webp","width":350,"height":350,"caption":"Quadratische Bandklemmen"},{"@type":"BreadcrumbList","@id":"https:\/\/conexmetals.com\/de\/produkt\/quadratische-bandklemmen\/#breadcrumb","itemListElement":[{"@type":"ListItem","position":1,"name":"Home","item":"https:\/\/conexmetals.com\/de\/heim\/"},{"@type":"ListItem","position":2,"name":"Products","item":"https:\/\/conexmetals.com\/products\/"},{"@type":"ListItem","position":3,"name":"Quadratische Bandklemmen"}]},{"@type":"WebSite","@id":"https:\/\/conexmetals.com\/de\/#website","url":"https:\/\/conexmetals.com\/de\/","name":"Conex Metals Brass Fittings Brass Parts Copper Parts Brass Components Brass Plumbing Fittings India","description":"Manufacturer of Bronze Fittings casting Copper Brass parts components","publisher":{"@id":"https:\/\/conexmetals.com\/de\/#organization"},"potentialAction":[{"@type":"SearchAction","target":{"@type":"EntryPoint","urlTemplate":"https:\/\/conexmetals.com\/de\/?s={search_term_string}"},"query-input":{"@type":"PropertyValueSpecification","valueRequired":true,"valueName":"search_term_string"}}],"inLanguage":"de"},{"@type":"Organization","@id":"https:\/\/conexmetals.com\/de\/#organization","name":"Conex Metals Brass Fittings Brass Parts Copper Parts Brass Components Brass Plumbing Fittings India","url":"https:\/\/conexmetals.com\/de\/","logo":{"@type":"ImageObject","inLanguage":"de","@id":"https:\/\/conexmetals.com\/de\/#\/schema\/logo\/image\/","url":"https:\/\/conexmetals.com\/wp-content\/uploads\/2024\/03\/conex-metals-logo.webp","contentUrl":"https:\/\/conexmetals.com\/wp-content\/uploads\/2024\/03\/conex-metals-logo.webp","width":300,"height":121,"caption":"Conex Metals Brass Fittings Brass Parts Copper Parts Brass Components Brass Plumbing Fittings India"},"image":{"@id":"https:\/\/conexmetals.com\/de\/#\/schema\/logo\/image\/"},"sameAs":["https:\/\/www.facebook.com\/conexbrass","https:\/\/x.com\/conexindia","https:\/\/www.linkedin.com\/company\/conex-metals-india\/","https:\/\/www.instagram.com\/conexindia\/"]}]}},"_links":{"self":[{"href":"https:\/\/conexmetals.com\/de\/wp-json\/wp\/v2\/product\/12650","targetHints":{"allow":["GET"]}}],"collection":[{"href":"https:\/\/conexmetals.com\/de\/wp-json\/wp\/v2\/product"}],"about":[{"href":"https:\/\/conexmetals.com\/de\/wp-json\/wp\/v2\/types\/product"}],"wp:featuredmedia":[{"embeddable":true,"href":"https:\/\/conexmetals.com\/de\/wp-json\/wp\/v2\/media\/12561"}],"wp:attachment":[{"href":"https:\/\/conexmetals.com\/de\/wp-json\/wp\/v2\/media?parent=12650"}],"wp:term":[{"taxonomy":"product_brand","embeddable":true,"href":"https:\/\/conexmetals.com\/de\/wp-json\/wp\/v2\/product_brand?post=12650"},{"taxonomy":"product_cat","embeddable":true,"href":"https:\/\/conexmetals.com\/de\/wp-json\/wp\/v2\/product_cat?post=12650"},{"taxonomy":"product_tag","embeddable":true,"href":"https:\/\/conexmetals.com\/de\/wp-json\/wp\/v2\/product_tag?post=12650"}],"curies":[{"name":"wp","href":"https:\/\/api.w.org\/{rel}","templated":true}]}}