{"id":12655,"date":"2023-08-18T10:29:41","date_gmt":"2023-08-18T04:59:41","guid":{"rendered":"https:\/\/conexmetals.com\/?post_type=product&#038;p=12655"},"modified":"2025-01-03T15:21:57","modified_gmt":"2025-01-03T09:51:57","slug":"bandklammern","status":"publish","type":"product","link":"https:\/\/conexmetals.com\/de\/produkt\/bandklammern\/","title":{"rendered":"Bandklammern"},"content":{"rendered":"","protected":false},"excerpt":{"rendered":"<p><img fetchpriority=\"high\" decoding=\"async\" class=\"alignnone wp-image-6784 size-full lazy loaded\" src=\"https:\/\/conexmetals.com\/wp-content\/uploads\/2023\/08\/Tape-Clips-.jpg\" alt=\"Typ der Klebebandklammern\" width=\"732\" height=\"250\" data-src=\"https:\/\/conexmetals.com\/wp-content\/uploads\/2023\/08\/Tape-Clips-.jpg\" data-was-processed=\"true\" srcset=\"https:\/\/conexmetals.com\/wp-content\/uploads\/2023\/08\/Tape-Clips-.jpg 732w, https:\/\/conexmetals.com\/wp-content\/uploads\/2023\/08\/Tape-Clips--300x102.jpg 300w, https:\/\/conexmetals.com\/wp-content\/uploads\/2023\/08\/Tape-Clips--700x239.jpg 700w\" sizes=\"(max-width: 732px) 100vw, 732px\" \/><\/p>\n<p>&nbsp;<\/p>\n<table id=\"tablepress-355\" class=\"tablepress tablepress-id-355\">\n<caption>\u00a0<\/caption>\n<thead>\n<tr class=\"row-1 odd\">\n<th class=\"column-1\" colspan=\"5\"><strong><span>Blanke Kupferb\u00e4nder<\/span><\/strong><\/th>\n<\/tr>\n<\/thead>\n<tbody class=\"row-hover\">\n<tr class=\"row-2 even\">\n<td class=\"column-1\"><strong><span>Leitergr\u00f6\u00dfe mm<\/span><\/strong><\/td>\n<td class=\"column-2\"><strong><span>L mm<\/span><\/strong><\/td>\n<td class=\"column-3\"><strong><span>B mm<\/span><\/strong><\/td>\n<td class=\"column-4\"><strong><span>Hmm<\/span><\/strong><\/td>\n<td class=\"column-5\"><strong><span>St\u00fcckgewicht kg<\/span><\/strong><\/td>\n<\/tr>\n<tr class=\"row-3 odd\">\n<td class=\"column-1\"><span>20 x 3<\/span><\/td>\n<td class=\"column-2\"><span>68<\/span><\/td>\n<td class=\"column-3\" rowspan=\"3\"><span>20<\/span><\/td>\n<td class=\"column-4\"><span>7<\/span><\/td>\n<td class=\"column-5\"><span>0,03<\/span><\/td>\n<\/tr>\n<tr class=\"row-4 even\">\n<td class=\"column-1\"><span>21 x 3<\/span><\/td>\n<td class=\"column-2\"><span>70<\/span><\/td>\n<td class=\"column-4\"><span>7<\/span><\/td>\n<td class=\"column-5\"><span>0,03<\/span><\/td>\n<\/tr>\n<tr class=\"row-5 odd\">\n<td class=\"column-1\"><span>50 x 6<\/span><\/td>\n<td class=\"column-2\"><span>73<\/span><\/td>\n<td class=\"column-4\"><span>8<\/span><\/td>\n<td class=\"column-5\"><span>0,05<\/span><\/td>\n<\/tr>\n<tr class=\"row-6 even\">\n<td class=\"column-1\" colspan=\"5\"><span>Material: Kupfer<\/span><\/td>\n<\/tr>\n<\/tbody>\n<\/table>\n<table id=\"tablepress-354\" class=\"tablepress tablepress-id-354\">\n<caption>\u00a0<\/caption>\n<thead>\n<tr class=\"row-1 odd\">\n<th class=\"column-1\" colspan=\"5\"><strong><span>PVC-beschichtete Kupferb\u00e4nder<\/span><\/strong><\/th>\n<\/tr>\n<\/thead>\n<tbody class=\"row-hover\">\n<tr class=\"row-2 even\">\n<td class=\"column-1\"><strong><span>Leitergr\u00f6\u00dfe mm<\/span><\/strong><\/td>\n<td class=\"column-2\"><strong><span>L mm<\/span><\/strong><\/td>\n<td class=\"column-3\"><strong><span>B mm<\/span><\/strong><\/td>\n<td class=\"column-4\"><strong><span>Hmm<\/span><\/strong><\/td>\n<td class=\"column-5\"><strong><span>St\u00fcckgewicht kg<\/span><\/strong><\/td>\n<\/tr>\n<tr class=\"row-3 odd\">\n<td class=\"column-1\"><span>25 x 3<\/span><\/td>\n<td class=\"column-2\"><span>70<\/span><\/td>\n<td class=\"column-3\"><span>20<\/span><\/td>\n<td class=\"column-4\"><span>7<\/span><\/td>\n<td class=\"column-5\"><span>0,03<\/span><\/td>\n<\/tr>\n<tr class=\"row-4 even\">\n<td class=\"column-1\" colspan=\"5\"><span>Material: Kupfer<\/span><\/td>\n<\/tr>\n<\/tbody>\n<\/table>\n<table id=\"tablepress-353\" class=\"tablepress tablepress-id-353\">\n<caption>\u00a0<\/caption>\n<thead>\n<tr class=\"row-1 odd\">\n<th class=\"column-1\" colspan=\"5\"><strong><span>Blanke Aluminiumb\u00e4nder<\/span><\/strong><\/th>\n<\/tr>\n<\/thead>\n<tbody class=\"row-hover\">\n<tr class=\"row-2 even\">\n<td class=\"column-1\"><strong><span>Leitergr\u00f6\u00dfe mm<\/span><\/strong><\/td>\n<td class=\"column-2\"><strong><span>L mm<\/span><\/strong><\/td>\n<td class=\"column-3\"><strong><span>B mm<\/span><\/strong><\/td>\n<td class=\"column-4\"><strong><span>Hmm<\/span><\/strong><\/td>\n<td class=\"column-5\"><strong><span>St\u00fcckgewicht kg<\/span><\/strong><\/td>\n<\/tr>\n<tr class=\"row-3 odd\">\n<td class=\"column-1\"><span>25 x 3<\/span><\/td>\n<td class=\"column-2\"><span>68<\/span><\/td>\n<td class=\"column-3\" rowspan=\"2\"><span>20<\/span><\/td>\n<td class=\"column-4\" rowspan=\"2\"><span>7<\/span><\/td>\n<td class=\"column-5\" rowspan=\"2\"><span>0,01<\/span><\/td>\n<\/tr>\n<tr class=\"row-4 even\">\n<td class=\"column-1\"><span>26 x 3<\/span><\/td>\n<td class=\"column-2\"><span>70<\/span><\/td>\n<\/tr>\n<tr class=\"row-5 odd\">\n<td class=\"column-1\" colspan=\"5\"><span>Material: Kupfer<\/span><\/td>\n<\/tr>\n<\/tbody>\n<\/table>\n<table id=\"tablepress-352\" class=\"tablepress tablepress-id-352\">\n<caption>\u00a0<\/caption>\n<thead>\n<tr class=\"row-1 odd\">\n<th class=\"column-1\" colspan=\"5\"><strong><span>PVC-beschichtete Aluminiumb\u00e4nder<\/span><\/strong><\/th>\n<\/tr>\n<\/thead>\n<tbody class=\"row-hover\">\n<tr class=\"row-2 even\">\n<td class=\"column-1\"><strong><span>Leitergr\u00f6\u00dfe mm<\/span><\/strong><\/td>\n<td class=\"column-2\"><strong><span>L mm<\/span><\/strong><\/td>\n<td class=\"column-3\"><strong><span>B mm<\/span><\/strong><\/td>\n<td class=\"column-4\"><strong><span>Hmm<\/span><\/strong><\/td>\n<td class=\"column-5\"><strong><span>St\u00fcckgewicht kg<\/span><\/strong><\/td>\n<\/tr>\n<tr class=\"row-3 odd\">\n<td class=\"column-1\"><span>25 x 3<\/span><\/td>\n<td class=\"column-2\"><span>70<\/span><\/td>\n<td class=\"column-3\"><span>20<\/span><\/td>\n<td class=\"column-4\"><span>0,01<\/span><\/td>\n<td class=\"column-5\"><span>0,01<\/span><\/td>\n<\/tr>\n<tr class=\"row-4 even\">\n<td class=\"column-1\" colspan=\"5\"><span>Material: Kupfer<\/span><\/td>\n<\/tr>\n<\/tbody>\n<\/table>\n<p>&nbsp;<\/p>\n<p><img decoding=\"async\" class=\"size-medium wp-image-6785 alignright lazy loaded\" src=\"https:\/\/conexmetals.com\/wp-content\/uploads\/2023\/08\/Tape-Clips-line-drawing-300x195.png\" alt=\"Strichzeichnung von Klebebandklammern\" width=\"300\" height=\"195\" data-src=\"https:\/\/conexmetals.com\/wp-content\/uploads\/2023\/08\/Tape-Clips-line-drawing-300x195.png\" data-was-processed=\"true\" srcset=\"https:\/\/conexmetals.com\/wp-content\/uploads\/2023\/08\/Tape-Clips-line-drawing-300x195.png 300w, https:\/\/conexmetals.com\/wp-content\/uploads\/2023\/08\/Tape-Clips-line-drawing.png 461w\" sizes=\"(max-width: 300px) 100vw, 300px\" \/><span>Bandklemmen, auch Kabelklemmen oder Drahtklemmen genannt, sind kleine Ger\u00e4te, mit denen elektrische Kabel, Dr\u00e4hte oder B\u00e4nder an einer festen Oberfl\u00e4che befestigt und organisiert werden. Sie spielen eine entscheidende Rolle beim Kabelmanagement, indem sie sicherstellen, dass Kabel ordentlich angeordnet und an Ort und Stelle gehalten werden, um Verwicklungen, Stolperfallen und m\u00f6gliche Sch\u00e4den zu vermeiden.<\/span><\/p>\n<p><span>Zu den wichtigsten Funktionen und Einsatzm\u00f6glichkeiten von Klebebandclips geh\u00f6ren:<\/span><\/p>\n<ol>\n<li><span>Kabelmanagement: Klebebandclips dienen dazu, Kabel und Leitungen geordnet und an ihrem Platz zu halten und so zu einer ordentlichen und sicheren Umgebung in elektrischen Installationen beizutragen.<\/span><\/li>\n<li><span>Einfache Installation: Klebebandklammern sind normalerweise einfach zu installieren und k\u00f6nnen mit N\u00e4geln, Schrauben, Kleber\u00fccken oder anderen Befestigungsmethoden an verschiedenen Oberfl\u00e4chen wie W\u00e4nden, Decken oder Fu\u00dfleisten befestigt werden.<\/span><\/li>\n<li><span>Vielseitigkeit: Bandclips sind in verschiedenen Gr\u00f6\u00dfen und Ausf\u00fchrungen erh\u00e4ltlich, um verschiedenen Kabeldurchmessern und -typen gerecht zu werden. Einige Clips sind speziell f\u00fcr Flachkabel oder B\u00e4nder konzipiert, w\u00e4hrend andere runde Kabel oder Dr\u00e4hte sichern k\u00f6nnen.<\/span><\/li>\n<li><span>Material: Bandklemmen werden \u00fcblicherweise aus Kunststoff, Metall oder einer Kombination aus beidem hergestellt. Kunststoffklemmen sind leicht und werden h\u00e4ufig f\u00fcr Niederspannungsanwendungen verwendet, w\u00e4hrend Metallklemmen f\u00fcr Hochleistungsanwendungen eine h\u00f6here Haltbarkeit und Festigkeit bieten.<\/span><\/li>\n<li><span>Anwendung: Klebebandclips werden in zahlreichen Branchen und Umgebungen verwendet, darunter im Wohn-, Gesch\u00e4fts-, Industrie-, Automobil- und Unterhaltungsbereich (zur Sicherung von Audio- und Videokabeln).<\/span><\/li>\n<li><span>Wiederverwendbarkeit: Je nach Ausf\u00fchrung lassen sich einige Klebebandclips leicht \u00f6ffnen und schlie\u00dfen, sodass Kabel bei Bedarf neu positioniert oder entfernt werden k\u00f6nnen.<\/span><\/li>\n<\/ol>\n<p><span>Bandclips gibt es in verschiedenen Ausf\u00fchrungen, z. B. Einzelnagelclips, Doppelnagelclips, Sattelclips, Clips mit selbstklebender R\u00fcckseite und mehr. Die Wahl der Bandclips h\u00e4ngt von Faktoren wie dem Oberfl\u00e4chenmaterial, der Kabelgr\u00f6\u00dfe und den spezifischen Installationsanforderungen ab.<\/span><\/p>\n","protected":false},"featured_media":12567,"template":"","meta":[],"product_brand":[],"product_cat":[380],"product_tag":[],"class_list":{"0":"post-12655","1":"product","2":"type-product","3":"status-publish","4":"has-post-thumbnail","6":"product_cat-erdungszubehor","8":"first","9":"instock","10":"shipping-taxable","11":"product-type-simple"},"yoast_head":"<!-- This site is optimized with the Yoast SEO plugin v27.3 - https:\/\/yoast.com\/product\/yoast-seo-wordpress\/ -->\n<title>Bandklammern<\/title>\n<meta name=\"description\" content=\"Entdecken Sie die Bandklammern von Conex Metals mit Kupfererdungsband und Blitzschutzband. Unsere Erdungsstabkupplungen und leitf\u00e4higen Klebeklammern sorgen f\u00fcr langlebige und sichere Befestigungsl\u00f6sungen. Vertrauensw\u00fcrdiger Hersteller, Exporteur und Lieferant aus Indien.\" \/>\n<meta name=\"robots\" content=\"index, follow, max-snippet:-1, max-image-preview:large, max-video-preview:-1\" \/>\n<link rel=\"canonical\" href=\"https:\/\/conexmetals.com\/de\/produkt\/bandklammern\/\" \/>\n<script type=\"application\/ld+json\" class=\"yoast-schema-graph\">{\"@context\":\"https:\\\/\\\/schema.org\",\"@graph\":[{\"@type\":\"WebPage\",\"@id\":\"https:\\\/\\\/conexmetals.com\\\/de\\\/produkt\\\/bandklammern\\\/\",\"url\":\"https:\\\/\\\/conexmetals.com\\\/de\\\/produkt\\\/bandklammern\\\/\",\"name\":\"Bandklammern\",\"isPartOf\":{\"@id\":\"https:\\\/\\\/conexmetals.com\\\/de\\\/#website\"},\"primaryImageOfPage\":{\"@id\":\"https:\\\/\\\/conexmetals.com\\\/de\\\/produkt\\\/bandklammern\\\/#primaryimage\"},\"image\":{\"@id\":\"https:\\\/\\\/conexmetals.com\\\/de\\\/produkt\\\/bandklammern\\\/#primaryimage\"},\"thumbnailUrl\":\"https:\\\/\\\/conexmetals.com\\\/wp-content\\\/uploads\\\/2025\\\/01\\\/Bandklammern.webp\",\"datePublished\":\"2023-08-18T04:59:41+00:00\",\"dateModified\":\"2025-01-03T09:51:57+00:00\",\"description\":\"Entdecken Sie die Bandklammern von Conex Metals mit Kupfererdungsband und Blitzschutzband. Unsere Erdungsstabkupplungen und leitf\u00e4higen Klebeklammern sorgen f\u00fcr langlebige und sichere Befestigungsl\u00f6sungen. Vertrauensw\u00fcrdiger Hersteller, Exporteur und Lieferant aus Indien.\",\"breadcrumb\":{\"@id\":\"https:\\\/\\\/conexmetals.com\\\/de\\\/produkt\\\/bandklammern\\\/#breadcrumb\"},\"inLanguage\":\"de\",\"potentialAction\":[{\"@type\":\"ReadAction\",\"target\":[\"https:\\\/\\\/conexmetals.com\\\/de\\\/produkt\\\/bandklammern\\\/\"]}]},{\"@type\":\"ImageObject\",\"inLanguage\":\"de\",\"@id\":\"https:\\\/\\\/conexmetals.com\\\/de\\\/produkt\\\/bandklammern\\\/#primaryimage\",\"url\":\"https:\\\/\\\/conexmetals.com\\\/wp-content\\\/uploads\\\/2025\\\/01\\\/Bandklammern.webp\",\"contentUrl\":\"https:\\\/\\\/conexmetals.com\\\/wp-content\\\/uploads\\\/2025\\\/01\\\/Bandklammern.webp\",\"width\":350,\"height\":350,\"caption\":\"Bandklammern\"},{\"@type\":\"BreadcrumbList\",\"@id\":\"https:\\\/\\\/conexmetals.com\\\/de\\\/produkt\\\/bandklammern\\\/#breadcrumb\",\"itemListElement\":[{\"@type\":\"ListItem\",\"position\":1,\"name\":\"Home\",\"item\":\"https:\\\/\\\/conexmetals.com\\\/de\\\/heim\\\/\"},{\"@type\":\"ListItem\",\"position\":2,\"name\":\"Products\",\"item\":\"https:\\\/\\\/conexmetals.com\\\/products\\\/\"},{\"@type\":\"ListItem\",\"position\":3,\"name\":\"Bandklammern\"}]},{\"@type\":\"WebSite\",\"@id\":\"https:\\\/\\\/conexmetals.com\\\/de\\\/#website\",\"url\":\"https:\\\/\\\/conexmetals.com\\\/de\\\/\",\"name\":\"Conex Metals Brass Fittings Brass Parts Copper Parts Brass Components Brass Plumbing Fittings India\",\"description\":\"Manufacturer of Bronze Fittings casting Copper Brass parts components\",\"publisher\":{\"@id\":\"https:\\\/\\\/conexmetals.com\\\/de\\\/#organization\"},\"potentialAction\":[{\"@type\":\"SearchAction\",\"target\":{\"@type\":\"EntryPoint\",\"urlTemplate\":\"https:\\\/\\\/conexmetals.com\\\/de\\\/?s={search_term_string}\"},\"query-input\":{\"@type\":\"PropertyValueSpecification\",\"valueRequired\":true,\"valueName\":\"search_term_string\"}}],\"inLanguage\":\"de\"},{\"@type\":\"Organization\",\"@id\":\"https:\\\/\\\/conexmetals.com\\\/de\\\/#organization\",\"name\":\"Conex Metals Brass Fittings Brass Parts Copper Parts Brass Components Brass Plumbing Fittings India\",\"url\":\"https:\\\/\\\/conexmetals.com\\\/de\\\/\",\"logo\":{\"@type\":\"ImageObject\",\"inLanguage\":\"de\",\"@id\":\"https:\\\/\\\/conexmetals.com\\\/de\\\/#\\\/schema\\\/logo\\\/image\\\/\",\"url\":\"https:\\\/\\\/conexmetals.com\\\/wp-content\\\/uploads\\\/2024\\\/03\\\/conex-metals-logo.webp\",\"contentUrl\":\"https:\\\/\\\/conexmetals.com\\\/wp-content\\\/uploads\\\/2024\\\/03\\\/conex-metals-logo.webp\",\"width\":300,\"height\":121,\"caption\":\"Conex Metals Brass Fittings Brass Parts Copper Parts Brass Components Brass Plumbing Fittings India\"},\"image\":{\"@id\":\"https:\\\/\\\/conexmetals.com\\\/de\\\/#\\\/schema\\\/logo\\\/image\\\/\"},\"sameAs\":[\"https:\\\/\\\/www.facebook.com\\\/conexbrass\",\"https:\\\/\\\/x.com\\\/conexindia\",\"https:\\\/\\\/www.linkedin.com\\\/company\\\/conex-metals-india\\\/\",\"https:\\\/\\\/www.instagram.com\\\/conexindia\\\/\"]}]}<\/script>\n<!-- \/ Yoast SEO plugin. -->","yoast_head_json":{"title":"Bandklammern","description":"Entdecken Sie die Bandklammern von Conex Metals mit Kupfererdungsband und Blitzschutzband. Unsere Erdungsstabkupplungen und leitf\u00e4higen Klebeklammern sorgen f\u00fcr langlebige und sichere Befestigungsl\u00f6sungen. Vertrauensw\u00fcrdiger Hersteller, Exporteur und Lieferant aus Indien.","robots":{"index":"index","follow":"follow","max-snippet":"max-snippet:-1","max-image-preview":"max-image-preview:large","max-video-preview":"max-video-preview:-1"},"canonical":"https:\/\/conexmetals.com\/de\/produkt\/bandklammern\/","schema":{"@context":"https:\/\/schema.org","@graph":[{"@type":"WebPage","@id":"https:\/\/conexmetals.com\/de\/produkt\/bandklammern\/","url":"https:\/\/conexmetals.com\/de\/produkt\/bandklammern\/","name":"Bandklammern","isPartOf":{"@id":"https:\/\/conexmetals.com\/de\/#website"},"primaryImageOfPage":{"@id":"https:\/\/conexmetals.com\/de\/produkt\/bandklammern\/#primaryimage"},"image":{"@id":"https:\/\/conexmetals.com\/de\/produkt\/bandklammern\/#primaryimage"},"thumbnailUrl":"https:\/\/conexmetals.com\/wp-content\/uploads\/2025\/01\/Bandklammern.webp","datePublished":"2023-08-18T04:59:41+00:00","dateModified":"2025-01-03T09:51:57+00:00","description":"Entdecken Sie die Bandklammern von Conex Metals mit Kupfererdungsband und Blitzschutzband. Unsere Erdungsstabkupplungen und leitf\u00e4higen Klebeklammern sorgen f\u00fcr langlebige und sichere Befestigungsl\u00f6sungen. Vertrauensw\u00fcrdiger Hersteller, Exporteur und Lieferant aus Indien.","breadcrumb":{"@id":"https:\/\/conexmetals.com\/de\/produkt\/bandklammern\/#breadcrumb"},"inLanguage":"de","potentialAction":[{"@type":"ReadAction","target":["https:\/\/conexmetals.com\/de\/produkt\/bandklammern\/"]}]},{"@type":"ImageObject","inLanguage":"de","@id":"https:\/\/conexmetals.com\/de\/produkt\/bandklammern\/#primaryimage","url":"https:\/\/conexmetals.com\/wp-content\/uploads\/2025\/01\/Bandklammern.webp","contentUrl":"https:\/\/conexmetals.com\/wp-content\/uploads\/2025\/01\/Bandklammern.webp","width":350,"height":350,"caption":"Bandklammern"},{"@type":"BreadcrumbList","@id":"https:\/\/conexmetals.com\/de\/produkt\/bandklammern\/#breadcrumb","itemListElement":[{"@type":"ListItem","position":1,"name":"Home","item":"https:\/\/conexmetals.com\/de\/heim\/"},{"@type":"ListItem","position":2,"name":"Products","item":"https:\/\/conexmetals.com\/products\/"},{"@type":"ListItem","position":3,"name":"Bandklammern"}]},{"@type":"WebSite","@id":"https:\/\/conexmetals.com\/de\/#website","url":"https:\/\/conexmetals.com\/de\/","name":"Conex Metals Brass Fittings Brass Parts Copper Parts Brass Components Brass Plumbing Fittings India","description":"Manufacturer of Bronze Fittings casting Copper Brass parts components","publisher":{"@id":"https:\/\/conexmetals.com\/de\/#organization"},"potentialAction":[{"@type":"SearchAction","target":{"@type":"EntryPoint","urlTemplate":"https:\/\/conexmetals.com\/de\/?s={search_term_string}"},"query-input":{"@type":"PropertyValueSpecification","valueRequired":true,"valueName":"search_term_string"}}],"inLanguage":"de"},{"@type":"Organization","@id":"https:\/\/conexmetals.com\/de\/#organization","name":"Conex Metals Brass Fittings Brass Parts Copper Parts Brass Components Brass Plumbing Fittings India","url":"https:\/\/conexmetals.com\/de\/","logo":{"@type":"ImageObject","inLanguage":"de","@id":"https:\/\/conexmetals.com\/de\/#\/schema\/logo\/image\/","url":"https:\/\/conexmetals.com\/wp-content\/uploads\/2024\/03\/conex-metals-logo.webp","contentUrl":"https:\/\/conexmetals.com\/wp-content\/uploads\/2024\/03\/conex-metals-logo.webp","width":300,"height":121,"caption":"Conex Metals Brass Fittings Brass Parts Copper Parts Brass Components Brass Plumbing Fittings India"},"image":{"@id":"https:\/\/conexmetals.com\/de\/#\/schema\/logo\/image\/"},"sameAs":["https:\/\/www.facebook.com\/conexbrass","https:\/\/x.com\/conexindia","https:\/\/www.linkedin.com\/company\/conex-metals-india\/","https:\/\/www.instagram.com\/conexindia\/"]}]}},"_links":{"self":[{"href":"https:\/\/conexmetals.com\/de\/wp-json\/wp\/v2\/product\/12655","targetHints":{"allow":["GET"]}}],"collection":[{"href":"https:\/\/conexmetals.com\/de\/wp-json\/wp\/v2\/product"}],"about":[{"href":"https:\/\/conexmetals.com\/de\/wp-json\/wp\/v2\/types\/product"}],"wp:featuredmedia":[{"embeddable":true,"href":"https:\/\/conexmetals.com\/de\/wp-json\/wp\/v2\/media\/12567"}],"wp:attachment":[{"href":"https:\/\/conexmetals.com\/de\/wp-json\/wp\/v2\/media?parent=12655"}],"wp:term":[{"taxonomy":"product_brand","embeddable":true,"href":"https:\/\/conexmetals.com\/de\/wp-json\/wp\/v2\/product_brand?post=12655"},{"taxonomy":"product_cat","embeddable":true,"href":"https:\/\/conexmetals.com\/de\/wp-json\/wp\/v2\/product_cat?post=12655"},{"taxonomy":"product_tag","embeddable":true,"href":"https:\/\/conexmetals.com\/de\/wp-json\/wp\/v2\/product_tag?post=12655"}],"curies":[{"name":"wp","href":"https:\/\/api.w.org\/{rel}","templated":true}]}}