{"id":12669,"date":"2023-08-18T10:37:14","date_gmt":"2023-08-18T05:07:14","guid":{"rendered":"https:\/\/conexmetals.com\/?post_type=product&#038;p=12669"},"modified":"2025-01-03T15:53:08","modified_gmt":"2025-01-03T10:23:08","slug":"zinkrohrschellen","status":"publish","type":"product","link":"https:\/\/conexmetals.com\/de\/produkt\/zinkrohrschellen\/","title":{"rendered":"Zinkrohrschellen"},"content":{"rendered":"","protected":false},"excerpt":{"rendered":"<p><img fetchpriority=\"high\" decoding=\"async\" class=\"alignnone size-full wp-image-12308 lazy loaded\" src=\"https:\/\/conexmetals.com\/wp-content\/uploads\/2023\/08\/Zinc-Pipe-Clamps-line-drawing.webp\" alt=\"Strichzeichnung von Zinkrohrschellen\" width=\"300\" height=\"267\" data-src=\"https:\/\/conexmetals.com\/wp-content\/uploads\/2023\/08\/Zinc-Pipe-Clamps-line-drawing.webp\" data-was-processed=\"true\" \/><\/p>\n<table id=\"tablepress-390\" class=\"tablepress tablepress-id-390\">\n<caption>\u00a0<\/caption>\n<thead>\n<tr class=\"row-1 odd\">\n<th class=\"column-1\" colspan=\"6\"><span>Ma\u00dfe<\/span><\/th>\n<\/tr>\n<\/thead>\n<tbody class=\"row-hover\">\n<tr class=\"row-2 even\">\n<td class=\"column-1\"><span>Handelsgr\u00f6\u00dfe<\/span><\/td>\n<td class=\"column-2\"><span>A (in)<\/span><\/td>\n<td class=\"column-3\"><span>B (in)<\/span><\/td>\n<td class=\"column-4\"><span>C(in)<\/span><\/td>\n<td class=\"column-5\"><span>L\u00e4rm)<\/span><\/td>\n<td class=\"column-6\"><span>Drahtbereich<\/span><\/td>\n<\/tr>\n<tr class=\"row-3 odd\">\n<td class=\"column-1\"><span>1\/2&#8243;, 3\/4&#8243; bis 1&#8243;<\/span><\/td>\n<td class=\"column-2\"><span>2.19<\/span><\/td>\n<td class=\"column-3\"><span>0,50<\/span><\/td>\n<td class=\"column-4\"><span>0,81<\/span><\/td>\n<td class=\"column-5\"><span>0,56<\/span><\/td>\n<td class=\"column-6\"><span>#8-#2<\/span><\/td>\n<\/tr>\n<\/tbody>\n<\/table>\n<p><span>Zinkrohrschellen sind spezielle Armaturen, die zum Sichern und St\u00fctzen von Rohren in verschiedenen Anwendungen wie Sanit\u00e4ranlagen, HVAC (Heizung, L\u00fcftung und Klimaanlagen) und Industriesystemen verwendet werden. Diese Schellen sind daf\u00fcr ausgelegt, Rohre an Ort und Stelle zu halten und Bewegungen oder Vibrationen zu verhindern.<\/span><\/p>\n<p><span>Zu den wichtigsten Merkmalen und Einsatzm\u00f6glichkeiten von Zink-Rohrschellen geh\u00f6ren:<\/span><\/p>\n<ol>\n<li><span>Material: Zink-Rohrklemmen werden normalerweise aus verzinktem Stahl hergestellt, der eine gute Korrosionsbest\u00e4ndigkeit und Haltbarkeit bietet.<\/span><\/li>\n<li><span>Design: Sie sind in verschiedenen Ausf\u00fchrungen erh\u00e4ltlich, z. B. als geteilte Schellen, Scharnierschellen, gepolsterte Schellen oder Hochleistungsschellen, um verschiedenen Rohrgr\u00f6\u00dfen und Installationsanforderungen gerecht zu werden.<\/span><\/li>\n<li><span>Rohrgr\u00f6\u00dfe: Zinkrohrklemmen sind in unterschiedlichen Gr\u00f6\u00dfen f\u00fcr unterschiedliche Rohrdurchmesser erh\u00e4ltlich, von kleinen Sanit\u00e4rrohren bis hin zu gr\u00f6\u00dferen Industriepipelines.<\/span><\/li>\n<li><span>Installation: Zinkrohrklemmen lassen sich leicht installieren und mit Schrauben, Bolzen oder anderen geeigneten Befestigungsmitteln an tragenden Strukturen wie W\u00e4nden, Decken oder Balken befestigen.<\/span><\/li>\n<li><span>Rohrhalterung: Die Hauptfunktion von Zink-Rohrklemmen besteht darin, Rohre zu st\u00fctzen und fest an ihrem Platz zu halten und so ein Durchh\u00e4ngen oder eine Bewegung aufgrund des Gewichts der Rohre oder des Fl\u00fcssigkeitsflusses in ihnen zu verhindern.<\/span><\/li>\n<li><span>Schwingungsd\u00e4mpfung: In einigen Anwendungen werden gepolsterte oder gummibeschichtete Zink-Rohrschellen verwendet, um Schwingungen zu d\u00e4mpfen und durch Fl\u00fcssigkeitsfluss oder Maschinen verursachte Ger\u00e4usche zu reduzieren.<\/span><\/li>\n<li><span>Temperaturtoleranz: Zink-Rohrklemmen sind f\u00fcr einen weiten Temperaturbereich ausgelegt und eignen sich daher sowohl f\u00fcr den Innen- als auch f\u00fcr den Au\u00dfenbereich.<\/span><\/li>\n<li><span>Sanit\u00e4ranlagen und Heizungs-, L\u00fcftungs- und Klimatechnik: Zinkrohrschellen werden h\u00e4ufig in Sanit\u00e4rsystemen f\u00fcr Wasserversorgungs- und Abwasserrohre sowie in Heizungs-, L\u00fcftungs- und Klimasystemen f\u00fcr Luftkan\u00e4le und K\u00fchlmittelleitungen verwendet.<\/span><\/li>\n<\/ol>\n<p><span>Obwohl Zinkrohrschellen eine gute Korrosionsbest\u00e4ndigkeit bieten, sind sie m\u00f6glicherweise nicht f\u00fcr alle Umgebungen geeignet. In stark korrosiven oder aggressiven Umgebungen sind m\u00f6glicherweise Edelstahl oder andere korrosionsbest\u00e4ndige Materialien vorzuziehen.<\/span><\/p>\n","protected":false},"featured_media":12582,"template":"","meta":[],"product_brand":[],"product_cat":[380],"product_tag":[],"class_list":{"0":"post-12669","1":"product","2":"type-product","3":"status-publish","4":"has-post-thumbnail","6":"product_cat-erdungszubehor","8":"first","9":"instock","10":"shipping-taxable","11":"product-type-simple"},"yoast_head":"<!-- This site is optimized with the Yoast SEO plugin v27.3 - https:\/\/yoast.com\/product\/yoast-seo-wordpress\/ -->\n<title>Zinkrohrschellen<\/title>\n<meta name=\"description\" content=\"Conex Metals ist auf Zinkrohrschellen spezialisiert, einschlie\u00dflich verzinkter Rohrschellen und industrieller Rohrst\u00fctzschellen. Unsere korrosionsbest\u00e4ndigen und elektroverzinkten L\u00f6sungen gew\u00e4hrleisten eine leistungsstarke und langlebige Nutzung. F\u00fchrender Hersteller, Exporteur und Lieferant aus Indien.\" \/>\n<meta name=\"robots\" content=\"index, follow, max-snippet:-1, max-image-preview:large, max-video-preview:-1\" \/>\n<link rel=\"canonical\" href=\"https:\/\/conexmetals.com\/de\/produkt\/zinkrohrschellen\/\" \/>\n<script type=\"application\/ld+json\" class=\"yoast-schema-graph\">{\"@context\":\"https:\\\/\\\/schema.org\",\"@graph\":[{\"@type\":\"WebPage\",\"@id\":\"https:\\\/\\\/conexmetals.com\\\/de\\\/produkt\\\/zinkrohrschellen\\\/\",\"url\":\"https:\\\/\\\/conexmetals.com\\\/de\\\/produkt\\\/zinkrohrschellen\\\/\",\"name\":\"Zinkrohrschellen\",\"isPartOf\":{\"@id\":\"https:\\\/\\\/conexmetals.com\\\/de\\\/#website\"},\"primaryImageOfPage\":{\"@id\":\"https:\\\/\\\/conexmetals.com\\\/de\\\/produkt\\\/zinkrohrschellen\\\/#primaryimage\"},\"image\":{\"@id\":\"https:\\\/\\\/conexmetals.com\\\/de\\\/produkt\\\/zinkrohrschellen\\\/#primaryimage\"},\"thumbnailUrl\":\"https:\\\/\\\/conexmetals.com\\\/wp-content\\\/uploads\\\/2025\\\/01\\\/Zinkrohrschellen.webp\",\"datePublished\":\"2023-08-18T05:07:14+00:00\",\"dateModified\":\"2025-01-03T10:23:08+00:00\",\"description\":\"Conex Metals ist auf Zinkrohrschellen spezialisiert, einschlie\u00dflich verzinkter Rohrschellen und industrieller Rohrst\u00fctzschellen. Unsere korrosionsbest\u00e4ndigen und elektroverzinkten L\u00f6sungen gew\u00e4hrleisten eine leistungsstarke und langlebige Nutzung. F\u00fchrender Hersteller, Exporteur und Lieferant aus Indien.\",\"breadcrumb\":{\"@id\":\"https:\\\/\\\/conexmetals.com\\\/de\\\/produkt\\\/zinkrohrschellen\\\/#breadcrumb\"},\"inLanguage\":\"de\",\"potentialAction\":[{\"@type\":\"ReadAction\",\"target\":[\"https:\\\/\\\/conexmetals.com\\\/de\\\/produkt\\\/zinkrohrschellen\\\/\"]}]},{\"@type\":\"ImageObject\",\"inLanguage\":\"de\",\"@id\":\"https:\\\/\\\/conexmetals.com\\\/de\\\/produkt\\\/zinkrohrschellen\\\/#primaryimage\",\"url\":\"https:\\\/\\\/conexmetals.com\\\/wp-content\\\/uploads\\\/2025\\\/01\\\/Zinkrohrschellen.webp\",\"contentUrl\":\"https:\\\/\\\/conexmetals.com\\\/wp-content\\\/uploads\\\/2025\\\/01\\\/Zinkrohrschellen.webp\",\"width\":350,\"height\":350,\"caption\":\"Zinkrohrschellen\"},{\"@type\":\"BreadcrumbList\",\"@id\":\"https:\\\/\\\/conexmetals.com\\\/de\\\/produkt\\\/zinkrohrschellen\\\/#breadcrumb\",\"itemListElement\":[{\"@type\":\"ListItem\",\"position\":1,\"name\":\"Home\",\"item\":\"https:\\\/\\\/conexmetals.com\\\/de\\\/heim\\\/\"},{\"@type\":\"ListItem\",\"position\":2,\"name\":\"Products\",\"item\":\"https:\\\/\\\/conexmetals.com\\\/products\\\/\"},{\"@type\":\"ListItem\",\"position\":3,\"name\":\"Zinkrohrschellen\"}]},{\"@type\":\"WebSite\",\"@id\":\"https:\\\/\\\/conexmetals.com\\\/de\\\/#website\",\"url\":\"https:\\\/\\\/conexmetals.com\\\/de\\\/\",\"name\":\"Conex Metals Brass Fittings Brass Parts Copper Parts Brass Components Brass Plumbing Fittings India\",\"description\":\"Manufacturer of Bronze Fittings casting Copper Brass parts components\",\"publisher\":{\"@id\":\"https:\\\/\\\/conexmetals.com\\\/de\\\/#organization\"},\"potentialAction\":[{\"@type\":\"SearchAction\",\"target\":{\"@type\":\"EntryPoint\",\"urlTemplate\":\"https:\\\/\\\/conexmetals.com\\\/de\\\/?s={search_term_string}\"},\"query-input\":{\"@type\":\"PropertyValueSpecification\",\"valueRequired\":true,\"valueName\":\"search_term_string\"}}],\"inLanguage\":\"de\"},{\"@type\":\"Organization\",\"@id\":\"https:\\\/\\\/conexmetals.com\\\/de\\\/#organization\",\"name\":\"Conex Metals Brass Fittings Brass Parts Copper Parts Brass Components Brass Plumbing Fittings India\",\"url\":\"https:\\\/\\\/conexmetals.com\\\/de\\\/\",\"logo\":{\"@type\":\"ImageObject\",\"inLanguage\":\"de\",\"@id\":\"https:\\\/\\\/conexmetals.com\\\/de\\\/#\\\/schema\\\/logo\\\/image\\\/\",\"url\":\"https:\\\/\\\/conexmetals.com\\\/wp-content\\\/uploads\\\/2024\\\/03\\\/conex-metals-logo.webp\",\"contentUrl\":\"https:\\\/\\\/conexmetals.com\\\/wp-content\\\/uploads\\\/2024\\\/03\\\/conex-metals-logo.webp\",\"width\":300,\"height\":121,\"caption\":\"Conex Metals Brass Fittings Brass Parts Copper Parts Brass Components Brass Plumbing Fittings India\"},\"image\":{\"@id\":\"https:\\\/\\\/conexmetals.com\\\/de\\\/#\\\/schema\\\/logo\\\/image\\\/\"},\"sameAs\":[\"https:\\\/\\\/www.facebook.com\\\/conexbrass\",\"https:\\\/\\\/x.com\\\/conexindia\",\"https:\\\/\\\/www.linkedin.com\\\/company\\\/conex-metals-india\\\/\",\"https:\\\/\\\/www.instagram.com\\\/conexindia\\\/\"]}]}<\/script>\n<!-- \/ Yoast SEO plugin. -->","yoast_head_json":{"title":"Zinkrohrschellen","description":"Conex Metals ist auf Zinkrohrschellen spezialisiert, einschlie\u00dflich verzinkter Rohrschellen und industrieller Rohrst\u00fctzschellen. Unsere korrosionsbest\u00e4ndigen und elektroverzinkten L\u00f6sungen gew\u00e4hrleisten eine leistungsstarke und langlebige Nutzung. F\u00fchrender Hersteller, Exporteur und Lieferant aus Indien.","robots":{"index":"index","follow":"follow","max-snippet":"max-snippet:-1","max-image-preview":"max-image-preview:large","max-video-preview":"max-video-preview:-1"},"canonical":"https:\/\/conexmetals.com\/de\/produkt\/zinkrohrschellen\/","schema":{"@context":"https:\/\/schema.org","@graph":[{"@type":"WebPage","@id":"https:\/\/conexmetals.com\/de\/produkt\/zinkrohrschellen\/","url":"https:\/\/conexmetals.com\/de\/produkt\/zinkrohrschellen\/","name":"Zinkrohrschellen","isPartOf":{"@id":"https:\/\/conexmetals.com\/de\/#website"},"primaryImageOfPage":{"@id":"https:\/\/conexmetals.com\/de\/produkt\/zinkrohrschellen\/#primaryimage"},"image":{"@id":"https:\/\/conexmetals.com\/de\/produkt\/zinkrohrschellen\/#primaryimage"},"thumbnailUrl":"https:\/\/conexmetals.com\/wp-content\/uploads\/2025\/01\/Zinkrohrschellen.webp","datePublished":"2023-08-18T05:07:14+00:00","dateModified":"2025-01-03T10:23:08+00:00","description":"Conex Metals ist auf Zinkrohrschellen spezialisiert, einschlie\u00dflich verzinkter Rohrschellen und industrieller Rohrst\u00fctzschellen. Unsere korrosionsbest\u00e4ndigen und elektroverzinkten L\u00f6sungen gew\u00e4hrleisten eine leistungsstarke und langlebige Nutzung. F\u00fchrender Hersteller, Exporteur und Lieferant aus Indien.","breadcrumb":{"@id":"https:\/\/conexmetals.com\/de\/produkt\/zinkrohrschellen\/#breadcrumb"},"inLanguage":"de","potentialAction":[{"@type":"ReadAction","target":["https:\/\/conexmetals.com\/de\/produkt\/zinkrohrschellen\/"]}]},{"@type":"ImageObject","inLanguage":"de","@id":"https:\/\/conexmetals.com\/de\/produkt\/zinkrohrschellen\/#primaryimage","url":"https:\/\/conexmetals.com\/wp-content\/uploads\/2025\/01\/Zinkrohrschellen.webp","contentUrl":"https:\/\/conexmetals.com\/wp-content\/uploads\/2025\/01\/Zinkrohrschellen.webp","width":350,"height":350,"caption":"Zinkrohrschellen"},{"@type":"BreadcrumbList","@id":"https:\/\/conexmetals.com\/de\/produkt\/zinkrohrschellen\/#breadcrumb","itemListElement":[{"@type":"ListItem","position":1,"name":"Home","item":"https:\/\/conexmetals.com\/de\/heim\/"},{"@type":"ListItem","position":2,"name":"Products","item":"https:\/\/conexmetals.com\/products\/"},{"@type":"ListItem","position":3,"name":"Zinkrohrschellen"}]},{"@type":"WebSite","@id":"https:\/\/conexmetals.com\/de\/#website","url":"https:\/\/conexmetals.com\/de\/","name":"Conex Metals Brass Fittings Brass Parts Copper Parts Brass Components Brass Plumbing Fittings India","description":"Manufacturer of Bronze Fittings casting Copper Brass parts components","publisher":{"@id":"https:\/\/conexmetals.com\/de\/#organization"},"potentialAction":[{"@type":"SearchAction","target":{"@type":"EntryPoint","urlTemplate":"https:\/\/conexmetals.com\/de\/?s={search_term_string}"},"query-input":{"@type":"PropertyValueSpecification","valueRequired":true,"valueName":"search_term_string"}}],"inLanguage":"de"},{"@type":"Organization","@id":"https:\/\/conexmetals.com\/de\/#organization","name":"Conex Metals Brass Fittings Brass Parts Copper Parts Brass Components Brass Plumbing Fittings India","url":"https:\/\/conexmetals.com\/de\/","logo":{"@type":"ImageObject","inLanguage":"de","@id":"https:\/\/conexmetals.com\/de\/#\/schema\/logo\/image\/","url":"https:\/\/conexmetals.com\/wp-content\/uploads\/2024\/03\/conex-metals-logo.webp","contentUrl":"https:\/\/conexmetals.com\/wp-content\/uploads\/2024\/03\/conex-metals-logo.webp","width":300,"height":121,"caption":"Conex Metals Brass Fittings Brass Parts Copper Parts Brass Components Brass Plumbing Fittings India"},"image":{"@id":"https:\/\/conexmetals.com\/de\/#\/schema\/logo\/image\/"},"sameAs":["https:\/\/www.facebook.com\/conexbrass","https:\/\/x.com\/conexindia","https:\/\/www.linkedin.com\/company\/conex-metals-india\/","https:\/\/www.instagram.com\/conexindia\/"]}]}},"_links":{"self":[{"href":"https:\/\/conexmetals.com\/de\/wp-json\/wp\/v2\/product\/12669","targetHints":{"allow":["GET"]}}],"collection":[{"href":"https:\/\/conexmetals.com\/de\/wp-json\/wp\/v2\/product"}],"about":[{"href":"https:\/\/conexmetals.com\/de\/wp-json\/wp\/v2\/types\/product"}],"wp:featuredmedia":[{"embeddable":true,"href":"https:\/\/conexmetals.com\/de\/wp-json\/wp\/v2\/media\/12582"}],"wp:attachment":[{"href":"https:\/\/conexmetals.com\/de\/wp-json\/wp\/v2\/media?parent=12669"}],"wp:term":[{"taxonomy":"product_brand","embeddable":true,"href":"https:\/\/conexmetals.com\/de\/wp-json\/wp\/v2\/product_brand?post=12669"},{"taxonomy":"product_cat","embeddable":true,"href":"https:\/\/conexmetals.com\/de\/wp-json\/wp\/v2\/product_cat?post=12669"},{"taxonomy":"product_tag","embeddable":true,"href":"https:\/\/conexmetals.com\/de\/wp-json\/wp\/v2\/product_tag?post=12669"}],"curies":[{"name":"wp","href":"https:\/\/api.w.org\/{rel}","templated":true}]}}