{"id":12738,"date":"2023-08-18T10:31:07","date_gmt":"2023-08-18T05:01:07","guid":{"rendered":"https:\/\/conexmetals.com\/?post_type=product&#038;p=12738"},"modified":"2025-01-04T14:39:36","modified_gmt":"2025-01-04T09:09:36","slug":"kupferkonische-fangstangen","status":"publish","type":"product","link":"https:\/\/conexmetals.com\/de\/produkt\/kupferkonische-fangstangen\/","title":{"rendered":"Kupferkonische Fangstangen"},"content":{"rendered":"","protected":false},"excerpt":{"rendered":"<table id=\"tablepress-333\" class=\"tablepress tablepress-id-333\">\n<caption>\u00a0<\/caption>\n<thead>\n<tr class=\"row-1 odd\">\n<th class=\"column-1\" colspan=\"4\"><strong><span>Kupfer-Luftst\u00e4be<\/span><\/strong><\/th>\n<\/tr>\n<\/thead>\n<tbody class=\"row-hover\">\n<tr class=\"row-2 even\">\n<td class=\"column-1\"><strong><span>Stangenl\u00e4nge (mm)<\/span><\/strong><\/td>\n<td class=\"column-2\"><strong><span>Stangendurchmesser (mm)<\/span><\/strong><\/td>\n<td class=\"column-3\"><strong><span>Gewindedurchmesser Zoll<\/span><\/strong><\/td>\n<td class=\"column-4\"><strong><span>Material<\/span><\/strong><\/td>\n<\/tr>\n<tr class=\"row-3 odd\">\n<td class=\"column-1\"><span>300<\/span><\/td>\n<td class=\"column-2\"><span>14.2<\/span><\/td>\n<td class=\"column-3\"><span>5\/8\u2033<\/span><\/td>\n<td class=\"column-4\"><span>Kupfer<\/span><\/td>\n<\/tr>\n<tr class=\"row-4 even\">\n<td class=\"column-1\"><span>500<\/span><\/td>\n<td class=\"column-2\"><span>14.2<\/span><\/td>\n<td class=\"column-3\"><span>5\/8\u2033<\/span><\/td>\n<td class=\"column-4\"><span>Kupfer<\/span><\/td>\n<\/tr>\n<tr class=\"row-5 odd\">\n<td class=\"column-1\"><span>600<\/span><\/td>\n<td class=\"column-2\"><span>14.2<\/span><\/td>\n<td class=\"column-3\"><span>5\/8\u2033<\/span><\/td>\n<td class=\"column-4\"><span>Kupfer<\/span><\/td>\n<\/tr>\n<tr class=\"row-6 even\">\n<td class=\"column-1\"><span>900<\/span><\/td>\n<td class=\"column-2\"><span>14.2<\/span><\/td>\n<td class=\"column-3\"><span>5\/8\u2033<\/span><\/td>\n<td class=\"column-4\"><span>Kupfer<\/span><\/td>\n<\/tr>\n<tr class=\"row-7 odd\">\n<td class=\"column-1\"><span>1000<\/span><\/td>\n<td class=\"column-2\"><span>14.2<\/span><\/td>\n<td class=\"column-3\"><span>5\/8\u2033<\/span><\/td>\n<td class=\"column-4\"><span>Kupfer<\/span><\/td>\n<\/tr>\n<tr class=\"row-8 even\">\n<td class=\"column-1\"><span>1200<\/span><\/td>\n<td class=\"column-2\"><span>14.2<\/span><\/td>\n<td class=\"column-3\"><span>5\/8\u2033<\/span><\/td>\n<td class=\"column-4\"><span>Kupfer<\/span><\/td>\n<\/tr>\n<tr class=\"row-9 odd\">\n<td class=\"column-1\"><span>1300<\/span><\/td>\n<td class=\"column-2\"><span>14.2<\/span><\/td>\n<td class=\"column-3\"><span>5\/8\u2033<\/span><\/td>\n<td class=\"column-4\"><span>Kupfer<\/span><\/td>\n<\/tr>\n<tr class=\"row-10 even\">\n<td class=\"column-1\"><span>1500<\/span><\/td>\n<td class=\"column-2\"><span>14.2<\/span><\/td>\n<td class=\"column-3\"><span>5\/8\u2033<\/span><\/td>\n<td class=\"column-4\"><span>Kupfer<\/span><\/td>\n<\/tr>\n<tr class=\"row-11 odd\">\n<td class=\"column-1\"><span>2000<\/span><\/td>\n<td class=\"column-2\"><span>14.2<\/span><\/td>\n<td class=\"column-3\"><span>5\/8\u2033<\/span><\/td>\n<td class=\"column-4\"><span>Kupfer<\/span><\/td>\n<\/tr>\n<tr class=\"row-12 even\">\n<td class=\"column-1\"><span>2200<\/span><\/td>\n<td class=\"column-2\"><span>14.2<\/span><\/td>\n<td class=\"column-3\"><span>5\/8\u2033<\/span><\/td>\n<td class=\"column-4\"><span>Kupfer<\/span><\/td>\n<\/tr>\n<tr class=\"row-13 odd\">\n<td class=\"column-1\"><span>3000<\/span><\/td>\n<td class=\"column-2\"><span>14.2<\/span><\/td>\n<td class=\"column-3\"><span>5\/8\u2033<\/span><\/td>\n<td class=\"column-4\"><span>Kupfer<\/span><\/td>\n<\/tr>\n<tr class=\"row-14 even\">\n<td class=\"column-1\"><span>500<\/span><\/td>\n<td class=\"column-2\"><span>17.2<\/span><\/td>\n<td class=\"column-3\"><span>3\/4\u2033<\/span><\/td>\n<td class=\"column-4\"><span>Kupfer<\/span><\/td>\n<\/tr>\n<tr class=\"row-15 odd\">\n<td class=\"column-1\"><span>1000<\/span><\/td>\n<td class=\"column-2\"><span>17.2<\/span><\/td>\n<td class=\"column-3\"><span>3\/4\u2033<\/span><\/td>\n<td class=\"column-4\"><span>Kupfer<\/span><\/td>\n<\/tr>\n<tr class=\"row-16 even\">\n<td class=\"column-1\"><span>2000<\/span><\/td>\n<td class=\"column-2\"><span>17.2<\/span><\/td>\n<td class=\"column-3\"><span>3\/4\u2033<\/span><\/td>\n<td class=\"column-4\"><span>Kupfer<\/span><\/td>\n<\/tr>\n<tr class=\"row-17 odd\">\n<td class=\"column-1\"><span>300<\/span><\/td>\n<td class=\"column-2\"><span>14.2<\/span><\/td>\n<td class=\"column-3\"><span>5\/8\u2033<\/span><\/td>\n<td class=\"column-4\"><span>Aluminium<\/span><\/td>\n<\/tr>\n<tr class=\"row-18 even\">\n<td class=\"column-1\"><span>500<\/span><\/td>\n<td class=\"column-2\"><span>14.2<\/span><\/td>\n<td class=\"column-3\"><span>5\/8\u2033<\/span><\/td>\n<td class=\"column-4\"><span>Aluminium<\/span><\/td>\n<\/tr>\n<tr class=\"row-19 odd\">\n<td class=\"column-1\"><span>1000<\/span><\/td>\n<td class=\"column-2\"><span>14.2<\/span><\/td>\n<td class=\"column-3\"><span>5\/8\u2033<\/span><\/td>\n<td class=\"column-4\"><span>Aluminium<\/span><\/td>\n<\/tr>\n<tr class=\"row-20 even\">\n<td class=\"column-1\"><span>1500<\/span><\/td>\n<td class=\"column-2\"><span>14.2<\/span><\/td>\n<td class=\"column-3\"><span>5\/8\u2033<\/span><\/td>\n<td class=\"column-4\"><span>Aluminium<\/span><\/td>\n<\/tr>\n<tr class=\"row-21 odd\">\n<td class=\"column-1\"><span>2000<\/span><\/td>\n<td class=\"column-2\"><span>14.2<\/span><\/td>\n<td class=\"column-3\"><span>5\/8\u2033<\/span><\/td>\n<td class=\"column-4\"><span>Aluminium<\/span><\/td>\n<\/tr>\n<tr class=\"row-22 even\">\n<td class=\"column-1\"><span>500<\/span><\/td>\n<td class=\"column-2\"><span>17.2<\/span><\/td>\n<td class=\"column-3\"><span>3\/4\u2033<\/span><\/td>\n<td class=\"column-4\"><span>Aluminium<\/span><\/td>\n<\/tr>\n<tr class=\"row-23 odd\">\n<td class=\"column-1\"><span>1000<\/span><\/td>\n<td class=\"column-2\"><span>17.2<\/span><\/td>\n<td class=\"column-3\"><span>3\/4\u2033<\/span><\/td>\n<td class=\"column-4\"><span>Aluminium<\/span><\/td>\n<\/tr>\n<tr class=\"row-24 even\">\n<td class=\"column-1\"><span>2000<\/span><\/td>\n<td class=\"column-2\"><span>17.2<\/span><\/td>\n<td class=\"column-3\"><span>3\/4\u2033<\/span><\/td>\n<td class=\"column-4\"><span>Aluminium<\/span><\/td>\n<\/tr>\n<\/tbody>\n<\/table>\n<p><span>Konische Kupfer-Luftst\u00e4be, auch als spitze Kupfer-Luftst\u00e4be oder Kupfer-Blitzableiter bekannt, sind Spezialger\u00e4te von Conex Metals, einem vertrauensw\u00fcrdigen Hersteller, Exporteur und Lieferanten aus Indien. Diese Luftabschlusssysteme werden in Blitzschutzsystemen verwendet, um Geb\u00e4ude und Bauwerke vor den sch\u00e4dlichen Auswirkungen von Blitzeinschl\u00e4gen zu sch\u00fctzen. Diese St\u00e4be, die Teil des umfangreichen Sortiments an Blitzschutzzubeh\u00f6r von Conex Metals sind, werden an den h\u00f6chsten Punkten des Bauwerks installiert und bieten einen bevorzugten Weg, auf dem der Blitzstrom sicher in den Boden abflie\u00dfen kann.<\/span><\/p>\n<p><span>Zu den wichtigsten Merkmalen und Funktionen der konischen Kupferluftst\u00e4be von Conex Metals geh\u00f6ren:<\/span><\/p>\n<p><strong><span>Design:<\/span><\/strong><span>\u00a0Konische Kupfer-Luftst\u00e4be haben an einem Ende eine spitze, konische Form, die die Entladung eines Blitzeinschlags nach oben in Richtung des Stabs erleichtert. Dieses Design ist Teil der Blitzschutzstrategie f\u00fcr Luftterminals und gew\u00e4hrleistet eine effektive Abwehr von Blitzeinschl\u00e4gen.<\/span><\/p>\n<p><strong><span>Material:<\/span><\/strong><span>\u00a0Conex Metals verwendet f\u00fcr die Herstellung von Luftst\u00e4ben hochwertiges Kupfer aufgrund seiner hervorragenden elektrischen Leitf\u00e4higkeit und Korrosionsbest\u00e4ndigkeit. Diese Kupfer-Luftanschl\u00fcsse sind auf Langlebigkeit ausgelegt und bieten zuverl\u00e4ssige Leistung bei allen Wetterbedingungen.<\/span><\/p>\n<p><strong><span>Installation:<\/span><\/strong><span>\u00a0Die konischen Kupfer-Luftst\u00e4be von Conex Metals werden an den h\u00f6chsten Teilen von Geb\u00e4uden oder Bauwerken montiert, um sie vor m\u00f6glichen Blitzeinschl\u00e4gen zu sch\u00fctzen. Sie werden mithilfe von Montagehalterungen oder anderen geeigneten Ger\u00e4ten, wie Stativhalterungen f\u00fcr Luftst\u00e4be und federmontierten Luftterminals, sicher befestigt.<\/span><\/p>\n<p><strong><span>Bevorzugter Weg f\u00fcr Blitze:<\/span><\/strong><span>\u00a0Wenn ein Blitz in ein Geb\u00e4ude oder eine Struktur einschl\u00e4gt, die durch konische Kupfer-Luftst\u00e4be von Conex Metals gesch\u00fctzt ist, fungieren die St\u00e4be als bevorzugte Wege f\u00fcr den Blitzstrom. Der Blitzeinschlag wird von den St\u00e4ben abgefangen und sicher zum Boden geleitet, wodurch das Risiko von Sch\u00e4den an der Struktur und ihren Bewohnern verringert wird.<\/span><\/p>\n<p><strong><span>Ableiter:<\/span><\/strong><span>\u00a0Die konischen Kupfer-Luftst\u00e4be von Conex Metals werden normalerweise an Ableiter angeschlossen. Dabei handelt es sich um vertikale Leiter, die den Blitzstrom von den Luftst\u00e4ben zum Erdungssystem leiten. Dieses System umfasst Luftanschl\u00fcsse der Klassen I und II, wodurch sichergestellt wird, dass alle Sicherheitsstandards eingehalten werden.<\/span><\/p>\n<p><strong><span>Erdungssystem:<\/span><\/strong><span>\u00a0Die Ableiter leiten den Blitzstrom zu einem Erdungssystem, das aus im Boden vergrabenen Erdungselektroden besteht. Das Erdungssystem leitet den Blitzstrom sicher in die Erde ab und vervollst\u00e4ndigt so den effektiven Blitzschutzaufbau des Luftterminals.<\/span><\/p>\n<p><span>Blitzschutzsysteme, darunter konische Kupfer-Luftst\u00e4be von Conex Metals, sind unerl\u00e4sslich, um Geb\u00e4ude, Bauwerke und deren Bewohner vor den zerst\u00f6rerischen Kr\u00e4ften des Blitzes zu sch\u00fctzen. Diese Systeme sind darauf ausgelegt, die enorme elektrische Energie von Blitzeinschl\u00e4gen abzuleiten und so das Risiko von Br\u00e4nden, Geb\u00e4udesch\u00e4den und Sch\u00e4den an elektrischen Ger\u00e4ten zu minimieren.<\/span><\/p>\n<p><span>Conex Metals ist au\u00dferdem auf die Herstellung von ESE-Luftterminals und kupferummantelten Turmluftterminals spezialisiert. Unsere Sicherheitsluftst\u00e4be und andere Produkte erf\u00fcllen die h\u00f6chsten Sicherheitsstandards und machen uns zu einer f\u00fchrenden Wahl f\u00fcr Blitzschutzl\u00f6sungen f\u00fcr Luftterminals in Indien und auf der ganzen Welt.<\/span><\/p>\n","protected":false},"featured_media":7208,"template":"","meta":[],"product_brand":[],"product_cat":[380],"product_tag":[],"class_list":{"0":"post-12738","1":"product","2":"type-product","3":"status-publish","4":"has-post-thumbnail","6":"product_cat-erdungszubehor","8":"first","9":"instock","10":"shipping-taxable","11":"product-type-simple"},"yoast_head":"<!-- This site is optimized with the Yoast SEO plugin v27.3 - https:\/\/yoast.com\/product\/yoast-seo-wordpress\/ -->\n<title>Kupferkonische Fangstangen<\/title>\n<meta name=\"description\" content=\"Conex Metals ist spezialisiert auf Kupferkonische Fangstangen, Kupferblitableiter und Luftterminationssysteme. Unsere Produkte, einschlie\u00dflich Luftterminals Blitzschutz und ESE Luftterminals, erf\u00fcllen h\u00f6chste Sicherheitsstandards. Vertrauensw\u00fcrdiger Hersteller, Exporteur und Lieferant aus Indien.\" \/>\n<meta name=\"robots\" content=\"index, follow, max-snippet:-1, max-image-preview:large, max-video-preview:-1\" \/>\n<link rel=\"canonical\" href=\"https:\/\/conexmetals.com\/de\/produkt\/kupferkonische-fangstangen\/\" \/>\n<script type=\"application\/ld+json\" class=\"yoast-schema-graph\">{\"@context\":\"https:\\\/\\\/schema.org\",\"@graph\":[{\"@type\":\"WebPage\",\"@id\":\"https:\\\/\\\/conexmetals.com\\\/de\\\/produkt\\\/kupferkonische-fangstangen\\\/\",\"url\":\"https:\\\/\\\/conexmetals.com\\\/de\\\/produkt\\\/kupferkonische-fangstangen\\\/\",\"name\":\"Kupferkonische Fangstangen\",\"isPartOf\":{\"@id\":\"https:\\\/\\\/conexmetals.com\\\/de\\\/#website\"},\"primaryImageOfPage\":{\"@id\":\"https:\\\/\\\/conexmetals.com\\\/de\\\/produkt\\\/kupferkonische-fangstangen\\\/#primaryimage\"},\"image\":{\"@id\":\"https:\\\/\\\/conexmetals.com\\\/de\\\/produkt\\\/kupferkonische-fangstangen\\\/#primaryimage\"},\"thumbnailUrl\":\"https:\\\/\\\/conexmetals.com\\\/wp-content\\\/uploads\\\/2025\\\/01\\\/Kupferkonische-Fangstangen.webp\",\"datePublished\":\"2023-08-18T05:01:07+00:00\",\"dateModified\":\"2025-01-04T09:09:36+00:00\",\"description\":\"Conex Metals ist spezialisiert auf Kupferkonische Fangstangen, Kupferblitableiter und Luftterminationssysteme. Unsere Produkte, einschlie\u00dflich Luftterminals Blitzschutz und ESE Luftterminals, erf\u00fcllen h\u00f6chste Sicherheitsstandards. Vertrauensw\u00fcrdiger Hersteller, Exporteur und Lieferant aus Indien.\",\"breadcrumb\":{\"@id\":\"https:\\\/\\\/conexmetals.com\\\/de\\\/produkt\\\/kupferkonische-fangstangen\\\/#breadcrumb\"},\"inLanguage\":\"de\",\"potentialAction\":[{\"@type\":\"ReadAction\",\"target\":[\"https:\\\/\\\/conexmetals.com\\\/de\\\/produkt\\\/kupferkonische-fangstangen\\\/\"]}]},{\"@type\":\"ImageObject\",\"inLanguage\":\"de\",\"@id\":\"https:\\\/\\\/conexmetals.com\\\/de\\\/produkt\\\/kupferkonische-fangstangen\\\/#primaryimage\",\"url\":\"https:\\\/\\\/conexmetals.com\\\/wp-content\\\/uploads\\\/2025\\\/01\\\/Kupferkonische-Fangstangen.webp\",\"contentUrl\":\"https:\\\/\\\/conexmetals.com\\\/wp-content\\\/uploads\\\/2025\\\/01\\\/Kupferkonische-Fangstangen.webp\",\"width\":350,\"height\":350,\"caption\":\"Kupferkonische Fangstangen\"},{\"@type\":\"BreadcrumbList\",\"@id\":\"https:\\\/\\\/conexmetals.com\\\/de\\\/produkt\\\/kupferkonische-fangstangen\\\/#breadcrumb\",\"itemListElement\":[{\"@type\":\"ListItem\",\"position\":1,\"name\":\"Home\",\"item\":\"https:\\\/\\\/conexmetals.com\\\/de\\\/heim\\\/\"},{\"@type\":\"ListItem\",\"position\":2,\"name\":\"Products\",\"item\":\"https:\\\/\\\/conexmetals.com\\\/products\\\/\"},{\"@type\":\"ListItem\",\"position\":3,\"name\":\"Kupferkonische Fangstangen\"}]},{\"@type\":\"WebSite\",\"@id\":\"https:\\\/\\\/conexmetals.com\\\/de\\\/#website\",\"url\":\"https:\\\/\\\/conexmetals.com\\\/de\\\/\",\"name\":\"Conex Metals Brass Fittings Brass Parts Copper Parts Brass Components Brass Plumbing Fittings India\",\"description\":\"Manufacturer of Bronze Fittings casting Copper Brass parts components\",\"publisher\":{\"@id\":\"https:\\\/\\\/conexmetals.com\\\/de\\\/#organization\"},\"potentialAction\":[{\"@type\":\"SearchAction\",\"target\":{\"@type\":\"EntryPoint\",\"urlTemplate\":\"https:\\\/\\\/conexmetals.com\\\/de\\\/?s={search_term_string}\"},\"query-input\":{\"@type\":\"PropertyValueSpecification\",\"valueRequired\":true,\"valueName\":\"search_term_string\"}}],\"inLanguage\":\"de\"},{\"@type\":\"Organization\",\"@id\":\"https:\\\/\\\/conexmetals.com\\\/de\\\/#organization\",\"name\":\"Conex Metals Brass Fittings Brass Parts Copper Parts Brass Components Brass Plumbing Fittings India\",\"url\":\"https:\\\/\\\/conexmetals.com\\\/de\\\/\",\"logo\":{\"@type\":\"ImageObject\",\"inLanguage\":\"de\",\"@id\":\"https:\\\/\\\/conexmetals.com\\\/de\\\/#\\\/schema\\\/logo\\\/image\\\/\",\"url\":\"https:\\\/\\\/conexmetals.com\\\/wp-content\\\/uploads\\\/2024\\\/03\\\/conex-metals-logo.webp\",\"contentUrl\":\"https:\\\/\\\/conexmetals.com\\\/wp-content\\\/uploads\\\/2024\\\/03\\\/conex-metals-logo.webp\",\"width\":300,\"height\":121,\"caption\":\"Conex Metals Brass Fittings Brass Parts Copper Parts Brass Components Brass Plumbing Fittings India\"},\"image\":{\"@id\":\"https:\\\/\\\/conexmetals.com\\\/de\\\/#\\\/schema\\\/logo\\\/image\\\/\"},\"sameAs\":[\"https:\\\/\\\/www.facebook.com\\\/conexbrass\",\"https:\\\/\\\/x.com\\\/conexindia\",\"https:\\\/\\\/www.linkedin.com\\\/company\\\/conex-metals-india\\\/\",\"https:\\\/\\\/www.instagram.com\\\/conexindia\\\/\"]}]}<\/script>\n<!-- \/ Yoast SEO plugin. -->","yoast_head_json":{"title":"Kupferkonische Fangstangen","description":"Conex Metals ist spezialisiert auf Kupferkonische Fangstangen, Kupferblitableiter und Luftterminationssysteme. Unsere Produkte, einschlie\u00dflich Luftterminals Blitzschutz und ESE Luftterminals, erf\u00fcllen h\u00f6chste Sicherheitsstandards. Vertrauensw\u00fcrdiger Hersteller, Exporteur und Lieferant aus Indien.","robots":{"index":"index","follow":"follow","max-snippet":"max-snippet:-1","max-image-preview":"max-image-preview:large","max-video-preview":"max-video-preview:-1"},"canonical":"https:\/\/conexmetals.com\/de\/produkt\/kupferkonische-fangstangen\/","schema":{"@context":"https:\/\/schema.org","@graph":[{"@type":"WebPage","@id":"https:\/\/conexmetals.com\/de\/produkt\/kupferkonische-fangstangen\/","url":"https:\/\/conexmetals.com\/de\/produkt\/kupferkonische-fangstangen\/","name":"Kupferkonische Fangstangen","isPartOf":{"@id":"https:\/\/conexmetals.com\/de\/#website"},"primaryImageOfPage":{"@id":"https:\/\/conexmetals.com\/de\/produkt\/kupferkonische-fangstangen\/#primaryimage"},"image":{"@id":"https:\/\/conexmetals.com\/de\/produkt\/kupferkonische-fangstangen\/#primaryimage"},"thumbnailUrl":"https:\/\/conexmetals.com\/wp-content\/uploads\/2025\/01\/Kupferkonische-Fangstangen.webp","datePublished":"2023-08-18T05:01:07+00:00","dateModified":"2025-01-04T09:09:36+00:00","description":"Conex Metals ist spezialisiert auf Kupferkonische Fangstangen, Kupferblitableiter und Luftterminationssysteme. Unsere Produkte, einschlie\u00dflich Luftterminals Blitzschutz und ESE Luftterminals, erf\u00fcllen h\u00f6chste Sicherheitsstandards. Vertrauensw\u00fcrdiger Hersteller, Exporteur und Lieferant aus Indien.","breadcrumb":{"@id":"https:\/\/conexmetals.com\/de\/produkt\/kupferkonische-fangstangen\/#breadcrumb"},"inLanguage":"de","potentialAction":[{"@type":"ReadAction","target":["https:\/\/conexmetals.com\/de\/produkt\/kupferkonische-fangstangen\/"]}]},{"@type":"ImageObject","inLanguage":"de","@id":"https:\/\/conexmetals.com\/de\/produkt\/kupferkonische-fangstangen\/#primaryimage","url":"https:\/\/conexmetals.com\/wp-content\/uploads\/2025\/01\/Kupferkonische-Fangstangen.webp","contentUrl":"https:\/\/conexmetals.com\/wp-content\/uploads\/2025\/01\/Kupferkonische-Fangstangen.webp","width":350,"height":350,"caption":"Kupferkonische Fangstangen"},{"@type":"BreadcrumbList","@id":"https:\/\/conexmetals.com\/de\/produkt\/kupferkonische-fangstangen\/#breadcrumb","itemListElement":[{"@type":"ListItem","position":1,"name":"Home","item":"https:\/\/conexmetals.com\/de\/heim\/"},{"@type":"ListItem","position":2,"name":"Products","item":"https:\/\/conexmetals.com\/products\/"},{"@type":"ListItem","position":3,"name":"Kupferkonische Fangstangen"}]},{"@type":"WebSite","@id":"https:\/\/conexmetals.com\/de\/#website","url":"https:\/\/conexmetals.com\/de\/","name":"Conex Metals Brass Fittings Brass Parts Copper Parts Brass Components Brass Plumbing Fittings India","description":"Manufacturer of Bronze Fittings casting Copper Brass parts components","publisher":{"@id":"https:\/\/conexmetals.com\/de\/#organization"},"potentialAction":[{"@type":"SearchAction","target":{"@type":"EntryPoint","urlTemplate":"https:\/\/conexmetals.com\/de\/?s={search_term_string}"},"query-input":{"@type":"PropertyValueSpecification","valueRequired":true,"valueName":"search_term_string"}}],"inLanguage":"de"},{"@type":"Organization","@id":"https:\/\/conexmetals.com\/de\/#organization","name":"Conex Metals Brass Fittings Brass Parts Copper Parts Brass Components Brass Plumbing Fittings India","url":"https:\/\/conexmetals.com\/de\/","logo":{"@type":"ImageObject","inLanguage":"de","@id":"https:\/\/conexmetals.com\/de\/#\/schema\/logo\/image\/","url":"https:\/\/conexmetals.com\/wp-content\/uploads\/2024\/03\/conex-metals-logo.webp","contentUrl":"https:\/\/conexmetals.com\/wp-content\/uploads\/2024\/03\/conex-metals-logo.webp","width":300,"height":121,"caption":"Conex Metals Brass Fittings Brass Parts Copper Parts Brass Components Brass Plumbing Fittings India"},"image":{"@id":"https:\/\/conexmetals.com\/de\/#\/schema\/logo\/image\/"},"sameAs":["https:\/\/www.facebook.com\/conexbrass","https:\/\/x.com\/conexindia","https:\/\/www.linkedin.com\/company\/conex-metals-india\/","https:\/\/www.instagram.com\/conexindia\/"]}]}},"_links":{"self":[{"href":"https:\/\/conexmetals.com\/de\/wp-json\/wp\/v2\/product\/12738","targetHints":{"allow":["GET"]}}],"collection":[{"href":"https:\/\/conexmetals.com\/de\/wp-json\/wp\/v2\/product"}],"about":[{"href":"https:\/\/conexmetals.com\/de\/wp-json\/wp\/v2\/types\/product"}],"wp:featuredmedia":[{"embeddable":true,"href":"https:\/\/conexmetals.com\/de\/wp-json\/wp\/v2\/media\/7208"}],"wp:attachment":[{"href":"https:\/\/conexmetals.com\/de\/wp-json\/wp\/v2\/media?parent=12738"}],"wp:term":[{"taxonomy":"product_brand","embeddable":true,"href":"https:\/\/conexmetals.com\/de\/wp-json\/wp\/v2\/product_brand?post=12738"},{"taxonomy":"product_cat","embeddable":true,"href":"https:\/\/conexmetals.com\/de\/wp-json\/wp\/v2\/product_cat?post=12738"},{"taxonomy":"product_tag","embeddable":true,"href":"https:\/\/conexmetals.com\/de\/wp-json\/wp\/v2\/product_tag?post=12738"}],"curies":[{"name":"wp","href":"https:\/\/api.w.org\/{rel}","templated":true}]}}