{"id":12742,"date":"2023-08-18T11:44:15","date_gmt":"2023-08-18T06:14:15","guid":{"rendered":"https:\/\/conexmetals.com\/?post_type=product&#038;p=12742"},"modified":"2025-01-04T14:59:23","modified_gmt":"2025-01-04T09:29:23","slug":"druckguss-kuppelabdeckungen","status":"publish","type":"product","link":"https:\/\/conexmetals.com\/de\/produkt\/druckguss-kuppelabdeckungen\/","title":{"rendered":"Druckguss-Kuppelabdeckungen"},"content":{"rendered":"","protected":false},"excerpt":{"rendered":"<table id=\"tablepress-392\" class=\"tablepress tablepress-id-392\">\n<caption><a href=\"https:\/\/conexmetals.com\/wp-admin\/admin.php?page=tablepress&amp;action=edit&amp;table_id=392\" rel=\"nofollow\"><span>Bearbeiten<\/span><\/a><\/caption>\n<thead>\n<tr class=\"row-1 odd\">\n<th class=\"column-1\" colspan=\"2\"><strong><span>Technisches Datenblatt<\/span><\/strong><\/th>\n<\/tr>\n<\/thead>\n<tbody class=\"row-hover\">\n<tr class=\"row-2 even\">\n<td class=\"column-1\"><strong><span>Gr\u00f6\u00dfen<\/span><\/strong><\/td>\n<td class=\"column-2\"><span>20 mm, 25 mm und 3\/4&#8243;, 1&#8243;<\/span><\/td>\n<\/tr>\n<tr class=\"row-3 odd\">\n<td class=\"column-1\"><strong><span>Material<\/span><\/strong><\/td>\n<td class=\"column-2\"><span>Weichstahl, Aluminium und Zink<\/span><\/td>\n<\/tr>\n<tr class=\"row-4 even\">\n<td class=\"column-1\"><strong><span>Beenden<\/span><\/strong><\/td>\n<td class=\"column-2\"><span>Galvanisch verzinkt<\/span><\/td>\n<\/tr>\n<\/tbody>\n<\/table>\n<p><span>Druckguss-Kuppelabdeckungen sind Schutzabdeckungen, die im Druckgussverfahren hergestellt werden. Druckguss ist ein Metallgussverfahren, bei dem geschmolzenes Metall, normalerweise Aluminium, Zink oder Magnesium, unter hohem Druck in eine Formh\u00f6hle gepresst wird. Bei diesem Verfahren entstehen komplexe und pr\u00e4zise geformte Teile mit hervorragender Ma\u00dfgenauigkeit und Oberfl\u00e4cheng\u00fcte.<\/span><\/p>\n<p><span>Kuppelabdeckungen werden h\u00e4ufig in verschiedenen Anwendungen eingesetzt, darunter:<\/span><\/p>\n<ol>\n<li><span>Beleuchtung: Druckguss-Kuppelabdeckungen werden h\u00e4ufig in Beleuchtungsk\u00f6rpern verwendet, insbesondere in Au\u00dfen- oder Industriebeleuchtungen. Sie sch\u00fctzen die Lichtquelle vor \u00e4u\u00dferen Einfl\u00fcssen wie Staub, Wasser und Schmutz und lassen gleichzeitig Licht durch.<\/span><\/li>\n<li><span>Elektrik und Elektronik: Kuppelabdeckungen werden in elektrischen und elektronischen Geh\u00e4usen verwendet, um empfindliche Komponenten und Schaltkreise vor Umwelteinfl\u00fcssen und physischen Sch\u00e4den zu sch\u00fctzen.<\/span><\/li>\n<li><span>\u00dcberwachungskameras: In Sicherheitssystemen werden Kuppelabdeckungen verwendet, um \u00dcberwachungskameras vor Vandalismus und rauen Wetterbedingungen zu sch\u00fctzen.<\/span><\/li>\n<li><span>HVAC-Systeme: Kuppelabdeckungen finden sich in HVAC-Systemen (Heizung, L\u00fcftung und Klimaanlagen), wo sie Komponenten wie Thermostate und Sensoren sch\u00fctzen.<\/span><\/li>\n<\/ol>\n<p><span>Kuppelabdeckungen aus Druckguss werden aufgrund ihrer Langlebigkeit, Korrosionsbest\u00e4ndigkeit und einfachen Herstellung bevorzugt. Das Druckgussverfahren erm\u00f6glicht die Herstellung komplexer Designs und Details, wodurch sie f\u00fcr eine breite Palette von Anwendungen geeignet sind.<\/span><\/p>\n","protected":false},"featured_media":7228,"template":"","meta":[],"product_brand":[],"product_cat":[384],"product_tag":[],"class_list":{"0":"post-12742","1":"product","2":"type-product","3":"status-publish","4":"has-post-thumbnail","6":"product_cat-verzinkte-gi-stahlrohrfittings","8":"first","9":"instock","10":"shipping-taxable","11":"product-type-simple"},"yoast_head":"<!-- This site is optimized with the Yoast SEO plugin v27.3 - https:\/\/yoast.com\/product\/yoast-seo-wordpress\/ -->\n<title>Druckguss-Kuppelabdeckungen<\/title>\n<meta name=\"description\" content=\"Entdecken Sie die Druckguss-Kuppelabdeckungen von Conex Metals, einschlie\u00dflich Kabelkanalabdeckungen, Schwimmbad-Kuppelabdeckungen und Aluminium-Kuppelabdeckungen. Unser Hochdruck-Druckguss und unsere Pr\u00e4zisions-Druckgussteile bieten langlebige und sch\u00fctzende L\u00f6sungen f\u00fcr verschiedene Anwendungen. F\u00fchrender Hersteller, Exporteur und Lieferant aus Indien.\" \/>\n<meta name=\"robots\" content=\"index, follow, max-snippet:-1, max-image-preview:large, max-video-preview:-1\" \/>\n<link rel=\"canonical\" href=\"https:\/\/conexmetals.com\/de\/produkt\/druckguss-kuppelabdeckungen\/\" \/>\n<script type=\"application\/ld+json\" class=\"yoast-schema-graph\">{\"@context\":\"https:\\\/\\\/schema.org\",\"@graph\":[{\"@type\":\"WebPage\",\"@id\":\"https:\\\/\\\/conexmetals.com\\\/de\\\/produkt\\\/druckguss-kuppelabdeckungen\\\/\",\"url\":\"https:\\\/\\\/conexmetals.com\\\/de\\\/produkt\\\/druckguss-kuppelabdeckungen\\\/\",\"name\":\"Druckguss-Kuppelabdeckungen\",\"isPartOf\":{\"@id\":\"https:\\\/\\\/conexmetals.com\\\/de\\\/#website\"},\"primaryImageOfPage\":{\"@id\":\"https:\\\/\\\/conexmetals.com\\\/de\\\/produkt\\\/druckguss-kuppelabdeckungen\\\/#primaryimage\"},\"image\":{\"@id\":\"https:\\\/\\\/conexmetals.com\\\/de\\\/produkt\\\/druckguss-kuppelabdeckungen\\\/#primaryimage\"},\"thumbnailUrl\":\"https:\\\/\\\/conexmetals.com\\\/wp-content\\\/uploads\\\/2025\\\/01\\\/Druckguss-Kuppelabdeckungen.webp\",\"datePublished\":\"2023-08-18T06:14:15+00:00\",\"dateModified\":\"2025-01-04T09:29:23+00:00\",\"description\":\"Entdecken Sie die Druckguss-Kuppelabdeckungen von Conex Metals, einschlie\u00dflich Kabelkanalabdeckungen, Schwimmbad-Kuppelabdeckungen und Aluminium-Kuppelabdeckungen. Unser Hochdruck-Druckguss und unsere Pr\u00e4zisions-Druckgussteile bieten langlebige und sch\u00fctzende L\u00f6sungen f\u00fcr verschiedene Anwendungen. F\u00fchrender Hersteller, Exporteur und Lieferant aus Indien.\",\"breadcrumb\":{\"@id\":\"https:\\\/\\\/conexmetals.com\\\/de\\\/produkt\\\/druckguss-kuppelabdeckungen\\\/#breadcrumb\"},\"inLanguage\":\"de\",\"potentialAction\":[{\"@type\":\"ReadAction\",\"target\":[\"https:\\\/\\\/conexmetals.com\\\/de\\\/produkt\\\/druckguss-kuppelabdeckungen\\\/\"]}]},{\"@type\":\"ImageObject\",\"inLanguage\":\"de\",\"@id\":\"https:\\\/\\\/conexmetals.com\\\/de\\\/produkt\\\/druckguss-kuppelabdeckungen\\\/#primaryimage\",\"url\":\"https:\\\/\\\/conexmetals.com\\\/wp-content\\\/uploads\\\/2025\\\/01\\\/Druckguss-Kuppelabdeckungen.webp\",\"contentUrl\":\"https:\\\/\\\/conexmetals.com\\\/wp-content\\\/uploads\\\/2025\\\/01\\\/Druckguss-Kuppelabdeckungen.webp\",\"width\":350,\"height\":350,\"caption\":\"Druckguss-Kuppelabdeckungen\"},{\"@type\":\"BreadcrumbList\",\"@id\":\"https:\\\/\\\/conexmetals.com\\\/de\\\/produkt\\\/druckguss-kuppelabdeckungen\\\/#breadcrumb\",\"itemListElement\":[{\"@type\":\"ListItem\",\"position\":1,\"name\":\"Home\",\"item\":\"https:\\\/\\\/conexmetals.com\\\/de\\\/heim\\\/\"},{\"@type\":\"ListItem\",\"position\":2,\"name\":\"Products\",\"item\":\"https:\\\/\\\/conexmetals.com\\\/products\\\/\"},{\"@type\":\"ListItem\",\"position\":3,\"name\":\"Druckguss-Kuppelabdeckungen\"}]},{\"@type\":\"WebSite\",\"@id\":\"https:\\\/\\\/conexmetals.com\\\/de\\\/#website\",\"url\":\"https:\\\/\\\/conexmetals.com\\\/de\\\/\",\"name\":\"Conex Metals Brass Fittings Brass Parts Copper Parts Brass Components Brass Plumbing Fittings India\",\"description\":\"Manufacturer of Bronze Fittings casting Copper Brass parts components\",\"publisher\":{\"@id\":\"https:\\\/\\\/conexmetals.com\\\/de\\\/#organization\"},\"potentialAction\":[{\"@type\":\"SearchAction\",\"target\":{\"@type\":\"EntryPoint\",\"urlTemplate\":\"https:\\\/\\\/conexmetals.com\\\/de\\\/?s={search_term_string}\"},\"query-input\":{\"@type\":\"PropertyValueSpecification\",\"valueRequired\":true,\"valueName\":\"search_term_string\"}}],\"inLanguage\":\"de\"},{\"@type\":\"Organization\",\"@id\":\"https:\\\/\\\/conexmetals.com\\\/de\\\/#organization\",\"name\":\"Conex Metals Brass Fittings Brass Parts Copper Parts Brass Components Brass Plumbing Fittings India\",\"url\":\"https:\\\/\\\/conexmetals.com\\\/de\\\/\",\"logo\":{\"@type\":\"ImageObject\",\"inLanguage\":\"de\",\"@id\":\"https:\\\/\\\/conexmetals.com\\\/de\\\/#\\\/schema\\\/logo\\\/image\\\/\",\"url\":\"https:\\\/\\\/conexmetals.com\\\/wp-content\\\/uploads\\\/2024\\\/03\\\/conex-metals-logo.webp\",\"contentUrl\":\"https:\\\/\\\/conexmetals.com\\\/wp-content\\\/uploads\\\/2024\\\/03\\\/conex-metals-logo.webp\",\"width\":300,\"height\":121,\"caption\":\"Conex Metals Brass Fittings Brass Parts Copper Parts Brass Components Brass Plumbing Fittings India\"},\"image\":{\"@id\":\"https:\\\/\\\/conexmetals.com\\\/de\\\/#\\\/schema\\\/logo\\\/image\\\/\"},\"sameAs\":[\"https:\\\/\\\/www.facebook.com\\\/conexbrass\",\"https:\\\/\\\/x.com\\\/conexindia\",\"https:\\\/\\\/www.linkedin.com\\\/company\\\/conex-metals-india\\\/\",\"https:\\\/\\\/www.instagram.com\\\/conexindia\\\/\"]}]}<\/script>\n<!-- \/ Yoast SEO plugin. -->","yoast_head_json":{"title":"Druckguss-Kuppelabdeckungen","description":"Entdecken Sie die Druckguss-Kuppelabdeckungen von Conex Metals, einschlie\u00dflich Kabelkanalabdeckungen, Schwimmbad-Kuppelabdeckungen und Aluminium-Kuppelabdeckungen. Unser Hochdruck-Druckguss und unsere Pr\u00e4zisions-Druckgussteile bieten langlebige und sch\u00fctzende L\u00f6sungen f\u00fcr verschiedene Anwendungen. F\u00fchrender Hersteller, Exporteur und Lieferant aus Indien.","robots":{"index":"index","follow":"follow","max-snippet":"max-snippet:-1","max-image-preview":"max-image-preview:large","max-video-preview":"max-video-preview:-1"},"canonical":"https:\/\/conexmetals.com\/de\/produkt\/druckguss-kuppelabdeckungen\/","schema":{"@context":"https:\/\/schema.org","@graph":[{"@type":"WebPage","@id":"https:\/\/conexmetals.com\/de\/produkt\/druckguss-kuppelabdeckungen\/","url":"https:\/\/conexmetals.com\/de\/produkt\/druckguss-kuppelabdeckungen\/","name":"Druckguss-Kuppelabdeckungen","isPartOf":{"@id":"https:\/\/conexmetals.com\/de\/#website"},"primaryImageOfPage":{"@id":"https:\/\/conexmetals.com\/de\/produkt\/druckguss-kuppelabdeckungen\/#primaryimage"},"image":{"@id":"https:\/\/conexmetals.com\/de\/produkt\/druckguss-kuppelabdeckungen\/#primaryimage"},"thumbnailUrl":"https:\/\/conexmetals.com\/wp-content\/uploads\/2025\/01\/Druckguss-Kuppelabdeckungen.webp","datePublished":"2023-08-18T06:14:15+00:00","dateModified":"2025-01-04T09:29:23+00:00","description":"Entdecken Sie die Druckguss-Kuppelabdeckungen von Conex Metals, einschlie\u00dflich Kabelkanalabdeckungen, Schwimmbad-Kuppelabdeckungen und Aluminium-Kuppelabdeckungen. Unser Hochdruck-Druckguss und unsere Pr\u00e4zisions-Druckgussteile bieten langlebige und sch\u00fctzende L\u00f6sungen f\u00fcr verschiedene Anwendungen. F\u00fchrender Hersteller, Exporteur und Lieferant aus Indien.","breadcrumb":{"@id":"https:\/\/conexmetals.com\/de\/produkt\/druckguss-kuppelabdeckungen\/#breadcrumb"},"inLanguage":"de","potentialAction":[{"@type":"ReadAction","target":["https:\/\/conexmetals.com\/de\/produkt\/druckguss-kuppelabdeckungen\/"]}]},{"@type":"ImageObject","inLanguage":"de","@id":"https:\/\/conexmetals.com\/de\/produkt\/druckguss-kuppelabdeckungen\/#primaryimage","url":"https:\/\/conexmetals.com\/wp-content\/uploads\/2025\/01\/Druckguss-Kuppelabdeckungen.webp","contentUrl":"https:\/\/conexmetals.com\/wp-content\/uploads\/2025\/01\/Druckguss-Kuppelabdeckungen.webp","width":350,"height":350,"caption":"Druckguss-Kuppelabdeckungen"},{"@type":"BreadcrumbList","@id":"https:\/\/conexmetals.com\/de\/produkt\/druckguss-kuppelabdeckungen\/#breadcrumb","itemListElement":[{"@type":"ListItem","position":1,"name":"Home","item":"https:\/\/conexmetals.com\/de\/heim\/"},{"@type":"ListItem","position":2,"name":"Products","item":"https:\/\/conexmetals.com\/products\/"},{"@type":"ListItem","position":3,"name":"Druckguss-Kuppelabdeckungen"}]},{"@type":"WebSite","@id":"https:\/\/conexmetals.com\/de\/#website","url":"https:\/\/conexmetals.com\/de\/","name":"Conex Metals Brass Fittings Brass Parts Copper Parts Brass Components Brass Plumbing Fittings India","description":"Manufacturer of Bronze Fittings casting Copper Brass parts components","publisher":{"@id":"https:\/\/conexmetals.com\/de\/#organization"},"potentialAction":[{"@type":"SearchAction","target":{"@type":"EntryPoint","urlTemplate":"https:\/\/conexmetals.com\/de\/?s={search_term_string}"},"query-input":{"@type":"PropertyValueSpecification","valueRequired":true,"valueName":"search_term_string"}}],"inLanguage":"de"},{"@type":"Organization","@id":"https:\/\/conexmetals.com\/de\/#organization","name":"Conex Metals Brass Fittings Brass Parts Copper Parts Brass Components Brass Plumbing Fittings India","url":"https:\/\/conexmetals.com\/de\/","logo":{"@type":"ImageObject","inLanguage":"de","@id":"https:\/\/conexmetals.com\/de\/#\/schema\/logo\/image\/","url":"https:\/\/conexmetals.com\/wp-content\/uploads\/2024\/03\/conex-metals-logo.webp","contentUrl":"https:\/\/conexmetals.com\/wp-content\/uploads\/2024\/03\/conex-metals-logo.webp","width":300,"height":121,"caption":"Conex Metals Brass Fittings Brass Parts Copper Parts Brass Components Brass Plumbing Fittings India"},"image":{"@id":"https:\/\/conexmetals.com\/de\/#\/schema\/logo\/image\/"},"sameAs":["https:\/\/www.facebook.com\/conexbrass","https:\/\/x.com\/conexindia","https:\/\/www.linkedin.com\/company\/conex-metals-india\/","https:\/\/www.instagram.com\/conexindia\/"]}]}},"_links":{"self":[{"href":"https:\/\/conexmetals.com\/de\/wp-json\/wp\/v2\/product\/12742","targetHints":{"allow":["GET"]}}],"collection":[{"href":"https:\/\/conexmetals.com\/de\/wp-json\/wp\/v2\/product"}],"about":[{"href":"https:\/\/conexmetals.com\/de\/wp-json\/wp\/v2\/types\/product"}],"wp:featuredmedia":[{"embeddable":true,"href":"https:\/\/conexmetals.com\/de\/wp-json\/wp\/v2\/media\/7228"}],"wp:attachment":[{"href":"https:\/\/conexmetals.com\/de\/wp-json\/wp\/v2\/media?parent=12742"}],"wp:term":[{"taxonomy":"product_brand","embeddable":true,"href":"https:\/\/conexmetals.com\/de\/wp-json\/wp\/v2\/product_brand?post=12742"},{"taxonomy":"product_cat","embeddable":true,"href":"https:\/\/conexmetals.com\/de\/wp-json\/wp\/v2\/product_cat?post=12742"},{"taxonomy":"product_tag","embeddable":true,"href":"https:\/\/conexmetals.com\/de\/wp-json\/wp\/v2\/product_tag?post=12742"}],"curies":[{"name":"wp","href":"https:\/\/api.w.org\/{rel}","templated":true}]}}