{"id":12763,"date":"2023-08-18T11:42:37","date_gmt":"2023-08-18T06:12:37","guid":{"rendered":"https:\/\/conexmetals.com\/?post_type=product&#038;p=12763"},"modified":"2025-01-04T16:16:51","modified_gmt":"2025-01-04T10:46:51","slug":"weibliche-kupplungen","status":"publish","type":"product","link":"https:\/\/conexmetals.com\/de\/produkt\/weibliche-kupplungen\/","title":{"rendered":"Weibliche Kupplungen"},"content":{"rendered":"","protected":false},"excerpt":{"rendered":"<table id=\"tablepress-394\" class=\"tablepress tablepress-id-394\">\n<caption>\u00a0<\/caption>\n<thead>\n<tr class=\"row-1 odd\">\n<th class=\"column-1\" colspan=\"2\"><strong><span>Abmessungen<\/span><\/strong><\/th>\n<\/tr>\n<\/thead>\n<tbody class=\"row-hover\">\n<tr class=\"row-2 even\">\n<td class=\"column-1\"><strong><span>HANDELSGR\u00d6SSE<\/span><\/strong><\/td>\n<td class=\"column-2\"><strong><span>Schrauben<\/span><\/strong><\/td>\n<\/tr>\n<tr class=\"row-3 odd\">\n<td class=\"column-1\"><span>16 mm<\/span><\/td>\n<td class=\"column-2\"><span>2<\/span><\/td>\n<\/tr>\n<tr class=\"row-4 even\">\n<td class=\"column-1\"><span>20 mm<\/span><\/td>\n<td class=\"column-2\"><span>2<\/span><\/td>\n<\/tr>\n<tr class=\"row-5 odd\">\n<td class=\"column-1\"><span>25 mm<\/span><\/td>\n<td class=\"column-2\"><span>2<\/span><\/td>\n<\/tr>\n<tr class=\"row-6 even\">\n<td class=\"column-1\"><span>32 mm<\/span><\/td>\n<td class=\"column-2\"><span>4<\/span><\/td>\n<\/tr>\n<tr class=\"row-7 odd\">\n<td class=\"column-1\"><span>40 mm<\/span><\/td>\n<td class=\"column-2\"><span>4<\/span><\/td>\n<\/tr>\n<tr class=\"row-8 even\">\n<td class=\"column-1\"><span>50 mm<\/span><\/td>\n<td class=\"column-2\"><span>4<\/span><\/td>\n<\/tr>\n<tr class=\"row-9 odd\">\n<td class=\"column-1\"><span>63 mm<\/span><\/td>\n<td class=\"column-2\"><span>4<\/span><\/td>\n<\/tr>\n<tr class=\"row-10 even\">\n<td class=\"column-1\"><span>75 mm<\/span><\/td>\n<td class=\"column-2\"><span>4<\/span><\/td>\n<\/tr>\n<tr class=\"row-11 odd\">\n<td class=\"column-1\"><span>90 mm<\/span><\/td>\n<td class=\"column-2\"><span>4<\/span><\/td>\n<\/tr>\n<tr class=\"row-12 even\">\n<td class=\"column-1\"><span>110 mm<\/span><\/td>\n<td class=\"column-2\"><span>4<\/span><\/td>\n<\/tr>\n<\/tbody>\n<\/table>\n<p><span>Weibliche Kupplungen sind spezielle Arten von elektrischen Leitungsverschraubungen, die verwendet werden, um zwei Leitungen mit Au\u00dfengewinde miteinander zu verbinden. Diese Verschraubungen haben Innengewinde, um die Au\u00dfengewinde der Leitungen oder anderer Verschraubungen aufzunehmen, wodurch eine sichere und zuverl\u00e4ssige Verbindung entsteht.<\/span><\/p>\n<p><span>Hier sind einige wichtige Merkmale und Verwendungsm\u00f6glichkeiten von Innenmuffen in verzinkten GI-Stahlrohrverbindungen:<\/span><\/p>\n<ol>\n<li><span>Material: Buchsenkupplungen werden normalerweise aus verzinktem Stahl hergestellt, um Korrosionsbest\u00e4ndigkeit zu gew\u00e4hrleisten, sodass sie f\u00fcr den Au\u00dfenbereich und exponierte Umgebungen geeignet sind.<\/span><\/li>\n<li><span>Gewindeanschluss: Weibliche Kupplungen haben Innengewinde, die es ihnen erm\u00f6glichen, die Au\u00dfengewinde von m\u00e4nnlichen Rohrenden oder Armaturen aufzunehmen. Die Gewinde entsprechen normalerweise dem NPT-Standard (National Pipe Thread).<\/span><\/li>\n<li><span>Gr\u00f6\u00dfen: Weibliche Kupplungen sind in verschiedenen Gr\u00f6\u00dfen erh\u00e4ltlich, um den verschiedenen Abmessungen der in Elektroinstallationen verwendeten verzinkten GI-Stahlrohre zu entsprechen.<\/span><\/li>\n<li><span>Verwendung: Buchsenkupplungen werden h\u00e4ufig verwendet, um zwei Leitungsabschnitte zu verl\u00e4ngern oder miteinander zu verbinden, sodass ein durchgehender Leitungsverlauf entsteht. Sie werden auch in Anschlussk\u00e4sten und elektrischen Geh\u00e4usen verwendet, in denen mehrere Leitungen verbunden werden m\u00fcssen.<\/span><\/li>\n<li><span>Abdichtung: Beim Einbau von Buchsenkupplungen in Leitungssysteme wird \u00fcblicherweise Gewindedichtungsmittel oder -masse aufgetragen, um eine wasserdichte und sichere Verbindung zu gew\u00e4hrleisten und die elektrische Verkabelung vor Feuchtigkeit und Umwelteinfl\u00fcssen zu sch\u00fctzen.<\/span><\/li>\n<\/ol>\n<p><span>Verzinkte GI-Stahlrohrverbindungen, einschlie\u00dflich Buchsenkupplungen, werden h\u00e4ufig in Elektroinstallationen verwendet, um ein robustes und zuverl\u00e4ssiges Rohrsystem bereitzustellen. Sie tragen zur Sicherheit und Ordnung der elektrischen Verkabelung bei und sind wesentliche Komponenten f\u00fcr die ordnungsgem\u00e4\u00dfe Erdungskontinuit\u00e4t und die mechanische Integrit\u00e4t der Elektroinstallation.<\/span><\/p>\n","protected":false},"featured_media":12759,"template":"","meta":[],"product_brand":[],"product_cat":[384],"product_tag":[],"class_list":{"0":"post-12763","1":"product","2":"type-product","3":"status-publish","4":"has-post-thumbnail","6":"product_cat-verzinkte-gi-stahlrohrfittings","8":"first","9":"instock","10":"shipping-taxable","11":"product-type-simple"},"yoast_head":"<!-- This site is optimized with the Yoast SEO plugin v27.3 - https:\/\/yoast.com\/product\/yoast-seo-wordpress\/ -->\n<title>Weibliche Kupplungen<\/title>\n<meta name=\"description\" content=\"Entdecken Sie die weiblichen Kupplungen von Conex Metals, einschlie\u00dflich weiblicher zu weiblicher Kupplungen und m\u00e4nnlicher Kupplungsoptionen. Unsere Kompressionsarmaturen und Messing-Schlauchkupplungen sorgen f\u00fcr zuverl\u00e4ssige Verbindungen in der Sanit\u00e4r- und Industrieanwendung. Vertrauensw\u00fcrdiger Hersteller, Exporteur und Lieferant aus Indien.\" \/>\n<meta name=\"robots\" content=\"index, follow, max-snippet:-1, max-image-preview:large, max-video-preview:-1\" \/>\n<link rel=\"canonical\" href=\"https:\/\/conexmetals.com\/de\/produkt\/weibliche-kupplungen\/\" \/>\n<script type=\"application\/ld+json\" class=\"yoast-schema-graph\">{\"@context\":\"https:\\\/\\\/schema.org\",\"@graph\":[{\"@type\":\"WebPage\",\"@id\":\"https:\\\/\\\/conexmetals.com\\\/de\\\/produkt\\\/weibliche-kupplungen\\\/\",\"url\":\"https:\\\/\\\/conexmetals.com\\\/de\\\/produkt\\\/weibliche-kupplungen\\\/\",\"name\":\"Weibliche Kupplungen\",\"isPartOf\":{\"@id\":\"https:\\\/\\\/conexmetals.com\\\/de\\\/#website\"},\"primaryImageOfPage\":{\"@id\":\"https:\\\/\\\/conexmetals.com\\\/de\\\/produkt\\\/weibliche-kupplungen\\\/#primaryimage\"},\"image\":{\"@id\":\"https:\\\/\\\/conexmetals.com\\\/de\\\/produkt\\\/weibliche-kupplungen\\\/#primaryimage\"},\"thumbnailUrl\":\"https:\\\/\\\/conexmetals.com\\\/wp-content\\\/uploads\\\/2025\\\/01\\\/Weibliche-Kupplungen.webp\",\"datePublished\":\"2023-08-18T06:12:37+00:00\",\"dateModified\":\"2025-01-04T10:46:51+00:00\",\"description\":\"Entdecken Sie die weiblichen Kupplungen von Conex Metals, einschlie\u00dflich weiblicher zu weiblicher Kupplungen und m\u00e4nnlicher Kupplungsoptionen. Unsere Kompressionsarmaturen und Messing-Schlauchkupplungen sorgen f\u00fcr zuverl\u00e4ssige Verbindungen in der Sanit\u00e4r- und Industrieanwendung. Vertrauensw\u00fcrdiger Hersteller, Exporteur und Lieferant aus Indien.\",\"breadcrumb\":{\"@id\":\"https:\\\/\\\/conexmetals.com\\\/de\\\/produkt\\\/weibliche-kupplungen\\\/#breadcrumb\"},\"inLanguage\":\"de\",\"potentialAction\":[{\"@type\":\"ReadAction\",\"target\":[\"https:\\\/\\\/conexmetals.com\\\/de\\\/produkt\\\/weibliche-kupplungen\\\/\"]}]},{\"@type\":\"ImageObject\",\"inLanguage\":\"de\",\"@id\":\"https:\\\/\\\/conexmetals.com\\\/de\\\/produkt\\\/weibliche-kupplungen\\\/#primaryimage\",\"url\":\"https:\\\/\\\/conexmetals.com\\\/wp-content\\\/uploads\\\/2025\\\/01\\\/Weibliche-Kupplungen.webp\",\"contentUrl\":\"https:\\\/\\\/conexmetals.com\\\/wp-content\\\/uploads\\\/2025\\\/01\\\/Weibliche-Kupplungen.webp\",\"width\":350,\"height\":350,\"caption\":\"Weibliche Kupplungen\"},{\"@type\":\"BreadcrumbList\",\"@id\":\"https:\\\/\\\/conexmetals.com\\\/de\\\/produkt\\\/weibliche-kupplungen\\\/#breadcrumb\",\"itemListElement\":[{\"@type\":\"ListItem\",\"position\":1,\"name\":\"Home\",\"item\":\"https:\\\/\\\/conexmetals.com\\\/de\\\/heim\\\/\"},{\"@type\":\"ListItem\",\"position\":2,\"name\":\"Products\",\"item\":\"https:\\\/\\\/conexmetals.com\\\/products\\\/\"},{\"@type\":\"ListItem\",\"position\":3,\"name\":\"Weibliche Kupplungen\"}]},{\"@type\":\"WebSite\",\"@id\":\"https:\\\/\\\/conexmetals.com\\\/de\\\/#website\",\"url\":\"https:\\\/\\\/conexmetals.com\\\/de\\\/\",\"name\":\"Conex Metals Brass Fittings Brass Parts Copper Parts Brass Components Brass Plumbing Fittings India\",\"description\":\"Manufacturer of Bronze Fittings casting Copper Brass parts components\",\"publisher\":{\"@id\":\"https:\\\/\\\/conexmetals.com\\\/de\\\/#organization\"},\"potentialAction\":[{\"@type\":\"SearchAction\",\"target\":{\"@type\":\"EntryPoint\",\"urlTemplate\":\"https:\\\/\\\/conexmetals.com\\\/de\\\/?s={search_term_string}\"},\"query-input\":{\"@type\":\"PropertyValueSpecification\",\"valueRequired\":true,\"valueName\":\"search_term_string\"}}],\"inLanguage\":\"de\"},{\"@type\":\"Organization\",\"@id\":\"https:\\\/\\\/conexmetals.com\\\/de\\\/#organization\",\"name\":\"Conex Metals Brass Fittings Brass Parts Copper Parts Brass Components Brass Plumbing Fittings India\",\"url\":\"https:\\\/\\\/conexmetals.com\\\/de\\\/\",\"logo\":{\"@type\":\"ImageObject\",\"inLanguage\":\"de\",\"@id\":\"https:\\\/\\\/conexmetals.com\\\/de\\\/#\\\/schema\\\/logo\\\/image\\\/\",\"url\":\"https:\\\/\\\/conexmetals.com\\\/wp-content\\\/uploads\\\/2024\\\/03\\\/conex-metals-logo.webp\",\"contentUrl\":\"https:\\\/\\\/conexmetals.com\\\/wp-content\\\/uploads\\\/2024\\\/03\\\/conex-metals-logo.webp\",\"width\":300,\"height\":121,\"caption\":\"Conex Metals Brass Fittings Brass Parts Copper Parts Brass Components Brass Plumbing Fittings India\"},\"image\":{\"@id\":\"https:\\\/\\\/conexmetals.com\\\/de\\\/#\\\/schema\\\/logo\\\/image\\\/\"},\"sameAs\":[\"https:\\\/\\\/www.facebook.com\\\/conexbrass\",\"https:\\\/\\\/x.com\\\/conexindia\",\"https:\\\/\\\/www.linkedin.com\\\/company\\\/conex-metals-india\\\/\",\"https:\\\/\\\/www.instagram.com\\\/conexindia\\\/\"]}]}<\/script>\n<!-- \/ Yoast SEO plugin. -->","yoast_head_json":{"title":"Weibliche Kupplungen","description":"Entdecken Sie die weiblichen Kupplungen von Conex Metals, einschlie\u00dflich weiblicher zu weiblicher Kupplungen und m\u00e4nnlicher Kupplungsoptionen. Unsere Kompressionsarmaturen und Messing-Schlauchkupplungen sorgen f\u00fcr zuverl\u00e4ssige Verbindungen in der Sanit\u00e4r- und Industrieanwendung. Vertrauensw\u00fcrdiger Hersteller, Exporteur und Lieferant aus Indien.","robots":{"index":"index","follow":"follow","max-snippet":"max-snippet:-1","max-image-preview":"max-image-preview:large","max-video-preview":"max-video-preview:-1"},"canonical":"https:\/\/conexmetals.com\/de\/produkt\/weibliche-kupplungen\/","schema":{"@context":"https:\/\/schema.org","@graph":[{"@type":"WebPage","@id":"https:\/\/conexmetals.com\/de\/produkt\/weibliche-kupplungen\/","url":"https:\/\/conexmetals.com\/de\/produkt\/weibliche-kupplungen\/","name":"Weibliche Kupplungen","isPartOf":{"@id":"https:\/\/conexmetals.com\/de\/#website"},"primaryImageOfPage":{"@id":"https:\/\/conexmetals.com\/de\/produkt\/weibliche-kupplungen\/#primaryimage"},"image":{"@id":"https:\/\/conexmetals.com\/de\/produkt\/weibliche-kupplungen\/#primaryimage"},"thumbnailUrl":"https:\/\/conexmetals.com\/wp-content\/uploads\/2025\/01\/Weibliche-Kupplungen.webp","datePublished":"2023-08-18T06:12:37+00:00","dateModified":"2025-01-04T10:46:51+00:00","description":"Entdecken Sie die weiblichen Kupplungen von Conex Metals, einschlie\u00dflich weiblicher zu weiblicher Kupplungen und m\u00e4nnlicher Kupplungsoptionen. Unsere Kompressionsarmaturen und Messing-Schlauchkupplungen sorgen f\u00fcr zuverl\u00e4ssige Verbindungen in der Sanit\u00e4r- und Industrieanwendung. Vertrauensw\u00fcrdiger Hersteller, Exporteur und Lieferant aus Indien.","breadcrumb":{"@id":"https:\/\/conexmetals.com\/de\/produkt\/weibliche-kupplungen\/#breadcrumb"},"inLanguage":"de","potentialAction":[{"@type":"ReadAction","target":["https:\/\/conexmetals.com\/de\/produkt\/weibliche-kupplungen\/"]}]},{"@type":"ImageObject","inLanguage":"de","@id":"https:\/\/conexmetals.com\/de\/produkt\/weibliche-kupplungen\/#primaryimage","url":"https:\/\/conexmetals.com\/wp-content\/uploads\/2025\/01\/Weibliche-Kupplungen.webp","contentUrl":"https:\/\/conexmetals.com\/wp-content\/uploads\/2025\/01\/Weibliche-Kupplungen.webp","width":350,"height":350,"caption":"Weibliche Kupplungen"},{"@type":"BreadcrumbList","@id":"https:\/\/conexmetals.com\/de\/produkt\/weibliche-kupplungen\/#breadcrumb","itemListElement":[{"@type":"ListItem","position":1,"name":"Home","item":"https:\/\/conexmetals.com\/de\/heim\/"},{"@type":"ListItem","position":2,"name":"Products","item":"https:\/\/conexmetals.com\/products\/"},{"@type":"ListItem","position":3,"name":"Weibliche Kupplungen"}]},{"@type":"WebSite","@id":"https:\/\/conexmetals.com\/de\/#website","url":"https:\/\/conexmetals.com\/de\/","name":"Conex Metals Brass Fittings Brass Parts Copper Parts Brass Components Brass Plumbing Fittings India","description":"Manufacturer of Bronze Fittings casting Copper Brass parts components","publisher":{"@id":"https:\/\/conexmetals.com\/de\/#organization"},"potentialAction":[{"@type":"SearchAction","target":{"@type":"EntryPoint","urlTemplate":"https:\/\/conexmetals.com\/de\/?s={search_term_string}"},"query-input":{"@type":"PropertyValueSpecification","valueRequired":true,"valueName":"search_term_string"}}],"inLanguage":"de"},{"@type":"Organization","@id":"https:\/\/conexmetals.com\/de\/#organization","name":"Conex Metals Brass Fittings Brass Parts Copper Parts Brass Components Brass Plumbing Fittings India","url":"https:\/\/conexmetals.com\/de\/","logo":{"@type":"ImageObject","inLanguage":"de","@id":"https:\/\/conexmetals.com\/de\/#\/schema\/logo\/image\/","url":"https:\/\/conexmetals.com\/wp-content\/uploads\/2024\/03\/conex-metals-logo.webp","contentUrl":"https:\/\/conexmetals.com\/wp-content\/uploads\/2024\/03\/conex-metals-logo.webp","width":300,"height":121,"caption":"Conex Metals Brass Fittings Brass Parts Copper Parts Brass Components Brass Plumbing Fittings India"},"image":{"@id":"https:\/\/conexmetals.com\/de\/#\/schema\/logo\/image\/"},"sameAs":["https:\/\/www.facebook.com\/conexbrass","https:\/\/x.com\/conexindia","https:\/\/www.linkedin.com\/company\/conex-metals-india\/","https:\/\/www.instagram.com\/conexindia\/"]}]}},"_links":{"self":[{"href":"https:\/\/conexmetals.com\/de\/wp-json\/wp\/v2\/product\/12763","targetHints":{"allow":["GET"]}}],"collection":[{"href":"https:\/\/conexmetals.com\/de\/wp-json\/wp\/v2\/product"}],"about":[{"href":"https:\/\/conexmetals.com\/de\/wp-json\/wp\/v2\/types\/product"}],"wp:featuredmedia":[{"embeddable":true,"href":"https:\/\/conexmetals.com\/de\/wp-json\/wp\/v2\/media\/12759"}],"wp:attachment":[{"href":"https:\/\/conexmetals.com\/de\/wp-json\/wp\/v2\/media?parent=12763"}],"wp:term":[{"taxonomy":"product_brand","embeddable":true,"href":"https:\/\/conexmetals.com\/de\/wp-json\/wp\/v2\/product_brand?post=12763"},{"taxonomy":"product_cat","embeddable":true,"href":"https:\/\/conexmetals.com\/de\/wp-json\/wp\/v2\/product_cat?post=12763"},{"taxonomy":"product_tag","embeddable":true,"href":"https:\/\/conexmetals.com\/de\/wp-json\/wp\/v2\/product_tag?post=12763"}],"curies":[{"name":"wp","href":"https:\/\/api.w.org\/{rel}","templated":true}]}}