{"id":12772,"date":"2023-08-18T10:49:24","date_gmt":"2023-08-18T05:19:24","guid":{"rendered":"https:\/\/conexmetals.com\/?post_type=product&#038;p=12772"},"modified":"2025-01-04T16:55:08","modified_gmt":"2025-01-04T11:25:08","slug":"flache-und-gedrehte-klammern","status":"publish","type":"product","link":"https:\/\/conexmetals.com\/de\/produkt\/flache-und-gedrehte-klammern\/","title":{"rendered":"Flache und gedrehte Klammern"},"content":{"rendered":"","protected":false},"excerpt":{"rendered":"<table id=\"tablepress-395\" class=\"tablepress tablepress-id-395\">\n<caption>\u00a0<\/caption>\n<thead>\n<tr class=\"row-1 odd\">\n<th class=\"column-1\" colspan=\"2\"><strong><span>Technisches Datenblatt<\/span><\/strong><\/th>\n<\/tr>\n<\/thead>\n<tbody class=\"row-hover\">\n<tr class=\"row-2 even\">\n<td class=\"column-1\"><strong><span>Gr\u00f6\u00dfen<\/span><\/strong><\/td>\n<td class=\"column-2\"><span>20 mm bis 25 mm<\/span><\/td>\n<\/tr>\n<tr class=\"row-3 odd\">\n<td class=\"column-1\"><strong><span>Material<\/span><\/strong><\/td>\n<td class=\"column-2\"><span>Weichstahl<\/span><\/td>\n<\/tr>\n<tr class=\"row-4 even\">\n<td class=\"column-1\"><strong><span>Beenden<\/span><\/strong><\/td>\n<td class=\"column-2\"><span>Verzinkt und schwarz emailliert<\/span><\/td>\n<\/tr>\n<\/tbody>\n<\/table>\n<p><span>Flache und gedrehte Crampets sind vielseitige und langlebige Befestigungselemente f\u00fcr Industrie- und Bauanwendungen. Sie werden aus hochwertigem Weichstahl hergestellt und sind in mehreren Gr\u00f6\u00dfen und Ausf\u00fchrungen erh\u00e4ltlich, um einer Reihe von Anforderungen gerecht zu werden. Ihr innovatives Design bietet sowohl Flexibilit\u00e4t als auch Zuverl\u00e4ssigkeit und gew\u00e4hrleistet optimale Leistung in verschiedenen Umgebungen.<\/span><\/p>\n<p><strong><span>Hauptmerkmale:<\/span><\/strong><\/p>\n<ul>\n<li><span>Verf\u00fcgbare Gr\u00f6\u00dfen: 20 mm bis 25 mm.<\/span><\/li>\n<li><span>Hergestellt aus hochwertigem Weichstahl f\u00fcr St\u00e4rke und Haltbarkeit.<\/span><\/li>\n<li><span>Erh\u00e4ltlich in verzinkter und schwarz emaillierter Ausf\u00fchrung f\u00fcr verbesserte Korrosionsbest\u00e4ndigkeit.<\/span><\/li>\n<li><span>Pr\u00e4zisionsgefertigt f\u00fcr gleichbleibende Leistung.<\/span><\/li>\n<li><span>Geeignet f\u00fcr vielf\u00e4ltige Befestigungs- und Sicherungsaufgaben.<\/span><\/li>\n<\/ul>\n<p><strong><span>Anwendungen:<\/span><\/strong><\/p>\n<ul>\n<li><span>Industrielle Befestigungsl\u00f6sungen.<\/span><\/li>\n<li><span>Bauprojekte.<\/span><\/li>\n<li><span>Sichern und Spannen in Maschinen und Anlagen.<\/span><\/li>\n<li><span>Allgemeine Befestigungsaufgaben.<\/span><\/li>\n<\/ul>\n<p><strong><span>Technisches Datenblatt:<\/span><\/strong><\/p>\n<ul>\n<li><strong><span>Gr\u00f6\u00dfen:<\/span><\/strong><span>\u00a020 mm bis 25 mm<\/span><\/li>\n<li><strong><span>Material:<\/span><\/strong><span>\u00a0Weichstahl<\/span><\/li>\n<li><strong><span>Finish:<\/span><\/strong><span>\u00a0Verzinkt und schwarz emailliert<\/span><\/li>\n<\/ul>\n<p><strong><span>Warum Sie sich f\u00fcr uns entscheiden sollten?<\/span><\/strong><br \/>\n<span>Unsere flachen und gedrehten Krampen werden nach den h\u00f6chsten Qualit\u00e4tsstandards gefertigt und bieten Haltbarkeit und Zuverl\u00e4ssigkeit in anspruchsvollen Umgebungen. Mit einem Fokus auf Kundenzufriedenheit liefern wir Premiumprodukte, die auf Ihre spezifischen Bed\u00fcrfnisse zugeschnitten sind.<\/span><\/p>\n","protected":false},"featured_media":12768,"template":"","meta":[],"product_brand":[],"product_cat":[384],"product_tag":[],"class_list":{"0":"post-12772","1":"product","2":"type-product","3":"status-publish","4":"has-post-thumbnail","6":"product_cat-verzinkte-gi-stahlrohrfittings","8":"first","9":"instock","10":"shipping-taxable","11":"product-type-simple"},"yoast_head":"<!-- This site is optimized with the Yoast SEO plugin v27.3 - https:\/\/yoast.com\/product\/yoast-seo-wordpress\/ -->\n<title>Flache und gedrehte Klammern<\/title>\n<meta name=\"description\" content=\"Conex Metals ist auf flache und gedrehte Klammern spezialisiert und bietet hochwertige und langlebige L\u00f6sungen f\u00fcr verschiedene Anwendungen. F\u00fchrender Hersteller, Exporteur und Lieferant aus Indien.\" \/>\n<meta name=\"robots\" content=\"index, follow, max-snippet:-1, max-image-preview:large, max-video-preview:-1\" \/>\n<link rel=\"canonical\" href=\"https:\/\/conexmetals.com\/de\/produkt\/flache-und-gedrehte-klammern\/\" \/>\n<script type=\"application\/ld+json\" class=\"yoast-schema-graph\">{\"@context\":\"https:\\\/\\\/schema.org\",\"@graph\":[{\"@type\":\"WebPage\",\"@id\":\"https:\\\/\\\/conexmetals.com\\\/de\\\/produkt\\\/flache-und-gedrehte-klammern\\\/\",\"url\":\"https:\\\/\\\/conexmetals.com\\\/de\\\/produkt\\\/flache-und-gedrehte-klammern\\\/\",\"name\":\"Flache und gedrehte Klammern\",\"isPartOf\":{\"@id\":\"https:\\\/\\\/conexmetals.com\\\/de\\\/#website\"},\"primaryImageOfPage\":{\"@id\":\"https:\\\/\\\/conexmetals.com\\\/de\\\/produkt\\\/flache-und-gedrehte-klammern\\\/#primaryimage\"},\"image\":{\"@id\":\"https:\\\/\\\/conexmetals.com\\\/de\\\/produkt\\\/flache-und-gedrehte-klammern\\\/#primaryimage\"},\"thumbnailUrl\":\"https:\\\/\\\/conexmetals.com\\\/wp-content\\\/uploads\\\/2025\\\/01\\\/Flache-und-gedrehte-Klammern-1.webp\",\"datePublished\":\"2023-08-18T05:19:24+00:00\",\"dateModified\":\"2025-01-04T11:25:08+00:00\",\"description\":\"Conex Metals ist auf flache und gedrehte Klammern spezialisiert und bietet hochwertige und langlebige L\u00f6sungen f\u00fcr verschiedene Anwendungen. F\u00fchrender Hersteller, Exporteur und Lieferant aus Indien.\",\"breadcrumb\":{\"@id\":\"https:\\\/\\\/conexmetals.com\\\/de\\\/produkt\\\/flache-und-gedrehte-klammern\\\/#breadcrumb\"},\"inLanguage\":\"de\",\"potentialAction\":[{\"@type\":\"ReadAction\",\"target\":[\"https:\\\/\\\/conexmetals.com\\\/de\\\/produkt\\\/flache-und-gedrehte-klammern\\\/\"]}]},{\"@type\":\"ImageObject\",\"inLanguage\":\"de\",\"@id\":\"https:\\\/\\\/conexmetals.com\\\/de\\\/produkt\\\/flache-und-gedrehte-klammern\\\/#primaryimage\",\"url\":\"https:\\\/\\\/conexmetals.com\\\/wp-content\\\/uploads\\\/2025\\\/01\\\/Flache-und-gedrehte-Klammern-1.webp\",\"contentUrl\":\"https:\\\/\\\/conexmetals.com\\\/wp-content\\\/uploads\\\/2025\\\/01\\\/Flache-und-gedrehte-Klammern-1.webp\",\"width\":350,\"height\":350,\"caption\":\"Flache und gedrehte Klammern\"},{\"@type\":\"BreadcrumbList\",\"@id\":\"https:\\\/\\\/conexmetals.com\\\/de\\\/produkt\\\/flache-und-gedrehte-klammern\\\/#breadcrumb\",\"itemListElement\":[{\"@type\":\"ListItem\",\"position\":1,\"name\":\"Home\",\"item\":\"https:\\\/\\\/conexmetals.com\\\/de\\\/heim\\\/\"},{\"@type\":\"ListItem\",\"position\":2,\"name\":\"Products\",\"item\":\"https:\\\/\\\/conexmetals.com\\\/products\\\/\"},{\"@type\":\"ListItem\",\"position\":3,\"name\":\"Flache und gedrehte Klammern\"}]},{\"@type\":\"WebSite\",\"@id\":\"https:\\\/\\\/conexmetals.com\\\/de\\\/#website\",\"url\":\"https:\\\/\\\/conexmetals.com\\\/de\\\/\",\"name\":\"Conex Metals Brass Fittings Brass Parts Copper Parts Brass Components Brass Plumbing Fittings India\",\"description\":\"Manufacturer of Bronze Fittings casting Copper Brass parts components\",\"publisher\":{\"@id\":\"https:\\\/\\\/conexmetals.com\\\/de\\\/#organization\"},\"potentialAction\":[{\"@type\":\"SearchAction\",\"target\":{\"@type\":\"EntryPoint\",\"urlTemplate\":\"https:\\\/\\\/conexmetals.com\\\/de\\\/?s={search_term_string}\"},\"query-input\":{\"@type\":\"PropertyValueSpecification\",\"valueRequired\":true,\"valueName\":\"search_term_string\"}}],\"inLanguage\":\"de\"},{\"@type\":\"Organization\",\"@id\":\"https:\\\/\\\/conexmetals.com\\\/de\\\/#organization\",\"name\":\"Conex Metals Brass Fittings Brass Parts Copper Parts Brass Components Brass Plumbing Fittings India\",\"url\":\"https:\\\/\\\/conexmetals.com\\\/de\\\/\",\"logo\":{\"@type\":\"ImageObject\",\"inLanguage\":\"de\",\"@id\":\"https:\\\/\\\/conexmetals.com\\\/de\\\/#\\\/schema\\\/logo\\\/image\\\/\",\"url\":\"https:\\\/\\\/conexmetals.com\\\/wp-content\\\/uploads\\\/2024\\\/03\\\/conex-metals-logo.webp\",\"contentUrl\":\"https:\\\/\\\/conexmetals.com\\\/wp-content\\\/uploads\\\/2024\\\/03\\\/conex-metals-logo.webp\",\"width\":300,\"height\":121,\"caption\":\"Conex Metals Brass Fittings Brass Parts Copper Parts Brass Components Brass Plumbing Fittings India\"},\"image\":{\"@id\":\"https:\\\/\\\/conexmetals.com\\\/de\\\/#\\\/schema\\\/logo\\\/image\\\/\"},\"sameAs\":[\"https:\\\/\\\/www.facebook.com\\\/conexbrass\",\"https:\\\/\\\/x.com\\\/conexindia\",\"https:\\\/\\\/www.linkedin.com\\\/company\\\/conex-metals-india\\\/\",\"https:\\\/\\\/www.instagram.com\\\/conexindia\\\/\"]}]}<\/script>\n<!-- \/ Yoast SEO plugin. -->","yoast_head_json":{"title":"Flache und gedrehte Klammern","description":"Conex Metals ist auf flache und gedrehte Klammern spezialisiert und bietet hochwertige und langlebige L\u00f6sungen f\u00fcr verschiedene Anwendungen. F\u00fchrender Hersteller, Exporteur und Lieferant aus Indien.","robots":{"index":"index","follow":"follow","max-snippet":"max-snippet:-1","max-image-preview":"max-image-preview:large","max-video-preview":"max-video-preview:-1"},"canonical":"https:\/\/conexmetals.com\/de\/produkt\/flache-und-gedrehte-klammern\/","schema":{"@context":"https:\/\/schema.org","@graph":[{"@type":"WebPage","@id":"https:\/\/conexmetals.com\/de\/produkt\/flache-und-gedrehte-klammern\/","url":"https:\/\/conexmetals.com\/de\/produkt\/flache-und-gedrehte-klammern\/","name":"Flache und gedrehte Klammern","isPartOf":{"@id":"https:\/\/conexmetals.com\/de\/#website"},"primaryImageOfPage":{"@id":"https:\/\/conexmetals.com\/de\/produkt\/flache-und-gedrehte-klammern\/#primaryimage"},"image":{"@id":"https:\/\/conexmetals.com\/de\/produkt\/flache-und-gedrehte-klammern\/#primaryimage"},"thumbnailUrl":"https:\/\/conexmetals.com\/wp-content\/uploads\/2025\/01\/Flache-und-gedrehte-Klammern-1.webp","datePublished":"2023-08-18T05:19:24+00:00","dateModified":"2025-01-04T11:25:08+00:00","description":"Conex Metals ist auf flache und gedrehte Klammern spezialisiert und bietet hochwertige und langlebige L\u00f6sungen f\u00fcr verschiedene Anwendungen. F\u00fchrender Hersteller, Exporteur und Lieferant aus Indien.","breadcrumb":{"@id":"https:\/\/conexmetals.com\/de\/produkt\/flache-und-gedrehte-klammern\/#breadcrumb"},"inLanguage":"de","potentialAction":[{"@type":"ReadAction","target":["https:\/\/conexmetals.com\/de\/produkt\/flache-und-gedrehte-klammern\/"]}]},{"@type":"ImageObject","inLanguage":"de","@id":"https:\/\/conexmetals.com\/de\/produkt\/flache-und-gedrehte-klammern\/#primaryimage","url":"https:\/\/conexmetals.com\/wp-content\/uploads\/2025\/01\/Flache-und-gedrehte-Klammern-1.webp","contentUrl":"https:\/\/conexmetals.com\/wp-content\/uploads\/2025\/01\/Flache-und-gedrehte-Klammern-1.webp","width":350,"height":350,"caption":"Flache und gedrehte Klammern"},{"@type":"BreadcrumbList","@id":"https:\/\/conexmetals.com\/de\/produkt\/flache-und-gedrehte-klammern\/#breadcrumb","itemListElement":[{"@type":"ListItem","position":1,"name":"Home","item":"https:\/\/conexmetals.com\/de\/heim\/"},{"@type":"ListItem","position":2,"name":"Products","item":"https:\/\/conexmetals.com\/products\/"},{"@type":"ListItem","position":3,"name":"Flache und gedrehte Klammern"}]},{"@type":"WebSite","@id":"https:\/\/conexmetals.com\/de\/#website","url":"https:\/\/conexmetals.com\/de\/","name":"Conex Metals Brass Fittings Brass Parts Copper Parts Brass Components Brass Plumbing Fittings India","description":"Manufacturer of Bronze Fittings casting Copper Brass parts components","publisher":{"@id":"https:\/\/conexmetals.com\/de\/#organization"},"potentialAction":[{"@type":"SearchAction","target":{"@type":"EntryPoint","urlTemplate":"https:\/\/conexmetals.com\/de\/?s={search_term_string}"},"query-input":{"@type":"PropertyValueSpecification","valueRequired":true,"valueName":"search_term_string"}}],"inLanguage":"de"},{"@type":"Organization","@id":"https:\/\/conexmetals.com\/de\/#organization","name":"Conex Metals Brass Fittings Brass Parts Copper Parts Brass Components Brass Plumbing Fittings India","url":"https:\/\/conexmetals.com\/de\/","logo":{"@type":"ImageObject","inLanguage":"de","@id":"https:\/\/conexmetals.com\/de\/#\/schema\/logo\/image\/","url":"https:\/\/conexmetals.com\/wp-content\/uploads\/2024\/03\/conex-metals-logo.webp","contentUrl":"https:\/\/conexmetals.com\/wp-content\/uploads\/2024\/03\/conex-metals-logo.webp","width":300,"height":121,"caption":"Conex Metals Brass Fittings Brass Parts Copper Parts Brass Components Brass Plumbing Fittings India"},"image":{"@id":"https:\/\/conexmetals.com\/de\/#\/schema\/logo\/image\/"},"sameAs":["https:\/\/www.facebook.com\/conexbrass","https:\/\/x.com\/conexindia","https:\/\/www.linkedin.com\/company\/conex-metals-india\/","https:\/\/www.instagram.com\/conexindia\/"]}]}},"_links":{"self":[{"href":"https:\/\/conexmetals.com\/de\/wp-json\/wp\/v2\/product\/12772","targetHints":{"allow":["GET"]}}],"collection":[{"href":"https:\/\/conexmetals.com\/de\/wp-json\/wp\/v2\/product"}],"about":[{"href":"https:\/\/conexmetals.com\/de\/wp-json\/wp\/v2\/types\/product"}],"wp:featuredmedia":[{"embeddable":true,"href":"https:\/\/conexmetals.com\/de\/wp-json\/wp\/v2\/media\/12768"}],"wp:attachment":[{"href":"https:\/\/conexmetals.com\/de\/wp-json\/wp\/v2\/media?parent=12772"}],"wp:term":[{"taxonomy":"product_brand","embeddable":true,"href":"https:\/\/conexmetals.com\/de\/wp-json\/wp\/v2\/product_brand?post=12772"},{"taxonomy":"product_cat","embeddable":true,"href":"https:\/\/conexmetals.com\/de\/wp-json\/wp\/v2\/product_cat?post=12772"},{"taxonomy":"product_tag","embeddable":true,"href":"https:\/\/conexmetals.com\/de\/wp-json\/wp\/v2\/product_tag?post=12772"}],"curies":[{"name":"wp","href":"https:\/\/api.w.org\/{rel}","templated":true}]}}