{"id":12786,"date":"2023-08-18T11:46:18","date_gmt":"2023-08-18T06:16:18","guid":{"rendered":"https:\/\/conexmetals.com\/?post_type=product&#038;p=12786"},"modified":"2025-01-07T12:03:44","modified_gmt":"2025-01-07T06:33:44","slug":"verzinkte-haken-mit-gewinde","status":"publish","type":"product","link":"https:\/\/conexmetals.com\/de\/produkt\/verzinkte-haken-mit-gewinde\/","title":{"rendered":"Verzinkte Haken mit Gewinde"},"content":{"rendered":"","protected":false},"excerpt":{"rendered":"<div class=\"elementor-element elementor-element-d6f7035 elementor-widget elementor-widget-woocommerce-product-title elementor-page-title elementor-widget-heading\" data-id=\"d6f7035\" data-element_type=\"widget\" data-widget_type=\"woocommerce-product-title.default\">\n<div class=\"elementor-widget-container\">\n<p class=\"product_title entry-title elementor-heading-title elementor-size-default\">\u00a0<img fetchpriority=\"high\" decoding=\"async\" class=\"alignnone size-medium wp-image-12331 lazy loaded\" src=\"https:\/\/conexmetals.com\/wp-content\/uploads\/2023\/08\/male-Hook-300x300.webp\" alt=\"m\u00e4nnlicher Haken\" width=\"300\" height=\"300\" data-src=\"https:\/\/conexmetals.com\/wp-content\/uploads\/2023\/08\/male-Hook-300x300.webp\" data-was-processed=\"true\" srcset=\"https:\/\/conexmetals.com\/wp-content\/uploads\/2023\/08\/male-Hook-300x300.webp 300w, https:\/\/conexmetals.com\/wp-content\/uploads\/2023\/08\/male-Hook-150x150.webp 150w, https:\/\/conexmetals.com\/wp-content\/uploads\/2023\/08\/male-Hook-768x768.webp 768w, https:\/\/conexmetals.com\/wp-content\/uploads\/2023\/08\/male-Hook-700x700.webp 700w, https:\/\/conexmetals.com\/wp-content\/uploads\/2023\/08\/male-Hook-100x100.webp 100w, https:\/\/conexmetals.com\/wp-content\/uploads\/2023\/08\/male-Hook.webp 1000w\" sizes=\"(max-width: 300px) 100vw, 300px\" \/><\/p>\n<\/div>\n<\/div>\n<div class=\"elementor-element elementor-element-36d2ab8 elementor-widget elementor-widget-woocommerce-product-short-description\" data-id=\"36d2ab8\" data-element_type=\"widget\" data-widget_type=\"woocommerce-product-short-description.default\">\n<div class=\"elementor-widget-container\">\n<div class=\"woocommerce-product-details__short-description\">\n<table id=\"tablepress-397\" class=\"tablepress tablepress-id-397\">\n<caption>\u00a0<\/caption>\n<thead>\n<tr class=\"row-1 odd\">\n<th class=\"column-1\" colspan=\"2\"><strong><span>Technisches Datenblatt<\/span><\/strong><\/th>\n<\/tr>\n<\/thead>\n<tbody class=\"row-hover\">\n<tr class=\"row-2 even\">\n<td class=\"column-1\"><strong><span>Material<\/span><\/strong><\/td>\n<td class=\"column-2\"><span>Zinkdruckgusslegierung<\/span><\/td>\n<\/tr>\n<tr class=\"row-3 odd\">\n<td class=\"column-1\"><strong><span>H\u00f6he<\/span><\/strong><\/td>\n<td class=\"column-2\"><span>48 mm<\/span><\/td>\n<\/tr>\n<tr class=\"row-4 even\">\n<td class=\"column-1\"><strong><span>Maximale statische Belastung<\/span><\/strong><\/td>\n<td class=\"column-2\"><span>10 kg<\/span><\/td>\n<\/tr>\n<tr class=\"row-5 odd\">\n<td class=\"column-1\"><strong><span>Gewinde<\/span><\/strong><\/td>\n<td class=\"column-2\"><span>Passend f\u00fcr 20 mm Gewinderohre<\/span><\/td>\n<\/tr>\n<\/tbody>\n<\/table>\n<p><strong><span>20 mm Einschraubhaken aus Stahlguss<\/span><\/strong><br \/>\n<span>. Dieser aus robuster Zinkdruckgusslegierung gefertigte Haken ist speziell f\u00fcr 20 mm starke Oberfl\u00e4chenmontagesysteme f\u00fcr elektrische Leitungen aus Stahl konzipiert.<\/span><\/p>\n<p><span>Es l\u00e4sst sich leicht an der Inspektionsplatte einer Kabelkanal-Anschlussdose befestigen und kann so als Kettenhaken f\u00fcr Pendelleuchten verwendet werden.<\/span><\/p>\n<p><span>Dieser Haken ist ein Schl\u00fcsselbestandteil von Stahlrohren und -armaturen und bietet eine Oberfl\u00e4chenmontagel\u00f6sung f\u00fcr R\u00e4ume ohne Wandhohlr\u00e4ume f\u00fcr interne Verkabelung. Er ist ideal f\u00fcr die Installation auf Oberfl\u00e4chen wie Beton, Mauerwerk, Stein und mehr.<\/span><\/p>\n<p><span>Dieses System eignet sich perfekt f\u00fcr die Gestaltung einer Beleuchtung im Industriestil und verleiht einen Hauch von Authentizit\u00e4t und Haltbarkeit, der von Alternativen zu Kunststoffrohren nicht erreicht wird.<\/span><\/p>\n<p><strong><span>Spezifikationen:<\/span><\/strong><\/p>\n<ul>\n<li><span>Material: Zinkdruckgusslegierung<\/span><\/li>\n<li><span>Minimale Ketten\u00f6ffnung: 7mm<\/span><\/li>\n<li><span>Maximale statische Belastung: 10kg<\/span><\/li>\n<\/ul>\n<\/div>\n<\/div>\n<\/div>\n","protected":false},"featured_media":12624,"template":"","meta":[],"product_brand":[],"product_cat":[384],"product_tag":[],"class_list":{"0":"post-12786","1":"product","2":"type-product","3":"status-publish","4":"has-post-thumbnail","6":"product_cat-verzinkte-gi-stahlrohrfittings","8":"first","9":"instock","10":"shipping-taxable","11":"product-type-simple"},"yoast_head":"<!-- This site is optimized with the Yoast SEO plugin v27.3 - https:\/\/yoast.com\/product\/yoast-seo-wordpress\/ -->\n<title>Verzinkte Haken mit Gewinde<\/title>\n<meta name=\"description\" content=\"Conex Metals bietet hochwertige verzinkte Haken mit Gewinde, einschlie\u00dflich verzinkter Rohrhaken und Haken mit Au\u00dfengewinde. Unsere Haken aus Stahl und Industrie-Aufh\u00e4ngungshaken sind ideal f\u00fcr Anwendungen in der kommerziellen Beleuchtung und elektrischen Leitungen. F\u00fchrender Hersteller, Exporteur und Lieferant aus Indien.\" \/>\n<meta name=\"robots\" content=\"index, follow, max-snippet:-1, max-image-preview:large, max-video-preview:-1\" \/>\n<link rel=\"canonical\" href=\"https:\/\/conexmetals.com\/de\/produkt\/verzinkte-haken-mit-gewinde\/\" \/>\n<script type=\"application\/ld+json\" class=\"yoast-schema-graph\">{\"@context\":\"https:\\\/\\\/schema.org\",\"@graph\":[{\"@type\":\"WebPage\",\"@id\":\"https:\\\/\\\/conexmetals.com\\\/de\\\/produkt\\\/verzinkte-haken-mit-gewinde\\\/\",\"url\":\"https:\\\/\\\/conexmetals.com\\\/de\\\/produkt\\\/verzinkte-haken-mit-gewinde\\\/\",\"name\":\"Verzinkte Haken mit Gewinde\",\"isPartOf\":{\"@id\":\"https:\\\/\\\/conexmetals.com\\\/de\\\/#website\"},\"primaryImageOfPage\":{\"@id\":\"https:\\\/\\\/conexmetals.com\\\/de\\\/produkt\\\/verzinkte-haken-mit-gewinde\\\/#primaryimage\"},\"image\":{\"@id\":\"https:\\\/\\\/conexmetals.com\\\/de\\\/produkt\\\/verzinkte-haken-mit-gewinde\\\/#primaryimage\"},\"thumbnailUrl\":\"https:\\\/\\\/conexmetals.com\\\/wp-content\\\/uploads\\\/2025\\\/01\\\/Galvanized-Male-Hooks.webp\",\"datePublished\":\"2023-08-18T06:16:18+00:00\",\"dateModified\":\"2025-01-07T06:33:44+00:00\",\"description\":\"Conex Metals bietet hochwertige verzinkte Haken mit Gewinde, einschlie\u00dflich verzinkter Rohrhaken und Haken mit Au\u00dfengewinde. Unsere Haken aus Stahl und Industrie-Aufh\u00e4ngungshaken sind ideal f\u00fcr Anwendungen in der kommerziellen Beleuchtung und elektrischen Leitungen. F\u00fchrender Hersteller, Exporteur und Lieferant aus Indien.\",\"breadcrumb\":{\"@id\":\"https:\\\/\\\/conexmetals.com\\\/de\\\/produkt\\\/verzinkte-haken-mit-gewinde\\\/#breadcrumb\"},\"inLanguage\":\"de\",\"potentialAction\":[{\"@type\":\"ReadAction\",\"target\":[\"https:\\\/\\\/conexmetals.com\\\/de\\\/produkt\\\/verzinkte-haken-mit-gewinde\\\/\"]}]},{\"@type\":\"ImageObject\",\"inLanguage\":\"de\",\"@id\":\"https:\\\/\\\/conexmetals.com\\\/de\\\/produkt\\\/verzinkte-haken-mit-gewinde\\\/#primaryimage\",\"url\":\"https:\\\/\\\/conexmetals.com\\\/wp-content\\\/uploads\\\/2025\\\/01\\\/Galvanized-Male-Hooks.webp\",\"contentUrl\":\"https:\\\/\\\/conexmetals.com\\\/wp-content\\\/uploads\\\/2025\\\/01\\\/Galvanized-Male-Hooks.webp\",\"width\":300,\"height\":300,\"caption\":\"Verzinkte Haken mit Gewinde\"},{\"@type\":\"BreadcrumbList\",\"@id\":\"https:\\\/\\\/conexmetals.com\\\/de\\\/produkt\\\/verzinkte-haken-mit-gewinde\\\/#breadcrumb\",\"itemListElement\":[{\"@type\":\"ListItem\",\"position\":1,\"name\":\"Home\",\"item\":\"https:\\\/\\\/conexmetals.com\\\/de\\\/heim\\\/\"},{\"@type\":\"ListItem\",\"position\":2,\"name\":\"Products\",\"item\":\"https:\\\/\\\/conexmetals.com\\\/products\\\/\"},{\"@type\":\"ListItem\",\"position\":3,\"name\":\"Verzinkte Haken mit Gewinde\"}]},{\"@type\":\"WebSite\",\"@id\":\"https:\\\/\\\/conexmetals.com\\\/de\\\/#website\",\"url\":\"https:\\\/\\\/conexmetals.com\\\/de\\\/\",\"name\":\"Conex Metals Brass Fittings Brass Parts Copper Parts Brass Components Brass Plumbing Fittings India\",\"description\":\"Manufacturer of Bronze Fittings casting Copper Brass parts components\",\"publisher\":{\"@id\":\"https:\\\/\\\/conexmetals.com\\\/de\\\/#organization\"},\"potentialAction\":[{\"@type\":\"SearchAction\",\"target\":{\"@type\":\"EntryPoint\",\"urlTemplate\":\"https:\\\/\\\/conexmetals.com\\\/de\\\/?s={search_term_string}\"},\"query-input\":{\"@type\":\"PropertyValueSpecification\",\"valueRequired\":true,\"valueName\":\"search_term_string\"}}],\"inLanguage\":\"de\"},{\"@type\":\"Organization\",\"@id\":\"https:\\\/\\\/conexmetals.com\\\/de\\\/#organization\",\"name\":\"Conex Metals Brass Fittings Brass Parts Copper Parts Brass Components Brass Plumbing Fittings India\",\"url\":\"https:\\\/\\\/conexmetals.com\\\/de\\\/\",\"logo\":{\"@type\":\"ImageObject\",\"inLanguage\":\"de\",\"@id\":\"https:\\\/\\\/conexmetals.com\\\/de\\\/#\\\/schema\\\/logo\\\/image\\\/\",\"url\":\"https:\\\/\\\/conexmetals.com\\\/wp-content\\\/uploads\\\/2024\\\/03\\\/conex-metals-logo.webp\",\"contentUrl\":\"https:\\\/\\\/conexmetals.com\\\/wp-content\\\/uploads\\\/2024\\\/03\\\/conex-metals-logo.webp\",\"width\":300,\"height\":121,\"caption\":\"Conex Metals Brass Fittings Brass Parts Copper Parts Brass Components Brass Plumbing Fittings India\"},\"image\":{\"@id\":\"https:\\\/\\\/conexmetals.com\\\/de\\\/#\\\/schema\\\/logo\\\/image\\\/\"},\"sameAs\":[\"https:\\\/\\\/www.facebook.com\\\/conexbrass\",\"https:\\\/\\\/x.com\\\/conexindia\",\"https:\\\/\\\/www.linkedin.com\\\/company\\\/conex-metals-india\\\/\",\"https:\\\/\\\/www.instagram.com\\\/conexindia\\\/\"]}]}<\/script>\n<!-- \/ Yoast SEO plugin. -->","yoast_head_json":{"title":"Verzinkte Haken mit Gewinde","description":"Conex Metals bietet hochwertige verzinkte Haken mit Gewinde, einschlie\u00dflich verzinkter Rohrhaken und Haken mit Au\u00dfengewinde. Unsere Haken aus Stahl und Industrie-Aufh\u00e4ngungshaken sind ideal f\u00fcr Anwendungen in der kommerziellen Beleuchtung und elektrischen Leitungen. F\u00fchrender Hersteller, Exporteur und Lieferant aus Indien.","robots":{"index":"index","follow":"follow","max-snippet":"max-snippet:-1","max-image-preview":"max-image-preview:large","max-video-preview":"max-video-preview:-1"},"canonical":"https:\/\/conexmetals.com\/de\/produkt\/verzinkte-haken-mit-gewinde\/","schema":{"@context":"https:\/\/schema.org","@graph":[{"@type":"WebPage","@id":"https:\/\/conexmetals.com\/de\/produkt\/verzinkte-haken-mit-gewinde\/","url":"https:\/\/conexmetals.com\/de\/produkt\/verzinkte-haken-mit-gewinde\/","name":"Verzinkte Haken mit Gewinde","isPartOf":{"@id":"https:\/\/conexmetals.com\/de\/#website"},"primaryImageOfPage":{"@id":"https:\/\/conexmetals.com\/de\/produkt\/verzinkte-haken-mit-gewinde\/#primaryimage"},"image":{"@id":"https:\/\/conexmetals.com\/de\/produkt\/verzinkte-haken-mit-gewinde\/#primaryimage"},"thumbnailUrl":"https:\/\/conexmetals.com\/wp-content\/uploads\/2025\/01\/Galvanized-Male-Hooks.webp","datePublished":"2023-08-18T06:16:18+00:00","dateModified":"2025-01-07T06:33:44+00:00","description":"Conex Metals bietet hochwertige verzinkte Haken mit Gewinde, einschlie\u00dflich verzinkter Rohrhaken und Haken mit Au\u00dfengewinde. Unsere Haken aus Stahl und Industrie-Aufh\u00e4ngungshaken sind ideal f\u00fcr Anwendungen in der kommerziellen Beleuchtung und elektrischen Leitungen. F\u00fchrender Hersteller, Exporteur und Lieferant aus Indien.","breadcrumb":{"@id":"https:\/\/conexmetals.com\/de\/produkt\/verzinkte-haken-mit-gewinde\/#breadcrumb"},"inLanguage":"de","potentialAction":[{"@type":"ReadAction","target":["https:\/\/conexmetals.com\/de\/produkt\/verzinkte-haken-mit-gewinde\/"]}]},{"@type":"ImageObject","inLanguage":"de","@id":"https:\/\/conexmetals.com\/de\/produkt\/verzinkte-haken-mit-gewinde\/#primaryimage","url":"https:\/\/conexmetals.com\/wp-content\/uploads\/2025\/01\/Galvanized-Male-Hooks.webp","contentUrl":"https:\/\/conexmetals.com\/wp-content\/uploads\/2025\/01\/Galvanized-Male-Hooks.webp","width":300,"height":300,"caption":"Verzinkte Haken mit Gewinde"},{"@type":"BreadcrumbList","@id":"https:\/\/conexmetals.com\/de\/produkt\/verzinkte-haken-mit-gewinde\/#breadcrumb","itemListElement":[{"@type":"ListItem","position":1,"name":"Home","item":"https:\/\/conexmetals.com\/de\/heim\/"},{"@type":"ListItem","position":2,"name":"Products","item":"https:\/\/conexmetals.com\/products\/"},{"@type":"ListItem","position":3,"name":"Verzinkte Haken mit Gewinde"}]},{"@type":"WebSite","@id":"https:\/\/conexmetals.com\/de\/#website","url":"https:\/\/conexmetals.com\/de\/","name":"Conex Metals Brass Fittings Brass Parts Copper Parts Brass Components Brass Plumbing Fittings India","description":"Manufacturer of Bronze Fittings casting Copper Brass parts components","publisher":{"@id":"https:\/\/conexmetals.com\/de\/#organization"},"potentialAction":[{"@type":"SearchAction","target":{"@type":"EntryPoint","urlTemplate":"https:\/\/conexmetals.com\/de\/?s={search_term_string}"},"query-input":{"@type":"PropertyValueSpecification","valueRequired":true,"valueName":"search_term_string"}}],"inLanguage":"de"},{"@type":"Organization","@id":"https:\/\/conexmetals.com\/de\/#organization","name":"Conex Metals Brass Fittings Brass Parts Copper Parts Brass Components Brass Plumbing Fittings India","url":"https:\/\/conexmetals.com\/de\/","logo":{"@type":"ImageObject","inLanguage":"de","@id":"https:\/\/conexmetals.com\/de\/#\/schema\/logo\/image\/","url":"https:\/\/conexmetals.com\/wp-content\/uploads\/2024\/03\/conex-metals-logo.webp","contentUrl":"https:\/\/conexmetals.com\/wp-content\/uploads\/2024\/03\/conex-metals-logo.webp","width":300,"height":121,"caption":"Conex Metals Brass Fittings Brass Parts Copper Parts Brass Components Brass Plumbing Fittings India"},"image":{"@id":"https:\/\/conexmetals.com\/de\/#\/schema\/logo\/image\/"},"sameAs":["https:\/\/www.facebook.com\/conexbrass","https:\/\/x.com\/conexindia","https:\/\/www.linkedin.com\/company\/conex-metals-india\/","https:\/\/www.instagram.com\/conexindia\/"]}]}},"_links":{"self":[{"href":"https:\/\/conexmetals.com\/de\/wp-json\/wp\/v2\/product\/12786","targetHints":{"allow":["GET"]}}],"collection":[{"href":"https:\/\/conexmetals.com\/de\/wp-json\/wp\/v2\/product"}],"about":[{"href":"https:\/\/conexmetals.com\/de\/wp-json\/wp\/v2\/types\/product"}],"wp:featuredmedia":[{"embeddable":true,"href":"https:\/\/conexmetals.com\/de\/wp-json\/wp\/v2\/media\/12624"}],"wp:attachment":[{"href":"https:\/\/conexmetals.com\/de\/wp-json\/wp\/v2\/media?parent=12786"}],"wp:term":[{"taxonomy":"product_brand","embeddable":true,"href":"https:\/\/conexmetals.com\/de\/wp-json\/wp\/v2\/product_brand?post=12786"},{"taxonomy":"product_cat","embeddable":true,"href":"https:\/\/conexmetals.com\/de\/wp-json\/wp\/v2\/product_cat?post=12786"},{"taxonomy":"product_tag","embeddable":true,"href":"https:\/\/conexmetals.com\/de\/wp-json\/wp\/v2\/product_tag?post=12786"}],"curies":[{"name":"wp","href":"https:\/\/api.w.org\/{rel}","templated":true}]}}