{"id":12790,"date":"2023-08-18T11:44:53","date_gmt":"2023-08-18T06:14:53","guid":{"rendered":"https:\/\/conexmetals.com\/?post_type=product&#038;p=12790"},"modified":"2025-01-07T12:16:55","modified_gmt":"2025-01-07T06:46:55","slug":"hakenplatten","status":"publish","type":"product","link":"https:\/\/conexmetals.com\/de\/produkt\/hakenplatten\/","title":{"rendered":"Hakenplatten"},"content":{"rendered":"","protected":false},"excerpt":{"rendered":"<div class=\"elementor-element elementor-element-d6f7035 elementor-widget elementor-widget-woocommerce-product-title elementor-page-title elementor-widget-heading\" data-id=\"d6f7035\" data-element_type=\"widget\" data-widget_type=\"woocommerce-product-title.default\">\n<div class=\"elementor-widget-container\">\n<p class=\"product_title entry-title elementor-heading-title elementor-size-default\"><img fetchpriority=\"high\" decoding=\"async\" class=\"alignnone size-medium wp-image-12336 lazy loaded\" src=\"https:\/\/conexmetals.com\/wp-content\/uploads\/2023\/08\/Hook-Plates-300x270.webp\" alt=\"Hakenplatten\" width=\"300\" height=\"270\" data-src=\"https:\/\/conexmetals.com\/wp-content\/uploads\/2023\/08\/Hook-Plates-300x270.webp\" data-was-processed=\"true\" srcset=\"https:\/\/conexmetals.com\/wp-content\/uploads\/2023\/08\/Hook-Plates-300x270.webp 300w, https:\/\/conexmetals.com\/wp-content\/uploads\/2023\/08\/Hook-Plates-1024x920.webp 1024w, https:\/\/conexmetals.com\/wp-content\/uploads\/2023\/08\/Hook-Plates-768x690.webp 768w, https:\/\/conexmetals.com\/wp-content\/uploads\/2023\/08\/Hook-Plates-700x629.webp 700w, https:\/\/conexmetals.com\/wp-content\/uploads\/2023\/08\/Hook-Plates.webp 1114w\" sizes=\"(max-width: 300px) 100vw, 300px\" \/><\/p>\n<\/div>\n<\/div>\n<div class=\"elementor-element elementor-element-36d2ab8 elementor-widget elementor-widget-woocommerce-product-short-description\" data-id=\"36d2ab8\" data-element_type=\"widget\" data-widget_type=\"woocommerce-product-short-description.default\">\n<div class=\"elementor-widget-container\">\n<div class=\"woocommerce-product-details__short-description\">\n<table id=\"tablepress-396\" class=\"tablepress tablepress-id-396\">\n<caption>\u00a0<\/caption>\n<thead>\n<tr class=\"row-1 odd\">\n<th class=\"column-1\" colspan=\"2\"><strong><span>Technische Spezifikationen<\/span><\/strong><\/th>\n<\/tr>\n<\/thead>\n<tbody class=\"row-hover\">\n<tr class=\"row-2 even\">\n<td class=\"column-1\"><strong><span>Maximale Arbeitslast<\/span><\/strong><\/td>\n<td class=\"column-2\"><span>95 kg<\/span><\/td>\n<\/tr>\n<tr class=\"row-3 odd\">\n<td class=\"column-1\"><strong><span>Beenden<\/span><\/strong><\/td>\n<td class=\"column-2\"><span>BZP<\/span><\/td>\n<\/tr>\n<tr class=\"row-4 even\">\n<td class=\"column-1\"><strong><span>Konformit\u00e4tsnorm<\/span><\/strong><\/td>\n<td class=\"column-2\"><span>Norm EN 61386-1:2008<\/span><\/td>\n<\/tr>\n<tr class=\"row-5 odd\">\n<td class=\"column-1\"><strong><span>Basisdurchmesser<\/span><\/strong><\/td>\n<td class=\"column-2\"><span>65 mm<\/span><\/td>\n<\/tr>\n<\/tbody>\n<\/table>\n<p><span>Hakenplatten sind langlebige und zuverl\u00e4ssige Komponenten, die f\u00fcr eine sichere und effiziente Befestigung in Industrie- und Bauanwendungen entwickelt wurden. Diese Platten sind so konstruiert, dass sie den h\u00f6chsten Konformit\u00e4tsstandards entsprechen und eine \u00fcberragende Leistung und Sicherheit bei hohen Arbeitslasten gew\u00e4hrleisten. Das kompakte Design mit einem Basisdurchmesser von 65 mm erm\u00f6glicht eine einfache Installation in einer Vielzahl von Umgebungen.<\/span><\/p>\n<p><strong><span>Hauptmerkmale:<\/span><\/strong><\/p>\n<ul>\n<li><span>Maximale Tragf\u00e4higkeit: 95 kg.<\/span><\/li>\n<li><span>Finish: Hell verzinkt (BZP) f\u00fcr hervorragende Korrosionsbest\u00e4ndigkeit.<\/span><\/li>\n<li><span>Entspricht den\u00a0Qualit\u00e4ts- und Sicherheitsstandards\u00a0<\/span><strong><span>BS EN 61386-1:2008 .<\/span><\/strong><\/li>\n<li><span>Kompaktes und robustes Design mit einem Basisdurchmesser von 65 mm.<\/span><\/li>\n<li><span>Entwickelt f\u00fcr eine einfache Installation und lang anhaltende Leistung.<\/span><\/li>\n<\/ul>\n<p><strong><span>Anwendungen:<\/span><\/strong><\/p>\n<ul>\n<li><span>Industrielle Aufh\u00e4ngesysteme.<\/span><\/li>\n<li><span>Sicherung von Kabeln und Leitungen.<\/span><\/li>\n<li><span>Befestigung im Bau- und Ingenieurbau.<\/span><\/li>\n<li><span>Unterst\u00fctzt leichte bis mittelschwere Ausr\u00fcstung.<\/span><\/li>\n<\/ul>\n<p><strong><span>Technische Daten:<\/span><\/strong><\/p>\n<ul>\n<li><strong><span>Maximale Arbeitslast:<\/span><\/strong><span>\u00a095 kg<\/span><\/li>\n<li><strong><span>Oberfl\u00e4che:<\/span><\/strong><span>\u00a0Glanzverzinkt (BZP)<\/span><\/li>\n<li><strong><span>Konformit\u00e4tsnorm:<\/span><\/strong><span>\u00a0BS EN 61386-1:2008<\/span><\/li>\n<li><strong><span>Basisdurchmesser:<\/span><\/strong><span>\u00a065 mm<\/span><\/li>\n<\/ul>\n<p><strong><span>Warum Sie sich f\u00fcr uns entscheiden sollten?<\/span><\/strong><br \/>\n<span>Unsere Hakenplatten sind auf Langlebigkeit und Zuverl\u00e4ssigkeit f\u00fcr eine Vielzahl von Anwendungen ausgelegt. Da sie den Industriestandards entsprechen und eine hohe Tragf\u00e4higkeit aufweisen, sind sie eine unverzichtbare Komponente f\u00fcr Profis, die nach sicheren Befestigungsl\u00f6sungen suchen.<\/span><\/p>\n<\/div>\n<\/div>\n<\/div>\n","protected":false},"featured_media":12629,"template":"","meta":[],"product_brand":[],"product_cat":[384],"product_tag":[],"class_list":{"0":"post-12790","1":"product","2":"type-product","3":"status-publish","4":"has-post-thumbnail","6":"product_cat-verzinkte-gi-stahlrohrfittings","8":"first","9":"instock","10":"shipping-taxable","11":"product-type-simple"},"yoast_head":"<!-- This site is optimized with the Yoast SEO plugin v27.3 - https:\/\/yoast.com\/product\/yoast-seo-wordpress\/ -->\n<title>Hakenplatten<\/title>\n<meta name=\"description\" content=\"Entdecken Sie die Hakenplatten von Conex Metals, einschlie\u00dflich Deckenhakenplatten und Edelstahl-Hakenplatten. Unsere dekorativen Wandplattenhaken und industriellen Sicherheitshakenplatten bieten sichere und verstellbare Montagem\u00f6glichkeiten. Vertrauensw\u00fcrdiger Hersteller, Exporteur und Lieferant aus Indien.\" \/>\n<meta name=\"robots\" content=\"index, follow, max-snippet:-1, max-image-preview:large, max-video-preview:-1\" \/>\n<link rel=\"canonical\" href=\"https:\/\/conexmetals.com\/de\/produkt\/hakenplatten\/\" \/>\n<script type=\"application\/ld+json\" class=\"yoast-schema-graph\">{\"@context\":\"https:\\\/\\\/schema.org\",\"@graph\":[{\"@type\":\"WebPage\",\"@id\":\"https:\\\/\\\/conexmetals.com\\\/de\\\/produkt\\\/hakenplatten\\\/\",\"url\":\"https:\\\/\\\/conexmetals.com\\\/de\\\/produkt\\\/hakenplatten\\\/\",\"name\":\"Hakenplatten\",\"isPartOf\":{\"@id\":\"https:\\\/\\\/conexmetals.com\\\/de\\\/#website\"},\"primaryImageOfPage\":{\"@id\":\"https:\\\/\\\/conexmetals.com\\\/de\\\/produkt\\\/hakenplatten\\\/#primaryimage\"},\"image\":{\"@id\":\"https:\\\/\\\/conexmetals.com\\\/de\\\/produkt\\\/hakenplatten\\\/#primaryimage\"},\"thumbnailUrl\":\"https:\\\/\\\/conexmetals.com\\\/wp-content\\\/uploads\\\/2025\\\/01\\\/Hakenplatten.webp\",\"datePublished\":\"2023-08-18T06:14:53+00:00\",\"dateModified\":\"2025-01-07T06:46:55+00:00\",\"description\":\"Entdecken Sie die Hakenplatten von Conex Metals, einschlie\u00dflich Deckenhakenplatten und Edelstahl-Hakenplatten. Unsere dekorativen Wandplattenhaken und industriellen Sicherheitshakenplatten bieten sichere und verstellbare Montagem\u00f6glichkeiten. Vertrauensw\u00fcrdiger Hersteller, Exporteur und Lieferant aus Indien.\",\"breadcrumb\":{\"@id\":\"https:\\\/\\\/conexmetals.com\\\/de\\\/produkt\\\/hakenplatten\\\/#breadcrumb\"},\"inLanguage\":\"de\",\"potentialAction\":[{\"@type\":\"ReadAction\",\"target\":[\"https:\\\/\\\/conexmetals.com\\\/de\\\/produkt\\\/hakenplatten\\\/\"]}]},{\"@type\":\"ImageObject\",\"inLanguage\":\"de\",\"@id\":\"https:\\\/\\\/conexmetals.com\\\/de\\\/produkt\\\/hakenplatten\\\/#primaryimage\",\"url\":\"https:\\\/\\\/conexmetals.com\\\/wp-content\\\/uploads\\\/2025\\\/01\\\/Hakenplatten.webp\",\"contentUrl\":\"https:\\\/\\\/conexmetals.com\\\/wp-content\\\/uploads\\\/2025\\\/01\\\/Hakenplatten.webp\",\"width\":301,\"height\":301,\"caption\":\"Hakenplatten\"},{\"@type\":\"BreadcrumbList\",\"@id\":\"https:\\\/\\\/conexmetals.com\\\/de\\\/produkt\\\/hakenplatten\\\/#breadcrumb\",\"itemListElement\":[{\"@type\":\"ListItem\",\"position\":1,\"name\":\"Home\",\"item\":\"https:\\\/\\\/conexmetals.com\\\/de\\\/heim\\\/\"},{\"@type\":\"ListItem\",\"position\":2,\"name\":\"Products\",\"item\":\"https:\\\/\\\/conexmetals.com\\\/products\\\/\"},{\"@type\":\"ListItem\",\"position\":3,\"name\":\"Hakenplatten\"}]},{\"@type\":\"WebSite\",\"@id\":\"https:\\\/\\\/conexmetals.com\\\/de\\\/#website\",\"url\":\"https:\\\/\\\/conexmetals.com\\\/de\\\/\",\"name\":\"Conex Metals Brass Fittings Brass Parts Copper Parts Brass Components Brass Plumbing Fittings India\",\"description\":\"Manufacturer of Bronze Fittings casting Copper Brass parts components\",\"publisher\":{\"@id\":\"https:\\\/\\\/conexmetals.com\\\/de\\\/#organization\"},\"potentialAction\":[{\"@type\":\"SearchAction\",\"target\":{\"@type\":\"EntryPoint\",\"urlTemplate\":\"https:\\\/\\\/conexmetals.com\\\/de\\\/?s={search_term_string}\"},\"query-input\":{\"@type\":\"PropertyValueSpecification\",\"valueRequired\":true,\"valueName\":\"search_term_string\"}}],\"inLanguage\":\"de\"},{\"@type\":\"Organization\",\"@id\":\"https:\\\/\\\/conexmetals.com\\\/de\\\/#organization\",\"name\":\"Conex Metals Brass Fittings Brass Parts Copper Parts Brass Components Brass Plumbing Fittings India\",\"url\":\"https:\\\/\\\/conexmetals.com\\\/de\\\/\",\"logo\":{\"@type\":\"ImageObject\",\"inLanguage\":\"de\",\"@id\":\"https:\\\/\\\/conexmetals.com\\\/de\\\/#\\\/schema\\\/logo\\\/image\\\/\",\"url\":\"https:\\\/\\\/conexmetals.com\\\/wp-content\\\/uploads\\\/2024\\\/03\\\/conex-metals-logo.webp\",\"contentUrl\":\"https:\\\/\\\/conexmetals.com\\\/wp-content\\\/uploads\\\/2024\\\/03\\\/conex-metals-logo.webp\",\"width\":300,\"height\":121,\"caption\":\"Conex Metals Brass Fittings Brass Parts Copper Parts Brass Components Brass Plumbing Fittings India\"},\"image\":{\"@id\":\"https:\\\/\\\/conexmetals.com\\\/de\\\/#\\\/schema\\\/logo\\\/image\\\/\"},\"sameAs\":[\"https:\\\/\\\/www.facebook.com\\\/conexbrass\",\"https:\\\/\\\/x.com\\\/conexindia\",\"https:\\\/\\\/www.linkedin.com\\\/company\\\/conex-metals-india\\\/\",\"https:\\\/\\\/www.instagram.com\\\/conexindia\\\/\"]}]}<\/script>\n<!-- \/ Yoast SEO plugin. -->","yoast_head_json":{"title":"Hakenplatten","description":"Entdecken Sie die Hakenplatten von Conex Metals, einschlie\u00dflich Deckenhakenplatten und Edelstahl-Hakenplatten. Unsere dekorativen Wandplattenhaken und industriellen Sicherheitshakenplatten bieten sichere und verstellbare Montagem\u00f6glichkeiten. Vertrauensw\u00fcrdiger Hersteller, Exporteur und Lieferant aus Indien.","robots":{"index":"index","follow":"follow","max-snippet":"max-snippet:-1","max-image-preview":"max-image-preview:large","max-video-preview":"max-video-preview:-1"},"canonical":"https:\/\/conexmetals.com\/de\/produkt\/hakenplatten\/","schema":{"@context":"https:\/\/schema.org","@graph":[{"@type":"WebPage","@id":"https:\/\/conexmetals.com\/de\/produkt\/hakenplatten\/","url":"https:\/\/conexmetals.com\/de\/produkt\/hakenplatten\/","name":"Hakenplatten","isPartOf":{"@id":"https:\/\/conexmetals.com\/de\/#website"},"primaryImageOfPage":{"@id":"https:\/\/conexmetals.com\/de\/produkt\/hakenplatten\/#primaryimage"},"image":{"@id":"https:\/\/conexmetals.com\/de\/produkt\/hakenplatten\/#primaryimage"},"thumbnailUrl":"https:\/\/conexmetals.com\/wp-content\/uploads\/2025\/01\/Hakenplatten.webp","datePublished":"2023-08-18T06:14:53+00:00","dateModified":"2025-01-07T06:46:55+00:00","description":"Entdecken Sie die Hakenplatten von Conex Metals, einschlie\u00dflich Deckenhakenplatten und Edelstahl-Hakenplatten. Unsere dekorativen Wandplattenhaken und industriellen Sicherheitshakenplatten bieten sichere und verstellbare Montagem\u00f6glichkeiten. Vertrauensw\u00fcrdiger Hersteller, Exporteur und Lieferant aus Indien.","breadcrumb":{"@id":"https:\/\/conexmetals.com\/de\/produkt\/hakenplatten\/#breadcrumb"},"inLanguage":"de","potentialAction":[{"@type":"ReadAction","target":["https:\/\/conexmetals.com\/de\/produkt\/hakenplatten\/"]}]},{"@type":"ImageObject","inLanguage":"de","@id":"https:\/\/conexmetals.com\/de\/produkt\/hakenplatten\/#primaryimage","url":"https:\/\/conexmetals.com\/wp-content\/uploads\/2025\/01\/Hakenplatten.webp","contentUrl":"https:\/\/conexmetals.com\/wp-content\/uploads\/2025\/01\/Hakenplatten.webp","width":301,"height":301,"caption":"Hakenplatten"},{"@type":"BreadcrumbList","@id":"https:\/\/conexmetals.com\/de\/produkt\/hakenplatten\/#breadcrumb","itemListElement":[{"@type":"ListItem","position":1,"name":"Home","item":"https:\/\/conexmetals.com\/de\/heim\/"},{"@type":"ListItem","position":2,"name":"Products","item":"https:\/\/conexmetals.com\/products\/"},{"@type":"ListItem","position":3,"name":"Hakenplatten"}]},{"@type":"WebSite","@id":"https:\/\/conexmetals.com\/de\/#website","url":"https:\/\/conexmetals.com\/de\/","name":"Conex Metals Brass Fittings Brass Parts Copper Parts Brass Components Brass Plumbing Fittings India","description":"Manufacturer of Bronze Fittings casting Copper Brass parts components","publisher":{"@id":"https:\/\/conexmetals.com\/de\/#organization"},"potentialAction":[{"@type":"SearchAction","target":{"@type":"EntryPoint","urlTemplate":"https:\/\/conexmetals.com\/de\/?s={search_term_string}"},"query-input":{"@type":"PropertyValueSpecification","valueRequired":true,"valueName":"search_term_string"}}],"inLanguage":"de"},{"@type":"Organization","@id":"https:\/\/conexmetals.com\/de\/#organization","name":"Conex Metals Brass Fittings Brass Parts Copper Parts Brass Components Brass Plumbing Fittings India","url":"https:\/\/conexmetals.com\/de\/","logo":{"@type":"ImageObject","inLanguage":"de","@id":"https:\/\/conexmetals.com\/de\/#\/schema\/logo\/image\/","url":"https:\/\/conexmetals.com\/wp-content\/uploads\/2024\/03\/conex-metals-logo.webp","contentUrl":"https:\/\/conexmetals.com\/wp-content\/uploads\/2024\/03\/conex-metals-logo.webp","width":300,"height":121,"caption":"Conex Metals Brass Fittings Brass Parts Copper Parts Brass Components Brass Plumbing Fittings India"},"image":{"@id":"https:\/\/conexmetals.com\/de\/#\/schema\/logo\/image\/"},"sameAs":["https:\/\/www.facebook.com\/conexbrass","https:\/\/x.com\/conexindia","https:\/\/www.linkedin.com\/company\/conex-metals-india\/","https:\/\/www.instagram.com\/conexindia\/"]}]}},"_links":{"self":[{"href":"https:\/\/conexmetals.com\/de\/wp-json\/wp\/v2\/product\/12790","targetHints":{"allow":["GET"]}}],"collection":[{"href":"https:\/\/conexmetals.com\/de\/wp-json\/wp\/v2\/product"}],"about":[{"href":"https:\/\/conexmetals.com\/de\/wp-json\/wp\/v2\/types\/product"}],"wp:featuredmedia":[{"embeddable":true,"href":"https:\/\/conexmetals.com\/de\/wp-json\/wp\/v2\/media\/12629"}],"wp:attachment":[{"href":"https:\/\/conexmetals.com\/de\/wp-json\/wp\/v2\/media?parent=12790"}],"wp:term":[{"taxonomy":"product_brand","embeddable":true,"href":"https:\/\/conexmetals.com\/de\/wp-json\/wp\/v2\/product_brand?post=12790"},{"taxonomy":"product_cat","embeddable":true,"href":"https:\/\/conexmetals.com\/de\/wp-json\/wp\/v2\/product_cat?post=12790"},{"taxonomy":"product_tag","embeddable":true,"href":"https:\/\/conexmetals.com\/de\/wp-json\/wp\/v2\/product_tag?post=12790"}],"curies":[{"name":"wp","href":"https:\/\/api.w.org\/{rel}","templated":true}]}}