{"id":12795,"date":"2023-08-18T10:49:58","date_gmt":"2023-08-18T05:19:58","guid":{"rendered":"https:\/\/conexmetals.com\/?post_type=product&#038;p=12795"},"modified":"2025-01-07T12:26:02","modified_gmt":"2025-01-07T06:56:02","slug":"inspektions-t-stuecke-und-boegen-mit-abdeckung-und-schraube","status":"publish","type":"product","link":"https:\/\/conexmetals.com\/de\/produkt\/inspektions-t-stuecke-und-boegen-mit-abdeckung-und-schraube\/","title":{"rendered":"Inspektions-T-St\u00fccke und B\u00f6gen mit Abdeckung und Schraube"},"content":{"rendered":"","protected":false},"excerpt":{"rendered":"<p><strong><span>BS Aluminium-Anschlussdose f\u00fcr runde elektrische Klemmen \u2013 Winkelst\u00fcck<\/span><\/strong><\/p>\n<table id=\"tablepress-398\" class=\"tablepress tablepress-id-398\">\n<caption>\u00a0<\/caption>\n<thead>\n<tr class=\"row-1 odd\">\n<th class=\"column-1\" colspan=\"2\"><strong><span>Technisches Datenblatt<\/span><\/strong><\/th>\n<\/tr>\n<\/thead>\n<tbody class=\"row-hover\">\n<tr class=\"row-2 even\">\n<td class=\"column-1\"><strong><span>Material<\/span><\/strong><\/td>\n<td class=\"column-2\"><span>Temperguss, Aluminium<\/span><\/td>\n<\/tr>\n<tr class=\"row-3 odd\">\n<td class=\"column-1\"><strong><span>Standardkonformit\u00e4t<\/span><\/strong><\/td>\n<td class=\"column-2\"><span>BS4568\/BS31<\/span><\/td>\n<\/tr>\n<tr class=\"row-4 even\">\n<td class=\"column-1\"><strong><span>Verf\u00fcgbare Gr\u00f6\u00dfen<\/span><\/strong><\/td>\n<td class=\"column-2\"><span>20 mm, 25 mm, 3\/4\u201d, 1\u201d<\/span><\/td>\n<\/tr>\n<\/tbody>\n<\/table>\n<table id=\"tablepress-399\" class=\"tablepress tablepress-id-399\">\n<caption>\u00a0<\/caption>\n<thead>\n<tr class=\"row-1 odd\">\n<th class=\"column-1\" colspan=\"2\"><strong><span>Technische Daten<\/span><\/strong><\/th>\n<\/tr>\n<\/thead>\n<tbody class=\"row-hover\">\n<tr class=\"row-2 even\">\n<td class=\"column-1\"><strong><span>Innendurchmesser<\/span><\/strong><\/td>\n<td class=\"column-2\"><span>60,3 mm<\/span><\/td>\n<\/tr>\n<tr class=\"row-3 odd\">\n<td class=\"column-1\"><strong><span>Tiefe<\/span><\/strong><\/td>\n<td class=\"column-2\"><span>25,4 mm<\/span><\/td>\n<\/tr>\n<tr class=\"row-4 even\">\n<td class=\"column-1\"><strong><span>Gewindeschneiden<\/span><\/strong><\/td>\n<td class=\"column-2\"><span>M4 f\u00fcr metrische Gr\u00f6\u00dfen und 2BA f\u00fcr imperiale Gr\u00f6\u00dfen<\/span><\/td>\n<\/tr>\n<tr class=\"row-5 odd\">\n<td class=\"column-1\"><strong><span>Erdungsschraubenloch<\/span><\/strong><\/td>\n<td class=\"column-2\"><span>50,3 mm mit Gewindesockel<\/span><\/td>\n<\/tr>\n<\/tbody>\n<\/table>\n<p><strong><span>Hauptmerkmale und Vorteile:<\/span><\/strong><\/p>\n<ul>\n<li><strong><span>Wirtschaftliches Aluminiummaterial:<\/span><\/strong><span>\u00a0Leicht und kosteng\u00fcnstig.<\/span><\/li>\n<li><strong><span>BS-Gewindekompatibilit\u00e4t:<\/span><\/strong><span>\u00a0Erh\u00e4ltlich mit BS-Gewinde f\u00fcr nahtlose Installation.<\/span><\/li>\n<li><strong><span>Standardgr\u00f6\u00dfenoptionen:<\/span><\/strong><span>\u00a0Lieferung in den Gr\u00f6\u00dfen 3\/4 Zoll und 1 Zoll f\u00fcr vielseitige Anwendungen.<\/span><\/li>\n<li><strong><span>Kompakte Abmessungen:<\/span><\/strong>\n<ul>\n<li><span>3\/4\u2033 Kastenh\u00f6he: 25 mm<\/span><\/li>\n<li><span>1\u2033 Kastenh\u00f6he: 30mm<\/span><\/li>\n<\/ul>\n<\/li>\n<li><strong><span>Verbessertes Design:<\/span><\/strong><span>\u00a0In Haltbarkeit und Funktionalit\u00e4t den verformbaren runden Boxen \u00fcberlegen.<\/span><\/li>\n<li><strong><span>Zugl\u00f6cher:<\/span><\/strong><span>\u00a0Schalterk\u00e4sten verf\u00fcgen \u00fcber ein einzelnes Zugloch f\u00fcr einfachen Zugang zur Verkabelung.<\/span><\/li>\n<li><strong><span>Weitere verf\u00fcgbare Gr\u00f6\u00dfen:<\/span><\/strong><span>\u00a020\u00a0mm und 25\u00a0mm.<\/span><\/li>\n<\/ul>\n<p><span>\u201eInspektions-T-St\u00fccke\u201c und \u201eKniest\u00fccke mit Deckel und Schraube\u201c sind Begriffe, die man normalerweise mit elektrischen Leitungsverbindungen in Verbindung bringt. Lassen Sie uns beide kurz erkl\u00e4ren:<\/span><\/p>\n<ol>\n<li><span>Inspektions-T-St\u00fccke: Ein Inspektions-T-St\u00fcck ist eine Art Rohrverschraubung, die als praktischer Zugangspunkt in einem Rohrverlauf f\u00fcr Inspektion, Wartung oder das Verlegen von Kabeln dient. Es hat ein T-f\u00f6rmiges Design mit einer abnehmbaren Abdeckung an der Oberseite oder Seite, die einen einfachen Zugang zum Rohr erm\u00f6glicht. Diese T-St\u00fccke sind besonders n\u00fctzlich in Situationen, in denen es notwendig sein k\u00f6nnte, die Verkabelung zu inspizieren oder Fehler zu beheben, ohne das gesamte Rohrsystem zu demontieren.<\/span><\/li>\n<li><span>Winkelst\u00fccke mit Abdeckung und Schraube: Winkelst\u00fccke sind Rohrverbindungen, die Richtungs\u00e4nderungen im Rohrverlauf erm\u00f6glichen, normalerweise 90 Grad oder 45 Grad. \u201eWinkelst\u00fccke mit Abdeckung und Schraube\u201c bezieht sich normalerweise auf einen bestimmten Typ von Winkelst\u00fcck, das mit einer Abdeckplatte und einer Schraube geliefert wird, um die Abdeckung an Ort und Stelle zu halten. Die Abdeckplatte dient zum Schutz der internen Verkabelung und der Anschl\u00fcsse im Winkelst\u00fcck. Sie verhindert auch, dass Staub, Schmutz und Feuchtigkeit an der Winkelverbindung in das Rohr eindringen.<\/span><\/li>\n<\/ol>\n<p><span>Beide Arten von Armaturen werden h\u00e4ufig in elektrischen Anlagen verwendet, um eine ordnungsgem\u00e4\u00dfe Kabelf\u00fchrung, Schutz und einfachen Zugang f\u00fcr Wartungs- und Inspektionszwecke sicherzustellen.<\/span><\/p>\n","protected":false},"featured_media":12777,"template":"","meta":[],"product_brand":[],"product_cat":[384],"product_tag":[],"class_list":{"0":"post-12795","1":"product","2":"type-product","3":"status-publish","4":"has-post-thumbnail","6":"product_cat-verzinkte-gi-stahlrohrfittings","8":"first","9":"instock","10":"shipping-taxable","11":"product-type-simple"},"yoast_head":"<!-- This site is optimized with the Yoast SEO plugin v27.3 - https:\/\/yoast.com\/product\/yoast-seo-wordpress\/ -->\n<title>Inspektions-T-St\u00fccke und B\u00f6gen mit Abdeckung und Schraube<\/title>\n<meta name=\"description\" content=\"Conex Metals ist spezialisiert auf Inspektions-T-St\u00fccke und B\u00f6gen mit Abdeckung und Schraube, einschlie\u00dflich Inspektions-T-St\u00fccke f\u00fcr elektrische Leitungen und Rohrbogenfittings mit Abdeckung. Unsere verzinkten Stahlbogenabdeckungen und schraubbaren Rohrbogen-Zugangsabdeckungen bieten zuverl\u00e4ssige L\u00f6sungen f\u00fcr Inspektionen und Wartung. F\u00fchrender Hersteller, Exporteur und Lieferant aus Indien.\" \/>\n<meta name=\"robots\" content=\"index, follow, max-snippet:-1, max-image-preview:large, max-video-preview:-1\" \/>\n<link rel=\"canonical\" href=\"https:\/\/conexmetals.com\/de\/produkt\/inspektions-t-stuecke-und-boegen-mit-abdeckung-und-schraube\/\" \/>\n<script type=\"application\/ld+json\" class=\"yoast-schema-graph\">{\"@context\":\"https:\\\/\\\/schema.org\",\"@graph\":[{\"@type\":\"WebPage\",\"@id\":\"https:\\\/\\\/conexmetals.com\\\/de\\\/produkt\\\/inspektions-t-stuecke-und-boegen-mit-abdeckung-und-schraube\\\/\",\"url\":\"https:\\\/\\\/conexmetals.com\\\/de\\\/produkt\\\/inspektions-t-stuecke-und-boegen-mit-abdeckung-und-schraube\\\/\",\"name\":\"Inspektions-T-St\u00fccke und B\u00f6gen mit Abdeckung und Schraube\",\"isPartOf\":{\"@id\":\"https:\\\/\\\/conexmetals.com\\\/de\\\/#website\"},\"primaryImageOfPage\":{\"@id\":\"https:\\\/\\\/conexmetals.com\\\/de\\\/produkt\\\/inspektions-t-stuecke-und-boegen-mit-abdeckung-und-schraube\\\/#primaryimage\"},\"image\":{\"@id\":\"https:\\\/\\\/conexmetals.com\\\/de\\\/produkt\\\/inspektions-t-stuecke-und-boegen-mit-abdeckung-und-schraube\\\/#primaryimage\"},\"thumbnailUrl\":\"https:\\\/\\\/conexmetals.com\\\/wp-content\\\/uploads\\\/2025\\\/01\\\/Inspektions-T-Stucke-und-Bogen-mit-Abdeckung-und-Schraube.webp\",\"datePublished\":\"2023-08-18T05:19:58+00:00\",\"dateModified\":\"2025-01-07T06:56:02+00:00\",\"description\":\"Conex Metals ist spezialisiert auf Inspektions-T-St\u00fccke und B\u00f6gen mit Abdeckung und Schraube, einschlie\u00dflich Inspektions-T-St\u00fccke f\u00fcr elektrische Leitungen und Rohrbogenfittings mit Abdeckung. Unsere verzinkten Stahlbogenabdeckungen und schraubbaren Rohrbogen-Zugangsabdeckungen bieten zuverl\u00e4ssige L\u00f6sungen f\u00fcr Inspektionen und Wartung. F\u00fchrender Hersteller, Exporteur und Lieferant aus Indien.\",\"breadcrumb\":{\"@id\":\"https:\\\/\\\/conexmetals.com\\\/de\\\/produkt\\\/inspektions-t-stuecke-und-boegen-mit-abdeckung-und-schraube\\\/#breadcrumb\"},\"inLanguage\":\"de\",\"potentialAction\":[{\"@type\":\"ReadAction\",\"target\":[\"https:\\\/\\\/conexmetals.com\\\/de\\\/produkt\\\/inspektions-t-stuecke-und-boegen-mit-abdeckung-und-schraube\\\/\"]}]},{\"@type\":\"ImageObject\",\"inLanguage\":\"de\",\"@id\":\"https:\\\/\\\/conexmetals.com\\\/de\\\/produkt\\\/inspektions-t-stuecke-und-boegen-mit-abdeckung-und-schraube\\\/#primaryimage\",\"url\":\"https:\\\/\\\/conexmetals.com\\\/wp-content\\\/uploads\\\/2025\\\/01\\\/Inspektions-T-Stucke-und-Bogen-mit-Abdeckung-und-Schraube.webp\",\"contentUrl\":\"https:\\\/\\\/conexmetals.com\\\/wp-content\\\/uploads\\\/2025\\\/01\\\/Inspektions-T-Stucke-und-Bogen-mit-Abdeckung-und-Schraube.webp\",\"width\":300,\"height\":300,\"caption\":\"Inspektions-T-St\u00fccke und B\u00f6gen mit Abdeckung und Schraube\"},{\"@type\":\"BreadcrumbList\",\"@id\":\"https:\\\/\\\/conexmetals.com\\\/de\\\/produkt\\\/inspektions-t-stuecke-und-boegen-mit-abdeckung-und-schraube\\\/#breadcrumb\",\"itemListElement\":[{\"@type\":\"ListItem\",\"position\":1,\"name\":\"Home\",\"item\":\"https:\\\/\\\/conexmetals.com\\\/de\\\/heim\\\/\"},{\"@type\":\"ListItem\",\"position\":2,\"name\":\"Products\",\"item\":\"https:\\\/\\\/conexmetals.com\\\/products\\\/\"},{\"@type\":\"ListItem\",\"position\":3,\"name\":\"Inspektions-T-St\u00fccke und B\u00f6gen mit Abdeckung und Schraube\"}]},{\"@type\":\"WebSite\",\"@id\":\"https:\\\/\\\/conexmetals.com\\\/de\\\/#website\",\"url\":\"https:\\\/\\\/conexmetals.com\\\/de\\\/\",\"name\":\"Conex Metals Brass Fittings Brass Parts Copper Parts Brass Components Brass Plumbing Fittings India\",\"description\":\"Manufacturer of Bronze Fittings casting Copper Brass parts components\",\"publisher\":{\"@id\":\"https:\\\/\\\/conexmetals.com\\\/de\\\/#organization\"},\"potentialAction\":[{\"@type\":\"SearchAction\",\"target\":{\"@type\":\"EntryPoint\",\"urlTemplate\":\"https:\\\/\\\/conexmetals.com\\\/de\\\/?s={search_term_string}\"},\"query-input\":{\"@type\":\"PropertyValueSpecification\",\"valueRequired\":true,\"valueName\":\"search_term_string\"}}],\"inLanguage\":\"de\"},{\"@type\":\"Organization\",\"@id\":\"https:\\\/\\\/conexmetals.com\\\/de\\\/#organization\",\"name\":\"Conex Metals Brass Fittings Brass Parts Copper Parts Brass Components Brass Plumbing Fittings India\",\"url\":\"https:\\\/\\\/conexmetals.com\\\/de\\\/\",\"logo\":{\"@type\":\"ImageObject\",\"inLanguage\":\"de\",\"@id\":\"https:\\\/\\\/conexmetals.com\\\/de\\\/#\\\/schema\\\/logo\\\/image\\\/\",\"url\":\"https:\\\/\\\/conexmetals.com\\\/wp-content\\\/uploads\\\/2024\\\/03\\\/conex-metals-logo.webp\",\"contentUrl\":\"https:\\\/\\\/conexmetals.com\\\/wp-content\\\/uploads\\\/2024\\\/03\\\/conex-metals-logo.webp\",\"width\":300,\"height\":121,\"caption\":\"Conex Metals Brass Fittings Brass Parts Copper Parts Brass Components Brass Plumbing Fittings India\"},\"image\":{\"@id\":\"https:\\\/\\\/conexmetals.com\\\/de\\\/#\\\/schema\\\/logo\\\/image\\\/\"},\"sameAs\":[\"https:\\\/\\\/www.facebook.com\\\/conexbrass\",\"https:\\\/\\\/x.com\\\/conexindia\",\"https:\\\/\\\/www.linkedin.com\\\/company\\\/conex-metals-india\\\/\",\"https:\\\/\\\/www.instagram.com\\\/conexindia\\\/\"]}]}<\/script>\n<!-- \/ Yoast SEO plugin. -->","yoast_head_json":{"title":"Inspektions-T-St\u00fccke und B\u00f6gen mit Abdeckung und Schraube","description":"Conex Metals ist spezialisiert auf Inspektions-T-St\u00fccke und B\u00f6gen mit Abdeckung und Schraube, einschlie\u00dflich Inspektions-T-St\u00fccke f\u00fcr elektrische Leitungen und Rohrbogenfittings mit Abdeckung. Unsere verzinkten Stahlbogenabdeckungen und schraubbaren Rohrbogen-Zugangsabdeckungen bieten zuverl\u00e4ssige L\u00f6sungen f\u00fcr Inspektionen und Wartung. F\u00fchrender Hersteller, Exporteur und Lieferant aus Indien.","robots":{"index":"index","follow":"follow","max-snippet":"max-snippet:-1","max-image-preview":"max-image-preview:large","max-video-preview":"max-video-preview:-1"},"canonical":"https:\/\/conexmetals.com\/de\/produkt\/inspektions-t-stuecke-und-boegen-mit-abdeckung-und-schraube\/","schema":{"@context":"https:\/\/schema.org","@graph":[{"@type":"WebPage","@id":"https:\/\/conexmetals.com\/de\/produkt\/inspektions-t-stuecke-und-boegen-mit-abdeckung-und-schraube\/","url":"https:\/\/conexmetals.com\/de\/produkt\/inspektions-t-stuecke-und-boegen-mit-abdeckung-und-schraube\/","name":"Inspektions-T-St\u00fccke und B\u00f6gen mit Abdeckung und Schraube","isPartOf":{"@id":"https:\/\/conexmetals.com\/de\/#website"},"primaryImageOfPage":{"@id":"https:\/\/conexmetals.com\/de\/produkt\/inspektions-t-stuecke-und-boegen-mit-abdeckung-und-schraube\/#primaryimage"},"image":{"@id":"https:\/\/conexmetals.com\/de\/produkt\/inspektions-t-stuecke-und-boegen-mit-abdeckung-und-schraube\/#primaryimage"},"thumbnailUrl":"https:\/\/conexmetals.com\/wp-content\/uploads\/2025\/01\/Inspektions-T-Stucke-und-Bogen-mit-Abdeckung-und-Schraube.webp","datePublished":"2023-08-18T05:19:58+00:00","dateModified":"2025-01-07T06:56:02+00:00","description":"Conex Metals ist spezialisiert auf Inspektions-T-St\u00fccke und B\u00f6gen mit Abdeckung und Schraube, einschlie\u00dflich Inspektions-T-St\u00fccke f\u00fcr elektrische Leitungen und Rohrbogenfittings mit Abdeckung. Unsere verzinkten Stahlbogenabdeckungen und schraubbaren Rohrbogen-Zugangsabdeckungen bieten zuverl\u00e4ssige L\u00f6sungen f\u00fcr Inspektionen und Wartung. F\u00fchrender Hersteller, Exporteur und Lieferant aus Indien.","breadcrumb":{"@id":"https:\/\/conexmetals.com\/de\/produkt\/inspektions-t-stuecke-und-boegen-mit-abdeckung-und-schraube\/#breadcrumb"},"inLanguage":"de","potentialAction":[{"@type":"ReadAction","target":["https:\/\/conexmetals.com\/de\/produkt\/inspektions-t-stuecke-und-boegen-mit-abdeckung-und-schraube\/"]}]},{"@type":"ImageObject","inLanguage":"de","@id":"https:\/\/conexmetals.com\/de\/produkt\/inspektions-t-stuecke-und-boegen-mit-abdeckung-und-schraube\/#primaryimage","url":"https:\/\/conexmetals.com\/wp-content\/uploads\/2025\/01\/Inspektions-T-Stucke-und-Bogen-mit-Abdeckung-und-Schraube.webp","contentUrl":"https:\/\/conexmetals.com\/wp-content\/uploads\/2025\/01\/Inspektions-T-Stucke-und-Bogen-mit-Abdeckung-und-Schraube.webp","width":300,"height":300,"caption":"Inspektions-T-St\u00fccke und B\u00f6gen mit Abdeckung und Schraube"},{"@type":"BreadcrumbList","@id":"https:\/\/conexmetals.com\/de\/produkt\/inspektions-t-stuecke-und-boegen-mit-abdeckung-und-schraube\/#breadcrumb","itemListElement":[{"@type":"ListItem","position":1,"name":"Home","item":"https:\/\/conexmetals.com\/de\/heim\/"},{"@type":"ListItem","position":2,"name":"Products","item":"https:\/\/conexmetals.com\/products\/"},{"@type":"ListItem","position":3,"name":"Inspektions-T-St\u00fccke und B\u00f6gen mit Abdeckung und Schraube"}]},{"@type":"WebSite","@id":"https:\/\/conexmetals.com\/de\/#website","url":"https:\/\/conexmetals.com\/de\/","name":"Conex Metals Brass Fittings Brass Parts Copper Parts Brass Components Brass Plumbing Fittings India","description":"Manufacturer of Bronze Fittings casting Copper Brass parts components","publisher":{"@id":"https:\/\/conexmetals.com\/de\/#organization"},"potentialAction":[{"@type":"SearchAction","target":{"@type":"EntryPoint","urlTemplate":"https:\/\/conexmetals.com\/de\/?s={search_term_string}"},"query-input":{"@type":"PropertyValueSpecification","valueRequired":true,"valueName":"search_term_string"}}],"inLanguage":"de"},{"@type":"Organization","@id":"https:\/\/conexmetals.com\/de\/#organization","name":"Conex Metals Brass Fittings Brass Parts Copper Parts Brass Components Brass Plumbing Fittings India","url":"https:\/\/conexmetals.com\/de\/","logo":{"@type":"ImageObject","inLanguage":"de","@id":"https:\/\/conexmetals.com\/de\/#\/schema\/logo\/image\/","url":"https:\/\/conexmetals.com\/wp-content\/uploads\/2024\/03\/conex-metals-logo.webp","contentUrl":"https:\/\/conexmetals.com\/wp-content\/uploads\/2024\/03\/conex-metals-logo.webp","width":300,"height":121,"caption":"Conex Metals Brass Fittings Brass Parts Copper Parts Brass Components Brass Plumbing Fittings India"},"image":{"@id":"https:\/\/conexmetals.com\/de\/#\/schema\/logo\/image\/"},"sameAs":["https:\/\/www.facebook.com\/conexbrass","https:\/\/x.com\/conexindia","https:\/\/www.linkedin.com\/company\/conex-metals-india\/","https:\/\/www.instagram.com\/conexindia\/"]}]}},"_links":{"self":[{"href":"https:\/\/conexmetals.com\/de\/wp-json\/wp\/v2\/product\/12795","targetHints":{"allow":["GET"]}}],"collection":[{"href":"https:\/\/conexmetals.com\/de\/wp-json\/wp\/v2\/product"}],"about":[{"href":"https:\/\/conexmetals.com\/de\/wp-json\/wp\/v2\/types\/product"}],"wp:featuredmedia":[{"embeddable":true,"href":"https:\/\/conexmetals.com\/de\/wp-json\/wp\/v2\/media\/12777"}],"wp:attachment":[{"href":"https:\/\/conexmetals.com\/de\/wp-json\/wp\/v2\/media?parent=12795"}],"wp:term":[{"taxonomy":"product_brand","embeddable":true,"href":"https:\/\/conexmetals.com\/de\/wp-json\/wp\/v2\/product_brand?post=12795"},{"taxonomy":"product_cat","embeddable":true,"href":"https:\/\/conexmetals.com\/de\/wp-json\/wp\/v2\/product_cat?post=12795"},{"taxonomy":"product_tag","embeddable":true,"href":"https:\/\/conexmetals.com\/de\/wp-json\/wp\/v2\/product_tag?post=12795"}],"curies":[{"name":"wp","href":"https:\/\/api.w.org\/{rel}","templated":true}]}}